{"id":29135,"date":"2023-09-16T17:26:47","date_gmt":"2023-09-16T15:26:47","guid":{"rendered":"https:\/\/dutchmicrodosing.com\/?post_type=product&#038;p=29135"},"modified":"2025-09-01T08:13:03","modified_gmt":"2025-09-01T06:13:03","slug":"daily-focus-gummies-sugar-freevegan","status":"publish","type":"product","link":"https:\/\/dutchmicrodosing.com\/fr\/boutique-de-sante\/vitamines-et-supplements\/daily-focus-gummies-sugar-freevegan\/","title":{"rendered":"Daily Focus Gummies (sans sucre et v\u00e9g\u00e9talien)"},"content":{"rendered":"<p>Les <strong>Daily Focus Gummies<\/strong> sont sp\u00e9cialement con\u00e7us pour les personnes qui ont du mal \u00e0 se concentrer ou qui ressentent r\u00e9guli\u00e8rement des sympt\u00f4mes de fatigue. Les gommes sont enti\u00e8rement v\u00e9g\u00e9taliennes, ne contiennent pas de sucre et ont un d\u00e9licieux go\u00fbt de fraise. Ils sont formul\u00e9s avec un puissant complexe de vitamines B, qui contribue \u00e0 am\u00e9liorer la concentration et \u00e0 lutter contre les sympt\u00f4mes de fatigue. De plus, ils constituent un excellent choix pour les personnes engag\u00e9es dans un mode de vie sain et qui recherchent des compl\u00e9ments en accord avec leurs valeurs et leurs besoins.<\/p>\n<h3>Valeur \u00e9nerg\u00e9tique pour 100 grammes<\/h3>\n<ul>\n<li>\u00c9nergie 780 kJ<\/li>\n<li>\u00c9nergie 187 kcal<\/li>\n<li>Glucides 77<\/li>\n<li>dont sucres 0,00<\/li>\n<li>Prot\u00e9ines 0.0<\/li>\n<li>Mati\u00e8res grasses &lt;0,50<\/li>\n<li>Graisses satur\u00e9es 0,00<\/li>\n<li>Fibres 1.00<\/li>\n<li>Sodium 0,02<\/li>\n<li>vitamine B5 5 mg par gomme<\/li>\n<li>vitamine B9 200 \u03bcg par gomme<\/li>\n<li>vitamine B12 25 \u03bcg par gomme<\/li>\n<\/ul>\n<h3>Utilisation sugg\u00e9r\u00e9e<\/h3>\n<p>Ne prenez pas plus de 1 ou 2 gommes par jour.<\/p>\n<h3>Contenu<\/h3>\n<p>Gummies Daily Focus \u00e0 la fraise &#8211; 180g (+\/-60 gummies).<\/p>\n<h3>Avertissement<\/h3>\n<p>Ne pas d\u00e9passer la dose recommand\u00e9e au cours de la journ\u00e9e. Tenir hors de port\u00e9e des enfants.<\/p>\n<h3>Ingr\u00e9dients<\/h3>\n<p>\u00c9dulcorants (sirop de maltitol, maltitol), g\u00e9lifiants (pectine), concentr\u00e9 (de radis et de carotte), r\u00e9gulateur d&rsquo;acidit\u00e9 (acide citrique, citrate de sodium), huile de coco MCT, ar\u00f4me naturel, agent d&rsquo;enrobage (carnau bawas), cyanocobalamine (vitamine B12), D-panthoth\u00e9nate de calcium (acide pantoth\u00e9nique), acide pt\u00e9roylmonoglutamique (acide folique).<\/p>\n","protected":false},"excerpt":{"rendered":"<p>Les Daily Focus Gummies sont sp\u00e9cialement con\u00e7us pour les personnes qui ont du mal \u00e0 se concentrer ou qui ressentent r\u00e9guli\u00e8rement des sympt\u00f4mes de fatigue. Les gommes sont enti\u00e8rement v\u00e9g\u00e9taliennes, ne contiennent pas de sucre et ont un d\u00e9licieux go\u00fbt de fraise. Ils sont formul\u00e9s avec un puissant complexe de vitamines B, qui contribue \u00e0 [&hellip;]<\/p>\n","protected":false},"featured_media":29142,"comment_status":"closed","ping_status":"closed","template":"","meta":[],"product_brand":[],"product_cat":[290,321,131],"product_tag":[],"class_list":{"0":"post-29135","1":"product","2":"type-product","3":"status-publish","4":"has-post-thumbnail","6":"product_cat-supplements-energetiques","7":"product_cat-supplements-pour-la-concentration","8":"product_cat-vitamines-et-supplements","10":"first","11":"instock","12":"taxable","13":"shipping-taxable","14":"purchasable","15":"product-type-simple"},"yoast_head":"<!-- This site is optimized with the Yoast SEO Premium plugin v26.4 (Yoast SEO v27.2) - https:\/\/yoast.com\/product\/yoast-seo-premium-wordpress\/ -->\n<title>Daily Focus Gummies (sans sucre et v\u00e9g\u00e9talien) - Dutchmicrodosing<\/title>\n<meta name=\"description\" content=\"Les gommes Daily Focus sont sp\u00e9cialement con\u00e7ues pour les personnes qui ont du mal \u00e0 rester concentr\u00e9es ou qui pr\u00e9sentent r\u00e9guli\u00e8rement des sympt\u00f4mes de fatigue,\" \/>\n<meta name=\"robots\" content=\"index, follow, max-snippet:-1, max-image-preview:large, max-video-preview:-1\" \/>\n<link rel=\"canonical\" href=\"https:\/\/dutchmicrodosing.com\/fr\/boutique-de-sante\/vitamines-et-supplements\/daily-focus-gummies-sugar-freevegan\/\" \/>\n<meta property=\"og:locale\" content=\"fr_FR\" \/>\n<meta property=\"og:type\" content=\"article\" \/>\n<meta property=\"og:title\" content=\"Daily Focus Gummies (sans sucre et v\u00e9g\u00e9talien)\" \/>\n<meta property=\"og:description\" content=\"Les Daily Focus Gummies sont sp\u00e9cialement con\u00e7us pour les personnes qui ont du mal \u00e0 se concentrer ou qui ressentent r\u00e9guli\u00e8rement des sympt\u00f4mes de\" \/>\n<meta property=\"og:url\" content=\"https:\/\/dutchmicrodosing.com\/fr\/boutique-de-sante\/vitamines-et-supplements\/daily-focus-gummies-sugar-freevegan\/\" \/>\n<meta property=\"og:site_name\" content=\"Dutchmicrodosing\" \/>\n<meta property=\"article:publisher\" content=\"https:\/\/www.facebook.com\/Dutchmicrodosingxp\/\" \/>\n<meta property=\"article:modified_time\" content=\"2025-09-01T06:13:03+00:00\" \/>\n<meta property=\"og:image\" content=\"https:\/\/dutchmicrodosing.com\/wp-content\/uploads\/2023\/09\/preview.jpg\" \/>\n\t<meta property=\"og:image:width\" content=\"1000\" \/>\n\t<meta property=\"og:image:height\" content=\"1000\" \/>\n\t<meta property=\"og:image:type\" content=\"image\/jpeg\" \/>\n<meta name=\"twitter:card\" content=\"summary_large_image\" \/>\n<script type=\"application\/ld+json\" class=\"yoast-schema-graph\">{\"@context\":\"https:\/\/schema.org\",\"@graph\":[{\"@type\":\"WebPage\",\"@id\":\"https:\/\/dutchmicrodosing.com\/fr\/boutique-de-sante\/vitamines-et-supplements\/daily-focus-gummies-sugar-freevegan\/\",\"url\":\"https:\/\/dutchmicrodosing.com\/fr\/boutique-de-sante\/vitamines-et-supplements\/daily-focus-gummies-sugar-freevegan\/\",\"name\":\"Daily Focus Gummies (sans sucre et v\u00e9g\u00e9talien) - Dutchmicrodosing\",\"isPartOf\":{\"@id\":\"https:\/\/dutchmicrodosing.com\/fr\/#website\"},\"primaryImageOfPage\":{\"@id\":\"https:\/\/dutchmicrodosing.com\/fr\/boutique-de-sante\/vitamines-et-supplements\/daily-focus-gummies-sugar-freevegan\/#primaryimage\"},\"image\":{\"@id\":\"https:\/\/dutchmicrodosing.com\/fr\/boutique-de-sante\/vitamines-et-supplements\/daily-focus-gummies-sugar-freevegan\/#primaryimage\"},\"thumbnailUrl\":\"https:\/\/dutchmicrodosing.com\/wp-content\/uploads\/2023\/09\/preview.jpg\",\"datePublished\":\"2023-09-16T15:26:47+00:00\",\"dateModified\":\"2025-09-01T06:13:03+00:00\",\"description\":\"Les gommes Daily Focus sont sp\u00e9cialement con\u00e7ues pour les personnes qui ont du mal \u00e0 rester concentr\u00e9es ou qui pr\u00e9sentent r\u00e9guli\u00e8rement des sympt\u00f4mes de fatigue,\",\"breadcrumb\":{\"@id\":\"https:\/\/dutchmicrodosing.com\/fr\/boutique-de-sante\/vitamines-et-supplements\/daily-focus-gummies-sugar-freevegan\/#breadcrumb\"},\"inLanguage\":\"fr-FR\",\"potentialAction\":[{\"@type\":\"ReadAction\",\"target\":[\"https:\/\/dutchmicrodosing.com\/fr\/boutique-de-sante\/vitamines-et-supplements\/daily-focus-gummies-sugar-freevegan\/\"]}]},{\"@type\":\"ImageObject\",\"inLanguage\":\"fr-FR\",\"@id\":\"https:\/\/dutchmicrodosing.com\/fr\/boutique-de-sante\/vitamines-et-supplements\/daily-focus-gummies-sugar-freevegan\/#primaryimage\",\"url\":\"https:\/\/dutchmicrodosing.com\/wp-content\/uploads\/2023\/09\/preview.jpg\",\"contentUrl\":\"https:\/\/dutchmicrodosing.com\/wp-content\/uploads\/2023\/09\/preview.jpg\",\"width\":1000,\"height\":1000},{\"@type\":\"BreadcrumbList\",\"@id\":\"https:\/\/dutchmicrodosing.com\/fr\/boutique-de-sante\/vitamines-et-supplements\/daily-focus-gummies-sugar-freevegan\/#breadcrumb\",\"itemListElement\":[{\"@type\":\"ListItem\",\"position\":1,\"name\":\"Home\",\"item\":\"https:\/\/dutchmicrodosing.com\/fr\/\"},{\"@type\":\"ListItem\",\"position\":2,\"name\":\"Boutique\",\"item\":\"https:\/\/dutchmicrodosing.com\/fr\/boutique\/\"},{\"@type\":\"ListItem\",\"position\":3,\"name\":\"Daily Focus Gummies (sans sucre et v\u00e9g\u00e9talien)\"}]},{\"@type\":\"WebSite\",\"@id\":\"https:\/\/dutchmicrodosing.com\/fr\/#website\",\"url\":\"https:\/\/dutchmicrodosing.com\/fr\/\",\"name\":\"Dutchmicrodosing\",\"description\":\"\",\"publisher\":{\"@id\":\"https:\/\/dutchmicrodosing.com\/fr\/#organization\"},\"potentialAction\":[{\"@type\":\"SearchAction\",\"target\":{\"@type\":\"EntryPoint\",\"urlTemplate\":\"https:\/\/dutchmicrodosing.com\/fr\/?s={search_term_string}\"},\"query-input\":{\"@type\":\"PropertyValueSpecification\",\"valueRequired\":true,\"valueName\":\"search_term_string\"}}],\"inLanguage\":\"fr-FR\"},{\"@type\":\"Organization\",\"@id\":\"https:\/\/dutchmicrodosing.com\/fr\/#organization\",\"name\":\"Dutchmicrodosing\",\"url\":\"https:\/\/dutchmicrodosing.com\/fr\/\",\"logo\":{\"@type\":\"ImageObject\",\"inLanguage\":\"fr-FR\",\"@id\":\"https:\/\/dutchmicrodosing.com\/fr\/#\/schema\/logo\/image\/\",\"url\":\"https:\/\/dutchmicrodosing.com\/wp-content\/uploads\/2021\/01\/microdosing-categorie-pic-nieuw.jpg\",\"contentUrl\":\"https:\/\/dutchmicrodosing.com\/wp-content\/uploads\/2021\/01\/microdosing-categorie-pic-nieuw.jpg\",\"width\":500,\"height\":500,\"caption\":\"Dutchmicrodosing\"},\"image\":{\"@id\":\"https:\/\/dutchmicrodosing.com\/fr\/#\/schema\/logo\/image\/\"},\"sameAs\":[\"https:\/\/www.facebook.com\/Dutchmicrodosingxp\/\",\"https:\/\/www.instagram.com\/dutchmicrodosing\/\"]}]}<\/script>\n<meta property=\"product:price:amount\" content=\"17.95\" \/>\n<meta property=\"product:price:currency\" content=\"EUR\" \/>\n<meta property=\"og:availability\" content=\"instock\" \/>\n<meta property=\"product:availability\" content=\"instock\" \/>\n<meta property=\"product:retailer_item_id\" content=\"3209675\" \/>\n<meta property=\"product:condition\" content=\"new\" \/>\n<!-- \/ Yoast SEO Premium plugin. -->","yoast_head_json":{"title":"Daily Focus Gummies (sans sucre et v\u00e9g\u00e9talien) - Dutchmicrodosing","description":"Les gommes Daily Focus sont sp\u00e9cialement con\u00e7ues pour les personnes qui ont du mal \u00e0 rester concentr\u00e9es ou qui pr\u00e9sentent r\u00e9guli\u00e8rement des sympt\u00f4mes de fatigue,","robots":{"index":"index","follow":"follow","max-snippet":"max-snippet:-1","max-image-preview":"max-image-preview:large","max-video-preview":"max-video-preview:-1"},"canonical":"https:\/\/dutchmicrodosing.com\/fr\/boutique-de-sante\/vitamines-et-supplements\/daily-focus-gummies-sugar-freevegan\/","og_locale":"fr_FR","og_type":"article","og_title":"Daily Focus Gummies (sans sucre et v\u00e9g\u00e9talien)","og_description":"Les Daily Focus Gummies sont sp\u00e9cialement con\u00e7us pour les personnes qui ont du mal \u00e0 se concentrer ou qui ressentent r\u00e9guli\u00e8rement des sympt\u00f4mes de","og_url":"https:\/\/dutchmicrodosing.com\/fr\/boutique-de-sante\/vitamines-et-supplements\/daily-focus-gummies-sugar-freevegan\/","og_site_name":"Dutchmicrodosing","article_publisher":"https:\/\/www.facebook.com\/Dutchmicrodosingxp\/","article_modified_time":"2025-09-01T06:13:03+00:00","og_image":[{"width":1000,"height":1000,"url":"https:\/\/dutchmicrodosing.com\/wp-content\/uploads\/2023\/09\/preview.jpg","type":"image\/jpeg"}],"twitter_card":"summary_large_image","schema":{"@context":"https:\/\/schema.org","@graph":[{"@type":"WebPage","@id":"https:\/\/dutchmicrodosing.com\/fr\/boutique-de-sante\/vitamines-et-supplements\/daily-focus-gummies-sugar-freevegan\/","url":"https:\/\/dutchmicrodosing.com\/fr\/boutique-de-sante\/vitamines-et-supplements\/daily-focus-gummies-sugar-freevegan\/","name":"Daily Focus Gummies (sans sucre et v\u00e9g\u00e9talien) - Dutchmicrodosing","isPartOf":{"@id":"https:\/\/dutchmicrodosing.com\/fr\/#website"},"primaryImageOfPage":{"@id":"https:\/\/dutchmicrodosing.com\/fr\/boutique-de-sante\/vitamines-et-supplements\/daily-focus-gummies-sugar-freevegan\/#primaryimage"},"image":{"@id":"https:\/\/dutchmicrodosing.com\/fr\/boutique-de-sante\/vitamines-et-supplements\/daily-focus-gummies-sugar-freevegan\/#primaryimage"},"thumbnailUrl":"https:\/\/dutchmicrodosing.com\/wp-content\/uploads\/2023\/09\/preview.jpg","datePublished":"2023-09-16T15:26:47+00:00","dateModified":"2025-09-01T06:13:03+00:00","description":"Les gommes Daily Focus sont sp\u00e9cialement con\u00e7ues pour les personnes qui ont du mal \u00e0 rester concentr\u00e9es ou qui pr\u00e9sentent r\u00e9guli\u00e8rement des sympt\u00f4mes de fatigue,","breadcrumb":{"@id":"https:\/\/dutchmicrodosing.com\/fr\/boutique-de-sante\/vitamines-et-supplements\/daily-focus-gummies-sugar-freevegan\/#breadcrumb"},"inLanguage":"fr-FR","potentialAction":[{"@type":"ReadAction","target":["https:\/\/dutchmicrodosing.com\/fr\/boutique-de-sante\/vitamines-et-supplements\/daily-focus-gummies-sugar-freevegan\/"]}]},{"@type":"ImageObject","inLanguage":"fr-FR","@id":"https:\/\/dutchmicrodosing.com\/fr\/boutique-de-sante\/vitamines-et-supplements\/daily-focus-gummies-sugar-freevegan\/#primaryimage","url":"https:\/\/dutchmicrodosing.com\/wp-content\/uploads\/2023\/09\/preview.jpg","contentUrl":"https:\/\/dutchmicrodosing.com\/wp-content\/uploads\/2023\/09\/preview.jpg","width":1000,"height":1000},{"@type":"BreadcrumbList","@id":"https:\/\/dutchmicrodosing.com\/fr\/boutique-de-sante\/vitamines-et-supplements\/daily-focus-gummies-sugar-freevegan\/#breadcrumb","itemListElement":[{"@type":"ListItem","position":1,"name":"Home","item":"https:\/\/dutchmicrodosing.com\/fr\/"},{"@type":"ListItem","position":2,"name":"Boutique","item":"https:\/\/dutchmicrodosing.com\/fr\/boutique\/"},{"@type":"ListItem","position":3,"name":"Daily Focus Gummies (sans sucre et v\u00e9g\u00e9talien)"}]},{"@type":"WebSite","@id":"https:\/\/dutchmicrodosing.com\/fr\/#website","url":"https:\/\/dutchmicrodosing.com\/fr\/","name":"Dutchmicrodosing","description":"","publisher":{"@id":"https:\/\/dutchmicrodosing.com\/fr\/#organization"},"potentialAction":[{"@type":"SearchAction","target":{"@type":"EntryPoint","urlTemplate":"https:\/\/dutchmicrodosing.com\/fr\/?s={search_term_string}"},"query-input":{"@type":"PropertyValueSpecification","valueRequired":true,"valueName":"search_term_string"}}],"inLanguage":"fr-FR"},{"@type":"Organization","@id":"https:\/\/dutchmicrodosing.com\/fr\/#organization","name":"Dutchmicrodosing","url":"https:\/\/dutchmicrodosing.com\/fr\/","logo":{"@type":"ImageObject","inLanguage":"fr-FR","@id":"https:\/\/dutchmicrodosing.com\/fr\/#\/schema\/logo\/image\/","url":"https:\/\/dutchmicrodosing.com\/wp-content\/uploads\/2021\/01\/microdosing-categorie-pic-nieuw.jpg","contentUrl":"https:\/\/dutchmicrodosing.com\/wp-content\/uploads\/2021\/01\/microdosing-categorie-pic-nieuw.jpg","width":500,"height":500,"caption":"Dutchmicrodosing"},"image":{"@id":"https:\/\/dutchmicrodosing.com\/fr\/#\/schema\/logo\/image\/"},"sameAs":["https:\/\/www.facebook.com\/Dutchmicrodosingxp\/","https:\/\/www.instagram.com\/dutchmicrodosing\/"]}]},"product_price_amount":"17.95","product_price_currency":"EUR","og_availability":"instock","product_availability":"instock","product_retailer_item_id":"3209675","product_condition":"new"},"_links":{"self":[{"href":"https:\/\/dutchmicrodosing.com\/fr\/wp-json\/wp\/v2\/product\/29135","targetHints":{"allow":["GET"]}}],"collection":[{"href":"https:\/\/dutchmicrodosing.com\/fr\/wp-json\/wp\/v2\/product"}],"about":[{"href":"https:\/\/dutchmicrodosing.com\/fr\/wp-json\/wp\/v2\/types\/product"}],"replies":[{"embeddable":true,"href":"https:\/\/dutchmicrodosing.com\/fr\/wp-json\/wp\/v2\/comments?post=29135"}],"version-history":[{"count":0,"href":"https:\/\/dutchmicrodosing.com\/fr\/wp-json\/wp\/v2\/product\/29135\/revisions"}],"wp:featuredmedia":[{"embeddable":true,"href":"https:\/\/dutchmicrodosing.com\/fr\/wp-json\/wp\/v2\/media\/29142"}],"wp:attachment":[{"href":"https:\/\/dutchmicrodosing.com\/fr\/wp-json\/wp\/v2\/media?parent=29135"}],"wp:term":[{"taxonomy":"product_brand","embeddable":true,"href":"https:\/\/dutchmicrodosing.com\/fr\/wp-json\/wp\/v2\/product_brand?post=29135"},{"taxonomy":"product_cat","embeddable":true,"href":"https:\/\/dutchmicrodosing.com\/fr\/wp-json\/wp\/v2\/product_cat?post=29135"},{"taxonomy":"product_tag","embeddable":true,"href":"https:\/\/dutchmicrodosing.com\/fr\/wp-json\/wp\/v2\/product_tag?post=29135"}],"curies":[{"name":"wp","href":"https:\/\/api.w.org\/{rel}","templated":true}]}}