{"id":29158,"date":"2023-09-16T18:02:40","date_gmt":"2023-09-16T16:02:40","guid":{"rendered":"https:\/\/dutchmicrodosing.com\/shop\/non%20class\u00e9\/quotidien-immunite-gummiessans-sucrevegan\/"},"modified":"2025-09-09T09:32:40","modified_gmt":"2025-09-09T07:32:40","slug":"quotidien-immunite-gummiessans-sucrevegan","status":"publish","type":"product","link":"https:\/\/dutchmicrodosing.com\/fr\/boutique-de-sante\/supplements-pour-le-systeme-immunitaire\/quotidien-immunite-gummiessans-sucrevegan\/","title":{"rendered":"Daily Immunity Gummies (sans sucre et v\u00e9g\u00e9talien)"},"content":{"rendered":"<p>Vous cherchez un moyen simple et savoureux de renforcer votre syst\u00e8me immunitaire ? Ne cherchez pas plus loin ! Les <strong>gommes<\/strong> Dr Candy Fit&rsquo;s <strong>Daily Immunity Gummies<\/strong> sont exactement ce qu&rsquo;il vous faut. Ils contiennent un m\u00e9lange soigneusement s\u00e9lectionn\u00e9 de vitamine D et de zinc, qui est essentiel pour soutenir le syst\u00e8me immunitaire. Le zinc est connu pour favoriser un syst\u00e8me immunitaire sain. Associ\u00e9 \u00e0 la vitamine D, essentielle \u00e0 la sant\u00e9 des os et au bon fonctionnement du syst\u00e8me immunitaire, ce m\u00e9lange constitue une double protection pour votre bien-\u00eatre. Avec un contenu de 60 gommes pesant environ 3 grammes chacune, vous en avez vraiment pour votre argent. Mais ce qui rend ces gommes vraiment sp\u00e9ciales, c&rsquo;est leur composition saine : elles sont v\u00e9g\u00e9taliennes et ne contiennent pas de sucres suppl\u00e9mentaires, ce qui les rend id\u00e9ales pour tous ceux qui choisissent consciemment de prendre soin de leur sant\u00e9.<\/p>\n<h3>Valeur \u00e9nerg\u00e9tique pour 100 grammes<\/h3>\n<ul>\n<li>\u00c9nergie 780 kJ<\/li>\n<li>\u00c9nergie 187 kcal<\/li>\n<li>Glucides 77<\/li>\n<li>dont sucres 0,00<\/li>\n<li>Prot\u00e9ines 5.3<\/li>\n<li>Graisse &lt;0.00<\/li>\n<li>Graisses satur\u00e9es 0,00<\/li>\n<li>Fibres 1.00<\/li>\n<li>Sodium 0,02<\/li>\n<li>vitamine D 50 \u03bcm par gomme<\/li>\n<li>zinc 2,50 mg par gomme<\/li>\n<\/ul>\n<h3>Utilisation sugg\u00e9r\u00e9e<\/h3>\n<p>Ne prenez pas plus de 1 ou 2 gommes par jour.<\/p>\n<h3>Contenu<\/h3>\n<p>G\u00e9lules quotidiennes d&rsquo;immunit\u00e9 \u00e0 l&rsquo;orange &#8211; 180 g (+\/- 60 g\u00e9lules).<\/p>\n<h3>Avertissement<\/h3>\n<p>Ne pas d\u00e9passer la dose recommand\u00e9e au cours de la journ\u00e9e. Tenir hors de port\u00e9e des enfants.<\/p>\n<h3>Ingr\u00e9dients<\/h3>\n<p>\u00c9dulcorants (sirop de maltitol, maltitol), eau, g\u00e9lifiants (pectine), chol\u00e9calcif\u00e9rol (vitamine D), ar\u00f4me naturel, ganulate de zinc (zinc), concentr\u00e9 (radis et carthame), r\u00e9gulateur d&rsquo;acidit\u00e9 (acide citrique), citrate de sodium, huile de noix de coco MCT, agent d&rsquo;enrobage (carnau bawas).<\/p>\n","protected":false},"excerpt":{"rendered":"<p>Vous cherchez un moyen simple et savoureux de renforcer votre syst\u00e8me immunitaire ? Ne cherchez pas plus loin ! Les gommes Dr Candy Fit&rsquo;s Daily Immunity Gummies sont exactement ce qu&rsquo;il vous faut. Ils contiennent un m\u00e9lange soigneusement s\u00e9lectionn\u00e9 de vitamine D et de zinc, qui est essentiel pour soutenir le syst\u00e8me immunitaire. Le zinc [&hellip;]<\/p>\n","protected":false},"featured_media":29149,"comment_status":"closed","ping_status":"closed","template":"","meta":[],"product_brand":[],"product_cat":[291,131],"product_tag":[],"class_list":{"0":"post-29158","1":"product","2":"type-product","3":"status-publish","4":"has-post-thumbnail","6":"product_cat-supplements-pour-le-systeme-immunitaire","7":"product_cat-vitamines-et-supplements","9":"first","10":"outofstock","11":"taxable","12":"shipping-taxable","13":"purchasable","14":"product-type-simple"},"yoast_head":"<!-- This site is optimized with the Yoast SEO Premium plugin v26.4 (Yoast SEO v27.4) - https:\/\/yoast.com\/product\/yoast-seo-premium-wordpress\/ -->\n<title>Daily Immunity Gummies (sans sucre et v\u00e9g\u00e9talien) - Dutchmicrodosing<\/title>\n<meta name=\"description\" content=\"Vous cherchez un moyen simple et savoureux de renforcer votre syst\u00e8me immunitaire ? Daily Immunity m\u00e9lange soigneusement s\u00e9lectionn\u00e9 de vitamine D et de zinc...\" \/>\n<meta name=\"robots\" content=\"index, follow, max-snippet:-1, max-image-preview:large, max-video-preview:-1\" \/>\n<link rel=\"canonical\" href=\"https:\/\/dutchmicrodosing.com\/fr\/boutique-de-sante\/supplements-pour-le-systeme-immunitaire\/quotidien-immunite-gummiessans-sucrevegan\/\" \/>\n<meta property=\"og:locale\" content=\"fr_FR\" \/>\n<meta property=\"og:type\" content=\"article\" \/>\n<meta property=\"og:title\" content=\"Daily Immunity Gummies (sans sucre et v\u00e9g\u00e9talien)\" \/>\n<meta property=\"og:description\" content=\"Vous cherchez un moyen simple et savoureux de renforcer votre syst\u00e8me immunitaire ? Ne cherchez pas plus loin ! Les gommes Dr Candy Fit&#039;s Daily Immunity\" \/>\n<meta property=\"og:url\" content=\"https:\/\/dutchmicrodosing.com\/fr\/boutique-de-sante\/supplements-pour-le-systeme-immunitaire\/quotidien-immunite-gummiessans-sucrevegan\/\" \/>\n<meta property=\"og:site_name\" content=\"Dutchmicrodosing\" \/>\n<meta property=\"article:publisher\" content=\"https:\/\/www.facebook.com\/Dutchmicrodosingxp\/\" \/>\n<meta property=\"article:modified_time\" content=\"2025-09-09T07:32:40+00:00\" \/>\n<meta property=\"og:image\" content=\"https:\/\/dutchmicrodosing.com\/wp-content\/uploads\/2023\/09\/preview-2.jpg\" \/>\n\t<meta property=\"og:image:width\" content=\"1000\" \/>\n\t<meta property=\"og:image:height\" content=\"1000\" \/>\n\t<meta property=\"og:image:type\" content=\"image\/jpeg\" \/>\n<meta name=\"twitter:card\" content=\"summary_large_image\" \/>\n<script type=\"application\/ld+json\" class=\"yoast-schema-graph\">{\"@context\":\"https:\\\/\\\/schema.org\",\"@graph\":[{\"@type\":\"WebPage\",\"@id\":\"https:\\\/\\\/dutchmicrodosing.com\\\/fr\\\/boutique-de-sante\\\/supplements-pour-le-systeme-immunitaire\\\/quotidien-immunite-gummiessans-sucrevegan\\\/\",\"url\":\"https:\\\/\\\/dutchmicrodosing.com\\\/fr\\\/boutique-de-sante\\\/supplements-pour-le-systeme-immunitaire\\\/quotidien-immunite-gummiessans-sucrevegan\\\/\",\"name\":\"Daily Immunity Gummies (sans sucre et v\u00e9g\u00e9talien) - Dutchmicrodosing\",\"isPartOf\":{\"@id\":\"https:\\\/\\\/dutchmicrodosing.com\\\/fr\\\/#website\"},\"primaryImageOfPage\":{\"@id\":\"https:\\\/\\\/dutchmicrodosing.com\\\/fr\\\/boutique-de-sante\\\/supplements-pour-le-systeme-immunitaire\\\/quotidien-immunite-gummiessans-sucrevegan\\\/#primaryimage\"},\"image\":{\"@id\":\"https:\\\/\\\/dutchmicrodosing.com\\\/fr\\\/boutique-de-sante\\\/supplements-pour-le-systeme-immunitaire\\\/quotidien-immunite-gummiessans-sucrevegan\\\/#primaryimage\"},\"thumbnailUrl\":\"https:\\\/\\\/dutchmicrodosing.com\\\/wp-content\\\/uploads\\\/2023\\\/09\\\/preview-2.jpg\",\"datePublished\":\"2023-09-16T16:02:40+00:00\",\"dateModified\":\"2025-09-09T07:32:40+00:00\",\"description\":\"Vous cherchez un moyen simple et savoureux de renforcer votre syst\u00e8me immunitaire ? Daily Immunity m\u00e9lange soigneusement s\u00e9lectionn\u00e9 de vitamine D et de zinc...\",\"breadcrumb\":{\"@id\":\"https:\\\/\\\/dutchmicrodosing.com\\\/fr\\\/boutique-de-sante\\\/supplements-pour-le-systeme-immunitaire\\\/quotidien-immunite-gummiessans-sucrevegan\\\/#breadcrumb\"},\"inLanguage\":\"fr-FR\",\"potentialAction\":[{\"@type\":\"ReadAction\",\"target\":[\"https:\\\/\\\/dutchmicrodosing.com\\\/fr\\\/boutique-de-sante\\\/supplements-pour-le-systeme-immunitaire\\\/quotidien-immunite-gummiessans-sucrevegan\\\/\"]}]},{\"@type\":\"ImageObject\",\"inLanguage\":\"fr-FR\",\"@id\":\"https:\\\/\\\/dutchmicrodosing.com\\\/fr\\\/boutique-de-sante\\\/supplements-pour-le-systeme-immunitaire\\\/quotidien-immunite-gummiessans-sucrevegan\\\/#primaryimage\",\"url\":\"https:\\\/\\\/dutchmicrodosing.com\\\/wp-content\\\/uploads\\\/2023\\\/09\\\/preview-2.jpg\",\"contentUrl\":\"https:\\\/\\\/dutchmicrodosing.com\\\/wp-content\\\/uploads\\\/2023\\\/09\\\/preview-2.jpg\",\"width\":1000,\"height\":1000},{\"@type\":\"BreadcrumbList\",\"@id\":\"https:\\\/\\\/dutchmicrodosing.com\\\/fr\\\/boutique-de-sante\\\/supplements-pour-le-systeme-immunitaire\\\/quotidien-immunite-gummiessans-sucrevegan\\\/#breadcrumb\",\"itemListElement\":[{\"@type\":\"ListItem\",\"position\":1,\"name\":\"Home\",\"item\":\"https:\\\/\\\/dutchmicrodosing.com\\\/fr\\\/\"},{\"@type\":\"ListItem\",\"position\":2,\"name\":\"Boutique\",\"item\":\"https:\\\/\\\/dutchmicrodosing.com\\\/fr\\\/boutique\\\/\"},{\"@type\":\"ListItem\",\"position\":3,\"name\":\"Daily Immunity Gummies (sans sucre et v\u00e9g\u00e9talien)\"}]},{\"@type\":\"WebSite\",\"@id\":\"https:\\\/\\\/dutchmicrodosing.com\\\/fr\\\/#website\",\"url\":\"https:\\\/\\\/dutchmicrodosing.com\\\/fr\\\/\",\"name\":\"Dutchmicrodosing\",\"description\":\"\",\"publisher\":{\"@id\":\"https:\\\/\\\/dutchmicrodosing.com\\\/fr\\\/#organization\"},\"potentialAction\":[{\"@type\":\"SearchAction\",\"target\":{\"@type\":\"EntryPoint\",\"urlTemplate\":\"https:\\\/\\\/dutchmicrodosing.com\\\/fr\\\/?s={search_term_string}\"},\"query-input\":{\"@type\":\"PropertyValueSpecification\",\"valueRequired\":true,\"valueName\":\"search_term_string\"}}],\"inLanguage\":\"fr-FR\"},{\"@type\":\"Organization\",\"@id\":\"https:\\\/\\\/dutchmicrodosing.com\\\/fr\\\/#organization\",\"name\":\"Dutchmicrodosing\",\"url\":\"https:\\\/\\\/dutchmicrodosing.com\\\/fr\\\/\",\"logo\":{\"@type\":\"ImageObject\",\"inLanguage\":\"fr-FR\",\"@id\":\"https:\\\/\\\/dutchmicrodosing.com\\\/fr\\\/#\\\/schema\\\/logo\\\/image\\\/\",\"url\":\"https:\\\/\\\/dutchmicrodosing.com\\\/wp-content\\\/uploads\\\/2021\\\/01\\\/microdosing-categorie-pic-nieuw.jpg\",\"contentUrl\":\"https:\\\/\\\/dutchmicrodosing.com\\\/wp-content\\\/uploads\\\/2021\\\/01\\\/microdosing-categorie-pic-nieuw.jpg\",\"width\":500,\"height\":500,\"caption\":\"Dutchmicrodosing\"},\"image\":{\"@id\":\"https:\\\/\\\/dutchmicrodosing.com\\\/fr\\\/#\\\/schema\\\/logo\\\/image\\\/\"},\"sameAs\":[\"https:\\\/\\\/www.facebook.com\\\/Dutchmicrodosingxp\\\/\",\"https:\\\/\\\/www.instagram.com\\\/dutchmicrodosing\\\/\"]}]}<\/script>\n<meta property=\"product:price:amount\" content=\"17.95\" \/>\n<meta property=\"product:price:currency\" content=\"EUR\" \/>\n<meta property=\"og:availability\" content=\"out of stock\" \/>\n<meta property=\"product:availability\" content=\"out of stock\" \/>\n<meta property=\"product:retailer_item_id\" content=\"3209482\" \/>\n<meta property=\"product:condition\" content=\"new\" \/>\n<!-- \/ Yoast SEO Premium plugin. -->","yoast_head_json":{"title":"Daily Immunity Gummies (sans sucre et v\u00e9g\u00e9talien) - Dutchmicrodosing","description":"Vous cherchez un moyen simple et savoureux de renforcer votre syst\u00e8me immunitaire ? Daily Immunity m\u00e9lange soigneusement s\u00e9lectionn\u00e9 de vitamine D et de zinc...","robots":{"index":"index","follow":"follow","max-snippet":"max-snippet:-1","max-image-preview":"max-image-preview:large","max-video-preview":"max-video-preview:-1"},"canonical":"https:\/\/dutchmicrodosing.com\/fr\/boutique-de-sante\/supplements-pour-le-systeme-immunitaire\/quotidien-immunite-gummiessans-sucrevegan\/","og_locale":"fr_FR","og_type":"article","og_title":"Daily Immunity Gummies (sans sucre et v\u00e9g\u00e9talien)","og_description":"Vous cherchez un moyen simple et savoureux de renforcer votre syst\u00e8me immunitaire ? Ne cherchez pas plus loin ! Les gommes Dr Candy Fit's Daily Immunity","og_url":"https:\/\/dutchmicrodosing.com\/fr\/boutique-de-sante\/supplements-pour-le-systeme-immunitaire\/quotidien-immunite-gummiessans-sucrevegan\/","og_site_name":"Dutchmicrodosing","article_publisher":"https:\/\/www.facebook.com\/Dutchmicrodosingxp\/","article_modified_time":"2025-09-09T07:32:40+00:00","og_image":[{"width":1000,"height":1000,"url":"https:\/\/dutchmicrodosing.com\/wp-content\/uploads\/2023\/09\/preview-2.jpg","type":"image\/jpeg"}],"twitter_card":"summary_large_image","schema":{"@context":"https:\/\/schema.org","@graph":[{"@type":"WebPage","@id":"https:\/\/dutchmicrodosing.com\/fr\/boutique-de-sante\/supplements-pour-le-systeme-immunitaire\/quotidien-immunite-gummiessans-sucrevegan\/","url":"https:\/\/dutchmicrodosing.com\/fr\/boutique-de-sante\/supplements-pour-le-systeme-immunitaire\/quotidien-immunite-gummiessans-sucrevegan\/","name":"Daily Immunity Gummies (sans sucre et v\u00e9g\u00e9talien) - Dutchmicrodosing","isPartOf":{"@id":"https:\/\/dutchmicrodosing.com\/fr\/#website"},"primaryImageOfPage":{"@id":"https:\/\/dutchmicrodosing.com\/fr\/boutique-de-sante\/supplements-pour-le-systeme-immunitaire\/quotidien-immunite-gummiessans-sucrevegan\/#primaryimage"},"image":{"@id":"https:\/\/dutchmicrodosing.com\/fr\/boutique-de-sante\/supplements-pour-le-systeme-immunitaire\/quotidien-immunite-gummiessans-sucrevegan\/#primaryimage"},"thumbnailUrl":"https:\/\/dutchmicrodosing.com\/wp-content\/uploads\/2023\/09\/preview-2.jpg","datePublished":"2023-09-16T16:02:40+00:00","dateModified":"2025-09-09T07:32:40+00:00","description":"Vous cherchez un moyen simple et savoureux de renforcer votre syst\u00e8me immunitaire ? Daily Immunity m\u00e9lange soigneusement s\u00e9lectionn\u00e9 de vitamine D et de zinc...","breadcrumb":{"@id":"https:\/\/dutchmicrodosing.com\/fr\/boutique-de-sante\/supplements-pour-le-systeme-immunitaire\/quotidien-immunite-gummiessans-sucrevegan\/#breadcrumb"},"inLanguage":"fr-FR","potentialAction":[{"@type":"ReadAction","target":["https:\/\/dutchmicrodosing.com\/fr\/boutique-de-sante\/supplements-pour-le-systeme-immunitaire\/quotidien-immunite-gummiessans-sucrevegan\/"]}]},{"@type":"ImageObject","inLanguage":"fr-FR","@id":"https:\/\/dutchmicrodosing.com\/fr\/boutique-de-sante\/supplements-pour-le-systeme-immunitaire\/quotidien-immunite-gummiessans-sucrevegan\/#primaryimage","url":"https:\/\/dutchmicrodosing.com\/wp-content\/uploads\/2023\/09\/preview-2.jpg","contentUrl":"https:\/\/dutchmicrodosing.com\/wp-content\/uploads\/2023\/09\/preview-2.jpg","width":1000,"height":1000},{"@type":"BreadcrumbList","@id":"https:\/\/dutchmicrodosing.com\/fr\/boutique-de-sante\/supplements-pour-le-systeme-immunitaire\/quotidien-immunite-gummiessans-sucrevegan\/#breadcrumb","itemListElement":[{"@type":"ListItem","position":1,"name":"Home","item":"https:\/\/dutchmicrodosing.com\/fr\/"},{"@type":"ListItem","position":2,"name":"Boutique","item":"https:\/\/dutchmicrodosing.com\/fr\/boutique\/"},{"@type":"ListItem","position":3,"name":"Daily Immunity Gummies (sans sucre et v\u00e9g\u00e9talien)"}]},{"@type":"WebSite","@id":"https:\/\/dutchmicrodosing.com\/fr\/#website","url":"https:\/\/dutchmicrodosing.com\/fr\/","name":"Dutchmicrodosing","description":"","publisher":{"@id":"https:\/\/dutchmicrodosing.com\/fr\/#organization"},"potentialAction":[{"@type":"SearchAction","target":{"@type":"EntryPoint","urlTemplate":"https:\/\/dutchmicrodosing.com\/fr\/?s={search_term_string}"},"query-input":{"@type":"PropertyValueSpecification","valueRequired":true,"valueName":"search_term_string"}}],"inLanguage":"fr-FR"},{"@type":"Organization","@id":"https:\/\/dutchmicrodosing.com\/fr\/#organization","name":"Dutchmicrodosing","url":"https:\/\/dutchmicrodosing.com\/fr\/","logo":{"@type":"ImageObject","inLanguage":"fr-FR","@id":"https:\/\/dutchmicrodosing.com\/fr\/#\/schema\/logo\/image\/","url":"https:\/\/dutchmicrodosing.com\/wp-content\/uploads\/2021\/01\/microdosing-categorie-pic-nieuw.jpg","contentUrl":"https:\/\/dutchmicrodosing.com\/wp-content\/uploads\/2021\/01\/microdosing-categorie-pic-nieuw.jpg","width":500,"height":500,"caption":"Dutchmicrodosing"},"image":{"@id":"https:\/\/dutchmicrodosing.com\/fr\/#\/schema\/logo\/image\/"},"sameAs":["https:\/\/www.facebook.com\/Dutchmicrodosingxp\/","https:\/\/www.instagram.com\/dutchmicrodosing\/"]}]},"product_price_amount":"17.95","product_price_currency":"EUR","og_availability":"out of stock","product_availability":"out of stock","product_retailer_item_id":"3209482","product_condition":"new"},"_links":{"self":[{"href":"https:\/\/dutchmicrodosing.com\/fr\/wp-json\/wp\/v2\/product\/29158","targetHints":{"allow":["GET"]}}],"collection":[{"href":"https:\/\/dutchmicrodosing.com\/fr\/wp-json\/wp\/v2\/product"}],"about":[{"href":"https:\/\/dutchmicrodosing.com\/fr\/wp-json\/wp\/v2\/types\/product"}],"replies":[{"embeddable":true,"href":"https:\/\/dutchmicrodosing.com\/fr\/wp-json\/wp\/v2\/comments?post=29158"}],"version-history":[{"count":0,"href":"https:\/\/dutchmicrodosing.com\/fr\/wp-json\/wp\/v2\/product\/29158\/revisions"}],"wp:featuredmedia":[{"embeddable":true,"href":"https:\/\/dutchmicrodosing.com\/fr\/wp-json\/wp\/v2\/media\/29149"}],"wp:attachment":[{"href":"https:\/\/dutchmicrodosing.com\/fr\/wp-json\/wp\/v2\/media?parent=29158"}],"wp:term":[{"taxonomy":"product_brand","embeddable":true,"href":"https:\/\/dutchmicrodosing.com\/fr\/wp-json\/wp\/v2\/product_brand?post=29158"},{"taxonomy":"product_cat","embeddable":true,"href":"https:\/\/dutchmicrodosing.com\/fr\/wp-json\/wp\/v2\/product_cat?post=29158"},{"taxonomy":"product_tag","embeddable":true,"href":"https:\/\/dutchmicrodosing.com\/fr\/wp-json\/wp\/v2\/product_tag?post=29158"}],"curies":[{"name":"wp","href":"https:\/\/api.w.org\/{rel}","templated":true}]}}