{"id":29172,"date":"2023-09-16T18:04:35","date_gmt":"2023-09-16T16:04:35","guid":{"rendered":"https:\/\/dutchmicrodosing.com\/?post_type=product&#038;p=29172"},"modified":"2025-09-29T21:45:02","modified_gmt":"2025-09-29T19:45:02","slug":"daily-sleep-gummiesssans-sucrevegan","status":"publish","type":"product","link":"https:\/\/dutchmicrodosing.com\/fr\/boutique-de-sante\/vitamines-et-supplements\/daily-sleep-gummiesssans-sucrevegan\/","title":{"rendered":"Daily Sleep Gummies (sans sucre et v\u00e9g\u00e9talien)"},"content":{"rendered":"<p>Vous cherchez un alli\u00e9 naturel pour mieux dormir ? Les <strong>Daily Sleep Gummies<\/strong> sont votre r\u00e9ponse savoureuse. Enrichis de la saveur apaisante des myrtilles, ces gommes sont un v\u00e9ritable r\u00e9gal pour vos papilles et votre cycle de sommeil. Chaque gomme apporte 0,2 mg de m\u00e9latonine, la cl\u00e9 d&rsquo;un sommeil naturel et profond, facilitant l&rsquo;endormissement et le sommeil nocturne. Outre leur go\u00fbt exquis de myrtille, les gommes sont formul\u00e9es avec de la patate douce, une source naturelle d&rsquo;hydrates de carbone complexes. Ces hydrates de carbone favorisent une lib\u00e9ration r\u00e9guli\u00e8re d&rsquo;\u00e9nergie, contribuant \u00e0 une production accrue de l&rsquo;acide amin\u00e9 tryptophane. Cet acide amin\u00e9 se transforme en s\u00e9rotonine puis en m\u00e9latonine, vous pr\u00e9parant ainsi \u00e0 une nuit de sommeil paisible. Avec un poids impressionnant de 180 grammes et environ 60 gommes par pot, vous aurez plus qu&rsquo;assez pour un mois de meilleures nuits.<\/p>\n<h3>Valeur \u00e9nerg\u00e9tique pour 100 grammes<\/h3>\n<ul>\n<li>\u00c9nergie 780 kJ<\/li>\n<li>\u00c9nergie 187 kcal<\/li>\n<li>Glucides 77<\/li>\n<li>dont sucres 0,00<\/li>\n<li>Prot\u00e9ines 0.0<\/li>\n<li>Mati\u00e8res grasses &lt;0,50<\/li>\n<li>Graisses satur\u00e9es 0,00<\/li>\n<li>Fibres 1.00<\/li>\n<li>Sodium 0,02<\/li>\n<li>m\u00e9latonine 0,02 mg par gomme<\/li>\n<\/ul>\n<h3>Utilisation sugg\u00e9r\u00e9e<\/h3>\n<p>Ne prenez pas plus de 1 ou 2 gommes par jour.<\/p>\n<h3>Contenu<\/h3>\n<p>Daily Sleep Gummies au go\u00fbt de myrtille &#8211; 180g.<\/p>\n<h3>Avertissement<\/h3>\n<p>Ne pas d\u00e9passer la dose recommand\u00e9e au cours de la journ\u00e9e. Tenir hors de port\u00e9e des enfants.<\/p>\n<h3>Ingr\u00e9dients<\/h3>\n<p>\u00c9dulcorants (sirop de maltitol, maltitol), g\u00e9lifiants (pectine), concentr\u00e9 (patate douce et carotte), r\u00e9gulateur d&rsquo;acidit\u00e9 (acide citrique, citrate de sodium), huile de coco MCT, ar\u00f4me naturel, agent d&rsquo;enrobage (carnau bawas), m\u00e9latonine 0,2 mg par gomme.<\/p>\n","protected":false},"excerpt":{"rendered":"<p>Vous cherchez un alli\u00e9 naturel pour mieux dormir ? Les Daily Sleep Gummies sont votre r\u00e9ponse savoureuse. Enrichis de la saveur apaisante des myrtilles, ces gommes sont un v\u00e9ritable r\u00e9gal pour vos papilles et votre cycle de sommeil. Chaque gomme apporte 0,2 mg de m\u00e9latonine, la cl\u00e9 d&rsquo;un sommeil naturel et profond, facilitant l&rsquo;endormissement et [&hellip;]<\/p>\n","protected":false},"featured_media":29167,"comment_status":"closed","ping_status":"closed","template":"","meta":[],"product_brand":[],"product_cat":[307,131],"product_tag":[],"class_list":{"0":"post-29172","1":"product","2":"type-product","3":"status-publish","4":"has-post-thumbnail","6":"product_cat-supplements-pour-le-sommeil","7":"product_cat-vitamines-et-supplements","9":"first","10":"instock","11":"taxable","12":"shipping-taxable","13":"purchasable","14":"product-type-simple"},"yoast_head":"<!-- This site is optimized with the Yoast SEO Premium plugin v26.4 (Yoast SEO v27.2) - https:\/\/yoast.com\/product\/yoast-seo-premium-wordpress\/ -->\n<title>Daily Sleep Gummies (sans sucre et v\u00e9g\u00e9talien) - Dutchmicrodosing<\/title>\n<meta name=\"description\" content=\"Vous cherchez un alli\u00e9 naturel pour mieux dormir ? Les Daily Sleep Gummies sont votre r\u00e9ponse savoureuse. Enrichi de la saveur apaisante de la myrtille,\" \/>\n<meta name=\"robots\" content=\"index, follow, max-snippet:-1, max-image-preview:large, max-video-preview:-1\" \/>\n<link rel=\"canonical\" href=\"https:\/\/dutchmicrodosing.com\/fr\/boutique-de-sante\/vitamines-et-supplements\/daily-sleep-gummiesssans-sucrevegan\/\" \/>\n<meta property=\"og:locale\" content=\"fr_FR\" \/>\n<meta property=\"og:type\" content=\"article\" \/>\n<meta property=\"og:title\" content=\"Daily Sleep Gummies (sans sucre et v\u00e9g\u00e9talien)\" \/>\n<meta property=\"og:description\" content=\"Vous cherchez un alli\u00e9 naturel pour mieux dormir ? Les Daily Sleep Gummies sont votre r\u00e9ponse savoureuse. Enrichis de la saveur apaisante des myrtilles,\" \/>\n<meta property=\"og:url\" content=\"https:\/\/dutchmicrodosing.com\/fr\/boutique-de-sante\/vitamines-et-supplements\/daily-sleep-gummiesssans-sucrevegan\/\" \/>\n<meta property=\"og:site_name\" content=\"Dutchmicrodosing\" \/>\n<meta property=\"article:publisher\" content=\"https:\/\/www.facebook.com\/Dutchmicrodosingxp\/\" \/>\n<meta property=\"article:modified_time\" content=\"2025-09-29T19:45:02+00:00\" \/>\n<meta property=\"og:image\" content=\"https:\/\/dutchmicrodosing.com\/wp-content\/uploads\/2023\/09\/preview-3.jpg\" \/>\n\t<meta property=\"og:image:width\" content=\"1000\" \/>\n\t<meta property=\"og:image:height\" content=\"1000\" \/>\n\t<meta property=\"og:image:type\" content=\"image\/jpeg\" \/>\n<meta name=\"twitter:card\" content=\"summary_large_image\" \/>\n<script type=\"application\/ld+json\" class=\"yoast-schema-graph\">{\"@context\":\"https:\/\/schema.org\",\"@graph\":[{\"@type\":\"WebPage\",\"@id\":\"https:\/\/dutchmicrodosing.com\/fr\/boutique-de-sante\/vitamines-et-supplements\/daily-sleep-gummiesssans-sucrevegan\/\",\"url\":\"https:\/\/dutchmicrodosing.com\/fr\/boutique-de-sante\/vitamines-et-supplements\/daily-sleep-gummiesssans-sucrevegan\/\",\"name\":\"Daily Sleep Gummies (sans sucre et v\u00e9g\u00e9talien) - Dutchmicrodosing\",\"isPartOf\":{\"@id\":\"https:\/\/dutchmicrodosing.com\/fr\/#website\"},\"primaryImageOfPage\":{\"@id\":\"https:\/\/dutchmicrodosing.com\/fr\/boutique-de-sante\/vitamines-et-supplements\/daily-sleep-gummiesssans-sucrevegan\/#primaryimage\"},\"image\":{\"@id\":\"https:\/\/dutchmicrodosing.com\/fr\/boutique-de-sante\/vitamines-et-supplements\/daily-sleep-gummiesssans-sucrevegan\/#primaryimage\"},\"thumbnailUrl\":\"https:\/\/dutchmicrodosing.com\/wp-content\/uploads\/2023\/09\/preview-3.jpg\",\"datePublished\":\"2023-09-16T16:04:35+00:00\",\"dateModified\":\"2025-09-29T19:45:02+00:00\",\"description\":\"Vous cherchez un alli\u00e9 naturel pour mieux dormir ? Les Daily Sleep Gummies sont votre r\u00e9ponse savoureuse. Enrichi de la saveur apaisante de la myrtille,\",\"breadcrumb\":{\"@id\":\"https:\/\/dutchmicrodosing.com\/fr\/boutique-de-sante\/vitamines-et-supplements\/daily-sleep-gummiesssans-sucrevegan\/#breadcrumb\"},\"inLanguage\":\"fr-FR\",\"potentialAction\":[{\"@type\":\"ReadAction\",\"target\":[\"https:\/\/dutchmicrodosing.com\/fr\/boutique-de-sante\/vitamines-et-supplements\/daily-sleep-gummiesssans-sucrevegan\/\"]}]},{\"@type\":\"ImageObject\",\"inLanguage\":\"fr-FR\",\"@id\":\"https:\/\/dutchmicrodosing.com\/fr\/boutique-de-sante\/vitamines-et-supplements\/daily-sleep-gummiesssans-sucrevegan\/#primaryimage\",\"url\":\"https:\/\/dutchmicrodosing.com\/wp-content\/uploads\/2023\/09\/preview-3.jpg\",\"contentUrl\":\"https:\/\/dutchmicrodosing.com\/wp-content\/uploads\/2023\/09\/preview-3.jpg\",\"width\":1000,\"height\":1000},{\"@type\":\"BreadcrumbList\",\"@id\":\"https:\/\/dutchmicrodosing.com\/fr\/boutique-de-sante\/vitamines-et-supplements\/daily-sleep-gummiesssans-sucrevegan\/#breadcrumb\",\"itemListElement\":[{\"@type\":\"ListItem\",\"position\":1,\"name\":\"Home\",\"item\":\"https:\/\/dutchmicrodosing.com\/fr\/\"},{\"@type\":\"ListItem\",\"position\":2,\"name\":\"Boutique\",\"item\":\"https:\/\/dutchmicrodosing.com\/fr\/boutique\/\"},{\"@type\":\"ListItem\",\"position\":3,\"name\":\"Daily Sleep Gummies (sans sucre et v\u00e9g\u00e9talien)\"}]},{\"@type\":\"WebSite\",\"@id\":\"https:\/\/dutchmicrodosing.com\/fr\/#website\",\"url\":\"https:\/\/dutchmicrodosing.com\/fr\/\",\"name\":\"Dutchmicrodosing\",\"description\":\"\",\"publisher\":{\"@id\":\"https:\/\/dutchmicrodosing.com\/fr\/#organization\"},\"potentialAction\":[{\"@type\":\"SearchAction\",\"target\":{\"@type\":\"EntryPoint\",\"urlTemplate\":\"https:\/\/dutchmicrodosing.com\/fr\/?s={search_term_string}\"},\"query-input\":{\"@type\":\"PropertyValueSpecification\",\"valueRequired\":true,\"valueName\":\"search_term_string\"}}],\"inLanguage\":\"fr-FR\"},{\"@type\":\"Organization\",\"@id\":\"https:\/\/dutchmicrodosing.com\/fr\/#organization\",\"name\":\"Dutchmicrodosing\",\"url\":\"https:\/\/dutchmicrodosing.com\/fr\/\",\"logo\":{\"@type\":\"ImageObject\",\"inLanguage\":\"fr-FR\",\"@id\":\"https:\/\/dutchmicrodosing.com\/fr\/#\/schema\/logo\/image\/\",\"url\":\"https:\/\/dutchmicrodosing.com\/wp-content\/uploads\/2021\/01\/microdosing-categorie-pic-nieuw.jpg\",\"contentUrl\":\"https:\/\/dutchmicrodosing.com\/wp-content\/uploads\/2021\/01\/microdosing-categorie-pic-nieuw.jpg\",\"width\":500,\"height\":500,\"caption\":\"Dutchmicrodosing\"},\"image\":{\"@id\":\"https:\/\/dutchmicrodosing.com\/fr\/#\/schema\/logo\/image\/\"},\"sameAs\":[\"https:\/\/www.facebook.com\/Dutchmicrodosingxp\/\",\"https:\/\/www.instagram.com\/dutchmicrodosing\/\"]}]}<\/script>\n<meta property=\"product:price:amount\" content=\"17.95\" \/>\n<meta property=\"product:price:currency\" content=\"EUR\" \/>\n<meta property=\"og:availability\" content=\"instock\" \/>\n<meta property=\"product:availability\" content=\"instock\" \/>\n<meta property=\"product:retailer_item_id\" content=\"3209726\" \/>\n<meta property=\"product:condition\" content=\"new\" \/>\n<!-- \/ Yoast SEO Premium plugin. -->","yoast_head_json":{"title":"Daily Sleep Gummies (sans sucre et v\u00e9g\u00e9talien) - Dutchmicrodosing","description":"Vous cherchez un alli\u00e9 naturel pour mieux dormir ? Les Daily Sleep Gummies sont votre r\u00e9ponse savoureuse. Enrichi de la saveur apaisante de la myrtille,","robots":{"index":"index","follow":"follow","max-snippet":"max-snippet:-1","max-image-preview":"max-image-preview:large","max-video-preview":"max-video-preview:-1"},"canonical":"https:\/\/dutchmicrodosing.com\/fr\/boutique-de-sante\/vitamines-et-supplements\/daily-sleep-gummiesssans-sucrevegan\/","og_locale":"fr_FR","og_type":"article","og_title":"Daily Sleep Gummies (sans sucre et v\u00e9g\u00e9talien)","og_description":"Vous cherchez un alli\u00e9 naturel pour mieux dormir ? Les Daily Sleep Gummies sont votre r\u00e9ponse savoureuse. Enrichis de la saveur apaisante des myrtilles,","og_url":"https:\/\/dutchmicrodosing.com\/fr\/boutique-de-sante\/vitamines-et-supplements\/daily-sleep-gummiesssans-sucrevegan\/","og_site_name":"Dutchmicrodosing","article_publisher":"https:\/\/www.facebook.com\/Dutchmicrodosingxp\/","article_modified_time":"2025-09-29T19:45:02+00:00","og_image":[{"width":1000,"height":1000,"url":"https:\/\/dutchmicrodosing.com\/wp-content\/uploads\/2023\/09\/preview-3.jpg","type":"image\/jpeg"}],"twitter_card":"summary_large_image","schema":{"@context":"https:\/\/schema.org","@graph":[{"@type":"WebPage","@id":"https:\/\/dutchmicrodosing.com\/fr\/boutique-de-sante\/vitamines-et-supplements\/daily-sleep-gummiesssans-sucrevegan\/","url":"https:\/\/dutchmicrodosing.com\/fr\/boutique-de-sante\/vitamines-et-supplements\/daily-sleep-gummiesssans-sucrevegan\/","name":"Daily Sleep Gummies (sans sucre et v\u00e9g\u00e9talien) - Dutchmicrodosing","isPartOf":{"@id":"https:\/\/dutchmicrodosing.com\/fr\/#website"},"primaryImageOfPage":{"@id":"https:\/\/dutchmicrodosing.com\/fr\/boutique-de-sante\/vitamines-et-supplements\/daily-sleep-gummiesssans-sucrevegan\/#primaryimage"},"image":{"@id":"https:\/\/dutchmicrodosing.com\/fr\/boutique-de-sante\/vitamines-et-supplements\/daily-sleep-gummiesssans-sucrevegan\/#primaryimage"},"thumbnailUrl":"https:\/\/dutchmicrodosing.com\/wp-content\/uploads\/2023\/09\/preview-3.jpg","datePublished":"2023-09-16T16:04:35+00:00","dateModified":"2025-09-29T19:45:02+00:00","description":"Vous cherchez un alli\u00e9 naturel pour mieux dormir ? Les Daily Sleep Gummies sont votre r\u00e9ponse savoureuse. Enrichi de la saveur apaisante de la myrtille,","breadcrumb":{"@id":"https:\/\/dutchmicrodosing.com\/fr\/boutique-de-sante\/vitamines-et-supplements\/daily-sleep-gummiesssans-sucrevegan\/#breadcrumb"},"inLanguage":"fr-FR","potentialAction":[{"@type":"ReadAction","target":["https:\/\/dutchmicrodosing.com\/fr\/boutique-de-sante\/vitamines-et-supplements\/daily-sleep-gummiesssans-sucrevegan\/"]}]},{"@type":"ImageObject","inLanguage":"fr-FR","@id":"https:\/\/dutchmicrodosing.com\/fr\/boutique-de-sante\/vitamines-et-supplements\/daily-sleep-gummiesssans-sucrevegan\/#primaryimage","url":"https:\/\/dutchmicrodosing.com\/wp-content\/uploads\/2023\/09\/preview-3.jpg","contentUrl":"https:\/\/dutchmicrodosing.com\/wp-content\/uploads\/2023\/09\/preview-3.jpg","width":1000,"height":1000},{"@type":"BreadcrumbList","@id":"https:\/\/dutchmicrodosing.com\/fr\/boutique-de-sante\/vitamines-et-supplements\/daily-sleep-gummiesssans-sucrevegan\/#breadcrumb","itemListElement":[{"@type":"ListItem","position":1,"name":"Home","item":"https:\/\/dutchmicrodosing.com\/fr\/"},{"@type":"ListItem","position":2,"name":"Boutique","item":"https:\/\/dutchmicrodosing.com\/fr\/boutique\/"},{"@type":"ListItem","position":3,"name":"Daily Sleep Gummies (sans sucre et v\u00e9g\u00e9talien)"}]},{"@type":"WebSite","@id":"https:\/\/dutchmicrodosing.com\/fr\/#website","url":"https:\/\/dutchmicrodosing.com\/fr\/","name":"Dutchmicrodosing","description":"","publisher":{"@id":"https:\/\/dutchmicrodosing.com\/fr\/#organization"},"potentialAction":[{"@type":"SearchAction","target":{"@type":"EntryPoint","urlTemplate":"https:\/\/dutchmicrodosing.com\/fr\/?s={search_term_string}"},"query-input":{"@type":"PropertyValueSpecification","valueRequired":true,"valueName":"search_term_string"}}],"inLanguage":"fr-FR"},{"@type":"Organization","@id":"https:\/\/dutchmicrodosing.com\/fr\/#organization","name":"Dutchmicrodosing","url":"https:\/\/dutchmicrodosing.com\/fr\/","logo":{"@type":"ImageObject","inLanguage":"fr-FR","@id":"https:\/\/dutchmicrodosing.com\/fr\/#\/schema\/logo\/image\/","url":"https:\/\/dutchmicrodosing.com\/wp-content\/uploads\/2021\/01\/microdosing-categorie-pic-nieuw.jpg","contentUrl":"https:\/\/dutchmicrodosing.com\/wp-content\/uploads\/2021\/01\/microdosing-categorie-pic-nieuw.jpg","width":500,"height":500,"caption":"Dutchmicrodosing"},"image":{"@id":"https:\/\/dutchmicrodosing.com\/fr\/#\/schema\/logo\/image\/"},"sameAs":["https:\/\/www.facebook.com\/Dutchmicrodosingxp\/","https:\/\/www.instagram.com\/dutchmicrodosing\/"]}]},"product_price_amount":"17.95","product_price_currency":"EUR","og_availability":"instock","product_availability":"instock","product_retailer_item_id":"3209726","product_condition":"new"},"_links":{"self":[{"href":"https:\/\/dutchmicrodosing.com\/fr\/wp-json\/wp\/v2\/product\/29172","targetHints":{"allow":["GET"]}}],"collection":[{"href":"https:\/\/dutchmicrodosing.com\/fr\/wp-json\/wp\/v2\/product"}],"about":[{"href":"https:\/\/dutchmicrodosing.com\/fr\/wp-json\/wp\/v2\/types\/product"}],"replies":[{"embeddable":true,"href":"https:\/\/dutchmicrodosing.com\/fr\/wp-json\/wp\/v2\/comments?post=29172"}],"version-history":[{"count":0,"href":"https:\/\/dutchmicrodosing.com\/fr\/wp-json\/wp\/v2\/product\/29172\/revisions"}],"wp:featuredmedia":[{"embeddable":true,"href":"https:\/\/dutchmicrodosing.com\/fr\/wp-json\/wp\/v2\/media\/29167"}],"wp:attachment":[{"href":"https:\/\/dutchmicrodosing.com\/fr\/wp-json\/wp\/v2\/media?parent=29172"}],"wp:term":[{"taxonomy":"product_brand","embeddable":true,"href":"https:\/\/dutchmicrodosing.com\/fr\/wp-json\/wp\/v2\/product_brand?post=29172"},{"taxonomy":"product_cat","embeddable":true,"href":"https:\/\/dutchmicrodosing.com\/fr\/wp-json\/wp\/v2\/product_cat?post=29172"},{"taxonomy":"product_tag","embeddable":true,"href":"https:\/\/dutchmicrodosing.com\/fr\/wp-json\/wp\/v2\/product_tag?post=29172"}],"curies":[{"name":"wp","href":"https:\/\/api.w.org\/{rel}","templated":true}]}}