{"id":29184,"date":"2023-09-16T18:00:33","date_gmt":"2023-09-16T16:00:33","guid":{"rendered":"https:\/\/dutchmicrodosing.com\/shop\/non%20class\u00e9\/daily-relax-gummiessans-sucrevegan\/"},"modified":"2025-09-15T13:00:41","modified_gmt":"2025-09-15T11:00:41","slug":"daily-relax-gummiessans-sucrevegan","status":"publish","type":"product","link":"https:\/\/dutchmicrodosing.com\/fr\/boutique-de-sante\/supplements-relaxt\/daily-relax-gummiessans-sucrevegan\/","title":{"rendered":"Daily Zen Gummies (sans sucre et v\u00e9g\u00e9talien)"},"content":{"rendered":"<p>Les <strong>gommes Daily Zen<\/strong> de Dr Candy Fit ont \u00e9t\u00e9 soigneusement formul\u00e9es pour ceux qui ont besoin d&rsquo;une pause dans l&rsquo;agitation quotidienne. Ils sont v\u00e9g\u00e9taliens et ne contiennent pas de sucre, ce qui en fait un choix plus sain. Leur go\u00fbt de kiwi procure une exp\u00e9rience agr\u00e9able lors de la prise. Enrichis de 5 mg de phytonutriments, ces gommes sont sp\u00e9cifiquement con\u00e7ues pour favoriser la relaxation et r\u00e9duire les sentiments de stress. Les phytonutriments sont des constituants bioactifs des plantes comestibles. Ils constituent un excellent compl\u00e9ment pour tous ceux qui recherchent des moyens naturels de se d\u00e9tendre. En outre, les gommes contiennent un concentr\u00e9 de curcuma et de spiruline. La synergie du curcuma et de la spiruline a \u00e9t\u00e9 soigneusement choisie pour favoriser la relaxation et aider \u00e0 r\u00e9duire le stress quotidien.<\/p>\n<h3>Valeur \u00e9nerg\u00e9tique pour 100 grammes<\/h3>\n<ul>\n<li>\u00c9nergie 780 kJ<\/li>\n<li>\u00c9nergie 187 kcal<\/li>\n<li>Glucides 77<\/li>\n<li>dont sucres 0,00<\/li>\n<li>Prot\u00e9ines 0.0<\/li>\n<li>Mati\u00e8res grasses &lt;0,50<\/li>\n<li>Graisses satur\u00e9es 0,00<\/li>\n<li>Fibres 1.00<\/li>\n<li>Sodium 0,02<\/li>\n<li>phytonutriments 5 mg par gomme<\/li>\n<\/ul>\n<h3>Utilisation sugg\u00e9r\u00e9e<\/h3>\n<p>Ne prenez pas plus de 1 ou 2 gommes par jour.<\/p>\n<h3>Contenu<\/h3>\n<p>Daily Zen Gummies au go\u00fbt de kiwi &#8211; 180g.<\/p>\n<h3>Avertissement<\/h3>\n<p>Ne pas d\u00e9passer la dose recommand\u00e9e au cours de la journ\u00e9e. Tenir hors de port\u00e9e des enfants.<\/p>\n<h3><strong>Ingr\u00e9dients<\/strong><\/h3>\n<p>\u00c9dulcorants (sirop de maltitol, maltitol), g\u00e9lifiants (pectine), concentr\u00e9 (de curcuma et de spiruline), r\u00e9gulateur d&rsquo;acidit\u00e9 (acide citrique, citrate de sodium), huile de coco MCT, ar\u00f4me naturel, agent d&rsquo;enrobage (carnau bawas), phytonutriments de chanvre 5 mg.<\/p>\n","protected":false},"excerpt":{"rendered":"<p>Les gommes Daily Zen de Dr Candy Fit ont \u00e9t\u00e9 soigneusement formul\u00e9es pour ceux qui ont besoin d&rsquo;une pause dans l&rsquo;agitation quotidienne. Ils sont v\u00e9g\u00e9taliens et ne contiennent pas de sucre, ce qui en fait un choix plus sain. Leur go\u00fbt de kiwi procure une exp\u00e9rience agr\u00e9able lors de la prise. Enrichis de 5 mg [&hellip;]<\/p>\n","protected":false},"featured_media":29161,"comment_status":"closed","ping_status":"closed","template":"","meta":[],"product_brand":[],"product_cat":[308,131],"product_tag":[],"class_list":{"0":"post-29184","1":"product","2":"type-product","3":"status-publish","4":"has-post-thumbnail","6":"product_cat-supplements-relaxt","7":"product_cat-vitamines-et-supplements","9":"first","10":"outofstock","11":"taxable","12":"shipping-taxable","13":"purchasable","14":"product-type-simple"},"yoast_head":"<!-- This site is optimized with the Yoast SEO Premium plugin v26.4 (Yoast SEO v27.2) - https:\/\/yoast.com\/product\/yoast-seo-premium-wordpress\/ -->\n<title>Daily Zen Gummies (sans sucre et v\u00e9g\u00e9talien) - Dutchmicrodosing<\/title>\n<meta name=\"description\" content=\"Les gommes Daily Zen de Dr Candy Fit ont \u00e9t\u00e9 soigneusement formul\u00e9es pour ceux qui ont besoin d&#039;une pause dans l&#039;agitation quotidienne. Ils sont v\u00e9g\u00e9taliens et...\" \/>\n<meta name=\"robots\" content=\"index, follow, max-snippet:-1, max-image-preview:large, max-video-preview:-1\" \/>\n<link rel=\"canonical\" href=\"https:\/\/dutchmicrodosing.com\/fr\/boutique-de-sante\/supplements-relaxt\/daily-relax-gummiessans-sucrevegan\/\" \/>\n<meta property=\"og:locale\" content=\"fr_FR\" \/>\n<meta property=\"og:type\" content=\"article\" \/>\n<meta property=\"og:title\" content=\"Daily Zen Gummies (sans sucre et v\u00e9g\u00e9talien)\" \/>\n<meta property=\"og:description\" content=\"Les gommes Daily Zen de Dr Candy Fit ont \u00e9t\u00e9 soigneusement formul\u00e9es pour ceux qui ont besoin d&#039;une pause dans l&#039;agitation quotidienne. Ils sont\" \/>\n<meta property=\"og:url\" content=\"https:\/\/dutchmicrodosing.com\/fr\/boutique-de-sante\/supplements-relaxt\/daily-relax-gummiessans-sucrevegan\/\" \/>\n<meta property=\"og:site_name\" content=\"Dutchmicrodosing\" \/>\n<meta property=\"article:publisher\" content=\"https:\/\/www.facebook.com\/Dutchmicrodosingxp\/\" \/>\n<meta property=\"article:modified_time\" content=\"2025-09-15T11:00:41+00:00\" \/>\n<meta property=\"og:image\" content=\"https:\/\/dutchmicrodosing.com\/wp-content\/uploads\/2023\/09\/preview-4.jpg\" \/>\n\t<meta property=\"og:image:width\" content=\"1000\" \/>\n\t<meta property=\"og:image:height\" content=\"1000\" \/>\n\t<meta property=\"og:image:type\" content=\"image\/jpeg\" \/>\n<meta name=\"twitter:card\" content=\"summary_large_image\" \/>\n<script type=\"application\/ld+json\" class=\"yoast-schema-graph\">{\"@context\":\"https:\/\/schema.org\",\"@graph\":[{\"@type\":\"WebPage\",\"@id\":\"https:\/\/dutchmicrodosing.com\/fr\/boutique-de-sante\/supplements-relaxt\/daily-relax-gummiessans-sucrevegan\/\",\"url\":\"https:\/\/dutchmicrodosing.com\/fr\/boutique-de-sante\/supplements-relaxt\/daily-relax-gummiessans-sucrevegan\/\",\"name\":\"Daily Zen Gummies (sans sucre et v\u00e9g\u00e9talien) - Dutchmicrodosing\",\"isPartOf\":{\"@id\":\"https:\/\/dutchmicrodosing.com\/fr\/#website\"},\"primaryImageOfPage\":{\"@id\":\"https:\/\/dutchmicrodosing.com\/fr\/boutique-de-sante\/supplements-relaxt\/daily-relax-gummiessans-sucrevegan\/#primaryimage\"},\"image\":{\"@id\":\"https:\/\/dutchmicrodosing.com\/fr\/boutique-de-sante\/supplements-relaxt\/daily-relax-gummiessans-sucrevegan\/#primaryimage\"},\"thumbnailUrl\":\"https:\/\/dutchmicrodosing.com\/wp-content\/uploads\/2023\/09\/preview-4.jpg\",\"datePublished\":\"2023-09-16T16:00:33+00:00\",\"dateModified\":\"2025-09-15T11:00:41+00:00\",\"description\":\"Les gommes Daily Zen de Dr Candy Fit ont \u00e9t\u00e9 soigneusement formul\u00e9es pour ceux qui ont besoin d'une pause dans l'agitation quotidienne. Ils sont v\u00e9g\u00e9taliens et...\",\"breadcrumb\":{\"@id\":\"https:\/\/dutchmicrodosing.com\/fr\/boutique-de-sante\/supplements-relaxt\/daily-relax-gummiessans-sucrevegan\/#breadcrumb\"},\"inLanguage\":\"fr-FR\",\"potentialAction\":[{\"@type\":\"ReadAction\",\"target\":[\"https:\/\/dutchmicrodosing.com\/fr\/boutique-de-sante\/supplements-relaxt\/daily-relax-gummiessans-sucrevegan\/\"]}]},{\"@type\":\"ImageObject\",\"inLanguage\":\"fr-FR\",\"@id\":\"https:\/\/dutchmicrodosing.com\/fr\/boutique-de-sante\/supplements-relaxt\/daily-relax-gummiessans-sucrevegan\/#primaryimage\",\"url\":\"https:\/\/dutchmicrodosing.com\/wp-content\/uploads\/2023\/09\/preview-4.jpg\",\"contentUrl\":\"https:\/\/dutchmicrodosing.com\/wp-content\/uploads\/2023\/09\/preview-4.jpg\",\"width\":1000,\"height\":1000},{\"@type\":\"BreadcrumbList\",\"@id\":\"https:\/\/dutchmicrodosing.com\/fr\/boutique-de-sante\/supplements-relaxt\/daily-relax-gummiessans-sucrevegan\/#breadcrumb\",\"itemListElement\":[{\"@type\":\"ListItem\",\"position\":1,\"name\":\"Home\",\"item\":\"https:\/\/dutchmicrodosing.com\/fr\/\"},{\"@type\":\"ListItem\",\"position\":2,\"name\":\"Boutique\",\"item\":\"https:\/\/dutchmicrodosing.com\/fr\/boutique\/\"},{\"@type\":\"ListItem\",\"position\":3,\"name\":\"Daily Zen Gummies (sans sucre et v\u00e9g\u00e9talien)\"}]},{\"@type\":\"WebSite\",\"@id\":\"https:\/\/dutchmicrodosing.com\/fr\/#website\",\"url\":\"https:\/\/dutchmicrodosing.com\/fr\/\",\"name\":\"Dutchmicrodosing\",\"description\":\"\",\"publisher\":{\"@id\":\"https:\/\/dutchmicrodosing.com\/fr\/#organization\"},\"potentialAction\":[{\"@type\":\"SearchAction\",\"target\":{\"@type\":\"EntryPoint\",\"urlTemplate\":\"https:\/\/dutchmicrodosing.com\/fr\/?s={search_term_string}\"},\"query-input\":{\"@type\":\"PropertyValueSpecification\",\"valueRequired\":true,\"valueName\":\"search_term_string\"}}],\"inLanguage\":\"fr-FR\"},{\"@type\":\"Organization\",\"@id\":\"https:\/\/dutchmicrodosing.com\/fr\/#organization\",\"name\":\"Dutchmicrodosing\",\"url\":\"https:\/\/dutchmicrodosing.com\/fr\/\",\"logo\":{\"@type\":\"ImageObject\",\"inLanguage\":\"fr-FR\",\"@id\":\"https:\/\/dutchmicrodosing.com\/fr\/#\/schema\/logo\/image\/\",\"url\":\"https:\/\/dutchmicrodosing.com\/wp-content\/uploads\/2021\/01\/microdosing-categorie-pic-nieuw.jpg\",\"contentUrl\":\"https:\/\/dutchmicrodosing.com\/wp-content\/uploads\/2021\/01\/microdosing-categorie-pic-nieuw.jpg\",\"width\":500,\"height\":500,\"caption\":\"Dutchmicrodosing\"},\"image\":{\"@id\":\"https:\/\/dutchmicrodosing.com\/fr\/#\/schema\/logo\/image\/\"},\"sameAs\":[\"https:\/\/www.facebook.com\/Dutchmicrodosingxp\/\",\"https:\/\/www.instagram.com\/dutchmicrodosing\/\"]}]}<\/script>\n<meta property=\"product:price:amount\" content=\"17.95\" \/>\n<meta property=\"product:price:currency\" content=\"EUR\" \/>\n<meta property=\"og:availability\" content=\"out of stock\" \/>\n<meta property=\"product:availability\" content=\"out of stock\" \/>\n<meta property=\"product:retailer_item_id\" content=\"3209988\" \/>\n<meta property=\"product:condition\" content=\"new\" \/>\n<!-- \/ Yoast SEO Premium plugin. -->","yoast_head_json":{"title":"Daily Zen Gummies (sans sucre et v\u00e9g\u00e9talien) - Dutchmicrodosing","description":"Les gommes Daily Zen de Dr Candy Fit ont \u00e9t\u00e9 soigneusement formul\u00e9es pour ceux qui ont besoin d'une pause dans l'agitation quotidienne. Ils sont v\u00e9g\u00e9taliens et...","robots":{"index":"index","follow":"follow","max-snippet":"max-snippet:-1","max-image-preview":"max-image-preview:large","max-video-preview":"max-video-preview:-1"},"canonical":"https:\/\/dutchmicrodosing.com\/fr\/boutique-de-sante\/supplements-relaxt\/daily-relax-gummiessans-sucrevegan\/","og_locale":"fr_FR","og_type":"article","og_title":"Daily Zen Gummies (sans sucre et v\u00e9g\u00e9talien)","og_description":"Les gommes Daily Zen de Dr Candy Fit ont \u00e9t\u00e9 soigneusement formul\u00e9es pour ceux qui ont besoin d'une pause dans l'agitation quotidienne. Ils sont","og_url":"https:\/\/dutchmicrodosing.com\/fr\/boutique-de-sante\/supplements-relaxt\/daily-relax-gummiessans-sucrevegan\/","og_site_name":"Dutchmicrodosing","article_publisher":"https:\/\/www.facebook.com\/Dutchmicrodosingxp\/","article_modified_time":"2025-09-15T11:00:41+00:00","og_image":[{"width":1000,"height":1000,"url":"https:\/\/dutchmicrodosing.com\/wp-content\/uploads\/2023\/09\/preview-4.jpg","type":"image\/jpeg"}],"twitter_card":"summary_large_image","schema":{"@context":"https:\/\/schema.org","@graph":[{"@type":"WebPage","@id":"https:\/\/dutchmicrodosing.com\/fr\/boutique-de-sante\/supplements-relaxt\/daily-relax-gummiessans-sucrevegan\/","url":"https:\/\/dutchmicrodosing.com\/fr\/boutique-de-sante\/supplements-relaxt\/daily-relax-gummiessans-sucrevegan\/","name":"Daily Zen Gummies (sans sucre et v\u00e9g\u00e9talien) - Dutchmicrodosing","isPartOf":{"@id":"https:\/\/dutchmicrodosing.com\/fr\/#website"},"primaryImageOfPage":{"@id":"https:\/\/dutchmicrodosing.com\/fr\/boutique-de-sante\/supplements-relaxt\/daily-relax-gummiessans-sucrevegan\/#primaryimage"},"image":{"@id":"https:\/\/dutchmicrodosing.com\/fr\/boutique-de-sante\/supplements-relaxt\/daily-relax-gummiessans-sucrevegan\/#primaryimage"},"thumbnailUrl":"https:\/\/dutchmicrodosing.com\/wp-content\/uploads\/2023\/09\/preview-4.jpg","datePublished":"2023-09-16T16:00:33+00:00","dateModified":"2025-09-15T11:00:41+00:00","description":"Les gommes Daily Zen de Dr Candy Fit ont \u00e9t\u00e9 soigneusement formul\u00e9es pour ceux qui ont besoin d'une pause dans l'agitation quotidienne. Ils sont v\u00e9g\u00e9taliens et...","breadcrumb":{"@id":"https:\/\/dutchmicrodosing.com\/fr\/boutique-de-sante\/supplements-relaxt\/daily-relax-gummiessans-sucrevegan\/#breadcrumb"},"inLanguage":"fr-FR","potentialAction":[{"@type":"ReadAction","target":["https:\/\/dutchmicrodosing.com\/fr\/boutique-de-sante\/supplements-relaxt\/daily-relax-gummiessans-sucrevegan\/"]}]},{"@type":"ImageObject","inLanguage":"fr-FR","@id":"https:\/\/dutchmicrodosing.com\/fr\/boutique-de-sante\/supplements-relaxt\/daily-relax-gummiessans-sucrevegan\/#primaryimage","url":"https:\/\/dutchmicrodosing.com\/wp-content\/uploads\/2023\/09\/preview-4.jpg","contentUrl":"https:\/\/dutchmicrodosing.com\/wp-content\/uploads\/2023\/09\/preview-4.jpg","width":1000,"height":1000},{"@type":"BreadcrumbList","@id":"https:\/\/dutchmicrodosing.com\/fr\/boutique-de-sante\/supplements-relaxt\/daily-relax-gummiessans-sucrevegan\/#breadcrumb","itemListElement":[{"@type":"ListItem","position":1,"name":"Home","item":"https:\/\/dutchmicrodosing.com\/fr\/"},{"@type":"ListItem","position":2,"name":"Boutique","item":"https:\/\/dutchmicrodosing.com\/fr\/boutique\/"},{"@type":"ListItem","position":3,"name":"Daily Zen Gummies (sans sucre et v\u00e9g\u00e9talien)"}]},{"@type":"WebSite","@id":"https:\/\/dutchmicrodosing.com\/fr\/#website","url":"https:\/\/dutchmicrodosing.com\/fr\/","name":"Dutchmicrodosing","description":"","publisher":{"@id":"https:\/\/dutchmicrodosing.com\/fr\/#organization"},"potentialAction":[{"@type":"SearchAction","target":{"@type":"EntryPoint","urlTemplate":"https:\/\/dutchmicrodosing.com\/fr\/?s={search_term_string}"},"query-input":{"@type":"PropertyValueSpecification","valueRequired":true,"valueName":"search_term_string"}}],"inLanguage":"fr-FR"},{"@type":"Organization","@id":"https:\/\/dutchmicrodosing.com\/fr\/#organization","name":"Dutchmicrodosing","url":"https:\/\/dutchmicrodosing.com\/fr\/","logo":{"@type":"ImageObject","inLanguage":"fr-FR","@id":"https:\/\/dutchmicrodosing.com\/fr\/#\/schema\/logo\/image\/","url":"https:\/\/dutchmicrodosing.com\/wp-content\/uploads\/2021\/01\/microdosing-categorie-pic-nieuw.jpg","contentUrl":"https:\/\/dutchmicrodosing.com\/wp-content\/uploads\/2021\/01\/microdosing-categorie-pic-nieuw.jpg","width":500,"height":500,"caption":"Dutchmicrodosing"},"image":{"@id":"https:\/\/dutchmicrodosing.com\/fr\/#\/schema\/logo\/image\/"},"sameAs":["https:\/\/www.facebook.com\/Dutchmicrodosingxp\/","https:\/\/www.instagram.com\/dutchmicrodosing\/"]}]},"product_price_amount":"17.95","product_price_currency":"EUR","og_availability":"out of stock","product_availability":"out of stock","product_retailer_item_id":"3209988","product_condition":"new"},"_links":{"self":[{"href":"https:\/\/dutchmicrodosing.com\/fr\/wp-json\/wp\/v2\/product\/29184","targetHints":{"allow":["GET"]}}],"collection":[{"href":"https:\/\/dutchmicrodosing.com\/fr\/wp-json\/wp\/v2\/product"}],"about":[{"href":"https:\/\/dutchmicrodosing.com\/fr\/wp-json\/wp\/v2\/types\/product"}],"replies":[{"embeddable":true,"href":"https:\/\/dutchmicrodosing.com\/fr\/wp-json\/wp\/v2\/comments?post=29184"}],"version-history":[{"count":0,"href":"https:\/\/dutchmicrodosing.com\/fr\/wp-json\/wp\/v2\/product\/29184\/revisions"}],"wp:featuredmedia":[{"embeddable":true,"href":"https:\/\/dutchmicrodosing.com\/fr\/wp-json\/wp\/v2\/media\/29161"}],"wp:attachment":[{"href":"https:\/\/dutchmicrodosing.com\/fr\/wp-json\/wp\/v2\/media?parent=29184"}],"wp:term":[{"taxonomy":"product_brand","embeddable":true,"href":"https:\/\/dutchmicrodosing.com\/fr\/wp-json\/wp\/v2\/product_brand?post=29184"},{"taxonomy":"product_cat","embeddable":true,"href":"https:\/\/dutchmicrodosing.com\/fr\/wp-json\/wp\/v2\/product_cat?post=29184"},{"taxonomy":"product_tag","embeddable":true,"href":"https:\/\/dutchmicrodosing.com\/fr\/wp-json\/wp\/v2\/product_tag?post=29184"}],"curies":[{"name":"wp","href":"https:\/\/api.w.org\/{rel}","templated":true}]}}