{"id":29606,"date":"2023-10-31T12:32:24","date_gmt":"2023-10-31T11:32:24","guid":{"rendered":"https:\/\/dutchmicrodosing.com\/shop\/non%20class\u00e9\/psilo-qtest\/"},"modified":"2025-11-05T16:13:02","modified_gmt":"2025-11-05T15:13:02","slug":"psilo-qtest","status":"publish","type":"product","link":"https:\/\/dutchmicrodosing.com\/fr\/champignons-magiques\/kit-de-culture-all-in-one\/psilo-qtest\/","title":{"rendered":"Psilo-QTest"},"content":{"rendered":"<p>Vous \u00eates-vous d\u00e9j\u00e0 demand\u00e9 quelle quantit\u00e9 de psilocybine contient une truffe magique ou un champignon magique cultiv\u00e9 \u00e0 la maison ? Avec le <strong>test Psilo-Q<\/strong>, vous pouvez d\u00e9sormais le d\u00e9couvrir facilement chez vous. En une demi-heure seulement, vous pouvez obtenir une estimation pr\u00e9cise de la concentration de psilocybine dans le confort de votre propre cuisine. Ce kit de test est unique en son genre et offre une pr\u00e9cision \u00e9tonnante, presque comparable aux r\u00e9sultats des tests de laboratoire sp\u00e9cialis\u00e9s (HPLC) avec seulement une petite d\u00e9viation de moins de 10 %.<\/p>\n<h3>Contenu de la bo\u00eete<\/h3>\n<ul>\n<li>Gants de s\u00e9curit\u00e9<\/li>\n<li>Flacon d&rsquo;extraction en plastique avec bouchon \u00e0 vis<\/li>\n<li>Flacon en verre avec couvercle \u00e9tanche et septum<\/li>\n<li>Seringue de 1 ml<\/li>\n<li>Canule \u00e9mouss\u00e9e<\/li>\n<li>Sterifilt (filtre pour la seringue)<\/li>\n<li>Manuel en 4 \u00e9tapes simples + guide complet.<\/li>\n<\/ul>\n<h3>Testez vos champignons ou vos truffes en quatre \u00e9tapes simples<\/h3>\n<h4>Travaux pr\u00e9liminaires<\/h4>\n<p>Commencez par un bon d\u00e9part. Prenez tout le mat\u00e9riel de votre kit de test, nettoyez vos mains et vos bras et enfilez les gants fournis. Veillez \u00e0 ce que votre lieu de travail soit aseptis\u00e9 et propre, par exemple le plan de travail de votre cuisine. Peser un \u00e9chantillon d&rsquo;environ 150 mg. Faites chauffer un litre d&rsquo;eau, mais veillez \u00e0 ce qu&rsquo;elle ne bouille pas, car la psilocybine se dissout dans l&rsquo;eau bouillante !<br \/>\nConseil suppl\u00e9mentaire : pour des r\u00e9sultats optimaux, pesez une quantit\u00e9 l\u00e9g\u00e8rement sup\u00e9rieure \u00e0 la dose souhait\u00e9e. Utilisez le calculateur de champignons et de truffes recommand\u00e9. Broyer cette quantit\u00e9 avant le test.<\/p>\n<h4>Processus d&rsquo;extraction<\/h4>\n<p>Verser les champignons ou les truffes pulv\u00e9ris\u00e9s dans le flacon d&rsquo;extraction, fermer le bouchon et agiter bri\u00e8vement. Laisser reposer la fiole pendant un certain temps et r\u00e9p\u00e9ter l&rsquo;op\u00e9ration plusieurs fois. Fixez ensuite le sterifilt \u00e0 votre seringue et pr\u00e9levez 1 ml de liquide. Retirez le st\u00e9rilisateur, fixez la canule et injectez le liquide dans un bocal en verre. Attention : \u00e9vitez le contact direct de la seringue avec le liquide et veillez \u00e0 ce qu&rsquo;elle soit remplie d&rsquo;air pour \u00e9viter les \u00e9claboussures.<\/p>\n<h4>Test de couleur<\/h4>\n<p>Placer le bocal dans de l&rsquo;eau ti\u00e8de (veiller \u00e0 ce qu&rsquo;elle ne bouille pas !). Le liquide contenu dans le bocal change de couleur. Attendez environ 15 minutes avant de voir le r\u00e9sultat final. Attention au verre chaud !<\/p>\n<h4>Analyse des r\u00e9sultats<\/h4>\n<p>Vous devriez maintenant observer une variation de couleur entre le beige et le marron dans votre bocal. Utilisez l&rsquo;\u00e9chelle de couleurs fournie pour d\u00e9terminer la concentration de psilocybine par gramme. C&rsquo;est sur un fond blanc et sous un bon \u00e9clairage que l&rsquo;on voit le mieux la couleur. En fonction de la couleur, vous pouvez d\u00e9terminer la force de votre dosage.<br \/>\nExemple<\/p>\n<h3>Stockage et dur\u00e9e de conservation<\/h3>\n<p>Conserver la bo\u00eete au r\u00e9frig\u00e9rateur entre 2 \u00b0C et 8 \u00b0C. De cette fa\u00e7on, vos affaires seront conserv\u00e9es pendant 12 mois. Le liquide d&rsquo;extraction peut jaunir l\u00e9g\u00e8rement au bout d&rsquo;un certain temps, mais cela n&rsquo;a pas d&rsquo;importance pour l&rsquo;utilisation.<\/p>\n","protected":false},"excerpt":{"rendered":"<p>Vous \u00eates-vous d\u00e9j\u00e0 demand\u00e9 quelle quantit\u00e9 de psilocybine contient une truffe magique ou un champignon magique cultiv\u00e9 \u00e0 la maison ? Avec le test Psilo-Q, vous pouvez d\u00e9sormais le d\u00e9couvrir facilement chez vous. En une demi-heure seulement, vous pouvez obtenir une estimation pr\u00e9cise de la concentration de psilocybine dans le confort de votre propre cuisine. [&hellip;]<\/p>\n","protected":false},"featured_media":27457,"comment_status":"closed","ping_status":"closed","template":"","meta":[],"product_brand":[],"product_cat":[211,130,201,125],"product_tag":[],"class_list":{"0":"post-29606","1":"product","2":"type-product","3":"status-publish","4":"has-post-thumbnail","6":"product_cat-kit-de-culture-all-in-one","7":"product_cat-kits-de-culture-fresh-mushroom","8":"product_cat-truffes-magiques","9":"product_cat-truffes-magiques-bio-xp","11":"first","12":"instock","13":"taxable","14":"shipping-taxable","15":"purchasable","16":"product-type-simple"},"yoast_head":"<!-- This site is optimized with the Yoast SEO Premium plugin v26.4 (Yoast SEO v27.2) - https:\/\/yoast.com\/product\/yoast-seo-premium-wordpress\/ -->\n<title>Psilo-QTest - Dutchmicrodosing<\/title>\n<meta name=\"description\" content=\"Vous \u00eates-vous d\u00e9j\u00e0 demand\u00e9 quelle quantit\u00e9 de psilocybine contient une truffe magique ou un champignon magique cultiv\u00e9 \u00e0 la maison ? Avec le test Psilo-Q, vous pouvez d\u00e9sormais le d\u00e9couvrir facilement chez vous.\" \/>\n<meta name=\"robots\" content=\"index, follow, max-snippet:-1, max-image-preview:large, max-video-preview:-1\" \/>\n<link rel=\"canonical\" href=\"https:\/\/dutchmicrodosing.com\/fr\/champignons-magiques\/kit-de-culture-all-in-one\/psilo-qtest\/\" \/>\n<meta property=\"og:locale\" content=\"fr_FR\" \/>\n<meta property=\"og:type\" content=\"article\" \/>\n<meta property=\"og:title\" content=\"Psilo-QTest\" \/>\n<meta property=\"og:description\" content=\"Vous \u00eates-vous d\u00e9j\u00e0 demand\u00e9 quelle quantit\u00e9 de psilocybine contient une truffe magique ou un champignon magique cultiv\u00e9 \u00e0 la maison ? Avec le test\" \/>\n<meta property=\"og:url\" content=\"https:\/\/dutchmicrodosing.com\/fr\/champignons-magiques\/kit-de-culture-all-in-one\/psilo-qtest\/\" \/>\n<meta property=\"og:site_name\" content=\"Dutchmicrodosing\" \/>\n<meta property=\"article:publisher\" content=\"https:\/\/www.facebook.com\/Dutchmicrodosingxp\/\" \/>\n<meta property=\"article:modified_time\" content=\"2025-11-05T15:13:02+00:00\" \/>\n<meta property=\"og:image\" content=\"https:\/\/dutchmicrodosing.com\/wp-content\/uploads\/2023\/09\/siomotion-miraculix-jena-produkte_29von190__3.jpg\" \/>\n\t<meta property=\"og:image:width\" content=\"700\" \/>\n\t<meta property=\"og:image:height\" content=\"700\" \/>\n\t<meta property=\"og:image:type\" content=\"image\/jpeg\" \/>\n<meta name=\"twitter:card\" content=\"summary_large_image\" \/>\n<script type=\"application\/ld+json\" class=\"yoast-schema-graph\">{\"@context\":\"https:\/\/schema.org\",\"@graph\":[{\"@type\":\"WebPage\",\"@id\":\"https:\/\/dutchmicrodosing.com\/fr\/champignons-magiques\/kit-de-culture-all-in-one\/psilo-qtest\/\",\"url\":\"https:\/\/dutchmicrodosing.com\/fr\/champignons-magiques\/kit-de-culture-all-in-one\/psilo-qtest\/\",\"name\":\"Psilo-QTest - Dutchmicrodosing\",\"isPartOf\":{\"@id\":\"https:\/\/dutchmicrodosing.com\/fr\/#website\"},\"primaryImageOfPage\":{\"@id\":\"https:\/\/dutchmicrodosing.com\/fr\/champignons-magiques\/kit-de-culture-all-in-one\/psilo-qtest\/#primaryimage\"},\"image\":{\"@id\":\"https:\/\/dutchmicrodosing.com\/fr\/champignons-magiques\/kit-de-culture-all-in-one\/psilo-qtest\/#primaryimage\"},\"thumbnailUrl\":\"https:\/\/dutchmicrodosing.com\/wp-content\/uploads\/2023\/09\/siomotion-miraculix-jena-produkte_29von190__3.jpg\",\"datePublished\":\"2023-10-31T11:32:24+00:00\",\"dateModified\":\"2025-11-05T15:13:02+00:00\",\"description\":\"Vous \u00eates-vous d\u00e9j\u00e0 demand\u00e9 quelle quantit\u00e9 de psilocybine contient une truffe magique ou un champignon magique cultiv\u00e9 \u00e0 la maison ? Avec le test Psilo-Q, vous pouvez d\u00e9sormais le d\u00e9couvrir facilement chez vous.\",\"breadcrumb\":{\"@id\":\"https:\/\/dutchmicrodosing.com\/fr\/champignons-magiques\/kit-de-culture-all-in-one\/psilo-qtest\/#breadcrumb\"},\"inLanguage\":\"fr-FR\",\"potentialAction\":[{\"@type\":\"ReadAction\",\"target\":[\"https:\/\/dutchmicrodosing.com\/fr\/champignons-magiques\/kit-de-culture-all-in-one\/psilo-qtest\/\"]}]},{\"@type\":\"ImageObject\",\"inLanguage\":\"fr-FR\",\"@id\":\"https:\/\/dutchmicrodosing.com\/fr\/champignons-magiques\/kit-de-culture-all-in-one\/psilo-qtest\/#primaryimage\",\"url\":\"https:\/\/dutchmicrodosing.com\/wp-content\/uploads\/2023\/09\/siomotion-miraculix-jena-produkte_29von190__3.jpg\",\"contentUrl\":\"https:\/\/dutchmicrodosing.com\/wp-content\/uploads\/2023\/09\/siomotion-miraculix-jena-produkte_29von190__3.jpg\",\"width\":700,\"height\":700,\"caption\":\"Psilo-QTest\"},{\"@type\":\"BreadcrumbList\",\"@id\":\"https:\/\/dutchmicrodosing.com\/fr\/champignons-magiques\/kit-de-culture-all-in-one\/psilo-qtest\/#breadcrumb\",\"itemListElement\":[{\"@type\":\"ListItem\",\"position\":1,\"name\":\"Home\",\"item\":\"https:\/\/dutchmicrodosing.com\/fr\/\"},{\"@type\":\"ListItem\",\"position\":2,\"name\":\"Boutique\",\"item\":\"https:\/\/dutchmicrodosing.com\/fr\/boutique\/\"},{\"@type\":\"ListItem\",\"position\":3,\"name\":\"Psilo-QTest\"}]},{\"@type\":\"WebSite\",\"@id\":\"https:\/\/dutchmicrodosing.com\/fr\/#website\",\"url\":\"https:\/\/dutchmicrodosing.com\/fr\/\",\"name\":\"Dutchmicrodosing\",\"description\":\"\",\"publisher\":{\"@id\":\"https:\/\/dutchmicrodosing.com\/fr\/#organization\"},\"potentialAction\":[{\"@type\":\"SearchAction\",\"target\":{\"@type\":\"EntryPoint\",\"urlTemplate\":\"https:\/\/dutchmicrodosing.com\/fr\/?s={search_term_string}\"},\"query-input\":{\"@type\":\"PropertyValueSpecification\",\"valueRequired\":true,\"valueName\":\"search_term_string\"}}],\"inLanguage\":\"fr-FR\"},{\"@type\":\"Organization\",\"@id\":\"https:\/\/dutchmicrodosing.com\/fr\/#organization\",\"name\":\"Dutchmicrodosing\",\"url\":\"https:\/\/dutchmicrodosing.com\/fr\/\",\"logo\":{\"@type\":\"ImageObject\",\"inLanguage\":\"fr-FR\",\"@id\":\"https:\/\/dutchmicrodosing.com\/fr\/#\/schema\/logo\/image\/\",\"url\":\"https:\/\/dutchmicrodosing.com\/wp-content\/uploads\/2021\/01\/microdosing-categorie-pic-nieuw.jpg\",\"contentUrl\":\"https:\/\/dutchmicrodosing.com\/wp-content\/uploads\/2021\/01\/microdosing-categorie-pic-nieuw.jpg\",\"width\":500,\"height\":500,\"caption\":\"Dutchmicrodosing\"},\"image\":{\"@id\":\"https:\/\/dutchmicrodosing.com\/fr\/#\/schema\/logo\/image\/\"},\"sameAs\":[\"https:\/\/www.facebook.com\/Dutchmicrodosingxp\/\",\"https:\/\/www.instagram.com\/dutchmicrodosing\/\"]}]}<\/script>\n<meta property=\"product:price:amount\" content=\"17.95\" \/>\n<meta property=\"product:price:currency\" content=\"EUR\" \/>\n<meta property=\"og:availability\" content=\"instock\" \/>\n<meta property=\"product:availability\" content=\"instock\" \/>\n<meta property=\"product:retailer_item_id\" content=\"3209168\" \/>\n<meta property=\"product:condition\" content=\"new\" \/>\n<!-- \/ Yoast SEO Premium plugin. -->","yoast_head_json":{"title":"Psilo-QTest - Dutchmicrodosing","description":"Vous \u00eates-vous d\u00e9j\u00e0 demand\u00e9 quelle quantit\u00e9 de psilocybine contient une truffe magique ou un champignon magique cultiv\u00e9 \u00e0 la maison ? Avec le test Psilo-Q, vous pouvez d\u00e9sormais le d\u00e9couvrir facilement chez vous.","robots":{"index":"index","follow":"follow","max-snippet":"max-snippet:-1","max-image-preview":"max-image-preview:large","max-video-preview":"max-video-preview:-1"},"canonical":"https:\/\/dutchmicrodosing.com\/fr\/champignons-magiques\/kit-de-culture-all-in-one\/psilo-qtest\/","og_locale":"fr_FR","og_type":"article","og_title":"Psilo-QTest","og_description":"Vous \u00eates-vous d\u00e9j\u00e0 demand\u00e9 quelle quantit\u00e9 de psilocybine contient une truffe magique ou un champignon magique cultiv\u00e9 \u00e0 la maison ? Avec le test","og_url":"https:\/\/dutchmicrodosing.com\/fr\/champignons-magiques\/kit-de-culture-all-in-one\/psilo-qtest\/","og_site_name":"Dutchmicrodosing","article_publisher":"https:\/\/www.facebook.com\/Dutchmicrodosingxp\/","article_modified_time":"2025-11-05T15:13:02+00:00","og_image":[{"width":700,"height":700,"url":"https:\/\/dutchmicrodosing.com\/wp-content\/uploads\/2023\/09\/siomotion-miraculix-jena-produkte_29von190__3.jpg","type":"image\/jpeg"}],"twitter_card":"summary_large_image","schema":{"@context":"https:\/\/schema.org","@graph":[{"@type":"WebPage","@id":"https:\/\/dutchmicrodosing.com\/fr\/champignons-magiques\/kit-de-culture-all-in-one\/psilo-qtest\/","url":"https:\/\/dutchmicrodosing.com\/fr\/champignons-magiques\/kit-de-culture-all-in-one\/psilo-qtest\/","name":"Psilo-QTest - Dutchmicrodosing","isPartOf":{"@id":"https:\/\/dutchmicrodosing.com\/fr\/#website"},"primaryImageOfPage":{"@id":"https:\/\/dutchmicrodosing.com\/fr\/champignons-magiques\/kit-de-culture-all-in-one\/psilo-qtest\/#primaryimage"},"image":{"@id":"https:\/\/dutchmicrodosing.com\/fr\/champignons-magiques\/kit-de-culture-all-in-one\/psilo-qtest\/#primaryimage"},"thumbnailUrl":"https:\/\/dutchmicrodosing.com\/wp-content\/uploads\/2023\/09\/siomotion-miraculix-jena-produkte_29von190__3.jpg","datePublished":"2023-10-31T11:32:24+00:00","dateModified":"2025-11-05T15:13:02+00:00","description":"Vous \u00eates-vous d\u00e9j\u00e0 demand\u00e9 quelle quantit\u00e9 de psilocybine contient une truffe magique ou un champignon magique cultiv\u00e9 \u00e0 la maison ? Avec le test Psilo-Q, vous pouvez d\u00e9sormais le d\u00e9couvrir facilement chez vous.","breadcrumb":{"@id":"https:\/\/dutchmicrodosing.com\/fr\/champignons-magiques\/kit-de-culture-all-in-one\/psilo-qtest\/#breadcrumb"},"inLanguage":"fr-FR","potentialAction":[{"@type":"ReadAction","target":["https:\/\/dutchmicrodosing.com\/fr\/champignons-magiques\/kit-de-culture-all-in-one\/psilo-qtest\/"]}]},{"@type":"ImageObject","inLanguage":"fr-FR","@id":"https:\/\/dutchmicrodosing.com\/fr\/champignons-magiques\/kit-de-culture-all-in-one\/psilo-qtest\/#primaryimage","url":"https:\/\/dutchmicrodosing.com\/wp-content\/uploads\/2023\/09\/siomotion-miraculix-jena-produkte_29von190__3.jpg","contentUrl":"https:\/\/dutchmicrodosing.com\/wp-content\/uploads\/2023\/09\/siomotion-miraculix-jena-produkte_29von190__3.jpg","width":700,"height":700,"caption":"Psilo-QTest"},{"@type":"BreadcrumbList","@id":"https:\/\/dutchmicrodosing.com\/fr\/champignons-magiques\/kit-de-culture-all-in-one\/psilo-qtest\/#breadcrumb","itemListElement":[{"@type":"ListItem","position":1,"name":"Home","item":"https:\/\/dutchmicrodosing.com\/fr\/"},{"@type":"ListItem","position":2,"name":"Boutique","item":"https:\/\/dutchmicrodosing.com\/fr\/boutique\/"},{"@type":"ListItem","position":3,"name":"Psilo-QTest"}]},{"@type":"WebSite","@id":"https:\/\/dutchmicrodosing.com\/fr\/#website","url":"https:\/\/dutchmicrodosing.com\/fr\/","name":"Dutchmicrodosing","description":"","publisher":{"@id":"https:\/\/dutchmicrodosing.com\/fr\/#organization"},"potentialAction":[{"@type":"SearchAction","target":{"@type":"EntryPoint","urlTemplate":"https:\/\/dutchmicrodosing.com\/fr\/?s={search_term_string}"},"query-input":{"@type":"PropertyValueSpecification","valueRequired":true,"valueName":"search_term_string"}}],"inLanguage":"fr-FR"},{"@type":"Organization","@id":"https:\/\/dutchmicrodosing.com\/fr\/#organization","name":"Dutchmicrodosing","url":"https:\/\/dutchmicrodosing.com\/fr\/","logo":{"@type":"ImageObject","inLanguage":"fr-FR","@id":"https:\/\/dutchmicrodosing.com\/fr\/#\/schema\/logo\/image\/","url":"https:\/\/dutchmicrodosing.com\/wp-content\/uploads\/2021\/01\/microdosing-categorie-pic-nieuw.jpg","contentUrl":"https:\/\/dutchmicrodosing.com\/wp-content\/uploads\/2021\/01\/microdosing-categorie-pic-nieuw.jpg","width":500,"height":500,"caption":"Dutchmicrodosing"},"image":{"@id":"https:\/\/dutchmicrodosing.com\/fr\/#\/schema\/logo\/image\/"},"sameAs":["https:\/\/www.facebook.com\/Dutchmicrodosingxp\/","https:\/\/www.instagram.com\/dutchmicrodosing\/"]}]},"product_price_amount":"17.95","product_price_currency":"EUR","og_availability":"instock","product_availability":"instock","product_retailer_item_id":"3209168","product_condition":"new"},"_links":{"self":[{"href":"https:\/\/dutchmicrodosing.com\/fr\/wp-json\/wp\/v2\/product\/29606","targetHints":{"allow":["GET"]}}],"collection":[{"href":"https:\/\/dutchmicrodosing.com\/fr\/wp-json\/wp\/v2\/product"}],"about":[{"href":"https:\/\/dutchmicrodosing.com\/fr\/wp-json\/wp\/v2\/types\/product"}],"replies":[{"embeddable":true,"href":"https:\/\/dutchmicrodosing.com\/fr\/wp-json\/wp\/v2\/comments?post=29606"}],"version-history":[{"count":0,"href":"https:\/\/dutchmicrodosing.com\/fr\/wp-json\/wp\/v2\/product\/29606\/revisions"}],"wp:featuredmedia":[{"embeddable":true,"href":"https:\/\/dutchmicrodosing.com\/fr\/wp-json\/wp\/v2\/media\/27457"}],"wp:attachment":[{"href":"https:\/\/dutchmicrodosing.com\/fr\/wp-json\/wp\/v2\/media?parent=29606"}],"wp:term":[{"taxonomy":"product_brand","embeddable":true,"href":"https:\/\/dutchmicrodosing.com\/fr\/wp-json\/wp\/v2\/product_brand?post=29606"},{"taxonomy":"product_cat","embeddable":true,"href":"https:\/\/dutchmicrodosing.com\/fr\/wp-json\/wp\/v2\/product_cat?post=29606"},{"taxonomy":"product_tag","embeddable":true,"href":"https:\/\/dutchmicrodosing.com\/fr\/wp-json\/wp\/v2\/product_tag?post=29606"}],"curies":[{"name":"wp","href":"https:\/\/api.w.org\/{rel}","templated":true}]}}