{"id":29626,"date":"2023-10-31T12:53:58","date_gmt":"2023-10-31T11:53:58","guid":{"rendered":"https:\/\/dutchmicrodosing.com\/shop\/non%20class\u00e9\/lions-mane-lollypop-kiwi\/"},"modified":"2025-08-20T01:54:11","modified_gmt":"2025-08-19T23:54:11","slug":"lions-mane-lollypop-kiwi","status":"publish","type":"product","link":"https:\/\/dutchmicrodosing.com\/fr\/boutique-de-sante\/comestibles-aux-champignons\/lions-mane-lollypop-kiwi\/","title":{"rendered":"Crini\u00e8re de lion Lollypop &#8211; Kiwi"},"content":{"rendered":"<p>La <strong>crini\u00e8re de lion<\/strong>, \u00e9galement connue sous le nom de Hericium erinaceus ou champignon \u00e0 perruque, est un champignon remarquable \u00e0 l&rsquo;apparence particuli\u00e8re. Les fils gracieux qui pendent de ce champignon rappellent la crini\u00e8re d&rsquo;un lion. L&rsquo;une des caract\u00e9ristiques les plus int\u00e9ressantes de la crini\u00e8re de lion est sa capacit\u00e9 \u00e0 stimuler la production de facteur de croissance nerveuse (NGF). Le NGF joue un r\u00f4le crucial en tant que neurotrophine, une mol\u00e9cule essentielle au bien-\u00eatre des cellules nerveuses et \u00e0 leurs fonctions de traitement de l&rsquo;information dans notre syst\u00e8me nerveux.<\/p>\n<p>C&rsquo;est pourquoi ce champignon est souvent associ\u00e9 \u00e0 des bienfaits cognitifs et a m\u00eame \u00e9t\u00e9 appel\u00e9 \u00ab\u00a0le champignon de la pens\u00e9e\u00a0\u00bb. De nombreuses personnes font l&rsquo;exp\u00e9rience d&rsquo;une am\u00e9lioration de l&rsquo;acuit\u00e9 mentale et de la clart\u00e9 apr\u00e8s consommation. En outre, la recherche montre que le crin de lion peut contribuer \u00e0 r\u00e9duire le risque de maladie cardiovasculaire et peut \u00e9galement r\u00e9duire les sympt\u00f4mes d&rsquo;anxi\u00e9t\u00e9 et de d\u00e9pression.<\/p>\n<p>La sucette Lion&rsquo;s Mane est plus qu&rsquo;un simple bonbon : chaque sucette contient 250 mg d&rsquo;extrait de crini\u00e8re de lion, un puissant compl\u00e9ment naturel. Que vous aimiez la fra\u00eecheur du kiwi, la douceur de la fraise, le go\u00fbt riche de la myrtille ou la nuance classique du cola, il y a une saveur pour chaque fanatique de bonbons. Et le meilleur ? Ils ne contiennent pas de sucre et sont enti\u00e8rement v\u00e9g\u00e9taliens. Offrez-vous cette g\u00e2terie savoureuse et nutritive !<\/p>\n<h3>Ingr\u00e9dients<\/h3>\n<ul>\n<li>ar\u00f4me naturel kiwi<\/li>\n<li>Isomalt<\/li>\n<li>colorant (E102 et E131)<\/li>\n<li>250 mg d&rsquo;extrait de crini\u00e8re de lion<\/li>\n<\/ul>\n<h3>Conseils de stockage<\/h3>\n<p>Conserver ce produit dans un endroit sombre et frais, hors de port\u00e9e des enfants.<\/p>\n<h3>Contenu<\/h3>\n<p>Dr Candy Lollypop Kiwi avec 250 mg d&rsquo;extrait de crini\u00e8re de lion &#8211; 1x.<\/p>\n","protected":false},"excerpt":{"rendered":"<p>La crini\u00e8re de lion, \u00e9galement connue sous le nom de Hericium erinaceus ou champignon \u00e0 perruque, est un champignon remarquable \u00e0 l&rsquo;apparence particuli\u00e8re. Les fils gracieux qui pendent de ce champignon rappellent la crini\u00e8re d&rsquo;un lion. L&rsquo;une des caract\u00e9ristiques les plus int\u00e9ressantes de la crini\u00e8re de lion est sa capacit\u00e9 \u00e0 stimuler la production de [&hellip;]<\/p>\n","protected":false},"featured_media":28064,"comment_status":"closed","ping_status":"closed","template":"","meta":[],"product_brand":[],"product_cat":[326],"product_tag":[],"class_list":{"0":"post-29626","1":"product","2":"type-product","3":"status-publish","4":"has-post-thumbnail","6":"product_cat-comestibles-aux-champignons","8":"first","9":"instock","10":"taxable","11":"shipping-taxable","12":"purchasable","13":"product-type-simple"},"yoast_head":"<!-- This site is optimized with the Yoast SEO Premium plugin v26.4 (Yoast SEO v27.2) - https:\/\/yoast.com\/product\/yoast-seo-premium-wordpress\/ -->\n<title>Crini\u00e8re de lion Lollypop - Kiwi - Dutchmicrodosing<\/title>\n<meta name=\"description\" content=\"La sucette Lion&#039;s Mane est plus qu&#039;un simple bonbon : chaque sucette contient 250 mg d&#039;extrait de crini\u00e8re de lion, un puissant compl\u00e9ment naturel. Que vous ayez envie de...\" \/>\n<meta name=\"robots\" content=\"index, follow, max-snippet:-1, max-image-preview:large, max-video-preview:-1\" \/>\n<link rel=\"canonical\" href=\"https:\/\/dutchmicrodosing.com\/fr\/boutique-de-sante\/comestibles-aux-champignons\/lions-mane-lollypop-kiwi\/\" \/>\n<meta property=\"og:locale\" content=\"fr_FR\" \/>\n<meta property=\"og:type\" content=\"article\" \/>\n<meta property=\"og:title\" content=\"Crini\u00e8re de lion Lollypop - Kiwi\" \/>\n<meta property=\"og:description\" content=\"La crini\u00e8re de lion, \u00e9galement connue sous le nom de Hericium erinaceus ou champignon \u00e0 perruque, est un champignon remarquable \u00e0 l&#039;apparence\" \/>\n<meta property=\"og:url\" content=\"https:\/\/dutchmicrodosing.com\/fr\/boutique-de-sante\/comestibles-aux-champignons\/lions-mane-lollypop-kiwi\/\" \/>\n<meta property=\"og:site_name\" content=\"Dutchmicrodosing\" \/>\n<meta property=\"article:publisher\" content=\"https:\/\/www.facebook.com\/Dutchmicrodosingxp\/\" \/>\n<meta property=\"article:modified_time\" content=\"2025-08-19T23:54:11+00:00\" \/>\n<meta property=\"og:image\" content=\"https:\/\/dutchmicrodosing.com\/wp-content\/uploads\/2023\/09\/Mushroom_lolly_kiwi_1000x1000.png\" \/>\n\t<meta property=\"og:image:width\" content=\"1000\" \/>\n\t<meta property=\"og:image:height\" content=\"1000\" \/>\n\t<meta property=\"og:image:type\" content=\"image\/png\" \/>\n<meta name=\"twitter:card\" content=\"summary_large_image\" \/>\n<script type=\"application\/ld+json\" class=\"yoast-schema-graph\">{\"@context\":\"https:\/\/schema.org\",\"@graph\":[{\"@type\":\"WebPage\",\"@id\":\"https:\/\/dutchmicrodosing.com\/fr\/boutique-de-sante\/comestibles-aux-champignons\/lions-mane-lollypop-kiwi\/\",\"url\":\"https:\/\/dutchmicrodosing.com\/fr\/boutique-de-sante\/comestibles-aux-champignons\/lions-mane-lollypop-kiwi\/\",\"name\":\"Crini\u00e8re de lion Lollypop - Kiwi - Dutchmicrodosing\",\"isPartOf\":{\"@id\":\"https:\/\/dutchmicrodosing.com\/fr\/#website\"},\"primaryImageOfPage\":{\"@id\":\"https:\/\/dutchmicrodosing.com\/fr\/boutique-de-sante\/comestibles-aux-champignons\/lions-mane-lollypop-kiwi\/#primaryimage\"},\"image\":{\"@id\":\"https:\/\/dutchmicrodosing.com\/fr\/boutique-de-sante\/comestibles-aux-champignons\/lions-mane-lollypop-kiwi\/#primaryimage\"},\"thumbnailUrl\":\"https:\/\/dutchmicrodosing.com\/wp-content\/uploads\/2023\/09\/Mushroom_lolly_kiwi_1000x1000.png\",\"datePublished\":\"2023-10-31T11:53:58+00:00\",\"dateModified\":\"2025-08-19T23:54:11+00:00\",\"description\":\"La sucette Lion's Mane est plus qu'un simple bonbon : chaque sucette contient 250 mg d'extrait de crini\u00e8re de lion, un puissant compl\u00e9ment naturel. Que vous ayez envie de...\",\"breadcrumb\":{\"@id\":\"https:\/\/dutchmicrodosing.com\/fr\/boutique-de-sante\/comestibles-aux-champignons\/lions-mane-lollypop-kiwi\/#breadcrumb\"},\"inLanguage\":\"fr-FR\",\"potentialAction\":[{\"@type\":\"ReadAction\",\"target\":[\"https:\/\/dutchmicrodosing.com\/fr\/boutique-de-sante\/comestibles-aux-champignons\/lions-mane-lollypop-kiwi\/\"]}]},{\"@type\":\"ImageObject\",\"inLanguage\":\"fr-FR\",\"@id\":\"https:\/\/dutchmicrodosing.com\/fr\/boutique-de-sante\/comestibles-aux-champignons\/lions-mane-lollypop-kiwi\/#primaryimage\",\"url\":\"https:\/\/dutchmicrodosing.com\/wp-content\/uploads\/2023\/09\/Mushroom_lolly_kiwi_1000x1000.png\",\"contentUrl\":\"https:\/\/dutchmicrodosing.com\/wp-content\/uploads\/2023\/09\/Mushroom_lolly_kiwi_1000x1000.png\",\"width\":1000,\"height\":1000},{\"@type\":\"BreadcrumbList\",\"@id\":\"https:\/\/dutchmicrodosing.com\/fr\/boutique-de-sante\/comestibles-aux-champignons\/lions-mane-lollypop-kiwi\/#breadcrumb\",\"itemListElement\":[{\"@type\":\"ListItem\",\"position\":1,\"name\":\"Home\",\"item\":\"https:\/\/dutchmicrodosing.com\/fr\/\"},{\"@type\":\"ListItem\",\"position\":2,\"name\":\"Boutique\",\"item\":\"https:\/\/dutchmicrodosing.com\/fr\/boutique\/\"},{\"@type\":\"ListItem\",\"position\":3,\"name\":\"Crini\u00e8re de lion Lollypop &#8211; Kiwi\"}]},{\"@type\":\"WebSite\",\"@id\":\"https:\/\/dutchmicrodosing.com\/fr\/#website\",\"url\":\"https:\/\/dutchmicrodosing.com\/fr\/\",\"name\":\"Dutchmicrodosing\",\"description\":\"\",\"publisher\":{\"@id\":\"https:\/\/dutchmicrodosing.com\/fr\/#organization\"},\"potentialAction\":[{\"@type\":\"SearchAction\",\"target\":{\"@type\":\"EntryPoint\",\"urlTemplate\":\"https:\/\/dutchmicrodosing.com\/fr\/?s={search_term_string}\"},\"query-input\":{\"@type\":\"PropertyValueSpecification\",\"valueRequired\":true,\"valueName\":\"search_term_string\"}}],\"inLanguage\":\"fr-FR\"},{\"@type\":\"Organization\",\"@id\":\"https:\/\/dutchmicrodosing.com\/fr\/#organization\",\"name\":\"Dutchmicrodosing\",\"url\":\"https:\/\/dutchmicrodosing.com\/fr\/\",\"logo\":{\"@type\":\"ImageObject\",\"inLanguage\":\"fr-FR\",\"@id\":\"https:\/\/dutchmicrodosing.com\/fr\/#\/schema\/logo\/image\/\",\"url\":\"https:\/\/dutchmicrodosing.com\/wp-content\/uploads\/2021\/01\/microdosing-categorie-pic-nieuw.jpg\",\"contentUrl\":\"https:\/\/dutchmicrodosing.com\/wp-content\/uploads\/2021\/01\/microdosing-categorie-pic-nieuw.jpg\",\"width\":500,\"height\":500,\"caption\":\"Dutchmicrodosing\"},\"image\":{\"@id\":\"https:\/\/dutchmicrodosing.com\/fr\/#\/schema\/logo\/image\/\"},\"sameAs\":[\"https:\/\/www.facebook.com\/Dutchmicrodosingxp\/\",\"https:\/\/www.instagram.com\/dutchmicrodosing\/\"]}]}<\/script>\n<meta property=\"product:price:amount\" content=\"2.45\" \/>\n<meta property=\"product:price:currency\" content=\"EUR\" \/>\n<meta property=\"og:availability\" content=\"instock\" \/>\n<meta property=\"product:availability\" content=\"instock\" \/>\n<meta property=\"product:retailer_item_id\" content=\"3209777\" \/>\n<meta property=\"product:condition\" content=\"new\" \/>\n<!-- \/ Yoast SEO Premium plugin. -->","yoast_head_json":{"title":"Crini\u00e8re de lion Lollypop - Kiwi - Dutchmicrodosing","description":"La sucette Lion's Mane est plus qu'un simple bonbon : chaque sucette contient 250 mg d'extrait de crini\u00e8re de lion, un puissant compl\u00e9ment naturel. Que vous ayez envie de...","robots":{"index":"index","follow":"follow","max-snippet":"max-snippet:-1","max-image-preview":"max-image-preview:large","max-video-preview":"max-video-preview:-1"},"canonical":"https:\/\/dutchmicrodosing.com\/fr\/boutique-de-sante\/comestibles-aux-champignons\/lions-mane-lollypop-kiwi\/","og_locale":"fr_FR","og_type":"article","og_title":"Crini\u00e8re de lion Lollypop - Kiwi","og_description":"La crini\u00e8re de lion, \u00e9galement connue sous le nom de Hericium erinaceus ou champignon \u00e0 perruque, est un champignon remarquable \u00e0 l'apparence","og_url":"https:\/\/dutchmicrodosing.com\/fr\/boutique-de-sante\/comestibles-aux-champignons\/lions-mane-lollypop-kiwi\/","og_site_name":"Dutchmicrodosing","article_publisher":"https:\/\/www.facebook.com\/Dutchmicrodosingxp\/","article_modified_time":"2025-08-19T23:54:11+00:00","og_image":[{"width":1000,"height":1000,"url":"https:\/\/dutchmicrodosing.com\/wp-content\/uploads\/2023\/09\/Mushroom_lolly_kiwi_1000x1000.png","type":"image\/png"}],"twitter_card":"summary_large_image","schema":{"@context":"https:\/\/schema.org","@graph":[{"@type":"WebPage","@id":"https:\/\/dutchmicrodosing.com\/fr\/boutique-de-sante\/comestibles-aux-champignons\/lions-mane-lollypop-kiwi\/","url":"https:\/\/dutchmicrodosing.com\/fr\/boutique-de-sante\/comestibles-aux-champignons\/lions-mane-lollypop-kiwi\/","name":"Crini\u00e8re de lion Lollypop - Kiwi - Dutchmicrodosing","isPartOf":{"@id":"https:\/\/dutchmicrodosing.com\/fr\/#website"},"primaryImageOfPage":{"@id":"https:\/\/dutchmicrodosing.com\/fr\/boutique-de-sante\/comestibles-aux-champignons\/lions-mane-lollypop-kiwi\/#primaryimage"},"image":{"@id":"https:\/\/dutchmicrodosing.com\/fr\/boutique-de-sante\/comestibles-aux-champignons\/lions-mane-lollypop-kiwi\/#primaryimage"},"thumbnailUrl":"https:\/\/dutchmicrodosing.com\/wp-content\/uploads\/2023\/09\/Mushroom_lolly_kiwi_1000x1000.png","datePublished":"2023-10-31T11:53:58+00:00","dateModified":"2025-08-19T23:54:11+00:00","description":"La sucette Lion's Mane est plus qu'un simple bonbon : chaque sucette contient 250 mg d'extrait de crini\u00e8re de lion, un puissant compl\u00e9ment naturel. Que vous ayez envie de...","breadcrumb":{"@id":"https:\/\/dutchmicrodosing.com\/fr\/boutique-de-sante\/comestibles-aux-champignons\/lions-mane-lollypop-kiwi\/#breadcrumb"},"inLanguage":"fr-FR","potentialAction":[{"@type":"ReadAction","target":["https:\/\/dutchmicrodosing.com\/fr\/boutique-de-sante\/comestibles-aux-champignons\/lions-mane-lollypop-kiwi\/"]}]},{"@type":"ImageObject","inLanguage":"fr-FR","@id":"https:\/\/dutchmicrodosing.com\/fr\/boutique-de-sante\/comestibles-aux-champignons\/lions-mane-lollypop-kiwi\/#primaryimage","url":"https:\/\/dutchmicrodosing.com\/wp-content\/uploads\/2023\/09\/Mushroom_lolly_kiwi_1000x1000.png","contentUrl":"https:\/\/dutchmicrodosing.com\/wp-content\/uploads\/2023\/09\/Mushroom_lolly_kiwi_1000x1000.png","width":1000,"height":1000},{"@type":"BreadcrumbList","@id":"https:\/\/dutchmicrodosing.com\/fr\/boutique-de-sante\/comestibles-aux-champignons\/lions-mane-lollypop-kiwi\/#breadcrumb","itemListElement":[{"@type":"ListItem","position":1,"name":"Home","item":"https:\/\/dutchmicrodosing.com\/fr\/"},{"@type":"ListItem","position":2,"name":"Boutique","item":"https:\/\/dutchmicrodosing.com\/fr\/boutique\/"},{"@type":"ListItem","position":3,"name":"Crini\u00e8re de lion Lollypop &#8211; Kiwi"}]},{"@type":"WebSite","@id":"https:\/\/dutchmicrodosing.com\/fr\/#website","url":"https:\/\/dutchmicrodosing.com\/fr\/","name":"Dutchmicrodosing","description":"","publisher":{"@id":"https:\/\/dutchmicrodosing.com\/fr\/#organization"},"potentialAction":[{"@type":"SearchAction","target":{"@type":"EntryPoint","urlTemplate":"https:\/\/dutchmicrodosing.com\/fr\/?s={search_term_string}"},"query-input":{"@type":"PropertyValueSpecification","valueRequired":true,"valueName":"search_term_string"}}],"inLanguage":"fr-FR"},{"@type":"Organization","@id":"https:\/\/dutchmicrodosing.com\/fr\/#organization","name":"Dutchmicrodosing","url":"https:\/\/dutchmicrodosing.com\/fr\/","logo":{"@type":"ImageObject","inLanguage":"fr-FR","@id":"https:\/\/dutchmicrodosing.com\/fr\/#\/schema\/logo\/image\/","url":"https:\/\/dutchmicrodosing.com\/wp-content\/uploads\/2021\/01\/microdosing-categorie-pic-nieuw.jpg","contentUrl":"https:\/\/dutchmicrodosing.com\/wp-content\/uploads\/2021\/01\/microdosing-categorie-pic-nieuw.jpg","width":500,"height":500,"caption":"Dutchmicrodosing"},"image":{"@id":"https:\/\/dutchmicrodosing.com\/fr\/#\/schema\/logo\/image\/"},"sameAs":["https:\/\/www.facebook.com\/Dutchmicrodosingxp\/","https:\/\/www.instagram.com\/dutchmicrodosing\/"]}]},"product_price_amount":"2.45","product_price_currency":"EUR","og_availability":"instock","product_availability":"instock","product_retailer_item_id":"3209777","product_condition":"new"},"_links":{"self":[{"href":"https:\/\/dutchmicrodosing.com\/fr\/wp-json\/wp\/v2\/product\/29626","targetHints":{"allow":["GET"]}}],"collection":[{"href":"https:\/\/dutchmicrodosing.com\/fr\/wp-json\/wp\/v2\/product"}],"about":[{"href":"https:\/\/dutchmicrodosing.com\/fr\/wp-json\/wp\/v2\/types\/product"}],"replies":[{"embeddable":true,"href":"https:\/\/dutchmicrodosing.com\/fr\/wp-json\/wp\/v2\/comments?post=29626"}],"version-history":[{"count":0,"href":"https:\/\/dutchmicrodosing.com\/fr\/wp-json\/wp\/v2\/product\/29626\/revisions"}],"wp:featuredmedia":[{"embeddable":true,"href":"https:\/\/dutchmicrodosing.com\/fr\/wp-json\/wp\/v2\/media\/28064"}],"wp:attachment":[{"href":"https:\/\/dutchmicrodosing.com\/fr\/wp-json\/wp\/v2\/media?parent=29626"}],"wp:term":[{"taxonomy":"product_brand","embeddable":true,"href":"https:\/\/dutchmicrodosing.com\/fr\/wp-json\/wp\/v2\/product_brand?post=29626"},{"taxonomy":"product_cat","embeddable":true,"href":"https:\/\/dutchmicrodosing.com\/fr\/wp-json\/wp\/v2\/product_cat?post=29626"},{"taxonomy":"product_tag","embeddable":true,"href":"https:\/\/dutchmicrodosing.com\/fr\/wp-json\/wp\/v2\/product_tag?post=29626"}],"curies":[{"name":"wp","href":"https:\/\/api.w.org\/{rel}","templated":true}]}}