{"id":30078,"date":"2023-04-01T10:52:25","date_gmt":"2023-04-01T08:52:25","guid":{"rendered":"https:\/\/dutchmicrodosing.com\/shop\/non%20class\u00e9\/brain-booster-120-caps\/"},"modified":"2025-09-02T12:28:57","modified_gmt":"2025-09-02T10:28:57","slug":"brain-booster-120-caps","status":"publish","type":"product","link":"https:\/\/dutchmicrodosing.com\/fr\/champignons-medicinaux\/brain-booster-120-caps\/","title":{"rendered":"Brain Booster &#8211; 120 Caps"},"content":{"rendered":"<p>McMyco Brain Booster contient une formule c\u00e9r\u00e9brale unique. L&rsquo;ingr\u00e9dient principal est le champignon \u00e0 crini\u00e8re de lion, \u00e9galement connu comme le nutriment naturel pour les neurones. Litt\u00e9ralement, il s&rsquo;agit de <em>nutriments naturels pour les neurones <\/em>. Les neurones sont les cellules nerveuses et donc les \u00e9l\u00e9ments constitutifs du cerveau. Les g\u00e9lules pour le cerveau sont \u00e9galement enrichies d&rsquo;autres substances naturelles efficaces, dont le zinc et la vitamine C. Ces deux substances sont b\u00e9n\u00e9fiques pour la m\u00e9moire et apportent une efficacit\u00e9 suppl\u00e9mentaire.<\/p>\n<h2>Les avantages pour la sant\u00e9 de Lion&rsquo;s Mane Brain Booster Capsules<\/h2>\n<p>Le crin de lion, scientifiquement connu sous le nom de Hericium erinaceus, est un champignon comestible et m\u00e9dicinal utilis\u00e9 depuis des si\u00e8cles dans la m\u00e9decine traditionnelle chinoise et japonaise. De nos jours, les g\u00e9lules de crini\u00e8re de lion sont devenues un choix populaire pour les personnes qui cherchent \u00e0 am\u00e9liorer leur sant\u00e9 mentale et physique. Ce \u00ab\u00a0booster de cerveau\u00a0\u00bb pr\u00e9sente un certain nombre d&rsquo;avantages potentiels qui sont \u00e0 la fois fascinants et prometteurs.<\/p>\n<ul>\n<li>Renforcement cognitif<\/li>\n<li>Propri\u00e9t\u00e9s neuroprotectrices<\/li>\n<li>Renforcement du syst\u00e8me immunitaire<\/li>\n<li>Soutien \u00e0 la sant\u00e9 mentale<\/li>\n<\/ul>\n<h2>Effets de la capsule de crini\u00e8re de lion sur le cerveau<\/h2>\n<p>Le crin de lion, \u00e9galement connu sous le nom de \u00ab\u00a0Hericium erinaceus\u00a0\u00bb, est un champignon m\u00e9dicinal utilis\u00e9 dans la m\u00e9decine traditionnelle chinoise depuis des si\u00e8cles. Ces derni\u00e8res ann\u00e9es, l&rsquo;int\u00e9r\u00eat pour ce champignon a \u00e9galement augment\u00e9 dans le monde occidental, principalement en raison de ses effets positifs possibles sur le cerveau. Dans cet article, nous examinons les r\u00e9sultats de la recherche et les avantages potentiels de l&rsquo;utilisation des g\u00e9lules de crin de lion comme \u00ab\u00a0stimulant c\u00e9r\u00e9bral\u00a0\u00bb naturel.<\/p>\n<h3>Neurogen\u00e8se et plasticit\u00e9 c\u00e9r\u00e9brale<\/h3>\n<p>L&rsquo;une des propri\u00e9t\u00e9s les plus frappantes du crin de lion est sa capacit\u00e9 \u00e0 stimuler la production de nouveaux neurones, un processus connu sous le nom de neurogen\u00e8se. Cela peut conduire \u00e0 une am\u00e9lioration des fonctions cognitives et \u00e0 des niveaux plus \u00e9lev\u00e9s de plasticit\u00e9 c\u00e9r\u00e9brale, ce qui facilite l&rsquo;acquisition de nouvelles comp\u00e9tences et la m\u00e9morisation des informations.<\/p>\n<h3>Am\u00e9liorer la m\u00e9moire<\/h3>\n<p>Plusieurs \u00e9tudes ont montr\u00e9 que la prise de crin de lion peut am\u00e9liorer la fonction de la m\u00e9moire. Ceci est principalement d\u00fb \u00e0 la pr\u00e9sence d&rsquo;heric\u00e9nones et d&rsquo;\u00e9rinacines, deux types de compos\u00e9s bioactifs uniques \u00e0 ce champignon. Ils peuvent aider \u00e0 r\u00e9parer les cellules nerveuses endommag\u00e9es et am\u00e9liorer la m\u00e9moire et d&rsquo;autres fonctions cognitives.<\/p>\n<h3>Humeur et anxi\u00e9t\u00e9<\/h3>\n<p>Certaines \u00e9tudes sugg\u00e8rent que le crin de lion peut \u00e9galement avoir un effet positif sur la sant\u00e9 mentale, en r\u00e9duisant les sympt\u00f4mes d&rsquo;anxi\u00e9t\u00e9 et de d\u00e9pression. Bien que le m\u00e9canisme de cette action ne soit pas encore enti\u00e8rement compris, on pense qu&rsquo;elle affecte la production de s\u00e9rotonine et d&rsquo;autres neurotransmetteurs qui r\u00e9gulent l&rsquo;humeur.<\/p>\n<h3>Protection contre les maladies neurod\u00e9g\u00e9n\u00e9ratives<\/h3>\n<p>Des \u00e9tudes pr\u00e9liminaires sugg\u00e8rent que le crin de lion pourrait \u00e9galement avoir des effets protecteurs contre les maladies neurod\u00e9g\u00e9n\u00e9ratives telles que les maladies d&rsquo;Alzheimer et de Parkinson. Les propri\u00e9t\u00e9s antioxydantes du champignon peuvent contribuer \u00e0 r\u00e9duire l&rsquo;inflammation et le stress oxydatif, deux facteurs cl\u00e9s dans le d\u00e9veloppement de ces maladies.<\/p>\n<h3>Pr\u00e9cautions et effets secondaires<\/h3>\n<p>Bien que le crin de lion soit g\u00e9n\u00e9ralement consid\u00e9r\u00e9 comme s\u00fbr, il est important de consulter un m\u00e9decin avant de commencer \u00e0 prendre des compl\u00e9ments alimentaires, en particulier si vous prenez d\u00e9j\u00e0 des m\u00e9dicaments ou si vous souffrez d&rsquo;autres probl\u00e8mes de sant\u00e9. Les effets secondaires possibles sont des troubles gastro-intestinaux et des r\u00e9actions allergiques.<\/p>\n<p>Brain Booster peut \u00eatre utilis\u00e9 dans de nombreuses situations et convient particuli\u00e8rement bien comme compl\u00e9ment lors d&rsquo;un microdosage, par exemple avec McMicrodose.<\/p>\n<ul>\n<li>Formule efficace pour le cerveau<\/li>\n<li>Extrait standard de qualit\u00e9 McMyco<\/li>\n<li>120 g\u00e9lules v\u00e9g\u00e9taliennes par paquet<\/li>\n<li>Contient du crin de lion : nutriment naturel pour les neurones.<\/li>\n<li>Facile \u00e0 prendre<\/li>\n<li>Peut \u00e9galement \u00eatre combin\u00e9 avec d&rsquo;autres champignons m\u00e9dicinaux de McMyco.<\/li>\n<\/ul>\n<p><strong>Ingr\u00e9dients :<\/strong><\/p>\n<p>Par g\u00e9lule v\u00e9g\u00e9tale : 184 mg d&rsquo;extrait de crini\u00e8re de lion (Hericium erinaceus) biologique provenant \u00e0 100% de la fructification (champignon). Il s&rsquo;agit d&rsquo;un extrait \u00e0 spectre complet obtenu \u00e0 partir de H2O et d&rsquo;\u00e9thanol. Il s&rsquo;agit de tirer le meilleur parti des organes de fructification. Il contient 30% de polysaccharides et de b\u00eata-glucanes. 46 mg de vitamine C, 23 mg d&rsquo;alanine, 23 mg de choline, 23 mg de gaba, 23 mg de l-glutamine, 27 mg de l-histidine, 23 mg de l-th\u00e9anine, 11 mg de magn\u00e9sium, 23 mg de panex ginseng, 4,6 mg de zinc, 5,8 mg de vitamines B 1,2,6,8,11 et 12, 1,2 mg de vitamine K.<\/p>\n<p>Excipients : Citrate de magn\u00e9sium et dioxyde de silicium.<br \/>\nPosologie : prendre 1 g\u00e9lule deux fois par jour avec de l&rsquo;eau pendant les repas.<br \/>\nConseil de conservation : Conserver dans un endroit frais et sombre.<\/p>\n<p><strong>Attention :<\/strong><br \/>\nBrain Booster de McMyco est un compl\u00e9ment alimentaire et doit \u00eatre utilis\u00e9 comme tel. Ne pas d\u00e9passer l&rsquo;apport journalier recommand\u00e9. Tenir le produit hors de port\u00e9e des enfants. Consultez votre m\u00e9decin avant de l&rsquo;utiliser si vous \u00eates enceinte, si vous allaitez ou si vous avez des probl\u00e8mes de sant\u00e9.<\/p>\n","protected":false},"excerpt":{"rendered":"<p>McMyco Brain Booster contient une formule c\u00e9r\u00e9brale unique. L&rsquo;ingr\u00e9dient principal est le champignon \u00e0 crini\u00e8re de lion, \u00e9galement connu comme le nutriment naturel pour les neurones. Litt\u00e9ralement, il s&rsquo;agit de nutriments naturels pour les neurones . Les neurones sont les cellules nerveuses et donc les \u00e9l\u00e9ments constitutifs du cerveau. Les g\u00e9lules pour le cerveau sont [&hellip;]<\/p>\n","protected":false},"featured_media":22421,"comment_status":"closed","ping_status":"closed","template":"","meta":[],"product_brand":[],"product_cat":[129,321],"product_tag":[],"class_list":{"0":"post-30078","1":"product","2":"type-product","3":"status-publish","4":"has-post-thumbnail","6":"product_cat-champignons-medicinaux","7":"product_cat-supplements-pour-la-concentration","9":"first","10":"instock","11":"taxable","12":"shipping-taxable","13":"purchasable","14":"product-type-simple"},"yoast_head":"<!-- This site is optimized with the Yoast SEO Premium plugin v26.4 (Yoast SEO v27.2) - https:\/\/yoast.com\/product\/yoast-seo-premium-wordpress\/ -->\n<title>Brain Booster - 120 Caps - Dutchmicrodosing<\/title>\n<meta name=\"robots\" content=\"index, follow, max-snippet:-1, max-image-preview:large, max-video-preview:-1\" \/>\n<link rel=\"canonical\" href=\"https:\/\/dutchmicrodosing.com\/fr\/champignons-medicinaux\/brain-booster-120-caps\/\" \/>\n<meta property=\"og:locale\" content=\"fr_FR\" \/>\n<meta property=\"og:type\" content=\"article\" \/>\n<meta property=\"og:title\" content=\"Brain Booster - 120 Caps\" \/>\n<meta property=\"og:description\" content=\"McMyco Brain Booster contient une formule c\u00e9r\u00e9brale unique. L&#039;ingr\u00e9dient principal est le champignon \u00e0 crini\u00e8re de lion, \u00e9galement connu comme le\" \/>\n<meta property=\"og:url\" content=\"https:\/\/dutchmicrodosing.com\/fr\/champignons-medicinaux\/brain-booster-120-caps\/\" \/>\n<meta property=\"og:site_name\" content=\"Dutchmicrodosing\" \/>\n<meta property=\"article:publisher\" content=\"https:\/\/www.facebook.com\/Dutchmicrodosingxp\/\" \/>\n<meta property=\"article:modified_time\" content=\"2025-09-02T10:28:57+00:00\" \/>\n<meta property=\"og:image\" content=\"https:\/\/dutchmicrodosing.com\/wp-content\/uploads\/2023\/04\/BrainBooster-2-768x768-1.jpg\" \/>\n\t<meta property=\"og:image:width\" content=\"768\" \/>\n\t<meta property=\"og:image:height\" content=\"768\" \/>\n\t<meta property=\"og:image:type\" content=\"image\/jpeg\" \/>\n<meta name=\"twitter:card\" content=\"summary_large_image\" \/>\n<script type=\"application\/ld+json\" class=\"yoast-schema-graph\">{\"@context\":\"https:\/\/schema.org\",\"@graph\":[{\"@type\":\"WebPage\",\"@id\":\"https:\/\/dutchmicrodosing.com\/fr\/champignons-medicinaux\/brain-booster-120-caps\/\",\"url\":\"https:\/\/dutchmicrodosing.com\/fr\/champignons-medicinaux\/brain-booster-120-caps\/\",\"name\":\"Brain Booster - 120 Caps - Dutchmicrodosing\",\"isPartOf\":{\"@id\":\"https:\/\/dutchmicrodosing.com\/fr\/#website\"},\"primaryImageOfPage\":{\"@id\":\"https:\/\/dutchmicrodosing.com\/fr\/champignons-medicinaux\/brain-booster-120-caps\/#primaryimage\"},\"image\":{\"@id\":\"https:\/\/dutchmicrodosing.com\/fr\/champignons-medicinaux\/brain-booster-120-caps\/#primaryimage\"},\"thumbnailUrl\":\"https:\/\/dutchmicrodosing.com\/wp-content\/uploads\/2023\/04\/BrainBooster-2-768x768-1.jpg\",\"datePublished\":\"2023-04-01T08:52:25+00:00\",\"dateModified\":\"2025-09-02T10:28:57+00:00\",\"breadcrumb\":{\"@id\":\"https:\/\/dutchmicrodosing.com\/fr\/champignons-medicinaux\/brain-booster-120-caps\/#breadcrumb\"},\"inLanguage\":\"fr-FR\",\"potentialAction\":[{\"@type\":\"ReadAction\",\"target\":[\"https:\/\/dutchmicrodosing.com\/fr\/champignons-medicinaux\/brain-booster-120-caps\/\"]}]},{\"@type\":\"ImageObject\",\"inLanguage\":\"fr-FR\",\"@id\":\"https:\/\/dutchmicrodosing.com\/fr\/champignons-medicinaux\/brain-booster-120-caps\/#primaryimage\",\"url\":\"https:\/\/dutchmicrodosing.com\/wp-content\/uploads\/2023\/04\/BrainBooster-2-768x768-1.jpg\",\"contentUrl\":\"https:\/\/dutchmicrodosing.com\/wp-content\/uploads\/2023\/04\/BrainBooster-2-768x768-1.jpg\",\"width\":768,\"height\":768},{\"@type\":\"BreadcrumbList\",\"@id\":\"https:\/\/dutchmicrodosing.com\/fr\/champignons-medicinaux\/brain-booster-120-caps\/#breadcrumb\",\"itemListElement\":[{\"@type\":\"ListItem\",\"position\":1,\"name\":\"Home\",\"item\":\"https:\/\/dutchmicrodosing.com\/fr\/\"},{\"@type\":\"ListItem\",\"position\":2,\"name\":\"Boutique\",\"item\":\"https:\/\/dutchmicrodosing.com\/fr\/boutique\/\"},{\"@type\":\"ListItem\",\"position\":3,\"name\":\"Brain Booster &#8211; 120 Caps\"}]},{\"@type\":\"WebSite\",\"@id\":\"https:\/\/dutchmicrodosing.com\/fr\/#website\",\"url\":\"https:\/\/dutchmicrodosing.com\/fr\/\",\"name\":\"Dutchmicrodosing\",\"description\":\"\",\"publisher\":{\"@id\":\"https:\/\/dutchmicrodosing.com\/fr\/#organization\"},\"potentialAction\":[{\"@type\":\"SearchAction\",\"target\":{\"@type\":\"EntryPoint\",\"urlTemplate\":\"https:\/\/dutchmicrodosing.com\/fr\/?s={search_term_string}\"},\"query-input\":{\"@type\":\"PropertyValueSpecification\",\"valueRequired\":true,\"valueName\":\"search_term_string\"}}],\"inLanguage\":\"fr-FR\"},{\"@type\":\"Organization\",\"@id\":\"https:\/\/dutchmicrodosing.com\/fr\/#organization\",\"name\":\"Dutchmicrodosing\",\"url\":\"https:\/\/dutchmicrodosing.com\/fr\/\",\"logo\":{\"@type\":\"ImageObject\",\"inLanguage\":\"fr-FR\",\"@id\":\"https:\/\/dutchmicrodosing.com\/fr\/#\/schema\/logo\/image\/\",\"url\":\"https:\/\/dutchmicrodosing.com\/wp-content\/uploads\/2021\/01\/microdosing-categorie-pic-nieuw.jpg\",\"contentUrl\":\"https:\/\/dutchmicrodosing.com\/wp-content\/uploads\/2021\/01\/microdosing-categorie-pic-nieuw.jpg\",\"width\":500,\"height\":500,\"caption\":\"Dutchmicrodosing\"},\"image\":{\"@id\":\"https:\/\/dutchmicrodosing.com\/fr\/#\/schema\/logo\/image\/\"},\"sameAs\":[\"https:\/\/www.facebook.com\/Dutchmicrodosingxp\/\",\"https:\/\/www.instagram.com\/dutchmicrodosing\/\"]}]}<\/script>\n<meta property=\"product:price:amount\" content=\"34.95\" \/>\n<meta property=\"product:price:currency\" content=\"EUR\" \/>\n<meta property=\"og:availability\" content=\"instock\" \/>\n<meta property=\"product:availability\" content=\"instock\" \/>\n<meta property=\"product:retailer_item_id\" content=\"2206525\" \/>\n<meta property=\"product:condition\" content=\"new\" \/>\n<!-- \/ Yoast SEO Premium plugin. -->","yoast_head_json":{"title":"Brain Booster - 120 Caps - Dutchmicrodosing","robots":{"index":"index","follow":"follow","max-snippet":"max-snippet:-1","max-image-preview":"max-image-preview:large","max-video-preview":"max-video-preview:-1"},"canonical":"https:\/\/dutchmicrodosing.com\/fr\/champignons-medicinaux\/brain-booster-120-caps\/","og_locale":"fr_FR","og_type":"article","og_title":"Brain Booster - 120 Caps","og_description":"McMyco Brain Booster contient une formule c\u00e9r\u00e9brale unique. L'ingr\u00e9dient principal est le champignon \u00e0 crini\u00e8re de lion, \u00e9galement connu comme le","og_url":"https:\/\/dutchmicrodosing.com\/fr\/champignons-medicinaux\/brain-booster-120-caps\/","og_site_name":"Dutchmicrodosing","article_publisher":"https:\/\/www.facebook.com\/Dutchmicrodosingxp\/","article_modified_time":"2025-09-02T10:28:57+00:00","og_image":[{"width":768,"height":768,"url":"https:\/\/dutchmicrodosing.com\/wp-content\/uploads\/2023\/04\/BrainBooster-2-768x768-1.jpg","type":"image\/jpeg"}],"twitter_card":"summary_large_image","schema":{"@context":"https:\/\/schema.org","@graph":[{"@type":"WebPage","@id":"https:\/\/dutchmicrodosing.com\/fr\/champignons-medicinaux\/brain-booster-120-caps\/","url":"https:\/\/dutchmicrodosing.com\/fr\/champignons-medicinaux\/brain-booster-120-caps\/","name":"Brain Booster - 120 Caps - Dutchmicrodosing","isPartOf":{"@id":"https:\/\/dutchmicrodosing.com\/fr\/#website"},"primaryImageOfPage":{"@id":"https:\/\/dutchmicrodosing.com\/fr\/champignons-medicinaux\/brain-booster-120-caps\/#primaryimage"},"image":{"@id":"https:\/\/dutchmicrodosing.com\/fr\/champignons-medicinaux\/brain-booster-120-caps\/#primaryimage"},"thumbnailUrl":"https:\/\/dutchmicrodosing.com\/wp-content\/uploads\/2023\/04\/BrainBooster-2-768x768-1.jpg","datePublished":"2023-04-01T08:52:25+00:00","dateModified":"2025-09-02T10:28:57+00:00","breadcrumb":{"@id":"https:\/\/dutchmicrodosing.com\/fr\/champignons-medicinaux\/brain-booster-120-caps\/#breadcrumb"},"inLanguage":"fr-FR","potentialAction":[{"@type":"ReadAction","target":["https:\/\/dutchmicrodosing.com\/fr\/champignons-medicinaux\/brain-booster-120-caps\/"]}]},{"@type":"ImageObject","inLanguage":"fr-FR","@id":"https:\/\/dutchmicrodosing.com\/fr\/champignons-medicinaux\/brain-booster-120-caps\/#primaryimage","url":"https:\/\/dutchmicrodosing.com\/wp-content\/uploads\/2023\/04\/BrainBooster-2-768x768-1.jpg","contentUrl":"https:\/\/dutchmicrodosing.com\/wp-content\/uploads\/2023\/04\/BrainBooster-2-768x768-1.jpg","width":768,"height":768},{"@type":"BreadcrumbList","@id":"https:\/\/dutchmicrodosing.com\/fr\/champignons-medicinaux\/brain-booster-120-caps\/#breadcrumb","itemListElement":[{"@type":"ListItem","position":1,"name":"Home","item":"https:\/\/dutchmicrodosing.com\/fr\/"},{"@type":"ListItem","position":2,"name":"Boutique","item":"https:\/\/dutchmicrodosing.com\/fr\/boutique\/"},{"@type":"ListItem","position":3,"name":"Brain Booster &#8211; 120 Caps"}]},{"@type":"WebSite","@id":"https:\/\/dutchmicrodosing.com\/fr\/#website","url":"https:\/\/dutchmicrodosing.com\/fr\/","name":"Dutchmicrodosing","description":"","publisher":{"@id":"https:\/\/dutchmicrodosing.com\/fr\/#organization"},"potentialAction":[{"@type":"SearchAction","target":{"@type":"EntryPoint","urlTemplate":"https:\/\/dutchmicrodosing.com\/fr\/?s={search_term_string}"},"query-input":{"@type":"PropertyValueSpecification","valueRequired":true,"valueName":"search_term_string"}}],"inLanguage":"fr-FR"},{"@type":"Organization","@id":"https:\/\/dutchmicrodosing.com\/fr\/#organization","name":"Dutchmicrodosing","url":"https:\/\/dutchmicrodosing.com\/fr\/","logo":{"@type":"ImageObject","inLanguage":"fr-FR","@id":"https:\/\/dutchmicrodosing.com\/fr\/#\/schema\/logo\/image\/","url":"https:\/\/dutchmicrodosing.com\/wp-content\/uploads\/2021\/01\/microdosing-categorie-pic-nieuw.jpg","contentUrl":"https:\/\/dutchmicrodosing.com\/wp-content\/uploads\/2021\/01\/microdosing-categorie-pic-nieuw.jpg","width":500,"height":500,"caption":"Dutchmicrodosing"},"image":{"@id":"https:\/\/dutchmicrodosing.com\/fr\/#\/schema\/logo\/image\/"},"sameAs":["https:\/\/www.facebook.com\/Dutchmicrodosingxp\/","https:\/\/www.instagram.com\/dutchmicrodosing\/"]}]},"product_price_amount":"34.95","product_price_currency":"EUR","og_availability":"instock","product_availability":"instock","product_retailer_item_id":"2206525","product_condition":"new"},"_links":{"self":[{"href":"https:\/\/dutchmicrodosing.com\/fr\/wp-json\/wp\/v2\/product\/30078","targetHints":{"allow":["GET"]}}],"collection":[{"href":"https:\/\/dutchmicrodosing.com\/fr\/wp-json\/wp\/v2\/product"}],"about":[{"href":"https:\/\/dutchmicrodosing.com\/fr\/wp-json\/wp\/v2\/types\/product"}],"replies":[{"embeddable":true,"href":"https:\/\/dutchmicrodosing.com\/fr\/wp-json\/wp\/v2\/comments?post=30078"}],"version-history":[{"count":0,"href":"https:\/\/dutchmicrodosing.com\/fr\/wp-json\/wp\/v2\/product\/30078\/revisions"}],"wp:featuredmedia":[{"embeddable":true,"href":"https:\/\/dutchmicrodosing.com\/fr\/wp-json\/wp\/v2\/media\/22421"}],"wp:attachment":[{"href":"https:\/\/dutchmicrodosing.com\/fr\/wp-json\/wp\/v2\/media?parent=30078"}],"wp:term":[{"taxonomy":"product_brand","embeddable":true,"href":"https:\/\/dutchmicrodosing.com\/fr\/wp-json\/wp\/v2\/product_brand?post=30078"},{"taxonomy":"product_cat","embeddable":true,"href":"https:\/\/dutchmicrodosing.com\/fr\/wp-json\/wp\/v2\/product_cat?post=30078"},{"taxonomy":"product_tag","embeddable":true,"href":"https:\/\/dutchmicrodosing.com\/fr\/wp-json\/wp\/v2\/product_tag?post=30078"}],"curies":[{"name":"wp","href":"https:\/\/api.w.org\/{rel}","templated":true}]}}