{"id":30110,"date":"2022-04-02T20:11:03","date_gmt":"2022-04-02T18:11:03","guid":{"rendered":"https:\/\/dutchmicrodosing.com\/shop\/non%20class\u00e9\/maitake-grifola-frondosa-120-caps\/"},"modified":"2025-11-06T10:33:32","modified_gmt":"2025-11-06T09:33:32","slug":"maitake-grifola-frondosa-120-caps","status":"publish","type":"product","link":"https:\/\/dutchmicrodosing.com\/fr\/champignons-medicinaux\/maitake-grifola-frondosa-120-caps\/","title":{"rendered":"Ma\u00eftak\u00e9 (Grifola Frondosa) -120 Caps"},"content":{"rendered":"<p>Dans la recherche de moyens naturels pour am\u00e9liorer notre sant\u00e9, le champignon m\u00e9dicinal Maitake (Grifola Frondosa) est de plus en plus sous les feux de la rampe. Cet organisme particulier n&rsquo;est pas seulement un ajout savoureux aux plats culinaires, mais il offre \u00e9galement divers avantages m\u00e9dicinaux. Le Ma\u00eftak\u00e9 est utilis\u00e9 depuis des si\u00e8cles dans la m\u00e9decine traditionnelle pour traiter diverses affections. MCMyco propose ce champignon m\u00e9dicinal sous forme de g\u00e9lules faciles \u00e0 avaler. Pour plus d&rsquo;efficacit\u00e9, nous avons enrichi nos g\u00e9lules de r\u00e9sistance au Ma\u00eftak\u00e9 avec de la vitamine C et du zinc. La vitamine C et le zinc contribuent \u00e0 maintenir une bonne r\u00e9sistance et \u00e0 renforcer le syst\u00e8me immunitaire.<\/p>\n<h2>A quoi sert le champignon Maitake ?<\/h2>\n<ul>\n<li>L&rsquo;un des bienfaits les plus connus du Ma\u00eftak\u00e9 est le renforcement du syst\u00e8me immunitaire. Il contient des polysaccharides, notamment des b\u00eata-glucanes, qui contribuent \u00e0 moduler le syst\u00e8me immunitaire.<\/li>\n<li>Plusieurs \u00e9tudes sugg\u00e8rent que le Ma\u00eftak\u00e9 a des propri\u00e9t\u00e9s anticanc\u00e9reuses. Bien que des recherches suppl\u00e9mentaires soient n\u00e9cessaires, des \u00e9tudes pr\u00e9liminaires montrent qu&rsquo;il peut inhiber la croissance des tumeurs et favoriser le bien-\u00eatre des personnes qui suivent un traitement contre le cancer.<\/li>\n<li>Le ma\u00eftak\u00e9 pourrait \u00e9galement jouer un r\u00f4le dans la r\u00e9gulation du taux de sucre dans le sang, ce qui pourrait \u00eatre b\u00e9n\u00e9fique pour les personnes souffrant de diab\u00e8te.<\/li>\n<\/ul>\n<h2>Effets du champignon Ma\u00eftak\u00e9 sur l&rsquo;organisme : McMyco Maitak\u00e9<\/h2>\n<p>Le champignon Ma\u00eftak\u00e9, \u00e9galement connu sous le nom de Grifola frondosa, est un type de fruit fongique traditionnellement utilis\u00e9 dans la cuisine et la m\u00e9decine asiatiques. Ces derni\u00e8res ann\u00e9es, des \u00e9tudes scientifiques ont mis en \u00e9vidence les bienfaits potentiels de ce champignon pour la sant\u00e9. McMyco Maitake est un compl\u00e9ment de haute qualit\u00e9 contenant des extraits de ce champignon fascinant. Voici quelques-uns des effets positifs que le champignon Maitake peut avoir sur l&rsquo;organisme.<\/p>\n<h3>Renforcement du syst\u00e8me immunitaire<\/h3>\n<p>Le Ma\u00eftak\u00e9 est connu pour son potentiel de renforcement du syst\u00e8me immunitaire. Il contient des b\u00eata-glucanes, connus pour leur capacit\u00e9 \u00e0 augmenter l&rsquo;activit\u00e9 des globules blancs. Ces cellules jouent un r\u00f4le crucial dans la d\u00e9fense de l&rsquo;organisme contre les virus et les bact\u00e9ries.<\/p>\n<h3>Effet antioxydant<\/h3>\n<p>Le champignon contient des antioxydants qui neutralisent les radicaux libres. Les radicaux libres peuvent causer des dommages cellulaires et ont \u00e9t\u00e9 associ\u00e9s au vieillissement et \u00e0 plusieurs types de maladies, y compris le cancer.<\/p>\n<h3>Soutien \u00e0 la glyc\u00e9mie<\/h3>\n<p>Certaines \u00e9tudes sugg\u00e8rent que le champignon Maitake peut aider \u00e0 r\u00e9guler le taux de sucre dans le sang, ce qui peut \u00eatre particuli\u00e8rement b\u00e9n\u00e9fique pour les personnes souffrant de diab\u00e8te ou de r\u00e9sistance \u00e0 l&rsquo;insuline.<\/p>\n<h3>Promotion de la sant\u00e9 mentale<\/h3>\n<p>Bien que des recherches suppl\u00e9mentaires soient n\u00e9cessaires, certaines \u00e9tudes sugg\u00e8rent que les extraits de Ma\u00eftak\u00e9 peuvent avoir un effet calmant et aider \u00e0 r\u00e9duire le stress et l&rsquo;anxi\u00e9t\u00e9.<\/p>\n<h3>Propri\u00e9t\u00e9s anticanc\u00e9reuses possibles<\/h3>\n<p>Des \u00e9tudes pr\u00e9liminaires ont montr\u00e9 que les extraits de Ma\u00eftak\u00e9 pourraient avoir la capacit\u00e9 d&rsquo;inhiber la croissance des cellules canc\u00e9reuses. Bien qu&rsquo;elle ne doive pas \u00eatre consid\u00e9r\u00e9e comme un substitut aux traitements conventionnels du cancer, elle peut \u00eatre utilis\u00e9e comme une th\u00e9rapie compl\u00e9mentaire.<\/p>\n<h3>Am\u00e9liorer la digestion<\/h3>\n<p>Le champignon contient des fibres et des enzymes qui peuvent contribuer \u00e0 am\u00e9liorer la digestion et la sant\u00e9 du microbiome intestinal.<\/p>\n<h3>Acheter McMyco Maitake en ligne<\/h3>\n<p>McMyco garantit la qualit\u00e9 de ses produits, qui sont cultiv\u00e9s de mani\u00e8re biologique et durable. Avec un site web facile \u00e0 naviguer et une livraison rapide, il est plus facile que jamais d&rsquo;obtenir McMyco Maitake directement \u00e0 votre porte. Faites attention si vous avez des allergies, en cas de grossesse ou d&rsquo;allaitement. Il est alors conseill\u00e9 de demander conseil \u00e0 votre m\u00e9decin. Achetez ce compl\u00e9ment rapidement et facilement dans notre boutique, dans un paquet de 120 capsules.<\/p>\n<p><strong>Ingr\u00e9dients :<\/strong><\/p>\n<p>400 mg d&rsquo;extrait de Ma\u00eftak\u00e9 (Grifola Frondosa) biologique provenant \u00e0 100% du corps du fruit. Il s&rsquo;agit d&rsquo;un extrait \u00e0 spectre complet obtenu \u00e0 partir de H2O et d&rsquo;\u00e9thanol. Il s&rsquo;agit de tirer le meilleur parti des organes de fructification. Il contient 30% de polysaccharides et de b\u00eata-glucanes. Vitamine C, Zinc. Excipients : citrate de magn\u00e9sium, dioxyde de silicium.<\/p>\n<p>Excipients : citrate de magn\u00e9sium et dioxyde de silicium.<br \/>\nPosologie : prendre 1 g\u00e9lule deux fois par jour avec de l&rsquo;eau pendant les repas.<br \/>\nContenu : 120 g\u00e9lules<\/p>\n","protected":false},"excerpt":{"rendered":"<p>Dans la recherche de moyens naturels pour am\u00e9liorer notre sant\u00e9, le champignon m\u00e9dicinal Maitake (Grifola Frondosa) est de plus en plus sous les feux de la rampe. Cet organisme particulier n&rsquo;est pas seulement un ajout savoureux aux plats culinaires, mais il offre \u00e9galement divers avantages m\u00e9dicinaux. Le Ma\u00eftak\u00e9 est utilis\u00e9 depuis des si\u00e8cles dans la [&hellip;]<\/p>\n","protected":false},"featured_media":12027,"comment_status":"closed","ping_status":"closed","template":"","meta":[],"product_brand":[],"product_cat":[129,291],"product_tag":[],"class_list":{"0":"post-30110","1":"product","2":"type-product","3":"status-publish","4":"has-post-thumbnail","6":"product_cat-champignons-medicinaux","7":"product_cat-supplements-pour-le-systeme-immunitaire","9":"first","10":"instock","11":"taxable","12":"shipping-taxable","13":"purchasable","14":"product-type-simple"},"yoast_head":"<!-- This site is optimized with the Yoast SEO Premium plugin v26.4 (Yoast SEO v27.4) - https:\/\/yoast.com\/product\/yoast-seo-premium-wordpress\/ -->\n<title>Ma\u00eftak\u00e9 (Grifola Frondosa) -120 Caps - Dutchmicrodosing<\/title>\n<meta name=\"robots\" content=\"index, follow, max-snippet:-1, max-image-preview:large, max-video-preview:-1\" \/>\n<link rel=\"canonical\" href=\"https:\/\/dutchmicrodosing.com\/fr\/champignons-medicinaux\/maitake-grifola-frondosa-120-caps\/\" \/>\n<meta property=\"og:locale\" content=\"fr_FR\" \/>\n<meta property=\"og:type\" content=\"article\" \/>\n<meta property=\"og:title\" content=\"Ma\u00eftak\u00e9 (Grifola Frondosa) -120 Caps\" \/>\n<meta property=\"og:description\" content=\"Dans la recherche de moyens naturels pour am\u00e9liorer notre sant\u00e9, le champignon m\u00e9dicinal Maitake (Grifola Frondosa) est de plus en plus sous les feux de\" \/>\n<meta property=\"og:url\" content=\"https:\/\/dutchmicrodosing.com\/fr\/champignons-medicinaux\/maitake-grifola-frondosa-120-caps\/\" \/>\n<meta property=\"og:site_name\" content=\"Dutchmicrodosing\" \/>\n<meta property=\"article:publisher\" content=\"https:\/\/www.facebook.com\/Dutchmicrodosingxp\/\" \/>\n<meta property=\"article:modified_time\" content=\"2025-11-06T09:33:32+00:00\" \/>\n<meta property=\"og:image\" content=\"https:\/\/dutchmicrodosing.com\/wp-content\/uploads\/2022\/04\/Meitake-03-768x768-1.jpg\" \/>\n\t<meta property=\"og:image:width\" content=\"768\" \/>\n\t<meta property=\"og:image:height\" content=\"768\" \/>\n\t<meta property=\"og:image:type\" content=\"image\/jpeg\" \/>\n<meta name=\"twitter:card\" content=\"summary_large_image\" \/>\n<script type=\"application\/ld+json\" class=\"yoast-schema-graph\">{\"@context\":\"https:\\\/\\\/schema.org\",\"@graph\":[{\"@type\":\"WebPage\",\"@id\":\"https:\\\/\\\/dutchmicrodosing.com\\\/fr\\\/champignons-medicinaux\\\/maitake-grifola-frondosa-120-caps\\\/\",\"url\":\"https:\\\/\\\/dutchmicrodosing.com\\\/fr\\\/champignons-medicinaux\\\/maitake-grifola-frondosa-120-caps\\\/\",\"name\":\"Ma\u00eftak\u00e9 (Grifola Frondosa) -120 Caps - Dutchmicrodosing\",\"isPartOf\":{\"@id\":\"https:\\\/\\\/dutchmicrodosing.com\\\/fr\\\/#website\"},\"primaryImageOfPage\":{\"@id\":\"https:\\\/\\\/dutchmicrodosing.com\\\/fr\\\/champignons-medicinaux\\\/maitake-grifola-frondosa-120-caps\\\/#primaryimage\"},\"image\":{\"@id\":\"https:\\\/\\\/dutchmicrodosing.com\\\/fr\\\/champignons-medicinaux\\\/maitake-grifola-frondosa-120-caps\\\/#primaryimage\"},\"thumbnailUrl\":\"https:\\\/\\\/dutchmicrodosing.com\\\/wp-content\\\/uploads\\\/2022\\\/04\\\/Meitake-03-768x768-1.jpg\",\"datePublished\":\"2022-04-02T18:11:03+00:00\",\"dateModified\":\"2025-11-06T09:33:32+00:00\",\"breadcrumb\":{\"@id\":\"https:\\\/\\\/dutchmicrodosing.com\\\/fr\\\/champignons-medicinaux\\\/maitake-grifola-frondosa-120-caps\\\/#breadcrumb\"},\"inLanguage\":\"fr-FR\",\"potentialAction\":[{\"@type\":\"ReadAction\",\"target\":[\"https:\\\/\\\/dutchmicrodosing.com\\\/fr\\\/champignons-medicinaux\\\/maitake-grifola-frondosa-120-caps\\\/\"]}]},{\"@type\":\"ImageObject\",\"inLanguage\":\"fr-FR\",\"@id\":\"https:\\\/\\\/dutchmicrodosing.com\\\/fr\\\/champignons-medicinaux\\\/maitake-grifola-frondosa-120-caps\\\/#primaryimage\",\"url\":\"https:\\\/\\\/dutchmicrodosing.com\\\/wp-content\\\/uploads\\\/2022\\\/04\\\/Meitake-03-768x768-1.jpg\",\"contentUrl\":\"https:\\\/\\\/dutchmicrodosing.com\\\/wp-content\\\/uploads\\\/2022\\\/04\\\/Meitake-03-768x768-1.jpg\",\"width\":768,\"height\":768},{\"@type\":\"BreadcrumbList\",\"@id\":\"https:\\\/\\\/dutchmicrodosing.com\\\/fr\\\/champignons-medicinaux\\\/maitake-grifola-frondosa-120-caps\\\/#breadcrumb\",\"itemListElement\":[{\"@type\":\"ListItem\",\"position\":1,\"name\":\"Home\",\"item\":\"https:\\\/\\\/dutchmicrodosing.com\\\/fr\\\/\"},{\"@type\":\"ListItem\",\"position\":2,\"name\":\"Boutique\",\"item\":\"https:\\\/\\\/dutchmicrodosing.com\\\/fr\\\/boutique\\\/\"},{\"@type\":\"ListItem\",\"position\":3,\"name\":\"Ma\u00eftak\u00e9 (Grifola Frondosa) -120 Caps\"}]},{\"@type\":\"WebSite\",\"@id\":\"https:\\\/\\\/dutchmicrodosing.com\\\/fr\\\/#website\",\"url\":\"https:\\\/\\\/dutchmicrodosing.com\\\/fr\\\/\",\"name\":\"Dutchmicrodosing\",\"description\":\"\",\"publisher\":{\"@id\":\"https:\\\/\\\/dutchmicrodosing.com\\\/fr\\\/#organization\"},\"potentialAction\":[{\"@type\":\"SearchAction\",\"target\":{\"@type\":\"EntryPoint\",\"urlTemplate\":\"https:\\\/\\\/dutchmicrodosing.com\\\/fr\\\/?s={search_term_string}\"},\"query-input\":{\"@type\":\"PropertyValueSpecification\",\"valueRequired\":true,\"valueName\":\"search_term_string\"}}],\"inLanguage\":\"fr-FR\"},{\"@type\":\"Organization\",\"@id\":\"https:\\\/\\\/dutchmicrodosing.com\\\/fr\\\/#organization\",\"name\":\"Dutchmicrodosing\",\"url\":\"https:\\\/\\\/dutchmicrodosing.com\\\/fr\\\/\",\"logo\":{\"@type\":\"ImageObject\",\"inLanguage\":\"fr-FR\",\"@id\":\"https:\\\/\\\/dutchmicrodosing.com\\\/fr\\\/#\\\/schema\\\/logo\\\/image\\\/\",\"url\":\"https:\\\/\\\/dutchmicrodosing.com\\\/wp-content\\\/uploads\\\/2021\\\/01\\\/microdosing-categorie-pic-nieuw.jpg\",\"contentUrl\":\"https:\\\/\\\/dutchmicrodosing.com\\\/wp-content\\\/uploads\\\/2021\\\/01\\\/microdosing-categorie-pic-nieuw.jpg\",\"width\":500,\"height\":500,\"caption\":\"Dutchmicrodosing\"},\"image\":{\"@id\":\"https:\\\/\\\/dutchmicrodosing.com\\\/fr\\\/#\\\/schema\\\/logo\\\/image\\\/\"},\"sameAs\":[\"https:\\\/\\\/www.facebook.com\\\/Dutchmicrodosingxp\\\/\",\"https:\\\/\\\/www.instagram.com\\\/dutchmicrodosing\\\/\"]}]}<\/script>\n<meta property=\"product:price:amount\" content=\"34.95\" \/>\n<meta property=\"product:price:currency\" content=\"EUR\" \/>\n<meta property=\"og:availability\" content=\"instock\" \/>\n<meta property=\"product:availability\" content=\"instock\" \/>\n<meta property=\"product:retailer_item_id\" content=\"2203473\" \/>\n<meta property=\"product:condition\" content=\"new\" \/>\n<!-- \/ Yoast SEO Premium plugin. -->","yoast_head_json":{"title":"Ma\u00eftak\u00e9 (Grifola Frondosa) -120 Caps - Dutchmicrodosing","robots":{"index":"index","follow":"follow","max-snippet":"max-snippet:-1","max-image-preview":"max-image-preview:large","max-video-preview":"max-video-preview:-1"},"canonical":"https:\/\/dutchmicrodosing.com\/fr\/champignons-medicinaux\/maitake-grifola-frondosa-120-caps\/","og_locale":"fr_FR","og_type":"article","og_title":"Ma\u00eftak\u00e9 (Grifola Frondosa) -120 Caps","og_description":"Dans la recherche de moyens naturels pour am\u00e9liorer notre sant\u00e9, le champignon m\u00e9dicinal Maitake (Grifola Frondosa) est de plus en plus sous les feux de","og_url":"https:\/\/dutchmicrodosing.com\/fr\/champignons-medicinaux\/maitake-grifola-frondosa-120-caps\/","og_site_name":"Dutchmicrodosing","article_publisher":"https:\/\/www.facebook.com\/Dutchmicrodosingxp\/","article_modified_time":"2025-11-06T09:33:32+00:00","og_image":[{"width":768,"height":768,"url":"https:\/\/dutchmicrodosing.com\/wp-content\/uploads\/2022\/04\/Meitake-03-768x768-1.jpg","type":"image\/jpeg"}],"twitter_card":"summary_large_image","schema":{"@context":"https:\/\/schema.org","@graph":[{"@type":"WebPage","@id":"https:\/\/dutchmicrodosing.com\/fr\/champignons-medicinaux\/maitake-grifola-frondosa-120-caps\/","url":"https:\/\/dutchmicrodosing.com\/fr\/champignons-medicinaux\/maitake-grifola-frondosa-120-caps\/","name":"Ma\u00eftak\u00e9 (Grifola Frondosa) -120 Caps - Dutchmicrodosing","isPartOf":{"@id":"https:\/\/dutchmicrodosing.com\/fr\/#website"},"primaryImageOfPage":{"@id":"https:\/\/dutchmicrodosing.com\/fr\/champignons-medicinaux\/maitake-grifola-frondosa-120-caps\/#primaryimage"},"image":{"@id":"https:\/\/dutchmicrodosing.com\/fr\/champignons-medicinaux\/maitake-grifola-frondosa-120-caps\/#primaryimage"},"thumbnailUrl":"https:\/\/dutchmicrodosing.com\/wp-content\/uploads\/2022\/04\/Meitake-03-768x768-1.jpg","datePublished":"2022-04-02T18:11:03+00:00","dateModified":"2025-11-06T09:33:32+00:00","breadcrumb":{"@id":"https:\/\/dutchmicrodosing.com\/fr\/champignons-medicinaux\/maitake-grifola-frondosa-120-caps\/#breadcrumb"},"inLanguage":"fr-FR","potentialAction":[{"@type":"ReadAction","target":["https:\/\/dutchmicrodosing.com\/fr\/champignons-medicinaux\/maitake-grifola-frondosa-120-caps\/"]}]},{"@type":"ImageObject","inLanguage":"fr-FR","@id":"https:\/\/dutchmicrodosing.com\/fr\/champignons-medicinaux\/maitake-grifola-frondosa-120-caps\/#primaryimage","url":"https:\/\/dutchmicrodosing.com\/wp-content\/uploads\/2022\/04\/Meitake-03-768x768-1.jpg","contentUrl":"https:\/\/dutchmicrodosing.com\/wp-content\/uploads\/2022\/04\/Meitake-03-768x768-1.jpg","width":768,"height":768},{"@type":"BreadcrumbList","@id":"https:\/\/dutchmicrodosing.com\/fr\/champignons-medicinaux\/maitake-grifola-frondosa-120-caps\/#breadcrumb","itemListElement":[{"@type":"ListItem","position":1,"name":"Home","item":"https:\/\/dutchmicrodosing.com\/fr\/"},{"@type":"ListItem","position":2,"name":"Boutique","item":"https:\/\/dutchmicrodosing.com\/fr\/boutique\/"},{"@type":"ListItem","position":3,"name":"Ma\u00eftak\u00e9 (Grifola Frondosa) -120 Caps"}]},{"@type":"WebSite","@id":"https:\/\/dutchmicrodosing.com\/fr\/#website","url":"https:\/\/dutchmicrodosing.com\/fr\/","name":"Dutchmicrodosing","description":"","publisher":{"@id":"https:\/\/dutchmicrodosing.com\/fr\/#organization"},"potentialAction":[{"@type":"SearchAction","target":{"@type":"EntryPoint","urlTemplate":"https:\/\/dutchmicrodosing.com\/fr\/?s={search_term_string}"},"query-input":{"@type":"PropertyValueSpecification","valueRequired":true,"valueName":"search_term_string"}}],"inLanguage":"fr-FR"},{"@type":"Organization","@id":"https:\/\/dutchmicrodosing.com\/fr\/#organization","name":"Dutchmicrodosing","url":"https:\/\/dutchmicrodosing.com\/fr\/","logo":{"@type":"ImageObject","inLanguage":"fr-FR","@id":"https:\/\/dutchmicrodosing.com\/fr\/#\/schema\/logo\/image\/","url":"https:\/\/dutchmicrodosing.com\/wp-content\/uploads\/2021\/01\/microdosing-categorie-pic-nieuw.jpg","contentUrl":"https:\/\/dutchmicrodosing.com\/wp-content\/uploads\/2021\/01\/microdosing-categorie-pic-nieuw.jpg","width":500,"height":500,"caption":"Dutchmicrodosing"},"image":{"@id":"https:\/\/dutchmicrodosing.com\/fr\/#\/schema\/logo\/image\/"},"sameAs":["https:\/\/www.facebook.com\/Dutchmicrodosingxp\/","https:\/\/www.instagram.com\/dutchmicrodosing\/"]}]},"product_price_amount":"34.95","product_price_currency":"EUR","og_availability":"instock","product_availability":"instock","product_retailer_item_id":"2203473","product_condition":"new"},"_links":{"self":[{"href":"https:\/\/dutchmicrodosing.com\/fr\/wp-json\/wp\/v2\/product\/30110","targetHints":{"allow":["GET"]}}],"collection":[{"href":"https:\/\/dutchmicrodosing.com\/fr\/wp-json\/wp\/v2\/product"}],"about":[{"href":"https:\/\/dutchmicrodosing.com\/fr\/wp-json\/wp\/v2\/types\/product"}],"replies":[{"embeddable":true,"href":"https:\/\/dutchmicrodosing.com\/fr\/wp-json\/wp\/v2\/comments?post=30110"}],"version-history":[{"count":1,"href":"https:\/\/dutchmicrodosing.com\/fr\/wp-json\/wp\/v2\/product\/30110\/revisions"}],"predecessor-version":[{"id":61012,"href":"https:\/\/dutchmicrodosing.com\/fr\/wp-json\/wp\/v2\/product\/30110\/revisions\/61012"}],"wp:featuredmedia":[{"embeddable":true,"href":"https:\/\/dutchmicrodosing.com\/fr\/wp-json\/wp\/v2\/media\/12027"}],"wp:attachment":[{"href":"https:\/\/dutchmicrodosing.com\/fr\/wp-json\/wp\/v2\/media?parent=30110"}],"wp:term":[{"taxonomy":"product_brand","embeddable":true,"href":"https:\/\/dutchmicrodosing.com\/fr\/wp-json\/wp\/v2\/product_brand?post=30110"},{"taxonomy":"product_cat","embeddable":true,"href":"https:\/\/dutchmicrodosing.com\/fr\/wp-json\/wp\/v2\/product_cat?post=30110"},{"taxonomy":"product_tag","embeddable":true,"href":"https:\/\/dutchmicrodosing.com\/fr\/wp-json\/wp\/v2\/product_tag?post=30110"}],"curies":[{"name":"wp","href":"https:\/\/api.w.org\/{rel}","templated":true}]}}