{"id":30131,"date":"2022-01-15T17:38:43","date_gmt":"2023-10-31T15:38:07","guid":{"rendered":"https:\/\/dutchmicrodosing.com\/shop\/non class\u00e9\/pulverisateur-de-plantes\/"},"modified":"2023-10-31T16:38:07","modified_gmt":"2023-10-31T15:38:07","slug":"pulverisateur-de-plantes","status":"publish","type":"product","link":"https:\/\/dutchmicrodosing.com\/fr\/champignons-magiques\/kits-de-culture-fresh-mushroom\/pulverisateur-de-plantes\/","title":{"rendered":"Pulv\u00e9risateur de plantes"},"content":{"rendered":"<p>Les kits de culture de champignons doivent \u00eatre r\u00e9guli\u00e8rement arros\u00e9s avec de l&rsquo;eau propre. Ce pulv\u00e9risateur de plantes est id\u00e9al pour augmenter l&rsquo;humidit\u00e9. Avec une capacit\u00e9 de 0,9 litre, vous disposez de suffisamment d&rsquo;eau pour arroser \u00e0 la fois votre kit de culture de champignons et vos plantes.<\/p>\n<h3>contenu :<\/h3>\n<p>Pulv\u00e9risateur de plantes<\/p>\n","protected":false},"excerpt":{"rendered":"<p>Les kits de culture de champignons doivent \u00eatre r\u00e9guli\u00e8rement arros\u00e9s avec de l&rsquo;eau propre. Ce pulv\u00e9risateur de plantes est id\u00e9al pour augmenter l&rsquo;humidit\u00e9. Avec une capacit\u00e9 de 0,9 litre, vous disposez de suffisamment d&rsquo;eau pour arroser \u00e0 la fois votre kit de culture de champignons et vos plantes. contenu : Pulv\u00e9risateur de plantes<\/p>\n","protected":false},"featured_media":10478,"comment_status":"closed","ping_status":"closed","template":"","meta":[],"product_brand":[],"product_cat":[130],"product_tag":[],"class_list":{"0":"post-30131","1":"product","2":"type-product","3":"status-publish","4":"has-post-thumbnail","6":"product_cat-kits-de-culture-fresh-mushroom","8":"first","9":"instock","10":"taxable","11":"shipping-taxable","12":"purchasable","13":"product-type-simple"},"yoast_head":"<!-- This site is optimized with the Yoast SEO Premium plugin v26.4 (Yoast SEO v27.4) - https:\/\/yoast.com\/product\/yoast-seo-premium-wordpress\/ -->\n<title>Pulv\u00e9risateur de plantes - Dutchmicrodosing<\/title>\n<meta name=\"robots\" content=\"index, follow, max-snippet:-1, max-image-preview:large, max-video-preview:-1\" \/>\n<link rel=\"canonical\" href=\"https:\/\/dutchmicrodosing.com\/fr\/champignons-magiques\/kits-de-culture-fresh-mushroom\/pulverisateur-de-plantes\/\" \/>\n<meta property=\"og:locale\" content=\"fr_FR\" \/>\n<meta property=\"og:type\" content=\"article\" \/>\n<meta property=\"og:title\" content=\"Pulv\u00e9risateur de plantes\" \/>\n<meta property=\"og:description\" content=\"Les kits de culture de champignons doivent \u00eatre r\u00e9guli\u00e8rement arros\u00e9s avec de l&#039;eau propre. Ce pulv\u00e9risateur de plantes est id\u00e9al pour augmenter\" \/>\n<meta property=\"og:url\" content=\"https:\/\/dutchmicrodosing.com\/fr\/champignons-magiques\/kits-de-culture-fresh-mushroom\/pulverisateur-de-plantes\/\" \/>\n<meta property=\"og:site_name\" content=\"Dutchmicrodosing\" \/>\n<meta property=\"article:publisher\" content=\"https:\/\/www.facebook.com\/Dutchmicrodosingxp\/\" \/>\n<meta property=\"og:image\" content=\"https:\/\/dutchmicrodosing.com\/wp-content\/uploads\/2022\/01\/006580.jpg\" \/>\n\t<meta property=\"og:image:width\" content=\"1200\" \/>\n\t<meta property=\"og:image:height\" content=\"1200\" \/>\n\t<meta property=\"og:image:type\" content=\"image\/jpeg\" \/>\n<meta name=\"twitter:card\" content=\"summary_large_image\" \/>\n<script type=\"application\/ld+json\" class=\"yoast-schema-graph\">{\"@context\":\"https:\\\/\\\/schema.org\",\"@graph\":[{\"@type\":\"WebPage\",\"@id\":\"https:\\\/\\\/dutchmicrodosing.com\\\/fr\\\/champignons-magiques\\\/kits-de-culture-fresh-mushroom\\\/pulverisateur-de-plantes\\\/\",\"url\":\"https:\\\/\\\/dutchmicrodosing.com\\\/fr\\\/champignons-magiques\\\/kits-de-culture-fresh-mushroom\\\/pulverisateur-de-plantes\\\/\",\"name\":\"Pulv\u00e9risateur de plantes - Dutchmicrodosing\",\"isPartOf\":{\"@id\":\"https:\\\/\\\/dutchmicrodosing.com\\\/fr\\\/#website\"},\"primaryImageOfPage\":{\"@id\":\"https:\\\/\\\/dutchmicrodosing.com\\\/fr\\\/champignons-magiques\\\/kits-de-culture-fresh-mushroom\\\/pulverisateur-de-plantes\\\/#primaryimage\"},\"image\":{\"@id\":\"https:\\\/\\\/dutchmicrodosing.com\\\/fr\\\/champignons-magiques\\\/kits-de-culture-fresh-mushroom\\\/pulverisateur-de-plantes\\\/#primaryimage\"},\"thumbnailUrl\":\"https:\\\/\\\/dutchmicrodosing.com\\\/wp-content\\\/uploads\\\/2022\\\/01\\\/006580.jpg\",\"datePublished\":\"2023-10-31T15:38:07+00:00\",\"breadcrumb\":{\"@id\":\"https:\\\/\\\/dutchmicrodosing.com\\\/fr\\\/champignons-magiques\\\/kits-de-culture-fresh-mushroom\\\/pulverisateur-de-plantes\\\/#breadcrumb\"},\"inLanguage\":\"fr-FR\",\"potentialAction\":[{\"@type\":\"ReadAction\",\"target\":[\"https:\\\/\\\/dutchmicrodosing.com\\\/fr\\\/champignons-magiques\\\/kits-de-culture-fresh-mushroom\\\/pulverisateur-de-plantes\\\/\"]}]},{\"@type\":\"ImageObject\",\"inLanguage\":\"fr-FR\",\"@id\":\"https:\\\/\\\/dutchmicrodosing.com\\\/fr\\\/champignons-magiques\\\/kits-de-culture-fresh-mushroom\\\/pulverisateur-de-plantes\\\/#primaryimage\",\"url\":\"https:\\\/\\\/dutchmicrodosing.com\\\/wp-content\\\/uploads\\\/2022\\\/01\\\/006580.jpg\",\"contentUrl\":\"https:\\\/\\\/dutchmicrodosing.com\\\/wp-content\\\/uploads\\\/2022\\\/01\\\/006580.jpg\",\"width\":1200,\"height\":1200},{\"@type\":\"BreadcrumbList\",\"@id\":\"https:\\\/\\\/dutchmicrodosing.com\\\/fr\\\/champignons-magiques\\\/kits-de-culture-fresh-mushroom\\\/pulverisateur-de-plantes\\\/#breadcrumb\",\"itemListElement\":[{\"@type\":\"ListItem\",\"position\":1,\"name\":\"Home\",\"item\":\"https:\\\/\\\/dutchmicrodosing.com\\\/fr\\\/\"},{\"@type\":\"ListItem\",\"position\":2,\"name\":\"Boutique\",\"item\":\"https:\\\/\\\/dutchmicrodosing.com\\\/fr\\\/boutique\\\/\"},{\"@type\":\"ListItem\",\"position\":3,\"name\":\"Pulv\u00e9risateur de plantes\"}]},{\"@type\":\"WebSite\",\"@id\":\"https:\\\/\\\/dutchmicrodosing.com\\\/fr\\\/#website\",\"url\":\"https:\\\/\\\/dutchmicrodosing.com\\\/fr\\\/\",\"name\":\"Dutchmicrodosing\",\"description\":\"\",\"publisher\":{\"@id\":\"https:\\\/\\\/dutchmicrodosing.com\\\/fr\\\/#organization\"},\"potentialAction\":[{\"@type\":\"SearchAction\",\"target\":{\"@type\":\"EntryPoint\",\"urlTemplate\":\"https:\\\/\\\/dutchmicrodosing.com\\\/fr\\\/?s={search_term_string}\"},\"query-input\":{\"@type\":\"PropertyValueSpecification\",\"valueRequired\":true,\"valueName\":\"search_term_string\"}}],\"inLanguage\":\"fr-FR\"},{\"@type\":\"Organization\",\"@id\":\"https:\\\/\\\/dutchmicrodosing.com\\\/fr\\\/#organization\",\"name\":\"Dutchmicrodosing\",\"url\":\"https:\\\/\\\/dutchmicrodosing.com\\\/fr\\\/\",\"logo\":{\"@type\":\"ImageObject\",\"inLanguage\":\"fr-FR\",\"@id\":\"https:\\\/\\\/dutchmicrodosing.com\\\/fr\\\/#\\\/schema\\\/logo\\\/image\\\/\",\"url\":\"https:\\\/\\\/dutchmicrodosing.com\\\/wp-content\\\/uploads\\\/2021\\\/01\\\/microdosing-categorie-pic-nieuw.jpg\",\"contentUrl\":\"https:\\\/\\\/dutchmicrodosing.com\\\/wp-content\\\/uploads\\\/2021\\\/01\\\/microdosing-categorie-pic-nieuw.jpg\",\"width\":500,\"height\":500,\"caption\":\"Dutchmicrodosing\"},\"image\":{\"@id\":\"https:\\\/\\\/dutchmicrodosing.com\\\/fr\\\/#\\\/schema\\\/logo\\\/image\\\/\"},\"sameAs\":[\"https:\\\/\\\/www.facebook.com\\\/Dutchmicrodosingxp\\\/\",\"https:\\\/\\\/www.instagram.com\\\/dutchmicrodosing\\\/\"]}]}<\/script>\n<meta property=\"product:price:amount\" content=\"3.95\" \/>\n<meta property=\"product:price:currency\" content=\"EUR\" \/>\n<meta property=\"og:availability\" content=\"instock\" \/>\n<meta property=\"product:availability\" content=\"instock\" \/>\n<meta property=\"product:retailer_item_id\" content=\"1212166\" \/>\n<meta property=\"product:condition\" content=\"new\" \/>\n<!-- \/ Yoast SEO Premium plugin. -->","yoast_head_json":{"title":"Pulv\u00e9risateur de plantes - Dutchmicrodosing","robots":{"index":"index","follow":"follow","max-snippet":"max-snippet:-1","max-image-preview":"max-image-preview:large","max-video-preview":"max-video-preview:-1"},"canonical":"https:\/\/dutchmicrodosing.com\/fr\/champignons-magiques\/kits-de-culture-fresh-mushroom\/pulverisateur-de-plantes\/","og_locale":"fr_FR","og_type":"article","og_title":"Pulv\u00e9risateur de plantes","og_description":"Les kits de culture de champignons doivent \u00eatre r\u00e9guli\u00e8rement arros\u00e9s avec de l'eau propre. Ce pulv\u00e9risateur de plantes est id\u00e9al pour augmenter","og_url":"https:\/\/dutchmicrodosing.com\/fr\/champignons-magiques\/kits-de-culture-fresh-mushroom\/pulverisateur-de-plantes\/","og_site_name":"Dutchmicrodosing","article_publisher":"https:\/\/www.facebook.com\/Dutchmicrodosingxp\/","og_image":[{"width":1200,"height":1200,"url":"https:\/\/dutchmicrodosing.com\/wp-content\/uploads\/2022\/01\/006580.jpg","type":"image\/jpeg"}],"twitter_card":"summary_large_image","schema":{"@context":"https:\/\/schema.org","@graph":[{"@type":"WebPage","@id":"https:\/\/dutchmicrodosing.com\/fr\/champignons-magiques\/kits-de-culture-fresh-mushroom\/pulverisateur-de-plantes\/","url":"https:\/\/dutchmicrodosing.com\/fr\/champignons-magiques\/kits-de-culture-fresh-mushroom\/pulverisateur-de-plantes\/","name":"Pulv\u00e9risateur de plantes - Dutchmicrodosing","isPartOf":{"@id":"https:\/\/dutchmicrodosing.com\/fr\/#website"},"primaryImageOfPage":{"@id":"https:\/\/dutchmicrodosing.com\/fr\/champignons-magiques\/kits-de-culture-fresh-mushroom\/pulverisateur-de-plantes\/#primaryimage"},"image":{"@id":"https:\/\/dutchmicrodosing.com\/fr\/champignons-magiques\/kits-de-culture-fresh-mushroom\/pulverisateur-de-plantes\/#primaryimage"},"thumbnailUrl":"https:\/\/dutchmicrodosing.com\/wp-content\/uploads\/2022\/01\/006580.jpg","datePublished":"2023-10-31T15:38:07+00:00","breadcrumb":{"@id":"https:\/\/dutchmicrodosing.com\/fr\/champignons-magiques\/kits-de-culture-fresh-mushroom\/pulverisateur-de-plantes\/#breadcrumb"},"inLanguage":"fr-FR","potentialAction":[{"@type":"ReadAction","target":["https:\/\/dutchmicrodosing.com\/fr\/champignons-magiques\/kits-de-culture-fresh-mushroom\/pulverisateur-de-plantes\/"]}]},{"@type":"ImageObject","inLanguage":"fr-FR","@id":"https:\/\/dutchmicrodosing.com\/fr\/champignons-magiques\/kits-de-culture-fresh-mushroom\/pulverisateur-de-plantes\/#primaryimage","url":"https:\/\/dutchmicrodosing.com\/wp-content\/uploads\/2022\/01\/006580.jpg","contentUrl":"https:\/\/dutchmicrodosing.com\/wp-content\/uploads\/2022\/01\/006580.jpg","width":1200,"height":1200},{"@type":"BreadcrumbList","@id":"https:\/\/dutchmicrodosing.com\/fr\/champignons-magiques\/kits-de-culture-fresh-mushroom\/pulverisateur-de-plantes\/#breadcrumb","itemListElement":[{"@type":"ListItem","position":1,"name":"Home","item":"https:\/\/dutchmicrodosing.com\/fr\/"},{"@type":"ListItem","position":2,"name":"Boutique","item":"https:\/\/dutchmicrodosing.com\/fr\/boutique\/"},{"@type":"ListItem","position":3,"name":"Pulv\u00e9risateur de plantes"}]},{"@type":"WebSite","@id":"https:\/\/dutchmicrodosing.com\/fr\/#website","url":"https:\/\/dutchmicrodosing.com\/fr\/","name":"Dutchmicrodosing","description":"","publisher":{"@id":"https:\/\/dutchmicrodosing.com\/fr\/#organization"},"potentialAction":[{"@type":"SearchAction","target":{"@type":"EntryPoint","urlTemplate":"https:\/\/dutchmicrodosing.com\/fr\/?s={search_term_string}"},"query-input":{"@type":"PropertyValueSpecification","valueRequired":true,"valueName":"search_term_string"}}],"inLanguage":"fr-FR"},{"@type":"Organization","@id":"https:\/\/dutchmicrodosing.com\/fr\/#organization","name":"Dutchmicrodosing","url":"https:\/\/dutchmicrodosing.com\/fr\/","logo":{"@type":"ImageObject","inLanguage":"fr-FR","@id":"https:\/\/dutchmicrodosing.com\/fr\/#\/schema\/logo\/image\/","url":"https:\/\/dutchmicrodosing.com\/wp-content\/uploads\/2021\/01\/microdosing-categorie-pic-nieuw.jpg","contentUrl":"https:\/\/dutchmicrodosing.com\/wp-content\/uploads\/2021\/01\/microdosing-categorie-pic-nieuw.jpg","width":500,"height":500,"caption":"Dutchmicrodosing"},"image":{"@id":"https:\/\/dutchmicrodosing.com\/fr\/#\/schema\/logo\/image\/"},"sameAs":["https:\/\/www.facebook.com\/Dutchmicrodosingxp\/","https:\/\/www.instagram.com\/dutchmicrodosing\/"]}]},"product_price_amount":"3.95","product_price_currency":"EUR","og_availability":"instock","product_availability":"instock","product_retailer_item_id":"1212166","product_condition":"new"},"_links":{"self":[{"href":"https:\/\/dutchmicrodosing.com\/fr\/wp-json\/wp\/v2\/product\/30131","targetHints":{"allow":["GET"]}}],"collection":[{"href":"https:\/\/dutchmicrodosing.com\/fr\/wp-json\/wp\/v2\/product"}],"about":[{"href":"https:\/\/dutchmicrodosing.com\/fr\/wp-json\/wp\/v2\/types\/product"}],"replies":[{"embeddable":true,"href":"https:\/\/dutchmicrodosing.com\/fr\/wp-json\/wp\/v2\/comments?post=30131"}],"version-history":[{"count":0,"href":"https:\/\/dutchmicrodosing.com\/fr\/wp-json\/wp\/v2\/product\/30131\/revisions"}],"wp:featuredmedia":[{"embeddable":true,"href":"https:\/\/dutchmicrodosing.com\/fr\/wp-json\/wp\/v2\/media\/10478"}],"wp:attachment":[{"href":"https:\/\/dutchmicrodosing.com\/fr\/wp-json\/wp\/v2\/media?parent=30131"}],"wp:term":[{"taxonomy":"product_brand","embeddable":true,"href":"https:\/\/dutchmicrodosing.com\/fr\/wp-json\/wp\/v2\/product_brand?post=30131"},{"taxonomy":"product_cat","embeddable":true,"href":"https:\/\/dutchmicrodosing.com\/fr\/wp-json\/wp\/v2\/product_cat?post=30131"},{"taxonomy":"product_tag","embeddable":true,"href":"https:\/\/dutchmicrodosing.com\/fr\/wp-json\/wp\/v2\/product_tag?post=30131"}],"curies":[{"name":"wp","href":"https:\/\/api.w.org\/{rel}","templated":true}]}}