{"id":30794,"date":"2023-10-25T14:04:48","date_gmt":"2023-10-25T12:04:48","guid":{"rendered":"https:\/\/dutchmicrodosing.com\/shop\/non%20class\u00e9\/lions-mane-poudre-organique\/"},"modified":"2026-02-24T20:33:15","modified_gmt":"2026-02-24T19:33:15","slug":"lions-mane-poudre-organique","status":"publish","type":"product","link":"https:\/\/dutchmicrodosing.com\/fr\/champignons-medicinaux\/lions-mane-poudre-organique\/","title":{"rendered":"Crini\u00e8re de lion (Hericium Erinaceus) &#8211; Soutien c\u00e9r\u00e9bral"},"content":{"rendered":"<p>La <strong>poudre de crini\u00e8re<\/strong> de lion est un compl\u00e9ment en poudre obtenu \u00e0 partir du champignon de la crini\u00e8re de lion, \u00e9galement connu sous le nom de crini\u00e8re de lion. Ce champignon est connu pour son aspect unique, en forme de frange, qui rappelle la crini\u00e8re d&rsquo;un lion, d&rsquo;o\u00f9 son nom. La poudre est obtenue en s\u00e9chant et en broyant les champignons. Elle est souvent utilis\u00e9e pour ses effets b\u00e9n\u00e9fiques potentiels sur la sant\u00e9, notamment pour soutenir les fonctions cognitives, favoriser la croissance des nerfs et r\u00e9duire l&rsquo;inflammation.<\/p>\n<h3>Ingr\u00e9dients<\/h3>\n<p>Poudre de champignon \u00e0 crini\u00e8re de lion Bio.<\/p>\n<h3>Utilisation<\/h3>\n<p>Il est recommand\u00e9 de commencer par une petite quantit\u00e9, par exemple une demi-cuill\u00e8re \u00e0 caf\u00e9 par jour, pour voir comment votre corps r\u00e9agit. Vous pouvez augmenter progressivement le dosage jusqu&rsquo;\u00e0 un maximum de 2 cuill\u00e8res \u00e0 caf\u00e9 par jour, en fonction de vos besoins individuels et des recommandations du fabricant. Vous pouvez m\u00e9langer de la poudre de reishi \u00e0 de l&rsquo;eau chaude pour en faire un simple th\u00e9. Ajouter la poudre \u00e0 l&rsquo;eau et bien m\u00e9langer. Laisser infuser quelques minutes et boire. Vous pouvez \u00e9galement ajouter la poudre aux smoothies, aux jus de fruits, au caf\u00e9 ou au th\u00e9. Il a un go\u00fbt l\u00e9g\u00e8rement amer, vous pouvez donc ajouter du miel ou un autre \u00e9dulcorant pour en rehausser la saveur. La poudre de crini\u00e8re de lion peut \u00e9galement \u00eatre utilis\u00e9e comme ingr\u00e9dient dans les repas.<\/p>\n<h3>Conseils de stockage<\/h3>\n<p>Conservez ce produit dans un endroit sombre et frais, tel qu&rsquo;un placard de cuisine, et hors de port\u00e9e des enfants.<\/p>\n<h3>Contenu<\/h3>\n<p>Poudre de champignon \u00e0 crini\u00e8re de lion Bio &#8211; 100 grammes.<\/p>\n","protected":false},"excerpt":{"rendered":"<p>La poudre de crini\u00e8re de lion est un compl\u00e9ment en poudre obtenu \u00e0 partir du champignon de la crini\u00e8re de lion, \u00e9galement connu sous le nom de crini\u00e8re de lion. Ce champignon est connu pour son aspect unique, en forme de frange, qui rappelle la crini\u00e8re d&rsquo;un lion, d&rsquo;o\u00f9 son nom. La poudre est obtenue [&hellip;]<\/p>\n","protected":false},"featured_media":62972,"comment_status":"closed","ping_status":"closed","template":"","meta":[],"product_brand":[],"product_cat":[129,291,280],"product_tag":[],"class_list":{"0":"post-30794","1":"product","2":"type-product","3":"status-publish","4":"has-post-thumbnail","6":"product_cat-champignons-medicinaux","7":"product_cat-supplements-pour-le-systeme-immunitaire","8":"product_cat-super-aliments","10":"first","11":"instock","12":"taxable","13":"shipping-taxable","14":"purchasable","15":"product-type-simple"},"yoast_head":"<!-- This site is optimized with the Yoast SEO Premium plugin v26.4 (Yoast SEO v27.4) - https:\/\/yoast.com\/product\/yoast-seo-premium-wordpress\/ -->\n<title>Crini\u00e8re de lion (Hericium Erinaceus) - Soutien c\u00e9r\u00e9bral - Dutchmicrodosing<\/title>\n<meta name=\"description\" content=\"La poudre de crini\u00e8re de lion est un compl\u00e9ment en poudre obtenu \u00e0 partir du champignon de la crini\u00e8re de lion, \u00e9galement connu sous le nom de crini\u00e8re de lion. Ce champignon...\" \/>\n<meta name=\"robots\" content=\"index, follow, max-snippet:-1, max-image-preview:large, max-video-preview:-1\" \/>\n<link rel=\"canonical\" href=\"https:\/\/dutchmicrodosing.com\/fr\/champignons-medicinaux\/lions-mane-poudre-organique\/\" \/>\n<meta property=\"og:locale\" content=\"fr_FR\" \/>\n<meta property=\"og:type\" content=\"article\" \/>\n<meta property=\"og:title\" content=\"Crini\u00e8re de lion (Hericium Erinaceus) - Soutien c\u00e9r\u00e9bral\" \/>\n<meta property=\"og:description\" content=\"La poudre de crini\u00e8re de lion est un compl\u00e9ment en poudre obtenu \u00e0 partir du champignon de la crini\u00e8re de lion, \u00e9galement connu sous le nom de crini\u00e8re de\" \/>\n<meta property=\"og:url\" content=\"https:\/\/dutchmicrodosing.com\/fr\/champignons-medicinaux\/lions-mane-poudre-organique\/\" \/>\n<meta property=\"og:site_name\" content=\"Dutchmicrodosing\" \/>\n<meta property=\"article:publisher\" content=\"https:\/\/www.facebook.com\/Dutchmicrodosingxp\/\" \/>\n<meta property=\"article:modified_time\" content=\"2026-02-24T19:33:15+00:00\" \/>\n<meta property=\"og:image\" content=\"https:\/\/dutchmicrodosing.com\/wp-content\/uploads\/2023\/10\/Lions_Mane_1000x1000.jpg\" \/>\n\t<meta property=\"og:image:width\" content=\"1000\" \/>\n\t<meta property=\"og:image:height\" content=\"1000\" \/>\n\t<meta property=\"og:image:type\" content=\"image\/jpeg\" \/>\n<meta name=\"twitter:card\" content=\"summary_large_image\" \/>\n<script type=\"application\/ld+json\" class=\"yoast-schema-graph\">{\"@context\":\"https:\\\/\\\/schema.org\",\"@graph\":[{\"@type\":\"WebPage\",\"@id\":\"https:\\\/\\\/dutchmicrodosing.com\\\/fr\\\/champignons-medicinaux\\\/lions-mane-poudre-organique\\\/\",\"url\":\"https:\\\/\\\/dutchmicrodosing.com\\\/fr\\\/champignons-medicinaux\\\/lions-mane-poudre-organique\\\/\",\"name\":\"Crini\u00e8re de lion (Hericium Erinaceus) - Soutien c\u00e9r\u00e9bral - Dutchmicrodosing\",\"isPartOf\":{\"@id\":\"https:\\\/\\\/dutchmicrodosing.com\\\/fr\\\/#website\"},\"primaryImageOfPage\":{\"@id\":\"https:\\\/\\\/dutchmicrodosing.com\\\/fr\\\/champignons-medicinaux\\\/lions-mane-poudre-organique\\\/#primaryimage\"},\"image\":{\"@id\":\"https:\\\/\\\/dutchmicrodosing.com\\\/fr\\\/champignons-medicinaux\\\/lions-mane-poudre-organique\\\/#primaryimage\"},\"thumbnailUrl\":\"https:\\\/\\\/dutchmicrodosing.com\\\/wp-content\\\/uploads\\\/2025\\\/11\\\/Lions-Mane-Powder_1.jpg\",\"datePublished\":\"2023-10-25T12:04:48+00:00\",\"dateModified\":\"2026-02-24T19:33:15+00:00\",\"description\":\"La poudre de crini\u00e8re de lion est un compl\u00e9ment en poudre obtenu \u00e0 partir du champignon de la crini\u00e8re de lion, \u00e9galement connu sous le nom de crini\u00e8re de lion. Ce champignon...\",\"breadcrumb\":{\"@id\":\"https:\\\/\\\/dutchmicrodosing.com\\\/fr\\\/champignons-medicinaux\\\/lions-mane-poudre-organique\\\/#breadcrumb\"},\"inLanguage\":\"fr-FR\",\"potentialAction\":[{\"@type\":\"ReadAction\",\"target\":[\"https:\\\/\\\/dutchmicrodosing.com\\\/fr\\\/champignons-medicinaux\\\/lions-mane-poudre-organique\\\/\"]}]},{\"@type\":\"ImageObject\",\"inLanguage\":\"fr-FR\",\"@id\":\"https:\\\/\\\/dutchmicrodosing.com\\\/fr\\\/champignons-medicinaux\\\/lions-mane-poudre-organique\\\/#primaryimage\",\"url\":\"https:\\\/\\\/dutchmicrodosing.com\\\/wp-content\\\/uploads\\\/2025\\\/11\\\/Lions-Mane-Powder_1.jpg\",\"contentUrl\":\"https:\\\/\\\/dutchmicrodosing.com\\\/wp-content\\\/uploads\\\/2025\\\/11\\\/Lions-Mane-Powder_1.jpg\",\"width\":1500,\"height\":1500,\"caption\":\"Lion's Mane Powder\"},{\"@type\":\"BreadcrumbList\",\"@id\":\"https:\\\/\\\/dutchmicrodosing.com\\\/fr\\\/champignons-medicinaux\\\/lions-mane-poudre-organique\\\/#breadcrumb\",\"itemListElement\":[{\"@type\":\"ListItem\",\"position\":1,\"name\":\"Home\",\"item\":\"https:\\\/\\\/dutchmicrodosing.com\\\/fr\\\/\"},{\"@type\":\"ListItem\",\"position\":2,\"name\":\"Boutique\",\"item\":\"https:\\\/\\\/dutchmicrodosing.com\\\/fr\\\/boutique\\\/\"},{\"@type\":\"ListItem\",\"position\":3,\"name\":\"Crini\u00e8re de lion (Hericium Erinaceus) &#8211; Soutien c\u00e9r\u00e9bral\"}]},{\"@type\":\"WebSite\",\"@id\":\"https:\\\/\\\/dutchmicrodosing.com\\\/fr\\\/#website\",\"url\":\"https:\\\/\\\/dutchmicrodosing.com\\\/fr\\\/\",\"name\":\"Dutchmicrodosing\",\"description\":\"\",\"publisher\":{\"@id\":\"https:\\\/\\\/dutchmicrodosing.com\\\/fr\\\/#organization\"},\"potentialAction\":[{\"@type\":\"SearchAction\",\"target\":{\"@type\":\"EntryPoint\",\"urlTemplate\":\"https:\\\/\\\/dutchmicrodosing.com\\\/fr\\\/?s={search_term_string}\"},\"query-input\":{\"@type\":\"PropertyValueSpecification\",\"valueRequired\":true,\"valueName\":\"search_term_string\"}}],\"inLanguage\":\"fr-FR\"},{\"@type\":\"Organization\",\"@id\":\"https:\\\/\\\/dutchmicrodosing.com\\\/fr\\\/#organization\",\"name\":\"Dutchmicrodosing\",\"url\":\"https:\\\/\\\/dutchmicrodosing.com\\\/fr\\\/\",\"logo\":{\"@type\":\"ImageObject\",\"inLanguage\":\"fr-FR\",\"@id\":\"https:\\\/\\\/dutchmicrodosing.com\\\/fr\\\/#\\\/schema\\\/logo\\\/image\\\/\",\"url\":\"https:\\\/\\\/dutchmicrodosing.com\\\/wp-content\\\/uploads\\\/2021\\\/01\\\/microdosing-categorie-pic-nieuw.jpg\",\"contentUrl\":\"https:\\\/\\\/dutchmicrodosing.com\\\/wp-content\\\/uploads\\\/2021\\\/01\\\/microdosing-categorie-pic-nieuw.jpg\",\"width\":500,\"height\":500,\"caption\":\"Dutchmicrodosing\"},\"image\":{\"@id\":\"https:\\\/\\\/dutchmicrodosing.com\\\/fr\\\/#\\\/schema\\\/logo\\\/image\\\/\"},\"sameAs\":[\"https:\\\/\\\/www.facebook.com\\\/Dutchmicrodosingxp\\\/\",\"https:\\\/\\\/www.instagram.com\\\/dutchmicrodosing\\\/\"]}]}<\/script>\n<meta property=\"product:price:amount\" content=\"19.95\" \/>\n<meta property=\"product:price:currency\" content=\"EUR\" \/>\n<meta property=\"og:availability\" content=\"instock\" \/>\n<meta property=\"product:availability\" content=\"instock\" \/>\n<meta property=\"product:retailer_item_id\" content=\"3210509\" \/>\n<meta property=\"product:condition\" content=\"new\" \/>\n<!-- \/ Yoast SEO Premium plugin. -->","yoast_head_json":{"title":"Crini\u00e8re de lion (Hericium Erinaceus) - Soutien c\u00e9r\u00e9bral - Dutchmicrodosing","description":"La poudre de crini\u00e8re de lion est un compl\u00e9ment en poudre obtenu \u00e0 partir du champignon de la crini\u00e8re de lion, \u00e9galement connu sous le nom de crini\u00e8re de lion. Ce champignon...","robots":{"index":"index","follow":"follow","max-snippet":"max-snippet:-1","max-image-preview":"max-image-preview:large","max-video-preview":"max-video-preview:-1"},"canonical":"https:\/\/dutchmicrodosing.com\/fr\/champignons-medicinaux\/lions-mane-poudre-organique\/","og_locale":"fr_FR","og_type":"article","og_title":"Crini\u00e8re de lion (Hericium Erinaceus) - Soutien c\u00e9r\u00e9bral","og_description":"La poudre de crini\u00e8re de lion est un compl\u00e9ment en poudre obtenu \u00e0 partir du champignon de la crini\u00e8re de lion, \u00e9galement connu sous le nom de crini\u00e8re de","og_url":"https:\/\/dutchmicrodosing.com\/fr\/champignons-medicinaux\/lions-mane-poudre-organique\/","og_site_name":"Dutchmicrodosing","article_publisher":"https:\/\/www.facebook.com\/Dutchmicrodosingxp\/","article_modified_time":"2026-02-24T19:33:15+00:00","og_image":[{"width":1000,"height":1000,"url":"https:\/\/dutchmicrodosing.com\/wp-content\/uploads\/2023\/10\/Lions_Mane_1000x1000.jpg","type":"image\/jpeg"}],"twitter_card":"summary_large_image","schema":{"@context":"https:\/\/schema.org","@graph":[{"@type":"WebPage","@id":"https:\/\/dutchmicrodosing.com\/fr\/champignons-medicinaux\/lions-mane-poudre-organique\/","url":"https:\/\/dutchmicrodosing.com\/fr\/champignons-medicinaux\/lions-mane-poudre-organique\/","name":"Crini\u00e8re de lion (Hericium Erinaceus) - Soutien c\u00e9r\u00e9bral - Dutchmicrodosing","isPartOf":{"@id":"https:\/\/dutchmicrodosing.com\/fr\/#website"},"primaryImageOfPage":{"@id":"https:\/\/dutchmicrodosing.com\/fr\/champignons-medicinaux\/lions-mane-poudre-organique\/#primaryimage"},"image":{"@id":"https:\/\/dutchmicrodosing.com\/fr\/champignons-medicinaux\/lions-mane-poudre-organique\/#primaryimage"},"thumbnailUrl":"https:\/\/dutchmicrodosing.com\/wp-content\/uploads\/2025\/11\/Lions-Mane-Powder_1.jpg","datePublished":"2023-10-25T12:04:48+00:00","dateModified":"2026-02-24T19:33:15+00:00","description":"La poudre de crini\u00e8re de lion est un compl\u00e9ment en poudre obtenu \u00e0 partir du champignon de la crini\u00e8re de lion, \u00e9galement connu sous le nom de crini\u00e8re de lion. Ce champignon...","breadcrumb":{"@id":"https:\/\/dutchmicrodosing.com\/fr\/champignons-medicinaux\/lions-mane-poudre-organique\/#breadcrumb"},"inLanguage":"fr-FR","potentialAction":[{"@type":"ReadAction","target":["https:\/\/dutchmicrodosing.com\/fr\/champignons-medicinaux\/lions-mane-poudre-organique\/"]}]},{"@type":"ImageObject","inLanguage":"fr-FR","@id":"https:\/\/dutchmicrodosing.com\/fr\/champignons-medicinaux\/lions-mane-poudre-organique\/#primaryimage","url":"https:\/\/dutchmicrodosing.com\/wp-content\/uploads\/2025\/11\/Lions-Mane-Powder_1.jpg","contentUrl":"https:\/\/dutchmicrodosing.com\/wp-content\/uploads\/2025\/11\/Lions-Mane-Powder_1.jpg","width":1500,"height":1500,"caption":"Lion's Mane Powder"},{"@type":"BreadcrumbList","@id":"https:\/\/dutchmicrodosing.com\/fr\/champignons-medicinaux\/lions-mane-poudre-organique\/#breadcrumb","itemListElement":[{"@type":"ListItem","position":1,"name":"Home","item":"https:\/\/dutchmicrodosing.com\/fr\/"},{"@type":"ListItem","position":2,"name":"Boutique","item":"https:\/\/dutchmicrodosing.com\/fr\/boutique\/"},{"@type":"ListItem","position":3,"name":"Crini\u00e8re de lion (Hericium Erinaceus) &#8211; Soutien c\u00e9r\u00e9bral"}]},{"@type":"WebSite","@id":"https:\/\/dutchmicrodosing.com\/fr\/#website","url":"https:\/\/dutchmicrodosing.com\/fr\/","name":"Dutchmicrodosing","description":"","publisher":{"@id":"https:\/\/dutchmicrodosing.com\/fr\/#organization"},"potentialAction":[{"@type":"SearchAction","target":{"@type":"EntryPoint","urlTemplate":"https:\/\/dutchmicrodosing.com\/fr\/?s={search_term_string}"},"query-input":{"@type":"PropertyValueSpecification","valueRequired":true,"valueName":"search_term_string"}}],"inLanguage":"fr-FR"},{"@type":"Organization","@id":"https:\/\/dutchmicrodosing.com\/fr\/#organization","name":"Dutchmicrodosing","url":"https:\/\/dutchmicrodosing.com\/fr\/","logo":{"@type":"ImageObject","inLanguage":"fr-FR","@id":"https:\/\/dutchmicrodosing.com\/fr\/#\/schema\/logo\/image\/","url":"https:\/\/dutchmicrodosing.com\/wp-content\/uploads\/2021\/01\/microdosing-categorie-pic-nieuw.jpg","contentUrl":"https:\/\/dutchmicrodosing.com\/wp-content\/uploads\/2021\/01\/microdosing-categorie-pic-nieuw.jpg","width":500,"height":500,"caption":"Dutchmicrodosing"},"image":{"@id":"https:\/\/dutchmicrodosing.com\/fr\/#\/schema\/logo\/image\/"},"sameAs":["https:\/\/www.facebook.com\/Dutchmicrodosingxp\/","https:\/\/www.instagram.com\/dutchmicrodosing\/"]}]},"product_price_amount":"19.95","product_price_currency":"EUR","og_availability":"instock","product_availability":"instock","product_retailer_item_id":"3210509","product_condition":"new"},"_links":{"self":[{"href":"https:\/\/dutchmicrodosing.com\/fr\/wp-json\/wp\/v2\/product\/30794","targetHints":{"allow":["GET"]}}],"collection":[{"href":"https:\/\/dutchmicrodosing.com\/fr\/wp-json\/wp\/v2\/product"}],"about":[{"href":"https:\/\/dutchmicrodosing.com\/fr\/wp-json\/wp\/v2\/types\/product"}],"replies":[{"embeddable":true,"href":"https:\/\/dutchmicrodosing.com\/fr\/wp-json\/wp\/v2\/comments?post=30794"}],"version-history":[{"count":0,"href":"https:\/\/dutchmicrodosing.com\/fr\/wp-json\/wp\/v2\/product\/30794\/revisions"}],"wp:featuredmedia":[{"embeddable":true,"href":"https:\/\/dutchmicrodosing.com\/fr\/wp-json\/wp\/v2\/media\/62972"}],"wp:attachment":[{"href":"https:\/\/dutchmicrodosing.com\/fr\/wp-json\/wp\/v2\/media?parent=30794"}],"wp:term":[{"taxonomy":"product_brand","embeddable":true,"href":"https:\/\/dutchmicrodosing.com\/fr\/wp-json\/wp\/v2\/product_brand?post=30794"},{"taxonomy":"product_cat","embeddable":true,"href":"https:\/\/dutchmicrodosing.com\/fr\/wp-json\/wp\/v2\/product_cat?post=30794"},{"taxonomy":"product_tag","embeddable":true,"href":"https:\/\/dutchmicrodosing.com\/fr\/wp-json\/wp\/v2\/product_tag?post=30794"}],"curies":[{"name":"wp","href":"https:\/\/api.w.org\/{rel}","templated":true}]}}