{"id":30890,"date":"2023-11-10T08:20:20","date_gmt":"2023-11-10T07:20:20","guid":{"rendered":"https:\/\/dutchmicrodosing.com\/shop\/non%20class\u00e9\/poudre-dacai-lyophilisee-organique\/"},"modified":"2026-02-03T16:42:31","modified_gmt":"2026-02-03T15:42:31","slug":"poudre-dacai-lyophilisee-organique","status":"publish","type":"product","link":"https:\/\/dutchmicrodosing.com\/fr\/boutique-de-sante\/super-aliments\/poudre-dacai-lyophilisee-organique\/","title":{"rendered":"Acai Powder Freeze-Dried Organic"},"content":{"rendered":"<p>La baie d&rsquo;a\u00e7a\u00ed, souvent appel\u00e9e \u00ab\u00a0acia\u00a0\u00bb, est un petit fruit violet fonc\u00e9 provenant de la jungle amazonienne. Cette baie est connue depuis longtemps par les tribus indig\u00e8nes pour ses qualit\u00e9s b\u00e9n\u00e9fiques et nutritives. L&rsquo;alimentation saine et durable devenant de plus en plus populaire, la demande de <strong>poudre d&rsquo;a\u00e7a\u00ed<\/strong> biologique augmente dans le monde entier. Mais pourquoi cette poudre est-elle si sp\u00e9ciale ? Les baies d&rsquo;a\u00e7a\u00ed sont tr\u00e8s nutritives et regorgent d&rsquo;antioxydants, de fibres, d&rsquo;acides gras om\u00e9ga-3 et d&rsquo;une multitude de vitamines et de min\u00e9raux. Les antioxydants de l&rsquo;a\u00e7a\u00ed, en particulier les anthocyanines, sont connus pour leur capacit\u00e9 \u00e0 combattre les radicaux libres nocifs dans l&rsquo;organisme. Ces radicaux peuvent endommager les cellules, acc\u00e9l\u00e9rer le vieillissement et contribuer \u00e0 diverses maladies. La poudre d&rsquo;a\u00e7a\u00ed lyophilis\u00e9e biologique contient des min\u00e9raux essentiels tels que le magn\u00e9sium, le zinc et le fer, et est riche en phytonutriments. Il s&rsquo;agit donc d&rsquo;un excellent compl\u00e9ment \u00e0 une alimentation \u00e9quilibr\u00e9e.<\/p>\n<h3>Ingr\u00e9dient<\/h3>\n<p>Pulpe d&rsquo;a\u00e7a\u00ef 100% biologique (sans \u00e9corce ni graines).<\/p>\n<h3>Fonctionnement<\/h3>\n<ul>\n<li>Am\u00e9lioration de l&rsquo;\u00e9tat de la peau.<\/li>\n<li>Am\u00e9lioration cognitive.<\/li>\n<li>Assure une d\u00e9sintoxication naturelle.<\/li>\n<li>Contribue \u00e0 une bonne digestion.<\/li>\n<li>Prot\u00e8ge contre les maladies cardiovasculaires.<\/li>\n<li>Sati\u00e9t\u00e9 et aide \u00e0 la perte de poids.<\/li>\n<\/ul>\n<h3>Utilisation<\/h3>\n<ul>\n<li>Prendre 2 \u00e0 3 grammes par jour.<\/li>\n<li>Conserver dans un endroit sombre et frais.<\/li>\n<li>Tenir hors de port\u00e9e des enfants.<\/li>\n<\/ul>\n<h3>Conseils de stockage<\/h3>\n<p>Conservez ce produit dans un endroit sombre et frais, tel qu&rsquo;un placard de cuisine, et hors de port\u00e9e des enfants.<\/p>\n<h3>Contenu<\/h3>\n<p>Pulpe d&rsquo;a\u00e7a\u00ef 100% biologique (sans \u00e9corce ni graines) &#8211; 100 g.<\/p>\n","protected":false},"excerpt":{"rendered":"<p>La baie d&rsquo;a\u00e7a\u00ed, souvent appel\u00e9e \u00ab\u00a0acia\u00a0\u00bb, est un petit fruit violet fonc\u00e9 provenant de la jungle amazonienne. Cette baie est connue depuis longtemps par les tribus indig\u00e8nes pour ses qualit\u00e9s b\u00e9n\u00e9fiques et nutritives. L&rsquo;alimentation saine et durable devenant de plus en plus populaire, la demande de poudre d&rsquo;a\u00e7a\u00ed biologique augmente dans le monde entier. Mais [&hellip;]<\/p>\n","protected":false},"featured_media":30884,"comment_status":"closed","ping_status":"closed","template":"","meta":[],"product_brand":[],"product_cat":[291,280],"product_tag":[],"class_list":{"0":"post-30890","1":"product","2":"type-product","3":"status-publish","4":"has-post-thumbnail","6":"product_cat-supplements-pour-le-systeme-immunitaire","7":"product_cat-super-aliments","9":"first","10":"instock","11":"taxable","12":"shipping-taxable","13":"purchasable","14":"product-type-simple"},"yoast_head":"<!-- This site is optimized with the Yoast SEO Premium plugin v26.4 (Yoast SEO v27.4) - https:\/\/yoast.com\/product\/yoast-seo-premium-wordpress\/ -->\n<title>Acai Powder Freeze-Dried Organic - Dutchmicrodosing<\/title>\n<meta name=\"description\" content=\"La baie d&#039;a\u00e7a\u00ed, souvent appel\u00e9e &quot;acia&quot;, est un petit fruit violet fonc\u00e9 provenant de la jungle amazonienne. Cette baie est connue depuis longtemps par les tribus indig\u00e8nes\" \/>\n<meta name=\"robots\" content=\"index, follow, max-snippet:-1, max-image-preview:large, max-video-preview:-1\" \/>\n<link rel=\"canonical\" href=\"https:\/\/dutchmicrodosing.com\/fr\/boutique-de-sante\/super-aliments\/poudre-dacai-lyophilisee-organique\/\" \/>\n<meta property=\"og:locale\" content=\"fr_FR\" \/>\n<meta property=\"og:type\" content=\"article\" \/>\n<meta property=\"og:title\" content=\"Acai Powder Freeze-Dried Organic\" \/>\n<meta property=\"og:description\" content=\"La baie d&#039;a\u00e7a\u00ed, souvent appel\u00e9e &quot;acia&quot;, est un petit fruit violet fonc\u00e9 provenant de la jungle amazonienne. Cette baie est connue depuis longtemps par les\" \/>\n<meta property=\"og:url\" content=\"https:\/\/dutchmicrodosing.com\/fr\/boutique-de-sante\/super-aliments\/poudre-dacai-lyophilisee-organique\/\" \/>\n<meta property=\"og:site_name\" content=\"Dutchmicrodosing\" \/>\n<meta property=\"article:publisher\" content=\"https:\/\/www.facebook.com\/Dutchmicrodosingxp\/\" \/>\n<meta property=\"article:modified_time\" content=\"2026-02-03T15:42:31+00:00\" \/>\n<meta property=\"og:image\" content=\"https:\/\/dutchmicrodosing.com\/wp-content\/uploads\/2023\/11\/superfoods_acai2_8_185-1.webp\" \/>\n\t<meta property=\"og:image:width\" content=\"440\" \/>\n\t<meta property=\"og:image:height\" content=\"440\" \/>\n\t<meta property=\"og:image:type\" content=\"image\/webp\" \/>\n<meta name=\"twitter:card\" content=\"summary_large_image\" \/>\n<script type=\"application\/ld+json\" class=\"yoast-schema-graph\">{\"@context\":\"https:\\\/\\\/schema.org\",\"@graph\":[{\"@type\":\"WebPage\",\"@id\":\"https:\\\/\\\/dutchmicrodosing.com\\\/fr\\\/boutique-de-sante\\\/super-aliments\\\/poudre-dacai-lyophilisee-organique\\\/\",\"url\":\"https:\\\/\\\/dutchmicrodosing.com\\\/fr\\\/boutique-de-sante\\\/super-aliments\\\/poudre-dacai-lyophilisee-organique\\\/\",\"name\":\"Acai Powder Freeze-Dried Organic - Dutchmicrodosing\",\"isPartOf\":{\"@id\":\"https:\\\/\\\/dutchmicrodosing.com\\\/fr\\\/#website\"},\"primaryImageOfPage\":{\"@id\":\"https:\\\/\\\/dutchmicrodosing.com\\\/fr\\\/boutique-de-sante\\\/super-aliments\\\/poudre-dacai-lyophilisee-organique\\\/#primaryimage\"},\"image\":{\"@id\":\"https:\\\/\\\/dutchmicrodosing.com\\\/fr\\\/boutique-de-sante\\\/super-aliments\\\/poudre-dacai-lyophilisee-organique\\\/#primaryimage\"},\"thumbnailUrl\":\"https:\\\/\\\/dutchmicrodosing.com\\\/wp-content\\\/uploads\\\/2023\\\/11\\\/superfoods_acai2_8_185-1.webp\",\"datePublished\":\"2023-11-10T07:20:20+00:00\",\"dateModified\":\"2026-02-03T15:42:31+00:00\",\"description\":\"La baie d'a\u00e7a\u00ed, souvent appel\u00e9e \\\"acia\\\", est un petit fruit violet fonc\u00e9 provenant de la jungle amazonienne. Cette baie est connue depuis longtemps par les tribus indig\u00e8nes\",\"breadcrumb\":{\"@id\":\"https:\\\/\\\/dutchmicrodosing.com\\\/fr\\\/boutique-de-sante\\\/super-aliments\\\/poudre-dacai-lyophilisee-organique\\\/#breadcrumb\"},\"inLanguage\":\"fr-FR\",\"potentialAction\":[{\"@type\":\"ReadAction\",\"target\":[\"https:\\\/\\\/dutchmicrodosing.com\\\/fr\\\/boutique-de-sante\\\/super-aliments\\\/poudre-dacai-lyophilisee-organique\\\/\"]}]},{\"@type\":\"ImageObject\",\"inLanguage\":\"fr-FR\",\"@id\":\"https:\\\/\\\/dutchmicrodosing.com\\\/fr\\\/boutique-de-sante\\\/super-aliments\\\/poudre-dacai-lyophilisee-organique\\\/#primaryimage\",\"url\":\"https:\\\/\\\/dutchmicrodosing.com\\\/wp-content\\\/uploads\\\/2023\\\/11\\\/superfoods_acai2_8_185-1.webp\",\"contentUrl\":\"https:\\\/\\\/dutchmicrodosing.com\\\/wp-content\\\/uploads\\\/2023\\\/11\\\/superfoods_acai2_8_185-1.webp\",\"width\":440,\"height\":440},{\"@type\":\"BreadcrumbList\",\"@id\":\"https:\\\/\\\/dutchmicrodosing.com\\\/fr\\\/boutique-de-sante\\\/super-aliments\\\/poudre-dacai-lyophilisee-organique\\\/#breadcrumb\",\"itemListElement\":[{\"@type\":\"ListItem\",\"position\":1,\"name\":\"Home\",\"item\":\"https:\\\/\\\/dutchmicrodosing.com\\\/fr\\\/\"},{\"@type\":\"ListItem\",\"position\":2,\"name\":\"Boutique\",\"item\":\"https:\\\/\\\/dutchmicrodosing.com\\\/fr\\\/boutique\\\/\"},{\"@type\":\"ListItem\",\"position\":3,\"name\":\"Acai Powder Freeze-Dried Organic\"}]},{\"@type\":\"WebSite\",\"@id\":\"https:\\\/\\\/dutchmicrodosing.com\\\/fr\\\/#website\",\"url\":\"https:\\\/\\\/dutchmicrodosing.com\\\/fr\\\/\",\"name\":\"Dutchmicrodosing\",\"description\":\"\",\"publisher\":{\"@id\":\"https:\\\/\\\/dutchmicrodosing.com\\\/fr\\\/#organization\"},\"potentialAction\":[{\"@type\":\"SearchAction\",\"target\":{\"@type\":\"EntryPoint\",\"urlTemplate\":\"https:\\\/\\\/dutchmicrodosing.com\\\/fr\\\/?s={search_term_string}\"},\"query-input\":{\"@type\":\"PropertyValueSpecification\",\"valueRequired\":true,\"valueName\":\"search_term_string\"}}],\"inLanguage\":\"fr-FR\"},{\"@type\":\"Organization\",\"@id\":\"https:\\\/\\\/dutchmicrodosing.com\\\/fr\\\/#organization\",\"name\":\"Dutchmicrodosing\",\"url\":\"https:\\\/\\\/dutchmicrodosing.com\\\/fr\\\/\",\"logo\":{\"@type\":\"ImageObject\",\"inLanguage\":\"fr-FR\",\"@id\":\"https:\\\/\\\/dutchmicrodosing.com\\\/fr\\\/#\\\/schema\\\/logo\\\/image\\\/\",\"url\":\"https:\\\/\\\/dutchmicrodosing.com\\\/wp-content\\\/uploads\\\/2021\\\/01\\\/microdosing-categorie-pic-nieuw.jpg\",\"contentUrl\":\"https:\\\/\\\/dutchmicrodosing.com\\\/wp-content\\\/uploads\\\/2021\\\/01\\\/microdosing-categorie-pic-nieuw.jpg\",\"width\":500,\"height\":500,\"caption\":\"Dutchmicrodosing\"},\"image\":{\"@id\":\"https:\\\/\\\/dutchmicrodosing.com\\\/fr\\\/#\\\/schema\\\/logo\\\/image\\\/\"},\"sameAs\":[\"https:\\\/\\\/www.facebook.com\\\/Dutchmicrodosingxp\\\/\",\"https:\\\/\\\/www.instagram.com\\\/dutchmicrodosing\\\/\"]}]}<\/script>\n<meta property=\"product:price:amount\" content=\"14.95\" \/>\n<meta property=\"product:price:currency\" content=\"EUR\" \/>\n<meta property=\"og:availability\" content=\"instock\" \/>\n<meta property=\"product:availability\" content=\"instock\" \/>\n<meta property=\"product:retailer_item_id\" content=\"3208150\" \/>\n<meta property=\"product:condition\" content=\"new\" \/>\n<!-- \/ Yoast SEO Premium plugin. -->","yoast_head_json":{"title":"Acai Powder Freeze-Dried Organic - Dutchmicrodosing","description":"La baie d'a\u00e7a\u00ed, souvent appel\u00e9e \"acia\", est un petit fruit violet fonc\u00e9 provenant de la jungle amazonienne. Cette baie est connue depuis longtemps par les tribus indig\u00e8nes","robots":{"index":"index","follow":"follow","max-snippet":"max-snippet:-1","max-image-preview":"max-image-preview:large","max-video-preview":"max-video-preview:-1"},"canonical":"https:\/\/dutchmicrodosing.com\/fr\/boutique-de-sante\/super-aliments\/poudre-dacai-lyophilisee-organique\/","og_locale":"fr_FR","og_type":"article","og_title":"Acai Powder Freeze-Dried Organic","og_description":"La baie d'a\u00e7a\u00ed, souvent appel\u00e9e \"acia\", est un petit fruit violet fonc\u00e9 provenant de la jungle amazonienne. Cette baie est connue depuis longtemps par les","og_url":"https:\/\/dutchmicrodosing.com\/fr\/boutique-de-sante\/super-aliments\/poudre-dacai-lyophilisee-organique\/","og_site_name":"Dutchmicrodosing","article_publisher":"https:\/\/www.facebook.com\/Dutchmicrodosingxp\/","article_modified_time":"2026-02-03T15:42:31+00:00","og_image":[{"width":440,"height":440,"url":"https:\/\/dutchmicrodosing.com\/wp-content\/uploads\/2023\/11\/superfoods_acai2_8_185-1.webp","type":"image\/webp"}],"twitter_card":"summary_large_image","schema":{"@context":"https:\/\/schema.org","@graph":[{"@type":"WebPage","@id":"https:\/\/dutchmicrodosing.com\/fr\/boutique-de-sante\/super-aliments\/poudre-dacai-lyophilisee-organique\/","url":"https:\/\/dutchmicrodosing.com\/fr\/boutique-de-sante\/super-aliments\/poudre-dacai-lyophilisee-organique\/","name":"Acai Powder Freeze-Dried Organic - Dutchmicrodosing","isPartOf":{"@id":"https:\/\/dutchmicrodosing.com\/fr\/#website"},"primaryImageOfPage":{"@id":"https:\/\/dutchmicrodosing.com\/fr\/boutique-de-sante\/super-aliments\/poudre-dacai-lyophilisee-organique\/#primaryimage"},"image":{"@id":"https:\/\/dutchmicrodosing.com\/fr\/boutique-de-sante\/super-aliments\/poudre-dacai-lyophilisee-organique\/#primaryimage"},"thumbnailUrl":"https:\/\/dutchmicrodosing.com\/wp-content\/uploads\/2023\/11\/superfoods_acai2_8_185-1.webp","datePublished":"2023-11-10T07:20:20+00:00","dateModified":"2026-02-03T15:42:31+00:00","description":"La baie d'a\u00e7a\u00ed, souvent appel\u00e9e \"acia\", est un petit fruit violet fonc\u00e9 provenant de la jungle amazonienne. Cette baie est connue depuis longtemps par les tribus indig\u00e8nes","breadcrumb":{"@id":"https:\/\/dutchmicrodosing.com\/fr\/boutique-de-sante\/super-aliments\/poudre-dacai-lyophilisee-organique\/#breadcrumb"},"inLanguage":"fr-FR","potentialAction":[{"@type":"ReadAction","target":["https:\/\/dutchmicrodosing.com\/fr\/boutique-de-sante\/super-aliments\/poudre-dacai-lyophilisee-organique\/"]}]},{"@type":"ImageObject","inLanguage":"fr-FR","@id":"https:\/\/dutchmicrodosing.com\/fr\/boutique-de-sante\/super-aliments\/poudre-dacai-lyophilisee-organique\/#primaryimage","url":"https:\/\/dutchmicrodosing.com\/wp-content\/uploads\/2023\/11\/superfoods_acai2_8_185-1.webp","contentUrl":"https:\/\/dutchmicrodosing.com\/wp-content\/uploads\/2023\/11\/superfoods_acai2_8_185-1.webp","width":440,"height":440},{"@type":"BreadcrumbList","@id":"https:\/\/dutchmicrodosing.com\/fr\/boutique-de-sante\/super-aliments\/poudre-dacai-lyophilisee-organique\/#breadcrumb","itemListElement":[{"@type":"ListItem","position":1,"name":"Home","item":"https:\/\/dutchmicrodosing.com\/fr\/"},{"@type":"ListItem","position":2,"name":"Boutique","item":"https:\/\/dutchmicrodosing.com\/fr\/boutique\/"},{"@type":"ListItem","position":3,"name":"Acai Powder Freeze-Dried Organic"}]},{"@type":"WebSite","@id":"https:\/\/dutchmicrodosing.com\/fr\/#website","url":"https:\/\/dutchmicrodosing.com\/fr\/","name":"Dutchmicrodosing","description":"","publisher":{"@id":"https:\/\/dutchmicrodosing.com\/fr\/#organization"},"potentialAction":[{"@type":"SearchAction","target":{"@type":"EntryPoint","urlTemplate":"https:\/\/dutchmicrodosing.com\/fr\/?s={search_term_string}"},"query-input":{"@type":"PropertyValueSpecification","valueRequired":true,"valueName":"search_term_string"}}],"inLanguage":"fr-FR"},{"@type":"Organization","@id":"https:\/\/dutchmicrodosing.com\/fr\/#organization","name":"Dutchmicrodosing","url":"https:\/\/dutchmicrodosing.com\/fr\/","logo":{"@type":"ImageObject","inLanguage":"fr-FR","@id":"https:\/\/dutchmicrodosing.com\/fr\/#\/schema\/logo\/image\/","url":"https:\/\/dutchmicrodosing.com\/wp-content\/uploads\/2021\/01\/microdosing-categorie-pic-nieuw.jpg","contentUrl":"https:\/\/dutchmicrodosing.com\/wp-content\/uploads\/2021\/01\/microdosing-categorie-pic-nieuw.jpg","width":500,"height":500,"caption":"Dutchmicrodosing"},"image":{"@id":"https:\/\/dutchmicrodosing.com\/fr\/#\/schema\/logo\/image\/"},"sameAs":["https:\/\/www.facebook.com\/Dutchmicrodosingxp\/","https:\/\/www.instagram.com\/dutchmicrodosing\/"]}]},"product_price_amount":"14.95","product_price_currency":"EUR","og_availability":"instock","product_availability":"instock","product_retailer_item_id":"3208150","product_condition":"new"},"_links":{"self":[{"href":"https:\/\/dutchmicrodosing.com\/fr\/wp-json\/wp\/v2\/product\/30890","targetHints":{"allow":["GET"]}}],"collection":[{"href":"https:\/\/dutchmicrodosing.com\/fr\/wp-json\/wp\/v2\/product"}],"about":[{"href":"https:\/\/dutchmicrodosing.com\/fr\/wp-json\/wp\/v2\/types\/product"}],"replies":[{"embeddable":true,"href":"https:\/\/dutchmicrodosing.com\/fr\/wp-json\/wp\/v2\/comments?post=30890"}],"version-history":[{"count":1,"href":"https:\/\/dutchmicrodosing.com\/fr\/wp-json\/wp\/v2\/product\/30890\/revisions"}],"predecessor-version":[{"id":64293,"href":"https:\/\/dutchmicrodosing.com\/fr\/wp-json\/wp\/v2\/product\/30890\/revisions\/64293"}],"wp:featuredmedia":[{"embeddable":true,"href":"https:\/\/dutchmicrodosing.com\/fr\/wp-json\/wp\/v2\/media\/30884"}],"wp:attachment":[{"href":"https:\/\/dutchmicrodosing.com\/fr\/wp-json\/wp\/v2\/media?parent=30890"}],"wp:term":[{"taxonomy":"product_brand","embeddable":true,"href":"https:\/\/dutchmicrodosing.com\/fr\/wp-json\/wp\/v2\/product_brand?post=30890"},{"taxonomy":"product_cat","embeddable":true,"href":"https:\/\/dutchmicrodosing.com\/fr\/wp-json\/wp\/v2\/product_cat?post=30890"},{"taxonomy":"product_tag","embeddable":true,"href":"https:\/\/dutchmicrodosing.com\/fr\/wp-json\/wp\/v2\/product_tag?post=30890"}],"curies":[{"name":"wp","href":"https:\/\/api.w.org\/{rel}","templated":true}]}}