{"id":30937,"date":"2023-11-10T10:30:00","date_gmt":"2023-11-10T09:30:00","guid":{"rendered":"https:\/\/dutchmicrodosing.com\/shop\/non%20class\u00e9\/plant-of-remedy-met-argan-olie-15-cbd-1500mg\/"},"modified":"2025-09-08T11:16:11","modified_gmt":"2025-09-08T09:16:11","slug":"plant-of-remedy-met-argan-olie-15-cbd-1500mg","status":"publish","type":"product","link":"https:\/\/dutchmicrodosing.com\/fr\/boutique-de-sante\/cbd-et-supplements\/plant-of-remedy-met-argan-olie-15-cbd-1500mg\/","title":{"rendered":"Plante de Rem\u00e8de avec Huile d&rsquo;Argan &#8211; 15% CBD (1500mg)"},"content":{"rendered":"<p>Cette <strong>huile de CBD Plant of Remedy<\/strong> est enrichie en huile d&rsquo;argan. Ce produit est d\u00e9crit comme \u00e9tant pur et naturel, avec 15% de CBD. L&rsquo;huile d&rsquo;argan est riche en acides gras essentiels, en antioxydants, en st\u00e9rols, en carot\u00e9no\u00efdes, en acide f\u00e9rulique, en polyph\u00e9nols et en vitamine E. Cette combinaison en fait un produit unique. Le cannabidiol (CBD) provient de cristaux de CBD de haute qualit\u00e9 et l&rsquo;huile contient un spectre complet de cannabino\u00efdes, terp\u00e8nes et flavono\u00efdes pr\u00e9sents dans le chanvre, \u00e0 l&rsquo;exception du THC, le compos\u00e9 qui provoque des effets psychoactifs. Par cons\u00e9quent, l&rsquo;utilisation de cette huile de CBD avec de l&rsquo;huile d&rsquo;argan ne devrait pas provoquer d&rsquo;effets psychoactifs tels que la d\u00e9fonce ou l&rsquo;ivresse.<\/p>\n<div>\n<h3>Ingr\u00e9dients<\/h3>\n<ul>\n<li>Huile de noyau d&rsquo;argania spinosa<\/li>\n<li>Cannabidol<\/li>\n<li>100 % biologique<\/li>\n<li>200 gouttes par bouteille &#8211; (7.5 mg CBD \/ goutte)<\/li>\n<\/ul>\n<h3>Utilisation<\/h3>\n<ul>\n<li>Mettre 2 gouttes sous la langue<\/li>\n<li>Maximum 10 gouttes<\/li>\n<li>Bien agiter avant utilisation<\/li>\n<li>Ne pas d\u00e9passer la dose journali\u00e8re recommand\u00e9e<\/li>\n<\/ul>\n<h3>Conseils de stockage<\/h3>\n<p>Conservez ce produit dans un endroit frais et sombre, tel qu&rsquo;un placard de cuisine, et hors de port\u00e9e des enfants.<\/p>\n<h3>Contenu<\/h3>\n<p>Plante de Rem\u00e8de 15% CBD avec huile d&rsquo;Argan &#8211; 10ML<\/p>\n<\/div>\n","protected":false},"excerpt":{"rendered":"<p>Cette huile de CBD Plant of Remedy est enrichie en huile d&rsquo;argan. Ce produit est d\u00e9crit comme \u00e9tant pur et naturel, avec 15% de CBD. L&rsquo;huile d&rsquo;argan est riche en acides gras essentiels, en antioxydants, en st\u00e9rols, en carot\u00e9no\u00efdes, en acide f\u00e9rulique, en polyph\u00e9nols et en vitamine E. Cette combinaison en fait un produit unique. [&hellip;]<\/p>\n","protected":false},"featured_media":30899,"comment_status":"closed","ping_status":"closed","template":"","meta":[],"product_brand":[],"product_cat":[284],"product_tag":[],"class_list":{"0":"post-30937","1":"product","2":"type-product","3":"status-publish","4":"has-post-thumbnail","6":"product_cat-cbd-et-supplements","8":"first","9":"outofstock","10":"taxable","11":"shipping-taxable","12":"purchasable","13":"product-type-simple"},"yoast_head":"<!-- This site is optimized with the Yoast SEO Premium plugin v26.4 (Yoast SEO v27.2) - https:\/\/yoast.com\/product\/yoast-seo-premium-wordpress\/ -->\n<title>Plante de Rem\u00e8de avec Huile d&#039;Argan - 15% CBD (1500mg) - Dutchmicrodosing<\/title>\n<meta name=\"description\" content=\"Cette huile de CBD Plant of Remedy est enrichie en huile d&#039;argan. Ce produit est d\u00e9crit comme \u00e9tant pur et naturel, avec 15% de CBD. L&#039;huile d&#039;argan, connue pour ses...\" \/>\n<meta name=\"robots\" content=\"index, follow, max-snippet:-1, max-image-preview:large, max-video-preview:-1\" \/>\n<link rel=\"canonical\" href=\"https:\/\/dutchmicrodosing.com\/fr\/boutique-de-sante\/cbd-et-supplements\/plant-of-remedy-met-argan-olie-15-cbd-1500mg\/\" \/>\n<meta property=\"og:locale\" content=\"fr_FR\" \/>\n<meta property=\"og:type\" content=\"article\" \/>\n<meta property=\"og:title\" content=\"Plante de Rem\u00e8de avec Huile d&#039;Argan - 15% CBD (1500mg)\" \/>\n<meta property=\"og:description\" content=\"Cette huile de CBD Plant of Remedy est enrichie en huile d&#039;argan. Ce produit est d\u00e9crit comme \u00e9tant pur et naturel, avec 15% de CBD. L&#039;huile d&#039;argan est\" \/>\n<meta property=\"og:url\" content=\"https:\/\/dutchmicrodosing.com\/fr\/boutique-de-sante\/cbd-et-supplements\/plant-of-remedy-met-argan-olie-15-cbd-1500mg\/\" \/>\n<meta property=\"og:site_name\" content=\"Dutchmicrodosing\" \/>\n<meta property=\"article:publisher\" content=\"https:\/\/www.facebook.com\/Dutchmicrodosingxp\/\" \/>\n<meta property=\"article:modified_time\" content=\"2025-09-08T09:16:11+00:00\" \/>\n<meta property=\"og:image\" content=\"https:\/\/dutchmicrodosing.com\/wp-content\/uploads\/2023\/11\/argan15.jpg\" \/>\n\t<meta property=\"og:image:width\" content=\"600\" \/>\n\t<meta property=\"og:image:height\" content=\"600\" \/>\n\t<meta property=\"og:image:type\" content=\"image\/jpeg\" \/>\n<meta name=\"twitter:card\" content=\"summary_large_image\" \/>\n<script type=\"application\/ld+json\" class=\"yoast-schema-graph\">{\"@context\":\"https:\/\/schema.org\",\"@graph\":[{\"@type\":\"WebPage\",\"@id\":\"https:\/\/dutchmicrodosing.com\/fr\/boutique-de-sante\/cbd-et-supplements\/plant-of-remedy-met-argan-olie-15-cbd-1500mg\/\",\"url\":\"https:\/\/dutchmicrodosing.com\/fr\/boutique-de-sante\/cbd-et-supplements\/plant-of-remedy-met-argan-olie-15-cbd-1500mg\/\",\"name\":\"Plante de Rem\u00e8de avec Huile d'Argan - 15% CBD (1500mg) - Dutchmicrodosing\",\"isPartOf\":{\"@id\":\"https:\/\/dutchmicrodosing.com\/fr\/#website\"},\"primaryImageOfPage\":{\"@id\":\"https:\/\/dutchmicrodosing.com\/fr\/boutique-de-sante\/cbd-et-supplements\/plant-of-remedy-met-argan-olie-15-cbd-1500mg\/#primaryimage\"},\"image\":{\"@id\":\"https:\/\/dutchmicrodosing.com\/fr\/boutique-de-sante\/cbd-et-supplements\/plant-of-remedy-met-argan-olie-15-cbd-1500mg\/#primaryimage\"},\"thumbnailUrl\":\"https:\/\/dutchmicrodosing.com\/wp-content\/uploads\/2023\/11\/argan15.jpg\",\"datePublished\":\"2023-11-10T09:30:00+00:00\",\"dateModified\":\"2025-09-08T09:16:11+00:00\",\"description\":\"Cette huile de CBD Plant of Remedy est enrichie en huile d'argan. Ce produit est d\u00e9crit comme \u00e9tant pur et naturel, avec 15% de CBD. L'huile d'argan, connue pour ses...\",\"breadcrumb\":{\"@id\":\"https:\/\/dutchmicrodosing.com\/fr\/boutique-de-sante\/cbd-et-supplements\/plant-of-remedy-met-argan-olie-15-cbd-1500mg\/#breadcrumb\"},\"inLanguage\":\"fr-FR\",\"potentialAction\":[{\"@type\":\"ReadAction\",\"target\":[\"https:\/\/dutchmicrodosing.com\/fr\/boutique-de-sante\/cbd-et-supplements\/plant-of-remedy-met-argan-olie-15-cbd-1500mg\/\"]}]},{\"@type\":\"ImageObject\",\"inLanguage\":\"fr-FR\",\"@id\":\"https:\/\/dutchmicrodosing.com\/fr\/boutique-de-sante\/cbd-et-supplements\/plant-of-remedy-met-argan-olie-15-cbd-1500mg\/#primaryimage\",\"url\":\"https:\/\/dutchmicrodosing.com\/wp-content\/uploads\/2023\/11\/argan15.jpg\",\"contentUrl\":\"https:\/\/dutchmicrodosing.com\/wp-content\/uploads\/2023\/11\/argan15.jpg\",\"width\":600,\"height\":600},{\"@type\":\"BreadcrumbList\",\"@id\":\"https:\/\/dutchmicrodosing.com\/fr\/boutique-de-sante\/cbd-et-supplements\/plant-of-remedy-met-argan-olie-15-cbd-1500mg\/#breadcrumb\",\"itemListElement\":[{\"@type\":\"ListItem\",\"position\":1,\"name\":\"Home\",\"item\":\"https:\/\/dutchmicrodosing.com\/fr\/\"},{\"@type\":\"ListItem\",\"position\":2,\"name\":\"Boutique\",\"item\":\"https:\/\/dutchmicrodosing.com\/fr\/boutique\/\"},{\"@type\":\"ListItem\",\"position\":3,\"name\":\"Plante de Rem\u00e8de avec Huile d&rsquo;Argan &#8211; 15% CBD (1500mg)\"}]},{\"@type\":\"WebSite\",\"@id\":\"https:\/\/dutchmicrodosing.com\/fr\/#website\",\"url\":\"https:\/\/dutchmicrodosing.com\/fr\/\",\"name\":\"Dutchmicrodosing\",\"description\":\"\",\"publisher\":{\"@id\":\"https:\/\/dutchmicrodosing.com\/fr\/#organization\"},\"potentialAction\":[{\"@type\":\"SearchAction\",\"target\":{\"@type\":\"EntryPoint\",\"urlTemplate\":\"https:\/\/dutchmicrodosing.com\/fr\/?s={search_term_string}\"},\"query-input\":{\"@type\":\"PropertyValueSpecification\",\"valueRequired\":true,\"valueName\":\"search_term_string\"}}],\"inLanguage\":\"fr-FR\"},{\"@type\":\"Organization\",\"@id\":\"https:\/\/dutchmicrodosing.com\/fr\/#organization\",\"name\":\"Dutchmicrodosing\",\"url\":\"https:\/\/dutchmicrodosing.com\/fr\/\",\"logo\":{\"@type\":\"ImageObject\",\"inLanguage\":\"fr-FR\",\"@id\":\"https:\/\/dutchmicrodosing.com\/fr\/#\/schema\/logo\/image\/\",\"url\":\"https:\/\/dutchmicrodosing.com\/wp-content\/uploads\/2021\/01\/microdosing-categorie-pic-nieuw.jpg\",\"contentUrl\":\"https:\/\/dutchmicrodosing.com\/wp-content\/uploads\/2021\/01\/microdosing-categorie-pic-nieuw.jpg\",\"width\":500,\"height\":500,\"caption\":\"Dutchmicrodosing\"},\"image\":{\"@id\":\"https:\/\/dutchmicrodosing.com\/fr\/#\/schema\/logo\/image\/\"},\"sameAs\":[\"https:\/\/www.facebook.com\/Dutchmicrodosingxp\/\",\"https:\/\/www.instagram.com\/dutchmicrodosing\/\"]}]}<\/script>\n<meta property=\"product:price:amount\" content=\"15.95\" \/>\n<meta property=\"product:price:currency\" content=\"EUR\" \/>\n<meta property=\"og:availability\" content=\"out of stock\" \/>\n<meta property=\"product:availability\" content=\"out of stock\" \/>\n<meta property=\"product:retailer_item_id\" content=\"1204935\" \/>\n<meta property=\"product:condition\" content=\"new\" \/>\n<!-- \/ Yoast SEO Premium plugin. -->","yoast_head_json":{"title":"Plante de Rem\u00e8de avec Huile d'Argan - 15% CBD (1500mg) - Dutchmicrodosing","description":"Cette huile de CBD Plant of Remedy est enrichie en huile d'argan. Ce produit est d\u00e9crit comme \u00e9tant pur et naturel, avec 15% de CBD. L'huile d'argan, connue pour ses...","robots":{"index":"index","follow":"follow","max-snippet":"max-snippet:-1","max-image-preview":"max-image-preview:large","max-video-preview":"max-video-preview:-1"},"canonical":"https:\/\/dutchmicrodosing.com\/fr\/boutique-de-sante\/cbd-et-supplements\/plant-of-remedy-met-argan-olie-15-cbd-1500mg\/","og_locale":"fr_FR","og_type":"article","og_title":"Plante de Rem\u00e8de avec Huile d'Argan - 15% CBD (1500mg)","og_description":"Cette huile de CBD Plant of Remedy est enrichie en huile d'argan. Ce produit est d\u00e9crit comme \u00e9tant pur et naturel, avec 15% de CBD. L'huile d'argan est","og_url":"https:\/\/dutchmicrodosing.com\/fr\/boutique-de-sante\/cbd-et-supplements\/plant-of-remedy-met-argan-olie-15-cbd-1500mg\/","og_site_name":"Dutchmicrodosing","article_publisher":"https:\/\/www.facebook.com\/Dutchmicrodosingxp\/","article_modified_time":"2025-09-08T09:16:11+00:00","og_image":[{"width":600,"height":600,"url":"https:\/\/dutchmicrodosing.com\/wp-content\/uploads\/2023\/11\/argan15.jpg","type":"image\/jpeg"}],"twitter_card":"summary_large_image","schema":{"@context":"https:\/\/schema.org","@graph":[{"@type":"WebPage","@id":"https:\/\/dutchmicrodosing.com\/fr\/boutique-de-sante\/cbd-et-supplements\/plant-of-remedy-met-argan-olie-15-cbd-1500mg\/","url":"https:\/\/dutchmicrodosing.com\/fr\/boutique-de-sante\/cbd-et-supplements\/plant-of-remedy-met-argan-olie-15-cbd-1500mg\/","name":"Plante de Rem\u00e8de avec Huile d'Argan - 15% CBD (1500mg) - Dutchmicrodosing","isPartOf":{"@id":"https:\/\/dutchmicrodosing.com\/fr\/#website"},"primaryImageOfPage":{"@id":"https:\/\/dutchmicrodosing.com\/fr\/boutique-de-sante\/cbd-et-supplements\/plant-of-remedy-met-argan-olie-15-cbd-1500mg\/#primaryimage"},"image":{"@id":"https:\/\/dutchmicrodosing.com\/fr\/boutique-de-sante\/cbd-et-supplements\/plant-of-remedy-met-argan-olie-15-cbd-1500mg\/#primaryimage"},"thumbnailUrl":"https:\/\/dutchmicrodosing.com\/wp-content\/uploads\/2023\/11\/argan15.jpg","datePublished":"2023-11-10T09:30:00+00:00","dateModified":"2025-09-08T09:16:11+00:00","description":"Cette huile de CBD Plant of Remedy est enrichie en huile d'argan. Ce produit est d\u00e9crit comme \u00e9tant pur et naturel, avec 15% de CBD. L'huile d'argan, connue pour ses...","breadcrumb":{"@id":"https:\/\/dutchmicrodosing.com\/fr\/boutique-de-sante\/cbd-et-supplements\/plant-of-remedy-met-argan-olie-15-cbd-1500mg\/#breadcrumb"},"inLanguage":"fr-FR","potentialAction":[{"@type":"ReadAction","target":["https:\/\/dutchmicrodosing.com\/fr\/boutique-de-sante\/cbd-et-supplements\/plant-of-remedy-met-argan-olie-15-cbd-1500mg\/"]}]},{"@type":"ImageObject","inLanguage":"fr-FR","@id":"https:\/\/dutchmicrodosing.com\/fr\/boutique-de-sante\/cbd-et-supplements\/plant-of-remedy-met-argan-olie-15-cbd-1500mg\/#primaryimage","url":"https:\/\/dutchmicrodosing.com\/wp-content\/uploads\/2023\/11\/argan15.jpg","contentUrl":"https:\/\/dutchmicrodosing.com\/wp-content\/uploads\/2023\/11\/argan15.jpg","width":600,"height":600},{"@type":"BreadcrumbList","@id":"https:\/\/dutchmicrodosing.com\/fr\/boutique-de-sante\/cbd-et-supplements\/plant-of-remedy-met-argan-olie-15-cbd-1500mg\/#breadcrumb","itemListElement":[{"@type":"ListItem","position":1,"name":"Home","item":"https:\/\/dutchmicrodosing.com\/fr\/"},{"@type":"ListItem","position":2,"name":"Boutique","item":"https:\/\/dutchmicrodosing.com\/fr\/boutique\/"},{"@type":"ListItem","position":3,"name":"Plante de Rem\u00e8de avec Huile d&rsquo;Argan &#8211; 15% CBD (1500mg)"}]},{"@type":"WebSite","@id":"https:\/\/dutchmicrodosing.com\/fr\/#website","url":"https:\/\/dutchmicrodosing.com\/fr\/","name":"Dutchmicrodosing","description":"","publisher":{"@id":"https:\/\/dutchmicrodosing.com\/fr\/#organization"},"potentialAction":[{"@type":"SearchAction","target":{"@type":"EntryPoint","urlTemplate":"https:\/\/dutchmicrodosing.com\/fr\/?s={search_term_string}"},"query-input":{"@type":"PropertyValueSpecification","valueRequired":true,"valueName":"search_term_string"}}],"inLanguage":"fr-FR"},{"@type":"Organization","@id":"https:\/\/dutchmicrodosing.com\/fr\/#organization","name":"Dutchmicrodosing","url":"https:\/\/dutchmicrodosing.com\/fr\/","logo":{"@type":"ImageObject","inLanguage":"fr-FR","@id":"https:\/\/dutchmicrodosing.com\/fr\/#\/schema\/logo\/image\/","url":"https:\/\/dutchmicrodosing.com\/wp-content\/uploads\/2021\/01\/microdosing-categorie-pic-nieuw.jpg","contentUrl":"https:\/\/dutchmicrodosing.com\/wp-content\/uploads\/2021\/01\/microdosing-categorie-pic-nieuw.jpg","width":500,"height":500,"caption":"Dutchmicrodosing"},"image":{"@id":"https:\/\/dutchmicrodosing.com\/fr\/#\/schema\/logo\/image\/"},"sameAs":["https:\/\/www.facebook.com\/Dutchmicrodosingxp\/","https:\/\/www.instagram.com\/dutchmicrodosing\/"]}]},"product_price_amount":"15.95","product_price_currency":"EUR","og_availability":"out of stock","product_availability":"out of stock","product_retailer_item_id":"1204935","product_condition":"new"},"_links":{"self":[{"href":"https:\/\/dutchmicrodosing.com\/fr\/wp-json\/wp\/v2\/product\/30937","targetHints":{"allow":["GET"]}}],"collection":[{"href":"https:\/\/dutchmicrodosing.com\/fr\/wp-json\/wp\/v2\/product"}],"about":[{"href":"https:\/\/dutchmicrodosing.com\/fr\/wp-json\/wp\/v2\/types\/product"}],"replies":[{"embeddable":true,"href":"https:\/\/dutchmicrodosing.com\/fr\/wp-json\/wp\/v2\/comments?post=30937"}],"version-history":[{"count":0,"href":"https:\/\/dutchmicrodosing.com\/fr\/wp-json\/wp\/v2\/product\/30937\/revisions"}],"wp:featuredmedia":[{"embeddable":true,"href":"https:\/\/dutchmicrodosing.com\/fr\/wp-json\/wp\/v2\/media\/30899"}],"wp:attachment":[{"href":"https:\/\/dutchmicrodosing.com\/fr\/wp-json\/wp\/v2\/media?parent=30937"}],"wp:term":[{"taxonomy":"product_brand","embeddable":true,"href":"https:\/\/dutchmicrodosing.com\/fr\/wp-json\/wp\/v2\/product_brand?post=30937"},{"taxonomy":"product_cat","embeddable":true,"href":"https:\/\/dutchmicrodosing.com\/fr\/wp-json\/wp\/v2\/product_cat?post=30937"},{"taxonomy":"product_tag","embeddable":true,"href":"https:\/\/dutchmicrodosing.com\/fr\/wp-json\/wp\/v2\/product_tag?post=30937"}],"curies":[{"name":"wp","href":"https:\/\/api.w.org\/{rel}","templated":true}]}}