{"id":31090,"date":"2023-11-10T13:54:52","date_gmt":"2023-11-10T12:54:52","guid":{"rendered":"https:\/\/dutchmicrodosing.com\/shop\/non%20class\u00e9\/cbd-ours-de-gomme-mix\/"},"modified":"2025-08-19T09:49:55","modified_gmt":"2025-08-19T07:49:55","slug":"cbd-ours-de-gomme-mix","status":"publish","type":"product","link":"https:\/\/dutchmicrodosing.com\/fr\/boutique-de-sante\/cbd-et-supplements\/cbd-ours-de-gomme-mix\/","title":{"rendered":"Oreilles de gomme CBD &#8211; M\u00e9lange"},"content":{"rendered":"<div class=\"font-semibold\">\n<p>Les <strong>Dr Candy&rsquo;s CBD Gummybears Mixed Flavour<\/strong> sont un moyen savoureux et pratique de consommer du CBD, un cannabino\u00efde non psychoactif issu du chanvre. La plante de cannabis, dont le CBD est extrait, contient un m\u00e9lange complexe de compos\u00e9s naturels tels que des terp\u00e8nes, des flavono\u00efdes et divers cannabino\u00efdes qui contribuent \u00e0 l&rsquo;effet d&rsquo;entourage, sugg\u00e9rant que les compos\u00e9s de la plante agissent en synergie pour un effet maximal.<\/p>\n<p>Chaque gomme contient 5 mg de CBD, offrant ainsi un moyen contr\u00f4l\u00e9 d&rsquo;ing\u00e9rer du CBD, avec diff\u00e9rents ar\u00f4mes fruit\u00e9s qui rendent l&rsquo;exp\u00e9rience agr\u00e9able. Comme ils ne contiennent pas de THC, les utilisateurs peuvent consommer les gommes \u00e0 tout moment et en tout lieu sans avoir \u00e0 se soucier des effets n\u00e9fastes des produits \u00e0 base de cannabis contenant du THC. Cela fait des Dr Candy&rsquo;s CBD Gummybears un produit accessible pour ceux qui souhaitent consommer du CBD sous une forme simple et discr\u00e8te.<\/p>\n<\/div>\n<div class=\"flex-col gap-1 md:gap-3\">\n<div class=\"flex flex-grow flex-col max-w-full gap-3 gizmo:gap-0\">\n<div class=\"min-h-[20px] text-message peer flex flex-col items-start gap-3 whitespace-pre-wrap break-words peer-[.text-message]:mt-5 overflow-x-auto\" data-message-author-role=\"assistant\" data-message-id=\"1e3fd5eb-a736-415c-bd06-db732dd989bb\">\n<div class=\"markdown prose w-full break-words dark:prose-invert light\">\n<h3>Ingr\u00e9dients<\/h3>\n<ul>\n<li>Glucose<\/li>\n<li>Sucre<\/li>\n<li>Ar\u00f4me naturel<\/li>\n<li>Teinture<\/li>\n<li>G\u00e9latine<\/li>\n<li>Acide citrique<\/li>\n<li>5 mg de CBD par Gummybear<\/li>\n<\/ul>\n<h3>Utilisation<\/h3>\n<p>Ne prenez pas plus de deux \u00e0 quatre CBD Gummybears par jour.<\/p>\n<h3>Conseils de stockage<\/h3>\n<p>Conservez ce produit dans un endroit frais et sombre, tel qu&rsquo;un placard de cuisine, et hors de port\u00e9e des enfants.<\/p>\n<h3>Contenu<\/h3>\n<p>Dr Candy CBD Gummybears Mixed &#8211; 30 grammes.<\/p>\n<h3>Note !<\/h3>\n<p>Ce produit ne convient pas aux femmes enceintes ni aux enfants.<\/p>\n<\/div>\n<\/div>\n<\/div>\n<\/div>\n","protected":false},"excerpt":{"rendered":"<p>Les Dr Candy&rsquo;s CBD Gummybears Mixed Flavour sont un moyen savoureux et pratique de consommer du CBD, un cannabino\u00efde non psychoactif issu du chanvre. La plante de cannabis, dont le CBD est extrait, contient un m\u00e9lange complexe de compos\u00e9s naturels tels que des terp\u00e8nes, des flavono\u00efdes et divers cannabino\u00efdes qui contribuent \u00e0 l&rsquo;effet d&rsquo;entourage, sugg\u00e9rant [&hellip;]<\/p>\n","protected":false},"featured_media":31083,"comment_status":"closed","ping_status":"closed","template":"","meta":[],"product_brand":[],"product_cat":[284],"product_tag":[],"class_list":{"0":"post-31090","1":"product","2":"type-product","3":"status-publish","4":"has-post-thumbnail","6":"product_cat-cbd-et-supplements","8":"first","9":"instock","10":"taxable","11":"shipping-taxable","12":"purchasable","13":"product-type-simple"},"yoast_head":"<!-- This site is optimized with the Yoast SEO Premium plugin v26.4 (Yoast SEO v27.2) - https:\/\/yoast.com\/product\/yoast-seo-premium-wordpress\/ -->\n<title>Oreilles de gomme CBD - M\u00e9lange - Dutchmicrodosing<\/title>\n<meta name=\"description\" content=\"Les Dr Candy&#039;s CBD Gummybears Mixed Flavour sont un moyen savoureux et pratique de consommer du CBD, un cannabino\u00efde non psychoactif issu du chanvre,...\" \/>\n<meta name=\"robots\" content=\"index, follow, max-snippet:-1, max-image-preview:large, max-video-preview:-1\" \/>\n<link rel=\"canonical\" href=\"https:\/\/dutchmicrodosing.com\/fr\/boutique-de-sante\/cbd-et-supplements\/cbd-ours-de-gomme-mix\/\" \/>\n<meta property=\"og:locale\" content=\"fr_FR\" \/>\n<meta property=\"og:type\" content=\"article\" \/>\n<meta property=\"og:title\" content=\"Oreilles de gomme CBD - M\u00e9lange\" \/>\n<meta property=\"og:description\" content=\"Les Dr Candy&#039;s CBD Gummybears Mixed Flavour sont un moyen savoureux et pratique de consommer du CBD, un cannabino\u00efde non psychoactif issu du chanvre. La\" \/>\n<meta property=\"og:url\" content=\"https:\/\/dutchmicrodosing.com\/fr\/boutique-de-sante\/cbd-et-supplements\/cbd-ours-de-gomme-mix\/\" \/>\n<meta property=\"og:site_name\" content=\"Dutchmicrodosing\" \/>\n<meta property=\"article:publisher\" content=\"https:\/\/www.facebook.com\/Dutchmicrodosingxp\/\" \/>\n<meta property=\"article:modified_time\" content=\"2025-08-19T07:49:55+00:00\" \/>\n<meta property=\"og:image\" content=\"https:\/\/dutchmicrodosing.com\/wp-content\/uploads\/2023\/11\/CBD_Gummy_Bears_MIx_Drcandy.png\" \/>\n\t<meta property=\"og:image:width\" content=\"1000\" \/>\n\t<meta property=\"og:image:height\" content=\"1000\" \/>\n\t<meta property=\"og:image:type\" content=\"image\/png\" \/>\n<meta name=\"twitter:card\" content=\"summary_large_image\" \/>\n<script type=\"application\/ld+json\" class=\"yoast-schema-graph\">{\"@context\":\"https:\/\/schema.org\",\"@graph\":[{\"@type\":\"WebPage\",\"@id\":\"https:\/\/dutchmicrodosing.com\/fr\/boutique-de-sante\/cbd-et-supplements\/cbd-ours-de-gomme-mix\/\",\"url\":\"https:\/\/dutchmicrodosing.com\/fr\/boutique-de-sante\/cbd-et-supplements\/cbd-ours-de-gomme-mix\/\",\"name\":\"Oreilles de gomme CBD - M\u00e9lange - Dutchmicrodosing\",\"isPartOf\":{\"@id\":\"https:\/\/dutchmicrodosing.com\/fr\/#website\"},\"primaryImageOfPage\":{\"@id\":\"https:\/\/dutchmicrodosing.com\/fr\/boutique-de-sante\/cbd-et-supplements\/cbd-ours-de-gomme-mix\/#primaryimage\"},\"image\":{\"@id\":\"https:\/\/dutchmicrodosing.com\/fr\/boutique-de-sante\/cbd-et-supplements\/cbd-ours-de-gomme-mix\/#primaryimage\"},\"thumbnailUrl\":\"https:\/\/dutchmicrodosing.com\/wp-content\/uploads\/2023\/11\/CBD_Gummy_Bears_MIx_Drcandy.png\",\"datePublished\":\"2023-11-10T12:54:52+00:00\",\"dateModified\":\"2025-08-19T07:49:55+00:00\",\"description\":\"Les Dr Candy's CBD Gummybears Mixed Flavour sont un moyen savoureux et pratique de consommer du CBD, un cannabino\u00efde non psychoactif issu du chanvre,...\",\"breadcrumb\":{\"@id\":\"https:\/\/dutchmicrodosing.com\/fr\/boutique-de-sante\/cbd-et-supplements\/cbd-ours-de-gomme-mix\/#breadcrumb\"},\"inLanguage\":\"fr-FR\",\"potentialAction\":[{\"@type\":\"ReadAction\",\"target\":[\"https:\/\/dutchmicrodosing.com\/fr\/boutique-de-sante\/cbd-et-supplements\/cbd-ours-de-gomme-mix\/\"]}]},{\"@type\":\"ImageObject\",\"inLanguage\":\"fr-FR\",\"@id\":\"https:\/\/dutchmicrodosing.com\/fr\/boutique-de-sante\/cbd-et-supplements\/cbd-ours-de-gomme-mix\/#primaryimage\",\"url\":\"https:\/\/dutchmicrodosing.com\/wp-content\/uploads\/2023\/11\/CBD_Gummy_Bears_MIx_Drcandy.png\",\"contentUrl\":\"https:\/\/dutchmicrodosing.com\/wp-content\/uploads\/2023\/11\/CBD_Gummy_Bears_MIx_Drcandy.png\",\"width\":1000,\"height\":1000},{\"@type\":\"BreadcrumbList\",\"@id\":\"https:\/\/dutchmicrodosing.com\/fr\/boutique-de-sante\/cbd-et-supplements\/cbd-ours-de-gomme-mix\/#breadcrumb\",\"itemListElement\":[{\"@type\":\"ListItem\",\"position\":1,\"name\":\"Home\",\"item\":\"https:\/\/dutchmicrodosing.com\/fr\/\"},{\"@type\":\"ListItem\",\"position\":2,\"name\":\"Boutique\",\"item\":\"https:\/\/dutchmicrodosing.com\/fr\/boutique\/\"},{\"@type\":\"ListItem\",\"position\":3,\"name\":\"Oreilles de gomme CBD &#8211; M\u00e9lange\"}]},{\"@type\":\"WebSite\",\"@id\":\"https:\/\/dutchmicrodosing.com\/fr\/#website\",\"url\":\"https:\/\/dutchmicrodosing.com\/fr\/\",\"name\":\"Dutchmicrodosing\",\"description\":\"\",\"publisher\":{\"@id\":\"https:\/\/dutchmicrodosing.com\/fr\/#organization\"},\"potentialAction\":[{\"@type\":\"SearchAction\",\"target\":{\"@type\":\"EntryPoint\",\"urlTemplate\":\"https:\/\/dutchmicrodosing.com\/fr\/?s={search_term_string}\"},\"query-input\":{\"@type\":\"PropertyValueSpecification\",\"valueRequired\":true,\"valueName\":\"search_term_string\"}}],\"inLanguage\":\"fr-FR\"},{\"@type\":\"Organization\",\"@id\":\"https:\/\/dutchmicrodosing.com\/fr\/#organization\",\"name\":\"Dutchmicrodosing\",\"url\":\"https:\/\/dutchmicrodosing.com\/fr\/\",\"logo\":{\"@type\":\"ImageObject\",\"inLanguage\":\"fr-FR\",\"@id\":\"https:\/\/dutchmicrodosing.com\/fr\/#\/schema\/logo\/image\/\",\"url\":\"https:\/\/dutchmicrodosing.com\/wp-content\/uploads\/2021\/01\/microdosing-categorie-pic-nieuw.jpg\",\"contentUrl\":\"https:\/\/dutchmicrodosing.com\/wp-content\/uploads\/2021\/01\/microdosing-categorie-pic-nieuw.jpg\",\"width\":500,\"height\":500,\"caption\":\"Dutchmicrodosing\"},\"image\":{\"@id\":\"https:\/\/dutchmicrodosing.com\/fr\/#\/schema\/logo\/image\/\"},\"sameAs\":[\"https:\/\/www.facebook.com\/Dutchmicrodosingxp\/\",\"https:\/\/www.instagram.com\/dutchmicrodosing\/\"]}]}<\/script>\n<meta property=\"product:price:amount\" content=\"7.95\" \/>\n<meta property=\"product:price:currency\" content=\"EUR\" \/>\n<meta property=\"og:availability\" content=\"instock\" \/>\n<meta property=\"product:availability\" content=\"instock\" \/>\n<meta property=\"product:retailer_item_id\" content=\"0211832\" \/>\n<meta property=\"product:condition\" content=\"new\" \/>\n<!-- \/ Yoast SEO Premium plugin. -->","yoast_head_json":{"title":"Oreilles de gomme CBD - M\u00e9lange - Dutchmicrodosing","description":"Les Dr Candy's CBD Gummybears Mixed Flavour sont un moyen savoureux et pratique de consommer du CBD, un cannabino\u00efde non psychoactif issu du chanvre,...","robots":{"index":"index","follow":"follow","max-snippet":"max-snippet:-1","max-image-preview":"max-image-preview:large","max-video-preview":"max-video-preview:-1"},"canonical":"https:\/\/dutchmicrodosing.com\/fr\/boutique-de-sante\/cbd-et-supplements\/cbd-ours-de-gomme-mix\/","og_locale":"fr_FR","og_type":"article","og_title":"Oreilles de gomme CBD - M\u00e9lange","og_description":"Les Dr Candy's CBD Gummybears Mixed Flavour sont un moyen savoureux et pratique de consommer du CBD, un cannabino\u00efde non psychoactif issu du chanvre. La","og_url":"https:\/\/dutchmicrodosing.com\/fr\/boutique-de-sante\/cbd-et-supplements\/cbd-ours-de-gomme-mix\/","og_site_name":"Dutchmicrodosing","article_publisher":"https:\/\/www.facebook.com\/Dutchmicrodosingxp\/","article_modified_time":"2025-08-19T07:49:55+00:00","og_image":[{"width":1000,"height":1000,"url":"https:\/\/dutchmicrodosing.com\/wp-content\/uploads\/2023\/11\/CBD_Gummy_Bears_MIx_Drcandy.png","type":"image\/png"}],"twitter_card":"summary_large_image","schema":{"@context":"https:\/\/schema.org","@graph":[{"@type":"WebPage","@id":"https:\/\/dutchmicrodosing.com\/fr\/boutique-de-sante\/cbd-et-supplements\/cbd-ours-de-gomme-mix\/","url":"https:\/\/dutchmicrodosing.com\/fr\/boutique-de-sante\/cbd-et-supplements\/cbd-ours-de-gomme-mix\/","name":"Oreilles de gomme CBD - M\u00e9lange - Dutchmicrodosing","isPartOf":{"@id":"https:\/\/dutchmicrodosing.com\/fr\/#website"},"primaryImageOfPage":{"@id":"https:\/\/dutchmicrodosing.com\/fr\/boutique-de-sante\/cbd-et-supplements\/cbd-ours-de-gomme-mix\/#primaryimage"},"image":{"@id":"https:\/\/dutchmicrodosing.com\/fr\/boutique-de-sante\/cbd-et-supplements\/cbd-ours-de-gomme-mix\/#primaryimage"},"thumbnailUrl":"https:\/\/dutchmicrodosing.com\/wp-content\/uploads\/2023\/11\/CBD_Gummy_Bears_MIx_Drcandy.png","datePublished":"2023-11-10T12:54:52+00:00","dateModified":"2025-08-19T07:49:55+00:00","description":"Les Dr Candy's CBD Gummybears Mixed Flavour sont un moyen savoureux et pratique de consommer du CBD, un cannabino\u00efde non psychoactif issu du chanvre,...","breadcrumb":{"@id":"https:\/\/dutchmicrodosing.com\/fr\/boutique-de-sante\/cbd-et-supplements\/cbd-ours-de-gomme-mix\/#breadcrumb"},"inLanguage":"fr-FR","potentialAction":[{"@type":"ReadAction","target":["https:\/\/dutchmicrodosing.com\/fr\/boutique-de-sante\/cbd-et-supplements\/cbd-ours-de-gomme-mix\/"]}]},{"@type":"ImageObject","inLanguage":"fr-FR","@id":"https:\/\/dutchmicrodosing.com\/fr\/boutique-de-sante\/cbd-et-supplements\/cbd-ours-de-gomme-mix\/#primaryimage","url":"https:\/\/dutchmicrodosing.com\/wp-content\/uploads\/2023\/11\/CBD_Gummy_Bears_MIx_Drcandy.png","contentUrl":"https:\/\/dutchmicrodosing.com\/wp-content\/uploads\/2023\/11\/CBD_Gummy_Bears_MIx_Drcandy.png","width":1000,"height":1000},{"@type":"BreadcrumbList","@id":"https:\/\/dutchmicrodosing.com\/fr\/boutique-de-sante\/cbd-et-supplements\/cbd-ours-de-gomme-mix\/#breadcrumb","itemListElement":[{"@type":"ListItem","position":1,"name":"Home","item":"https:\/\/dutchmicrodosing.com\/fr\/"},{"@type":"ListItem","position":2,"name":"Boutique","item":"https:\/\/dutchmicrodosing.com\/fr\/boutique\/"},{"@type":"ListItem","position":3,"name":"Oreilles de gomme CBD &#8211; M\u00e9lange"}]},{"@type":"WebSite","@id":"https:\/\/dutchmicrodosing.com\/fr\/#website","url":"https:\/\/dutchmicrodosing.com\/fr\/","name":"Dutchmicrodosing","description":"","publisher":{"@id":"https:\/\/dutchmicrodosing.com\/fr\/#organization"},"potentialAction":[{"@type":"SearchAction","target":{"@type":"EntryPoint","urlTemplate":"https:\/\/dutchmicrodosing.com\/fr\/?s={search_term_string}"},"query-input":{"@type":"PropertyValueSpecification","valueRequired":true,"valueName":"search_term_string"}}],"inLanguage":"fr-FR"},{"@type":"Organization","@id":"https:\/\/dutchmicrodosing.com\/fr\/#organization","name":"Dutchmicrodosing","url":"https:\/\/dutchmicrodosing.com\/fr\/","logo":{"@type":"ImageObject","inLanguage":"fr-FR","@id":"https:\/\/dutchmicrodosing.com\/fr\/#\/schema\/logo\/image\/","url":"https:\/\/dutchmicrodosing.com\/wp-content\/uploads\/2021\/01\/microdosing-categorie-pic-nieuw.jpg","contentUrl":"https:\/\/dutchmicrodosing.com\/wp-content\/uploads\/2021\/01\/microdosing-categorie-pic-nieuw.jpg","width":500,"height":500,"caption":"Dutchmicrodosing"},"image":{"@id":"https:\/\/dutchmicrodosing.com\/fr\/#\/schema\/logo\/image\/"},"sameAs":["https:\/\/www.facebook.com\/Dutchmicrodosingxp\/","https:\/\/www.instagram.com\/dutchmicrodosing\/"]}]},"product_price_amount":"7.95","product_price_currency":"EUR","og_availability":"instock","product_availability":"instock","product_retailer_item_id":"0211832","product_condition":"new"},"_links":{"self":[{"href":"https:\/\/dutchmicrodosing.com\/fr\/wp-json\/wp\/v2\/product\/31090","targetHints":{"allow":["GET"]}}],"collection":[{"href":"https:\/\/dutchmicrodosing.com\/fr\/wp-json\/wp\/v2\/product"}],"about":[{"href":"https:\/\/dutchmicrodosing.com\/fr\/wp-json\/wp\/v2\/types\/product"}],"replies":[{"embeddable":true,"href":"https:\/\/dutchmicrodosing.com\/fr\/wp-json\/wp\/v2\/comments?post=31090"}],"version-history":[{"count":0,"href":"https:\/\/dutchmicrodosing.com\/fr\/wp-json\/wp\/v2\/product\/31090\/revisions"}],"wp:featuredmedia":[{"embeddable":true,"href":"https:\/\/dutchmicrodosing.com\/fr\/wp-json\/wp\/v2\/media\/31083"}],"wp:attachment":[{"href":"https:\/\/dutchmicrodosing.com\/fr\/wp-json\/wp\/v2\/media?parent=31090"}],"wp:term":[{"taxonomy":"product_brand","embeddable":true,"href":"https:\/\/dutchmicrodosing.com\/fr\/wp-json\/wp\/v2\/product_brand?post=31090"},{"taxonomy":"product_cat","embeddable":true,"href":"https:\/\/dutchmicrodosing.com\/fr\/wp-json\/wp\/v2\/product_cat?post=31090"},{"taxonomy":"product_tag","embeddable":true,"href":"https:\/\/dutchmicrodosing.com\/fr\/wp-json\/wp\/v2\/product_tag?post=31090"}],"curies":[{"name":"wp","href":"https:\/\/api.w.org\/{rel}","templated":true}]}}