{"id":31187,"date":"2023-11-13T09:18:16","date_gmt":"2023-11-13T08:18:16","guid":{"rendered":"https:\/\/dutchmicrodosing.com\/shop\/non%20class\u00e9\/poudre-de-ginseng-panax-ginseng\/"},"modified":"2025-08-29T11:41:06","modified_gmt":"2025-08-29T09:41:06","slug":"poudre-de-ginseng-panax-ginseng","status":"publish","type":"product","link":"https:\/\/dutchmicrodosing.com\/fr\/boutique-de-sante\/supplements-energetiques\/poudre-de-ginseng-panax-ginseng\/","title":{"rendered":"Ginseng en poudre &#8211; Panax Ginseng"},"content":{"rendered":"<p>Le <strong>ginseng<\/strong>, profond\u00e9ment ancr\u00e9 dans les traditions culturelles de l&rsquo;Asie de l&rsquo;Est, est appr\u00e9ci\u00e9 et utilis\u00e9 depuis des milliers d&rsquo;ann\u00e9es. Le Panax ginseng, originaire de la p\u00e9ninsule cor\u00e9enne, jouit d&rsquo;une renomm\u00e9e mondiale. Il n&rsquo;est pas seulement utilis\u00e9 dans la m\u00e9decine traditionnelle, mais fait \u00e9galement partie de la consommation quotidienne de nombreux habitants d&rsquo;Asie et d&rsquo;ailleurs.<\/p>\n<p>Les bienfaits suppos\u00e9s du Panax ginseng, principalement attribu\u00e9s \u00e0 ses composants actifs, les gins\u00e9nosides, sont divers. On dit qu&rsquo;ils augmentent l&rsquo;\u00e9nergie, renforcent le syst\u00e8me immunitaire, am\u00e9liorent les performances cognitives et favorisent la sant\u00e9 sexuelle, entre autres. Gr\u00e2ce notamment \u00e0 l&rsquo;int\u00e9r\u00eat pour les produits de sant\u00e9 naturels, la popularit\u00e9 du ginseng ne cesse de cro\u00eetre.<\/p>\n<h3>Ingr\u00e9dients<\/h3>\n<p>Ginseng biologique en poudre<\/p>\n<h3>Utilisation<\/h3>\n<p>Dissoudre une cuill\u00e8re \u00e0 caf\u00e9 dans un jus de fruit, une boisson gazeuse, un th\u00e9, un chocolat chaud ou une autre boisson. Pour pr\u00e9parer une tisane de ginseng, faire bouillir 3 grammes de poudre dans de l&rsquo;eau pendant 5 \u00e0 10 minutes. Filtrez-la ensuite et elle est pr\u00eate \u00e0 \u00eatre consomm\u00e9e. Ne pas d\u00e9passer 6 grammes par jour.<\/p>\n<h3>Informations compl\u00e9mentaires<\/h3>\n<p>Il est important de mener une vie saine et d&rsquo;avoir une alimentation vari\u00e9e et \u00e9quilibr\u00e9e ; les compl\u00e9ments ne peuvent pas remplacer cela. Gardez les compl\u00e9ments hors de port\u00e9e des enfants, ne d\u00e9passez pas la quantit\u00e9 recommand\u00e9e et conservez-les dans un endroit frais et \u00e0 l&rsquo;abri de la lumi\u00e8re. Consultez un professionnel si vous avez des probl\u00e8mes de sant\u00e9, si vous prenez des m\u00e9dicaments, si vous \u00eates enceinte ou si vous allaitez, et arr\u00eatez l&rsquo;utilisation si vous ressentez des effets secondaires.<\/p>\n<h3>Contenu<\/h3>\n<p>Ginseng &#8211; 25 grammes<\/p>\n","protected":false},"excerpt":{"rendered":"<p>Le ginseng, profond\u00e9ment ancr\u00e9 dans les traditions culturelles de l&rsquo;Asie de l&rsquo;Est, est appr\u00e9ci\u00e9 et utilis\u00e9 depuis des milliers d&rsquo;ann\u00e9es. Le Panax ginseng, originaire de la p\u00e9ninsule cor\u00e9enne, jouit d&rsquo;une renomm\u00e9e mondiale. Il n&rsquo;est pas seulement utilis\u00e9 dans la m\u00e9decine traditionnelle, mais fait \u00e9galement partie de la consommation quotidienne de nombreux habitants d&rsquo;Asie et d&rsquo;ailleurs. [&hellip;]<\/p>\n","protected":false},"featured_media":31181,"comment_status":"closed","ping_status":"closed","template":"","meta":[],"product_brand":[],"product_cat":[290,291,321],"product_tag":[],"class_list":{"0":"post-31187","1":"product","2":"type-product","3":"status-publish","4":"has-post-thumbnail","6":"product_cat-supplements-energetiques","7":"product_cat-supplements-pour-le-systeme-immunitaire","8":"product_cat-supplements-pour-la-concentration","10":"first","11":"instock","12":"taxable","13":"shipping-taxable","14":"purchasable","15":"product-type-simple"},"yoast_head":"<!-- This site is optimized with the Yoast SEO Premium plugin v26.4 (Yoast SEO v27.2) - https:\/\/yoast.com\/product\/yoast-seo-premium-wordpress\/ -->\n<title>Ginseng en poudre - Panax Ginseng - Dutchmicrodosing<\/title>\n<meta name=\"description\" content=\"Le ginseng, profond\u00e9ment ancr\u00e9 dans les traditions culturelles de l&#039;Asie de l&#039;Est, est appr\u00e9ci\u00e9 et utilis\u00e9 depuis des milliers d&#039;ann\u00e9es. Le Panax ginseng, originaire de la...\" \/>\n<meta name=\"robots\" content=\"index, follow, max-snippet:-1, max-image-preview:large, max-video-preview:-1\" \/>\n<link rel=\"canonical\" href=\"https:\/\/dutchmicrodosing.com\/fr\/boutique-de-sante\/supplements-energetiques\/poudre-de-ginseng-panax-ginseng\/\" \/>\n<meta property=\"og:locale\" content=\"fr_FR\" \/>\n<meta property=\"og:type\" content=\"article\" \/>\n<meta property=\"og:title\" content=\"Ginseng en poudre - Panax Ginseng\" \/>\n<meta property=\"og:description\" content=\"Le ginseng, profond\u00e9ment ancr\u00e9 dans les traditions culturelles de l&#039;Asie de l&#039;Est, est appr\u00e9ci\u00e9 et utilis\u00e9 depuis des milliers d&#039;ann\u00e9es. Le Panax ginseng,\" \/>\n<meta property=\"og:url\" content=\"https:\/\/dutchmicrodosing.com\/fr\/boutique-de-sante\/supplements-energetiques\/poudre-de-ginseng-panax-ginseng\/\" \/>\n<meta property=\"og:site_name\" content=\"Dutchmicrodosing\" \/>\n<meta property=\"article:publisher\" content=\"https:\/\/www.facebook.com\/Dutchmicrodosingxp\/\" \/>\n<meta property=\"article:modified_time\" content=\"2025-08-29T09:41:06+00:00\" \/>\n<meta property=\"og:image\" content=\"https:\/\/dutchmicrodosing.com\/wp-content\/uploads\/2023\/11\/Ginseng.png\" \/>\n\t<meta property=\"og:image:width\" content=\"500\" \/>\n\t<meta property=\"og:image:height\" content=\"500\" \/>\n\t<meta property=\"og:image:type\" content=\"image\/png\" \/>\n<meta name=\"twitter:card\" content=\"summary_large_image\" \/>\n<script type=\"application\/ld+json\" class=\"yoast-schema-graph\">{\"@context\":\"https:\/\/schema.org\",\"@graph\":[{\"@type\":\"WebPage\",\"@id\":\"https:\/\/dutchmicrodosing.com\/fr\/boutique-de-sante\/supplements-energetiques\/poudre-de-ginseng-panax-ginseng\/\",\"url\":\"https:\/\/dutchmicrodosing.com\/fr\/boutique-de-sante\/supplements-energetiques\/poudre-de-ginseng-panax-ginseng\/\",\"name\":\"Ginseng en poudre - Panax Ginseng - Dutchmicrodosing\",\"isPartOf\":{\"@id\":\"https:\/\/dutchmicrodosing.com\/fr\/#website\"},\"primaryImageOfPage\":{\"@id\":\"https:\/\/dutchmicrodosing.com\/fr\/boutique-de-sante\/supplements-energetiques\/poudre-de-ginseng-panax-ginseng\/#primaryimage\"},\"image\":{\"@id\":\"https:\/\/dutchmicrodosing.com\/fr\/boutique-de-sante\/supplements-energetiques\/poudre-de-ginseng-panax-ginseng\/#primaryimage\"},\"thumbnailUrl\":\"https:\/\/dutchmicrodosing.com\/wp-content\/uploads\/2023\/11\/Ginseng.png\",\"datePublished\":\"2023-11-13T08:18:16+00:00\",\"dateModified\":\"2025-08-29T09:41:06+00:00\",\"description\":\"Le ginseng, profond\u00e9ment ancr\u00e9 dans les traditions culturelles de l'Asie de l'Est, est appr\u00e9ci\u00e9 et utilis\u00e9 depuis des milliers d'ann\u00e9es. Le Panax ginseng, originaire de la...\",\"breadcrumb\":{\"@id\":\"https:\/\/dutchmicrodosing.com\/fr\/boutique-de-sante\/supplements-energetiques\/poudre-de-ginseng-panax-ginseng\/#breadcrumb\"},\"inLanguage\":\"fr-FR\",\"potentialAction\":[{\"@type\":\"ReadAction\",\"target\":[\"https:\/\/dutchmicrodosing.com\/fr\/boutique-de-sante\/supplements-energetiques\/poudre-de-ginseng-panax-ginseng\/\"]}]},{\"@type\":\"ImageObject\",\"inLanguage\":\"fr-FR\",\"@id\":\"https:\/\/dutchmicrodosing.com\/fr\/boutique-de-sante\/supplements-energetiques\/poudre-de-ginseng-panax-ginseng\/#primaryimage\",\"url\":\"https:\/\/dutchmicrodosing.com\/wp-content\/uploads\/2023\/11\/Ginseng.png\",\"contentUrl\":\"https:\/\/dutchmicrodosing.com\/wp-content\/uploads\/2023\/11\/Ginseng.png\",\"width\":500,\"height\":500},{\"@type\":\"BreadcrumbList\",\"@id\":\"https:\/\/dutchmicrodosing.com\/fr\/boutique-de-sante\/supplements-energetiques\/poudre-de-ginseng-panax-ginseng\/#breadcrumb\",\"itemListElement\":[{\"@type\":\"ListItem\",\"position\":1,\"name\":\"Home\",\"item\":\"https:\/\/dutchmicrodosing.com\/fr\/\"},{\"@type\":\"ListItem\",\"position\":2,\"name\":\"Boutique\",\"item\":\"https:\/\/dutchmicrodosing.com\/fr\/boutique\/\"},{\"@type\":\"ListItem\",\"position\":3,\"name\":\"Ginseng en poudre &#8211; Panax Ginseng\"}]},{\"@type\":\"WebSite\",\"@id\":\"https:\/\/dutchmicrodosing.com\/fr\/#website\",\"url\":\"https:\/\/dutchmicrodosing.com\/fr\/\",\"name\":\"Dutchmicrodosing\",\"description\":\"\",\"publisher\":{\"@id\":\"https:\/\/dutchmicrodosing.com\/fr\/#organization\"},\"potentialAction\":[{\"@type\":\"SearchAction\",\"target\":{\"@type\":\"EntryPoint\",\"urlTemplate\":\"https:\/\/dutchmicrodosing.com\/fr\/?s={search_term_string}\"},\"query-input\":{\"@type\":\"PropertyValueSpecification\",\"valueRequired\":true,\"valueName\":\"search_term_string\"}}],\"inLanguage\":\"fr-FR\"},{\"@type\":\"Organization\",\"@id\":\"https:\/\/dutchmicrodosing.com\/fr\/#organization\",\"name\":\"Dutchmicrodosing\",\"url\":\"https:\/\/dutchmicrodosing.com\/fr\/\",\"logo\":{\"@type\":\"ImageObject\",\"inLanguage\":\"fr-FR\",\"@id\":\"https:\/\/dutchmicrodosing.com\/fr\/#\/schema\/logo\/image\/\",\"url\":\"https:\/\/dutchmicrodosing.com\/wp-content\/uploads\/2021\/01\/microdosing-categorie-pic-nieuw.jpg\",\"contentUrl\":\"https:\/\/dutchmicrodosing.com\/wp-content\/uploads\/2021\/01\/microdosing-categorie-pic-nieuw.jpg\",\"width\":500,\"height\":500,\"caption\":\"Dutchmicrodosing\"},\"image\":{\"@id\":\"https:\/\/dutchmicrodosing.com\/fr\/#\/schema\/logo\/image\/\"},\"sameAs\":[\"https:\/\/www.facebook.com\/Dutchmicrodosingxp\/\",\"https:\/\/www.instagram.com\/dutchmicrodosing\/\"]}]}<\/script>\n<meta property=\"product:price:amount\" content=\"10.95\" \/>\n<meta property=\"product:price:currency\" content=\"EUR\" \/>\n<meta property=\"og:availability\" content=\"instock\" \/>\n<meta property=\"product:availability\" content=\"instock\" \/>\n<meta property=\"product:retailer_item_id\" content=\"3211666\" \/>\n<meta property=\"product:condition\" content=\"new\" \/>\n<!-- \/ Yoast SEO Premium plugin. -->","yoast_head_json":{"title":"Ginseng en poudre - Panax Ginseng - Dutchmicrodosing","description":"Le ginseng, profond\u00e9ment ancr\u00e9 dans les traditions culturelles de l'Asie de l'Est, est appr\u00e9ci\u00e9 et utilis\u00e9 depuis des milliers d'ann\u00e9es. Le Panax ginseng, originaire de la...","robots":{"index":"index","follow":"follow","max-snippet":"max-snippet:-1","max-image-preview":"max-image-preview:large","max-video-preview":"max-video-preview:-1"},"canonical":"https:\/\/dutchmicrodosing.com\/fr\/boutique-de-sante\/supplements-energetiques\/poudre-de-ginseng-panax-ginseng\/","og_locale":"fr_FR","og_type":"article","og_title":"Ginseng en poudre - Panax Ginseng","og_description":"Le ginseng, profond\u00e9ment ancr\u00e9 dans les traditions culturelles de l'Asie de l'Est, est appr\u00e9ci\u00e9 et utilis\u00e9 depuis des milliers d'ann\u00e9es. Le Panax ginseng,","og_url":"https:\/\/dutchmicrodosing.com\/fr\/boutique-de-sante\/supplements-energetiques\/poudre-de-ginseng-panax-ginseng\/","og_site_name":"Dutchmicrodosing","article_publisher":"https:\/\/www.facebook.com\/Dutchmicrodosingxp\/","article_modified_time":"2025-08-29T09:41:06+00:00","og_image":[{"width":500,"height":500,"url":"https:\/\/dutchmicrodosing.com\/wp-content\/uploads\/2023\/11\/Ginseng.png","type":"image\/png"}],"twitter_card":"summary_large_image","schema":{"@context":"https:\/\/schema.org","@graph":[{"@type":"WebPage","@id":"https:\/\/dutchmicrodosing.com\/fr\/boutique-de-sante\/supplements-energetiques\/poudre-de-ginseng-panax-ginseng\/","url":"https:\/\/dutchmicrodosing.com\/fr\/boutique-de-sante\/supplements-energetiques\/poudre-de-ginseng-panax-ginseng\/","name":"Ginseng en poudre - Panax Ginseng - Dutchmicrodosing","isPartOf":{"@id":"https:\/\/dutchmicrodosing.com\/fr\/#website"},"primaryImageOfPage":{"@id":"https:\/\/dutchmicrodosing.com\/fr\/boutique-de-sante\/supplements-energetiques\/poudre-de-ginseng-panax-ginseng\/#primaryimage"},"image":{"@id":"https:\/\/dutchmicrodosing.com\/fr\/boutique-de-sante\/supplements-energetiques\/poudre-de-ginseng-panax-ginseng\/#primaryimage"},"thumbnailUrl":"https:\/\/dutchmicrodosing.com\/wp-content\/uploads\/2023\/11\/Ginseng.png","datePublished":"2023-11-13T08:18:16+00:00","dateModified":"2025-08-29T09:41:06+00:00","description":"Le ginseng, profond\u00e9ment ancr\u00e9 dans les traditions culturelles de l'Asie de l'Est, est appr\u00e9ci\u00e9 et utilis\u00e9 depuis des milliers d'ann\u00e9es. Le Panax ginseng, originaire de la...","breadcrumb":{"@id":"https:\/\/dutchmicrodosing.com\/fr\/boutique-de-sante\/supplements-energetiques\/poudre-de-ginseng-panax-ginseng\/#breadcrumb"},"inLanguage":"fr-FR","potentialAction":[{"@type":"ReadAction","target":["https:\/\/dutchmicrodosing.com\/fr\/boutique-de-sante\/supplements-energetiques\/poudre-de-ginseng-panax-ginseng\/"]}]},{"@type":"ImageObject","inLanguage":"fr-FR","@id":"https:\/\/dutchmicrodosing.com\/fr\/boutique-de-sante\/supplements-energetiques\/poudre-de-ginseng-panax-ginseng\/#primaryimage","url":"https:\/\/dutchmicrodosing.com\/wp-content\/uploads\/2023\/11\/Ginseng.png","contentUrl":"https:\/\/dutchmicrodosing.com\/wp-content\/uploads\/2023\/11\/Ginseng.png","width":500,"height":500},{"@type":"BreadcrumbList","@id":"https:\/\/dutchmicrodosing.com\/fr\/boutique-de-sante\/supplements-energetiques\/poudre-de-ginseng-panax-ginseng\/#breadcrumb","itemListElement":[{"@type":"ListItem","position":1,"name":"Home","item":"https:\/\/dutchmicrodosing.com\/fr\/"},{"@type":"ListItem","position":2,"name":"Boutique","item":"https:\/\/dutchmicrodosing.com\/fr\/boutique\/"},{"@type":"ListItem","position":3,"name":"Ginseng en poudre &#8211; Panax Ginseng"}]},{"@type":"WebSite","@id":"https:\/\/dutchmicrodosing.com\/fr\/#website","url":"https:\/\/dutchmicrodosing.com\/fr\/","name":"Dutchmicrodosing","description":"","publisher":{"@id":"https:\/\/dutchmicrodosing.com\/fr\/#organization"},"potentialAction":[{"@type":"SearchAction","target":{"@type":"EntryPoint","urlTemplate":"https:\/\/dutchmicrodosing.com\/fr\/?s={search_term_string}"},"query-input":{"@type":"PropertyValueSpecification","valueRequired":true,"valueName":"search_term_string"}}],"inLanguage":"fr-FR"},{"@type":"Organization","@id":"https:\/\/dutchmicrodosing.com\/fr\/#organization","name":"Dutchmicrodosing","url":"https:\/\/dutchmicrodosing.com\/fr\/","logo":{"@type":"ImageObject","inLanguage":"fr-FR","@id":"https:\/\/dutchmicrodosing.com\/fr\/#\/schema\/logo\/image\/","url":"https:\/\/dutchmicrodosing.com\/wp-content\/uploads\/2021\/01\/microdosing-categorie-pic-nieuw.jpg","contentUrl":"https:\/\/dutchmicrodosing.com\/wp-content\/uploads\/2021\/01\/microdosing-categorie-pic-nieuw.jpg","width":500,"height":500,"caption":"Dutchmicrodosing"},"image":{"@id":"https:\/\/dutchmicrodosing.com\/fr\/#\/schema\/logo\/image\/"},"sameAs":["https:\/\/www.facebook.com\/Dutchmicrodosingxp\/","https:\/\/www.instagram.com\/dutchmicrodosing\/"]}]},"product_price_amount":"10.95","product_price_currency":"EUR","og_availability":"instock","product_availability":"instock","product_retailer_item_id":"3211666","product_condition":"new"},"_links":{"self":[{"href":"https:\/\/dutchmicrodosing.com\/fr\/wp-json\/wp\/v2\/product\/31187","targetHints":{"allow":["GET"]}}],"collection":[{"href":"https:\/\/dutchmicrodosing.com\/fr\/wp-json\/wp\/v2\/product"}],"about":[{"href":"https:\/\/dutchmicrodosing.com\/fr\/wp-json\/wp\/v2\/types\/product"}],"replies":[{"embeddable":true,"href":"https:\/\/dutchmicrodosing.com\/fr\/wp-json\/wp\/v2\/comments?post=31187"}],"version-history":[{"count":0,"href":"https:\/\/dutchmicrodosing.com\/fr\/wp-json\/wp\/v2\/product\/31187\/revisions"}],"wp:featuredmedia":[{"embeddable":true,"href":"https:\/\/dutchmicrodosing.com\/fr\/wp-json\/wp\/v2\/media\/31181"}],"wp:attachment":[{"href":"https:\/\/dutchmicrodosing.com\/fr\/wp-json\/wp\/v2\/media?parent=31187"}],"wp:term":[{"taxonomy":"product_brand","embeddable":true,"href":"https:\/\/dutchmicrodosing.com\/fr\/wp-json\/wp\/v2\/product_brand?post=31187"},{"taxonomy":"product_cat","embeddable":true,"href":"https:\/\/dutchmicrodosing.com\/fr\/wp-json\/wp\/v2\/product_cat?post=31187"},{"taxonomy":"product_tag","embeddable":true,"href":"https:\/\/dutchmicrodosing.com\/fr\/wp-json\/wp\/v2\/product_tag?post=31187"}],"curies":[{"name":"wp","href":"https:\/\/api.w.org\/{rel}","templated":true}]}}