{"id":31201,"date":"2023-11-13T10:08:55","date_gmt":"2023-11-13T09:08:55","guid":{"rendered":"https:\/\/dutchmicrodosing.com\/shop\/non%20class\u00e9\/yerba-mate-feuilles-poudre-organique\/"},"modified":"2025-09-23T09:26:45","modified_gmt":"2025-09-23T07:26:45","slug":"yerba-mate-feuilles-poudre-organique","status":"publish","type":"product","link":"https:\/\/dutchmicrodosing.com\/fr\/boutique-de-sante\/supplements-energetiques\/yerba-mate-feuilles-poudre-organique\/","title":{"rendered":"Yerba mate feuilles poudre bio"},"content":{"rendered":"<p>La <strong>yerba mate<\/strong> est profond\u00e9ment enracin\u00e9e dans la culture de l&rsquo;Am\u00e9rique du Sud, o\u00f9 elle est consomm\u00e9e depuis des si\u00e8cles. Ce th\u00e9, populaire en Argentine, au Paraguay, en Uruguay et au Br\u00e9sil, est connu pour sa composition nutritive, comprenant une abondance de vitamines, de min\u00e9raux et d&rsquo;antioxydants qui en font une boisson saine. L&rsquo;appr\u00e9ciation de la yerba mate d\u00e9passe les fronti\u00e8res culinaires et a \u00e9galement fait son chemin dans le monde du sport. C&rsquo;est la boisson pr\u00e9f\u00e9r\u00e9e de nombreux sportifs de haut niveau, y compris des footballeurs de renomm\u00e9e mondiale comme Messi, Neymar et Ronaldo, en partie gr\u00e2ce aux stimulants naturels qu&rsquo;elle contient, tels que la caf\u00e9ine et les alcalo\u00efdes de xanthine.<\/p>\n<p>L&rsquo;arbuste de yerba mate lui-m\u00eame, qui peut devenir un grand arbre, est visuellement attrayant avec ses feuilles vertes luxuriantes et ses belles fleurs vertes et blanches. L&rsquo;utilisation des feuilles pour pr\u00e9parer le th\u00e9 fait partie d&rsquo;une longue tradition qui a une valeur non seulement culturelle mais aussi nutritionnelle en Am\u00e9rique du Sud.<\/p>\n<h3>Ingr\u00e9dients<\/h3>\n<p>Poudre de yerba mate 100% biologique.<\/p>\n<h3>Utilisation<\/h3>\n<p>La Yerba Mat\u00e9 peut \u00eatre consomm\u00e9e sous forme de th\u00e9. Mettre une cuill\u00e8re par tasse dans une passoire et laisser infuser dans de l&rsquo;eau chaude (mais non bouillante) pendant environ 3 \u00e0 4 minutes.<\/p>\n<h3>Contenu<\/h3>\n<p>Yerba mate Bio &#8211; 100 grammes<\/p>\n","protected":false},"excerpt":{"rendered":"<p>La yerba mate est profond\u00e9ment enracin\u00e9e dans la culture de l&rsquo;Am\u00e9rique du Sud, o\u00f9 elle est consomm\u00e9e depuis des si\u00e8cles. Ce th\u00e9, populaire en Argentine, au Paraguay, en Uruguay et au Br\u00e9sil, est connu pour sa composition nutritive, comprenant une abondance de vitamines, de min\u00e9raux et d&rsquo;antioxydants qui en font une boisson saine. L&rsquo;appr\u00e9ciation de [&hellip;]<\/p>\n","protected":false},"featured_media":31195,"comment_status":"closed","ping_status":"closed","template":"","meta":[],"product_brand":[],"product_cat":[290,291],"product_tag":[],"class_list":{"0":"post-31201","1":"product","2":"type-product","3":"status-publish","4":"has-post-thumbnail","6":"product_cat-supplements-energetiques","7":"product_cat-supplements-pour-le-systeme-immunitaire","9":"first","10":"instock","11":"taxable","12":"shipping-taxable","13":"purchasable","14":"product-type-simple"},"yoast_head":"<!-- This site is optimized with the Yoast SEO Premium plugin v26.4 (Yoast SEO v27.4) - https:\/\/yoast.com\/product\/yoast-seo-premium-wordpress\/ -->\n<title>Yerba mate feuilles poudre bio - Dutchmicrodosing<\/title>\n<meta name=\"description\" content=\"La yerba mate est profond\u00e9ment enracin\u00e9e dans la culture de l&#039;Am\u00e9rique du Sud, o\u00f9 elle est consomm\u00e9e depuis des si\u00e8cles. Cette vari\u00e9t\u00e9 de th\u00e9, populaire en Argentine, au Paraguay...\" \/>\n<meta name=\"robots\" content=\"index, follow, max-snippet:-1, max-image-preview:large, max-video-preview:-1\" \/>\n<link rel=\"canonical\" href=\"https:\/\/dutchmicrodosing.com\/fr\/boutique-de-sante\/supplements-energetiques\/yerba-mate-feuilles-poudre-organique\/\" \/>\n<meta property=\"og:locale\" content=\"fr_FR\" \/>\n<meta property=\"og:type\" content=\"article\" \/>\n<meta property=\"og:title\" content=\"Yerba mate feuilles poudre bio\" \/>\n<meta property=\"og:description\" content=\"La yerba mate est profond\u00e9ment enracin\u00e9e dans la culture de l&#039;Am\u00e9rique du Sud, o\u00f9 elle est consomm\u00e9e depuis des si\u00e8cles. Ce th\u00e9, populaire en Argentine,\" \/>\n<meta property=\"og:url\" content=\"https:\/\/dutchmicrodosing.com\/fr\/boutique-de-sante\/supplements-energetiques\/yerba-mate-feuilles-poudre-organique\/\" \/>\n<meta property=\"og:site_name\" content=\"Dutchmicrodosing\" \/>\n<meta property=\"article:publisher\" content=\"https:\/\/www.facebook.com\/Dutchmicrodosingxp\/\" \/>\n<meta property=\"article:modified_time\" content=\"2025-09-23T07:26:45+00:00\" \/>\n<meta property=\"og:image\" content=\"https:\/\/dutchmicrodosing.com\/wp-content\/uploads\/2023\/11\/yerba.png\" \/>\n\t<meta property=\"og:image:width\" content=\"500\" \/>\n\t<meta property=\"og:image:height\" content=\"500\" \/>\n\t<meta property=\"og:image:type\" content=\"image\/png\" \/>\n<meta name=\"twitter:card\" content=\"summary_large_image\" \/>\n<script type=\"application\/ld+json\" class=\"yoast-schema-graph\">{\"@context\":\"https:\\\/\\\/schema.org\",\"@graph\":[{\"@type\":\"WebPage\",\"@id\":\"https:\\\/\\\/dutchmicrodosing.com\\\/fr\\\/boutique-de-sante\\\/supplements-energetiques\\\/yerba-mate-feuilles-poudre-organique\\\/\",\"url\":\"https:\\\/\\\/dutchmicrodosing.com\\\/fr\\\/boutique-de-sante\\\/supplements-energetiques\\\/yerba-mate-feuilles-poudre-organique\\\/\",\"name\":\"Yerba mate feuilles poudre bio - Dutchmicrodosing\",\"isPartOf\":{\"@id\":\"https:\\\/\\\/dutchmicrodosing.com\\\/fr\\\/#website\"},\"primaryImageOfPage\":{\"@id\":\"https:\\\/\\\/dutchmicrodosing.com\\\/fr\\\/boutique-de-sante\\\/supplements-energetiques\\\/yerba-mate-feuilles-poudre-organique\\\/#primaryimage\"},\"image\":{\"@id\":\"https:\\\/\\\/dutchmicrodosing.com\\\/fr\\\/boutique-de-sante\\\/supplements-energetiques\\\/yerba-mate-feuilles-poudre-organique\\\/#primaryimage\"},\"thumbnailUrl\":\"https:\\\/\\\/dutchmicrodosing.com\\\/wp-content\\\/uploads\\\/2023\\\/11\\\/yerba.png\",\"datePublished\":\"2023-11-13T09:08:55+00:00\",\"dateModified\":\"2025-09-23T07:26:45+00:00\",\"description\":\"La yerba mate est profond\u00e9ment enracin\u00e9e dans la culture de l'Am\u00e9rique du Sud, o\u00f9 elle est consomm\u00e9e depuis des si\u00e8cles. Cette vari\u00e9t\u00e9 de th\u00e9, populaire en Argentine, au Paraguay...\",\"breadcrumb\":{\"@id\":\"https:\\\/\\\/dutchmicrodosing.com\\\/fr\\\/boutique-de-sante\\\/supplements-energetiques\\\/yerba-mate-feuilles-poudre-organique\\\/#breadcrumb\"},\"inLanguage\":\"fr-FR\",\"potentialAction\":[{\"@type\":\"ReadAction\",\"target\":[\"https:\\\/\\\/dutchmicrodosing.com\\\/fr\\\/boutique-de-sante\\\/supplements-energetiques\\\/yerba-mate-feuilles-poudre-organique\\\/\"]}]},{\"@type\":\"ImageObject\",\"inLanguage\":\"fr-FR\",\"@id\":\"https:\\\/\\\/dutchmicrodosing.com\\\/fr\\\/boutique-de-sante\\\/supplements-energetiques\\\/yerba-mate-feuilles-poudre-organique\\\/#primaryimage\",\"url\":\"https:\\\/\\\/dutchmicrodosing.com\\\/wp-content\\\/uploads\\\/2023\\\/11\\\/yerba.png\",\"contentUrl\":\"https:\\\/\\\/dutchmicrodosing.com\\\/wp-content\\\/uploads\\\/2023\\\/11\\\/yerba.png\",\"width\":500,\"height\":500},{\"@type\":\"BreadcrumbList\",\"@id\":\"https:\\\/\\\/dutchmicrodosing.com\\\/fr\\\/boutique-de-sante\\\/supplements-energetiques\\\/yerba-mate-feuilles-poudre-organique\\\/#breadcrumb\",\"itemListElement\":[{\"@type\":\"ListItem\",\"position\":1,\"name\":\"Home\",\"item\":\"https:\\\/\\\/dutchmicrodosing.com\\\/fr\\\/\"},{\"@type\":\"ListItem\",\"position\":2,\"name\":\"Boutique\",\"item\":\"https:\\\/\\\/dutchmicrodosing.com\\\/fr\\\/boutique\\\/\"},{\"@type\":\"ListItem\",\"position\":3,\"name\":\"Yerba mate feuilles poudre bio\"}]},{\"@type\":\"WebSite\",\"@id\":\"https:\\\/\\\/dutchmicrodosing.com\\\/fr\\\/#website\",\"url\":\"https:\\\/\\\/dutchmicrodosing.com\\\/fr\\\/\",\"name\":\"Dutchmicrodosing\",\"description\":\"\",\"publisher\":{\"@id\":\"https:\\\/\\\/dutchmicrodosing.com\\\/fr\\\/#organization\"},\"potentialAction\":[{\"@type\":\"SearchAction\",\"target\":{\"@type\":\"EntryPoint\",\"urlTemplate\":\"https:\\\/\\\/dutchmicrodosing.com\\\/fr\\\/?s={search_term_string}\"},\"query-input\":{\"@type\":\"PropertyValueSpecification\",\"valueRequired\":true,\"valueName\":\"search_term_string\"}}],\"inLanguage\":\"fr-FR\"},{\"@type\":\"Organization\",\"@id\":\"https:\\\/\\\/dutchmicrodosing.com\\\/fr\\\/#organization\",\"name\":\"Dutchmicrodosing\",\"url\":\"https:\\\/\\\/dutchmicrodosing.com\\\/fr\\\/\",\"logo\":{\"@type\":\"ImageObject\",\"inLanguage\":\"fr-FR\",\"@id\":\"https:\\\/\\\/dutchmicrodosing.com\\\/fr\\\/#\\\/schema\\\/logo\\\/image\\\/\",\"url\":\"https:\\\/\\\/dutchmicrodosing.com\\\/wp-content\\\/uploads\\\/2021\\\/01\\\/microdosing-categorie-pic-nieuw.jpg\",\"contentUrl\":\"https:\\\/\\\/dutchmicrodosing.com\\\/wp-content\\\/uploads\\\/2021\\\/01\\\/microdosing-categorie-pic-nieuw.jpg\",\"width\":500,\"height\":500,\"caption\":\"Dutchmicrodosing\"},\"image\":{\"@id\":\"https:\\\/\\\/dutchmicrodosing.com\\\/fr\\\/#\\\/schema\\\/logo\\\/image\\\/\"},\"sameAs\":[\"https:\\\/\\\/www.facebook.com\\\/Dutchmicrodosingxp\\\/\",\"https:\\\/\\\/www.instagram.com\\\/dutchmicrodosing\\\/\"]}]}<\/script>\n<meta property=\"product:price:amount\" content=\"6.95\" \/>\n<meta property=\"product:price:currency\" content=\"EUR\" \/>\n<meta property=\"og:availability\" content=\"instock\" \/>\n<meta property=\"product:availability\" content=\"instock\" \/>\n<meta property=\"product:retailer_item_id\" content=\"3211235\" \/>\n<meta property=\"product:condition\" content=\"new\" \/>\n<!-- \/ Yoast SEO Premium plugin. -->","yoast_head_json":{"title":"Yerba mate feuilles poudre bio - Dutchmicrodosing","description":"La yerba mate est profond\u00e9ment enracin\u00e9e dans la culture de l'Am\u00e9rique du Sud, o\u00f9 elle est consomm\u00e9e depuis des si\u00e8cles. Cette vari\u00e9t\u00e9 de th\u00e9, populaire en Argentine, au Paraguay...","robots":{"index":"index","follow":"follow","max-snippet":"max-snippet:-1","max-image-preview":"max-image-preview:large","max-video-preview":"max-video-preview:-1"},"canonical":"https:\/\/dutchmicrodosing.com\/fr\/boutique-de-sante\/supplements-energetiques\/yerba-mate-feuilles-poudre-organique\/","og_locale":"fr_FR","og_type":"article","og_title":"Yerba mate feuilles poudre bio","og_description":"La yerba mate est profond\u00e9ment enracin\u00e9e dans la culture de l'Am\u00e9rique du Sud, o\u00f9 elle est consomm\u00e9e depuis des si\u00e8cles. Ce th\u00e9, populaire en Argentine,","og_url":"https:\/\/dutchmicrodosing.com\/fr\/boutique-de-sante\/supplements-energetiques\/yerba-mate-feuilles-poudre-organique\/","og_site_name":"Dutchmicrodosing","article_publisher":"https:\/\/www.facebook.com\/Dutchmicrodosingxp\/","article_modified_time":"2025-09-23T07:26:45+00:00","og_image":[{"width":500,"height":500,"url":"https:\/\/dutchmicrodosing.com\/wp-content\/uploads\/2023\/11\/yerba.png","type":"image\/png"}],"twitter_card":"summary_large_image","schema":{"@context":"https:\/\/schema.org","@graph":[{"@type":"WebPage","@id":"https:\/\/dutchmicrodosing.com\/fr\/boutique-de-sante\/supplements-energetiques\/yerba-mate-feuilles-poudre-organique\/","url":"https:\/\/dutchmicrodosing.com\/fr\/boutique-de-sante\/supplements-energetiques\/yerba-mate-feuilles-poudre-organique\/","name":"Yerba mate feuilles poudre bio - Dutchmicrodosing","isPartOf":{"@id":"https:\/\/dutchmicrodosing.com\/fr\/#website"},"primaryImageOfPage":{"@id":"https:\/\/dutchmicrodosing.com\/fr\/boutique-de-sante\/supplements-energetiques\/yerba-mate-feuilles-poudre-organique\/#primaryimage"},"image":{"@id":"https:\/\/dutchmicrodosing.com\/fr\/boutique-de-sante\/supplements-energetiques\/yerba-mate-feuilles-poudre-organique\/#primaryimage"},"thumbnailUrl":"https:\/\/dutchmicrodosing.com\/wp-content\/uploads\/2023\/11\/yerba.png","datePublished":"2023-11-13T09:08:55+00:00","dateModified":"2025-09-23T07:26:45+00:00","description":"La yerba mate est profond\u00e9ment enracin\u00e9e dans la culture de l'Am\u00e9rique du Sud, o\u00f9 elle est consomm\u00e9e depuis des si\u00e8cles. Cette vari\u00e9t\u00e9 de th\u00e9, populaire en Argentine, au Paraguay...","breadcrumb":{"@id":"https:\/\/dutchmicrodosing.com\/fr\/boutique-de-sante\/supplements-energetiques\/yerba-mate-feuilles-poudre-organique\/#breadcrumb"},"inLanguage":"fr-FR","potentialAction":[{"@type":"ReadAction","target":["https:\/\/dutchmicrodosing.com\/fr\/boutique-de-sante\/supplements-energetiques\/yerba-mate-feuilles-poudre-organique\/"]}]},{"@type":"ImageObject","inLanguage":"fr-FR","@id":"https:\/\/dutchmicrodosing.com\/fr\/boutique-de-sante\/supplements-energetiques\/yerba-mate-feuilles-poudre-organique\/#primaryimage","url":"https:\/\/dutchmicrodosing.com\/wp-content\/uploads\/2023\/11\/yerba.png","contentUrl":"https:\/\/dutchmicrodosing.com\/wp-content\/uploads\/2023\/11\/yerba.png","width":500,"height":500},{"@type":"BreadcrumbList","@id":"https:\/\/dutchmicrodosing.com\/fr\/boutique-de-sante\/supplements-energetiques\/yerba-mate-feuilles-poudre-organique\/#breadcrumb","itemListElement":[{"@type":"ListItem","position":1,"name":"Home","item":"https:\/\/dutchmicrodosing.com\/fr\/"},{"@type":"ListItem","position":2,"name":"Boutique","item":"https:\/\/dutchmicrodosing.com\/fr\/boutique\/"},{"@type":"ListItem","position":3,"name":"Yerba mate feuilles poudre bio"}]},{"@type":"WebSite","@id":"https:\/\/dutchmicrodosing.com\/fr\/#website","url":"https:\/\/dutchmicrodosing.com\/fr\/","name":"Dutchmicrodosing","description":"","publisher":{"@id":"https:\/\/dutchmicrodosing.com\/fr\/#organization"},"potentialAction":[{"@type":"SearchAction","target":{"@type":"EntryPoint","urlTemplate":"https:\/\/dutchmicrodosing.com\/fr\/?s={search_term_string}"},"query-input":{"@type":"PropertyValueSpecification","valueRequired":true,"valueName":"search_term_string"}}],"inLanguage":"fr-FR"},{"@type":"Organization","@id":"https:\/\/dutchmicrodosing.com\/fr\/#organization","name":"Dutchmicrodosing","url":"https:\/\/dutchmicrodosing.com\/fr\/","logo":{"@type":"ImageObject","inLanguage":"fr-FR","@id":"https:\/\/dutchmicrodosing.com\/fr\/#\/schema\/logo\/image\/","url":"https:\/\/dutchmicrodosing.com\/wp-content\/uploads\/2021\/01\/microdosing-categorie-pic-nieuw.jpg","contentUrl":"https:\/\/dutchmicrodosing.com\/wp-content\/uploads\/2021\/01\/microdosing-categorie-pic-nieuw.jpg","width":500,"height":500,"caption":"Dutchmicrodosing"},"image":{"@id":"https:\/\/dutchmicrodosing.com\/fr\/#\/schema\/logo\/image\/"},"sameAs":["https:\/\/www.facebook.com\/Dutchmicrodosingxp\/","https:\/\/www.instagram.com\/dutchmicrodosing\/"]}]},"product_price_amount":"6.95","product_price_currency":"EUR","og_availability":"instock","product_availability":"instock","product_retailer_item_id":"3211235","product_condition":"new"},"_links":{"self":[{"href":"https:\/\/dutchmicrodosing.com\/fr\/wp-json\/wp\/v2\/product\/31201","targetHints":{"allow":["GET"]}}],"collection":[{"href":"https:\/\/dutchmicrodosing.com\/fr\/wp-json\/wp\/v2\/product"}],"about":[{"href":"https:\/\/dutchmicrodosing.com\/fr\/wp-json\/wp\/v2\/types\/product"}],"replies":[{"embeddable":true,"href":"https:\/\/dutchmicrodosing.com\/fr\/wp-json\/wp\/v2\/comments?post=31201"}],"version-history":[{"count":0,"href":"https:\/\/dutchmicrodosing.com\/fr\/wp-json\/wp\/v2\/product\/31201\/revisions"}],"wp:featuredmedia":[{"embeddable":true,"href":"https:\/\/dutchmicrodosing.com\/fr\/wp-json\/wp\/v2\/media\/31195"}],"wp:attachment":[{"href":"https:\/\/dutchmicrodosing.com\/fr\/wp-json\/wp\/v2\/media?parent=31201"}],"wp:term":[{"taxonomy":"product_brand","embeddable":true,"href":"https:\/\/dutchmicrodosing.com\/fr\/wp-json\/wp\/v2\/product_brand?post=31201"},{"taxonomy":"product_cat","embeddable":true,"href":"https:\/\/dutchmicrodosing.com\/fr\/wp-json\/wp\/v2\/product_cat?post=31201"},{"taxonomy":"product_tag","embeddable":true,"href":"https:\/\/dutchmicrodosing.com\/fr\/wp-json\/wp\/v2\/product_tag?post=31201"}],"curies":[{"name":"wp","href":"https:\/\/api.w.org\/{rel}","templated":true}]}}