{"id":31236,"date":"2023-11-13T10:44:48","date_gmt":"2023-11-13T09:44:48","guid":{"rendered":"https:\/\/dutchmicrodosing.com\/shop\/non%20class\u00e9\/valeriane-valeriane-officinalis\/"},"modified":"2026-01-31T07:06:56","modified_gmt":"2026-01-31T06:06:56","slug":"valeriane-valeriane-officinalis","status":"publish","type":"product","link":"https:\/\/dutchmicrodosing.com\/fr\/boutique-de-sante\/supplements-pour-le-sommeil\/valeriane-valeriane-officinalis\/","title":{"rendered":"Racine de val\u00e9riane &#8211; Valeriana officinalis"},"content":{"rendered":"<p>La val\u00e9riane, en particulier l&rsquo;esp\u00e8ce <strong>Valeriana officinalis<\/strong>, est utilis\u00e9e depuis longtemps en Europe et en Asie pour ses propri\u00e9t\u00e9s relaxantes. La racine de la plante est traditionnellement utilis\u00e9e pour lutter contre l&rsquo;insomnie et am\u00e9liorer la qualit\u00e9 du sommeil en r\u00e9duisant le temps d&rsquo;endormissement. Cette esp\u00e8ce est la val\u00e9riane la plus connue et la plus utilis\u00e9e en Occident, appr\u00e9ci\u00e9e pour son influence calmante potentielle sur le syst\u00e8me nerveux central. Il s&rsquo;agit donc d&rsquo;une alternative naturelle tr\u00e8s appr\u00e9ci\u00e9e des personnes confront\u00e9es \u00e0 des situations stressantes ou \u00e0 un syst\u00e8me nerveux hyperactif, et qui recherchent une bonne nuit de sommeil.<\/p>\n<p>La val\u00e9riane est souvent utilis\u00e9e comme moyen de se calmer le soir, ce qui est particuli\u00e8rement utile dans notre soci\u00e9t\u00e9 actuelle, souvent tr\u00e8s occup\u00e9e, o\u00f9 le stress est un probl\u00e8me courant. C&rsquo;est une plante populaire aupr\u00e8s des personnes qui recherchent une m\u00e9thode naturelle pour calmer l&rsquo;esprit et favoriser le sommeil.<\/p>\n<h3>Ingr\u00e9dients<\/h3>\n<p>Poudre de val\u00e9riane 100% biologique<\/p>\n<h3>Utilisation<\/h3>\n<p>Vous pouvez pr\u00e9parer la val\u00e9riane sous forme de th\u00e9. Pour ce faire, utiliser quelques cuill\u00e8res \u00e0 soupe pour un demi-litre d&rsquo;eau et faire bouillir doucement pendant 5 minutes dans une casserole couverte pour \u00e9viter que les vapeurs b\u00e9n\u00e9fiques ne s&rsquo;\u00e9chappent. Laissez-le refroidir pendant un certain temps et buvez-le avec du miel.<\/p>\n<h3>Informations compl\u00e9mentaires<\/h3>\n<p>Il est essentiel d&rsquo;adopter un mode de vie sain et de veiller \u00e0 une alimentation \u00e9quilibr\u00e9e ; les compl\u00e9ments alimentaires ne peuvent pas s&rsquo;y substituer. Ils doivent toujours \u00eatre tenus hors de port\u00e9e des jeunes enfants. Ne pas d\u00e9passer la dose journali\u00e8re indiqu\u00e9e et conserver les compl\u00e9ments dans un endroit frais, sec et sombre. En cas de probl\u00e8mes de sant\u00e9, de prise de m\u00e9dicaments, de grossesse ou d&rsquo;allaitement, il est important de demander d&rsquo;abord l&rsquo;avis d&rsquo;un m\u00e9decin. Cesser imm\u00e9diatement l&rsquo;utilisation en cas d&rsquo;effets secondaires ind\u00e9sirables.<\/p>\n<h3>Contenu<\/h3>\n<p>Valeriana officinalis<strong> &#8211; <\/strong>50 Grammes<\/p>\n","protected":false},"excerpt":{"rendered":"<p>La val\u00e9riane, en particulier l&rsquo;esp\u00e8ce Valeriana officinalis, est utilis\u00e9e depuis longtemps en Europe et en Asie pour ses propri\u00e9t\u00e9s relaxantes. La racine de la plante est traditionnellement utilis\u00e9e pour lutter contre l&rsquo;insomnie et am\u00e9liorer la qualit\u00e9 du sommeil en r\u00e9duisant le temps d&rsquo;endormissement. Cette esp\u00e8ce est la val\u00e9riane la plus connue et la plus utilis\u00e9e [&hellip;]<\/p>\n","protected":false},"featured_media":31221,"comment_status":"closed","ping_status":"closed","template":"","meta":[],"product_brand":[],"product_cat":[644,308,307],"product_tag":[],"class_list":{"0":"post-31236","1":"product","2":"type-product","3":"status-publish","4":"has-post-thumbnail","6":"product_cat-herbes-a-reves","7":"product_cat-supplements-relaxt","8":"product_cat-supplements-pour-le-sommeil","10":"first","11":"instock","12":"taxable","13":"shipping-taxable","14":"purchasable","15":"product-type-simple"},"yoast_head":"<!-- This site is optimized with the Yoast SEO Premium plugin v26.4 (Yoast SEO v27.4) - https:\/\/yoast.com\/product\/yoast-seo-premium-wordpress\/ -->\n<title>Racine de val\u00e9riane - Valeriana officinalis - Dutchmicrodosing<\/title>\n<meta name=\"description\" content=\"La val\u00e9riane, en particulier l&#039;esp\u00e8ce Valeriana officinalis, a une longue histoire d&#039;utilisation en Europe et en Asie en raison de ses propri\u00e9t\u00e9s relaxantes qui...\" \/>\n<meta name=\"robots\" content=\"index, follow, max-snippet:-1, max-image-preview:large, max-video-preview:-1\" \/>\n<link rel=\"canonical\" href=\"https:\/\/dutchmicrodosing.com\/fr\/boutique-de-sante\/supplements-pour-le-sommeil\/valeriane-valeriane-officinalis\/\" \/>\n<meta property=\"og:locale\" content=\"fr_FR\" \/>\n<meta property=\"og:type\" content=\"article\" \/>\n<meta property=\"og:title\" content=\"Racine de val\u00e9riane - Valeriana officinalis\" \/>\n<meta property=\"og:description\" content=\"La val\u00e9riane, en particulier l&#039;esp\u00e8ce Valeriana officinalis, est utilis\u00e9e depuis longtemps en Europe et en Asie pour ses propri\u00e9t\u00e9s relaxantes. La racine\" \/>\n<meta property=\"og:url\" content=\"https:\/\/dutchmicrodosing.com\/fr\/boutique-de-sante\/supplements-pour-le-sommeil\/valeriane-valeriane-officinalis\/\" \/>\n<meta property=\"og:site_name\" content=\"Dutchmicrodosing\" \/>\n<meta property=\"article:publisher\" content=\"https:\/\/www.facebook.com\/Dutchmicrodosingxp\/\" \/>\n<meta property=\"article:modified_time\" content=\"2026-01-31T06:06:56+00:00\" \/>\n<meta property=\"og:image\" content=\"https:\/\/dutchmicrodosing.com\/wp-content\/uploads\/2023\/11\/Valeriana-officinalis.png\" \/>\n\t<meta property=\"og:image:width\" content=\"500\" \/>\n\t<meta property=\"og:image:height\" content=\"500\" \/>\n\t<meta property=\"og:image:type\" content=\"image\/png\" \/>\n<meta name=\"twitter:card\" content=\"summary_large_image\" \/>\n<script type=\"application\/ld+json\" class=\"yoast-schema-graph\">{\"@context\":\"https:\\\/\\\/schema.org\",\"@graph\":[{\"@type\":\"WebPage\",\"@id\":\"https:\\\/\\\/dutchmicrodosing.com\\\/fr\\\/boutique-de-sante\\\/supplements-pour-le-sommeil\\\/valeriane-valeriane-officinalis\\\/\",\"url\":\"https:\\\/\\\/dutchmicrodosing.com\\\/fr\\\/boutique-de-sante\\\/supplements-pour-le-sommeil\\\/valeriane-valeriane-officinalis\\\/\",\"name\":\"Racine de val\u00e9riane - Valeriana officinalis - Dutchmicrodosing\",\"isPartOf\":{\"@id\":\"https:\\\/\\\/dutchmicrodosing.com\\\/fr\\\/#website\"},\"primaryImageOfPage\":{\"@id\":\"https:\\\/\\\/dutchmicrodosing.com\\\/fr\\\/boutique-de-sante\\\/supplements-pour-le-sommeil\\\/valeriane-valeriane-officinalis\\\/#primaryimage\"},\"image\":{\"@id\":\"https:\\\/\\\/dutchmicrodosing.com\\\/fr\\\/boutique-de-sante\\\/supplements-pour-le-sommeil\\\/valeriane-valeriane-officinalis\\\/#primaryimage\"},\"thumbnailUrl\":\"https:\\\/\\\/dutchmicrodosing.com\\\/wp-content\\\/uploads\\\/2023\\\/11\\\/Valeriana-officinalis.png\",\"datePublished\":\"2023-11-13T09:44:48+00:00\",\"dateModified\":\"2026-01-31T06:06:56+00:00\",\"description\":\"La val\u00e9riane, en particulier l'esp\u00e8ce Valeriana officinalis, a une longue histoire d'utilisation en Europe et en Asie en raison de ses propri\u00e9t\u00e9s relaxantes qui...\",\"breadcrumb\":{\"@id\":\"https:\\\/\\\/dutchmicrodosing.com\\\/fr\\\/boutique-de-sante\\\/supplements-pour-le-sommeil\\\/valeriane-valeriane-officinalis\\\/#breadcrumb\"},\"inLanguage\":\"fr-FR\",\"potentialAction\":[{\"@type\":\"ReadAction\",\"target\":[\"https:\\\/\\\/dutchmicrodosing.com\\\/fr\\\/boutique-de-sante\\\/supplements-pour-le-sommeil\\\/valeriane-valeriane-officinalis\\\/\"]}]},{\"@type\":\"ImageObject\",\"inLanguage\":\"fr-FR\",\"@id\":\"https:\\\/\\\/dutchmicrodosing.com\\\/fr\\\/boutique-de-sante\\\/supplements-pour-le-sommeil\\\/valeriane-valeriane-officinalis\\\/#primaryimage\",\"url\":\"https:\\\/\\\/dutchmicrodosing.com\\\/wp-content\\\/uploads\\\/2023\\\/11\\\/Valeriana-officinalis.png\",\"contentUrl\":\"https:\\\/\\\/dutchmicrodosing.com\\\/wp-content\\\/uploads\\\/2023\\\/11\\\/Valeriana-officinalis.png\",\"width\":500,\"height\":500},{\"@type\":\"BreadcrumbList\",\"@id\":\"https:\\\/\\\/dutchmicrodosing.com\\\/fr\\\/boutique-de-sante\\\/supplements-pour-le-sommeil\\\/valeriane-valeriane-officinalis\\\/#breadcrumb\",\"itemListElement\":[{\"@type\":\"ListItem\",\"position\":1,\"name\":\"Home\",\"item\":\"https:\\\/\\\/dutchmicrodosing.com\\\/fr\\\/\"},{\"@type\":\"ListItem\",\"position\":2,\"name\":\"Boutique\",\"item\":\"https:\\\/\\\/dutchmicrodosing.com\\\/fr\\\/boutique\\\/\"},{\"@type\":\"ListItem\",\"position\":3,\"name\":\"Racine de val\u00e9riane &#8211; Valeriana officinalis\"}]},{\"@type\":\"WebSite\",\"@id\":\"https:\\\/\\\/dutchmicrodosing.com\\\/fr\\\/#website\",\"url\":\"https:\\\/\\\/dutchmicrodosing.com\\\/fr\\\/\",\"name\":\"Dutchmicrodosing\",\"description\":\"\",\"publisher\":{\"@id\":\"https:\\\/\\\/dutchmicrodosing.com\\\/fr\\\/#organization\"},\"potentialAction\":[{\"@type\":\"SearchAction\",\"target\":{\"@type\":\"EntryPoint\",\"urlTemplate\":\"https:\\\/\\\/dutchmicrodosing.com\\\/fr\\\/?s={search_term_string}\"},\"query-input\":{\"@type\":\"PropertyValueSpecification\",\"valueRequired\":true,\"valueName\":\"search_term_string\"}}],\"inLanguage\":\"fr-FR\"},{\"@type\":\"Organization\",\"@id\":\"https:\\\/\\\/dutchmicrodosing.com\\\/fr\\\/#organization\",\"name\":\"Dutchmicrodosing\",\"url\":\"https:\\\/\\\/dutchmicrodosing.com\\\/fr\\\/\",\"logo\":{\"@type\":\"ImageObject\",\"inLanguage\":\"fr-FR\",\"@id\":\"https:\\\/\\\/dutchmicrodosing.com\\\/fr\\\/#\\\/schema\\\/logo\\\/image\\\/\",\"url\":\"https:\\\/\\\/dutchmicrodosing.com\\\/wp-content\\\/uploads\\\/2021\\\/01\\\/microdosing-categorie-pic-nieuw.jpg\",\"contentUrl\":\"https:\\\/\\\/dutchmicrodosing.com\\\/wp-content\\\/uploads\\\/2021\\\/01\\\/microdosing-categorie-pic-nieuw.jpg\",\"width\":500,\"height\":500,\"caption\":\"Dutchmicrodosing\"},\"image\":{\"@id\":\"https:\\\/\\\/dutchmicrodosing.com\\\/fr\\\/#\\\/schema\\\/logo\\\/image\\\/\"},\"sameAs\":[\"https:\\\/\\\/www.facebook.com\\\/Dutchmicrodosingxp\\\/\",\"https:\\\/\\\/www.instagram.com\\\/dutchmicrodosing\\\/\"]}]}<\/script>\n<meta property=\"product:price:amount\" content=\"5.95\" \/>\n<meta property=\"product:price:currency\" content=\"EUR\" \/>\n<meta property=\"og:availability\" content=\"instock\" \/>\n<meta property=\"product:availability\" content=\"instock\" \/>\n<meta property=\"product:retailer_item_id\" content=\"3211364\" \/>\n<meta property=\"product:condition\" content=\"new\" \/>\n<!-- \/ Yoast SEO Premium plugin. -->","yoast_head_json":{"title":"Racine de val\u00e9riane - Valeriana officinalis - Dutchmicrodosing","description":"La val\u00e9riane, en particulier l'esp\u00e8ce Valeriana officinalis, a une longue histoire d'utilisation en Europe et en Asie en raison de ses propri\u00e9t\u00e9s relaxantes qui...","robots":{"index":"index","follow":"follow","max-snippet":"max-snippet:-1","max-image-preview":"max-image-preview:large","max-video-preview":"max-video-preview:-1"},"canonical":"https:\/\/dutchmicrodosing.com\/fr\/boutique-de-sante\/supplements-pour-le-sommeil\/valeriane-valeriane-officinalis\/","og_locale":"fr_FR","og_type":"article","og_title":"Racine de val\u00e9riane - Valeriana officinalis","og_description":"La val\u00e9riane, en particulier l'esp\u00e8ce Valeriana officinalis, est utilis\u00e9e depuis longtemps en Europe et en Asie pour ses propri\u00e9t\u00e9s relaxantes. La racine","og_url":"https:\/\/dutchmicrodosing.com\/fr\/boutique-de-sante\/supplements-pour-le-sommeil\/valeriane-valeriane-officinalis\/","og_site_name":"Dutchmicrodosing","article_publisher":"https:\/\/www.facebook.com\/Dutchmicrodosingxp\/","article_modified_time":"2026-01-31T06:06:56+00:00","og_image":[{"width":500,"height":500,"url":"https:\/\/dutchmicrodosing.com\/wp-content\/uploads\/2023\/11\/Valeriana-officinalis.png","type":"image\/png"}],"twitter_card":"summary_large_image","schema":{"@context":"https:\/\/schema.org","@graph":[{"@type":"WebPage","@id":"https:\/\/dutchmicrodosing.com\/fr\/boutique-de-sante\/supplements-pour-le-sommeil\/valeriane-valeriane-officinalis\/","url":"https:\/\/dutchmicrodosing.com\/fr\/boutique-de-sante\/supplements-pour-le-sommeil\/valeriane-valeriane-officinalis\/","name":"Racine de val\u00e9riane - Valeriana officinalis - Dutchmicrodosing","isPartOf":{"@id":"https:\/\/dutchmicrodosing.com\/fr\/#website"},"primaryImageOfPage":{"@id":"https:\/\/dutchmicrodosing.com\/fr\/boutique-de-sante\/supplements-pour-le-sommeil\/valeriane-valeriane-officinalis\/#primaryimage"},"image":{"@id":"https:\/\/dutchmicrodosing.com\/fr\/boutique-de-sante\/supplements-pour-le-sommeil\/valeriane-valeriane-officinalis\/#primaryimage"},"thumbnailUrl":"https:\/\/dutchmicrodosing.com\/wp-content\/uploads\/2023\/11\/Valeriana-officinalis.png","datePublished":"2023-11-13T09:44:48+00:00","dateModified":"2026-01-31T06:06:56+00:00","description":"La val\u00e9riane, en particulier l'esp\u00e8ce Valeriana officinalis, a une longue histoire d'utilisation en Europe et en Asie en raison de ses propri\u00e9t\u00e9s relaxantes qui...","breadcrumb":{"@id":"https:\/\/dutchmicrodosing.com\/fr\/boutique-de-sante\/supplements-pour-le-sommeil\/valeriane-valeriane-officinalis\/#breadcrumb"},"inLanguage":"fr-FR","potentialAction":[{"@type":"ReadAction","target":["https:\/\/dutchmicrodosing.com\/fr\/boutique-de-sante\/supplements-pour-le-sommeil\/valeriane-valeriane-officinalis\/"]}]},{"@type":"ImageObject","inLanguage":"fr-FR","@id":"https:\/\/dutchmicrodosing.com\/fr\/boutique-de-sante\/supplements-pour-le-sommeil\/valeriane-valeriane-officinalis\/#primaryimage","url":"https:\/\/dutchmicrodosing.com\/wp-content\/uploads\/2023\/11\/Valeriana-officinalis.png","contentUrl":"https:\/\/dutchmicrodosing.com\/wp-content\/uploads\/2023\/11\/Valeriana-officinalis.png","width":500,"height":500},{"@type":"BreadcrumbList","@id":"https:\/\/dutchmicrodosing.com\/fr\/boutique-de-sante\/supplements-pour-le-sommeil\/valeriane-valeriane-officinalis\/#breadcrumb","itemListElement":[{"@type":"ListItem","position":1,"name":"Home","item":"https:\/\/dutchmicrodosing.com\/fr\/"},{"@type":"ListItem","position":2,"name":"Boutique","item":"https:\/\/dutchmicrodosing.com\/fr\/boutique\/"},{"@type":"ListItem","position":3,"name":"Racine de val\u00e9riane &#8211; Valeriana officinalis"}]},{"@type":"WebSite","@id":"https:\/\/dutchmicrodosing.com\/fr\/#website","url":"https:\/\/dutchmicrodosing.com\/fr\/","name":"Dutchmicrodosing","description":"","publisher":{"@id":"https:\/\/dutchmicrodosing.com\/fr\/#organization"},"potentialAction":[{"@type":"SearchAction","target":{"@type":"EntryPoint","urlTemplate":"https:\/\/dutchmicrodosing.com\/fr\/?s={search_term_string}"},"query-input":{"@type":"PropertyValueSpecification","valueRequired":true,"valueName":"search_term_string"}}],"inLanguage":"fr-FR"},{"@type":"Organization","@id":"https:\/\/dutchmicrodosing.com\/fr\/#organization","name":"Dutchmicrodosing","url":"https:\/\/dutchmicrodosing.com\/fr\/","logo":{"@type":"ImageObject","inLanguage":"fr-FR","@id":"https:\/\/dutchmicrodosing.com\/fr\/#\/schema\/logo\/image\/","url":"https:\/\/dutchmicrodosing.com\/wp-content\/uploads\/2021\/01\/microdosing-categorie-pic-nieuw.jpg","contentUrl":"https:\/\/dutchmicrodosing.com\/wp-content\/uploads\/2021\/01\/microdosing-categorie-pic-nieuw.jpg","width":500,"height":500,"caption":"Dutchmicrodosing"},"image":{"@id":"https:\/\/dutchmicrodosing.com\/fr\/#\/schema\/logo\/image\/"},"sameAs":["https:\/\/www.facebook.com\/Dutchmicrodosingxp\/","https:\/\/www.instagram.com\/dutchmicrodosing\/"]}]},"product_price_amount":"5.95","product_price_currency":"EUR","og_availability":"instock","product_availability":"instock","product_retailer_item_id":"3211364","product_condition":"new"},"_links":{"self":[{"href":"https:\/\/dutchmicrodosing.com\/fr\/wp-json\/wp\/v2\/product\/31236","targetHints":{"allow":["GET"]}}],"collection":[{"href":"https:\/\/dutchmicrodosing.com\/fr\/wp-json\/wp\/v2\/product"}],"about":[{"href":"https:\/\/dutchmicrodosing.com\/fr\/wp-json\/wp\/v2\/types\/product"}],"replies":[{"embeddable":true,"href":"https:\/\/dutchmicrodosing.com\/fr\/wp-json\/wp\/v2\/comments?post=31236"}],"version-history":[{"count":1,"href":"https:\/\/dutchmicrodosing.com\/fr\/wp-json\/wp\/v2\/product\/31236\/revisions"}],"predecessor-version":[{"id":61352,"href":"https:\/\/dutchmicrodosing.com\/fr\/wp-json\/wp\/v2\/product\/31236\/revisions\/61352"}],"wp:featuredmedia":[{"embeddable":true,"href":"https:\/\/dutchmicrodosing.com\/fr\/wp-json\/wp\/v2\/media\/31221"}],"wp:attachment":[{"href":"https:\/\/dutchmicrodosing.com\/fr\/wp-json\/wp\/v2\/media?parent=31236"}],"wp:term":[{"taxonomy":"product_brand","embeddable":true,"href":"https:\/\/dutchmicrodosing.com\/fr\/wp-json\/wp\/v2\/product_brand?post=31236"},{"taxonomy":"product_cat","embeddable":true,"href":"https:\/\/dutchmicrodosing.com\/fr\/wp-json\/wp\/v2\/product_cat?post=31236"},{"taxonomy":"product_tag","embeddable":true,"href":"https:\/\/dutchmicrodosing.com\/fr\/wp-json\/wp\/v2\/product_tag?post=31236"}],"curies":[{"name":"wp","href":"https:\/\/api.w.org\/{rel}","templated":true}]}}