{"id":31305,"date":"2023-11-13T15:19:51","date_gmt":"2023-11-13T14:19:51","guid":{"rendered":"https:\/\/dutchmicrodosing.com\/shop\/non%20class\u00e9\/plant-of-remedy-huile-de-cannabis-10-cbg\/"},"modified":"2025-08-27T09:49:12","modified_gmt":"2025-08-27T07:49:12","slug":"plant-of-remedy-huile-de-cannabis-10-cbg","status":"publish","type":"product","link":"https:\/\/dutchmicrodosing.com\/fr\/boutique-de-sante\/cbd-et-supplements\/plant-of-remedy-huile-de-cannabis-10-cbg\/","title":{"rendered":"Plant of Remedy Huile de Cannabis &#8211; 10% CBG"},"content":{"rendered":"<p>The <strong>Plant of Remedy Cannabis Oil 10% CBG<\/strong> est une huile de chanvre naturelle et biologique qui met l&rsquo;accent sur une faible teneur en THC sans effets psychoactifs. Riche en terp\u00e8nes et autres cannabino\u00efdes tels que le CBD, l&rsquo;huile est connue pour sa capacit\u00e9 \u00e0 att\u00e9nuer la psychoactivit\u00e9 du THC. Ce ph\u00e9nom\u00e8ne est souvent observ\u00e9 dans les vari\u00e9t\u00e9s de cannabis \u00e0 forte concentration de CBD et \u00e0 faible teneur en THC. La particularit\u00e9 de cette huile est qu&rsquo;elle est extraite \u00e0 partir de cristaux de CBG de haute qualit\u00e9 et qu&rsquo;elle est exempte d&rsquo;additifs ou d&rsquo;ingr\u00e9dients synth\u00e9tiques, ce qui en fait un choix pur pour ceux qui recherchent les bienfaits des cannabino\u00efdes.<\/p>\n<h3>Ingr\u00e9dients<\/h3>\n<ul>\n<li>Huile de graines de cannabis sativa<\/li>\n<li>Cannabig\u00e9rol<\/li>\n<li>Flacon de 10ml &#8211; (1000mg CBG)<\/li>\n<li>200 gouttes par bouteille &#8211; (5mg CBD par goutte)<\/li>\n<li>Extraction au CO2.<\/li>\n<li>Sans additifs ni ingr\u00e9dients synth\u00e9tiques.<\/li>\n<li>Ne contient pas de THC<\/li>\n<\/ul>\n<h3>Utilisation<\/h3>\n<ul>\n<li>Mettre 2 gouttes sous la langue<\/li>\n<li>Maximum 10 gouttes<\/li>\n<li>Bien agiter avant utilisation<\/li>\n<li>Ne pas d\u00e9passer la dose journali\u00e8re recommand\u00e9e<\/li>\n<\/ul>\n<h3>Conseils de stockage<\/h3>\n<p>Conservez ce produit dans un endroit frais et sombre, tel qu&rsquo;un placard de cuisine, et hors de port\u00e9e des enfants.<\/p>\n<h3>Contenu<\/h3>\n<p>Huile de CBD avec 10% de CBG (1000mg) &#8211; 10 ml<\/p>\n","protected":false},"excerpt":{"rendered":"<p>The Plant of Remedy Cannabis Oil 10% CBG est une huile de chanvre naturelle et biologique qui met l&rsquo;accent sur une faible teneur en THC sans effets psychoactifs. Riche en terp\u00e8nes et autres cannabino\u00efdes tels que le CBD, l&rsquo;huile est connue pour sa capacit\u00e9 \u00e0 att\u00e9nuer la psychoactivit\u00e9 du THC. Ce ph\u00e9nom\u00e8ne est souvent observ\u00e9 [&hellip;]<\/p>\n","protected":false},"featured_media":31297,"comment_status":"closed","ping_status":"closed","template":"","meta":[],"product_brand":[],"product_cat":[284,308],"product_tag":[],"class_list":{"0":"post-31305","1":"product","2":"type-product","3":"status-publish","4":"has-post-thumbnail","6":"product_cat-cbd-et-supplements","7":"product_cat-supplements-relaxt","9":"first","10":"instock","11":"taxable","12":"shipping-taxable","13":"purchasable","14":"product-type-simple"},"yoast_head":"<!-- This site is optimized with the Yoast SEO Premium plugin v26.4 (Yoast SEO v27.4) - https:\/\/yoast.com\/product\/yoast-seo-premium-wordpress\/ -->\n<title>Plant of Remedy Huile de Cannabis - 10% CBG - Dutchmicrodosing<\/title>\n<meta name=\"description\" content=\"The Plant of Remedy Cannabis Oil 10% CBG est une huile de chanvre naturelle et biologique qui met l&#039;accent sur une faible teneur en THC afin d&#039;\u00e9viter les effets psychoactifs et...\" \/>\n<meta name=\"robots\" content=\"index, follow, max-snippet:-1, max-image-preview:large, max-video-preview:-1\" \/>\n<link rel=\"canonical\" href=\"https:\/\/dutchmicrodosing.com\/fr\/boutique-de-sante\/cbd-et-supplements\/plant-of-remedy-huile-de-cannabis-10-cbg\/\" \/>\n<meta property=\"og:locale\" content=\"fr_FR\" \/>\n<meta property=\"og:type\" content=\"article\" \/>\n<meta property=\"og:title\" content=\"Plant of Remedy Huile de Cannabis - 10% CBG\" \/>\n<meta property=\"og:description\" content=\"The Plant of Remedy Cannabis Oil 10% CBG est une huile de chanvre naturelle et biologique qui met l&#039;accent sur une faible teneur en THC sans effets\" \/>\n<meta property=\"og:url\" content=\"https:\/\/dutchmicrodosing.com\/fr\/boutique-de-sante\/cbd-et-supplements\/plant-of-remedy-huile-de-cannabis-10-cbg\/\" \/>\n<meta property=\"og:site_name\" content=\"Dutchmicrodosing\" \/>\n<meta property=\"article:publisher\" content=\"https:\/\/www.facebook.com\/Dutchmicrodosingxp\/\" \/>\n<meta property=\"article:modified_time\" content=\"2025-08-27T07:49:12+00:00\" \/>\n<meta property=\"og:image\" content=\"https:\/\/dutchmicrodosing.com\/wp-content\/uploads\/2023\/11\/POR-Hemp_Oil-10_CBG-416x416-1.jpg\" \/>\n\t<meta property=\"og:image:width\" content=\"416\" \/>\n\t<meta property=\"og:image:height\" content=\"416\" \/>\n\t<meta property=\"og:image:type\" content=\"image\/jpeg\" \/>\n<meta name=\"twitter:card\" content=\"summary_large_image\" \/>\n<script type=\"application\/ld+json\" class=\"yoast-schema-graph\">{\"@context\":\"https:\\\/\\\/schema.org\",\"@graph\":[{\"@type\":\"WebPage\",\"@id\":\"https:\\\/\\\/dutchmicrodosing.com\\\/fr\\\/boutique-de-sante\\\/cbd-et-supplements\\\/plant-of-remedy-huile-de-cannabis-10-cbg\\\/\",\"url\":\"https:\\\/\\\/dutchmicrodosing.com\\\/fr\\\/boutique-de-sante\\\/cbd-et-supplements\\\/plant-of-remedy-huile-de-cannabis-10-cbg\\\/\",\"name\":\"Plant of Remedy Huile de Cannabis - 10% CBG - Dutchmicrodosing\",\"isPartOf\":{\"@id\":\"https:\\\/\\\/dutchmicrodosing.com\\\/fr\\\/#website\"},\"primaryImageOfPage\":{\"@id\":\"https:\\\/\\\/dutchmicrodosing.com\\\/fr\\\/boutique-de-sante\\\/cbd-et-supplements\\\/plant-of-remedy-huile-de-cannabis-10-cbg\\\/#primaryimage\"},\"image\":{\"@id\":\"https:\\\/\\\/dutchmicrodosing.com\\\/fr\\\/boutique-de-sante\\\/cbd-et-supplements\\\/plant-of-remedy-huile-de-cannabis-10-cbg\\\/#primaryimage\"},\"thumbnailUrl\":\"https:\\\/\\\/dutchmicrodosing.com\\\/wp-content\\\/uploads\\\/2023\\\/11\\\/POR-Hemp_Oil-10_CBG-416x416-1.jpg\",\"datePublished\":\"2023-11-13T14:19:51+00:00\",\"dateModified\":\"2025-08-27T07:49:12+00:00\",\"description\":\"The Plant of Remedy Cannabis Oil 10% CBG est une huile de chanvre naturelle et biologique qui met l'accent sur une faible teneur en THC afin d'\u00e9viter les effets psychoactifs et...\",\"breadcrumb\":{\"@id\":\"https:\\\/\\\/dutchmicrodosing.com\\\/fr\\\/boutique-de-sante\\\/cbd-et-supplements\\\/plant-of-remedy-huile-de-cannabis-10-cbg\\\/#breadcrumb\"},\"inLanguage\":\"fr-FR\",\"potentialAction\":[{\"@type\":\"ReadAction\",\"target\":[\"https:\\\/\\\/dutchmicrodosing.com\\\/fr\\\/boutique-de-sante\\\/cbd-et-supplements\\\/plant-of-remedy-huile-de-cannabis-10-cbg\\\/\"]}]},{\"@type\":\"ImageObject\",\"inLanguage\":\"fr-FR\",\"@id\":\"https:\\\/\\\/dutchmicrodosing.com\\\/fr\\\/boutique-de-sante\\\/cbd-et-supplements\\\/plant-of-remedy-huile-de-cannabis-10-cbg\\\/#primaryimage\",\"url\":\"https:\\\/\\\/dutchmicrodosing.com\\\/wp-content\\\/uploads\\\/2023\\\/11\\\/POR-Hemp_Oil-10_CBG-416x416-1.jpg\",\"contentUrl\":\"https:\\\/\\\/dutchmicrodosing.com\\\/wp-content\\\/uploads\\\/2023\\\/11\\\/POR-Hemp_Oil-10_CBG-416x416-1.jpg\",\"width\":416,\"height\":416},{\"@type\":\"BreadcrumbList\",\"@id\":\"https:\\\/\\\/dutchmicrodosing.com\\\/fr\\\/boutique-de-sante\\\/cbd-et-supplements\\\/plant-of-remedy-huile-de-cannabis-10-cbg\\\/#breadcrumb\",\"itemListElement\":[{\"@type\":\"ListItem\",\"position\":1,\"name\":\"Home\",\"item\":\"https:\\\/\\\/dutchmicrodosing.com\\\/fr\\\/\"},{\"@type\":\"ListItem\",\"position\":2,\"name\":\"Boutique\",\"item\":\"https:\\\/\\\/dutchmicrodosing.com\\\/fr\\\/boutique\\\/\"},{\"@type\":\"ListItem\",\"position\":3,\"name\":\"Plant of Remedy Huile de Cannabis &#8211; 10% CBG\"}]},{\"@type\":\"WebSite\",\"@id\":\"https:\\\/\\\/dutchmicrodosing.com\\\/fr\\\/#website\",\"url\":\"https:\\\/\\\/dutchmicrodosing.com\\\/fr\\\/\",\"name\":\"Dutchmicrodosing\",\"description\":\"\",\"publisher\":{\"@id\":\"https:\\\/\\\/dutchmicrodosing.com\\\/fr\\\/#organization\"},\"potentialAction\":[{\"@type\":\"SearchAction\",\"target\":{\"@type\":\"EntryPoint\",\"urlTemplate\":\"https:\\\/\\\/dutchmicrodosing.com\\\/fr\\\/?s={search_term_string}\"},\"query-input\":{\"@type\":\"PropertyValueSpecification\",\"valueRequired\":true,\"valueName\":\"search_term_string\"}}],\"inLanguage\":\"fr-FR\"},{\"@type\":\"Organization\",\"@id\":\"https:\\\/\\\/dutchmicrodosing.com\\\/fr\\\/#organization\",\"name\":\"Dutchmicrodosing\",\"url\":\"https:\\\/\\\/dutchmicrodosing.com\\\/fr\\\/\",\"logo\":{\"@type\":\"ImageObject\",\"inLanguage\":\"fr-FR\",\"@id\":\"https:\\\/\\\/dutchmicrodosing.com\\\/fr\\\/#\\\/schema\\\/logo\\\/image\\\/\",\"url\":\"https:\\\/\\\/dutchmicrodosing.com\\\/wp-content\\\/uploads\\\/2021\\\/01\\\/microdosing-categorie-pic-nieuw.jpg\",\"contentUrl\":\"https:\\\/\\\/dutchmicrodosing.com\\\/wp-content\\\/uploads\\\/2021\\\/01\\\/microdosing-categorie-pic-nieuw.jpg\",\"width\":500,\"height\":500,\"caption\":\"Dutchmicrodosing\"},\"image\":{\"@id\":\"https:\\\/\\\/dutchmicrodosing.com\\\/fr\\\/#\\\/schema\\\/logo\\\/image\\\/\"},\"sameAs\":[\"https:\\\/\\\/www.facebook.com\\\/Dutchmicrodosingxp\\\/\",\"https:\\\/\\\/www.instagram.com\\\/dutchmicrodosing\\\/\"]}]}<\/script>\n<meta property=\"product:price:amount\" content=\"16.95\" \/>\n<meta property=\"product:price:currency\" content=\"EUR\" \/>\n<meta property=\"og:availability\" content=\"instock\" \/>\n<meta property=\"product:availability\" content=\"instock\" \/>\n<meta property=\"product:retailer_item_id\" content=\"2205264\" \/>\n<meta property=\"product:condition\" content=\"new\" \/>\n<!-- \/ Yoast SEO Premium plugin. -->","yoast_head_json":{"title":"Plant of Remedy Huile de Cannabis - 10% CBG - Dutchmicrodosing","description":"The Plant of Remedy Cannabis Oil 10% CBG est une huile de chanvre naturelle et biologique qui met l'accent sur une faible teneur en THC afin d'\u00e9viter les effets psychoactifs et...","robots":{"index":"index","follow":"follow","max-snippet":"max-snippet:-1","max-image-preview":"max-image-preview:large","max-video-preview":"max-video-preview:-1"},"canonical":"https:\/\/dutchmicrodosing.com\/fr\/boutique-de-sante\/cbd-et-supplements\/plant-of-remedy-huile-de-cannabis-10-cbg\/","og_locale":"fr_FR","og_type":"article","og_title":"Plant of Remedy Huile de Cannabis - 10% CBG","og_description":"The Plant of Remedy Cannabis Oil 10% CBG est une huile de chanvre naturelle et biologique qui met l'accent sur une faible teneur en THC sans effets","og_url":"https:\/\/dutchmicrodosing.com\/fr\/boutique-de-sante\/cbd-et-supplements\/plant-of-remedy-huile-de-cannabis-10-cbg\/","og_site_name":"Dutchmicrodosing","article_publisher":"https:\/\/www.facebook.com\/Dutchmicrodosingxp\/","article_modified_time":"2025-08-27T07:49:12+00:00","og_image":[{"width":416,"height":416,"url":"https:\/\/dutchmicrodosing.com\/wp-content\/uploads\/2023\/11\/POR-Hemp_Oil-10_CBG-416x416-1.jpg","type":"image\/jpeg"}],"twitter_card":"summary_large_image","schema":{"@context":"https:\/\/schema.org","@graph":[{"@type":"WebPage","@id":"https:\/\/dutchmicrodosing.com\/fr\/boutique-de-sante\/cbd-et-supplements\/plant-of-remedy-huile-de-cannabis-10-cbg\/","url":"https:\/\/dutchmicrodosing.com\/fr\/boutique-de-sante\/cbd-et-supplements\/plant-of-remedy-huile-de-cannabis-10-cbg\/","name":"Plant of Remedy Huile de Cannabis - 10% CBG - Dutchmicrodosing","isPartOf":{"@id":"https:\/\/dutchmicrodosing.com\/fr\/#website"},"primaryImageOfPage":{"@id":"https:\/\/dutchmicrodosing.com\/fr\/boutique-de-sante\/cbd-et-supplements\/plant-of-remedy-huile-de-cannabis-10-cbg\/#primaryimage"},"image":{"@id":"https:\/\/dutchmicrodosing.com\/fr\/boutique-de-sante\/cbd-et-supplements\/plant-of-remedy-huile-de-cannabis-10-cbg\/#primaryimage"},"thumbnailUrl":"https:\/\/dutchmicrodosing.com\/wp-content\/uploads\/2023\/11\/POR-Hemp_Oil-10_CBG-416x416-1.jpg","datePublished":"2023-11-13T14:19:51+00:00","dateModified":"2025-08-27T07:49:12+00:00","description":"The Plant of Remedy Cannabis Oil 10% CBG est une huile de chanvre naturelle et biologique qui met l'accent sur une faible teneur en THC afin d'\u00e9viter les effets psychoactifs et...","breadcrumb":{"@id":"https:\/\/dutchmicrodosing.com\/fr\/boutique-de-sante\/cbd-et-supplements\/plant-of-remedy-huile-de-cannabis-10-cbg\/#breadcrumb"},"inLanguage":"fr-FR","potentialAction":[{"@type":"ReadAction","target":["https:\/\/dutchmicrodosing.com\/fr\/boutique-de-sante\/cbd-et-supplements\/plant-of-remedy-huile-de-cannabis-10-cbg\/"]}]},{"@type":"ImageObject","inLanguage":"fr-FR","@id":"https:\/\/dutchmicrodosing.com\/fr\/boutique-de-sante\/cbd-et-supplements\/plant-of-remedy-huile-de-cannabis-10-cbg\/#primaryimage","url":"https:\/\/dutchmicrodosing.com\/wp-content\/uploads\/2023\/11\/POR-Hemp_Oil-10_CBG-416x416-1.jpg","contentUrl":"https:\/\/dutchmicrodosing.com\/wp-content\/uploads\/2023\/11\/POR-Hemp_Oil-10_CBG-416x416-1.jpg","width":416,"height":416},{"@type":"BreadcrumbList","@id":"https:\/\/dutchmicrodosing.com\/fr\/boutique-de-sante\/cbd-et-supplements\/plant-of-remedy-huile-de-cannabis-10-cbg\/#breadcrumb","itemListElement":[{"@type":"ListItem","position":1,"name":"Home","item":"https:\/\/dutchmicrodosing.com\/fr\/"},{"@type":"ListItem","position":2,"name":"Boutique","item":"https:\/\/dutchmicrodosing.com\/fr\/boutique\/"},{"@type":"ListItem","position":3,"name":"Plant of Remedy Huile de Cannabis &#8211; 10% CBG"}]},{"@type":"WebSite","@id":"https:\/\/dutchmicrodosing.com\/fr\/#website","url":"https:\/\/dutchmicrodosing.com\/fr\/","name":"Dutchmicrodosing","description":"","publisher":{"@id":"https:\/\/dutchmicrodosing.com\/fr\/#organization"},"potentialAction":[{"@type":"SearchAction","target":{"@type":"EntryPoint","urlTemplate":"https:\/\/dutchmicrodosing.com\/fr\/?s={search_term_string}"},"query-input":{"@type":"PropertyValueSpecification","valueRequired":true,"valueName":"search_term_string"}}],"inLanguage":"fr-FR"},{"@type":"Organization","@id":"https:\/\/dutchmicrodosing.com\/fr\/#organization","name":"Dutchmicrodosing","url":"https:\/\/dutchmicrodosing.com\/fr\/","logo":{"@type":"ImageObject","inLanguage":"fr-FR","@id":"https:\/\/dutchmicrodosing.com\/fr\/#\/schema\/logo\/image\/","url":"https:\/\/dutchmicrodosing.com\/wp-content\/uploads\/2021\/01\/microdosing-categorie-pic-nieuw.jpg","contentUrl":"https:\/\/dutchmicrodosing.com\/wp-content\/uploads\/2021\/01\/microdosing-categorie-pic-nieuw.jpg","width":500,"height":500,"caption":"Dutchmicrodosing"},"image":{"@id":"https:\/\/dutchmicrodosing.com\/fr\/#\/schema\/logo\/image\/"},"sameAs":["https:\/\/www.facebook.com\/Dutchmicrodosingxp\/","https:\/\/www.instagram.com\/dutchmicrodosing\/"]}]},"product_price_amount":"16.95","product_price_currency":"EUR","og_availability":"instock","product_availability":"instock","product_retailer_item_id":"2205264","product_condition":"new"},"_links":{"self":[{"href":"https:\/\/dutchmicrodosing.com\/fr\/wp-json\/wp\/v2\/product\/31305","targetHints":{"allow":["GET"]}}],"collection":[{"href":"https:\/\/dutchmicrodosing.com\/fr\/wp-json\/wp\/v2\/product"}],"about":[{"href":"https:\/\/dutchmicrodosing.com\/fr\/wp-json\/wp\/v2\/types\/product"}],"replies":[{"embeddable":true,"href":"https:\/\/dutchmicrodosing.com\/fr\/wp-json\/wp\/v2\/comments?post=31305"}],"version-history":[{"count":0,"href":"https:\/\/dutchmicrodosing.com\/fr\/wp-json\/wp\/v2\/product\/31305\/revisions"}],"wp:featuredmedia":[{"embeddable":true,"href":"https:\/\/dutchmicrodosing.com\/fr\/wp-json\/wp\/v2\/media\/31297"}],"wp:attachment":[{"href":"https:\/\/dutchmicrodosing.com\/fr\/wp-json\/wp\/v2\/media?parent=31305"}],"wp:term":[{"taxonomy":"product_brand","embeddable":true,"href":"https:\/\/dutchmicrodosing.com\/fr\/wp-json\/wp\/v2\/product_brand?post=31305"},{"taxonomy":"product_cat","embeddable":true,"href":"https:\/\/dutchmicrodosing.com\/fr\/wp-json\/wp\/v2\/product_cat?post=31305"},{"taxonomy":"product_tag","embeddable":true,"href":"https:\/\/dutchmicrodosing.com\/fr\/wp-json\/wp\/v2\/product_tag?post=31305"}],"curies":[{"name":"wp","href":"https:\/\/api.w.org\/{rel}","templated":true}]}}