{"id":31969,"date":"2023-11-16T12:43:36","date_gmt":"2023-11-16T11:43:36","guid":{"rendered":"https:\/\/dutchmicrodosing.com\/shop\/non%20class\u00e9\/damiana-11-extrait-turnera-diffusa\/"},"modified":"2025-09-05T19:18:04","modified_gmt":"2025-09-05T17:18:04","slug":"damiana-11-extrait-turnera-diffusa","status":"publish","type":"product","link":"https:\/\/dutchmicrodosing.com\/fr\/boutique-de-sante\/supplements-relaxt\/damiana-11-extrait-turnera-diffusa\/","title":{"rendered":"Extrait de Damiana 1:1 &#8211; Turnera Diffusa"},"content":{"rendered":"<p>La <strong>damiana (Turnera diffusa<\/strong> ) est une plante connue pour ses effets aphrodisiaques depuis plus de mille ans. Elle est traditionnellement tr\u00e8s utilis\u00e9e par les peuples indig\u00e8nes d&rsquo;Am\u00e9rique centrale et d&rsquo;Am\u00e9rique du Sud, y compris les Mayas, qui l&rsquo;utilisaient pour traiter les pertes d&rsquo;\u00e9quilibre et les vertiges. Les Mexicains pr\u00e9paraient un \u00e9lixir d&rsquo;amour \u00e0 base de damiana en m\u00e9langeant les feuilles avec du sucre pour en adoucir l&rsquo;amertume. La damiana est \u00e9galement utilis\u00e9e pour la relaxation et la d\u00e9tente.<\/p>\n<h3>Ingr\u00e9dients<\/h3>\n<p>Turnera diffusa (Damiana).<\/p>\n<h3>Utilisation<\/h3>\n<p>Ne pas d\u00e9passer 5 \u00e0 10 gouttes sous la langue. Les compl\u00e9ments ne remplacent pas un r\u00e9gime alimentaire sain.<\/p>\n<h3>Effets<\/h3>\n<ul>\n<li>Apaisement<\/li>\n<li>Apaisant<\/li>\n<li>L\u00e9g\u00e8rement euphorique<\/li>\n<li>aphrodisiaque<\/li>\n<\/ul>\n<h3>Conseils de stockage<\/h3>\n<p>Conservez ce produit dans un endroit sombre et frais, tel qu&rsquo;un placard de cuisine, et hors de port\u00e9e des enfants.<\/p>\n<h3>Contenu<\/h3>\n<p>Global Herbs Wholesale Damiana (Turnera diffusa) extrait 1:1 &#8211; 10 ml.<\/p>\n<h3>Note !<\/h3>\n<p>Ne pas utiliser en cas de probl\u00e8mes de sant\u00e9 mentale, de prise de m\u00e9dicaments ou pendant la grossesse.<\/p>\n","protected":false},"excerpt":{"rendered":"<p>La damiana (Turnera diffusa ) est une plante connue pour ses effets aphrodisiaques depuis plus de mille ans. Elle est traditionnellement tr\u00e8s utilis\u00e9e par les peuples indig\u00e8nes d&rsquo;Am\u00e9rique centrale et d&rsquo;Am\u00e9rique du Sud, y compris les Mayas, qui l&rsquo;utilisaient pour traiter les pertes d&rsquo;\u00e9quilibre et les vertiges. Les Mexicains pr\u00e9paraient un \u00e9lixir d&rsquo;amour \u00e0 base [&hellip;]<\/p>\n","protected":false},"featured_media":31694,"comment_status":"closed","ping_status":"closed","template":"","meta":[],"product_brand":[],"product_cat":[308],"product_tag":[],"class_list":{"0":"post-31969","1":"product","2":"type-product","3":"status-publish","4":"has-post-thumbnail","6":"product_cat-supplements-relaxt","8":"first","9":"instock","10":"taxable","11":"shipping-taxable","12":"purchasable","13":"product-type-simple"},"yoast_head":"<!-- This site is optimized with the Yoast SEO Premium plugin v26.4 (Yoast SEO v27.4) - https:\/\/yoast.com\/product\/yoast-seo-premium-wordpress\/ -->\n<title>Extrait de Damiana 1:1 - Turnera Diffusa - Dutchmicrodosing<\/title>\n<meta name=\"description\" content=\"La damiana (Turnera diffusa ) est une plante connue pour ses effets aphrodisiaques depuis plus de mille ans. Il est traditionnellement utilis\u00e9 par...\" \/>\n<meta name=\"robots\" content=\"index, follow, max-snippet:-1, max-image-preview:large, max-video-preview:-1\" \/>\n<link rel=\"canonical\" href=\"https:\/\/dutchmicrodosing.com\/fr\/boutique-de-sante\/supplements-relaxt\/damiana-11-extrait-turnera-diffusa\/\" \/>\n<meta property=\"og:locale\" content=\"fr_FR\" \/>\n<meta property=\"og:type\" content=\"article\" \/>\n<meta property=\"og:title\" content=\"Extrait de Damiana 1:1 - Turnera Diffusa\" \/>\n<meta property=\"og:description\" content=\"La damiana (Turnera diffusa ) est une plante connue pour ses effets aphrodisiaques depuis plus de mille ans. Elle est traditionnellement tr\u00e8s utilis\u00e9e par\" \/>\n<meta property=\"og:url\" content=\"https:\/\/dutchmicrodosing.com\/fr\/boutique-de-sante\/supplements-relaxt\/damiana-11-extrait-turnera-diffusa\/\" \/>\n<meta property=\"og:site_name\" content=\"Dutchmicrodosing\" \/>\n<meta property=\"article:publisher\" content=\"https:\/\/www.facebook.com\/Dutchmicrodosingxp\/\" \/>\n<meta property=\"article:modified_time\" content=\"2025-09-05T17:18:04+00:00\" \/>\n<meta property=\"og:image\" content=\"https:\/\/dutchmicrodosing.com\/wp-content\/uploads\/2023\/11\/damiana-extract-turnera.jpg\" \/>\n\t<meta property=\"og:image:width\" content=\"500\" \/>\n\t<meta property=\"og:image:height\" content=\"500\" \/>\n\t<meta property=\"og:image:type\" content=\"image\/jpeg\" \/>\n<meta name=\"twitter:card\" content=\"summary_large_image\" \/>\n<script type=\"application\/ld+json\" class=\"yoast-schema-graph\">{\"@context\":\"https:\\\/\\\/schema.org\",\"@graph\":[{\"@type\":\"WebPage\",\"@id\":\"https:\\\/\\\/dutchmicrodosing.com\\\/fr\\\/boutique-de-sante\\\/supplements-relaxt\\\/damiana-11-extrait-turnera-diffusa\\\/\",\"url\":\"https:\\\/\\\/dutchmicrodosing.com\\\/fr\\\/boutique-de-sante\\\/supplements-relaxt\\\/damiana-11-extrait-turnera-diffusa\\\/\",\"name\":\"Extrait de Damiana 1:1 - Turnera Diffusa - Dutchmicrodosing\",\"isPartOf\":{\"@id\":\"https:\\\/\\\/dutchmicrodosing.com\\\/fr\\\/#website\"},\"primaryImageOfPage\":{\"@id\":\"https:\\\/\\\/dutchmicrodosing.com\\\/fr\\\/boutique-de-sante\\\/supplements-relaxt\\\/damiana-11-extrait-turnera-diffusa\\\/#primaryimage\"},\"image\":{\"@id\":\"https:\\\/\\\/dutchmicrodosing.com\\\/fr\\\/boutique-de-sante\\\/supplements-relaxt\\\/damiana-11-extrait-turnera-diffusa\\\/#primaryimage\"},\"thumbnailUrl\":\"https:\\\/\\\/dutchmicrodosing.com\\\/wp-content\\\/uploads\\\/2023\\\/11\\\/damiana-extract-turnera.jpg\",\"datePublished\":\"2023-11-16T11:43:36+00:00\",\"dateModified\":\"2025-09-05T17:18:04+00:00\",\"description\":\"La damiana (Turnera diffusa ) est une plante connue pour ses effets aphrodisiaques depuis plus de mille ans. Il est traditionnellement utilis\u00e9 par...\",\"breadcrumb\":{\"@id\":\"https:\\\/\\\/dutchmicrodosing.com\\\/fr\\\/boutique-de-sante\\\/supplements-relaxt\\\/damiana-11-extrait-turnera-diffusa\\\/#breadcrumb\"},\"inLanguage\":\"fr-FR\",\"potentialAction\":[{\"@type\":\"ReadAction\",\"target\":[\"https:\\\/\\\/dutchmicrodosing.com\\\/fr\\\/boutique-de-sante\\\/supplements-relaxt\\\/damiana-11-extrait-turnera-diffusa\\\/\"]}]},{\"@type\":\"ImageObject\",\"inLanguage\":\"fr-FR\",\"@id\":\"https:\\\/\\\/dutchmicrodosing.com\\\/fr\\\/boutique-de-sante\\\/supplements-relaxt\\\/damiana-11-extrait-turnera-diffusa\\\/#primaryimage\",\"url\":\"https:\\\/\\\/dutchmicrodosing.com\\\/wp-content\\\/uploads\\\/2023\\\/11\\\/damiana-extract-turnera.jpg\",\"contentUrl\":\"https:\\\/\\\/dutchmicrodosing.com\\\/wp-content\\\/uploads\\\/2023\\\/11\\\/damiana-extract-turnera.jpg\",\"width\":500,\"height\":500},{\"@type\":\"BreadcrumbList\",\"@id\":\"https:\\\/\\\/dutchmicrodosing.com\\\/fr\\\/boutique-de-sante\\\/supplements-relaxt\\\/damiana-11-extrait-turnera-diffusa\\\/#breadcrumb\",\"itemListElement\":[{\"@type\":\"ListItem\",\"position\":1,\"name\":\"Home\",\"item\":\"https:\\\/\\\/dutchmicrodosing.com\\\/fr\\\/\"},{\"@type\":\"ListItem\",\"position\":2,\"name\":\"Boutique\",\"item\":\"https:\\\/\\\/dutchmicrodosing.com\\\/fr\\\/boutique\\\/\"},{\"@type\":\"ListItem\",\"position\":3,\"name\":\"Extrait de Damiana 1:1 &#8211; Turnera Diffusa\"}]},{\"@type\":\"WebSite\",\"@id\":\"https:\\\/\\\/dutchmicrodosing.com\\\/fr\\\/#website\",\"url\":\"https:\\\/\\\/dutchmicrodosing.com\\\/fr\\\/\",\"name\":\"Dutchmicrodosing\",\"description\":\"\",\"publisher\":{\"@id\":\"https:\\\/\\\/dutchmicrodosing.com\\\/fr\\\/#organization\"},\"potentialAction\":[{\"@type\":\"SearchAction\",\"target\":{\"@type\":\"EntryPoint\",\"urlTemplate\":\"https:\\\/\\\/dutchmicrodosing.com\\\/fr\\\/?s={search_term_string}\"},\"query-input\":{\"@type\":\"PropertyValueSpecification\",\"valueRequired\":true,\"valueName\":\"search_term_string\"}}],\"inLanguage\":\"fr-FR\"},{\"@type\":\"Organization\",\"@id\":\"https:\\\/\\\/dutchmicrodosing.com\\\/fr\\\/#organization\",\"name\":\"Dutchmicrodosing\",\"url\":\"https:\\\/\\\/dutchmicrodosing.com\\\/fr\\\/\",\"logo\":{\"@type\":\"ImageObject\",\"inLanguage\":\"fr-FR\",\"@id\":\"https:\\\/\\\/dutchmicrodosing.com\\\/fr\\\/#\\\/schema\\\/logo\\\/image\\\/\",\"url\":\"https:\\\/\\\/dutchmicrodosing.com\\\/wp-content\\\/uploads\\\/2021\\\/01\\\/microdosing-categorie-pic-nieuw.jpg\",\"contentUrl\":\"https:\\\/\\\/dutchmicrodosing.com\\\/wp-content\\\/uploads\\\/2021\\\/01\\\/microdosing-categorie-pic-nieuw.jpg\",\"width\":500,\"height\":500,\"caption\":\"Dutchmicrodosing\"},\"image\":{\"@id\":\"https:\\\/\\\/dutchmicrodosing.com\\\/fr\\\/#\\\/schema\\\/logo\\\/image\\\/\"},\"sameAs\":[\"https:\\\/\\\/www.facebook.com\\\/Dutchmicrodosingxp\\\/\",\"https:\\\/\\\/www.instagram.com\\\/dutchmicrodosing\\\/\"]}]}<\/script>\n<meta property=\"product:price:amount\" content=\"14.95\" \/>\n<meta property=\"product:price:currency\" content=\"EUR\" \/>\n<meta property=\"og:availability\" content=\"instock\" \/>\n<meta property=\"product:availability\" content=\"instock\" \/>\n<meta property=\"product:retailer_item_id\" content=\"0207321\" \/>\n<meta property=\"product:condition\" content=\"new\" \/>\n<!-- \/ Yoast SEO Premium plugin. -->","yoast_head_json":{"title":"Extrait de Damiana 1:1 - Turnera Diffusa - Dutchmicrodosing","description":"La damiana (Turnera diffusa ) est une plante connue pour ses effets aphrodisiaques depuis plus de mille ans. Il est traditionnellement utilis\u00e9 par...","robots":{"index":"index","follow":"follow","max-snippet":"max-snippet:-1","max-image-preview":"max-image-preview:large","max-video-preview":"max-video-preview:-1"},"canonical":"https:\/\/dutchmicrodosing.com\/fr\/boutique-de-sante\/supplements-relaxt\/damiana-11-extrait-turnera-diffusa\/","og_locale":"fr_FR","og_type":"article","og_title":"Extrait de Damiana 1:1 - Turnera Diffusa","og_description":"La damiana (Turnera diffusa ) est une plante connue pour ses effets aphrodisiaques depuis plus de mille ans. Elle est traditionnellement tr\u00e8s utilis\u00e9e par","og_url":"https:\/\/dutchmicrodosing.com\/fr\/boutique-de-sante\/supplements-relaxt\/damiana-11-extrait-turnera-diffusa\/","og_site_name":"Dutchmicrodosing","article_publisher":"https:\/\/www.facebook.com\/Dutchmicrodosingxp\/","article_modified_time":"2025-09-05T17:18:04+00:00","og_image":[{"width":500,"height":500,"url":"https:\/\/dutchmicrodosing.com\/wp-content\/uploads\/2023\/11\/damiana-extract-turnera.jpg","type":"image\/jpeg"}],"twitter_card":"summary_large_image","schema":{"@context":"https:\/\/schema.org","@graph":[{"@type":"WebPage","@id":"https:\/\/dutchmicrodosing.com\/fr\/boutique-de-sante\/supplements-relaxt\/damiana-11-extrait-turnera-diffusa\/","url":"https:\/\/dutchmicrodosing.com\/fr\/boutique-de-sante\/supplements-relaxt\/damiana-11-extrait-turnera-diffusa\/","name":"Extrait de Damiana 1:1 - Turnera Diffusa - Dutchmicrodosing","isPartOf":{"@id":"https:\/\/dutchmicrodosing.com\/fr\/#website"},"primaryImageOfPage":{"@id":"https:\/\/dutchmicrodosing.com\/fr\/boutique-de-sante\/supplements-relaxt\/damiana-11-extrait-turnera-diffusa\/#primaryimage"},"image":{"@id":"https:\/\/dutchmicrodosing.com\/fr\/boutique-de-sante\/supplements-relaxt\/damiana-11-extrait-turnera-diffusa\/#primaryimage"},"thumbnailUrl":"https:\/\/dutchmicrodosing.com\/wp-content\/uploads\/2023\/11\/damiana-extract-turnera.jpg","datePublished":"2023-11-16T11:43:36+00:00","dateModified":"2025-09-05T17:18:04+00:00","description":"La damiana (Turnera diffusa ) est une plante connue pour ses effets aphrodisiaques depuis plus de mille ans. Il est traditionnellement utilis\u00e9 par...","breadcrumb":{"@id":"https:\/\/dutchmicrodosing.com\/fr\/boutique-de-sante\/supplements-relaxt\/damiana-11-extrait-turnera-diffusa\/#breadcrumb"},"inLanguage":"fr-FR","potentialAction":[{"@type":"ReadAction","target":["https:\/\/dutchmicrodosing.com\/fr\/boutique-de-sante\/supplements-relaxt\/damiana-11-extrait-turnera-diffusa\/"]}]},{"@type":"ImageObject","inLanguage":"fr-FR","@id":"https:\/\/dutchmicrodosing.com\/fr\/boutique-de-sante\/supplements-relaxt\/damiana-11-extrait-turnera-diffusa\/#primaryimage","url":"https:\/\/dutchmicrodosing.com\/wp-content\/uploads\/2023\/11\/damiana-extract-turnera.jpg","contentUrl":"https:\/\/dutchmicrodosing.com\/wp-content\/uploads\/2023\/11\/damiana-extract-turnera.jpg","width":500,"height":500},{"@type":"BreadcrumbList","@id":"https:\/\/dutchmicrodosing.com\/fr\/boutique-de-sante\/supplements-relaxt\/damiana-11-extrait-turnera-diffusa\/#breadcrumb","itemListElement":[{"@type":"ListItem","position":1,"name":"Home","item":"https:\/\/dutchmicrodosing.com\/fr\/"},{"@type":"ListItem","position":2,"name":"Boutique","item":"https:\/\/dutchmicrodosing.com\/fr\/boutique\/"},{"@type":"ListItem","position":3,"name":"Extrait de Damiana 1:1 &#8211; Turnera Diffusa"}]},{"@type":"WebSite","@id":"https:\/\/dutchmicrodosing.com\/fr\/#website","url":"https:\/\/dutchmicrodosing.com\/fr\/","name":"Dutchmicrodosing","description":"","publisher":{"@id":"https:\/\/dutchmicrodosing.com\/fr\/#organization"},"potentialAction":[{"@type":"SearchAction","target":{"@type":"EntryPoint","urlTemplate":"https:\/\/dutchmicrodosing.com\/fr\/?s={search_term_string}"},"query-input":{"@type":"PropertyValueSpecification","valueRequired":true,"valueName":"search_term_string"}}],"inLanguage":"fr-FR"},{"@type":"Organization","@id":"https:\/\/dutchmicrodosing.com\/fr\/#organization","name":"Dutchmicrodosing","url":"https:\/\/dutchmicrodosing.com\/fr\/","logo":{"@type":"ImageObject","inLanguage":"fr-FR","@id":"https:\/\/dutchmicrodosing.com\/fr\/#\/schema\/logo\/image\/","url":"https:\/\/dutchmicrodosing.com\/wp-content\/uploads\/2021\/01\/microdosing-categorie-pic-nieuw.jpg","contentUrl":"https:\/\/dutchmicrodosing.com\/wp-content\/uploads\/2021\/01\/microdosing-categorie-pic-nieuw.jpg","width":500,"height":500,"caption":"Dutchmicrodosing"},"image":{"@id":"https:\/\/dutchmicrodosing.com\/fr\/#\/schema\/logo\/image\/"},"sameAs":["https:\/\/www.facebook.com\/Dutchmicrodosingxp\/","https:\/\/www.instagram.com\/dutchmicrodosing\/"]}]},"product_price_amount":"14.95","product_price_currency":"EUR","og_availability":"instock","product_availability":"instock","product_retailer_item_id":"0207321","product_condition":"new"},"_links":{"self":[{"href":"https:\/\/dutchmicrodosing.com\/fr\/wp-json\/wp\/v2\/product\/31969","targetHints":{"allow":["GET"]}}],"collection":[{"href":"https:\/\/dutchmicrodosing.com\/fr\/wp-json\/wp\/v2\/product"}],"about":[{"href":"https:\/\/dutchmicrodosing.com\/fr\/wp-json\/wp\/v2\/types\/product"}],"replies":[{"embeddable":true,"href":"https:\/\/dutchmicrodosing.com\/fr\/wp-json\/wp\/v2\/comments?post=31969"}],"version-history":[{"count":0,"href":"https:\/\/dutchmicrodosing.com\/fr\/wp-json\/wp\/v2\/product\/31969\/revisions"}],"wp:featuredmedia":[{"embeddable":true,"href":"https:\/\/dutchmicrodosing.com\/fr\/wp-json\/wp\/v2\/media\/31694"}],"wp:attachment":[{"href":"https:\/\/dutchmicrodosing.com\/fr\/wp-json\/wp\/v2\/media?parent=31969"}],"wp:term":[{"taxonomy":"product_brand","embeddable":true,"href":"https:\/\/dutchmicrodosing.com\/fr\/wp-json\/wp\/v2\/product_brand?post=31969"},{"taxonomy":"product_cat","embeddable":true,"href":"https:\/\/dutchmicrodosing.com\/fr\/wp-json\/wp\/v2\/product_cat?post=31969"},{"taxonomy":"product_tag","embeddable":true,"href":"https:\/\/dutchmicrodosing.com\/fr\/wp-json\/wp\/v2\/product_tag?post=31969"}],"curies":[{"name":"wp","href":"https:\/\/api.w.org\/{rel}","templated":true}]}}