{"id":31978,"date":"2023-11-10T11:05:40","date_gmt":"2023-11-10T10:05:40","guid":{"rendered":"https:\/\/dutchmicrodosing.com\/shop\/non%20class\u00e9\/plant-of-remedy-cannabis-olie-15-cbd-1500mg\/"},"modified":"2025-09-03T21:42:37","modified_gmt":"2025-09-03T19:42:37","slug":"plant-of-remedy-cannabis-olie-15-cbd-1500mg","status":"publish","type":"product","link":"https:\/\/dutchmicrodosing.com\/fr\/boutique-de-sante\/cbd-et-supplements\/plant-of-remedy-cannabis-olie-15-cbd-1500mg\/","title":{"rendered":"Huile de cannabis Plant of Remedy &#8211; 15% CBD (1500mg)"},"content":{"rendered":"<p>Si vous cherchez une option naturelle pour consommer du CBD, l&rsquo;<strong>huile de cannabis Plant of Remedy <\/strong>, qui contient 15 % de CBD, peut \u00eatre un bon choix. Le CBD, ou cannabidiol, est un compos\u00e9 qui se trouve naturellement dans la plante de cannabis et qui est \u00e9galement apparent\u00e9 \u00e0 des compos\u00e9s que notre corps produit lui-m\u00eame. Ce produit promet un CBD de haute qualit\u00e9 obtenu \u00e0 partir de cristaux, indiquant un processus d&rsquo;extraction avanc\u00e9 pour la puret\u00e9 et la puissance.<\/p>\n<h3>Ingr\u00e9dients<\/h3>\n<ul>\n<li>Huile de Cannabis Sativa<\/li>\n<li>15% CBD<\/li>\n<li>100 % biologique<\/li>\n<li>200 gouttes par bouteille &#8211; (7.5 mg CBD \/ goutte)<\/li>\n<\/ul>\n<h3>Utilisation<\/h3>\n<ul>\n<li>Mettre 2 gouttes sous la langue<\/li>\n<li>Maximum 10 gouttes<\/li>\n<li>Bien agiter avant utilisation<\/li>\n<li>Ne pas d\u00e9passer la dose journali\u00e8re recommand\u00e9e<\/li>\n<\/ul>\n<h3>Conseils de stockage<\/h3>\n<p>Conserver au frais, \u00e0 l&rsquo;abri de la lumi\u00e8re et de l&rsquo;humidit\u00e9 et hors de port\u00e9e des enfants.<\/p>\n<h3>Contenu<\/h3>\n<p>Plant of Remedy Huile de cannabis avec 15% CBD &#8211; 10ML<\/p>\n","protected":false},"excerpt":{"rendered":"<p>Si vous cherchez une option naturelle pour consommer du CBD, l&rsquo;huile de cannabis Plant of Remedy , qui contient 15 % de CBD, peut \u00eatre un bon choix. Le CBD, ou cannabidiol, est un compos\u00e9 qui se trouve naturellement dans la plante de cannabis et qui est \u00e9galement apparent\u00e9 \u00e0 des compos\u00e9s que notre corps [&hellip;]<\/p>\n","protected":false},"featured_media":30942,"comment_status":"closed","ping_status":"closed","template":"","meta":[],"product_brand":[],"product_cat":[284],"product_tag":[],"class_list":{"0":"post-31978","1":"product","2":"type-product","3":"status-publish","4":"has-post-thumbnail","6":"product_cat-cbd-et-supplements","8":"first","9":"outofstock","10":"taxable","11":"shipping-taxable","12":"purchasable","13":"product-type-simple"},"yoast_head":"<!-- This site is optimized with the Yoast SEO Premium plugin v26.4 (Yoast SEO v27.4) - https:\/\/yoast.com\/product\/yoast-seo-premium-wordpress\/ -->\n<title>Huile de cannabis Plant of Remedy - 15% CBD (1500mg) - Dutchmicrodosing<\/title>\n<meta name=\"description\" content=\"Si vous \u00eates \u00e0 la recherche d&#039;une option naturelle pour soutenir votre bien-\u00eatre, l&#039;huile de cannabis Plant of Remedy avec une teneur en CBD de 15 % pourrait \u00eatre une...\" \/>\n<meta name=\"robots\" content=\"index, follow, max-snippet:-1, max-image-preview:large, max-video-preview:-1\" \/>\n<link rel=\"canonical\" href=\"https:\/\/dutchmicrodosing.com\/fr\/boutique-de-sante\/cbd-et-supplements\/plant-of-remedy-cannabis-olie-15-cbd-1500mg\/\" \/>\n<meta property=\"og:locale\" content=\"fr_FR\" \/>\n<meta property=\"og:type\" content=\"article\" \/>\n<meta property=\"og:title\" content=\"Huile de cannabis Plant of Remedy - 15% CBD (1500mg)\" \/>\n<meta property=\"og:description\" content=\"Si vous cherchez une option naturelle pour consommer du CBD, l&#039;huile de cannabis Plant of Remedy , qui contient 15 % de CBD, peut \u00eatre un bon choix. Le\" \/>\n<meta property=\"og:url\" content=\"https:\/\/dutchmicrodosing.com\/fr\/boutique-de-sante\/cbd-et-supplements\/plant-of-remedy-cannabis-olie-15-cbd-1500mg\/\" \/>\n<meta property=\"og:site_name\" content=\"Dutchmicrodosing\" \/>\n<meta property=\"article:publisher\" content=\"https:\/\/www.facebook.com\/Dutchmicrodosingxp\/\" \/>\n<meta property=\"article:modified_time\" content=\"2025-09-03T19:42:37+00:00\" \/>\n<meta property=\"og:image\" content=\"https:\/\/dutchmicrodosing.com\/wp-content\/uploads\/2023\/11\/hemp15.jpg\" \/>\n\t<meta property=\"og:image:width\" content=\"600\" \/>\n\t<meta property=\"og:image:height\" content=\"600\" \/>\n\t<meta property=\"og:image:type\" content=\"image\/jpeg\" \/>\n<meta name=\"twitter:card\" content=\"summary_large_image\" \/>\n<script type=\"application\/ld+json\" class=\"yoast-schema-graph\">{\"@context\":\"https:\\\/\\\/schema.org\",\"@graph\":[{\"@type\":\"WebPage\",\"@id\":\"https:\\\/\\\/dutchmicrodosing.com\\\/fr\\\/boutique-de-sante\\\/cbd-et-supplements\\\/plant-of-remedy-cannabis-olie-15-cbd-1500mg\\\/\",\"url\":\"https:\\\/\\\/dutchmicrodosing.com\\\/fr\\\/boutique-de-sante\\\/cbd-et-supplements\\\/plant-of-remedy-cannabis-olie-15-cbd-1500mg\\\/\",\"name\":\"Huile de cannabis Plant of Remedy - 15% CBD (1500mg) - Dutchmicrodosing\",\"isPartOf\":{\"@id\":\"https:\\\/\\\/dutchmicrodosing.com\\\/fr\\\/#website\"},\"primaryImageOfPage\":{\"@id\":\"https:\\\/\\\/dutchmicrodosing.com\\\/fr\\\/boutique-de-sante\\\/cbd-et-supplements\\\/plant-of-remedy-cannabis-olie-15-cbd-1500mg\\\/#primaryimage\"},\"image\":{\"@id\":\"https:\\\/\\\/dutchmicrodosing.com\\\/fr\\\/boutique-de-sante\\\/cbd-et-supplements\\\/plant-of-remedy-cannabis-olie-15-cbd-1500mg\\\/#primaryimage\"},\"thumbnailUrl\":\"https:\\\/\\\/dutchmicrodosing.com\\\/wp-content\\\/uploads\\\/2023\\\/11\\\/hemp15.jpg\",\"datePublished\":\"2023-11-10T10:05:40+00:00\",\"dateModified\":\"2025-09-03T19:42:37+00:00\",\"description\":\"Si vous \u00eates \u00e0 la recherche d'une option naturelle pour soutenir votre bien-\u00eatre, l'huile de cannabis Plant of Remedy avec une teneur en CBD de 15 % pourrait \u00eatre une...\",\"breadcrumb\":{\"@id\":\"https:\\\/\\\/dutchmicrodosing.com\\\/fr\\\/boutique-de-sante\\\/cbd-et-supplements\\\/plant-of-remedy-cannabis-olie-15-cbd-1500mg\\\/#breadcrumb\"},\"inLanguage\":\"fr-FR\",\"potentialAction\":[{\"@type\":\"ReadAction\",\"target\":[\"https:\\\/\\\/dutchmicrodosing.com\\\/fr\\\/boutique-de-sante\\\/cbd-et-supplements\\\/plant-of-remedy-cannabis-olie-15-cbd-1500mg\\\/\"]}]},{\"@type\":\"ImageObject\",\"inLanguage\":\"fr-FR\",\"@id\":\"https:\\\/\\\/dutchmicrodosing.com\\\/fr\\\/boutique-de-sante\\\/cbd-et-supplements\\\/plant-of-remedy-cannabis-olie-15-cbd-1500mg\\\/#primaryimage\",\"url\":\"https:\\\/\\\/dutchmicrodosing.com\\\/wp-content\\\/uploads\\\/2023\\\/11\\\/hemp15.jpg\",\"contentUrl\":\"https:\\\/\\\/dutchmicrodosing.com\\\/wp-content\\\/uploads\\\/2023\\\/11\\\/hemp15.jpg\",\"width\":600,\"height\":600},{\"@type\":\"BreadcrumbList\",\"@id\":\"https:\\\/\\\/dutchmicrodosing.com\\\/fr\\\/boutique-de-sante\\\/cbd-et-supplements\\\/plant-of-remedy-cannabis-olie-15-cbd-1500mg\\\/#breadcrumb\",\"itemListElement\":[{\"@type\":\"ListItem\",\"position\":1,\"name\":\"Home\",\"item\":\"https:\\\/\\\/dutchmicrodosing.com\\\/fr\\\/\"},{\"@type\":\"ListItem\",\"position\":2,\"name\":\"Boutique\",\"item\":\"https:\\\/\\\/dutchmicrodosing.com\\\/fr\\\/boutique\\\/\"},{\"@type\":\"ListItem\",\"position\":3,\"name\":\"Huile de cannabis Plant of Remedy &#8211; 15% CBD (1500mg)\"}]},{\"@type\":\"WebSite\",\"@id\":\"https:\\\/\\\/dutchmicrodosing.com\\\/fr\\\/#website\",\"url\":\"https:\\\/\\\/dutchmicrodosing.com\\\/fr\\\/\",\"name\":\"Dutchmicrodosing\",\"description\":\"\",\"publisher\":{\"@id\":\"https:\\\/\\\/dutchmicrodosing.com\\\/fr\\\/#organization\"},\"potentialAction\":[{\"@type\":\"SearchAction\",\"target\":{\"@type\":\"EntryPoint\",\"urlTemplate\":\"https:\\\/\\\/dutchmicrodosing.com\\\/fr\\\/?s={search_term_string}\"},\"query-input\":{\"@type\":\"PropertyValueSpecification\",\"valueRequired\":true,\"valueName\":\"search_term_string\"}}],\"inLanguage\":\"fr-FR\"},{\"@type\":\"Organization\",\"@id\":\"https:\\\/\\\/dutchmicrodosing.com\\\/fr\\\/#organization\",\"name\":\"Dutchmicrodosing\",\"url\":\"https:\\\/\\\/dutchmicrodosing.com\\\/fr\\\/\",\"logo\":{\"@type\":\"ImageObject\",\"inLanguage\":\"fr-FR\",\"@id\":\"https:\\\/\\\/dutchmicrodosing.com\\\/fr\\\/#\\\/schema\\\/logo\\\/image\\\/\",\"url\":\"https:\\\/\\\/dutchmicrodosing.com\\\/wp-content\\\/uploads\\\/2021\\\/01\\\/microdosing-categorie-pic-nieuw.jpg\",\"contentUrl\":\"https:\\\/\\\/dutchmicrodosing.com\\\/wp-content\\\/uploads\\\/2021\\\/01\\\/microdosing-categorie-pic-nieuw.jpg\",\"width\":500,\"height\":500,\"caption\":\"Dutchmicrodosing\"},\"image\":{\"@id\":\"https:\\\/\\\/dutchmicrodosing.com\\\/fr\\\/#\\\/schema\\\/logo\\\/image\\\/\"},\"sameAs\":[\"https:\\\/\\\/www.facebook.com\\\/Dutchmicrodosingxp\\\/\",\"https:\\\/\\\/www.instagram.com\\\/dutchmicrodosing\\\/\"]}]}<\/script>\n<meta property=\"product:price:amount\" content=\"15.95\" \/>\n<meta property=\"product:price:currency\" content=\"EUR\" \/>\n<meta property=\"og:availability\" content=\"out of stock\" \/>\n<meta property=\"product:availability\" content=\"out of stock\" \/>\n<meta property=\"product:retailer_item_id\" content=\"0210988\" \/>\n<meta property=\"product:condition\" content=\"new\" \/>\n<!-- \/ Yoast SEO Premium plugin. -->","yoast_head_json":{"title":"Huile de cannabis Plant of Remedy - 15% CBD (1500mg) - Dutchmicrodosing","description":"Si vous \u00eates \u00e0 la recherche d'une option naturelle pour soutenir votre bien-\u00eatre, l'huile de cannabis Plant of Remedy avec une teneur en CBD de 15 % pourrait \u00eatre une...","robots":{"index":"index","follow":"follow","max-snippet":"max-snippet:-1","max-image-preview":"max-image-preview:large","max-video-preview":"max-video-preview:-1"},"canonical":"https:\/\/dutchmicrodosing.com\/fr\/boutique-de-sante\/cbd-et-supplements\/plant-of-remedy-cannabis-olie-15-cbd-1500mg\/","og_locale":"fr_FR","og_type":"article","og_title":"Huile de cannabis Plant of Remedy - 15% CBD (1500mg)","og_description":"Si vous cherchez une option naturelle pour consommer du CBD, l'huile de cannabis Plant of Remedy , qui contient 15 % de CBD, peut \u00eatre un bon choix. Le","og_url":"https:\/\/dutchmicrodosing.com\/fr\/boutique-de-sante\/cbd-et-supplements\/plant-of-remedy-cannabis-olie-15-cbd-1500mg\/","og_site_name":"Dutchmicrodosing","article_publisher":"https:\/\/www.facebook.com\/Dutchmicrodosingxp\/","article_modified_time":"2025-09-03T19:42:37+00:00","og_image":[{"width":600,"height":600,"url":"https:\/\/dutchmicrodosing.com\/wp-content\/uploads\/2023\/11\/hemp15.jpg","type":"image\/jpeg"}],"twitter_card":"summary_large_image","schema":{"@context":"https:\/\/schema.org","@graph":[{"@type":"WebPage","@id":"https:\/\/dutchmicrodosing.com\/fr\/boutique-de-sante\/cbd-et-supplements\/plant-of-remedy-cannabis-olie-15-cbd-1500mg\/","url":"https:\/\/dutchmicrodosing.com\/fr\/boutique-de-sante\/cbd-et-supplements\/plant-of-remedy-cannabis-olie-15-cbd-1500mg\/","name":"Huile de cannabis Plant of Remedy - 15% CBD (1500mg) - Dutchmicrodosing","isPartOf":{"@id":"https:\/\/dutchmicrodosing.com\/fr\/#website"},"primaryImageOfPage":{"@id":"https:\/\/dutchmicrodosing.com\/fr\/boutique-de-sante\/cbd-et-supplements\/plant-of-remedy-cannabis-olie-15-cbd-1500mg\/#primaryimage"},"image":{"@id":"https:\/\/dutchmicrodosing.com\/fr\/boutique-de-sante\/cbd-et-supplements\/plant-of-remedy-cannabis-olie-15-cbd-1500mg\/#primaryimage"},"thumbnailUrl":"https:\/\/dutchmicrodosing.com\/wp-content\/uploads\/2023\/11\/hemp15.jpg","datePublished":"2023-11-10T10:05:40+00:00","dateModified":"2025-09-03T19:42:37+00:00","description":"Si vous \u00eates \u00e0 la recherche d'une option naturelle pour soutenir votre bien-\u00eatre, l'huile de cannabis Plant of Remedy avec une teneur en CBD de 15 % pourrait \u00eatre une...","breadcrumb":{"@id":"https:\/\/dutchmicrodosing.com\/fr\/boutique-de-sante\/cbd-et-supplements\/plant-of-remedy-cannabis-olie-15-cbd-1500mg\/#breadcrumb"},"inLanguage":"fr-FR","potentialAction":[{"@type":"ReadAction","target":["https:\/\/dutchmicrodosing.com\/fr\/boutique-de-sante\/cbd-et-supplements\/plant-of-remedy-cannabis-olie-15-cbd-1500mg\/"]}]},{"@type":"ImageObject","inLanguage":"fr-FR","@id":"https:\/\/dutchmicrodosing.com\/fr\/boutique-de-sante\/cbd-et-supplements\/plant-of-remedy-cannabis-olie-15-cbd-1500mg\/#primaryimage","url":"https:\/\/dutchmicrodosing.com\/wp-content\/uploads\/2023\/11\/hemp15.jpg","contentUrl":"https:\/\/dutchmicrodosing.com\/wp-content\/uploads\/2023\/11\/hemp15.jpg","width":600,"height":600},{"@type":"BreadcrumbList","@id":"https:\/\/dutchmicrodosing.com\/fr\/boutique-de-sante\/cbd-et-supplements\/plant-of-remedy-cannabis-olie-15-cbd-1500mg\/#breadcrumb","itemListElement":[{"@type":"ListItem","position":1,"name":"Home","item":"https:\/\/dutchmicrodosing.com\/fr\/"},{"@type":"ListItem","position":2,"name":"Boutique","item":"https:\/\/dutchmicrodosing.com\/fr\/boutique\/"},{"@type":"ListItem","position":3,"name":"Huile de cannabis Plant of Remedy &#8211; 15% CBD (1500mg)"}]},{"@type":"WebSite","@id":"https:\/\/dutchmicrodosing.com\/fr\/#website","url":"https:\/\/dutchmicrodosing.com\/fr\/","name":"Dutchmicrodosing","description":"","publisher":{"@id":"https:\/\/dutchmicrodosing.com\/fr\/#organization"},"potentialAction":[{"@type":"SearchAction","target":{"@type":"EntryPoint","urlTemplate":"https:\/\/dutchmicrodosing.com\/fr\/?s={search_term_string}"},"query-input":{"@type":"PropertyValueSpecification","valueRequired":true,"valueName":"search_term_string"}}],"inLanguage":"fr-FR"},{"@type":"Organization","@id":"https:\/\/dutchmicrodosing.com\/fr\/#organization","name":"Dutchmicrodosing","url":"https:\/\/dutchmicrodosing.com\/fr\/","logo":{"@type":"ImageObject","inLanguage":"fr-FR","@id":"https:\/\/dutchmicrodosing.com\/fr\/#\/schema\/logo\/image\/","url":"https:\/\/dutchmicrodosing.com\/wp-content\/uploads\/2021\/01\/microdosing-categorie-pic-nieuw.jpg","contentUrl":"https:\/\/dutchmicrodosing.com\/wp-content\/uploads\/2021\/01\/microdosing-categorie-pic-nieuw.jpg","width":500,"height":500,"caption":"Dutchmicrodosing"},"image":{"@id":"https:\/\/dutchmicrodosing.com\/fr\/#\/schema\/logo\/image\/"},"sameAs":["https:\/\/www.facebook.com\/Dutchmicrodosingxp\/","https:\/\/www.instagram.com\/dutchmicrodosing\/"]}]},"product_price_amount":"15.95","product_price_currency":"EUR","og_availability":"out of stock","product_availability":"out of stock","product_retailer_item_id":"0210988","product_condition":"new"},"_links":{"self":[{"href":"https:\/\/dutchmicrodosing.com\/fr\/wp-json\/wp\/v2\/product\/31978","targetHints":{"allow":["GET"]}}],"collection":[{"href":"https:\/\/dutchmicrodosing.com\/fr\/wp-json\/wp\/v2\/product"}],"about":[{"href":"https:\/\/dutchmicrodosing.com\/fr\/wp-json\/wp\/v2\/types\/product"}],"replies":[{"embeddable":true,"href":"https:\/\/dutchmicrodosing.com\/fr\/wp-json\/wp\/v2\/comments?post=31978"}],"version-history":[{"count":0,"href":"https:\/\/dutchmicrodosing.com\/fr\/wp-json\/wp\/v2\/product\/31978\/revisions"}],"wp:featuredmedia":[{"embeddable":true,"href":"https:\/\/dutchmicrodosing.com\/fr\/wp-json\/wp\/v2\/media\/30942"}],"wp:attachment":[{"href":"https:\/\/dutchmicrodosing.com\/fr\/wp-json\/wp\/v2\/media?parent=31978"}],"wp:term":[{"taxonomy":"product_brand","embeddable":true,"href":"https:\/\/dutchmicrodosing.com\/fr\/wp-json\/wp\/v2\/product_brand?post=31978"},{"taxonomy":"product_cat","embeddable":true,"href":"https:\/\/dutchmicrodosing.com\/fr\/wp-json\/wp\/v2\/product_cat?post=31978"},{"taxonomy":"product_tag","embeddable":true,"href":"https:\/\/dutchmicrodosing.com\/fr\/wp-json\/wp\/v2\/product_tag?post=31978"}],"curies":[{"name":"wp","href":"https:\/\/api.w.org\/{rel}","templated":true}]}}