{"id":31980,"date":"2023-11-15T15:07:36","date_gmt":"2023-11-15T14:07:36","guid":{"rendered":"https:\/\/dutchmicrodosing.com\/shop\/non%20class\u00e9\/ashwaganda-11-extrait-whithania-somnifera\/"},"modified":"2025-10-31T08:25:19","modified_gmt":"2025-10-31T07:25:19","slug":"ashwaganda-11-extrait-whithania-somnifera","status":"publish","type":"product","link":"https:\/\/dutchmicrodosing.com\/fr\/boutique-de-sante\/supplements-pour-la-concentration\/ashwaganda-11-extrait-whithania-somnifera\/","title":{"rendered":"Ashwaganda 1:1 Extrait &#8211; Whithania Somnifera"},"content":{"rendered":"<p>L&rsquo;<strong>ashwagandha,<\/strong> \u00e9galement connu sous le nom de \u00ab\u00a0ginseng indien\u00a0\u00bb dans l&rsquo;Ayurveda, est tr\u00e8s appr\u00e9ci\u00e9 pour ses propri\u00e9t\u00e9s th\u00e9rapeutiques. Cette racine est connue pour sa multitude d&rsquo;effets b\u00e9n\u00e9fiques sur le corps et l&rsquo;esprit. L&rsquo;ashwagandha contribuerait \u00e0 retarder le vieillissement cellulaire, \u00e0 am\u00e9liorer l&rsquo;humeur et \u00e0 augmenter l&rsquo;endurance, ainsi qu&rsquo;\u00e0 renforcer la m\u00e9moire et les fonctions cognitives. L&rsquo;extrait 1:1 d&rsquo;ashwagandha &#8211; Withania somnifera &#8211; est \u00e9galement connu pour son effet calmant sur l&rsquo;anxi\u00e9t\u00e9 et le stress, et agit comme un anti-inflammatoire. De plus, cette racine a un effet aphrodisiaque subtil, tant pour les femmes que pour les hommes. L&rsquo;ashwagandha est v\u00e9ritablement consid\u00e9r\u00e9e comme un don des dieux !<\/p>\n<h3>Ingr\u00e9dients<\/h3>\n<p>Whithania somnifera (Ashwaganda)<\/p>\n<h3>Effets<\/h3>\n<ul>\n<li>Ralentit le processus de vieillissement<\/li>\n<li>L\u00e9g\u00e8rement aphrodisiaque<\/li>\n<li>Prise en charge de la m\u00e9moire<\/li>\n<li>Stimule le processus de r\u00e9flexion<\/li>\n<li>Soulage le stress, l&rsquo;anxi\u00e9t\u00e9 et l&rsquo;inflammation<\/li>\n<li>Effet antid\u00e9presseur<\/li>\n<\/ul>\n<h3>Utilisation<\/h3>\n<p>Ne pas d\u00e9passer 5 \u00e0 10 gouttes sous la langue. Les compl\u00e9ments ne remplacent pas un r\u00e9gime alimentaire sain.<\/p>\n<h3>Conseils de stockage<\/h3>\n<p>Conservez ce produit dans un endroit sombre et frais, tel qu&rsquo;un placard de cuisine, et hors de port\u00e9e des enfants.<\/p>\n<h3>Contenu<\/h3>\n<p>Global Herbs Wholesale Ashwaganda (Whithania somnifera) extrait 1:1 &#8211; 10 ml.<\/p>\n<h3>Note !<\/h3>\n<p>Ne pas utiliser en cas de probl\u00e8mes de sant\u00e9 mentale, de prise de m\u00e9dicaments ou pendant la grossesse.<\/p>\n","protected":false},"excerpt":{"rendered":"<p>L&rsquo;ashwagandha, \u00e9galement connu sous le nom de \u00ab\u00a0ginseng indien\u00a0\u00bb dans l&rsquo;Ayurveda, est tr\u00e8s appr\u00e9ci\u00e9 pour ses propri\u00e9t\u00e9s th\u00e9rapeutiques. Cette racine est connue pour sa multitude d&rsquo;effets b\u00e9n\u00e9fiques sur le corps et l&rsquo;esprit. L&rsquo;ashwagandha contribuerait \u00e0 retarder le vieillissement cellulaire, \u00e0 am\u00e9liorer l&rsquo;humeur et \u00e0 augmenter l&rsquo;endurance, ainsi qu&rsquo;\u00e0 renforcer la m\u00e9moire et les fonctions cognitives. [&hellip;]<\/p>\n","protected":false},"featured_media":31660,"comment_status":"closed","ping_status":"closed","template":"","meta":[],"product_brand":[],"product_cat":[321,316],"product_tag":[],"class_list":{"0":"post-31980","1":"product","2":"type-product","3":"status-publish","4":"has-post-thumbnail","6":"product_cat-supplements-pour-la-concentration","7":"product_cat-supplements-pour-la-creativite","9":"first","10":"instock","11":"taxable","12":"shipping-taxable","13":"purchasable","14":"product-type-simple"},"yoast_head":"<!-- This site is optimized with the Yoast SEO Premium plugin v26.4 (Yoast SEO v27.2) - https:\/\/yoast.com\/product\/yoast-seo-premium-wordpress\/ -->\n<title>Ashwaganda 1:1 Extrait - Whithania Somnifera - Dutchmicrodosing<\/title>\n<meta name=\"description\" content=\"L&#039;ashwagandha, \u00e9galement connu sous le nom de &quot;ginseng indien&quot; dans l&#039;Ayurveda, est tr\u00e8s appr\u00e9ci\u00e9 pour ses propri\u00e9t\u00e9s th\u00e9rapeutiques. Cette racine est connue pour...\" \/>\n<meta name=\"robots\" content=\"index, follow, max-snippet:-1, max-image-preview:large, max-video-preview:-1\" \/>\n<link rel=\"canonical\" href=\"https:\/\/dutchmicrodosing.com\/fr\/boutique-de-sante\/supplements-pour-la-concentration\/ashwaganda-11-extrait-whithania-somnifera\/\" \/>\n<meta property=\"og:locale\" content=\"fr_FR\" \/>\n<meta property=\"og:type\" content=\"article\" \/>\n<meta property=\"og:title\" content=\"Ashwaganda 1:1 Extrait - Whithania Somnifera\" \/>\n<meta property=\"og:description\" content=\"L&#039;ashwagandha, \u00e9galement connu sous le nom de &quot;ginseng indien&quot; dans l&#039;Ayurveda, est tr\u00e8s appr\u00e9ci\u00e9 pour ses propri\u00e9t\u00e9s th\u00e9rapeutiques. Cette racine est\" \/>\n<meta property=\"og:url\" content=\"https:\/\/dutchmicrodosing.com\/fr\/boutique-de-sante\/supplements-pour-la-concentration\/ashwaganda-11-extrait-whithania-somnifera\/\" \/>\n<meta property=\"og:site_name\" content=\"Dutchmicrodosing\" \/>\n<meta property=\"article:publisher\" content=\"https:\/\/www.facebook.com\/Dutchmicrodosingxp\/\" \/>\n<meta property=\"article:modified_time\" content=\"2025-10-31T07:25:19+00:00\" \/>\n<meta property=\"og:image\" content=\"https:\/\/dutchmicrodosing.com\/wp-content\/uploads\/2023\/11\/ashwaganda-extract.jpg\" \/>\n\t<meta property=\"og:image:width\" content=\"500\" \/>\n\t<meta property=\"og:image:height\" content=\"500\" \/>\n\t<meta property=\"og:image:type\" content=\"image\/jpeg\" \/>\n<meta name=\"twitter:card\" content=\"summary_large_image\" \/>\n<script type=\"application\/ld+json\" class=\"yoast-schema-graph\">{\"@context\":\"https:\/\/schema.org\",\"@graph\":[{\"@type\":\"WebPage\",\"@id\":\"https:\/\/dutchmicrodosing.com\/fr\/boutique-de-sante\/supplements-pour-la-concentration\/ashwaganda-11-extrait-whithania-somnifera\/\",\"url\":\"https:\/\/dutchmicrodosing.com\/fr\/boutique-de-sante\/supplements-pour-la-concentration\/ashwaganda-11-extrait-whithania-somnifera\/\",\"name\":\"Ashwaganda 1:1 Extrait - Whithania Somnifera - Dutchmicrodosing\",\"isPartOf\":{\"@id\":\"https:\/\/dutchmicrodosing.com\/fr\/#website\"},\"primaryImageOfPage\":{\"@id\":\"https:\/\/dutchmicrodosing.com\/fr\/boutique-de-sante\/supplements-pour-la-concentration\/ashwaganda-11-extrait-whithania-somnifera\/#primaryimage\"},\"image\":{\"@id\":\"https:\/\/dutchmicrodosing.com\/fr\/boutique-de-sante\/supplements-pour-la-concentration\/ashwaganda-11-extrait-whithania-somnifera\/#primaryimage\"},\"thumbnailUrl\":\"https:\/\/dutchmicrodosing.com\/wp-content\/uploads\/2023\/11\/ashwaganda-extract.jpg\",\"datePublished\":\"2023-11-15T14:07:36+00:00\",\"dateModified\":\"2025-10-31T07:25:19+00:00\",\"description\":\"L'ashwagandha, \u00e9galement connu sous le nom de \\\"ginseng indien\\\" dans l'Ayurveda, est tr\u00e8s appr\u00e9ci\u00e9 pour ses propri\u00e9t\u00e9s th\u00e9rapeutiques. Cette racine est connue pour...\",\"breadcrumb\":{\"@id\":\"https:\/\/dutchmicrodosing.com\/fr\/boutique-de-sante\/supplements-pour-la-concentration\/ashwaganda-11-extrait-whithania-somnifera\/#breadcrumb\"},\"inLanguage\":\"fr-FR\",\"potentialAction\":[{\"@type\":\"ReadAction\",\"target\":[\"https:\/\/dutchmicrodosing.com\/fr\/boutique-de-sante\/supplements-pour-la-concentration\/ashwaganda-11-extrait-whithania-somnifera\/\"]}]},{\"@type\":\"ImageObject\",\"inLanguage\":\"fr-FR\",\"@id\":\"https:\/\/dutchmicrodosing.com\/fr\/boutique-de-sante\/supplements-pour-la-concentration\/ashwaganda-11-extrait-whithania-somnifera\/#primaryimage\",\"url\":\"https:\/\/dutchmicrodosing.com\/wp-content\/uploads\/2023\/11\/ashwaganda-extract.jpg\",\"contentUrl\":\"https:\/\/dutchmicrodosing.com\/wp-content\/uploads\/2023\/11\/ashwaganda-extract.jpg\",\"width\":500,\"height\":500,\"caption\":\"ashwaganda\"},{\"@type\":\"BreadcrumbList\",\"@id\":\"https:\/\/dutchmicrodosing.com\/fr\/boutique-de-sante\/supplements-pour-la-concentration\/ashwaganda-11-extrait-whithania-somnifera\/#breadcrumb\",\"itemListElement\":[{\"@type\":\"ListItem\",\"position\":1,\"name\":\"Home\",\"item\":\"https:\/\/dutchmicrodosing.com\/fr\/\"},{\"@type\":\"ListItem\",\"position\":2,\"name\":\"Boutique\",\"item\":\"https:\/\/dutchmicrodosing.com\/fr\/boutique\/\"},{\"@type\":\"ListItem\",\"position\":3,\"name\":\"Ashwaganda 1:1 Extrait &#8211; Whithania Somnifera\"}]},{\"@type\":\"WebSite\",\"@id\":\"https:\/\/dutchmicrodosing.com\/fr\/#website\",\"url\":\"https:\/\/dutchmicrodosing.com\/fr\/\",\"name\":\"Dutchmicrodosing\",\"description\":\"\",\"publisher\":{\"@id\":\"https:\/\/dutchmicrodosing.com\/fr\/#organization\"},\"potentialAction\":[{\"@type\":\"SearchAction\",\"target\":{\"@type\":\"EntryPoint\",\"urlTemplate\":\"https:\/\/dutchmicrodosing.com\/fr\/?s={search_term_string}\"},\"query-input\":{\"@type\":\"PropertyValueSpecification\",\"valueRequired\":true,\"valueName\":\"search_term_string\"}}],\"inLanguage\":\"fr-FR\"},{\"@type\":\"Organization\",\"@id\":\"https:\/\/dutchmicrodosing.com\/fr\/#organization\",\"name\":\"Dutchmicrodosing\",\"url\":\"https:\/\/dutchmicrodosing.com\/fr\/\",\"logo\":{\"@type\":\"ImageObject\",\"inLanguage\":\"fr-FR\",\"@id\":\"https:\/\/dutchmicrodosing.com\/fr\/#\/schema\/logo\/image\/\",\"url\":\"https:\/\/dutchmicrodosing.com\/wp-content\/uploads\/2021\/01\/microdosing-categorie-pic-nieuw.jpg\",\"contentUrl\":\"https:\/\/dutchmicrodosing.com\/wp-content\/uploads\/2021\/01\/microdosing-categorie-pic-nieuw.jpg\",\"width\":500,\"height\":500,\"caption\":\"Dutchmicrodosing\"},\"image\":{\"@id\":\"https:\/\/dutchmicrodosing.com\/fr\/#\/schema\/logo\/image\/\"},\"sameAs\":[\"https:\/\/www.facebook.com\/Dutchmicrodosingxp\/\",\"https:\/\/www.instagram.com\/dutchmicrodosing\/\"]}]}<\/script>\n<meta property=\"product:price:amount\" content=\"14.95\" \/>\n<meta property=\"product:price:currency\" content=\"EUR\" \/>\n<meta property=\"og:availability\" content=\"instock\" \/>\n<meta property=\"product:availability\" content=\"instock\" \/>\n<meta property=\"product:retailer_item_id\" content=\"0207834\" \/>\n<meta property=\"product:condition\" content=\"new\" \/>\n<!-- \/ Yoast SEO Premium plugin. -->","yoast_head_json":{"title":"Ashwaganda 1:1 Extrait - Whithania Somnifera - Dutchmicrodosing","description":"L'ashwagandha, \u00e9galement connu sous le nom de \"ginseng indien\" dans l'Ayurveda, est tr\u00e8s appr\u00e9ci\u00e9 pour ses propri\u00e9t\u00e9s th\u00e9rapeutiques. Cette racine est connue pour...","robots":{"index":"index","follow":"follow","max-snippet":"max-snippet:-1","max-image-preview":"max-image-preview:large","max-video-preview":"max-video-preview:-1"},"canonical":"https:\/\/dutchmicrodosing.com\/fr\/boutique-de-sante\/supplements-pour-la-concentration\/ashwaganda-11-extrait-whithania-somnifera\/","og_locale":"fr_FR","og_type":"article","og_title":"Ashwaganda 1:1 Extrait - Whithania Somnifera","og_description":"L'ashwagandha, \u00e9galement connu sous le nom de \"ginseng indien\" dans l'Ayurveda, est tr\u00e8s appr\u00e9ci\u00e9 pour ses propri\u00e9t\u00e9s th\u00e9rapeutiques. Cette racine est","og_url":"https:\/\/dutchmicrodosing.com\/fr\/boutique-de-sante\/supplements-pour-la-concentration\/ashwaganda-11-extrait-whithania-somnifera\/","og_site_name":"Dutchmicrodosing","article_publisher":"https:\/\/www.facebook.com\/Dutchmicrodosingxp\/","article_modified_time":"2025-10-31T07:25:19+00:00","og_image":[{"width":500,"height":500,"url":"https:\/\/dutchmicrodosing.com\/wp-content\/uploads\/2023\/11\/ashwaganda-extract.jpg","type":"image\/jpeg"}],"twitter_card":"summary_large_image","schema":{"@context":"https:\/\/schema.org","@graph":[{"@type":"WebPage","@id":"https:\/\/dutchmicrodosing.com\/fr\/boutique-de-sante\/supplements-pour-la-concentration\/ashwaganda-11-extrait-whithania-somnifera\/","url":"https:\/\/dutchmicrodosing.com\/fr\/boutique-de-sante\/supplements-pour-la-concentration\/ashwaganda-11-extrait-whithania-somnifera\/","name":"Ashwaganda 1:1 Extrait - Whithania Somnifera - Dutchmicrodosing","isPartOf":{"@id":"https:\/\/dutchmicrodosing.com\/fr\/#website"},"primaryImageOfPage":{"@id":"https:\/\/dutchmicrodosing.com\/fr\/boutique-de-sante\/supplements-pour-la-concentration\/ashwaganda-11-extrait-whithania-somnifera\/#primaryimage"},"image":{"@id":"https:\/\/dutchmicrodosing.com\/fr\/boutique-de-sante\/supplements-pour-la-concentration\/ashwaganda-11-extrait-whithania-somnifera\/#primaryimage"},"thumbnailUrl":"https:\/\/dutchmicrodosing.com\/wp-content\/uploads\/2023\/11\/ashwaganda-extract.jpg","datePublished":"2023-11-15T14:07:36+00:00","dateModified":"2025-10-31T07:25:19+00:00","description":"L'ashwagandha, \u00e9galement connu sous le nom de \"ginseng indien\" dans l'Ayurveda, est tr\u00e8s appr\u00e9ci\u00e9 pour ses propri\u00e9t\u00e9s th\u00e9rapeutiques. Cette racine est connue pour...","breadcrumb":{"@id":"https:\/\/dutchmicrodosing.com\/fr\/boutique-de-sante\/supplements-pour-la-concentration\/ashwaganda-11-extrait-whithania-somnifera\/#breadcrumb"},"inLanguage":"fr-FR","potentialAction":[{"@type":"ReadAction","target":["https:\/\/dutchmicrodosing.com\/fr\/boutique-de-sante\/supplements-pour-la-concentration\/ashwaganda-11-extrait-whithania-somnifera\/"]}]},{"@type":"ImageObject","inLanguage":"fr-FR","@id":"https:\/\/dutchmicrodosing.com\/fr\/boutique-de-sante\/supplements-pour-la-concentration\/ashwaganda-11-extrait-whithania-somnifera\/#primaryimage","url":"https:\/\/dutchmicrodosing.com\/wp-content\/uploads\/2023\/11\/ashwaganda-extract.jpg","contentUrl":"https:\/\/dutchmicrodosing.com\/wp-content\/uploads\/2023\/11\/ashwaganda-extract.jpg","width":500,"height":500,"caption":"ashwaganda"},{"@type":"BreadcrumbList","@id":"https:\/\/dutchmicrodosing.com\/fr\/boutique-de-sante\/supplements-pour-la-concentration\/ashwaganda-11-extrait-whithania-somnifera\/#breadcrumb","itemListElement":[{"@type":"ListItem","position":1,"name":"Home","item":"https:\/\/dutchmicrodosing.com\/fr\/"},{"@type":"ListItem","position":2,"name":"Boutique","item":"https:\/\/dutchmicrodosing.com\/fr\/boutique\/"},{"@type":"ListItem","position":3,"name":"Ashwaganda 1:1 Extrait &#8211; Whithania Somnifera"}]},{"@type":"WebSite","@id":"https:\/\/dutchmicrodosing.com\/fr\/#website","url":"https:\/\/dutchmicrodosing.com\/fr\/","name":"Dutchmicrodosing","description":"","publisher":{"@id":"https:\/\/dutchmicrodosing.com\/fr\/#organization"},"potentialAction":[{"@type":"SearchAction","target":{"@type":"EntryPoint","urlTemplate":"https:\/\/dutchmicrodosing.com\/fr\/?s={search_term_string}"},"query-input":{"@type":"PropertyValueSpecification","valueRequired":true,"valueName":"search_term_string"}}],"inLanguage":"fr-FR"},{"@type":"Organization","@id":"https:\/\/dutchmicrodosing.com\/fr\/#organization","name":"Dutchmicrodosing","url":"https:\/\/dutchmicrodosing.com\/fr\/","logo":{"@type":"ImageObject","inLanguage":"fr-FR","@id":"https:\/\/dutchmicrodosing.com\/fr\/#\/schema\/logo\/image\/","url":"https:\/\/dutchmicrodosing.com\/wp-content\/uploads\/2021\/01\/microdosing-categorie-pic-nieuw.jpg","contentUrl":"https:\/\/dutchmicrodosing.com\/wp-content\/uploads\/2021\/01\/microdosing-categorie-pic-nieuw.jpg","width":500,"height":500,"caption":"Dutchmicrodosing"},"image":{"@id":"https:\/\/dutchmicrodosing.com\/fr\/#\/schema\/logo\/image\/"},"sameAs":["https:\/\/www.facebook.com\/Dutchmicrodosingxp\/","https:\/\/www.instagram.com\/dutchmicrodosing\/"]}]},"product_price_amount":"14.95","product_price_currency":"EUR","og_availability":"instock","product_availability":"instock","product_retailer_item_id":"0207834","product_condition":"new"},"_links":{"self":[{"href":"https:\/\/dutchmicrodosing.com\/fr\/wp-json\/wp\/v2\/product\/31980","targetHints":{"allow":["GET"]}}],"collection":[{"href":"https:\/\/dutchmicrodosing.com\/fr\/wp-json\/wp\/v2\/product"}],"about":[{"href":"https:\/\/dutchmicrodosing.com\/fr\/wp-json\/wp\/v2\/types\/product"}],"replies":[{"embeddable":true,"href":"https:\/\/dutchmicrodosing.com\/fr\/wp-json\/wp\/v2\/comments?post=31980"}],"version-history":[{"count":0,"href":"https:\/\/dutchmicrodosing.com\/fr\/wp-json\/wp\/v2\/product\/31980\/revisions"}],"wp:featuredmedia":[{"embeddable":true,"href":"https:\/\/dutchmicrodosing.com\/fr\/wp-json\/wp\/v2\/media\/31660"}],"wp:attachment":[{"href":"https:\/\/dutchmicrodosing.com\/fr\/wp-json\/wp\/v2\/media?parent=31980"}],"wp:term":[{"taxonomy":"product_brand","embeddable":true,"href":"https:\/\/dutchmicrodosing.com\/fr\/wp-json\/wp\/v2\/product_brand?post=31980"},{"taxonomy":"product_cat","embeddable":true,"href":"https:\/\/dutchmicrodosing.com\/fr\/wp-json\/wp\/v2\/product_cat?post=31980"},{"taxonomy":"product_tag","embeddable":true,"href":"https:\/\/dutchmicrodosing.com\/fr\/wp-json\/wp\/v2\/product_tag?post=31980"}],"curies":[{"name":"wp","href":"https:\/\/api.w.org\/{rel}","templated":true}]}}