{"id":32013,"date":"2023-11-13T14:52:36","date_gmt":"2023-11-13T13:52:36","guid":{"rendered":"https:\/\/dutchmicrodosing.com\/shop\/non%20class\u00e9\/whole-root-ashwagandha-30-caps\/"},"modified":"2025-08-31T08:52:14","modified_gmt":"2025-08-31T06:52:14","slug":"whole-root-ashwagandha-30-caps","status":"publish","type":"product","link":"https:\/\/dutchmicrodosing.com\/fr\/boutique-de-sante\/supplements-pour-le-systeme-immunitaire\/whole-root-ashwagandha-30-caps\/","title":{"rendered":"Ashwagandha Racine Enti\u00e8re &#8211; 30 Caps"},"content":{"rendered":"<p>Le <strong>suppl\u00e9ment d&rsquo;ashwagandha<\/strong> de Together provient de la r\u00e9gion du Rajasthan, dans le nord de l&rsquo;Inde, une r\u00e9gion r\u00e9put\u00e9e pour ses conditions id\u00e9ales de culture de l&rsquo;ashwagandha de haute qualit\u00e9. Cette plante est recherch\u00e9e pour ses qualit\u00e9s adaptog\u00e8nes, qui peuvent aider \u00e0 soutenir l&rsquo;organisme dans des conditions de stress. Sa production est remarquable par l&rsquo;utilisation d&rsquo;une m\u00e9thode d&rsquo;extraction unique qui n&rsquo;utilise pas de solvants synth\u00e9tiques, produisant un extrait \u00e0 forte concentration en principes actifs et pr\u00e9servant l&rsquo;int\u00e9grit\u00e9 des composants naturels de l&rsquo;herbe.<\/p>\n<p>Une caract\u00e9ristique notable de Together&rsquo;s Whole Root Ashwagandha est son pourcentage exceptionnellement \u00e9lev\u00e9 de withanolides, qui repr\u00e9sentent plus de 5 % de l&rsquo;extrait, ce qui en fait l&rsquo;un des produits d&rsquo;ashwagandha les plus puissants sur le march\u00e9. Les withanolides sont les principaux composants bioactifs de l&rsquo;ashwagandha qui contribuent \u00e0 ses effets adaptog\u00e8nes.<\/p>\n<h3><strong>Valeurs nutritionnelles par g\u00e9lule<\/strong><strong><br \/>\n<\/strong><\/h3>\n<p>Ashwagandha 500 mg<\/p>\n<h3><strong>Ingr\u00e9dients<\/strong><em><br \/>\n<\/em><\/h3>\n<ul>\n<li>Ashwagandha biologique KSM-66\u00ae (extrait de racine enti\u00e8re de Withania somnifera)<\/li>\n<li>Vegecap (cellulose v\u00e9g\u00e9tale)<\/li>\n<\/ul>\n<h3><strong>Avertissements<\/strong><\/h3>\n<p>La prudence est de mise chez les personnes souffrant d&rsquo;hyperthyro\u00efdie ou d&rsquo;une maladie h\u00e9patique grave lors de l&rsquo;utilisation de l&rsquo;ashwagandha. Avant toute utilisation, consultez votre m\u00e9decin ou votre pharmacien en cas de prise de m\u00e9dicaments (antid\u00e9presseurs), de maladie du foie, de maladie de la thyro\u00efde et\/ou d&rsquo;utilisation d&rsquo;hormones thyro\u00efdiennes.<\/p>\n<h3>Contenu<\/h3>\n<p>Together Whole Root Ashwagandha &#8211; 30 Caps<\/p>\n","protected":false},"excerpt":{"rendered":"<p>Le suppl\u00e9ment d&rsquo;ashwagandha de Together provient de la r\u00e9gion du Rajasthan, dans le nord de l&rsquo;Inde, une r\u00e9gion r\u00e9put\u00e9e pour ses conditions id\u00e9ales de culture de l&rsquo;ashwagandha de haute qualit\u00e9. Cette plante est recherch\u00e9e pour ses qualit\u00e9s adaptog\u00e8nes, qui peuvent aider \u00e0 soutenir l&rsquo;organisme dans des conditions de stress. Sa production est remarquable par l&rsquo;utilisation [&hellip;]<\/p>\n","protected":false},"featured_media":31289,"comment_status":"closed","ping_status":"closed","template":"","meta":[],"product_brand":[],"product_cat":[316,290,291,321,131],"product_tag":[],"class_list":{"0":"post-32013","1":"product","2":"type-product","3":"status-publish","4":"has-post-thumbnail","6":"product_cat-supplements-pour-la-creativite","7":"product_cat-supplements-energetiques","8":"product_cat-supplements-pour-le-systeme-immunitaire","9":"product_cat-supplements-pour-la-concentration","10":"product_cat-vitamines-et-supplements","12":"first","13":"instock","14":"taxable","15":"shipping-taxable","16":"purchasable","17":"product-type-simple"},"yoast_head":"<!-- This site is optimized with the Yoast SEO Premium plugin v26.4 (Yoast SEO v27.2) - https:\/\/yoast.com\/product\/yoast-seo-premium-wordpress\/ -->\n<title>Ashwagandha Racine Enti\u00e8re - 30 Caps - Dutchmicrodosing<\/title>\n<meta name=\"description\" content=\"Le suppl\u00e9ment d&#039;ashwagandha de Together provient de la r\u00e9gion du Rajasthan, dans le nord de l&#039;Inde, une r\u00e9gion r\u00e9put\u00e9e pour ses conditions id\u00e9ales pour...\" \/>\n<meta name=\"robots\" content=\"index, follow, max-snippet:-1, max-image-preview:large, max-video-preview:-1\" \/>\n<link rel=\"canonical\" href=\"https:\/\/dutchmicrodosing.com\/fr\/boutique-de-sante\/supplements-pour-le-systeme-immunitaire\/whole-root-ashwagandha-30-caps\/\" \/>\n<meta property=\"og:locale\" content=\"fr_FR\" \/>\n<meta property=\"og:type\" content=\"article\" \/>\n<meta property=\"og:title\" content=\"Ashwagandha Racine Enti\u00e8re - 30 Caps\" \/>\n<meta property=\"og:description\" content=\"Le suppl\u00e9ment d&#039;ashwagandha de Together provient de la r\u00e9gion du Rajasthan, dans le nord de l&#039;Inde, une r\u00e9gion r\u00e9put\u00e9e pour ses conditions id\u00e9ales de\" \/>\n<meta property=\"og:url\" content=\"https:\/\/dutchmicrodosing.com\/fr\/boutique-de-sante\/supplements-pour-le-systeme-immunitaire\/whole-root-ashwagandha-30-caps\/\" \/>\n<meta property=\"og:site_name\" content=\"Dutchmicrodosing\" \/>\n<meta property=\"article:publisher\" content=\"https:\/\/www.facebook.com\/Dutchmicrodosingxp\/\" \/>\n<meta property=\"article:modified_time\" content=\"2025-08-31T06:52:14+00:00\" \/>\n<meta property=\"og:image\" content=\"https:\/\/dutchmicrodosing.com\/wp-content\/uploads\/2023\/11\/2415_whole_root_ashwagandha__together__30caps.jpg\" \/>\n\t<meta property=\"og:image:width\" content=\"700\" \/>\n\t<meta property=\"og:image:height\" content=\"700\" \/>\n\t<meta property=\"og:image:type\" content=\"image\/jpeg\" \/>\n<meta name=\"twitter:card\" content=\"summary_large_image\" \/>\n<script type=\"application\/ld+json\" class=\"yoast-schema-graph\">{\"@context\":\"https:\/\/schema.org\",\"@graph\":[{\"@type\":\"WebPage\",\"@id\":\"https:\/\/dutchmicrodosing.com\/fr\/boutique-de-sante\/supplements-pour-le-systeme-immunitaire\/whole-root-ashwagandha-30-caps\/\",\"url\":\"https:\/\/dutchmicrodosing.com\/fr\/boutique-de-sante\/supplements-pour-le-systeme-immunitaire\/whole-root-ashwagandha-30-caps\/\",\"name\":\"Ashwagandha Racine Enti\u00e8re - 30 Caps - Dutchmicrodosing\",\"isPartOf\":{\"@id\":\"https:\/\/dutchmicrodosing.com\/fr\/#website\"},\"primaryImageOfPage\":{\"@id\":\"https:\/\/dutchmicrodosing.com\/fr\/boutique-de-sante\/supplements-pour-le-systeme-immunitaire\/whole-root-ashwagandha-30-caps\/#primaryimage\"},\"image\":{\"@id\":\"https:\/\/dutchmicrodosing.com\/fr\/boutique-de-sante\/supplements-pour-le-systeme-immunitaire\/whole-root-ashwagandha-30-caps\/#primaryimage\"},\"thumbnailUrl\":\"https:\/\/dutchmicrodosing.com\/wp-content\/uploads\/2023\/11\/2415_whole_root_ashwagandha__together__30caps.jpg\",\"datePublished\":\"2023-11-13T13:52:36+00:00\",\"dateModified\":\"2025-08-31T06:52:14+00:00\",\"description\":\"Le suppl\u00e9ment d'ashwagandha de Together provient de la r\u00e9gion du Rajasthan, dans le nord de l'Inde, une r\u00e9gion r\u00e9put\u00e9e pour ses conditions id\u00e9ales pour...\",\"breadcrumb\":{\"@id\":\"https:\/\/dutchmicrodosing.com\/fr\/boutique-de-sante\/supplements-pour-le-systeme-immunitaire\/whole-root-ashwagandha-30-caps\/#breadcrumb\"},\"inLanguage\":\"fr-FR\",\"potentialAction\":[{\"@type\":\"ReadAction\",\"target\":[\"https:\/\/dutchmicrodosing.com\/fr\/boutique-de-sante\/supplements-pour-le-systeme-immunitaire\/whole-root-ashwagandha-30-caps\/\"]}]},{\"@type\":\"ImageObject\",\"inLanguage\":\"fr-FR\",\"@id\":\"https:\/\/dutchmicrodosing.com\/fr\/boutique-de-sante\/supplements-pour-le-systeme-immunitaire\/whole-root-ashwagandha-30-caps\/#primaryimage\",\"url\":\"https:\/\/dutchmicrodosing.com\/wp-content\/uploads\/2023\/11\/2415_whole_root_ashwagandha__together__30caps.jpg\",\"contentUrl\":\"https:\/\/dutchmicrodosing.com\/wp-content\/uploads\/2023\/11\/2415_whole_root_ashwagandha__together__30caps.jpg\",\"width\":700,\"height\":700},{\"@type\":\"BreadcrumbList\",\"@id\":\"https:\/\/dutchmicrodosing.com\/fr\/boutique-de-sante\/supplements-pour-le-systeme-immunitaire\/whole-root-ashwagandha-30-caps\/#breadcrumb\",\"itemListElement\":[{\"@type\":\"ListItem\",\"position\":1,\"name\":\"Home\",\"item\":\"https:\/\/dutchmicrodosing.com\/fr\/\"},{\"@type\":\"ListItem\",\"position\":2,\"name\":\"Boutique\",\"item\":\"https:\/\/dutchmicrodosing.com\/fr\/boutique\/\"},{\"@type\":\"ListItem\",\"position\":3,\"name\":\"Ashwagandha Racine Enti\u00e8re &#8211; 30 Caps\"}]},{\"@type\":\"WebSite\",\"@id\":\"https:\/\/dutchmicrodosing.com\/fr\/#website\",\"url\":\"https:\/\/dutchmicrodosing.com\/fr\/\",\"name\":\"Dutchmicrodosing\",\"description\":\"\",\"publisher\":{\"@id\":\"https:\/\/dutchmicrodosing.com\/fr\/#organization\"},\"potentialAction\":[{\"@type\":\"SearchAction\",\"target\":{\"@type\":\"EntryPoint\",\"urlTemplate\":\"https:\/\/dutchmicrodosing.com\/fr\/?s={search_term_string}\"},\"query-input\":{\"@type\":\"PropertyValueSpecification\",\"valueRequired\":true,\"valueName\":\"search_term_string\"}}],\"inLanguage\":\"fr-FR\"},{\"@type\":\"Organization\",\"@id\":\"https:\/\/dutchmicrodosing.com\/fr\/#organization\",\"name\":\"Dutchmicrodosing\",\"url\":\"https:\/\/dutchmicrodosing.com\/fr\/\",\"logo\":{\"@type\":\"ImageObject\",\"inLanguage\":\"fr-FR\",\"@id\":\"https:\/\/dutchmicrodosing.com\/fr\/#\/schema\/logo\/image\/\",\"url\":\"https:\/\/dutchmicrodosing.com\/wp-content\/uploads\/2021\/01\/microdosing-categorie-pic-nieuw.jpg\",\"contentUrl\":\"https:\/\/dutchmicrodosing.com\/wp-content\/uploads\/2021\/01\/microdosing-categorie-pic-nieuw.jpg\",\"width\":500,\"height\":500,\"caption\":\"Dutchmicrodosing\"},\"image\":{\"@id\":\"https:\/\/dutchmicrodosing.com\/fr\/#\/schema\/logo\/image\/\"},\"sameAs\":[\"https:\/\/www.facebook.com\/Dutchmicrodosingxp\/\",\"https:\/\/www.instagram.com\/dutchmicrodosing\/\"]}]}<\/script>\n<meta property=\"product:price:amount\" content=\"14.95\" \/>\n<meta property=\"product:price:currency\" content=\"EUR\" \/>\n<meta property=\"og:availability\" content=\"instock\" \/>\n<meta property=\"product:availability\" content=\"instock\" \/>\n<meta property=\"product:retailer_item_id\" content=\"3211126\" \/>\n<meta property=\"product:condition\" content=\"new\" \/>\n<!-- \/ Yoast SEO Premium plugin. -->","yoast_head_json":{"title":"Ashwagandha Racine Enti\u00e8re - 30 Caps - Dutchmicrodosing","description":"Le suppl\u00e9ment d'ashwagandha de Together provient de la r\u00e9gion du Rajasthan, dans le nord de l'Inde, une r\u00e9gion r\u00e9put\u00e9e pour ses conditions id\u00e9ales pour...","robots":{"index":"index","follow":"follow","max-snippet":"max-snippet:-1","max-image-preview":"max-image-preview:large","max-video-preview":"max-video-preview:-1"},"canonical":"https:\/\/dutchmicrodosing.com\/fr\/boutique-de-sante\/supplements-pour-le-systeme-immunitaire\/whole-root-ashwagandha-30-caps\/","og_locale":"fr_FR","og_type":"article","og_title":"Ashwagandha Racine Enti\u00e8re - 30 Caps","og_description":"Le suppl\u00e9ment d'ashwagandha de Together provient de la r\u00e9gion du Rajasthan, dans le nord de l'Inde, une r\u00e9gion r\u00e9put\u00e9e pour ses conditions id\u00e9ales de","og_url":"https:\/\/dutchmicrodosing.com\/fr\/boutique-de-sante\/supplements-pour-le-systeme-immunitaire\/whole-root-ashwagandha-30-caps\/","og_site_name":"Dutchmicrodosing","article_publisher":"https:\/\/www.facebook.com\/Dutchmicrodosingxp\/","article_modified_time":"2025-08-31T06:52:14+00:00","og_image":[{"width":700,"height":700,"url":"https:\/\/dutchmicrodosing.com\/wp-content\/uploads\/2023\/11\/2415_whole_root_ashwagandha__together__30caps.jpg","type":"image\/jpeg"}],"twitter_card":"summary_large_image","schema":{"@context":"https:\/\/schema.org","@graph":[{"@type":"WebPage","@id":"https:\/\/dutchmicrodosing.com\/fr\/boutique-de-sante\/supplements-pour-le-systeme-immunitaire\/whole-root-ashwagandha-30-caps\/","url":"https:\/\/dutchmicrodosing.com\/fr\/boutique-de-sante\/supplements-pour-le-systeme-immunitaire\/whole-root-ashwagandha-30-caps\/","name":"Ashwagandha Racine Enti\u00e8re - 30 Caps - Dutchmicrodosing","isPartOf":{"@id":"https:\/\/dutchmicrodosing.com\/fr\/#website"},"primaryImageOfPage":{"@id":"https:\/\/dutchmicrodosing.com\/fr\/boutique-de-sante\/supplements-pour-le-systeme-immunitaire\/whole-root-ashwagandha-30-caps\/#primaryimage"},"image":{"@id":"https:\/\/dutchmicrodosing.com\/fr\/boutique-de-sante\/supplements-pour-le-systeme-immunitaire\/whole-root-ashwagandha-30-caps\/#primaryimage"},"thumbnailUrl":"https:\/\/dutchmicrodosing.com\/wp-content\/uploads\/2023\/11\/2415_whole_root_ashwagandha__together__30caps.jpg","datePublished":"2023-11-13T13:52:36+00:00","dateModified":"2025-08-31T06:52:14+00:00","description":"Le suppl\u00e9ment d'ashwagandha de Together provient de la r\u00e9gion du Rajasthan, dans le nord de l'Inde, une r\u00e9gion r\u00e9put\u00e9e pour ses conditions id\u00e9ales pour...","breadcrumb":{"@id":"https:\/\/dutchmicrodosing.com\/fr\/boutique-de-sante\/supplements-pour-le-systeme-immunitaire\/whole-root-ashwagandha-30-caps\/#breadcrumb"},"inLanguage":"fr-FR","potentialAction":[{"@type":"ReadAction","target":["https:\/\/dutchmicrodosing.com\/fr\/boutique-de-sante\/supplements-pour-le-systeme-immunitaire\/whole-root-ashwagandha-30-caps\/"]}]},{"@type":"ImageObject","inLanguage":"fr-FR","@id":"https:\/\/dutchmicrodosing.com\/fr\/boutique-de-sante\/supplements-pour-le-systeme-immunitaire\/whole-root-ashwagandha-30-caps\/#primaryimage","url":"https:\/\/dutchmicrodosing.com\/wp-content\/uploads\/2023\/11\/2415_whole_root_ashwagandha__together__30caps.jpg","contentUrl":"https:\/\/dutchmicrodosing.com\/wp-content\/uploads\/2023\/11\/2415_whole_root_ashwagandha__together__30caps.jpg","width":700,"height":700},{"@type":"BreadcrumbList","@id":"https:\/\/dutchmicrodosing.com\/fr\/boutique-de-sante\/supplements-pour-le-systeme-immunitaire\/whole-root-ashwagandha-30-caps\/#breadcrumb","itemListElement":[{"@type":"ListItem","position":1,"name":"Home","item":"https:\/\/dutchmicrodosing.com\/fr\/"},{"@type":"ListItem","position":2,"name":"Boutique","item":"https:\/\/dutchmicrodosing.com\/fr\/boutique\/"},{"@type":"ListItem","position":3,"name":"Ashwagandha Racine Enti\u00e8re &#8211; 30 Caps"}]},{"@type":"WebSite","@id":"https:\/\/dutchmicrodosing.com\/fr\/#website","url":"https:\/\/dutchmicrodosing.com\/fr\/","name":"Dutchmicrodosing","description":"","publisher":{"@id":"https:\/\/dutchmicrodosing.com\/fr\/#organization"},"potentialAction":[{"@type":"SearchAction","target":{"@type":"EntryPoint","urlTemplate":"https:\/\/dutchmicrodosing.com\/fr\/?s={search_term_string}"},"query-input":{"@type":"PropertyValueSpecification","valueRequired":true,"valueName":"search_term_string"}}],"inLanguage":"fr-FR"},{"@type":"Organization","@id":"https:\/\/dutchmicrodosing.com\/fr\/#organization","name":"Dutchmicrodosing","url":"https:\/\/dutchmicrodosing.com\/fr\/","logo":{"@type":"ImageObject","inLanguage":"fr-FR","@id":"https:\/\/dutchmicrodosing.com\/fr\/#\/schema\/logo\/image\/","url":"https:\/\/dutchmicrodosing.com\/wp-content\/uploads\/2021\/01\/microdosing-categorie-pic-nieuw.jpg","contentUrl":"https:\/\/dutchmicrodosing.com\/wp-content\/uploads\/2021\/01\/microdosing-categorie-pic-nieuw.jpg","width":500,"height":500,"caption":"Dutchmicrodosing"},"image":{"@id":"https:\/\/dutchmicrodosing.com\/fr\/#\/schema\/logo\/image\/"},"sameAs":["https:\/\/www.facebook.com\/Dutchmicrodosingxp\/","https:\/\/www.instagram.com\/dutchmicrodosing\/"]}]},"product_price_amount":"14.95","product_price_currency":"EUR","og_availability":"instock","product_availability":"instock","product_retailer_item_id":"3211126","product_condition":"new"},"_links":{"self":[{"href":"https:\/\/dutchmicrodosing.com\/fr\/wp-json\/wp\/v2\/product\/32013","targetHints":{"allow":["GET"]}}],"collection":[{"href":"https:\/\/dutchmicrodosing.com\/fr\/wp-json\/wp\/v2\/product"}],"about":[{"href":"https:\/\/dutchmicrodosing.com\/fr\/wp-json\/wp\/v2\/types\/product"}],"replies":[{"embeddable":true,"href":"https:\/\/dutchmicrodosing.com\/fr\/wp-json\/wp\/v2\/comments?post=32013"}],"version-history":[{"count":0,"href":"https:\/\/dutchmicrodosing.com\/fr\/wp-json\/wp\/v2\/product\/32013\/revisions"}],"wp:featuredmedia":[{"embeddable":true,"href":"https:\/\/dutchmicrodosing.com\/fr\/wp-json\/wp\/v2\/media\/31289"}],"wp:attachment":[{"href":"https:\/\/dutchmicrodosing.com\/fr\/wp-json\/wp\/v2\/media?parent=32013"}],"wp:term":[{"taxonomy":"product_brand","embeddable":true,"href":"https:\/\/dutchmicrodosing.com\/fr\/wp-json\/wp\/v2\/product_brand?post=32013"},{"taxonomy":"product_cat","embeddable":true,"href":"https:\/\/dutchmicrodosing.com\/fr\/wp-json\/wp\/v2\/product_cat?post=32013"},{"taxonomy":"product_tag","embeddable":true,"href":"https:\/\/dutchmicrodosing.com\/fr\/wp-json\/wp\/v2\/product_tag?post=32013"}],"curies":[{"name":"wp","href":"https:\/\/api.w.org\/{rel}","templated":true}]}}