{"id":32017,"date":"2023-11-15T01:40:37","date_gmt":"2023-11-16T19:58:51","guid":{"rendered":"https:\/\/dutchmicrodosing.com\/shop\/non%20class\u00e9\/cerveau-e\/"},"modified":"2025-02-20T14:20:48","modified_gmt":"2025-02-20T13:20:48","slug":"cerveau-e","status":"publish","type":"product","link":"https:\/\/dutchmicrodosing.com\/fr\/boutique-de-sante\/supplements-pour-la-concentration\/cerveau-e\/","title":{"rendered":"Cerveau-E"},"content":{"rendered":"<p>Les processus de concentration et de pens\u00e9e cr\u00e9ative sont tous soutenus par <strong>Brain-E Happy Caps<\/strong>. Ces g\u00e9lules \u00e0 base de plantes sont id\u00e9ales pour les longues s\u00e9ances d&rsquo;\u00e9tude ou les projets qui ont souvent une date limite. Avec le Brain-E, chaque d\u00e9lai sera respect\u00e9 gr\u00e2ce \u00e0 la concentration et \u00e0 l&rsquo;attention. M\u00e9moriser des informations et les traiter sur papier est beaucoup plus facile avec l&rsquo;utilisation des casquettes Brain-E Happy Caps. Ce stimulant c\u00e9r\u00e9bral donne les meilleurs r\u00e9sultats lors de longues s\u00e9ances d&rsquo;\u00e9tude ou dans d&rsquo;autres situations o\u00f9 vous devez maintenir votre attention pendant de longues p\u00e9riodes. Rendez votre travail ou votre \u00e9tude \u00e0 temps gr\u00e2ce aux casquettes Brain-E Happy Caps !<\/p>\n<h3>Ingr\u00e9dients<\/h3>\n<p>Extrait de Rhodolia rosea 100mg, l-tryptophane 100mg, choline 100mg, DMAE 75mg, gaba 75mg, niacine 15mg, l-th\u00e9anine 60mg, caf\u00e9ine 25mg, Gaba 75mg, l-carnitine 50mg, st\u00e9arate de magn\u00e9sium, hydroxypropylm\u00e9thylcellulose (g\u00e9lule v\u00e9g\u00e9tale).<\/p>\n<h3>Utilisez<\/h3>\n<p>Prendre 1 \u00e0 2 g\u00e9lules environ 45 minutes avant l&rsquo;effet d\u00e9sir\u00e9. Ne pas d\u00e9passer la dose maximale de 2 g\u00e9lules par 24 heures.<\/p>\n<h3>Conseils de stockage<\/h3>\n<p>Conservez ce produit dans un endroit frais et sombre, tel qu&rsquo;un placard de cuisine, et hors de port\u00e9e des enfants.<\/p>\n<h3>Contenu<\/h3>\n<p>Happy Caps Brain-E (Energie et Concentration) &#8211; 4 g\u00e9lules.<\/p>\n<h3>Avertissement<\/h3>\n<p>Ne pas combiner Brain-E Happy Caps avec d&rsquo;autres ISRS (Seroxat, Prozac) ou IMAO. Consultez toujours d&rsquo;abord votre m\u00e9decin et lisez la notice de votre m\u00e9dicament afin d&rsquo;\u00e9viter tout risque pour la sant\u00e9. De m\u00eame, n&rsquo;utilisez pas Brain-E Happy Caps si vous \u00eates enceinte ou si vous allaitez.<\/p>\n","protected":false},"excerpt":{"rendered":"<p>Les processus de concentration et de pens\u00e9e cr\u00e9ative sont tous soutenus par Brain-E Happy Caps. Ces g\u00e9lules \u00e0 base de plantes sont id\u00e9ales pour les longues s\u00e9ances d&rsquo;\u00e9tude ou les projets qui ont souvent une date limite. Avec le Brain-E, chaque d\u00e9lai sera respect\u00e9 gr\u00e2ce \u00e0 la concentration et \u00e0 l&rsquo;attention. M\u00e9moriser des informations et [&hellip;]<\/p>\n","protected":false},"featured_media":31616,"comment_status":"closed","ping_status":"closed","template":"","meta":[],"product_brand":[],"product_cat":[321],"product_tag":[],"class_list":{"0":"post-32017","1":"product","2":"type-product","3":"status-publish","4":"has-post-thumbnail","6":"product_cat-supplements-pour-la-concentration","8":"first","9":"outofstock","10":"taxable","11":"shipping-taxable","12":"purchasable","13":"product-type-simple"},"yoast_head":"<!-- This site is optimized with the Yoast SEO Premium plugin v26.4 (Yoast SEO v27.2) - https:\/\/yoast.com\/product\/yoast-seo-premium-wordpress\/ -->\n<title>Cerveau-E - Dutchmicrodosing<\/title>\n<meta name=\"description\" content=\"Les processus de concentration et de pens\u00e9e cr\u00e9ative sont tous soutenus par Brain-E Happy Caps. Ces g\u00e9lules \u00e0 base de plantes sont id\u00e9ales pour les longues s\u00e9ances d&#039;\u00e9tude,\" \/>\n<meta name=\"robots\" content=\"index, follow, max-snippet:-1, max-image-preview:large, max-video-preview:-1\" \/>\n<link rel=\"canonical\" href=\"https:\/\/dutchmicrodosing.com\/fr\/boutique-de-sante\/supplements-pour-la-concentration\/cerveau-e\/\" \/>\n<meta property=\"og:locale\" content=\"fr_FR\" \/>\n<meta property=\"og:type\" content=\"article\" \/>\n<meta property=\"og:title\" content=\"Cerveau-E\" \/>\n<meta property=\"og:description\" content=\"Les processus de concentration et de pens\u00e9e cr\u00e9ative sont tous soutenus par Brain-E Happy Caps. Ces g\u00e9lules \u00e0 base de plantes sont id\u00e9ales pour les\" \/>\n<meta property=\"og:url\" content=\"https:\/\/dutchmicrodosing.com\/fr\/boutique-de-sante\/supplements-pour-la-concentration\/cerveau-e\/\" \/>\n<meta property=\"og:site_name\" content=\"Dutchmicrodosing\" \/>\n<meta property=\"article:publisher\" content=\"https:\/\/www.facebook.com\/Dutchmicrodosingxp\/\" \/>\n<meta property=\"article:modified_time\" content=\"2025-02-20T13:20:48+00:00\" \/>\n<meta property=\"og:image\" content=\"https:\/\/dutchmicrodosing.com\/wp-content\/uploads\/2023\/11\/happycaps-brain-e-2019.jpg\" \/>\n\t<meta property=\"og:image:width\" content=\"700\" \/>\n\t<meta property=\"og:image:height\" content=\"700\" \/>\n\t<meta property=\"og:image:type\" content=\"image\/jpeg\" \/>\n<meta name=\"twitter:card\" content=\"summary_large_image\" \/>\n<script type=\"application\/ld+json\" class=\"yoast-schema-graph\">{\"@context\":\"https:\/\/schema.org\",\"@graph\":[{\"@type\":\"WebPage\",\"@id\":\"https:\/\/dutchmicrodosing.com\/fr\/boutique-de-sante\/supplements-pour-la-concentration\/cerveau-e\/\",\"url\":\"https:\/\/dutchmicrodosing.com\/fr\/boutique-de-sante\/supplements-pour-la-concentration\/cerveau-e\/\",\"name\":\"Cerveau-E - Dutchmicrodosing\",\"isPartOf\":{\"@id\":\"https:\/\/dutchmicrodosing.com\/fr\/#website\"},\"primaryImageOfPage\":{\"@id\":\"https:\/\/dutchmicrodosing.com\/fr\/boutique-de-sante\/supplements-pour-la-concentration\/cerveau-e\/#primaryimage\"},\"image\":{\"@id\":\"https:\/\/dutchmicrodosing.com\/fr\/boutique-de-sante\/supplements-pour-la-concentration\/cerveau-e\/#primaryimage\"},\"thumbnailUrl\":\"https:\/\/dutchmicrodosing.com\/wp-content\/uploads\/2023\/11\/happycaps-brain-e-2019.jpg\",\"datePublished\":\"2023-11-16T19:58:51+00:00\",\"dateModified\":\"2025-02-20T13:20:48+00:00\",\"description\":\"Les processus de concentration et de pens\u00e9e cr\u00e9ative sont tous soutenus par Brain-E Happy Caps. Ces g\u00e9lules \u00e0 base de plantes sont id\u00e9ales pour les longues s\u00e9ances d'\u00e9tude,\",\"breadcrumb\":{\"@id\":\"https:\/\/dutchmicrodosing.com\/fr\/boutique-de-sante\/supplements-pour-la-concentration\/cerveau-e\/#breadcrumb\"},\"inLanguage\":\"fr-FR\",\"potentialAction\":[{\"@type\":\"ReadAction\",\"target\":[\"https:\/\/dutchmicrodosing.com\/fr\/boutique-de-sante\/supplements-pour-la-concentration\/cerveau-e\/\"]}]},{\"@type\":\"ImageObject\",\"inLanguage\":\"fr-FR\",\"@id\":\"https:\/\/dutchmicrodosing.com\/fr\/boutique-de-sante\/supplements-pour-la-concentration\/cerveau-e\/#primaryimage\",\"url\":\"https:\/\/dutchmicrodosing.com\/wp-content\/uploads\/2023\/11\/happycaps-brain-e-2019.jpg\",\"contentUrl\":\"https:\/\/dutchmicrodosing.com\/wp-content\/uploads\/2023\/11\/happycaps-brain-e-2019.jpg\",\"width\":700,\"height\":700},{\"@type\":\"BreadcrumbList\",\"@id\":\"https:\/\/dutchmicrodosing.com\/fr\/boutique-de-sante\/supplements-pour-la-concentration\/cerveau-e\/#breadcrumb\",\"itemListElement\":[{\"@type\":\"ListItem\",\"position\":1,\"name\":\"Home\",\"item\":\"https:\/\/dutchmicrodosing.com\/fr\/\"},{\"@type\":\"ListItem\",\"position\":2,\"name\":\"Boutique\",\"item\":\"https:\/\/dutchmicrodosing.com\/fr\/boutique\/\"},{\"@type\":\"ListItem\",\"position\":3,\"name\":\"Cerveau-E\"}]},{\"@type\":\"WebSite\",\"@id\":\"https:\/\/dutchmicrodosing.com\/fr\/#website\",\"url\":\"https:\/\/dutchmicrodosing.com\/fr\/\",\"name\":\"Dutchmicrodosing\",\"description\":\"\",\"publisher\":{\"@id\":\"https:\/\/dutchmicrodosing.com\/fr\/#organization\"},\"potentialAction\":[{\"@type\":\"SearchAction\",\"target\":{\"@type\":\"EntryPoint\",\"urlTemplate\":\"https:\/\/dutchmicrodosing.com\/fr\/?s={search_term_string}\"},\"query-input\":{\"@type\":\"PropertyValueSpecification\",\"valueRequired\":true,\"valueName\":\"search_term_string\"}}],\"inLanguage\":\"fr-FR\"},{\"@type\":\"Organization\",\"@id\":\"https:\/\/dutchmicrodosing.com\/fr\/#organization\",\"name\":\"Dutchmicrodosing\",\"url\":\"https:\/\/dutchmicrodosing.com\/fr\/\",\"logo\":{\"@type\":\"ImageObject\",\"inLanguage\":\"fr-FR\",\"@id\":\"https:\/\/dutchmicrodosing.com\/fr\/#\/schema\/logo\/image\/\",\"url\":\"https:\/\/dutchmicrodosing.com\/wp-content\/uploads\/2021\/01\/microdosing-categorie-pic-nieuw.jpg\",\"contentUrl\":\"https:\/\/dutchmicrodosing.com\/wp-content\/uploads\/2021\/01\/microdosing-categorie-pic-nieuw.jpg\",\"width\":500,\"height\":500,\"caption\":\"Dutchmicrodosing\"},\"image\":{\"@id\":\"https:\/\/dutchmicrodosing.com\/fr\/#\/schema\/logo\/image\/\"},\"sameAs\":[\"https:\/\/www.facebook.com\/Dutchmicrodosingxp\/\",\"https:\/\/www.instagram.com\/dutchmicrodosing\/\"]}]}<\/script>\n<meta property=\"product:price:amount\" content=\"8.95\" \/>\n<meta property=\"product:price:currency\" content=\"EUR\" \/>\n<meta property=\"og:availability\" content=\"out of stock\" \/>\n<meta property=\"product:availability\" content=\"out of stock\" \/>\n<meta property=\"product:retailer_item_id\" content=\"8101712\" \/>\n<meta property=\"product:condition\" content=\"new\" \/>\n<!-- \/ Yoast SEO Premium plugin. -->","yoast_head_json":{"title":"Cerveau-E - Dutchmicrodosing","description":"Les processus de concentration et de pens\u00e9e cr\u00e9ative sont tous soutenus par Brain-E Happy Caps. Ces g\u00e9lules \u00e0 base de plantes sont id\u00e9ales pour les longues s\u00e9ances d'\u00e9tude,","robots":{"index":"index","follow":"follow","max-snippet":"max-snippet:-1","max-image-preview":"max-image-preview:large","max-video-preview":"max-video-preview:-1"},"canonical":"https:\/\/dutchmicrodosing.com\/fr\/boutique-de-sante\/supplements-pour-la-concentration\/cerveau-e\/","og_locale":"fr_FR","og_type":"article","og_title":"Cerveau-E","og_description":"Les processus de concentration et de pens\u00e9e cr\u00e9ative sont tous soutenus par Brain-E Happy Caps. Ces g\u00e9lules \u00e0 base de plantes sont id\u00e9ales pour les","og_url":"https:\/\/dutchmicrodosing.com\/fr\/boutique-de-sante\/supplements-pour-la-concentration\/cerveau-e\/","og_site_name":"Dutchmicrodosing","article_publisher":"https:\/\/www.facebook.com\/Dutchmicrodosingxp\/","article_modified_time":"2025-02-20T13:20:48+00:00","og_image":[{"width":700,"height":700,"url":"https:\/\/dutchmicrodosing.com\/wp-content\/uploads\/2023\/11\/happycaps-brain-e-2019.jpg","type":"image\/jpeg"}],"twitter_card":"summary_large_image","schema":{"@context":"https:\/\/schema.org","@graph":[{"@type":"WebPage","@id":"https:\/\/dutchmicrodosing.com\/fr\/boutique-de-sante\/supplements-pour-la-concentration\/cerveau-e\/","url":"https:\/\/dutchmicrodosing.com\/fr\/boutique-de-sante\/supplements-pour-la-concentration\/cerveau-e\/","name":"Cerveau-E - Dutchmicrodosing","isPartOf":{"@id":"https:\/\/dutchmicrodosing.com\/fr\/#website"},"primaryImageOfPage":{"@id":"https:\/\/dutchmicrodosing.com\/fr\/boutique-de-sante\/supplements-pour-la-concentration\/cerveau-e\/#primaryimage"},"image":{"@id":"https:\/\/dutchmicrodosing.com\/fr\/boutique-de-sante\/supplements-pour-la-concentration\/cerveau-e\/#primaryimage"},"thumbnailUrl":"https:\/\/dutchmicrodosing.com\/wp-content\/uploads\/2023\/11\/happycaps-brain-e-2019.jpg","datePublished":"2023-11-16T19:58:51+00:00","dateModified":"2025-02-20T13:20:48+00:00","description":"Les processus de concentration et de pens\u00e9e cr\u00e9ative sont tous soutenus par Brain-E Happy Caps. Ces g\u00e9lules \u00e0 base de plantes sont id\u00e9ales pour les longues s\u00e9ances d'\u00e9tude,","breadcrumb":{"@id":"https:\/\/dutchmicrodosing.com\/fr\/boutique-de-sante\/supplements-pour-la-concentration\/cerveau-e\/#breadcrumb"},"inLanguage":"fr-FR","potentialAction":[{"@type":"ReadAction","target":["https:\/\/dutchmicrodosing.com\/fr\/boutique-de-sante\/supplements-pour-la-concentration\/cerveau-e\/"]}]},{"@type":"ImageObject","inLanguage":"fr-FR","@id":"https:\/\/dutchmicrodosing.com\/fr\/boutique-de-sante\/supplements-pour-la-concentration\/cerveau-e\/#primaryimage","url":"https:\/\/dutchmicrodosing.com\/wp-content\/uploads\/2023\/11\/happycaps-brain-e-2019.jpg","contentUrl":"https:\/\/dutchmicrodosing.com\/wp-content\/uploads\/2023\/11\/happycaps-brain-e-2019.jpg","width":700,"height":700},{"@type":"BreadcrumbList","@id":"https:\/\/dutchmicrodosing.com\/fr\/boutique-de-sante\/supplements-pour-la-concentration\/cerveau-e\/#breadcrumb","itemListElement":[{"@type":"ListItem","position":1,"name":"Home","item":"https:\/\/dutchmicrodosing.com\/fr\/"},{"@type":"ListItem","position":2,"name":"Boutique","item":"https:\/\/dutchmicrodosing.com\/fr\/boutique\/"},{"@type":"ListItem","position":3,"name":"Cerveau-E"}]},{"@type":"WebSite","@id":"https:\/\/dutchmicrodosing.com\/fr\/#website","url":"https:\/\/dutchmicrodosing.com\/fr\/","name":"Dutchmicrodosing","description":"","publisher":{"@id":"https:\/\/dutchmicrodosing.com\/fr\/#organization"},"potentialAction":[{"@type":"SearchAction","target":{"@type":"EntryPoint","urlTemplate":"https:\/\/dutchmicrodosing.com\/fr\/?s={search_term_string}"},"query-input":{"@type":"PropertyValueSpecification","valueRequired":true,"valueName":"search_term_string"}}],"inLanguage":"fr-FR"},{"@type":"Organization","@id":"https:\/\/dutchmicrodosing.com\/fr\/#organization","name":"Dutchmicrodosing","url":"https:\/\/dutchmicrodosing.com\/fr\/","logo":{"@type":"ImageObject","inLanguage":"fr-FR","@id":"https:\/\/dutchmicrodosing.com\/fr\/#\/schema\/logo\/image\/","url":"https:\/\/dutchmicrodosing.com\/wp-content\/uploads\/2021\/01\/microdosing-categorie-pic-nieuw.jpg","contentUrl":"https:\/\/dutchmicrodosing.com\/wp-content\/uploads\/2021\/01\/microdosing-categorie-pic-nieuw.jpg","width":500,"height":500,"caption":"Dutchmicrodosing"},"image":{"@id":"https:\/\/dutchmicrodosing.com\/fr\/#\/schema\/logo\/image\/"},"sameAs":["https:\/\/www.facebook.com\/Dutchmicrodosingxp\/","https:\/\/www.instagram.com\/dutchmicrodosing\/"]}]},"product_price_amount":"8.95","product_price_currency":"EUR","og_availability":"out of stock","product_availability":"out of stock","product_retailer_item_id":"8101712","product_condition":"new"},"_links":{"self":[{"href":"https:\/\/dutchmicrodosing.com\/fr\/wp-json\/wp\/v2\/product\/32017","targetHints":{"allow":["GET"]}}],"collection":[{"href":"https:\/\/dutchmicrodosing.com\/fr\/wp-json\/wp\/v2\/product"}],"about":[{"href":"https:\/\/dutchmicrodosing.com\/fr\/wp-json\/wp\/v2\/types\/product"}],"replies":[{"embeddable":true,"href":"https:\/\/dutchmicrodosing.com\/fr\/wp-json\/wp\/v2\/comments?post=32017"}],"version-history":[{"count":0,"href":"https:\/\/dutchmicrodosing.com\/fr\/wp-json\/wp\/v2\/product\/32017\/revisions"}],"wp:featuredmedia":[{"embeddable":true,"href":"https:\/\/dutchmicrodosing.com\/fr\/wp-json\/wp\/v2\/media\/31616"}],"wp:attachment":[{"href":"https:\/\/dutchmicrodosing.com\/fr\/wp-json\/wp\/v2\/media?parent=32017"}],"wp:term":[{"taxonomy":"product_brand","embeddable":true,"href":"https:\/\/dutchmicrodosing.com\/fr\/wp-json\/wp\/v2\/product_brand?post=32017"},{"taxonomy":"product_cat","embeddable":true,"href":"https:\/\/dutchmicrodosing.com\/fr\/wp-json\/wp\/v2\/product_cat?post=32017"},{"taxonomy":"product_tag","embeddable":true,"href":"https:\/\/dutchmicrodosing.com\/fr\/wp-json\/wp\/v2\/product_tag?post=32017"}],"curies":[{"name":"wp","href":"https:\/\/api.w.org\/{rel}","templated":true}]}}