{"id":33047,"date":"2023-12-08T14:21:33","date_gmt":"2023-12-08T13:21:33","guid":{"rendered":"https:\/\/dutchmicrodosing.com\/shop\/non%20class\u00e9\/tremella-fuciformis-120-caps\/"},"modified":"2025-08-28T11:08:34","modified_gmt":"2025-08-28T09:08:34","slug":"tremella-fuciformis-120-caps","status":"publish","type":"product","link":"https:\/\/dutchmicrodosing.com\/fr\/champignons-medicinaux\/tremella-fuciformis-120-caps\/","title":{"rendered":"Tremella Fuciformis -120 Caps"},"content":{"rendered":"<p>Le <strong>Tremella Fuciformis<\/strong>, mieux connu sous le nom de \u00ab\u00a0champignon de l&rsquo;oreille argent\u00e9e\u00a0\u00bb, est un champignon appr\u00e9ci\u00e9 par la m\u00e9decine traditionnelle chinoise pour ses nombreux bienfaits pour la sant\u00e9. Ces avantages sont principalement dus \u00e0 la richesse en antioxydants et en polysaccharides, qui soutiennent le syst\u00e8me immunitaire et contribuent \u00e0 une peau saine et r\u00e9sistante.<\/p>\n<p>D\u00e9couverte \u00e0 l&rsquo;origine dans les r\u00e9gions tropicales, la popularit\u00e9 de Tremella Fuciformis s&rsquo;est accrue dans le monde entier, ce qui a conduit \u00e0 sa culture \u00e0 l&rsquo;\u00e9chelle mondiale. Ce champignon se retrouve dans divers produits, y compris des compl\u00e9ments alimentaires et des produits de soin, gr\u00e2ce \u00e0 ses excellentes propri\u00e9t\u00e9s hydratantes et \u00e0 sa capacit\u00e9 \u00e0 am\u00e9liorer l&rsquo;\u00e9lasticit\u00e9 de la peau. Tremella Fuciformis est donc un ingr\u00e9dient pr\u00e9cieux pour tous ceux qui s&rsquo;efforcent d&rsquo;adopter un mode de vie sain et de favoriser le bien-\u00eatre naturel.<\/p>\n<h3>Ingr\u00e9dients par g\u00e9lule v\u00e9g\u00e9talienne :<\/h3>\n<ul>\n<li>400 mg d&rsquo;extrait de Tremella Fuciformis biologique provenant \u00e0 100% du corps du fruit (champignon)<\/li>\n<li>Vitamine C : 15 mg<\/li>\n<li>Zinc : 10 mg<\/li>\n<li>Excipients : Citrate de magn\u00e9sium et dioxyde de silicium<\/li>\n<\/ul>\n<h3>Utilisation<\/h3>\n<p>Ne pas prendre plus d&rsquo;une g\u00e9lule deux fois par jour avec de l&rsquo;eau au cours d&rsquo;un repas.<\/p>\n<h3>Conseils de stockage<\/h3>\n<p>Conservez ce produit dans un endroit sombre et frais, tel qu&rsquo;un placard de cuisine, et hors de port\u00e9e des enfants.<\/p>\n<h3>Contenu<\/h3>\n<p>Tremella Fuciformis McMyco &#8211; 120 g\u00e9lules.<\/p>\n<h3>Note !<\/h3>\n<p>Consultez votre m\u00e9decin avant toute utilisation en cas de grossesse, d&rsquo;allaitement ou de probl\u00e8mes de sant\u00e9.<\/p>\n","protected":false},"excerpt":{"rendered":"<p>Le Tremella Fuciformis, mieux connu sous le nom de \u00ab\u00a0champignon de l&rsquo;oreille argent\u00e9e\u00a0\u00bb, est un champignon appr\u00e9ci\u00e9 par la m\u00e9decine traditionnelle chinoise pour ses nombreux bienfaits pour la sant\u00e9. Ces avantages sont principalement dus \u00e0 la richesse en antioxydants et en polysaccharides, qui soutiennent le syst\u00e8me immunitaire et contribuent \u00e0 une peau saine et r\u00e9sistante. [&hellip;]<\/p>\n","protected":false},"featured_media":33042,"comment_status":"closed","ping_status":"closed","template":"","meta":[],"product_brand":[],"product_cat":[129,290,291],"product_tag":[],"class_list":{"0":"post-33047","1":"product","2":"type-product","3":"status-publish","4":"has-post-thumbnail","6":"product_cat-champignons-medicinaux","7":"product_cat-supplements-energetiques","8":"product_cat-supplements-pour-le-systeme-immunitaire","10":"first","11":"outofstock","12":"taxable","13":"shipping-taxable","14":"purchasable","15":"product-type-simple"},"yoast_head":"<!-- This site is optimized with the Yoast SEO Premium plugin v26.4 (Yoast SEO v27.4) - https:\/\/yoast.com\/product\/yoast-seo-premium-wordpress\/ -->\n<title>Tremella Fuciformis -120 Caps - Dutchmicrodosing<\/title>\n<meta name=\"description\" content=\"Le Tremella Fuciformis, mieux connu sous le nom de &quot;Champignon de l&#039;oreille d&#039;argent&quot;, est un champignon appr\u00e9ci\u00e9 par la m\u00e9decine traditionnelle chinoise pour ses...\" \/>\n<meta name=\"robots\" content=\"index, follow, max-snippet:-1, max-image-preview:large, max-video-preview:-1\" \/>\n<link rel=\"canonical\" href=\"https:\/\/dutchmicrodosing.com\/fr\/champignons-medicinaux\/tremella-fuciformis-120-caps\/\" \/>\n<meta property=\"og:locale\" content=\"fr_FR\" \/>\n<meta property=\"og:type\" content=\"article\" \/>\n<meta property=\"og:title\" content=\"Tremella Fuciformis -120 Caps\" \/>\n<meta property=\"og:description\" content=\"Le Tremella Fuciformis, mieux connu sous le nom de &quot;champignon de l&#039;oreille argent\u00e9e&quot;, est un champignon appr\u00e9ci\u00e9 par la m\u00e9decine traditionnelle chinoise\" \/>\n<meta property=\"og:url\" content=\"https:\/\/dutchmicrodosing.com\/fr\/champignons-medicinaux\/tremella-fuciformis-120-caps\/\" \/>\n<meta property=\"og:site_name\" content=\"Dutchmicrodosing\" \/>\n<meta property=\"article:publisher\" content=\"https:\/\/www.facebook.com\/Dutchmicrodosingxp\/\" \/>\n<meta property=\"article:modified_time\" content=\"2025-08-28T09:08:34+00:00\" \/>\n<meta property=\"og:image\" content=\"https:\/\/dutchmicrodosing.com\/wp-content\/uploads\/2023\/12\/2023_Productfoto_Tremella-caps.jpg\" \/>\n\t<meta property=\"og:image:width\" content=\"1000\" \/>\n\t<meta property=\"og:image:height\" content=\"1000\" \/>\n\t<meta property=\"og:image:type\" content=\"image\/jpeg\" \/>\n<meta name=\"twitter:card\" content=\"summary_large_image\" \/>\n<script type=\"application\/ld+json\" class=\"yoast-schema-graph\">{\"@context\":\"https:\\\/\\\/schema.org\",\"@graph\":[{\"@type\":\"WebPage\",\"@id\":\"https:\\\/\\\/dutchmicrodosing.com\\\/fr\\\/champignons-medicinaux\\\/tremella-fuciformis-120-caps\\\/\",\"url\":\"https:\\\/\\\/dutchmicrodosing.com\\\/fr\\\/champignons-medicinaux\\\/tremella-fuciformis-120-caps\\\/\",\"name\":\"Tremella Fuciformis -120 Caps - Dutchmicrodosing\",\"isPartOf\":{\"@id\":\"https:\\\/\\\/dutchmicrodosing.com\\\/fr\\\/#website\"},\"primaryImageOfPage\":{\"@id\":\"https:\\\/\\\/dutchmicrodosing.com\\\/fr\\\/champignons-medicinaux\\\/tremella-fuciformis-120-caps\\\/#primaryimage\"},\"image\":{\"@id\":\"https:\\\/\\\/dutchmicrodosing.com\\\/fr\\\/champignons-medicinaux\\\/tremella-fuciformis-120-caps\\\/#primaryimage\"},\"thumbnailUrl\":\"https:\\\/\\\/dutchmicrodosing.com\\\/wp-content\\\/uploads\\\/2023\\\/12\\\/2023_Productfoto_Tremella-caps.jpg\",\"datePublished\":\"2023-12-08T13:21:33+00:00\",\"dateModified\":\"2025-08-28T09:08:34+00:00\",\"description\":\"Le Tremella Fuciformis, mieux connu sous le nom de \\\"Champignon de l'oreille d'argent\\\", est un champignon appr\u00e9ci\u00e9 par la m\u00e9decine traditionnelle chinoise pour ses...\",\"breadcrumb\":{\"@id\":\"https:\\\/\\\/dutchmicrodosing.com\\\/fr\\\/champignons-medicinaux\\\/tremella-fuciformis-120-caps\\\/#breadcrumb\"},\"inLanguage\":\"fr-FR\",\"potentialAction\":[{\"@type\":\"ReadAction\",\"target\":[\"https:\\\/\\\/dutchmicrodosing.com\\\/fr\\\/champignons-medicinaux\\\/tremella-fuciformis-120-caps\\\/\"]}]},{\"@type\":\"ImageObject\",\"inLanguage\":\"fr-FR\",\"@id\":\"https:\\\/\\\/dutchmicrodosing.com\\\/fr\\\/champignons-medicinaux\\\/tremella-fuciformis-120-caps\\\/#primaryimage\",\"url\":\"https:\\\/\\\/dutchmicrodosing.com\\\/wp-content\\\/uploads\\\/2023\\\/12\\\/2023_Productfoto_Tremella-caps.jpg\",\"contentUrl\":\"https:\\\/\\\/dutchmicrodosing.com\\\/wp-content\\\/uploads\\\/2023\\\/12\\\/2023_Productfoto_Tremella-caps.jpg\",\"width\":1000,\"height\":1000},{\"@type\":\"BreadcrumbList\",\"@id\":\"https:\\\/\\\/dutchmicrodosing.com\\\/fr\\\/champignons-medicinaux\\\/tremella-fuciformis-120-caps\\\/#breadcrumb\",\"itemListElement\":[{\"@type\":\"ListItem\",\"position\":1,\"name\":\"Home\",\"item\":\"https:\\\/\\\/dutchmicrodosing.com\\\/fr\\\/\"},{\"@type\":\"ListItem\",\"position\":2,\"name\":\"Boutique\",\"item\":\"https:\\\/\\\/dutchmicrodosing.com\\\/fr\\\/boutique\\\/\"},{\"@type\":\"ListItem\",\"position\":3,\"name\":\"Tremella Fuciformis -120 Caps\"}]},{\"@type\":\"WebSite\",\"@id\":\"https:\\\/\\\/dutchmicrodosing.com\\\/fr\\\/#website\",\"url\":\"https:\\\/\\\/dutchmicrodosing.com\\\/fr\\\/\",\"name\":\"Dutchmicrodosing\",\"description\":\"\",\"publisher\":{\"@id\":\"https:\\\/\\\/dutchmicrodosing.com\\\/fr\\\/#organization\"},\"potentialAction\":[{\"@type\":\"SearchAction\",\"target\":{\"@type\":\"EntryPoint\",\"urlTemplate\":\"https:\\\/\\\/dutchmicrodosing.com\\\/fr\\\/?s={search_term_string}\"},\"query-input\":{\"@type\":\"PropertyValueSpecification\",\"valueRequired\":true,\"valueName\":\"search_term_string\"}}],\"inLanguage\":\"fr-FR\"},{\"@type\":\"Organization\",\"@id\":\"https:\\\/\\\/dutchmicrodosing.com\\\/fr\\\/#organization\",\"name\":\"Dutchmicrodosing\",\"url\":\"https:\\\/\\\/dutchmicrodosing.com\\\/fr\\\/\",\"logo\":{\"@type\":\"ImageObject\",\"inLanguage\":\"fr-FR\",\"@id\":\"https:\\\/\\\/dutchmicrodosing.com\\\/fr\\\/#\\\/schema\\\/logo\\\/image\\\/\",\"url\":\"https:\\\/\\\/dutchmicrodosing.com\\\/wp-content\\\/uploads\\\/2021\\\/01\\\/microdosing-categorie-pic-nieuw.jpg\",\"contentUrl\":\"https:\\\/\\\/dutchmicrodosing.com\\\/wp-content\\\/uploads\\\/2021\\\/01\\\/microdosing-categorie-pic-nieuw.jpg\",\"width\":500,\"height\":500,\"caption\":\"Dutchmicrodosing\"},\"image\":{\"@id\":\"https:\\\/\\\/dutchmicrodosing.com\\\/fr\\\/#\\\/schema\\\/logo\\\/image\\\/\"},\"sameAs\":[\"https:\\\/\\\/www.facebook.com\\\/Dutchmicrodosingxp\\\/\",\"https:\\\/\\\/www.instagram.com\\\/dutchmicrodosing\\\/\"]}]}<\/script>\n<meta property=\"product:price:amount\" content=\"34.95\" \/>\n<meta property=\"product:price:currency\" content=\"EUR\" \/>\n<meta property=\"og:availability\" content=\"out of stock\" \/>\n<meta property=\"product:availability\" content=\"out of stock\" \/>\n<meta property=\"product:retailer_item_id\" content=\"3212292\" \/>\n<meta property=\"product:condition\" content=\"new\" \/>\n<!-- \/ Yoast SEO Premium plugin. -->","yoast_head_json":{"title":"Tremella Fuciformis -120 Caps - Dutchmicrodosing","description":"Le Tremella Fuciformis, mieux connu sous le nom de \"Champignon de l'oreille d'argent\", est un champignon appr\u00e9ci\u00e9 par la m\u00e9decine traditionnelle chinoise pour ses...","robots":{"index":"index","follow":"follow","max-snippet":"max-snippet:-1","max-image-preview":"max-image-preview:large","max-video-preview":"max-video-preview:-1"},"canonical":"https:\/\/dutchmicrodosing.com\/fr\/champignons-medicinaux\/tremella-fuciformis-120-caps\/","og_locale":"fr_FR","og_type":"article","og_title":"Tremella Fuciformis -120 Caps","og_description":"Le Tremella Fuciformis, mieux connu sous le nom de \"champignon de l'oreille argent\u00e9e\", est un champignon appr\u00e9ci\u00e9 par la m\u00e9decine traditionnelle chinoise","og_url":"https:\/\/dutchmicrodosing.com\/fr\/champignons-medicinaux\/tremella-fuciformis-120-caps\/","og_site_name":"Dutchmicrodosing","article_publisher":"https:\/\/www.facebook.com\/Dutchmicrodosingxp\/","article_modified_time":"2025-08-28T09:08:34+00:00","og_image":[{"width":1000,"height":1000,"url":"https:\/\/dutchmicrodosing.com\/wp-content\/uploads\/2023\/12\/2023_Productfoto_Tremella-caps.jpg","type":"image\/jpeg"}],"twitter_card":"summary_large_image","schema":{"@context":"https:\/\/schema.org","@graph":[{"@type":"WebPage","@id":"https:\/\/dutchmicrodosing.com\/fr\/champignons-medicinaux\/tremella-fuciformis-120-caps\/","url":"https:\/\/dutchmicrodosing.com\/fr\/champignons-medicinaux\/tremella-fuciformis-120-caps\/","name":"Tremella Fuciformis -120 Caps - Dutchmicrodosing","isPartOf":{"@id":"https:\/\/dutchmicrodosing.com\/fr\/#website"},"primaryImageOfPage":{"@id":"https:\/\/dutchmicrodosing.com\/fr\/champignons-medicinaux\/tremella-fuciformis-120-caps\/#primaryimage"},"image":{"@id":"https:\/\/dutchmicrodosing.com\/fr\/champignons-medicinaux\/tremella-fuciformis-120-caps\/#primaryimage"},"thumbnailUrl":"https:\/\/dutchmicrodosing.com\/wp-content\/uploads\/2023\/12\/2023_Productfoto_Tremella-caps.jpg","datePublished":"2023-12-08T13:21:33+00:00","dateModified":"2025-08-28T09:08:34+00:00","description":"Le Tremella Fuciformis, mieux connu sous le nom de \"Champignon de l'oreille d'argent\", est un champignon appr\u00e9ci\u00e9 par la m\u00e9decine traditionnelle chinoise pour ses...","breadcrumb":{"@id":"https:\/\/dutchmicrodosing.com\/fr\/champignons-medicinaux\/tremella-fuciformis-120-caps\/#breadcrumb"},"inLanguage":"fr-FR","potentialAction":[{"@type":"ReadAction","target":["https:\/\/dutchmicrodosing.com\/fr\/champignons-medicinaux\/tremella-fuciformis-120-caps\/"]}]},{"@type":"ImageObject","inLanguage":"fr-FR","@id":"https:\/\/dutchmicrodosing.com\/fr\/champignons-medicinaux\/tremella-fuciformis-120-caps\/#primaryimage","url":"https:\/\/dutchmicrodosing.com\/wp-content\/uploads\/2023\/12\/2023_Productfoto_Tremella-caps.jpg","contentUrl":"https:\/\/dutchmicrodosing.com\/wp-content\/uploads\/2023\/12\/2023_Productfoto_Tremella-caps.jpg","width":1000,"height":1000},{"@type":"BreadcrumbList","@id":"https:\/\/dutchmicrodosing.com\/fr\/champignons-medicinaux\/tremella-fuciformis-120-caps\/#breadcrumb","itemListElement":[{"@type":"ListItem","position":1,"name":"Home","item":"https:\/\/dutchmicrodosing.com\/fr\/"},{"@type":"ListItem","position":2,"name":"Boutique","item":"https:\/\/dutchmicrodosing.com\/fr\/boutique\/"},{"@type":"ListItem","position":3,"name":"Tremella Fuciformis -120 Caps"}]},{"@type":"WebSite","@id":"https:\/\/dutchmicrodosing.com\/fr\/#website","url":"https:\/\/dutchmicrodosing.com\/fr\/","name":"Dutchmicrodosing","description":"","publisher":{"@id":"https:\/\/dutchmicrodosing.com\/fr\/#organization"},"potentialAction":[{"@type":"SearchAction","target":{"@type":"EntryPoint","urlTemplate":"https:\/\/dutchmicrodosing.com\/fr\/?s={search_term_string}"},"query-input":{"@type":"PropertyValueSpecification","valueRequired":true,"valueName":"search_term_string"}}],"inLanguage":"fr-FR"},{"@type":"Organization","@id":"https:\/\/dutchmicrodosing.com\/fr\/#organization","name":"Dutchmicrodosing","url":"https:\/\/dutchmicrodosing.com\/fr\/","logo":{"@type":"ImageObject","inLanguage":"fr-FR","@id":"https:\/\/dutchmicrodosing.com\/fr\/#\/schema\/logo\/image\/","url":"https:\/\/dutchmicrodosing.com\/wp-content\/uploads\/2021\/01\/microdosing-categorie-pic-nieuw.jpg","contentUrl":"https:\/\/dutchmicrodosing.com\/wp-content\/uploads\/2021\/01\/microdosing-categorie-pic-nieuw.jpg","width":500,"height":500,"caption":"Dutchmicrodosing"},"image":{"@id":"https:\/\/dutchmicrodosing.com\/fr\/#\/schema\/logo\/image\/"},"sameAs":["https:\/\/www.facebook.com\/Dutchmicrodosingxp\/","https:\/\/www.instagram.com\/dutchmicrodosing\/"]}]},"product_price_amount":"34.95","product_price_currency":"EUR","og_availability":"out of stock","product_availability":"out of stock","product_retailer_item_id":"3212292","product_condition":"new"},"_links":{"self":[{"href":"https:\/\/dutchmicrodosing.com\/fr\/wp-json\/wp\/v2\/product\/33047","targetHints":{"allow":["GET"]}}],"collection":[{"href":"https:\/\/dutchmicrodosing.com\/fr\/wp-json\/wp\/v2\/product"}],"about":[{"href":"https:\/\/dutchmicrodosing.com\/fr\/wp-json\/wp\/v2\/types\/product"}],"replies":[{"embeddable":true,"href":"https:\/\/dutchmicrodosing.com\/fr\/wp-json\/wp\/v2\/comments?post=33047"}],"version-history":[{"count":0,"href":"https:\/\/dutchmicrodosing.com\/fr\/wp-json\/wp\/v2\/product\/33047\/revisions"}],"wp:featuredmedia":[{"embeddable":true,"href":"https:\/\/dutchmicrodosing.com\/fr\/wp-json\/wp\/v2\/media\/33042"}],"wp:attachment":[{"href":"https:\/\/dutchmicrodosing.com\/fr\/wp-json\/wp\/v2\/media?parent=33047"}],"wp:term":[{"taxonomy":"product_brand","embeddable":true,"href":"https:\/\/dutchmicrodosing.com\/fr\/wp-json\/wp\/v2\/product_brand?post=33047"},{"taxonomy":"product_cat","embeddable":true,"href":"https:\/\/dutchmicrodosing.com\/fr\/wp-json\/wp\/v2\/product_cat?post=33047"},{"taxonomy":"product_tag","embeddable":true,"href":"https:\/\/dutchmicrodosing.com\/fr\/wp-json\/wp\/v2\/product_tag?post=33047"}],"curies":[{"name":"wp","href":"https:\/\/api.w.org\/{rel}","templated":true}]}}