{"id":33204,"date":"2023-11-10T14:08:15","date_gmt":"2023-11-10T13:08:15","guid":{"rendered":"https:\/\/dutchmicrodosing.com\/shop\/non%20class\u00e9\/premium-full-spectrum-oil-20-10-ml\/"},"modified":"2025-11-06T09:57:39","modified_gmt":"2025-11-06T08:57:39","slug":"premium-full-spectrum-oil-20-10-ml","status":"publish","type":"product","link":"https:\/\/dutchmicrodosing.com\/fr\/boutique-de-sante\/cbd-et-supplements\/premium-full-spectrum-oil-20-10-ml\/","title":{"rendered":"Huile \u00e0 spectre complet Premium 20% &#8211; 10 ML"},"content":{"rendered":"<p>Dr Candy&rsquo;s <strong>High Quality Full Spectrum CBD oil 20%<\/strong> est un exemple fascinant de l&rsquo;approche de pointe dans le monde des produits CBD. Cette huile se distingue par sa composition complexe, qui va au-del\u00e0 du seul CBD. Voici quelques points cl\u00e9s qui rendent cette huile sp\u00e9ciale :<\/p>\n<ol>\n<li><strong>Diversit\u00e9 des cannabino\u00efdes<\/strong>: Outre le CBD, cette huile contient \u00e9galement d&rsquo;autres cannabino\u00efdes tels que le CBG, le CBN, le CBC et le CBDV. Chaque cannabino\u00efde poss\u00e8de des propri\u00e9t\u00e9s et des avantages uniques, et leur synergie avec le CBD peut accro\u00eetre l&rsquo;efficacit\u00e9 globale du produit.<\/li>\n<li><strong>Flavono\u00efdes et terp\u00e8nes<\/strong>: L&rsquo;huile contient des flavono\u00efdes, connus pour leurs propri\u00e9t\u00e9s antioxydantes, et des terp\u00e8nes, qui contribuent aux ar\u00f4mes et aux saveurs de l&rsquo;huile.<\/li>\n<li><strong>Base d&rsquo;huile MCT<\/strong>: Le choix de l&rsquo;huile MCT comme base est strat\u00e9gique. L&rsquo;huile MCT favorise l&rsquo;absorption du CBD et d&rsquo;autres cannabino\u00efdes et am\u00e9liore la dur\u00e9e de conservation et la stabilit\u00e9 du produit.<\/li>\n<li><strong>Processus d&rsquo;hivernage<\/strong>: ce processus, au cours duquel l&rsquo;huile est filtr\u00e9e \u00e0 froid, permet d&rsquo;\u00e9liminer les substances ind\u00e9sirables et d&rsquo;affiner l&rsquo;ar\u00f4me, ce qui donne une saveur de chanvre plus authentique.<\/li>\n<li><strong>Approche \u00e0 spectre complet<\/strong>: Contrairement aux huiles de CBD isol\u00e9es, qui ne contiennent que du CBD, l&rsquo;huile \u00e0 spectre complet offre une exp\u00e9rience plus compl\u00e8te en exploitant la synergie de toutes les substances pr\u00e9sentes.<\/li>\n<\/ol>\n<h3>Utiliser Dr. Candy Full Spectrum CBD oil 20% 10ml<\/h3>\n<ul>\n<li>Prendre 2 \u00e0 4 gouttes d&rsquo;huile de CBD deux fois par jour \u00e0 la fois<\/li>\n<li>Prendre l&rsquo;huile de CBD 20% Full spectrum 30 minutes avant ou 30 minutes apr\u00e8s un repas.<\/li>\n<\/ul>\n<h3>Y a-t-il du THC dans l&rsquo;huile CBD ?<\/h3>\n<p>Outre les cannabino\u00efdes et les terp\u00e8nes susmentionn\u00e9s, un tr\u00e8s faible pourcentage de THC subsiste au cours du processus de production. Ce chiffre est inf\u00e9rieur \u00e0 0,05 % et n&rsquo;est pas mesurable. Vous ne pouvez pas vous sentir en \u00e9tat d&rsquo;\u00e9bri\u00e9t\u00e9 et vous pouvez, bien s\u00fbr, participer au trafic.<\/p>\n<h3>Conseils de stockage<\/h3>\n<p>Conserver au frais, \u00e0 l&rsquo;abri de la lumi\u00e8re et de l&rsquo;humidit\u00e9 et hors de port\u00e9e des enfants.<\/p>\n<h3>Contenu<\/h3>\n<p>Dr Candy Full Spectrum CBD oil 20% &#8211; 10ML<\/p>\n","protected":false},"excerpt":{"rendered":"<p>Dr Candy&rsquo;s High Quality Full Spectrum CBD oil 20% est un exemple fascinant de l&rsquo;approche de pointe dans le monde des produits CBD. Cette huile se distingue par sa composition complexe, qui va au-del\u00e0 du seul CBD. Voici quelques points cl\u00e9s qui rendent cette huile sp\u00e9ciale : Diversit\u00e9 des cannabino\u00efdes: Outre le CBD, cette huile [&hellip;]<\/p>\n","protected":false},"featured_media":37546,"comment_status":"closed","ping_status":"closed","template":"","meta":[],"product_brand":[],"product_cat":[284],"product_tag":[],"class_list":{"0":"post-33204","1":"product","2":"type-product","3":"status-publish","4":"has-post-thumbnail","6":"product_cat-cbd-et-supplements","8":"first","9":"instock","10":"taxable","11":"shipping-taxable","12":"purchasable","13":"product-type-simple"},"yoast_head":"<!-- This site is optimized with the Yoast SEO Premium plugin v26.4 (Yoast SEO v27.4) - https:\/\/yoast.com\/product\/yoast-seo-premium-wordpress\/ -->\n<title>Huile \u00e0 spectre complet Premium 20% - 10 ML - Dutchmicrodosing<\/title>\n<meta name=\"description\" content=\"Dr Candy&#039;s High Quality Full Spectrum CBD oil 20% est un exemple fascinant de l&#039;approche de pointe dans le monde des produits CBD.\" \/>\n<meta name=\"robots\" content=\"index, follow, max-snippet:-1, max-image-preview:large, max-video-preview:-1\" \/>\n<link rel=\"canonical\" href=\"https:\/\/dutchmicrodosing.com\/fr\/boutique-de-sante\/cbd-et-supplements\/premium-full-spectrum-oil-20-10-ml\/\" \/>\n<meta property=\"og:locale\" content=\"fr_FR\" \/>\n<meta property=\"og:type\" content=\"article\" \/>\n<meta property=\"og:title\" content=\"Huile \u00e0 spectre complet Premium 20% - 10 ML\" \/>\n<meta property=\"og:description\" content=\"Dr Candy&#039;s High Quality Full Spectrum CBD oil 20% est un exemple fascinant de l&#039;approche de pointe dans le monde des produits CBD. Cette huile se\" \/>\n<meta property=\"og:url\" content=\"https:\/\/dutchmicrodosing.com\/fr\/boutique-de-sante\/cbd-et-supplements\/premium-full-spectrum-oil-20-10-ml\/\" \/>\n<meta property=\"og:site_name\" content=\"Dutchmicrodosing\" \/>\n<meta property=\"article:publisher\" content=\"https:\/\/www.facebook.com\/Dutchmicrodosingxp\/\" \/>\n<meta property=\"article:modified_time\" content=\"2025-11-06T08:57:39+00:00\" \/>\n<meta property=\"og:image\" content=\"https:\/\/dutchmicrodosing.com\/wp-content\/uploads\/2023\/11\/Drcandy_Premium_20.jpg\" \/>\n\t<meta property=\"og:image:width\" content=\"1000\" \/>\n\t<meta property=\"og:image:height\" content=\"1000\" \/>\n\t<meta property=\"og:image:type\" content=\"image\/jpeg\" \/>\n<meta name=\"twitter:card\" content=\"summary_large_image\" \/>\n<script type=\"application\/ld+json\" class=\"yoast-schema-graph\">{\"@context\":\"https:\\\/\\\/schema.org\",\"@graph\":[{\"@type\":\"WebPage\",\"@id\":\"https:\\\/\\\/dutchmicrodosing.com\\\/fr\\\/boutique-de-sante\\\/cbd-et-supplements\\\/premium-full-spectrum-oil-20-10-ml\\\/\",\"url\":\"https:\\\/\\\/dutchmicrodosing.com\\\/fr\\\/boutique-de-sante\\\/cbd-et-supplements\\\/premium-full-spectrum-oil-20-10-ml\\\/\",\"name\":\"Huile \u00e0 spectre complet Premium 20% - 10 ML - Dutchmicrodosing\",\"isPartOf\":{\"@id\":\"https:\\\/\\\/dutchmicrodosing.com\\\/fr\\\/#website\"},\"primaryImageOfPage\":{\"@id\":\"https:\\\/\\\/dutchmicrodosing.com\\\/fr\\\/boutique-de-sante\\\/cbd-et-supplements\\\/premium-full-spectrum-oil-20-10-ml\\\/#primaryimage\"},\"image\":{\"@id\":\"https:\\\/\\\/dutchmicrodosing.com\\\/fr\\\/boutique-de-sante\\\/cbd-et-supplements\\\/premium-full-spectrum-oil-20-10-ml\\\/#primaryimage\"},\"thumbnailUrl\":\"https:\\\/\\\/dutchmicrodosing.com\\\/wp-content\\\/uploads\\\/2023\\\/11\\\/Drcandy_Premium_20.jpg\",\"datePublished\":\"2023-11-10T13:08:15+00:00\",\"dateModified\":\"2025-11-06T08:57:39+00:00\",\"description\":\"Dr Candy's High Quality Full Spectrum CBD oil 20% est un exemple fascinant de l'approche de pointe dans le monde des produits CBD.\",\"breadcrumb\":{\"@id\":\"https:\\\/\\\/dutchmicrodosing.com\\\/fr\\\/boutique-de-sante\\\/cbd-et-supplements\\\/premium-full-spectrum-oil-20-10-ml\\\/#breadcrumb\"},\"inLanguage\":\"fr-FR\",\"potentialAction\":[{\"@type\":\"ReadAction\",\"target\":[\"https:\\\/\\\/dutchmicrodosing.com\\\/fr\\\/boutique-de-sante\\\/cbd-et-supplements\\\/premium-full-spectrum-oil-20-10-ml\\\/\"]}]},{\"@type\":\"ImageObject\",\"inLanguage\":\"fr-FR\",\"@id\":\"https:\\\/\\\/dutchmicrodosing.com\\\/fr\\\/boutique-de-sante\\\/cbd-et-supplements\\\/premium-full-spectrum-oil-20-10-ml\\\/#primaryimage\",\"url\":\"https:\\\/\\\/dutchmicrodosing.com\\\/wp-content\\\/uploads\\\/2023\\\/11\\\/Drcandy_Premium_20.jpg\",\"contentUrl\":\"https:\\\/\\\/dutchmicrodosing.com\\\/wp-content\\\/uploads\\\/2023\\\/11\\\/Drcandy_Premium_20.jpg\",\"width\":1000,\"height\":1000},{\"@type\":\"BreadcrumbList\",\"@id\":\"https:\\\/\\\/dutchmicrodosing.com\\\/fr\\\/boutique-de-sante\\\/cbd-et-supplements\\\/premium-full-spectrum-oil-20-10-ml\\\/#breadcrumb\",\"itemListElement\":[{\"@type\":\"ListItem\",\"position\":1,\"name\":\"Home\",\"item\":\"https:\\\/\\\/dutchmicrodosing.com\\\/fr\\\/\"},{\"@type\":\"ListItem\",\"position\":2,\"name\":\"Boutique\",\"item\":\"https:\\\/\\\/dutchmicrodosing.com\\\/fr\\\/boutique\\\/\"},{\"@type\":\"ListItem\",\"position\":3,\"name\":\"Huile \u00e0 spectre complet Premium 20% &#8211; 10 ML\"}]},{\"@type\":\"WebSite\",\"@id\":\"https:\\\/\\\/dutchmicrodosing.com\\\/fr\\\/#website\",\"url\":\"https:\\\/\\\/dutchmicrodosing.com\\\/fr\\\/\",\"name\":\"Dutchmicrodosing\",\"description\":\"\",\"publisher\":{\"@id\":\"https:\\\/\\\/dutchmicrodosing.com\\\/fr\\\/#organization\"},\"potentialAction\":[{\"@type\":\"SearchAction\",\"target\":{\"@type\":\"EntryPoint\",\"urlTemplate\":\"https:\\\/\\\/dutchmicrodosing.com\\\/fr\\\/?s={search_term_string}\"},\"query-input\":{\"@type\":\"PropertyValueSpecification\",\"valueRequired\":true,\"valueName\":\"search_term_string\"}}],\"inLanguage\":\"fr-FR\"},{\"@type\":\"Organization\",\"@id\":\"https:\\\/\\\/dutchmicrodosing.com\\\/fr\\\/#organization\",\"name\":\"Dutchmicrodosing\",\"url\":\"https:\\\/\\\/dutchmicrodosing.com\\\/fr\\\/\",\"logo\":{\"@type\":\"ImageObject\",\"inLanguage\":\"fr-FR\",\"@id\":\"https:\\\/\\\/dutchmicrodosing.com\\\/fr\\\/#\\\/schema\\\/logo\\\/image\\\/\",\"url\":\"https:\\\/\\\/dutchmicrodosing.com\\\/wp-content\\\/uploads\\\/2021\\\/01\\\/microdosing-categorie-pic-nieuw.jpg\",\"contentUrl\":\"https:\\\/\\\/dutchmicrodosing.com\\\/wp-content\\\/uploads\\\/2021\\\/01\\\/microdosing-categorie-pic-nieuw.jpg\",\"width\":500,\"height\":500,\"caption\":\"Dutchmicrodosing\"},\"image\":{\"@id\":\"https:\\\/\\\/dutchmicrodosing.com\\\/fr\\\/#\\\/schema\\\/logo\\\/image\\\/\"},\"sameAs\":[\"https:\\\/\\\/www.facebook.com\\\/Dutchmicrodosingxp\\\/\",\"https:\\\/\\\/www.instagram.com\\\/dutchmicrodosing\\\/\"]}]}<\/script>\n<meta property=\"product:price:amount\" content=\"34.95\" \/>\n<meta property=\"product:price:currency\" content=\"EUR\" \/>\n<meta property=\"og:availability\" content=\"instock\" \/>\n<meta property=\"product:availability\" content=\"instock\" \/>\n<meta property=\"product:retailer_item_id\" content=\"3211560\" \/>\n<meta property=\"product:condition\" content=\"new\" \/>\n<!-- \/ Yoast SEO Premium plugin. -->","yoast_head_json":{"title":"Huile \u00e0 spectre complet Premium 20% - 10 ML - Dutchmicrodosing","description":"Dr Candy's High Quality Full Spectrum CBD oil 20% est un exemple fascinant de l'approche de pointe dans le monde des produits CBD.","robots":{"index":"index","follow":"follow","max-snippet":"max-snippet:-1","max-image-preview":"max-image-preview:large","max-video-preview":"max-video-preview:-1"},"canonical":"https:\/\/dutchmicrodosing.com\/fr\/boutique-de-sante\/cbd-et-supplements\/premium-full-spectrum-oil-20-10-ml\/","og_locale":"fr_FR","og_type":"article","og_title":"Huile \u00e0 spectre complet Premium 20% - 10 ML","og_description":"Dr Candy's High Quality Full Spectrum CBD oil 20% est un exemple fascinant de l'approche de pointe dans le monde des produits CBD. Cette huile se","og_url":"https:\/\/dutchmicrodosing.com\/fr\/boutique-de-sante\/cbd-et-supplements\/premium-full-spectrum-oil-20-10-ml\/","og_site_name":"Dutchmicrodosing","article_publisher":"https:\/\/www.facebook.com\/Dutchmicrodosingxp\/","article_modified_time":"2025-11-06T08:57:39+00:00","og_image":[{"width":1000,"height":1000,"url":"https:\/\/dutchmicrodosing.com\/wp-content\/uploads\/2023\/11\/Drcandy_Premium_20.jpg","type":"image\/jpeg"}],"twitter_card":"summary_large_image","schema":{"@context":"https:\/\/schema.org","@graph":[{"@type":"WebPage","@id":"https:\/\/dutchmicrodosing.com\/fr\/boutique-de-sante\/cbd-et-supplements\/premium-full-spectrum-oil-20-10-ml\/","url":"https:\/\/dutchmicrodosing.com\/fr\/boutique-de-sante\/cbd-et-supplements\/premium-full-spectrum-oil-20-10-ml\/","name":"Huile \u00e0 spectre complet Premium 20% - 10 ML - Dutchmicrodosing","isPartOf":{"@id":"https:\/\/dutchmicrodosing.com\/fr\/#website"},"primaryImageOfPage":{"@id":"https:\/\/dutchmicrodosing.com\/fr\/boutique-de-sante\/cbd-et-supplements\/premium-full-spectrum-oil-20-10-ml\/#primaryimage"},"image":{"@id":"https:\/\/dutchmicrodosing.com\/fr\/boutique-de-sante\/cbd-et-supplements\/premium-full-spectrum-oil-20-10-ml\/#primaryimage"},"thumbnailUrl":"https:\/\/dutchmicrodosing.com\/wp-content\/uploads\/2023\/11\/Drcandy_Premium_20.jpg","datePublished":"2023-11-10T13:08:15+00:00","dateModified":"2025-11-06T08:57:39+00:00","description":"Dr Candy's High Quality Full Spectrum CBD oil 20% est un exemple fascinant de l'approche de pointe dans le monde des produits CBD.","breadcrumb":{"@id":"https:\/\/dutchmicrodosing.com\/fr\/boutique-de-sante\/cbd-et-supplements\/premium-full-spectrum-oil-20-10-ml\/#breadcrumb"},"inLanguage":"fr-FR","potentialAction":[{"@type":"ReadAction","target":["https:\/\/dutchmicrodosing.com\/fr\/boutique-de-sante\/cbd-et-supplements\/premium-full-spectrum-oil-20-10-ml\/"]}]},{"@type":"ImageObject","inLanguage":"fr-FR","@id":"https:\/\/dutchmicrodosing.com\/fr\/boutique-de-sante\/cbd-et-supplements\/premium-full-spectrum-oil-20-10-ml\/#primaryimage","url":"https:\/\/dutchmicrodosing.com\/wp-content\/uploads\/2023\/11\/Drcandy_Premium_20.jpg","contentUrl":"https:\/\/dutchmicrodosing.com\/wp-content\/uploads\/2023\/11\/Drcandy_Premium_20.jpg","width":1000,"height":1000},{"@type":"BreadcrumbList","@id":"https:\/\/dutchmicrodosing.com\/fr\/boutique-de-sante\/cbd-et-supplements\/premium-full-spectrum-oil-20-10-ml\/#breadcrumb","itemListElement":[{"@type":"ListItem","position":1,"name":"Home","item":"https:\/\/dutchmicrodosing.com\/fr\/"},{"@type":"ListItem","position":2,"name":"Boutique","item":"https:\/\/dutchmicrodosing.com\/fr\/boutique\/"},{"@type":"ListItem","position":3,"name":"Huile \u00e0 spectre complet Premium 20% &#8211; 10 ML"}]},{"@type":"WebSite","@id":"https:\/\/dutchmicrodosing.com\/fr\/#website","url":"https:\/\/dutchmicrodosing.com\/fr\/","name":"Dutchmicrodosing","description":"","publisher":{"@id":"https:\/\/dutchmicrodosing.com\/fr\/#organization"},"potentialAction":[{"@type":"SearchAction","target":{"@type":"EntryPoint","urlTemplate":"https:\/\/dutchmicrodosing.com\/fr\/?s={search_term_string}"},"query-input":{"@type":"PropertyValueSpecification","valueRequired":true,"valueName":"search_term_string"}}],"inLanguage":"fr-FR"},{"@type":"Organization","@id":"https:\/\/dutchmicrodosing.com\/fr\/#organization","name":"Dutchmicrodosing","url":"https:\/\/dutchmicrodosing.com\/fr\/","logo":{"@type":"ImageObject","inLanguage":"fr-FR","@id":"https:\/\/dutchmicrodosing.com\/fr\/#\/schema\/logo\/image\/","url":"https:\/\/dutchmicrodosing.com\/wp-content\/uploads\/2021\/01\/microdosing-categorie-pic-nieuw.jpg","contentUrl":"https:\/\/dutchmicrodosing.com\/wp-content\/uploads\/2021\/01\/microdosing-categorie-pic-nieuw.jpg","width":500,"height":500,"caption":"Dutchmicrodosing"},"image":{"@id":"https:\/\/dutchmicrodosing.com\/fr\/#\/schema\/logo\/image\/"},"sameAs":["https:\/\/www.facebook.com\/Dutchmicrodosingxp\/","https:\/\/www.instagram.com\/dutchmicrodosing\/"]}]},"product_price_amount":"34.95","product_price_currency":"EUR","og_availability":"instock","product_availability":"instock","product_retailer_item_id":"3211560","product_condition":"new"},"_links":{"self":[{"href":"https:\/\/dutchmicrodosing.com\/fr\/wp-json\/wp\/v2\/product\/33204","targetHints":{"allow":["GET"]}}],"collection":[{"href":"https:\/\/dutchmicrodosing.com\/fr\/wp-json\/wp\/v2\/product"}],"about":[{"href":"https:\/\/dutchmicrodosing.com\/fr\/wp-json\/wp\/v2\/types\/product"}],"replies":[{"embeddable":true,"href":"https:\/\/dutchmicrodosing.com\/fr\/wp-json\/wp\/v2\/comments?post=33204"}],"version-history":[{"count":0,"href":"https:\/\/dutchmicrodosing.com\/fr\/wp-json\/wp\/v2\/product\/33204\/revisions"}],"wp:featuredmedia":[{"embeddable":true,"href":"https:\/\/dutchmicrodosing.com\/fr\/wp-json\/wp\/v2\/media\/37546"}],"wp:attachment":[{"href":"https:\/\/dutchmicrodosing.com\/fr\/wp-json\/wp\/v2\/media?parent=33204"}],"wp:term":[{"taxonomy":"product_brand","embeddable":true,"href":"https:\/\/dutchmicrodosing.com\/fr\/wp-json\/wp\/v2\/product_brand?post=33204"},{"taxonomy":"product_cat","embeddable":true,"href":"https:\/\/dutchmicrodosing.com\/fr\/wp-json\/wp\/v2\/product_cat?post=33204"},{"taxonomy":"product_tag","embeddable":true,"href":"https:\/\/dutchmicrodosing.com\/fr\/wp-json\/wp\/v2\/product_tag?post=33204"}],"curies":[{"name":"wp","href":"https:\/\/api.w.org\/{rel}","templated":true}]}}