{"id":33256,"date":"2023-12-13T11:34:18","date_gmt":"2023-12-13T10:34:18","guid":{"rendered":"https:\/\/dutchmicrodosing.com\/shop\/non%20class\u00e9\/champignons-de-sucre-25-gr\/"},"modified":"2026-02-03T16:42:39","modified_gmt":"2026-02-03T15:42:39","slug":"champignons-de-sucre-25-gr","status":"publish","type":"product","link":"https:\/\/dutchmicrodosing.com\/fr\/truffes-a-la-psilocybine\/truffes-magiques\/champignons-de-sucre-25-gr\/","title":{"rendered":"Champignons de sucre 25 Gr"},"content":{"rendered":"<p>Bienvenue \u00e0 <strong>SugaShrooms<\/strong> \u00ab\u00a0Psilocybe Amanitea\u00a0\u00bb, un monde myst\u00e9rieux et s\u00e9duisant o\u00f9 chaque truffe magique ouvre la porte \u00e0 une aventure sans pr\u00e9c\u00e9dent. Entrez dans un paysage o\u00f9 les couleurs vibrantes dansent devant vos yeux, et o\u00f9 chaque nuance et chaque teinte racontent leur propre histoire. Dans le monde des SugaShrooms \u00ab\u00a0Psilocybe Amanitea\u00a0\u00bb, vos sens s&rsquo;\u00e9veillent et s&rsquo;amplifient, vous permettant de vivre une r\u00e9alit\u00e9 plus riche et plus intense que tout ce que vous avez connu auparavant.<\/p>\n<h2>Qu&rsquo;est-ce qui rend les Sugashrooms Truffles magiques ?<\/h2>\n<p>Les SugaShrooms Truffles sont des truffes magiques gr\u00e2ce \u00e0 leur principe actif, la psilocybine. C&rsquo;est ce qui provoque les hallucinations visuelles et les visions que l&rsquo;on a apr\u00e8s avoir mang\u00e9 les truffes magiques. La psilocybine est donc tr\u00e8s populaire, ce qui fait des truffes sugashrooms l&rsquo;une des truffes magiques les plus populaires aux Pays-Bas.<\/p>\n<h2>Comment utilisez-vous les SugaShrooms Truffles ?<\/h2>\n<p>La consommation de truffes de sugashrooms doit de pr\u00e9f\u00e9rence se faire par \u00e9tapes. Surtout lorsqu&rsquo;on l&rsquo;utilise pour la premi\u00e8re fois. Prenez donc d&rsquo;abord une demi-dose de truffes pour tester votre r\u00e9action. Vous constaterez qu&rsquo;apr\u00e8s environ 45 minutes, la substance active psilocine fait effet. \u00c0 ce moment-l\u00e0, vous d\u00e9cidez \u00e9galement si vous voulez manger plus de truffes ou si cela suffit pour un voyage visuel fort. Choisissez d&rsquo;utiliser les truffes dans un environnement calme et familier. Nous recommandons de toujours avoir un gardien de voyage \u00e0 proximit\u00e9. Les truffes se d\u00e9gustent mieux \u00e0 jeun. Pour un effet optimal, m\u00e2chez bien les truffes sugashrooms avant de les avaler. Vous pouvez \u00e9galement choisir d&rsquo;en faire du th\u00e9. Pour ce faire, placer les truffes hach\u00e9es dans de l&rsquo;eau chaude (65 degr\u00e9s) pendant 20 minutes et laisser infuser.<\/p>\n<h2>Conseils de conservation SugaShrooms Truffles<\/h2>\n<p>Si vous conservez les Sugashrooms Truffles au frais et au sec, vous pouvez souvent les garder pendant encore un mois. La temp\u00e9rature id\u00e9ale se situe entre 2 et 4 degr\u00e9s Celsius. Veillez \u00e0 v\u00e9rifier la date de p\u00e9remption indiqu\u00e9e sur l&#8217;emballage pour savoir combien de temps ils se conservent. Tenir ce produit hors de port\u00e9e des enfants.<\/p>\n<h2>Contenu SugaShrooms<\/h2>\n<p>McSmart SugaShrooms &#8211; 25 grammes<\/p>\n<h2>Achetez vos truffes en ligne chez Dutchmicrodosing<\/h2>\n<p>Ces truffes magiques sont disponibles en ligne. Lorsque vous le commandez, vous le recevez soigneusement et rapidement \u00e0 votre domicile. Vous pouvez acheter les champignons de Paris dans des bo\u00eetes de 25 grammes de truffes magiques. Toutes les truffes que nous fournissons sont fra\u00eeches et livr\u00e9es sous vide.<\/p>\n<h3>Avertissement sur le produit<\/h3>\n<ul>\n<li>N&rsquo;utilisez pas les truffes aux champignons si vous \u00eates de mauvaise humeur, d\u00e9prim\u00e9, psychotique ou si vous avez des probl\u00e8mes mentaux. Les truffes magiques ne conviennent pas aux mineurs ni aux femmes enceintes. Il n&rsquo;est pas non plus judicieux de conduire ou d&rsquo;utiliser des machines lourdes sous l&rsquo;influence de la psilocybine.<\/li>\n<li>Les truffes aux champignons ne doivent jamais \u00eatre utilis\u00e9es en association avec de l&rsquo;alcool ou d&rsquo;autres drogues (prescrites ou ill\u00e9gales). Commencez par une petite dose et assurez-vous que vous \u00eates \u00e0 l&rsquo;aise en compagnie et dans votre environnement.<\/li>\n<li>Toutes nos truffes Magic Mushroom sont fra\u00eechement emball\u00e9es. Vous devez les conserver au r\u00e9frig\u00e9rateur. Non ouverts, vous pouvez les conserver au r\u00e9frig\u00e9rateur pendant environ 2 mois. Une fois ouvertes, les truffes ne peuvent toutefois \u00eatre conserv\u00e9es que quelques jours.<\/li>\n<\/ul>\n<h2>Les truffes magiques contiennent les valeurs nutritionnelles suivantes pour 100 grammes :<\/h2>\n<ul>\n<li>\u00c9nergie 464,7 kJ<\/li>\n<li>\u00c9nergie 110,5 kcal<\/li>\n<li>Glucides 13,2 grammes<\/li>\n<li>Prot\u00e9ines 5,3 grammes<\/li>\n<li>Mati\u00e8res grasses 0,4 grammes<\/li>\n<li>Fibres alimentaires 16,7 grammes<\/li>\n<li>Sel ( NaCl ) 0,3 grammes<\/li>\n<li>Vitamine D 10,0 UI<\/li>\n<li>Sodium (Na) 13,6 mg<\/li>\n<li>Phosphore (P) 169,3 mg<\/li>\n<li>Potassium (K) 210,0 mg<\/li>\n<li>Calcium (Ca) 12,5 mg<\/li>\n<li>Fer (F) 0,7 mg<\/li>\n<\/ul>\n","protected":false},"excerpt":{"rendered":"<p>Bienvenue \u00e0 SugaShrooms \u00ab\u00a0Psilocybe Amanitea\u00a0\u00bb, un monde myst\u00e9rieux et s\u00e9duisant o\u00f9 chaque truffe magique ouvre la porte \u00e0 une aventure sans pr\u00e9c\u00e9dent. Entrez dans un paysage o\u00f9 les couleurs vibrantes dansent devant vos yeux, et o\u00f9 chaque nuance et chaque teinte racontent leur propre histoire. Dans le monde des SugaShrooms \u00ab\u00a0Psilocybe Amanitea\u00a0\u00bb, vos sens s&rsquo;\u00e9veillent [&hellip;]<\/p>\n","protected":false},"featured_media":33247,"comment_status":"closed","ping_status":"closed","template":"","meta":[],"product_brand":[],"product_cat":[201],"product_tag":[],"class_list":{"0":"post-33256","1":"product","2":"type-product","3":"status-publish","4":"has-post-thumbnail","6":"product_cat-truffes-magiques","8":"first","9":"instock","10":"taxable","11":"shipping-taxable","12":"purchasable","13":"product-type-simple"},"yoast_head":"<!-- This site is optimized with the Yoast SEO Premium plugin v26.4 (Yoast SEO v27.4) - https:\/\/yoast.com\/product\/yoast-seo-premium-wordpress\/ -->\n<title>Champignons de sucre 25 Gr - Dutchmicrodosing<\/title>\n<meta name=\"description\" content=\"Bienvenue \u00e0 SugaShrooms &quot;Psilocybe Amanitea&quot;, un monde myst\u00e9rieux et s\u00e9duisant o\u00f9 chaque truffe magique ouvre la porte \u00e0 une aventure sans pr\u00e9c\u00e9dent....\" \/>\n<meta name=\"robots\" content=\"index, follow, max-snippet:-1, max-image-preview:large, max-video-preview:-1\" \/>\n<link rel=\"canonical\" href=\"https:\/\/dutchmicrodosing.com\/fr\/truffes-a-la-psilocybine\/truffes-magiques\/champignons-de-sucre-25-gr\/\" \/>\n<meta property=\"og:locale\" content=\"fr_FR\" \/>\n<meta property=\"og:type\" content=\"article\" \/>\n<meta property=\"og:title\" content=\"Champignons de sucre 25 Gr\" \/>\n<meta property=\"og:description\" content=\"Bienvenue \u00e0 SugaShrooms &quot;Psilocybe Amanitea&quot;, un monde myst\u00e9rieux et s\u00e9duisant o\u00f9 chaque truffe magique ouvre la porte \u00e0 une aventure sans pr\u00e9c\u00e9dent.\" \/>\n<meta property=\"og:url\" content=\"https:\/\/dutchmicrodosing.com\/fr\/truffes-a-la-psilocybine\/truffes-magiques\/champignons-de-sucre-25-gr\/\" \/>\n<meta property=\"og:site_name\" content=\"Dutchmicrodosing\" \/>\n<meta property=\"article:publisher\" content=\"https:\/\/www.facebook.com\/Dutchmicrodosingxp\/\" \/>\n<meta property=\"article:modified_time\" content=\"2026-02-03T15:42:39+00:00\" \/>\n<meta property=\"og:image\" content=\"https:\/\/dutchmicrodosing.com\/wp-content\/uploads\/2023\/12\/Sugashrooms_01.jpg\" \/>\n\t<meta property=\"og:image:width\" content=\"1000\" \/>\n\t<meta property=\"og:image:height\" content=\"1000\" \/>\n\t<meta property=\"og:image:type\" content=\"image\/jpeg\" \/>\n<meta name=\"twitter:card\" content=\"summary_large_image\" \/>\n<script type=\"application\/ld+json\" class=\"yoast-schema-graph\">{\"@context\":\"https:\\\/\\\/schema.org\",\"@graph\":[{\"@type\":\"WebPage\",\"@id\":\"https:\\\/\\\/dutchmicrodosing.com\\\/fr\\\/truffes-a-la-psilocybine\\\/truffes-magiques\\\/champignons-de-sucre-25-gr\\\/\",\"url\":\"https:\\\/\\\/dutchmicrodosing.com\\\/fr\\\/truffes-a-la-psilocybine\\\/truffes-magiques\\\/champignons-de-sucre-25-gr\\\/\",\"name\":\"Champignons de sucre 25 Gr - Dutchmicrodosing\",\"isPartOf\":{\"@id\":\"https:\\\/\\\/dutchmicrodosing.com\\\/fr\\\/#website\"},\"primaryImageOfPage\":{\"@id\":\"https:\\\/\\\/dutchmicrodosing.com\\\/fr\\\/truffes-a-la-psilocybine\\\/truffes-magiques\\\/champignons-de-sucre-25-gr\\\/#primaryimage\"},\"image\":{\"@id\":\"https:\\\/\\\/dutchmicrodosing.com\\\/fr\\\/truffes-a-la-psilocybine\\\/truffes-magiques\\\/champignons-de-sucre-25-gr\\\/#primaryimage\"},\"thumbnailUrl\":\"https:\\\/\\\/dutchmicrodosing.com\\\/wp-content\\\/uploads\\\/2023\\\/12\\\/Sugashrooms_01.jpg\",\"datePublished\":\"2023-12-13T10:34:18+00:00\",\"dateModified\":\"2026-02-03T15:42:39+00:00\",\"description\":\"Bienvenue \u00e0 SugaShrooms \\\"Psilocybe Amanitea\\\", un monde myst\u00e9rieux et s\u00e9duisant o\u00f9 chaque truffe magique ouvre la porte \u00e0 une aventure sans pr\u00e9c\u00e9dent....\",\"breadcrumb\":{\"@id\":\"https:\\\/\\\/dutchmicrodosing.com\\\/fr\\\/truffes-a-la-psilocybine\\\/truffes-magiques\\\/champignons-de-sucre-25-gr\\\/#breadcrumb\"},\"inLanguage\":\"fr-FR\",\"potentialAction\":[{\"@type\":\"ReadAction\",\"target\":[\"https:\\\/\\\/dutchmicrodosing.com\\\/fr\\\/truffes-a-la-psilocybine\\\/truffes-magiques\\\/champignons-de-sucre-25-gr\\\/\"]}]},{\"@type\":\"ImageObject\",\"inLanguage\":\"fr-FR\",\"@id\":\"https:\\\/\\\/dutchmicrodosing.com\\\/fr\\\/truffes-a-la-psilocybine\\\/truffes-magiques\\\/champignons-de-sucre-25-gr\\\/#primaryimage\",\"url\":\"https:\\\/\\\/dutchmicrodosing.com\\\/wp-content\\\/uploads\\\/2023\\\/12\\\/Sugashrooms_01.jpg\",\"contentUrl\":\"https:\\\/\\\/dutchmicrodosing.com\\\/wp-content\\\/uploads\\\/2023\\\/12\\\/Sugashrooms_01.jpg\",\"width\":1000,\"height\":1000},{\"@type\":\"BreadcrumbList\",\"@id\":\"https:\\\/\\\/dutchmicrodosing.com\\\/fr\\\/truffes-a-la-psilocybine\\\/truffes-magiques\\\/champignons-de-sucre-25-gr\\\/#breadcrumb\",\"itemListElement\":[{\"@type\":\"ListItem\",\"position\":1,\"name\":\"Home\",\"item\":\"https:\\\/\\\/dutchmicrodosing.com\\\/fr\\\/\"},{\"@type\":\"ListItem\",\"position\":2,\"name\":\"Boutique\",\"item\":\"https:\\\/\\\/dutchmicrodosing.com\\\/fr\\\/boutique\\\/\"},{\"@type\":\"ListItem\",\"position\":3,\"name\":\"Champignons de sucre 25 Gr\"}]},{\"@type\":\"WebSite\",\"@id\":\"https:\\\/\\\/dutchmicrodosing.com\\\/fr\\\/#website\",\"url\":\"https:\\\/\\\/dutchmicrodosing.com\\\/fr\\\/\",\"name\":\"Dutchmicrodosing\",\"description\":\"\",\"publisher\":{\"@id\":\"https:\\\/\\\/dutchmicrodosing.com\\\/fr\\\/#organization\"},\"potentialAction\":[{\"@type\":\"SearchAction\",\"target\":{\"@type\":\"EntryPoint\",\"urlTemplate\":\"https:\\\/\\\/dutchmicrodosing.com\\\/fr\\\/?s={search_term_string}\"},\"query-input\":{\"@type\":\"PropertyValueSpecification\",\"valueRequired\":true,\"valueName\":\"search_term_string\"}}],\"inLanguage\":\"fr-FR\"},{\"@type\":\"Organization\",\"@id\":\"https:\\\/\\\/dutchmicrodosing.com\\\/fr\\\/#organization\",\"name\":\"Dutchmicrodosing\",\"url\":\"https:\\\/\\\/dutchmicrodosing.com\\\/fr\\\/\",\"logo\":{\"@type\":\"ImageObject\",\"inLanguage\":\"fr-FR\",\"@id\":\"https:\\\/\\\/dutchmicrodosing.com\\\/fr\\\/#\\\/schema\\\/logo\\\/image\\\/\",\"url\":\"https:\\\/\\\/dutchmicrodosing.com\\\/wp-content\\\/uploads\\\/2021\\\/01\\\/microdosing-categorie-pic-nieuw.jpg\",\"contentUrl\":\"https:\\\/\\\/dutchmicrodosing.com\\\/wp-content\\\/uploads\\\/2021\\\/01\\\/microdosing-categorie-pic-nieuw.jpg\",\"width\":500,\"height\":500,\"caption\":\"Dutchmicrodosing\"},\"image\":{\"@id\":\"https:\\\/\\\/dutchmicrodosing.com\\\/fr\\\/#\\\/schema\\\/logo\\\/image\\\/\"},\"sameAs\":[\"https:\\\/\\\/www.facebook.com\\\/Dutchmicrodosingxp\\\/\",\"https:\\\/\\\/www.instagram.com\\\/dutchmicrodosing\\\/\"]}]}<\/script>\n<meta property=\"product:price:amount\" content=\"19.95\" \/>\n<meta property=\"product:price:currency\" content=\"EUR\" \/>\n<meta property=\"og:availability\" content=\"instock\" \/>\n<meta property=\"product:availability\" content=\"instock\" \/>\n<meta property=\"product:retailer_item_id\" content=\"3212466\" \/>\n<meta property=\"product:condition\" content=\"new\" \/>\n<!-- \/ Yoast SEO Premium plugin. -->","yoast_head_json":{"title":"Champignons de sucre 25 Gr - Dutchmicrodosing","description":"Bienvenue \u00e0 SugaShrooms \"Psilocybe Amanitea\", un monde myst\u00e9rieux et s\u00e9duisant o\u00f9 chaque truffe magique ouvre la porte \u00e0 une aventure sans pr\u00e9c\u00e9dent....","robots":{"index":"index","follow":"follow","max-snippet":"max-snippet:-1","max-image-preview":"max-image-preview:large","max-video-preview":"max-video-preview:-1"},"canonical":"https:\/\/dutchmicrodosing.com\/fr\/truffes-a-la-psilocybine\/truffes-magiques\/champignons-de-sucre-25-gr\/","og_locale":"fr_FR","og_type":"article","og_title":"Champignons de sucre 25 Gr","og_description":"Bienvenue \u00e0 SugaShrooms \"Psilocybe Amanitea\", un monde myst\u00e9rieux et s\u00e9duisant o\u00f9 chaque truffe magique ouvre la porte \u00e0 une aventure sans pr\u00e9c\u00e9dent.","og_url":"https:\/\/dutchmicrodosing.com\/fr\/truffes-a-la-psilocybine\/truffes-magiques\/champignons-de-sucre-25-gr\/","og_site_name":"Dutchmicrodosing","article_publisher":"https:\/\/www.facebook.com\/Dutchmicrodosingxp\/","article_modified_time":"2026-02-03T15:42:39+00:00","og_image":[{"width":1000,"height":1000,"url":"https:\/\/dutchmicrodosing.com\/wp-content\/uploads\/2023\/12\/Sugashrooms_01.jpg","type":"image\/jpeg"}],"twitter_card":"summary_large_image","schema":{"@context":"https:\/\/schema.org","@graph":[{"@type":"WebPage","@id":"https:\/\/dutchmicrodosing.com\/fr\/truffes-a-la-psilocybine\/truffes-magiques\/champignons-de-sucre-25-gr\/","url":"https:\/\/dutchmicrodosing.com\/fr\/truffes-a-la-psilocybine\/truffes-magiques\/champignons-de-sucre-25-gr\/","name":"Champignons de sucre 25 Gr - Dutchmicrodosing","isPartOf":{"@id":"https:\/\/dutchmicrodosing.com\/fr\/#website"},"primaryImageOfPage":{"@id":"https:\/\/dutchmicrodosing.com\/fr\/truffes-a-la-psilocybine\/truffes-magiques\/champignons-de-sucre-25-gr\/#primaryimage"},"image":{"@id":"https:\/\/dutchmicrodosing.com\/fr\/truffes-a-la-psilocybine\/truffes-magiques\/champignons-de-sucre-25-gr\/#primaryimage"},"thumbnailUrl":"https:\/\/dutchmicrodosing.com\/wp-content\/uploads\/2023\/12\/Sugashrooms_01.jpg","datePublished":"2023-12-13T10:34:18+00:00","dateModified":"2026-02-03T15:42:39+00:00","description":"Bienvenue \u00e0 SugaShrooms \"Psilocybe Amanitea\", un monde myst\u00e9rieux et s\u00e9duisant o\u00f9 chaque truffe magique ouvre la porte \u00e0 une aventure sans pr\u00e9c\u00e9dent....","breadcrumb":{"@id":"https:\/\/dutchmicrodosing.com\/fr\/truffes-a-la-psilocybine\/truffes-magiques\/champignons-de-sucre-25-gr\/#breadcrumb"},"inLanguage":"fr-FR","potentialAction":[{"@type":"ReadAction","target":["https:\/\/dutchmicrodosing.com\/fr\/truffes-a-la-psilocybine\/truffes-magiques\/champignons-de-sucre-25-gr\/"]}]},{"@type":"ImageObject","inLanguage":"fr-FR","@id":"https:\/\/dutchmicrodosing.com\/fr\/truffes-a-la-psilocybine\/truffes-magiques\/champignons-de-sucre-25-gr\/#primaryimage","url":"https:\/\/dutchmicrodosing.com\/wp-content\/uploads\/2023\/12\/Sugashrooms_01.jpg","contentUrl":"https:\/\/dutchmicrodosing.com\/wp-content\/uploads\/2023\/12\/Sugashrooms_01.jpg","width":1000,"height":1000},{"@type":"BreadcrumbList","@id":"https:\/\/dutchmicrodosing.com\/fr\/truffes-a-la-psilocybine\/truffes-magiques\/champignons-de-sucre-25-gr\/#breadcrumb","itemListElement":[{"@type":"ListItem","position":1,"name":"Home","item":"https:\/\/dutchmicrodosing.com\/fr\/"},{"@type":"ListItem","position":2,"name":"Boutique","item":"https:\/\/dutchmicrodosing.com\/fr\/boutique\/"},{"@type":"ListItem","position":3,"name":"Champignons de sucre 25 Gr"}]},{"@type":"WebSite","@id":"https:\/\/dutchmicrodosing.com\/fr\/#website","url":"https:\/\/dutchmicrodosing.com\/fr\/","name":"Dutchmicrodosing","description":"","publisher":{"@id":"https:\/\/dutchmicrodosing.com\/fr\/#organization"},"potentialAction":[{"@type":"SearchAction","target":{"@type":"EntryPoint","urlTemplate":"https:\/\/dutchmicrodosing.com\/fr\/?s={search_term_string}"},"query-input":{"@type":"PropertyValueSpecification","valueRequired":true,"valueName":"search_term_string"}}],"inLanguage":"fr-FR"},{"@type":"Organization","@id":"https:\/\/dutchmicrodosing.com\/fr\/#organization","name":"Dutchmicrodosing","url":"https:\/\/dutchmicrodosing.com\/fr\/","logo":{"@type":"ImageObject","inLanguage":"fr-FR","@id":"https:\/\/dutchmicrodosing.com\/fr\/#\/schema\/logo\/image\/","url":"https:\/\/dutchmicrodosing.com\/wp-content\/uploads\/2021\/01\/microdosing-categorie-pic-nieuw.jpg","contentUrl":"https:\/\/dutchmicrodosing.com\/wp-content\/uploads\/2021\/01\/microdosing-categorie-pic-nieuw.jpg","width":500,"height":500,"caption":"Dutchmicrodosing"},"image":{"@id":"https:\/\/dutchmicrodosing.com\/fr\/#\/schema\/logo\/image\/"},"sameAs":["https:\/\/www.facebook.com\/Dutchmicrodosingxp\/","https:\/\/www.instagram.com\/dutchmicrodosing\/"]}]},"product_price_amount":"19.95","product_price_currency":"EUR","og_availability":"instock","product_availability":"instock","product_retailer_item_id":"3212466","product_condition":"new"},"_links":{"self":[{"href":"https:\/\/dutchmicrodosing.com\/fr\/wp-json\/wp\/v2\/product\/33256","targetHints":{"allow":["GET"]}}],"collection":[{"href":"https:\/\/dutchmicrodosing.com\/fr\/wp-json\/wp\/v2\/product"}],"about":[{"href":"https:\/\/dutchmicrodosing.com\/fr\/wp-json\/wp\/v2\/types\/product"}],"replies":[{"embeddable":true,"href":"https:\/\/dutchmicrodosing.com\/fr\/wp-json\/wp\/v2\/comments?post=33256"}],"version-history":[{"count":1,"href":"https:\/\/dutchmicrodosing.com\/fr\/wp-json\/wp\/v2\/product\/33256\/revisions"}],"predecessor-version":[{"id":64303,"href":"https:\/\/dutchmicrodosing.com\/fr\/wp-json\/wp\/v2\/product\/33256\/revisions\/64303"}],"wp:featuredmedia":[{"embeddable":true,"href":"https:\/\/dutchmicrodosing.com\/fr\/wp-json\/wp\/v2\/media\/33247"}],"wp:attachment":[{"href":"https:\/\/dutchmicrodosing.com\/fr\/wp-json\/wp\/v2\/media?parent=33256"}],"wp:term":[{"taxonomy":"product_brand","embeddable":true,"href":"https:\/\/dutchmicrodosing.com\/fr\/wp-json\/wp\/v2\/product_brand?post=33256"},{"taxonomy":"product_cat","embeddable":true,"href":"https:\/\/dutchmicrodosing.com\/fr\/wp-json\/wp\/v2\/product_cat?post=33256"},{"taxonomy":"product_tag","embeddable":true,"href":"https:\/\/dutchmicrodosing.com\/fr\/wp-json\/wp\/v2\/product_tag?post=33256"}],"curies":[{"name":"wp","href":"https:\/\/api.w.org\/{rel}","templated":true}]}}