{"id":33372,"date":"2023-12-15T21:39:52","date_gmt":"2023-12-15T20:39:52","guid":{"rendered":"https:\/\/dutchmicrodosing.com\/shop\/non%20class\u00e9\/reishi-gummies-mixed\/"},"modified":"2025-08-19T16:28:41","modified_gmt":"2025-08-19T14:28:41","slug":"reishi-gummies-mixed","status":"publish","type":"product","link":"https:\/\/dutchmicrodosing.com\/fr\/boutique-de-sante\/comestibles-aux-champignons\/reishi-gummies-mixed\/","title":{"rendered":"Reishi Gummies &#8211; Mixte"},"content":{"rendered":"<p>Le concept des <strong>gommes au champignon Reishi<\/strong> de Dr Candy repr\u00e9sente une belle fusion entre la m\u00e9decine traditionnelle et les pr\u00e9f\u00e9rences gustatives modernes. En incluant 250 mg d&rsquo;extrait de Reishi dans chaque gomme, le seuil est abaiss\u00e9 pour que les gens d\u00e9couvrent et exp\u00e9rimentent les avantages pour la sant\u00e9 du Reishi, connu pour ses propri\u00e9t\u00e9s d&rsquo;am\u00e9lioration cognitive.<\/p>\n<p>La vari\u00e9t\u00e9 des ar\u00f4mes (myrtille, kiwi, fraise, cola et orange) dans un emballage mixte fait de ces gommes non seulement un choix sain, mais aussi une exp\u00e9rience attrayante et agr\u00e9able. Cela pourrait contribuer \u00e0 accro\u00eetre l&rsquo;int\u00e9r\u00eat pour les compl\u00e9ments de sant\u00e9 naturels, en particulier chez les personnes qui ne connaissent pas les champignons Reishi ou qui sont r\u00e9ticentes \u00e0 essayer les formes traditionnelles de compl\u00e9ments.<\/p>\n<p>Cette innovation illustre la mani\u00e8re dont les produits de sant\u00e9 traditionnels peuvent \u00eatre r\u00e9invent\u00e9s pour s&rsquo;adapter aux go\u00fbts et aux modes de vie contemporains, en promouvant la sant\u00e9 et le bien-\u00eatre d&rsquo;une mani\u00e8re accessible et agr\u00e9able. Il s&rsquo;agit d&rsquo;une strat\u00e9gie cr\u00e9ative qui rend les bienfaits du Reishi accessibles \u00e0 un public plus large, ce qui peut contribuer \u00e0 am\u00e9liorer le bien-\u00eatre g\u00e9n\u00e9ral.<\/p>\n<h3>Ingr\u00e9dients<\/h3>\n<ul>\n<li>Glucose<\/li>\n<li>Chaque gomme contient 250 mg d&rsquo;extrait de Reishi<\/li>\n<li>Sucre<\/li>\n<li>Ar\u00f4mes naturels (fraise, kiwi, cola, orange, myrtille)<\/li>\n<li>Teinture<\/li>\n<li>G\u00e9latine (b\u0153uf)<\/li>\n<li>Acide citrique<\/li>\n<\/ul>\n<h3>Utilisation<\/h3>\n<p>Ne prenez pas plus de 8 gommes aux champignons par jour.<\/p>\n<h3>Conseils de stockage<\/h3>\n<p>Conservez ce produit dans un endroit frais et sombre, tel qu&rsquo;un placard de cuisine, et hors de port\u00e9e des enfants.<\/p>\n<h3>Contenu<\/h3>\n<p>Gommes de champignons Reishi &#8211; 40 grammes.<\/p>\n","protected":false},"excerpt":{"rendered":"<p>Le concept des gommes au champignon Reishi de Dr Candy repr\u00e9sente une belle fusion entre la m\u00e9decine traditionnelle et les pr\u00e9f\u00e9rences gustatives modernes. En incluant 250 mg d&rsquo;extrait de Reishi dans chaque gomme, le seuil est abaiss\u00e9 pour que les gens d\u00e9couvrent et exp\u00e9rimentent les avantages pour la sant\u00e9 du Reishi, connu pour ses propri\u00e9t\u00e9s [&hellip;]<\/p>\n","protected":false},"featured_media":33359,"comment_status":"closed","ping_status":"closed","template":"","meta":[],"product_brand":[],"product_cat":[326],"product_tag":[],"class_list":{"0":"post-33372","1":"product","2":"type-product","3":"status-publish","4":"has-post-thumbnail","6":"product_cat-comestibles-aux-champignons","8":"first","9":"instock","10":"sale","11":"taxable","12":"shipping-taxable","13":"purchasable","14":"product-type-simple"},"yoast_head":"<!-- This site is optimized with the Yoast SEO Premium plugin v26.4 (Yoast SEO v27.2) - https:\/\/yoast.com\/product\/yoast-seo-premium-wordpress\/ -->\n<title>Reishi Gummies - Mixte - Dutchmicrodosing<\/title>\n<meta name=\"robots\" content=\"index, follow, max-snippet:-1, max-image-preview:large, max-video-preview:-1\" \/>\n<link rel=\"canonical\" href=\"https:\/\/dutchmicrodosing.com\/fr\/boutique-de-sante\/comestibles-aux-champignons\/reishi-gummies-mixed\/\" \/>\n<meta property=\"og:locale\" content=\"fr_FR\" \/>\n<meta property=\"og:type\" content=\"article\" \/>\n<meta property=\"og:title\" content=\"Reishi Gummies - Mixte\" \/>\n<meta property=\"og:description\" content=\"Le concept des gommes au champignon Reishi de Dr Candy repr\u00e9sente une belle fusion entre la m\u00e9decine traditionnelle et les pr\u00e9f\u00e9rences gustatives\" \/>\n<meta property=\"og:url\" content=\"https:\/\/dutchmicrodosing.com\/fr\/boutique-de-sante\/comestibles-aux-champignons\/reishi-gummies-mixed\/\" \/>\n<meta property=\"og:site_name\" content=\"Dutchmicrodosing\" \/>\n<meta property=\"article:publisher\" content=\"https:\/\/www.facebook.com\/Dutchmicrodosingxp\/\" \/>\n<meta property=\"article:modified_time\" content=\"2025-08-19T14:28:41+00:00\" \/>\n<meta property=\"og:image\" content=\"https:\/\/dutchmicrodosing.com\/wp-content\/uploads\/2023\/12\/Mushroom_Reisi_voorkant.jpg\" \/>\n\t<meta property=\"og:image:width\" content=\"1000\" \/>\n\t<meta property=\"og:image:height\" content=\"1000\" \/>\n\t<meta property=\"og:image:type\" content=\"image\/jpeg\" \/>\n<meta name=\"twitter:card\" content=\"summary_large_image\" \/>\n<script type=\"application\/ld+json\" class=\"yoast-schema-graph\">{\"@context\":\"https:\/\/schema.org\",\"@graph\":[{\"@type\":\"WebPage\",\"@id\":\"https:\/\/dutchmicrodosing.com\/fr\/boutique-de-sante\/comestibles-aux-champignons\/reishi-gummies-mixed\/\",\"url\":\"https:\/\/dutchmicrodosing.com\/fr\/boutique-de-sante\/comestibles-aux-champignons\/reishi-gummies-mixed\/\",\"name\":\"Reishi Gummies - Mixte - Dutchmicrodosing\",\"isPartOf\":{\"@id\":\"https:\/\/dutchmicrodosing.com\/fr\/#website\"},\"primaryImageOfPage\":{\"@id\":\"https:\/\/dutchmicrodosing.com\/fr\/boutique-de-sante\/comestibles-aux-champignons\/reishi-gummies-mixed\/#primaryimage\"},\"image\":{\"@id\":\"https:\/\/dutchmicrodosing.com\/fr\/boutique-de-sante\/comestibles-aux-champignons\/reishi-gummies-mixed\/#primaryimage\"},\"thumbnailUrl\":\"https:\/\/dutchmicrodosing.com\/wp-content\/uploads\/2023\/12\/Mushroom_Reisi_voorkant.jpg\",\"datePublished\":\"2023-12-15T20:39:52+00:00\",\"dateModified\":\"2025-08-19T14:28:41+00:00\",\"breadcrumb\":{\"@id\":\"https:\/\/dutchmicrodosing.com\/fr\/boutique-de-sante\/comestibles-aux-champignons\/reishi-gummies-mixed\/#breadcrumb\"},\"inLanguage\":\"fr-FR\",\"potentialAction\":[{\"@type\":\"ReadAction\",\"target\":[\"https:\/\/dutchmicrodosing.com\/fr\/boutique-de-sante\/comestibles-aux-champignons\/reishi-gummies-mixed\/\"]}]},{\"@type\":\"ImageObject\",\"inLanguage\":\"fr-FR\",\"@id\":\"https:\/\/dutchmicrodosing.com\/fr\/boutique-de-sante\/comestibles-aux-champignons\/reishi-gummies-mixed\/#primaryimage\",\"url\":\"https:\/\/dutchmicrodosing.com\/wp-content\/uploads\/2023\/12\/Mushroom_Reisi_voorkant.jpg\",\"contentUrl\":\"https:\/\/dutchmicrodosing.com\/wp-content\/uploads\/2023\/12\/Mushroom_Reisi_voorkant.jpg\",\"width\":1000,\"height\":1000},{\"@type\":\"BreadcrumbList\",\"@id\":\"https:\/\/dutchmicrodosing.com\/fr\/boutique-de-sante\/comestibles-aux-champignons\/reishi-gummies-mixed\/#breadcrumb\",\"itemListElement\":[{\"@type\":\"ListItem\",\"position\":1,\"name\":\"Home\",\"item\":\"https:\/\/dutchmicrodosing.com\/fr\/\"},{\"@type\":\"ListItem\",\"position\":2,\"name\":\"Boutique\",\"item\":\"https:\/\/dutchmicrodosing.com\/fr\/boutique\/\"},{\"@type\":\"ListItem\",\"position\":3,\"name\":\"Reishi Gummies &#8211; Mixte\"}]},{\"@type\":\"WebSite\",\"@id\":\"https:\/\/dutchmicrodosing.com\/fr\/#website\",\"url\":\"https:\/\/dutchmicrodosing.com\/fr\/\",\"name\":\"Dutchmicrodosing\",\"description\":\"\",\"publisher\":{\"@id\":\"https:\/\/dutchmicrodosing.com\/fr\/#organization\"},\"potentialAction\":[{\"@type\":\"SearchAction\",\"target\":{\"@type\":\"EntryPoint\",\"urlTemplate\":\"https:\/\/dutchmicrodosing.com\/fr\/?s={search_term_string}\"},\"query-input\":{\"@type\":\"PropertyValueSpecification\",\"valueRequired\":true,\"valueName\":\"search_term_string\"}}],\"inLanguage\":\"fr-FR\"},{\"@type\":\"Organization\",\"@id\":\"https:\/\/dutchmicrodosing.com\/fr\/#organization\",\"name\":\"Dutchmicrodosing\",\"url\":\"https:\/\/dutchmicrodosing.com\/fr\/\",\"logo\":{\"@type\":\"ImageObject\",\"inLanguage\":\"fr-FR\",\"@id\":\"https:\/\/dutchmicrodosing.com\/fr\/#\/schema\/logo\/image\/\",\"url\":\"https:\/\/dutchmicrodosing.com\/wp-content\/uploads\/2021\/01\/microdosing-categorie-pic-nieuw.jpg\",\"contentUrl\":\"https:\/\/dutchmicrodosing.com\/wp-content\/uploads\/2021\/01\/microdosing-categorie-pic-nieuw.jpg\",\"width\":500,\"height\":500,\"caption\":\"Dutchmicrodosing\"},\"image\":{\"@id\":\"https:\/\/dutchmicrodosing.com\/fr\/#\/schema\/logo\/image\/\"},\"sameAs\":[\"https:\/\/www.facebook.com\/Dutchmicrodosingxp\/\",\"https:\/\/www.instagram.com\/dutchmicrodosing\/\"]}]}<\/script>\n<meta property=\"product:price:amount\" content=\"7.96\" \/>\n<meta property=\"product:price:currency\" content=\"EUR\" \/>\n<meta property=\"og:availability\" content=\"instock\" \/>\n<meta property=\"product:availability\" content=\"instock\" \/>\n<meta property=\"product:retailer_item_id\" content=\"3212108\" \/>\n<meta property=\"product:condition\" content=\"new\" \/>\n<!-- \/ Yoast SEO Premium plugin. -->","yoast_head_json":{"title":"Reishi Gummies - Mixte - Dutchmicrodosing","robots":{"index":"index","follow":"follow","max-snippet":"max-snippet:-1","max-image-preview":"max-image-preview:large","max-video-preview":"max-video-preview:-1"},"canonical":"https:\/\/dutchmicrodosing.com\/fr\/boutique-de-sante\/comestibles-aux-champignons\/reishi-gummies-mixed\/","og_locale":"fr_FR","og_type":"article","og_title":"Reishi Gummies - Mixte","og_description":"Le concept des gommes au champignon Reishi de Dr Candy repr\u00e9sente une belle fusion entre la m\u00e9decine traditionnelle et les pr\u00e9f\u00e9rences gustatives","og_url":"https:\/\/dutchmicrodosing.com\/fr\/boutique-de-sante\/comestibles-aux-champignons\/reishi-gummies-mixed\/","og_site_name":"Dutchmicrodosing","article_publisher":"https:\/\/www.facebook.com\/Dutchmicrodosingxp\/","article_modified_time":"2025-08-19T14:28:41+00:00","og_image":[{"width":1000,"height":1000,"url":"https:\/\/dutchmicrodosing.com\/wp-content\/uploads\/2023\/12\/Mushroom_Reisi_voorkant.jpg","type":"image\/jpeg"}],"twitter_card":"summary_large_image","schema":{"@context":"https:\/\/schema.org","@graph":[{"@type":"WebPage","@id":"https:\/\/dutchmicrodosing.com\/fr\/boutique-de-sante\/comestibles-aux-champignons\/reishi-gummies-mixed\/","url":"https:\/\/dutchmicrodosing.com\/fr\/boutique-de-sante\/comestibles-aux-champignons\/reishi-gummies-mixed\/","name":"Reishi Gummies - Mixte - Dutchmicrodosing","isPartOf":{"@id":"https:\/\/dutchmicrodosing.com\/fr\/#website"},"primaryImageOfPage":{"@id":"https:\/\/dutchmicrodosing.com\/fr\/boutique-de-sante\/comestibles-aux-champignons\/reishi-gummies-mixed\/#primaryimage"},"image":{"@id":"https:\/\/dutchmicrodosing.com\/fr\/boutique-de-sante\/comestibles-aux-champignons\/reishi-gummies-mixed\/#primaryimage"},"thumbnailUrl":"https:\/\/dutchmicrodosing.com\/wp-content\/uploads\/2023\/12\/Mushroom_Reisi_voorkant.jpg","datePublished":"2023-12-15T20:39:52+00:00","dateModified":"2025-08-19T14:28:41+00:00","breadcrumb":{"@id":"https:\/\/dutchmicrodosing.com\/fr\/boutique-de-sante\/comestibles-aux-champignons\/reishi-gummies-mixed\/#breadcrumb"},"inLanguage":"fr-FR","potentialAction":[{"@type":"ReadAction","target":["https:\/\/dutchmicrodosing.com\/fr\/boutique-de-sante\/comestibles-aux-champignons\/reishi-gummies-mixed\/"]}]},{"@type":"ImageObject","inLanguage":"fr-FR","@id":"https:\/\/dutchmicrodosing.com\/fr\/boutique-de-sante\/comestibles-aux-champignons\/reishi-gummies-mixed\/#primaryimage","url":"https:\/\/dutchmicrodosing.com\/wp-content\/uploads\/2023\/12\/Mushroom_Reisi_voorkant.jpg","contentUrl":"https:\/\/dutchmicrodosing.com\/wp-content\/uploads\/2023\/12\/Mushroom_Reisi_voorkant.jpg","width":1000,"height":1000},{"@type":"BreadcrumbList","@id":"https:\/\/dutchmicrodosing.com\/fr\/boutique-de-sante\/comestibles-aux-champignons\/reishi-gummies-mixed\/#breadcrumb","itemListElement":[{"@type":"ListItem","position":1,"name":"Home","item":"https:\/\/dutchmicrodosing.com\/fr\/"},{"@type":"ListItem","position":2,"name":"Boutique","item":"https:\/\/dutchmicrodosing.com\/fr\/boutique\/"},{"@type":"ListItem","position":3,"name":"Reishi Gummies &#8211; Mixte"}]},{"@type":"WebSite","@id":"https:\/\/dutchmicrodosing.com\/fr\/#website","url":"https:\/\/dutchmicrodosing.com\/fr\/","name":"Dutchmicrodosing","description":"","publisher":{"@id":"https:\/\/dutchmicrodosing.com\/fr\/#organization"},"potentialAction":[{"@type":"SearchAction","target":{"@type":"EntryPoint","urlTemplate":"https:\/\/dutchmicrodosing.com\/fr\/?s={search_term_string}"},"query-input":{"@type":"PropertyValueSpecification","valueRequired":true,"valueName":"search_term_string"}}],"inLanguage":"fr-FR"},{"@type":"Organization","@id":"https:\/\/dutchmicrodosing.com\/fr\/#organization","name":"Dutchmicrodosing","url":"https:\/\/dutchmicrodosing.com\/fr\/","logo":{"@type":"ImageObject","inLanguage":"fr-FR","@id":"https:\/\/dutchmicrodosing.com\/fr\/#\/schema\/logo\/image\/","url":"https:\/\/dutchmicrodosing.com\/wp-content\/uploads\/2021\/01\/microdosing-categorie-pic-nieuw.jpg","contentUrl":"https:\/\/dutchmicrodosing.com\/wp-content\/uploads\/2021\/01\/microdosing-categorie-pic-nieuw.jpg","width":500,"height":500,"caption":"Dutchmicrodosing"},"image":{"@id":"https:\/\/dutchmicrodosing.com\/fr\/#\/schema\/logo\/image\/"},"sameAs":["https:\/\/www.facebook.com\/Dutchmicrodosingxp\/","https:\/\/www.instagram.com\/dutchmicrodosing\/"]}]},"product_price_amount":"7.96","product_price_currency":"EUR","og_availability":"instock","product_availability":"instock","product_retailer_item_id":"3212108","product_condition":"new"},"_links":{"self":[{"href":"https:\/\/dutchmicrodosing.com\/fr\/wp-json\/wp\/v2\/product\/33372","targetHints":{"allow":["GET"]}}],"collection":[{"href":"https:\/\/dutchmicrodosing.com\/fr\/wp-json\/wp\/v2\/product"}],"about":[{"href":"https:\/\/dutchmicrodosing.com\/fr\/wp-json\/wp\/v2\/types\/product"}],"replies":[{"embeddable":true,"href":"https:\/\/dutchmicrodosing.com\/fr\/wp-json\/wp\/v2\/comments?post=33372"}],"version-history":[{"count":0,"href":"https:\/\/dutchmicrodosing.com\/fr\/wp-json\/wp\/v2\/product\/33372\/revisions"}],"wp:featuredmedia":[{"embeddable":true,"href":"https:\/\/dutchmicrodosing.com\/fr\/wp-json\/wp\/v2\/media\/33359"}],"wp:attachment":[{"href":"https:\/\/dutchmicrodosing.com\/fr\/wp-json\/wp\/v2\/media?parent=33372"}],"wp:term":[{"taxonomy":"product_brand","embeddable":true,"href":"https:\/\/dutchmicrodosing.com\/fr\/wp-json\/wp\/v2\/product_brand?post=33372"},{"taxonomy":"product_cat","embeddable":true,"href":"https:\/\/dutchmicrodosing.com\/fr\/wp-json\/wp\/v2\/product_cat?post=33372"},{"taxonomy":"product_tag","embeddable":true,"href":"https:\/\/dutchmicrodosing.com\/fr\/wp-json\/wp\/v2\/product_tag?post=33372"}],"curies":[{"name":"wp","href":"https:\/\/api.w.org\/{rel}","templated":true}]}}