{"id":33738,"date":"2024-01-03T17:58:30","date_gmt":"2024-01-03T16:58:30","guid":{"rendered":"https:\/\/dutchmicrodosing.com\/shop\/non%20class\u00e9\/cbd-olie-aardbei-10-10ml-1000mg\/"},"modified":"2025-08-18T22:23:46","modified_gmt":"2025-08-18T20:23:46","slug":"cbd-olie-aardbei-10-10ml-1000mg","status":"publish","type":"product","link":"https:\/\/dutchmicrodosing.com\/fr\/boutique-de-sante\/cbd-et-supplements\/cbd-olie-aardbei-10-10ml-1000mg\/","title":{"rendered":"Huile CBD Fraise 10% &#8211; 10ML (1000MG)"},"content":{"rendered":"<p>Nous avons le plaisir de vous pr\u00e9senter l&rsquo;<strong>huile de CBD &lsquo;Strawberry&rsquo; 10% de Dr Candy<\/strong>, un produit de qualit\u00e9 exceptionnelle qui a \u00e9t\u00e9 soigneusement formul\u00e9 \u00e0 partir des meilleurs ingr\u00e9dients. Cette huile contient un extrait distill\u00e9 riche en une large gamme de petits cannabino\u00efdes. Pour un go\u00fbt agr\u00e9able, l&rsquo;huile est enrichie d&rsquo;huile MCT et de terp\u00e8nes naturels de fraise. L&rsquo;huile MCT est connue pour ses multiples bienfaits, notamment pour favoriser la perte de poids, fournir une \u00e9nergie instantan\u00e9e et soutenir les fonctions c\u00e9r\u00e9brales.<\/p>\n<h3>Ingr\u00e9dients<\/h3>\n<p>10% CBD, huile MCT et terp\u00e8nes naturels de fraise.<\/p>\n<h3>Utilisation<\/h3>\n<ul>\n<li>Mettre 2 gouttes sous la langue<\/li>\n<li>Maximum 10 gouttes<\/li>\n<li>Bien agiter avant utilisation<\/li>\n<li>Ne pas d\u00e9passer la dose journali\u00e8re recommand\u00e9e<\/li>\n<\/ul>\n<h3><strong>Conseils de stockage<\/strong><\/h3>\n<p>Conserver au frais, \u00e0 l&rsquo;abri de la lumi\u00e8re et de l&rsquo;humidit\u00e9 et hors de port\u00e9e des enfants.<\/p>\n<h3><strong>Contenu<\/strong><\/h3>\n<p>Dr Candy CBD Oil Fraise 10% &#8211; 10ML<\/p>\n","protected":false},"excerpt":{"rendered":"<p>Nous avons le plaisir de vous pr\u00e9senter l&rsquo;huile de CBD &lsquo;Strawberry&rsquo; 10% de Dr Candy, un produit de qualit\u00e9 exceptionnelle qui a \u00e9t\u00e9 soigneusement formul\u00e9 \u00e0 partir des meilleurs ingr\u00e9dients. Cette huile contient un extrait distill\u00e9 riche en une large gamme de petits cannabino\u00efdes. Pour un go\u00fbt agr\u00e9able, l&rsquo;huile est enrichie d&rsquo;huile MCT et de [&hellip;]<\/p>\n","protected":false},"featured_media":33733,"comment_status":"closed","ping_status":"closed","template":"","meta":[],"product_brand":[],"product_cat":[284],"product_tag":[],"class_list":{"0":"post-33738","1":"product","2":"type-product","3":"status-publish","4":"has-post-thumbnail","6":"product_cat-cbd-et-supplements","8":"first","9":"instock","10":"taxable","11":"shipping-taxable","12":"purchasable","13":"product-type-simple"},"yoast_head":"<!-- This site is optimized with the Yoast SEO Premium plugin v26.4 (Yoast SEO v27.4) - https:\/\/yoast.com\/product\/yoast-seo-premium-wordpress\/ -->\n<title>Huile CBD Fraise 10% - 10ML (1000MG) - Dutchmicrodosing<\/title>\n<meta name=\"description\" content=\"Nous avons le plaisir de vous pr\u00e9senter l&#039;huile de CBD &#039;Strawberry&#039; 10% de Dr Candy, un produit d&#039;une qualit\u00e9 exceptionnelle, cliquez ici pour plus d&#039;informations !\" \/>\n<meta name=\"robots\" content=\"index, follow, max-snippet:-1, max-image-preview:large, max-video-preview:-1\" \/>\n<link rel=\"canonical\" href=\"https:\/\/dutchmicrodosing.com\/fr\/boutique-de-sante\/cbd-et-supplements\/cbd-olie-aardbei-10-10ml-1000mg\/\" \/>\n<meta property=\"og:locale\" content=\"fr_FR\" \/>\n<meta property=\"og:type\" content=\"article\" \/>\n<meta property=\"og:title\" content=\"Huile CBD Fraise 10% - 10ML (1000MG)\" \/>\n<meta property=\"og:description\" content=\"Nous avons le plaisir de vous pr\u00e9senter l&#039;huile de CBD &#039;Strawberry&#039; 10% de Dr Candy, un produit de qualit\u00e9 exceptionnelle qui a \u00e9t\u00e9 soigneusement formul\u00e9\" \/>\n<meta property=\"og:url\" content=\"https:\/\/dutchmicrodosing.com\/fr\/boutique-de-sante\/cbd-et-supplements\/cbd-olie-aardbei-10-10ml-1000mg\/\" \/>\n<meta property=\"og:site_name\" content=\"Dutchmicrodosing\" \/>\n<meta property=\"article:publisher\" content=\"https:\/\/www.facebook.com\/Dutchmicrodosingxp\/\" \/>\n<meta property=\"article:modified_time\" content=\"2025-08-18T20:23:46+00:00\" \/>\n<meta property=\"og:image\" content=\"https:\/\/dutchmicrodosing.com\/wp-content\/uploads\/2024\/01\/Voorkant_strawberry-002-1.png\" \/>\n\t<meta property=\"og:image:width\" content=\"1000\" \/>\n\t<meta property=\"og:image:height\" content=\"1000\" \/>\n\t<meta property=\"og:image:type\" content=\"image\/png\" \/>\n<meta name=\"twitter:card\" content=\"summary_large_image\" \/>\n<script type=\"application\/ld+json\" class=\"yoast-schema-graph\">{\"@context\":\"https:\\\/\\\/schema.org\",\"@graph\":[{\"@type\":\"WebPage\",\"@id\":\"https:\\\/\\\/dutchmicrodosing.com\\\/fr\\\/boutique-de-sante\\\/cbd-et-supplements\\\/cbd-olie-aardbei-10-10ml-1000mg\\\/\",\"url\":\"https:\\\/\\\/dutchmicrodosing.com\\\/fr\\\/boutique-de-sante\\\/cbd-et-supplements\\\/cbd-olie-aardbei-10-10ml-1000mg\\\/\",\"name\":\"Huile CBD Fraise 10% - 10ML (1000MG) - Dutchmicrodosing\",\"isPartOf\":{\"@id\":\"https:\\\/\\\/dutchmicrodosing.com\\\/fr\\\/#website\"},\"primaryImageOfPage\":{\"@id\":\"https:\\\/\\\/dutchmicrodosing.com\\\/fr\\\/boutique-de-sante\\\/cbd-et-supplements\\\/cbd-olie-aardbei-10-10ml-1000mg\\\/#primaryimage\"},\"image\":{\"@id\":\"https:\\\/\\\/dutchmicrodosing.com\\\/fr\\\/boutique-de-sante\\\/cbd-et-supplements\\\/cbd-olie-aardbei-10-10ml-1000mg\\\/#primaryimage\"},\"thumbnailUrl\":\"https:\\\/\\\/dutchmicrodosing.com\\\/wp-content\\\/uploads\\\/2024\\\/01\\\/Voorkant_strawberry-002-1.png\",\"datePublished\":\"2024-01-03T16:58:30+00:00\",\"dateModified\":\"2025-08-18T20:23:46+00:00\",\"description\":\"Nous avons le plaisir de vous pr\u00e9senter l'huile de CBD 'Strawberry' 10% de Dr Candy, un produit d'une qualit\u00e9 exceptionnelle, cliquez ici pour plus d'informations !\",\"breadcrumb\":{\"@id\":\"https:\\\/\\\/dutchmicrodosing.com\\\/fr\\\/boutique-de-sante\\\/cbd-et-supplements\\\/cbd-olie-aardbei-10-10ml-1000mg\\\/#breadcrumb\"},\"inLanguage\":\"fr-FR\",\"potentialAction\":[{\"@type\":\"ReadAction\",\"target\":[\"https:\\\/\\\/dutchmicrodosing.com\\\/fr\\\/boutique-de-sante\\\/cbd-et-supplements\\\/cbd-olie-aardbei-10-10ml-1000mg\\\/\"]}]},{\"@type\":\"ImageObject\",\"inLanguage\":\"fr-FR\",\"@id\":\"https:\\\/\\\/dutchmicrodosing.com\\\/fr\\\/boutique-de-sante\\\/cbd-et-supplements\\\/cbd-olie-aardbei-10-10ml-1000mg\\\/#primaryimage\",\"url\":\"https:\\\/\\\/dutchmicrodosing.com\\\/wp-content\\\/uploads\\\/2024\\\/01\\\/Voorkant_strawberry-002-1.png\",\"contentUrl\":\"https:\\\/\\\/dutchmicrodosing.com\\\/wp-content\\\/uploads\\\/2024\\\/01\\\/Voorkant_strawberry-002-1.png\",\"width\":1000,\"height\":1000},{\"@type\":\"BreadcrumbList\",\"@id\":\"https:\\\/\\\/dutchmicrodosing.com\\\/fr\\\/boutique-de-sante\\\/cbd-et-supplements\\\/cbd-olie-aardbei-10-10ml-1000mg\\\/#breadcrumb\",\"itemListElement\":[{\"@type\":\"ListItem\",\"position\":1,\"name\":\"Home\",\"item\":\"https:\\\/\\\/dutchmicrodosing.com\\\/fr\\\/\"},{\"@type\":\"ListItem\",\"position\":2,\"name\":\"Boutique\",\"item\":\"https:\\\/\\\/dutchmicrodosing.com\\\/fr\\\/boutique\\\/\"},{\"@type\":\"ListItem\",\"position\":3,\"name\":\"Huile CBD Fraise 10% &#8211; 10ML (1000MG)\"}]},{\"@type\":\"WebSite\",\"@id\":\"https:\\\/\\\/dutchmicrodosing.com\\\/fr\\\/#website\",\"url\":\"https:\\\/\\\/dutchmicrodosing.com\\\/fr\\\/\",\"name\":\"Dutchmicrodosing\",\"description\":\"\",\"publisher\":{\"@id\":\"https:\\\/\\\/dutchmicrodosing.com\\\/fr\\\/#organization\"},\"potentialAction\":[{\"@type\":\"SearchAction\",\"target\":{\"@type\":\"EntryPoint\",\"urlTemplate\":\"https:\\\/\\\/dutchmicrodosing.com\\\/fr\\\/?s={search_term_string}\"},\"query-input\":{\"@type\":\"PropertyValueSpecification\",\"valueRequired\":true,\"valueName\":\"search_term_string\"}}],\"inLanguage\":\"fr-FR\"},{\"@type\":\"Organization\",\"@id\":\"https:\\\/\\\/dutchmicrodosing.com\\\/fr\\\/#organization\",\"name\":\"Dutchmicrodosing\",\"url\":\"https:\\\/\\\/dutchmicrodosing.com\\\/fr\\\/\",\"logo\":{\"@type\":\"ImageObject\",\"inLanguage\":\"fr-FR\",\"@id\":\"https:\\\/\\\/dutchmicrodosing.com\\\/fr\\\/#\\\/schema\\\/logo\\\/image\\\/\",\"url\":\"https:\\\/\\\/dutchmicrodosing.com\\\/wp-content\\\/uploads\\\/2021\\\/01\\\/microdosing-categorie-pic-nieuw.jpg\",\"contentUrl\":\"https:\\\/\\\/dutchmicrodosing.com\\\/wp-content\\\/uploads\\\/2021\\\/01\\\/microdosing-categorie-pic-nieuw.jpg\",\"width\":500,\"height\":500,\"caption\":\"Dutchmicrodosing\"},\"image\":{\"@id\":\"https:\\\/\\\/dutchmicrodosing.com\\\/fr\\\/#\\\/schema\\\/logo\\\/image\\\/\"},\"sameAs\":[\"https:\\\/\\\/www.facebook.com\\\/Dutchmicrodosingxp\\\/\",\"https:\\\/\\\/www.instagram.com\\\/dutchmicrodosing\\\/\"]}]}<\/script>\n<meta property=\"product:price:amount\" content=\"29.95\" \/>\n<meta property=\"product:price:currency\" content=\"EUR\" \/>\n<meta property=\"og:availability\" content=\"instock\" \/>\n<meta property=\"product:availability\" content=\"instock\" \/>\n<meta property=\"product:retailer_item_id\" content=\"3210107\" \/>\n<meta property=\"product:condition\" content=\"new\" \/>\n<!-- \/ Yoast SEO Premium plugin. -->","yoast_head_json":{"title":"Huile CBD Fraise 10% - 10ML (1000MG) - Dutchmicrodosing","description":"Nous avons le plaisir de vous pr\u00e9senter l'huile de CBD 'Strawberry' 10% de Dr Candy, un produit d'une qualit\u00e9 exceptionnelle, cliquez ici pour plus d'informations !","robots":{"index":"index","follow":"follow","max-snippet":"max-snippet:-1","max-image-preview":"max-image-preview:large","max-video-preview":"max-video-preview:-1"},"canonical":"https:\/\/dutchmicrodosing.com\/fr\/boutique-de-sante\/cbd-et-supplements\/cbd-olie-aardbei-10-10ml-1000mg\/","og_locale":"fr_FR","og_type":"article","og_title":"Huile CBD Fraise 10% - 10ML (1000MG)","og_description":"Nous avons le plaisir de vous pr\u00e9senter l'huile de CBD 'Strawberry' 10% de Dr Candy, un produit de qualit\u00e9 exceptionnelle qui a \u00e9t\u00e9 soigneusement formul\u00e9","og_url":"https:\/\/dutchmicrodosing.com\/fr\/boutique-de-sante\/cbd-et-supplements\/cbd-olie-aardbei-10-10ml-1000mg\/","og_site_name":"Dutchmicrodosing","article_publisher":"https:\/\/www.facebook.com\/Dutchmicrodosingxp\/","article_modified_time":"2025-08-18T20:23:46+00:00","og_image":[{"width":1000,"height":1000,"url":"https:\/\/dutchmicrodosing.com\/wp-content\/uploads\/2024\/01\/Voorkant_strawberry-002-1.png","type":"image\/png"}],"twitter_card":"summary_large_image","schema":{"@context":"https:\/\/schema.org","@graph":[{"@type":"WebPage","@id":"https:\/\/dutchmicrodosing.com\/fr\/boutique-de-sante\/cbd-et-supplements\/cbd-olie-aardbei-10-10ml-1000mg\/","url":"https:\/\/dutchmicrodosing.com\/fr\/boutique-de-sante\/cbd-et-supplements\/cbd-olie-aardbei-10-10ml-1000mg\/","name":"Huile CBD Fraise 10% - 10ML (1000MG) - Dutchmicrodosing","isPartOf":{"@id":"https:\/\/dutchmicrodosing.com\/fr\/#website"},"primaryImageOfPage":{"@id":"https:\/\/dutchmicrodosing.com\/fr\/boutique-de-sante\/cbd-et-supplements\/cbd-olie-aardbei-10-10ml-1000mg\/#primaryimage"},"image":{"@id":"https:\/\/dutchmicrodosing.com\/fr\/boutique-de-sante\/cbd-et-supplements\/cbd-olie-aardbei-10-10ml-1000mg\/#primaryimage"},"thumbnailUrl":"https:\/\/dutchmicrodosing.com\/wp-content\/uploads\/2024\/01\/Voorkant_strawberry-002-1.png","datePublished":"2024-01-03T16:58:30+00:00","dateModified":"2025-08-18T20:23:46+00:00","description":"Nous avons le plaisir de vous pr\u00e9senter l'huile de CBD 'Strawberry' 10% de Dr Candy, un produit d'une qualit\u00e9 exceptionnelle, cliquez ici pour plus d'informations !","breadcrumb":{"@id":"https:\/\/dutchmicrodosing.com\/fr\/boutique-de-sante\/cbd-et-supplements\/cbd-olie-aardbei-10-10ml-1000mg\/#breadcrumb"},"inLanguage":"fr-FR","potentialAction":[{"@type":"ReadAction","target":["https:\/\/dutchmicrodosing.com\/fr\/boutique-de-sante\/cbd-et-supplements\/cbd-olie-aardbei-10-10ml-1000mg\/"]}]},{"@type":"ImageObject","inLanguage":"fr-FR","@id":"https:\/\/dutchmicrodosing.com\/fr\/boutique-de-sante\/cbd-et-supplements\/cbd-olie-aardbei-10-10ml-1000mg\/#primaryimage","url":"https:\/\/dutchmicrodosing.com\/wp-content\/uploads\/2024\/01\/Voorkant_strawberry-002-1.png","contentUrl":"https:\/\/dutchmicrodosing.com\/wp-content\/uploads\/2024\/01\/Voorkant_strawberry-002-1.png","width":1000,"height":1000},{"@type":"BreadcrumbList","@id":"https:\/\/dutchmicrodosing.com\/fr\/boutique-de-sante\/cbd-et-supplements\/cbd-olie-aardbei-10-10ml-1000mg\/#breadcrumb","itemListElement":[{"@type":"ListItem","position":1,"name":"Home","item":"https:\/\/dutchmicrodosing.com\/fr\/"},{"@type":"ListItem","position":2,"name":"Boutique","item":"https:\/\/dutchmicrodosing.com\/fr\/boutique\/"},{"@type":"ListItem","position":3,"name":"Huile CBD Fraise 10% &#8211; 10ML (1000MG)"}]},{"@type":"WebSite","@id":"https:\/\/dutchmicrodosing.com\/fr\/#website","url":"https:\/\/dutchmicrodosing.com\/fr\/","name":"Dutchmicrodosing","description":"","publisher":{"@id":"https:\/\/dutchmicrodosing.com\/fr\/#organization"},"potentialAction":[{"@type":"SearchAction","target":{"@type":"EntryPoint","urlTemplate":"https:\/\/dutchmicrodosing.com\/fr\/?s={search_term_string}"},"query-input":{"@type":"PropertyValueSpecification","valueRequired":true,"valueName":"search_term_string"}}],"inLanguage":"fr-FR"},{"@type":"Organization","@id":"https:\/\/dutchmicrodosing.com\/fr\/#organization","name":"Dutchmicrodosing","url":"https:\/\/dutchmicrodosing.com\/fr\/","logo":{"@type":"ImageObject","inLanguage":"fr-FR","@id":"https:\/\/dutchmicrodosing.com\/fr\/#\/schema\/logo\/image\/","url":"https:\/\/dutchmicrodosing.com\/wp-content\/uploads\/2021\/01\/microdosing-categorie-pic-nieuw.jpg","contentUrl":"https:\/\/dutchmicrodosing.com\/wp-content\/uploads\/2021\/01\/microdosing-categorie-pic-nieuw.jpg","width":500,"height":500,"caption":"Dutchmicrodosing"},"image":{"@id":"https:\/\/dutchmicrodosing.com\/fr\/#\/schema\/logo\/image\/"},"sameAs":["https:\/\/www.facebook.com\/Dutchmicrodosingxp\/","https:\/\/www.instagram.com\/dutchmicrodosing\/"]}]},"product_price_amount":"29.95","product_price_currency":"EUR","og_availability":"instock","product_availability":"instock","product_retailer_item_id":"3210107","product_condition":"new"},"_links":{"self":[{"href":"https:\/\/dutchmicrodosing.com\/fr\/wp-json\/wp\/v2\/product\/33738","targetHints":{"allow":["GET"]}}],"collection":[{"href":"https:\/\/dutchmicrodosing.com\/fr\/wp-json\/wp\/v2\/product"}],"about":[{"href":"https:\/\/dutchmicrodosing.com\/fr\/wp-json\/wp\/v2\/types\/product"}],"replies":[{"embeddable":true,"href":"https:\/\/dutchmicrodosing.com\/fr\/wp-json\/wp\/v2\/comments?post=33738"}],"version-history":[{"count":0,"href":"https:\/\/dutchmicrodosing.com\/fr\/wp-json\/wp\/v2\/product\/33738\/revisions"}],"wp:featuredmedia":[{"embeddable":true,"href":"https:\/\/dutchmicrodosing.com\/fr\/wp-json\/wp\/v2\/media\/33733"}],"wp:attachment":[{"href":"https:\/\/dutchmicrodosing.com\/fr\/wp-json\/wp\/v2\/media?parent=33738"}],"wp:term":[{"taxonomy":"product_brand","embeddable":true,"href":"https:\/\/dutchmicrodosing.com\/fr\/wp-json\/wp\/v2\/product_brand?post=33738"},{"taxonomy":"product_cat","embeddable":true,"href":"https:\/\/dutchmicrodosing.com\/fr\/wp-json\/wp\/v2\/product_cat?post=33738"},{"taxonomy":"product_tag","embeddable":true,"href":"https:\/\/dutchmicrodosing.com\/fr\/wp-json\/wp\/v2\/product_tag?post=33738"}],"curies":[{"name":"wp","href":"https:\/\/api.w.org\/{rel}","templated":true}]}}