{"id":34030,"date":"2024-01-13T15:08:59","date_gmt":"2024-01-13T14:08:59","guid":{"rendered":"https:\/\/dutchmicrodosing.com\/shop\/non%20class\u00e9\/valeriane-elements-indiens-capsules\/"},"modified":"2025-08-22T11:57:42","modified_gmt":"2025-08-22T09:57:42","slug":"valeriane-elements-indiens-capsules","status":"publish","type":"product","link":"https:\/\/dutchmicrodosing.com\/fr\/boutique-de-sante\/supplements-pour-le-sommeil\/valeriane-elements-indiens-capsules\/","title":{"rendered":"Val\u00e9riane El\u00e9ments Indiens &#8211; G\u00e9lules"},"content":{"rendered":"<p>La <strong>val\u00e9riane<\/strong> est une plante \u00e0 l&rsquo;histoire riche et aux propri\u00e9t\u00e9s th\u00e9rapeutiques vari\u00e9es. Le nom est d\u00e9riv\u00e9 du latin \u00ab\u00a0valere\u00a0\u00bb, qui signifie \u00ab\u00a0\u00eatre en bonne sant\u00e9\u00a0\u00bb. Cela indique d\u00e9j\u00e0 depuis combien de temps cette plante est appr\u00e9ci\u00e9e pour ses qualit\u00e9s b\u00e9n\u00e9fiques pour la sant\u00e9. Depuis la p\u00e9riode anglo-saxonne, la val\u00e9riane est utilis\u00e9e pour calmer le syst\u00e8me nerveux, notamment en cas de surstimulation. Les Incas utilisaient m\u00eame la val\u00e9riane dans les huiles de massage, ce qui souligne sa polyvalence.<\/p>\n<p>La racine de la val\u00e9riane est connue pour ses effets calmants. Il est particuli\u00e8rement r\u00e9put\u00e9 pour sa capacit\u00e9 \u00e0 favoriser le sommeil et \u00e0 calmer le syst\u00e8me nerveux central. La val\u00e9riane est donc particuli\u00e8rement adapt\u00e9e aux p\u00e9riodes de stress ou de tension intense. C&rsquo;est un choix naturel pour les personnes souffrant de troubles tels que le TDAH ou pour celles qui sont constamment en mouvement et ont du mal \u00e0 se d\u00e9tendre.<\/p>\n<p>Un aspect important de la val\u00e9riane est qu&rsquo;elle ne cr\u00e9e pas d&rsquo;accoutumance, ce qui constitue un avantage significatif par rapport \u00e0 certains somnif\u00e8res ou s\u00e9datifs pharmaceutiques. En plus de favoriser le sommeil et la relaxation, la val\u00e9riane poss\u00e8de d&rsquo;autres propri\u00e9t\u00e9s m\u00e9dicinales. Par exemple, il est utilis\u00e9 pour soulager les maux de t\u00eate, l&rsquo;anxi\u00e9t\u00e9, la nervosit\u00e9 et m\u00eame l&rsquo;hypertension art\u00e9rielle.<\/p>\n<h3>Ingr\u00e9dients<\/h3>\n<p>Val\u00e9riane (Valeriana officinalis)<\/p>\n<h3>Effets<\/h3>\n<ul>\n<li>relaxant<\/li>\n<li>apaisement<\/li>\n<li>effet calmant sur le syst\u00e8me nerveux central<\/li>\n<li>am\u00e9liore l&rsquo;humeur et aide \u00e0 s&rsquo;endormir plus rapidement<\/li>\n<li>\u00c0 fortes doses, il donne la sensation de \u00ab\u00a0flotter dans l&rsquo;air<\/li>\n<\/ul>\n<h3>Utilisation<\/h3>\n<p>Prendre 1 g\u00e9lule par jour.<\/p>\n<h3>Conseils de stockage<\/h3>\n<p>Conservez ce produit dans un endroit sombre et frais, tel qu&rsquo;un placard de cuisine, et hors de port\u00e9e des enfants.<\/p>\n<h3>Contenu<\/h3>\n<p>Val\u00e9riane El\u00e9ments Indiens &#8211; 60 g\u00e9lules<\/p>\n<h3>Avertissement<\/h3>\n<p>Ne pas combiner avec des inhibiteurs de la MAO !<\/p>\n","protected":false},"excerpt":{"rendered":"<p>La val\u00e9riane est une plante \u00e0 l&rsquo;histoire riche et aux propri\u00e9t\u00e9s th\u00e9rapeutiques vari\u00e9es. Le nom est d\u00e9riv\u00e9 du latin \u00ab\u00a0valere\u00a0\u00bb, qui signifie \u00ab\u00a0\u00eatre en bonne sant\u00e9\u00a0\u00bb. Cela indique d\u00e9j\u00e0 depuis combien de temps cette plante est appr\u00e9ci\u00e9e pour ses qualit\u00e9s b\u00e9n\u00e9fiques pour la sant\u00e9. Depuis la p\u00e9riode anglo-saxonne, la val\u00e9riane est utilis\u00e9e pour calmer le [&hellip;]<\/p>\n","protected":false},"featured_media":34016,"comment_status":"closed","ping_status":"closed","template":"","meta":[],"product_brand":[],"product_cat":[307],"product_tag":[],"class_list":{"0":"post-34030","1":"product","2":"type-product","3":"status-publish","4":"has-post-thumbnail","6":"product_cat-supplements-pour-le-sommeil","8":"first","9":"instock","10":"taxable","11":"shipping-taxable","12":"purchasable","13":"product-type-simple"},"yoast_head":"<!-- This site is optimized with the Yoast SEO Premium plugin v26.4 (Yoast SEO v27.2) - https:\/\/yoast.com\/product\/yoast-seo-premium-wordpress\/ -->\n<title>Val\u00e9riane El\u00e9ments Indiens - G\u00e9lules - Dutchmicrodosing<\/title>\n<meta name=\"robots\" content=\"index, follow, max-snippet:-1, max-image-preview:large, max-video-preview:-1\" \/>\n<link rel=\"canonical\" href=\"https:\/\/dutchmicrodosing.com\/fr\/boutique-de-sante\/supplements-pour-le-sommeil\/valeriane-elements-indiens-capsules\/\" \/>\n<meta property=\"og:locale\" content=\"fr_FR\" \/>\n<meta property=\"og:type\" content=\"article\" \/>\n<meta property=\"og:title\" content=\"Val\u00e9riane El\u00e9ments Indiens - G\u00e9lules\" \/>\n<meta property=\"og:description\" content=\"La val\u00e9riane est une plante \u00e0 l&#039;histoire riche et aux propri\u00e9t\u00e9s th\u00e9rapeutiques vari\u00e9es. Le nom est d\u00e9riv\u00e9 du latin &quot;valere&quot;, qui signifie &quot;\u00eatre en bonne\" \/>\n<meta property=\"og:url\" content=\"https:\/\/dutchmicrodosing.com\/fr\/boutique-de-sante\/supplements-pour-le-sommeil\/valeriane-elements-indiens-capsules\/\" \/>\n<meta property=\"og:site_name\" content=\"Dutchmicrodosing\" \/>\n<meta property=\"article:publisher\" content=\"https:\/\/www.facebook.com\/Dutchmicrodosingxp\/\" \/>\n<meta property=\"article:modified_time\" content=\"2025-08-22T09:57:42+00:00\" \/>\n<meta property=\"og:image\" content=\"https:\/\/dutchmicrodosing.com\/wp-content\/uploads\/2024\/01\/\u2705-Indian-Elements-Valerian-smartific-8718274711912-002-390x390-1.jpg\" \/>\n\t<meta property=\"og:image:width\" content=\"390\" \/>\n\t<meta property=\"og:image:height\" content=\"390\" \/>\n\t<meta property=\"og:image:type\" content=\"image\/jpeg\" \/>\n<meta name=\"twitter:card\" content=\"summary_large_image\" \/>\n<script type=\"application\/ld+json\" class=\"yoast-schema-graph\">{\"@context\":\"https:\/\/schema.org\",\"@graph\":[{\"@type\":\"WebPage\",\"@id\":\"https:\/\/dutchmicrodosing.com\/fr\/boutique-de-sante\/supplements-pour-le-sommeil\/valeriane-elements-indiens-capsules\/\",\"url\":\"https:\/\/dutchmicrodosing.com\/fr\/boutique-de-sante\/supplements-pour-le-sommeil\/valeriane-elements-indiens-capsules\/\",\"name\":\"Val\u00e9riane El\u00e9ments Indiens - G\u00e9lules - Dutchmicrodosing\",\"isPartOf\":{\"@id\":\"https:\/\/dutchmicrodosing.com\/fr\/#website\"},\"primaryImageOfPage\":{\"@id\":\"https:\/\/dutchmicrodosing.com\/fr\/boutique-de-sante\/supplements-pour-le-sommeil\/valeriane-elements-indiens-capsules\/#primaryimage\"},\"image\":{\"@id\":\"https:\/\/dutchmicrodosing.com\/fr\/boutique-de-sante\/supplements-pour-le-sommeil\/valeriane-elements-indiens-capsules\/#primaryimage\"},\"thumbnailUrl\":\"https:\/\/dutchmicrodosing.com\/wp-content\/uploads\/2024\/01\/\u2705-Indian-Elements-Valerian-smartific-8718274711912-002-390x390-1.jpg\",\"datePublished\":\"2024-01-13T14:08:59+00:00\",\"dateModified\":\"2025-08-22T09:57:42+00:00\",\"breadcrumb\":{\"@id\":\"https:\/\/dutchmicrodosing.com\/fr\/boutique-de-sante\/supplements-pour-le-sommeil\/valeriane-elements-indiens-capsules\/#breadcrumb\"},\"inLanguage\":\"fr-FR\",\"potentialAction\":[{\"@type\":\"ReadAction\",\"target\":[\"https:\/\/dutchmicrodosing.com\/fr\/boutique-de-sante\/supplements-pour-le-sommeil\/valeriane-elements-indiens-capsules\/\"]}]},{\"@type\":\"ImageObject\",\"inLanguage\":\"fr-FR\",\"@id\":\"https:\/\/dutchmicrodosing.com\/fr\/boutique-de-sante\/supplements-pour-le-sommeil\/valeriane-elements-indiens-capsules\/#primaryimage\",\"url\":\"https:\/\/dutchmicrodosing.com\/wp-content\/uploads\/2024\/01\/\u2705-Indian-Elements-Valerian-smartific-8718274711912-002-390x390-1.jpg\",\"contentUrl\":\"https:\/\/dutchmicrodosing.com\/wp-content\/uploads\/2024\/01\/\u2705-Indian-Elements-Valerian-smartific-8718274711912-002-390x390-1.jpg\",\"width\":390,\"height\":390},{\"@type\":\"BreadcrumbList\",\"@id\":\"https:\/\/dutchmicrodosing.com\/fr\/boutique-de-sante\/supplements-pour-le-sommeil\/valeriane-elements-indiens-capsules\/#breadcrumb\",\"itemListElement\":[{\"@type\":\"ListItem\",\"position\":1,\"name\":\"Home\",\"item\":\"https:\/\/dutchmicrodosing.com\/fr\/\"},{\"@type\":\"ListItem\",\"position\":2,\"name\":\"Boutique\",\"item\":\"https:\/\/dutchmicrodosing.com\/fr\/boutique\/\"},{\"@type\":\"ListItem\",\"position\":3,\"name\":\"Val\u00e9riane El\u00e9ments Indiens &#8211; G\u00e9lules\"}]},{\"@type\":\"WebSite\",\"@id\":\"https:\/\/dutchmicrodosing.com\/fr\/#website\",\"url\":\"https:\/\/dutchmicrodosing.com\/fr\/\",\"name\":\"Dutchmicrodosing\",\"description\":\"\",\"publisher\":{\"@id\":\"https:\/\/dutchmicrodosing.com\/fr\/#organization\"},\"potentialAction\":[{\"@type\":\"SearchAction\",\"target\":{\"@type\":\"EntryPoint\",\"urlTemplate\":\"https:\/\/dutchmicrodosing.com\/fr\/?s={search_term_string}\"},\"query-input\":{\"@type\":\"PropertyValueSpecification\",\"valueRequired\":true,\"valueName\":\"search_term_string\"}}],\"inLanguage\":\"fr-FR\"},{\"@type\":\"Organization\",\"@id\":\"https:\/\/dutchmicrodosing.com\/fr\/#organization\",\"name\":\"Dutchmicrodosing\",\"url\":\"https:\/\/dutchmicrodosing.com\/fr\/\",\"logo\":{\"@type\":\"ImageObject\",\"inLanguage\":\"fr-FR\",\"@id\":\"https:\/\/dutchmicrodosing.com\/fr\/#\/schema\/logo\/image\/\",\"url\":\"https:\/\/dutchmicrodosing.com\/wp-content\/uploads\/2021\/01\/microdosing-categorie-pic-nieuw.jpg\",\"contentUrl\":\"https:\/\/dutchmicrodosing.com\/wp-content\/uploads\/2021\/01\/microdosing-categorie-pic-nieuw.jpg\",\"width\":500,\"height\":500,\"caption\":\"Dutchmicrodosing\"},\"image\":{\"@id\":\"https:\/\/dutchmicrodosing.com\/fr\/#\/schema\/logo\/image\/\"},\"sameAs\":[\"https:\/\/www.facebook.com\/Dutchmicrodosingxp\/\",\"https:\/\/www.instagram.com\/dutchmicrodosing\/\"]}]}<\/script>\n<meta property=\"product:price:amount\" content=\"12.95\" \/>\n<meta property=\"product:price:currency\" content=\"EUR\" \/>\n<meta property=\"og:availability\" content=\"instock\" \/>\n<meta property=\"product:availability\" content=\"instock\" \/>\n<meta property=\"product:retailer_item_id\" content=\"8101452\" \/>\n<meta property=\"product:condition\" content=\"new\" \/>\n<!-- \/ Yoast SEO Premium plugin. -->","yoast_head_json":{"title":"Val\u00e9riane El\u00e9ments Indiens - G\u00e9lules - Dutchmicrodosing","robots":{"index":"index","follow":"follow","max-snippet":"max-snippet:-1","max-image-preview":"max-image-preview:large","max-video-preview":"max-video-preview:-1"},"canonical":"https:\/\/dutchmicrodosing.com\/fr\/boutique-de-sante\/supplements-pour-le-sommeil\/valeriane-elements-indiens-capsules\/","og_locale":"fr_FR","og_type":"article","og_title":"Val\u00e9riane El\u00e9ments Indiens - G\u00e9lules","og_description":"La val\u00e9riane est une plante \u00e0 l'histoire riche et aux propri\u00e9t\u00e9s th\u00e9rapeutiques vari\u00e9es. Le nom est d\u00e9riv\u00e9 du latin \"valere\", qui signifie \"\u00eatre en bonne","og_url":"https:\/\/dutchmicrodosing.com\/fr\/boutique-de-sante\/supplements-pour-le-sommeil\/valeriane-elements-indiens-capsules\/","og_site_name":"Dutchmicrodosing","article_publisher":"https:\/\/www.facebook.com\/Dutchmicrodosingxp\/","article_modified_time":"2025-08-22T09:57:42+00:00","og_image":[{"width":390,"height":390,"url":"https:\/\/dutchmicrodosing.com\/wp-content\/uploads\/2024\/01\/\u2705-Indian-Elements-Valerian-smartific-8718274711912-002-390x390-1.jpg","type":"image\/jpeg"}],"twitter_card":"summary_large_image","schema":{"@context":"https:\/\/schema.org","@graph":[{"@type":"WebPage","@id":"https:\/\/dutchmicrodosing.com\/fr\/boutique-de-sante\/supplements-pour-le-sommeil\/valeriane-elements-indiens-capsules\/","url":"https:\/\/dutchmicrodosing.com\/fr\/boutique-de-sante\/supplements-pour-le-sommeil\/valeriane-elements-indiens-capsules\/","name":"Val\u00e9riane El\u00e9ments Indiens - G\u00e9lules - Dutchmicrodosing","isPartOf":{"@id":"https:\/\/dutchmicrodosing.com\/fr\/#website"},"primaryImageOfPage":{"@id":"https:\/\/dutchmicrodosing.com\/fr\/boutique-de-sante\/supplements-pour-le-sommeil\/valeriane-elements-indiens-capsules\/#primaryimage"},"image":{"@id":"https:\/\/dutchmicrodosing.com\/fr\/boutique-de-sante\/supplements-pour-le-sommeil\/valeriane-elements-indiens-capsules\/#primaryimage"},"thumbnailUrl":"https:\/\/dutchmicrodosing.com\/wp-content\/uploads\/2024\/01\/\u2705-Indian-Elements-Valerian-smartific-8718274711912-002-390x390-1.jpg","datePublished":"2024-01-13T14:08:59+00:00","dateModified":"2025-08-22T09:57:42+00:00","breadcrumb":{"@id":"https:\/\/dutchmicrodosing.com\/fr\/boutique-de-sante\/supplements-pour-le-sommeil\/valeriane-elements-indiens-capsules\/#breadcrumb"},"inLanguage":"fr-FR","potentialAction":[{"@type":"ReadAction","target":["https:\/\/dutchmicrodosing.com\/fr\/boutique-de-sante\/supplements-pour-le-sommeil\/valeriane-elements-indiens-capsules\/"]}]},{"@type":"ImageObject","inLanguage":"fr-FR","@id":"https:\/\/dutchmicrodosing.com\/fr\/boutique-de-sante\/supplements-pour-le-sommeil\/valeriane-elements-indiens-capsules\/#primaryimage","url":"https:\/\/dutchmicrodosing.com\/wp-content\/uploads\/2024\/01\/\u2705-Indian-Elements-Valerian-smartific-8718274711912-002-390x390-1.jpg","contentUrl":"https:\/\/dutchmicrodosing.com\/wp-content\/uploads\/2024\/01\/\u2705-Indian-Elements-Valerian-smartific-8718274711912-002-390x390-1.jpg","width":390,"height":390},{"@type":"BreadcrumbList","@id":"https:\/\/dutchmicrodosing.com\/fr\/boutique-de-sante\/supplements-pour-le-sommeil\/valeriane-elements-indiens-capsules\/#breadcrumb","itemListElement":[{"@type":"ListItem","position":1,"name":"Home","item":"https:\/\/dutchmicrodosing.com\/fr\/"},{"@type":"ListItem","position":2,"name":"Boutique","item":"https:\/\/dutchmicrodosing.com\/fr\/boutique\/"},{"@type":"ListItem","position":3,"name":"Val\u00e9riane El\u00e9ments Indiens &#8211; G\u00e9lules"}]},{"@type":"WebSite","@id":"https:\/\/dutchmicrodosing.com\/fr\/#website","url":"https:\/\/dutchmicrodosing.com\/fr\/","name":"Dutchmicrodosing","description":"","publisher":{"@id":"https:\/\/dutchmicrodosing.com\/fr\/#organization"},"potentialAction":[{"@type":"SearchAction","target":{"@type":"EntryPoint","urlTemplate":"https:\/\/dutchmicrodosing.com\/fr\/?s={search_term_string}"},"query-input":{"@type":"PropertyValueSpecification","valueRequired":true,"valueName":"search_term_string"}}],"inLanguage":"fr-FR"},{"@type":"Organization","@id":"https:\/\/dutchmicrodosing.com\/fr\/#organization","name":"Dutchmicrodosing","url":"https:\/\/dutchmicrodosing.com\/fr\/","logo":{"@type":"ImageObject","inLanguage":"fr-FR","@id":"https:\/\/dutchmicrodosing.com\/fr\/#\/schema\/logo\/image\/","url":"https:\/\/dutchmicrodosing.com\/wp-content\/uploads\/2021\/01\/microdosing-categorie-pic-nieuw.jpg","contentUrl":"https:\/\/dutchmicrodosing.com\/wp-content\/uploads\/2021\/01\/microdosing-categorie-pic-nieuw.jpg","width":500,"height":500,"caption":"Dutchmicrodosing"},"image":{"@id":"https:\/\/dutchmicrodosing.com\/fr\/#\/schema\/logo\/image\/"},"sameAs":["https:\/\/www.facebook.com\/Dutchmicrodosingxp\/","https:\/\/www.instagram.com\/dutchmicrodosing\/"]}]},"product_price_amount":"12.95","product_price_currency":"EUR","og_availability":"instock","product_availability":"instock","product_retailer_item_id":"8101452","product_condition":"new"},"_links":{"self":[{"href":"https:\/\/dutchmicrodosing.com\/fr\/wp-json\/wp\/v2\/product\/34030","targetHints":{"allow":["GET"]}}],"collection":[{"href":"https:\/\/dutchmicrodosing.com\/fr\/wp-json\/wp\/v2\/product"}],"about":[{"href":"https:\/\/dutchmicrodosing.com\/fr\/wp-json\/wp\/v2\/types\/product"}],"replies":[{"embeddable":true,"href":"https:\/\/dutchmicrodosing.com\/fr\/wp-json\/wp\/v2\/comments?post=34030"}],"version-history":[{"count":0,"href":"https:\/\/dutchmicrodosing.com\/fr\/wp-json\/wp\/v2\/product\/34030\/revisions"}],"wp:featuredmedia":[{"embeddable":true,"href":"https:\/\/dutchmicrodosing.com\/fr\/wp-json\/wp\/v2\/media\/34016"}],"wp:attachment":[{"href":"https:\/\/dutchmicrodosing.com\/fr\/wp-json\/wp\/v2\/media?parent=34030"}],"wp:term":[{"taxonomy":"product_brand","embeddable":true,"href":"https:\/\/dutchmicrodosing.com\/fr\/wp-json\/wp\/v2\/product_brand?post=34030"},{"taxonomy":"product_cat","embeddable":true,"href":"https:\/\/dutchmicrodosing.com\/fr\/wp-json\/wp\/v2\/product_cat?post=34030"},{"taxonomy":"product_tag","embeddable":true,"href":"https:\/\/dutchmicrodosing.com\/fr\/wp-json\/wp\/v2\/product_tag?post=34030"}],"curies":[{"name":"wp","href":"https:\/\/api.w.org\/{rel}","templated":true}]}}