{"id":34597,"date":"2024-01-29T15:32:42","date_gmt":"2024-01-29T14:32:42","guid":{"rendered":"https:\/\/dutchmicrodosing.com\/shop\/non%20class\u00e9\/lions-mane-gummies-mixte-2\/"},"modified":"2025-09-22T13:14:12","modified_gmt":"2025-09-22T11:14:12","slug":"lions-mane-gummies-mixte","status":"publish","type":"product","link":"https:\/\/dutchmicrodosing.com\/fr\/boutique-de-sante\/comestibles-aux-champignons\/lions-mane-gummies-mixte\/","title":{"rendered":"Lion&rsquo;s Mane Gummies &#8211; Mixte"},"content":{"rendered":"<p>Les <strong>Lion&rsquo;s Mane Mushroom Gummies<\/strong> sont une d\u00e9licieuse friandise qui associe les bienfaits de l&rsquo;extrait de crini\u00e8re de lion \u00e0 une sensation gustative d\u00e9lectable. Chaque gomme est enrichie de 250 mg d&rsquo;extrait de crini\u00e8re de lion, offrant un moyen simple et agr\u00e9able de d\u00e9couvrir les bienfaits potentiels de ce champignon sp\u00e9cial. La crini\u00e8re de lion est connue pour sa capacit\u00e9 \u00e0 am\u00e9liorer les fonctions cognitives et fait partie de la m\u00e9decine traditionnelle chinoise depuis des si\u00e8cles. Ces gommes vous permettent de soutenir votre fonction c\u00e9r\u00e9brale et votre bien-\u00eatre g\u00e9n\u00e9ral d&rsquo;une mani\u00e8re savoureuse.<\/p>\n<p>Les gommes ont la forme de petits champignons et sont pr\u00e9sent\u00e9es dans un emballage pratique de 40 grammes. Ils se pr\u00e9sentent sous la forme d&rsquo;un assortiment de saveurs vari\u00e9es, faisant de chaque dose non seulement un atout pour votre sant\u00e9, mais aussi un d\u00e9lice pour vos papilles gustatives.<\/p>\n<h3>Ingr\u00e9dients<\/h3>\n<ul>\n<li>Glucose<\/li>\n<li>extrait de crini\u00e8re de lion<\/li>\n<li>Sucre<\/li>\n<li>Ar\u00f4mes naturels (cerise, pomme, cola, orange, m\u00fbre)<\/li>\n<li>Teinture<\/li>\n<li>G\u00e9latine (b\u0153uf)<\/li>\n<li>Acide citrique<\/li>\n<\/ul>\n<h3>Utilisation<\/h3>\n<p>Ne pas utiliser plus de 4 \u00e0 5 gommes par jour.<\/p>\n<h3>Conseils de stockage<\/h3>\n<p>Conservez ce produit dans un endroit frais et sombre, tel qu&rsquo;un placard de cuisine, et hors de port\u00e9e des enfants.<\/p>\n<h3>Contenu<\/h3>\n<p>Candy Lion&rsquo;s Mane gummies (chaque gomme contient +\/- 250 mg d&rsquo;extrait de crini\u00e8re de lion) &#8211; 40 grammes<\/p>\n","protected":false},"excerpt":{"rendered":"<p>Les Lion&rsquo;s Mane Mushroom Gummies sont une d\u00e9licieuse friandise qui associe les bienfaits de l&rsquo;extrait de crini\u00e8re de lion \u00e0 une sensation gustative d\u00e9lectable. Chaque gomme est enrichie de 250 mg d&rsquo;extrait de crini\u00e8re de lion, offrant un moyen simple et agr\u00e9able de d\u00e9couvrir les bienfaits potentiels de ce champignon sp\u00e9cial. La crini\u00e8re de lion [&hellip;]<\/p>\n","protected":false},"featured_media":33377,"comment_status":"closed","ping_status":"closed","template":"","meta":[],"product_brand":[],"product_cat":[326],"product_tag":[],"class_list":{"0":"post-34597","1":"product","2":"type-product","3":"status-publish","4":"has-post-thumbnail","6":"product_cat-comestibles-aux-champignons","8":"first","9":"instock","10":"taxable","11":"shipping-taxable","12":"purchasable","13":"product-type-simple"},"yoast_head":"<!-- This site is optimized with the Yoast SEO Premium plugin v26.4 (Yoast SEO v27.2) - https:\/\/yoast.com\/product\/yoast-seo-premium-wordpress\/ -->\n<title>Lion&#039;s Mane Gummies - Mixte - Dutchmicrodosing<\/title>\n<meta name=\"description\" content=\"Les Lion&#039;s Mane Mushroom Gummies sont une d\u00e9licieuse friandise, combinant les bienfaits de l&#039;extrait de crini\u00e8re de lion ...\" \/>\n<meta name=\"robots\" content=\"index, follow, max-snippet:-1, max-image-preview:large, max-video-preview:-1\" \/>\n<link rel=\"canonical\" href=\"https:\/\/dutchmicrodosing.com\/fr\/boutique-de-sante\/comestibles-aux-champignons\/lions-mane-gummies-mixte\/\" \/>\n<meta property=\"og:locale\" content=\"fr_FR\" \/>\n<meta property=\"og:type\" content=\"article\" \/>\n<meta property=\"og:title\" content=\"Lion&#039;s Mane Gummies - Mixte\" \/>\n<meta property=\"og:description\" content=\"Les Lion&#039;s Mane Mushroom Gummies sont une d\u00e9licieuse friandise qui associe les bienfaits de l&#039;extrait de crini\u00e8re de lion \u00e0 une sensation gustative\" \/>\n<meta property=\"og:url\" content=\"https:\/\/dutchmicrodosing.com\/fr\/boutique-de-sante\/comestibles-aux-champignons\/lions-mane-gummies-mixte\/\" \/>\n<meta property=\"og:site_name\" content=\"Dutchmicrodosing\" \/>\n<meta property=\"article:publisher\" content=\"https:\/\/www.facebook.com\/Dutchmicrodosingxp\/\" \/>\n<meta property=\"article:modified_time\" content=\"2025-09-22T11:14:12+00:00\" \/>\n<meta property=\"og:image\" content=\"https:\/\/dutchmicrodosing.com\/wp-content\/uploads\/2023\/10\/Mushroom_Lionsmane_voorkant.jpg\" \/>\n\t<meta property=\"og:image:width\" content=\"1000\" \/>\n\t<meta property=\"og:image:height\" content=\"1000\" \/>\n\t<meta property=\"og:image:type\" content=\"image\/jpeg\" \/>\n<meta name=\"twitter:card\" content=\"summary_large_image\" \/>\n<script type=\"application\/ld+json\" class=\"yoast-schema-graph\">{\"@context\":\"https:\/\/schema.org\",\"@graph\":[{\"@type\":\"WebPage\",\"@id\":\"https:\/\/dutchmicrodosing.com\/fr\/boutique-de-sante\/comestibles-aux-champignons\/lions-mane-gummies-mixte\/\",\"url\":\"https:\/\/dutchmicrodosing.com\/fr\/boutique-de-sante\/comestibles-aux-champignons\/lions-mane-gummies-mixte\/\",\"name\":\"Lion's Mane Gummies - Mixte - Dutchmicrodosing\",\"isPartOf\":{\"@id\":\"https:\/\/dutchmicrodosing.com\/fr\/#website\"},\"primaryImageOfPage\":{\"@id\":\"https:\/\/dutchmicrodosing.com\/fr\/boutique-de-sante\/comestibles-aux-champignons\/lions-mane-gummies-mixte\/#primaryimage\"},\"image\":{\"@id\":\"https:\/\/dutchmicrodosing.com\/fr\/boutique-de-sante\/comestibles-aux-champignons\/lions-mane-gummies-mixte\/#primaryimage\"},\"thumbnailUrl\":\"https:\/\/dutchmicrodosing.com\/wp-content\/uploads\/2023\/10\/Mushroom_Lionsmane_voorkant.jpg\",\"datePublished\":\"2024-01-29T14:32:42+00:00\",\"dateModified\":\"2025-09-22T11:14:12+00:00\",\"description\":\"Les Lion's Mane Mushroom Gummies sont une d\u00e9licieuse friandise, combinant les bienfaits de l'extrait de crini\u00e8re de lion ...\",\"breadcrumb\":{\"@id\":\"https:\/\/dutchmicrodosing.com\/fr\/boutique-de-sante\/comestibles-aux-champignons\/lions-mane-gummies-mixte\/#breadcrumb\"},\"inLanguage\":\"fr-FR\",\"potentialAction\":[{\"@type\":\"ReadAction\",\"target\":[\"https:\/\/dutchmicrodosing.com\/fr\/boutique-de-sante\/comestibles-aux-champignons\/lions-mane-gummies-mixte\/\"]}]},{\"@type\":\"ImageObject\",\"inLanguage\":\"fr-FR\",\"@id\":\"https:\/\/dutchmicrodosing.com\/fr\/boutique-de-sante\/comestibles-aux-champignons\/lions-mane-gummies-mixte\/#primaryimage\",\"url\":\"https:\/\/dutchmicrodosing.com\/wp-content\/uploads\/2023\/10\/Mushroom_Lionsmane_voorkant.jpg\",\"contentUrl\":\"https:\/\/dutchmicrodosing.com\/wp-content\/uploads\/2023\/10\/Mushroom_Lionsmane_voorkant.jpg\",\"width\":1000,\"height\":1000},{\"@type\":\"BreadcrumbList\",\"@id\":\"https:\/\/dutchmicrodosing.com\/fr\/boutique-de-sante\/comestibles-aux-champignons\/lions-mane-gummies-mixte\/#breadcrumb\",\"itemListElement\":[{\"@type\":\"ListItem\",\"position\":1,\"name\":\"Home\",\"item\":\"https:\/\/dutchmicrodosing.com\/fr\/\"},{\"@type\":\"ListItem\",\"position\":2,\"name\":\"Boutique\",\"item\":\"https:\/\/dutchmicrodosing.com\/fr\/boutique\/\"},{\"@type\":\"ListItem\",\"position\":3,\"name\":\"Lion&rsquo;s Mane Gummies &#8211; Mixte\"}]},{\"@type\":\"WebSite\",\"@id\":\"https:\/\/dutchmicrodosing.com\/fr\/#website\",\"url\":\"https:\/\/dutchmicrodosing.com\/fr\/\",\"name\":\"Dutchmicrodosing\",\"description\":\"\",\"publisher\":{\"@id\":\"https:\/\/dutchmicrodosing.com\/fr\/#organization\"},\"potentialAction\":[{\"@type\":\"SearchAction\",\"target\":{\"@type\":\"EntryPoint\",\"urlTemplate\":\"https:\/\/dutchmicrodosing.com\/fr\/?s={search_term_string}\"},\"query-input\":{\"@type\":\"PropertyValueSpecification\",\"valueRequired\":true,\"valueName\":\"search_term_string\"}}],\"inLanguage\":\"fr-FR\"},{\"@type\":\"Organization\",\"@id\":\"https:\/\/dutchmicrodosing.com\/fr\/#organization\",\"name\":\"Dutchmicrodosing\",\"url\":\"https:\/\/dutchmicrodosing.com\/fr\/\",\"logo\":{\"@type\":\"ImageObject\",\"inLanguage\":\"fr-FR\",\"@id\":\"https:\/\/dutchmicrodosing.com\/fr\/#\/schema\/logo\/image\/\",\"url\":\"https:\/\/dutchmicrodosing.com\/wp-content\/uploads\/2021\/01\/microdosing-categorie-pic-nieuw.jpg\",\"contentUrl\":\"https:\/\/dutchmicrodosing.com\/wp-content\/uploads\/2021\/01\/microdosing-categorie-pic-nieuw.jpg\",\"width\":500,\"height\":500,\"caption\":\"Dutchmicrodosing\"},\"image\":{\"@id\":\"https:\/\/dutchmicrodosing.com\/fr\/#\/schema\/logo\/image\/\"},\"sameAs\":[\"https:\/\/www.facebook.com\/Dutchmicrodosingxp\/\",\"https:\/\/www.instagram.com\/dutchmicrodosing\/\"]}]}<\/script>\n<meta property=\"product:price:amount\" content=\"9.95\" \/>\n<meta property=\"product:price:currency\" content=\"EUR\" \/>\n<meta property=\"og:availability\" content=\"instock\" \/>\n<meta property=\"product:availability\" content=\"instock\" \/>\n<meta property=\"product:retailer_item_id\" content=\"3210653\" \/>\n<meta property=\"product:condition\" content=\"new\" \/>\n<!-- \/ Yoast SEO Premium plugin. -->","yoast_head_json":{"title":"Lion's Mane Gummies - Mixte - Dutchmicrodosing","description":"Les Lion's Mane Mushroom Gummies sont une d\u00e9licieuse friandise, combinant les bienfaits de l'extrait de crini\u00e8re de lion ...","robots":{"index":"index","follow":"follow","max-snippet":"max-snippet:-1","max-image-preview":"max-image-preview:large","max-video-preview":"max-video-preview:-1"},"canonical":"https:\/\/dutchmicrodosing.com\/fr\/boutique-de-sante\/comestibles-aux-champignons\/lions-mane-gummies-mixte\/","og_locale":"fr_FR","og_type":"article","og_title":"Lion's Mane Gummies - Mixte","og_description":"Les Lion's Mane Mushroom Gummies sont une d\u00e9licieuse friandise qui associe les bienfaits de l'extrait de crini\u00e8re de lion \u00e0 une sensation gustative","og_url":"https:\/\/dutchmicrodosing.com\/fr\/boutique-de-sante\/comestibles-aux-champignons\/lions-mane-gummies-mixte\/","og_site_name":"Dutchmicrodosing","article_publisher":"https:\/\/www.facebook.com\/Dutchmicrodosingxp\/","article_modified_time":"2025-09-22T11:14:12+00:00","og_image":[{"width":1000,"height":1000,"url":"https:\/\/dutchmicrodosing.com\/wp-content\/uploads\/2023\/10\/Mushroom_Lionsmane_voorkant.jpg","type":"image\/jpeg"}],"twitter_card":"summary_large_image","schema":{"@context":"https:\/\/schema.org","@graph":[{"@type":"WebPage","@id":"https:\/\/dutchmicrodosing.com\/fr\/boutique-de-sante\/comestibles-aux-champignons\/lions-mane-gummies-mixte\/","url":"https:\/\/dutchmicrodosing.com\/fr\/boutique-de-sante\/comestibles-aux-champignons\/lions-mane-gummies-mixte\/","name":"Lion's Mane Gummies - Mixte - Dutchmicrodosing","isPartOf":{"@id":"https:\/\/dutchmicrodosing.com\/fr\/#website"},"primaryImageOfPage":{"@id":"https:\/\/dutchmicrodosing.com\/fr\/boutique-de-sante\/comestibles-aux-champignons\/lions-mane-gummies-mixte\/#primaryimage"},"image":{"@id":"https:\/\/dutchmicrodosing.com\/fr\/boutique-de-sante\/comestibles-aux-champignons\/lions-mane-gummies-mixte\/#primaryimage"},"thumbnailUrl":"https:\/\/dutchmicrodosing.com\/wp-content\/uploads\/2023\/10\/Mushroom_Lionsmane_voorkant.jpg","datePublished":"2024-01-29T14:32:42+00:00","dateModified":"2025-09-22T11:14:12+00:00","description":"Les Lion's Mane Mushroom Gummies sont une d\u00e9licieuse friandise, combinant les bienfaits de l'extrait de crini\u00e8re de lion ...","breadcrumb":{"@id":"https:\/\/dutchmicrodosing.com\/fr\/boutique-de-sante\/comestibles-aux-champignons\/lions-mane-gummies-mixte\/#breadcrumb"},"inLanguage":"fr-FR","potentialAction":[{"@type":"ReadAction","target":["https:\/\/dutchmicrodosing.com\/fr\/boutique-de-sante\/comestibles-aux-champignons\/lions-mane-gummies-mixte\/"]}]},{"@type":"ImageObject","inLanguage":"fr-FR","@id":"https:\/\/dutchmicrodosing.com\/fr\/boutique-de-sante\/comestibles-aux-champignons\/lions-mane-gummies-mixte\/#primaryimage","url":"https:\/\/dutchmicrodosing.com\/wp-content\/uploads\/2023\/10\/Mushroom_Lionsmane_voorkant.jpg","contentUrl":"https:\/\/dutchmicrodosing.com\/wp-content\/uploads\/2023\/10\/Mushroom_Lionsmane_voorkant.jpg","width":1000,"height":1000},{"@type":"BreadcrumbList","@id":"https:\/\/dutchmicrodosing.com\/fr\/boutique-de-sante\/comestibles-aux-champignons\/lions-mane-gummies-mixte\/#breadcrumb","itemListElement":[{"@type":"ListItem","position":1,"name":"Home","item":"https:\/\/dutchmicrodosing.com\/fr\/"},{"@type":"ListItem","position":2,"name":"Boutique","item":"https:\/\/dutchmicrodosing.com\/fr\/boutique\/"},{"@type":"ListItem","position":3,"name":"Lion&rsquo;s Mane Gummies &#8211; Mixte"}]},{"@type":"WebSite","@id":"https:\/\/dutchmicrodosing.com\/fr\/#website","url":"https:\/\/dutchmicrodosing.com\/fr\/","name":"Dutchmicrodosing","description":"","publisher":{"@id":"https:\/\/dutchmicrodosing.com\/fr\/#organization"},"potentialAction":[{"@type":"SearchAction","target":{"@type":"EntryPoint","urlTemplate":"https:\/\/dutchmicrodosing.com\/fr\/?s={search_term_string}"},"query-input":{"@type":"PropertyValueSpecification","valueRequired":true,"valueName":"search_term_string"}}],"inLanguage":"fr-FR"},{"@type":"Organization","@id":"https:\/\/dutchmicrodosing.com\/fr\/#organization","name":"Dutchmicrodosing","url":"https:\/\/dutchmicrodosing.com\/fr\/","logo":{"@type":"ImageObject","inLanguage":"fr-FR","@id":"https:\/\/dutchmicrodosing.com\/fr\/#\/schema\/logo\/image\/","url":"https:\/\/dutchmicrodosing.com\/wp-content\/uploads\/2021\/01\/microdosing-categorie-pic-nieuw.jpg","contentUrl":"https:\/\/dutchmicrodosing.com\/wp-content\/uploads\/2021\/01\/microdosing-categorie-pic-nieuw.jpg","width":500,"height":500,"caption":"Dutchmicrodosing"},"image":{"@id":"https:\/\/dutchmicrodosing.com\/fr\/#\/schema\/logo\/image\/"},"sameAs":["https:\/\/www.facebook.com\/Dutchmicrodosingxp\/","https:\/\/www.instagram.com\/dutchmicrodosing\/"]}]},"product_price_amount":"9.95","product_price_currency":"EUR","og_availability":"instock","product_availability":"instock","product_retailer_item_id":"3210653","product_condition":"new"},"_links":{"self":[{"href":"https:\/\/dutchmicrodosing.com\/fr\/wp-json\/wp\/v2\/product\/34597","targetHints":{"allow":["GET"]}}],"collection":[{"href":"https:\/\/dutchmicrodosing.com\/fr\/wp-json\/wp\/v2\/product"}],"about":[{"href":"https:\/\/dutchmicrodosing.com\/fr\/wp-json\/wp\/v2\/types\/product"}],"replies":[{"embeddable":true,"href":"https:\/\/dutchmicrodosing.com\/fr\/wp-json\/wp\/v2\/comments?post=34597"}],"version-history":[{"count":0,"href":"https:\/\/dutchmicrodosing.com\/fr\/wp-json\/wp\/v2\/product\/34597\/revisions"}],"wp:featuredmedia":[{"embeddable":true,"href":"https:\/\/dutchmicrodosing.com\/fr\/wp-json\/wp\/v2\/media\/33377"}],"wp:attachment":[{"href":"https:\/\/dutchmicrodosing.com\/fr\/wp-json\/wp\/v2\/media?parent=34597"}],"wp:term":[{"taxonomy":"product_brand","embeddable":true,"href":"https:\/\/dutchmicrodosing.com\/fr\/wp-json\/wp\/v2\/product_brand?post=34597"},{"taxonomy":"product_cat","embeddable":true,"href":"https:\/\/dutchmicrodosing.com\/fr\/wp-json\/wp\/v2\/product_cat?post=34597"},{"taxonomy":"product_tag","embeddable":true,"href":"https:\/\/dutchmicrodosing.com\/fr\/wp-json\/wp\/v2\/product_tag?post=34597"}],"curies":[{"name":"wp","href":"https:\/\/api.w.org\/{rel}","templated":true}]}}