{"id":35827,"date":"2024-02-08T11:05:54","date_gmt":"2024-02-08T10:05:54","guid":{"rendered":"https:\/\/dutchmicrodosing.com\/shop\/non%20class\u00e9\/truffes-de-lenseignant-dor\/"},"modified":"2026-02-03T16:42:47","modified_gmt":"2026-02-03T15:42:47","slug":"truffes-de-lenseignant-dor","status":"publish","type":"product","link":"https:\/\/dutchmicrodosing.com\/fr\/truffes-a-la-psilocybine\/truffes-magiques\/truffes-de-lenseignant-dor\/","title":{"rendered":"Truffes Golden Teacher 15 Gr"},"content":{"rendered":"<p>Ces <strong>truffes Golden Teacher Truffles<\/strong> ne sont pas des truffes pour d\u00e9butants. Avec un indice de puissance de 6 \u00e9toiles, il s&rsquo;agit d&rsquo;une truffe magique impressionnante qui vous procurera des visions lumineuses et qui, \u00e0 haute dose, est m\u00eame capable d&rsquo;induire des hallucinations. The Golden Teacher est une v\u00e9ritable bombe \u00e0 effets. L&rsquo;expansion de l&rsquo;esprit, le rire, l&rsquo;euphorie, l&rsquo;intensit\u00e9, les images et les couleurs vives ne sont que quelques-uns des effets avec lesquels ce professeur d&rsquo;or peut vous surprendre.<\/p>\n<h2>Dosage de la truffe d&rsquo;or de l&rsquo;enseignant<\/h2>\n<p>Ces truffes Golden Teacher sont emball\u00e9es par 15 grammes sp\u00e9cialement pour les voyages forts. Vous pouvez consommer les truffes super fra\u00eeches directement \u00e0 partir de l&#8217;emballage ou en faire du th\u00e9. La pr\u00e9f\u00e9rence va toujours aux truffes magiques. En effet, lors de la pr\u00e9paration du th\u00e9 aux truffes, il est possible que vous utilisiez de l&rsquo;eau trop chaude, ce qui affaiblit l&rsquo;effet de la psilocybine. Les truffes se d\u00e9gustent mieux \u00e0 jeun. Assurer une absorption optimale en m\u00e2chant bien et longtemps les truffes Golden Teacher avant de les avaler. Si vous n&rsquo;\u00eates pas habitu\u00e9 au monde des truffes \u00e0 la psilocybine, commencez par une dose de 10 grammes pour voir ce que cela vous fait. Apr\u00e8s 40 minutes, vous pouvez d\u00e9cider si vous avez besoin des 5 grammes restants ou non. Voyez au bas du texte quelle est la dose appropri\u00e9e pour vous.<\/p>\n<h3>Consommation de truffes<\/h3>\n<p>Les truffes se d\u00e9gustent mieux \u00e0 jeun. Pour un effet optimal, il est recommand\u00e9 de bien m\u00e2cher les truffes et de les avaler longuement. Si vous trouvez le go\u00fbt d\u00e9sagr\u00e9able, vous pouvez en faire du th\u00e9.<\/p>\n<h3>Truffes magiques pour l&rsquo;infusion du th\u00e9<\/h3>\n<p>Pr\u00e9parer le th\u00e9, couper les truffes en morceaux. Veillez \u00e0 ne pas plonger les truffes Golden Teacher dans l&rsquo;eau bouillante. L&rsquo;eau bouillante ou chaude affaiblit l&rsquo;effet psych\u00e9d\u00e9lique. Pour le th\u00e9, utilisez de l&rsquo;eau dont la temp\u00e9rature maximale est de 68 degr\u00e9s Celsius. Laissez la truffe Golden Teacher infuser pendant 10 \u00e0 15 minutes avant de boire le th\u00e9 et, pour un r\u00e9sultat optimal, mangez \u00e9galement les truffes. Si vous le souhaitez, vous pouvez ajouter du miel pour donner du go\u00fbt.<\/p>\n<h2>Combien de temps dure un voyage avec les truffes magiques Golden Teacher ?<\/h2>\n<p>La dur\u00e9e d&rsquo;une excursion \u00e0 la truffe Golden Teacher est de 5 \u00e0 6 heures. Les premiers effets sont perceptibles apr\u00e8s l&rsquo;ingestion, au bout de 45 minutes environ.<\/p>\n<h2>Pr\u00e9paration d&rsquo;un voyage sur les truffes magiques de l&rsquo;enseignant d&rsquo;or<\/h2>\n<p>Pour la plupart des consommateurs, l&rsquo;exp\u00e9rience de la truffe est fantastique et presque magique. Certaines personnes ne supportent pas les effets visuels ou le changement de perception de la r\u00e9alit\u00e9, ce qui les effraie. Cette sensation d\u00e9sagr\u00e9able est appel\u00e9e bad trip. Ne vous inqui\u00e9tez pas, les effets disparaissent apr\u00e8s quelques heures. Dans ces cas, il est fortement recommand\u00e9 d&rsquo;avoir un \u00ab\u00a0voyageur\u00a0\u00bb parmi les personnes qui utiliseront les truffes. Un \u00ab\u00a0trip sitter\u00a0\u00bb ou un \u00ab\u00a0caregiver\u00a0\u00bb est une personne fiable et terre-\u00e0-terre qui peut faire face \u00e0 ces situations et servir de soutien \u00e9motionnel si n\u00e9cessaire. Il est recommand\u00e9 de prendre les truffes dans un environnement calme et familier.<\/p>\n<p>Il est \u00e9galement conseill\u00e9 d&rsquo;avoir un \u00ab\u00a0Trip Stopper\u00a0\u00bb dans la maison. Les Trip Stoppers sont utilis\u00e9s lorsque les trips psych\u00e9d\u00e9liques tournent mal rapidement. Par exemple, si vous souffrez de d\u00e9sorientation et de visions intenses pendant votre voyage psych\u00e9d\u00e9lique avec des champignons magiques ou des truffes, un Trip Stopper vous aidera \u00e0 r\u00e9duire l&rsquo;effet d&rsquo;euphorie, \u00e0 att\u00e9nuer l&rsquo;anxi\u00e9t\u00e9 et \u00e0 revenir sur terre. Avec un Trip Stopper, vous \u00eates bien pr\u00e9par\u00e9 pour votre voyage. Surtout si c&rsquo;est la premi\u00e8re fois que vous faites un voyage psych\u00e9d\u00e9lique, il est conseill\u00e9 d&rsquo;avoir un Trip Stopper \u00e0 port\u00e9e de main, nous en vendons aussi.<\/p>\n<h2>Conservation des truffes dor\u00e9es de l&rsquo;enseignant<\/h2>\n<p>Si vous d\u00e9cidez de ne pas consommer tout de suite les Golden Teacher Truffles fra\u00eeches, vous pouvez les conserver. Conservez-les au frais et au sec. Le r\u00e9frig\u00e9rateur est un excellent endroit pour cela. La temp\u00e9rature id\u00e9ale se situe entre 2 et 4 degr\u00e9s Celsius. Veillez \u00e0 v\u00e9rifier la date de p\u00e9remption indiqu\u00e9e sur l&#8217;emballage pour savoir combien de temps ils se conservent.<\/p>\n<h2>Avertissement sur le produit<\/h2>\n<ul>\n<li>Ne consommez pas de truffes si vous \u00eates de mauvaise humeur, d\u00e9prim\u00e9, psychotique ou si vous avez des pr\u00e9jug\u00e9s mentaux. Les truffes magiques ne conviennent pas aux mineurs ni aux femmes enceintes. Il n&rsquo;est pas non plus judicieux de conduire ou d&rsquo;utiliser des machines lourdes sous l&rsquo;influence de la psilocybine.<\/li>\n<li>Les truffes \u00e0 la psilocybine ne doivent jamais \u00eatre utilis\u00e9es en combinaison avec de l&rsquo;alcool ou d&rsquo;autres drogues (prescrites ou ill\u00e9gales). Commencez par une petite dose et assurez-vous que vous \u00eates \u00e0 l&rsquo;aise en compagnie et dans votre environnement.<\/li>\n<li>Toutes nos truffes Magic Mushroom sont fra\u00eechement emball\u00e9es. Vous devez les conserver au r\u00e9frig\u00e9rateur. Non ouverts, vous pouvez les conserver au r\u00e9frig\u00e9rateur pendant environ 2 mois. Une fois ouvertes, les truffes ne peuvent toutefois \u00eatre conserv\u00e9es que quelques jours.<\/li>\n<\/ul>\n<h2>Calendrier des doses de voyage Truffes magiques<\/h2>\n<p>Ces doses sont destin\u00e9es aux personnes qui veulent faire connaissance avec les truffes \u00e0 la psilocybine pour la premi\u00e8re fois. Si vous avez d\u00e9j\u00e0 une exp\u00e9rience avec les truffes \u00e0 la psilocybine ou les champignons magiques, vous pouvez augmenter la dose selon votre d\u00e9sir.<\/p>\n<p>Voyage l\u00e9ger Voyage l\u00e9ger Voyage lourd<\/p>\n<p>50 kg = 5 grammes 6,7 grammes 11,2 grammes<br \/>\n60 kg = 6 grammes 8 grammes 13,4 grammes<br \/>\n70 kg = 7 grammes 9,3 grammes 16 grammes<br \/>\n80 kg = 8 grammes 10,6 grammes 18,2 grammes<br \/>\n90 kg = 9 grammes 11,9 grammes 21 grammes<br \/>\n100 kilos = 10 grammes 13,5 grammes 23 grammes<\/p>\n<h2>Valeurs nutritionnelles des truffes magiques pour 100 grammes :<\/h2>\n<ul>\n<li>\u00c9nergie 464,7 kJ<\/li>\n<li>\u00c9nergie 110,5 kcal<\/li>\n<li>Glucides 13,2 grammes<\/li>\n<li>Prot\u00e9ines 5,3 grammes<\/li>\n<li>Graisses 0,4 grammes<\/li>\n<li>Fibres alimentaires 16,7 grammes<\/li>\n<li>Sel ( NaCl ) 0,3 grammes<\/li>\n<li>Vitamine D 10,0 UI<\/li>\n<li>Sodium (Na) 13,6 mg<\/li>\n<li>Phosphore (P) 169,3 mg<\/li>\n<li>Potassium (K) 210,0 mg<\/li>\n<li>Calcium (Ca) 12,5 mg<\/li>\n<li>Fer (F) 0,7 mg<\/li>\n<\/ul>\n","protected":false},"excerpt":{"rendered":"<p>Ces truffes Golden Teacher Truffles ne sont pas des truffes pour d\u00e9butants. Avec un indice de puissance de 6 \u00e9toiles, il s&rsquo;agit d&rsquo;une truffe magique impressionnante qui vous procurera des visions lumineuses et qui, \u00e0 haute dose, est m\u00eame capable d&rsquo;induire des hallucinations. The Golden Teacher est une v\u00e9ritable bombe \u00e0 effets. L&rsquo;expansion de l&rsquo;esprit, [&hellip;]<\/p>\n","protected":false},"featured_media":35921,"comment_status":"closed","ping_status":"closed","template":"","meta":[],"product_brand":[],"product_cat":[201],"product_tag":[],"class_list":{"0":"post-35827","1":"product","2":"type-product","3":"status-publish","4":"has-post-thumbnail","6":"product_cat-truffes-magiques","8":"first","9":"instock","10":"taxable","11":"shipping-taxable","12":"purchasable","13":"product-type-simple"},"yoast_head":"<!-- This site is optimized with the Yoast SEO Premium plugin v26.4 (Yoast SEO v27.2) - https:\/\/yoast.com\/product\/yoast-seo-premium-wordpress\/ -->\n<title>Truffes Golden Teacher 15 Gr - Dutchmicrodosing<\/title>\n<meta name=\"robots\" content=\"index, follow, max-snippet:-1, max-image-preview:large, max-video-preview:-1\" \/>\n<link rel=\"canonical\" href=\"https:\/\/dutchmicrodosing.com\/fr\/truffes-a-la-psilocybine\/truffes-magiques\/truffes-de-lenseignant-dor\/\" \/>\n<meta property=\"og:locale\" content=\"fr_FR\" \/>\n<meta property=\"og:type\" content=\"article\" \/>\n<meta property=\"og:title\" content=\"Truffes Golden Teacher 15 Gr\" \/>\n<meta property=\"og:description\" content=\"Ces truffes Golden Teacher Truffles ne sont pas des truffes pour d\u00e9butants. Avec un indice de puissance de 6 \u00e9toiles, il s&#039;agit d&#039;une truffe magique\" \/>\n<meta property=\"og:url\" content=\"https:\/\/dutchmicrodosing.com\/fr\/truffes-a-la-psilocybine\/truffes-magiques\/truffes-de-lenseignant-dor\/\" \/>\n<meta property=\"og:site_name\" content=\"Dutchmicrodosing\" \/>\n<meta property=\"article:publisher\" content=\"https:\/\/www.facebook.com\/Dutchmicrodosingxp\/\" \/>\n<meta property=\"article:modified_time\" content=\"2026-02-03T15:42:47+00:00\" \/>\n<meta property=\"og:image\" content=\"https:\/\/dutchmicrodosing.com\/wp-content\/uploads\/2024\/02\/Goldenteacher_product_shop1000x1000.jpg\" \/>\n\t<meta property=\"og:image:width\" content=\"1000\" \/>\n\t<meta property=\"og:image:height\" content=\"1000\" \/>\n\t<meta property=\"og:image:type\" content=\"image\/jpeg\" \/>\n<meta name=\"twitter:card\" content=\"summary_large_image\" \/>\n<script type=\"application\/ld+json\" class=\"yoast-schema-graph\">{\"@context\":\"https:\/\/schema.org\",\"@graph\":[{\"@type\":\"WebPage\",\"@id\":\"https:\/\/dutchmicrodosing.com\/fr\/truffes-a-la-psilocybine\/truffes-magiques\/truffes-de-lenseignant-dor\/\",\"url\":\"https:\/\/dutchmicrodosing.com\/fr\/truffes-a-la-psilocybine\/truffes-magiques\/truffes-de-lenseignant-dor\/\",\"name\":\"Truffes Golden Teacher 15 Gr - Dutchmicrodosing\",\"isPartOf\":{\"@id\":\"https:\/\/dutchmicrodosing.com\/fr\/#website\"},\"primaryImageOfPage\":{\"@id\":\"https:\/\/dutchmicrodosing.com\/fr\/truffes-a-la-psilocybine\/truffes-magiques\/truffes-de-lenseignant-dor\/#primaryimage\"},\"image\":{\"@id\":\"https:\/\/dutchmicrodosing.com\/fr\/truffes-a-la-psilocybine\/truffes-magiques\/truffes-de-lenseignant-dor\/#primaryimage\"},\"thumbnailUrl\":\"https:\/\/dutchmicrodosing.com\/wp-content\/uploads\/2024\/02\/Goldenteacher_product_shop1000x1000.jpg\",\"datePublished\":\"2024-02-08T10:05:54+00:00\",\"dateModified\":\"2026-02-03T15:42:47+00:00\",\"breadcrumb\":{\"@id\":\"https:\/\/dutchmicrodosing.com\/fr\/truffes-a-la-psilocybine\/truffes-magiques\/truffes-de-lenseignant-dor\/#breadcrumb\"},\"inLanguage\":\"fr-FR\",\"potentialAction\":[{\"@type\":\"ReadAction\",\"target\":[\"https:\/\/dutchmicrodosing.com\/fr\/truffes-a-la-psilocybine\/truffes-magiques\/truffes-de-lenseignant-dor\/\"]}]},{\"@type\":\"ImageObject\",\"inLanguage\":\"fr-FR\",\"@id\":\"https:\/\/dutchmicrodosing.com\/fr\/truffes-a-la-psilocybine\/truffes-magiques\/truffes-de-lenseignant-dor\/#primaryimage\",\"url\":\"https:\/\/dutchmicrodosing.com\/wp-content\/uploads\/2024\/02\/Goldenteacher_product_shop1000x1000.jpg\",\"contentUrl\":\"https:\/\/dutchmicrodosing.com\/wp-content\/uploads\/2024\/02\/Goldenteacher_product_shop1000x1000.jpg\",\"width\":1000,\"height\":1000},{\"@type\":\"BreadcrumbList\",\"@id\":\"https:\/\/dutchmicrodosing.com\/fr\/truffes-a-la-psilocybine\/truffes-magiques\/truffes-de-lenseignant-dor\/#breadcrumb\",\"itemListElement\":[{\"@type\":\"ListItem\",\"position\":1,\"name\":\"Home\",\"item\":\"https:\/\/dutchmicrodosing.com\/fr\/\"},{\"@type\":\"ListItem\",\"position\":2,\"name\":\"Boutique\",\"item\":\"https:\/\/dutchmicrodosing.com\/fr\/boutique\/\"},{\"@type\":\"ListItem\",\"position\":3,\"name\":\"Truffes Golden Teacher 15 Gr\"}]},{\"@type\":\"WebSite\",\"@id\":\"https:\/\/dutchmicrodosing.com\/fr\/#website\",\"url\":\"https:\/\/dutchmicrodosing.com\/fr\/\",\"name\":\"Dutchmicrodosing\",\"description\":\"\",\"publisher\":{\"@id\":\"https:\/\/dutchmicrodosing.com\/fr\/#organization\"},\"potentialAction\":[{\"@type\":\"SearchAction\",\"target\":{\"@type\":\"EntryPoint\",\"urlTemplate\":\"https:\/\/dutchmicrodosing.com\/fr\/?s={search_term_string}\"},\"query-input\":{\"@type\":\"PropertyValueSpecification\",\"valueRequired\":true,\"valueName\":\"search_term_string\"}}],\"inLanguage\":\"fr-FR\"},{\"@type\":\"Organization\",\"@id\":\"https:\/\/dutchmicrodosing.com\/fr\/#organization\",\"name\":\"Dutchmicrodosing\",\"url\":\"https:\/\/dutchmicrodosing.com\/fr\/\",\"logo\":{\"@type\":\"ImageObject\",\"inLanguage\":\"fr-FR\",\"@id\":\"https:\/\/dutchmicrodosing.com\/fr\/#\/schema\/logo\/image\/\",\"url\":\"https:\/\/dutchmicrodosing.com\/wp-content\/uploads\/2021\/01\/microdosing-categorie-pic-nieuw.jpg\",\"contentUrl\":\"https:\/\/dutchmicrodosing.com\/wp-content\/uploads\/2021\/01\/microdosing-categorie-pic-nieuw.jpg\",\"width\":500,\"height\":500,\"caption\":\"Dutchmicrodosing\"},\"image\":{\"@id\":\"https:\/\/dutchmicrodosing.com\/fr\/#\/schema\/logo\/image\/\"},\"sameAs\":[\"https:\/\/www.facebook.com\/Dutchmicrodosingxp\/\",\"https:\/\/www.instagram.com\/dutchmicrodosing\/\"]}]}<\/script>\n<meta property=\"product:price:amount\" content=\"16.95\" \/>\n<meta property=\"product:price:currency\" content=\"EUR\" \/>\n<meta property=\"og:availability\" content=\"instock\" \/>\n<meta property=\"product:availability\" content=\"instock\" \/>\n<meta property=\"product:retailer_item_id\" content=\"4202774\" \/>\n<meta property=\"product:condition\" content=\"new\" \/>\n<!-- \/ Yoast SEO Premium plugin. -->","yoast_head_json":{"title":"Truffes Golden Teacher 15 Gr - Dutchmicrodosing","robots":{"index":"index","follow":"follow","max-snippet":"max-snippet:-1","max-image-preview":"max-image-preview:large","max-video-preview":"max-video-preview:-1"},"canonical":"https:\/\/dutchmicrodosing.com\/fr\/truffes-a-la-psilocybine\/truffes-magiques\/truffes-de-lenseignant-dor\/","og_locale":"fr_FR","og_type":"article","og_title":"Truffes Golden Teacher 15 Gr","og_description":"Ces truffes Golden Teacher Truffles ne sont pas des truffes pour d\u00e9butants. Avec un indice de puissance de 6 \u00e9toiles, il s'agit d'une truffe magique","og_url":"https:\/\/dutchmicrodosing.com\/fr\/truffes-a-la-psilocybine\/truffes-magiques\/truffes-de-lenseignant-dor\/","og_site_name":"Dutchmicrodosing","article_publisher":"https:\/\/www.facebook.com\/Dutchmicrodosingxp\/","article_modified_time":"2026-02-03T15:42:47+00:00","og_image":[{"width":1000,"height":1000,"url":"https:\/\/dutchmicrodosing.com\/wp-content\/uploads\/2024\/02\/Goldenteacher_product_shop1000x1000.jpg","type":"image\/jpeg"}],"twitter_card":"summary_large_image","schema":{"@context":"https:\/\/schema.org","@graph":[{"@type":"WebPage","@id":"https:\/\/dutchmicrodosing.com\/fr\/truffes-a-la-psilocybine\/truffes-magiques\/truffes-de-lenseignant-dor\/","url":"https:\/\/dutchmicrodosing.com\/fr\/truffes-a-la-psilocybine\/truffes-magiques\/truffes-de-lenseignant-dor\/","name":"Truffes Golden Teacher 15 Gr - Dutchmicrodosing","isPartOf":{"@id":"https:\/\/dutchmicrodosing.com\/fr\/#website"},"primaryImageOfPage":{"@id":"https:\/\/dutchmicrodosing.com\/fr\/truffes-a-la-psilocybine\/truffes-magiques\/truffes-de-lenseignant-dor\/#primaryimage"},"image":{"@id":"https:\/\/dutchmicrodosing.com\/fr\/truffes-a-la-psilocybine\/truffes-magiques\/truffes-de-lenseignant-dor\/#primaryimage"},"thumbnailUrl":"https:\/\/dutchmicrodosing.com\/wp-content\/uploads\/2024\/02\/Goldenteacher_product_shop1000x1000.jpg","datePublished":"2024-02-08T10:05:54+00:00","dateModified":"2026-02-03T15:42:47+00:00","breadcrumb":{"@id":"https:\/\/dutchmicrodosing.com\/fr\/truffes-a-la-psilocybine\/truffes-magiques\/truffes-de-lenseignant-dor\/#breadcrumb"},"inLanguage":"fr-FR","potentialAction":[{"@type":"ReadAction","target":["https:\/\/dutchmicrodosing.com\/fr\/truffes-a-la-psilocybine\/truffes-magiques\/truffes-de-lenseignant-dor\/"]}]},{"@type":"ImageObject","inLanguage":"fr-FR","@id":"https:\/\/dutchmicrodosing.com\/fr\/truffes-a-la-psilocybine\/truffes-magiques\/truffes-de-lenseignant-dor\/#primaryimage","url":"https:\/\/dutchmicrodosing.com\/wp-content\/uploads\/2024\/02\/Goldenteacher_product_shop1000x1000.jpg","contentUrl":"https:\/\/dutchmicrodosing.com\/wp-content\/uploads\/2024\/02\/Goldenteacher_product_shop1000x1000.jpg","width":1000,"height":1000},{"@type":"BreadcrumbList","@id":"https:\/\/dutchmicrodosing.com\/fr\/truffes-a-la-psilocybine\/truffes-magiques\/truffes-de-lenseignant-dor\/#breadcrumb","itemListElement":[{"@type":"ListItem","position":1,"name":"Home","item":"https:\/\/dutchmicrodosing.com\/fr\/"},{"@type":"ListItem","position":2,"name":"Boutique","item":"https:\/\/dutchmicrodosing.com\/fr\/boutique\/"},{"@type":"ListItem","position":3,"name":"Truffes Golden Teacher 15 Gr"}]},{"@type":"WebSite","@id":"https:\/\/dutchmicrodosing.com\/fr\/#website","url":"https:\/\/dutchmicrodosing.com\/fr\/","name":"Dutchmicrodosing","description":"","publisher":{"@id":"https:\/\/dutchmicrodosing.com\/fr\/#organization"},"potentialAction":[{"@type":"SearchAction","target":{"@type":"EntryPoint","urlTemplate":"https:\/\/dutchmicrodosing.com\/fr\/?s={search_term_string}"},"query-input":{"@type":"PropertyValueSpecification","valueRequired":true,"valueName":"search_term_string"}}],"inLanguage":"fr-FR"},{"@type":"Organization","@id":"https:\/\/dutchmicrodosing.com\/fr\/#organization","name":"Dutchmicrodosing","url":"https:\/\/dutchmicrodosing.com\/fr\/","logo":{"@type":"ImageObject","inLanguage":"fr-FR","@id":"https:\/\/dutchmicrodosing.com\/fr\/#\/schema\/logo\/image\/","url":"https:\/\/dutchmicrodosing.com\/wp-content\/uploads\/2021\/01\/microdosing-categorie-pic-nieuw.jpg","contentUrl":"https:\/\/dutchmicrodosing.com\/wp-content\/uploads\/2021\/01\/microdosing-categorie-pic-nieuw.jpg","width":500,"height":500,"caption":"Dutchmicrodosing"},"image":{"@id":"https:\/\/dutchmicrodosing.com\/fr\/#\/schema\/logo\/image\/"},"sameAs":["https:\/\/www.facebook.com\/Dutchmicrodosingxp\/","https:\/\/www.instagram.com\/dutchmicrodosing\/"]}]},"product_price_amount":"16.95","product_price_currency":"EUR","og_availability":"instock","product_availability":"instock","product_retailer_item_id":"4202774","product_condition":"new"},"_links":{"self":[{"href":"https:\/\/dutchmicrodosing.com\/fr\/wp-json\/wp\/v2\/product\/35827","targetHints":{"allow":["GET"]}}],"collection":[{"href":"https:\/\/dutchmicrodosing.com\/fr\/wp-json\/wp\/v2\/product"}],"about":[{"href":"https:\/\/dutchmicrodosing.com\/fr\/wp-json\/wp\/v2\/types\/product"}],"replies":[{"embeddable":true,"href":"https:\/\/dutchmicrodosing.com\/fr\/wp-json\/wp\/v2\/comments?post=35827"}],"version-history":[{"count":1,"href":"https:\/\/dutchmicrodosing.com\/fr\/wp-json\/wp\/v2\/product\/35827\/revisions"}],"predecessor-version":[{"id":64313,"href":"https:\/\/dutchmicrodosing.com\/fr\/wp-json\/wp\/v2\/product\/35827\/revisions\/64313"}],"wp:featuredmedia":[{"embeddable":true,"href":"https:\/\/dutchmicrodosing.com\/fr\/wp-json\/wp\/v2\/media\/35921"}],"wp:attachment":[{"href":"https:\/\/dutchmicrodosing.com\/fr\/wp-json\/wp\/v2\/media?parent=35827"}],"wp:term":[{"taxonomy":"product_brand","embeddable":true,"href":"https:\/\/dutchmicrodosing.com\/fr\/wp-json\/wp\/v2\/product_brand?post=35827"},{"taxonomy":"product_cat","embeddable":true,"href":"https:\/\/dutchmicrodosing.com\/fr\/wp-json\/wp\/v2\/product_cat?post=35827"},{"taxonomy":"product_tag","embeddable":true,"href":"https:\/\/dutchmicrodosing.com\/fr\/wp-json\/wp\/v2\/product_tag?post=35827"}],"curies":[{"name":"wp","href":"https:\/\/api.w.org\/{rel}","templated":true}]}}