{"id":36710,"date":"2024-02-17T16:22:37","date_gmt":"2024-02-17T15:22:37","guid":{"rendered":"https:\/\/dutchmicrodosing.com\/shop\/non%20class\u00e9\/raw-cacao-nibs-ecuador-ceremony-quality\/"},"modified":"2025-09-08T15:45:02","modified_gmt":"2025-09-08T13:45:02","slug":"raw-cacao-nibs-ecuador-ceremony-quality","status":"publish","type":"product","link":"https:\/\/dutchmicrodosing.com\/fr\/boutique-de-sante\/supplements-energetiques\/raw-cacao-nibs-ecuador-ceremony-quality\/","title":{"rendered":"Fibres de cacao brutes biologiques du P\u00e9rou &#8211; Qualit\u00e9 c\u00e9r\u00e9moniale"},"content":{"rendered":"<p><strong>Organic Raw Cacao Nibs Peru<\/strong> est un v\u00e9ritable d\u00e9lice pour les amateurs de bonne cuisine et les personnes soucieuses de leur sant\u00e9. Ces petits mais puissants morceaux de la f\u00e8ve de cacao sont non seulement d\u00e9licieux, mais aussi riches en nutriments. Ils proviennent des paysages luxuriants et biodiversifi\u00e9s du P\u00e9rou et offrent une exp\u00e9rience gustative unique ainsi que de nombreux bienfaits pour la sant\u00e9. Ces f\u00e8ves de cacao de qualit\u00e9 sup\u00e9rieure proviennent de f\u00e8ves de cacao c\u00e9r\u00e9monielles du P\u00e9rou, certifi\u00e9es biologiques et cultiv\u00e9es de mani\u00e8re durable. Ils ont \u00e9t\u00e9 s\u00e9lectionn\u00e9s avec le plus grand soin et la plus grande attention \u00e0 la qualit\u00e9 et \u00e0 la puret\u00e9, sp\u00e9cifiquement pour un usage c\u00e9r\u00e9moniel. Notre engagement en faveur du commerce \u00e9quitable et de la durabilit\u00e9 est garanti \u00e0 chaque \u00e9tape du processus de production, ce qui nous permet de proposer un produit \u00e9thique et de haute qualit\u00e9 r\u00e9pondant aux normes les plus strictes.<\/p>\n<h3>Les bienfaits de l&rsquo;\u00e9corce de cacao crue<\/h3>\n<p>Les f\u00e8ves de cacao crues sont une excellente source d&rsquo;antioxydants, en particulier de flavono\u00efdes, qui peuvent aider \u00e0 prot\u00e9ger contre le stress oxydatif et l&rsquo;inflammation. Ils contiennent \u00e9galement des min\u00e9raux essentiels tels que le magn\u00e9sium, le fer et le potassium, qui contribuent \u00e0 la sant\u00e9 du c\u0153ur, \u00e0 la solidit\u00e9 des muscles et \u00e0 l&rsquo;\u00e9quilibre du syst\u00e8me nerveux. En outre, ils offrent une bonne quantit\u00e9 de fibres pour une digestion saine et peuvent am\u00e9liorer l&rsquo;humeur gr\u00e2ce \u00e0 la pr\u00e9sence de th\u00e9obromine et d&rsquo;une petite quantit\u00e9 de caf\u00e9ine.<\/p>\n<h3>Ingr\u00e9dients<\/h3>\n<p>100 % de f\u00e8ves de cacao brutes c\u00e9r\u00e9monielles du P\u00e9rou.<\/p>\n<h3>Utilisation des grenailles de cacao brutes<\/h3>\n<p>Vous pouvez consommer les fibres de cacao crues directement ou les ajouter \u00e0 votre alimentation.<\/p>\n<h4>Utilisation c\u00e9r\u00e9moniale<\/h4>\n<p>L&rsquo;utilisation des \u00e9clats de cacao \u00e0 des fins c\u00e9r\u00e9monielles remonte aux anciennes cultures m\u00e9soam\u00e9ricaines, telles que les Mayas et les Azt\u00e8ques, qui consid\u00e9raient le cacao comme un cadeau sacr\u00e9 des dieux. En r\u00e8gle g\u00e9n\u00e9rale, une dose c\u00e9r\u00e9monielle se situe entre 20 et 40 grammes de f\u00e8ves de cacao brutes. Cela \u00e9quivaut \u00e0 peu pr\u00e8s \u00e0 20 \u00e0 40 grammes de f\u00e8ves de cacao brutes. Toutefois, certaines c\u00e9r\u00e9monies peuvent utiliser des quantit\u00e9s plus importantes, jusqu&rsquo;\u00e0 42 grammes ou m\u00eame plus, en fonction de la tradition, de l&rsquo;intention de la c\u00e9r\u00e9monie, de l&rsquo;exp\u00e9rience et de la sensibilit\u00e9 des participants.<\/p>\n<ol>\n<li>Intention Zetten :<br \/>\nAvant de commencer, il est important de d\u00e9finir clairement votre intention pour la c\u00e9r\u00e9monie. Il peut s&rsquo;agir de d\u00e9veloppement personnel, de gu\u00e9rison, de gratitude ou de conseils sur un d\u00e9fi particulier.<\/li>\n<li>Fibres de cacao S\u00e9lectionner :<br \/>\nVeillez \u00e0 utiliser des f\u00e8ves de cacao brutes et biologiques de haute qualit\u00e9, provenant de pr\u00e9f\u00e9rence d&rsquo;une source qui soutient les pratiques de commerce durable et \u00e9quitable. Cela permet non seulement de respecter la nature sacr\u00e9e du cacao, mais aussi de garantir la puret\u00e9 de l&rsquo;\u00e9nergie qu&rsquo;il v\u00e9hicule.<\/li>\n<li>Fabrication de boissons c\u00e9r\u00e9monielles \u00e0 base de cacao :<br \/>\n-Commencez par torr\u00e9fier les grains de cacao \u00e0 basse temp\u00e9rature pour lib\u00e9rer leurs ar\u00f4mes. Cette option est facultative et d\u00e9pend des pr\u00e9f\u00e9rences personnelles.<br \/>\n&#8211; R\u00e9duire en poudre fine les f\u00e8ves de cacao torr\u00e9fi\u00e9es ou crues \u00e0 l&rsquo;aide d&rsquo;un moulin ou d&rsquo;un mortier.<br \/>\n&#8211; M\u00e9langer la poudre de cacao avec de l&rsquo;eau chaude ou un lait v\u00e9g\u00e9tal de votre choix. La quantit\u00e9 d&rsquo;eau ou de lait d\u00e9pend de l&rsquo;\u00e9paisseur de la boisson.<br \/>\n&#8211; Si vous le souhaitez, ajoutez des \u00e9dulcorants naturels tels que le miel ou le sirop d&rsquo;\u00e9rable, ainsi que des \u00e9pices telles que le piment, la cannelle ou la vanille pour renforcer la saveur et les propri\u00e9t\u00e9s \u00e9nergisantes.<\/li>\n<li>La c\u00e9r\u00e9monie :<br \/>\n&#8211; Cr\u00e9ez un espace sacr\u00e9 en purifiant votre environnement avec de la sauge, du Palo Santo ou de l&rsquo;encens, par exemple.<br \/>\n&#8211; Invitez les participants \u00e0 s&rsquo;asseoir en cercle et \u00e0 partager la boisson au cacao.<br \/>\n&#8211; Pendant que chacun tient la boisson au cacao, encouragez-les \u00e0 souffler leurs intentions dans le cacao, en l'\u00a0\u00bbactivant\u00a0\u00bb \u00e9nerg\u00e9tiquement avec leurs pri\u00e8res ou leurs souhaits personnels.<br \/>\n&#8211; Boire ensemble la boisson au cacao. Prenez le temps de sentir la saveur, la chaleur et l&rsquo;\u00e9nergie du cacao.<br \/>\n&#8211; La c\u00e9r\u00e9monie peut se poursuivre par une m\u00e9ditation, des chants, des danses, des percussions ou d&rsquo;autres activit\u00e9s qui aident le groupe \u00e0 se connecter et \u00e0 approfondir ses intentions.<\/li>\n<\/ol>\n<h3>Contenu<\/h3>\n<p>Fibres de cacao brutes biologiques du P\u00e9rou &#8211; 200g.<\/p>\n","protected":false},"excerpt":{"rendered":"<p>Organic Raw Cacao Nibs Peru est un v\u00e9ritable d\u00e9lice pour les amateurs de bonne cuisine et les personnes soucieuses de leur sant\u00e9. Ces petits mais puissants morceaux de la f\u00e8ve de cacao sont non seulement d\u00e9licieux, mais aussi riches en nutriments. Ils proviennent des paysages luxuriants et biodiversifi\u00e9s du P\u00e9rou et offrent une exp\u00e9rience gustative [&hellip;]<\/p>\n","protected":false},"featured_media":36601,"comment_status":"closed","ping_status":"closed","template":"","meta":[],"product_brand":[],"product_cat":[336,290,291],"product_tag":[],"class_list":{"0":"post-36710","1":"product","2":"type-product","3":"status-publish","4":"has-post-thumbnail","6":"product_cat-raw-cacao","7":"product_cat-supplements-energetiques","8":"product_cat-supplements-pour-le-systeme-immunitaire","10":"first","11":"instock","12":"taxable","13":"shipping-taxable","14":"purchasable","15":"product-type-simple"},"yoast_head":"<!-- This site is optimized with the Yoast SEO Premium plugin v26.4 (Yoast SEO v27.4) - https:\/\/yoast.com\/product\/yoast-seo-premium-wordpress\/ -->\n<title>Fibres de cacao brutes biologiques du P\u00e9rou - Qualit\u00e9 c\u00e9r\u00e9moniale - Dutchmicrodosing<\/title>\n<meta name=\"robots\" content=\"index, follow, max-snippet:-1, max-image-preview:large, max-video-preview:-1\" \/>\n<link rel=\"canonical\" href=\"https:\/\/dutchmicrodosing.com\/fr\/boutique-de-sante\/supplements-energetiques\/raw-cacao-nibs-ecuador-ceremony-quality\/\" \/>\n<meta property=\"og:locale\" content=\"fr_FR\" \/>\n<meta property=\"og:type\" content=\"article\" \/>\n<meta property=\"og:title\" content=\"Fibres de cacao brutes biologiques du P\u00e9rou - Qualit\u00e9 c\u00e9r\u00e9moniale\" \/>\n<meta property=\"og:description\" content=\"Organic Raw Cacao Nibs Peru est un v\u00e9ritable d\u00e9lice pour les amateurs de bonne cuisine et les personnes soucieuses de leur sant\u00e9. Ces petits mais\" \/>\n<meta property=\"og:url\" content=\"https:\/\/dutchmicrodosing.com\/fr\/boutique-de-sante\/supplements-energetiques\/raw-cacao-nibs-ecuador-ceremony-quality\/\" \/>\n<meta property=\"og:site_name\" content=\"Dutchmicrodosing\" \/>\n<meta property=\"article:publisher\" content=\"https:\/\/www.facebook.com\/Dutchmicrodosingxp\/\" \/>\n<meta property=\"article:modified_time\" content=\"2025-09-08T13:45:02+00:00\" \/>\n<meta property=\"og:image\" content=\"https:\/\/dutchmicrodosing.com\/wp-content\/uploads\/2024\/02\/shutterstock_385625917-scaled.jpg\" \/>\n\t<meta property=\"og:image:width\" content=\"2560\" \/>\n\t<meta property=\"og:image:height\" content=\"2310\" \/>\n\t<meta property=\"og:image:type\" content=\"image\/jpeg\" \/>\n<meta name=\"twitter:card\" content=\"summary_large_image\" \/>\n<script type=\"application\/ld+json\" class=\"yoast-schema-graph\">{\"@context\":\"https:\\\/\\\/schema.org\",\"@graph\":[{\"@type\":\"WebPage\",\"@id\":\"https:\\\/\\\/dutchmicrodosing.com\\\/fr\\\/boutique-de-sante\\\/supplements-energetiques\\\/raw-cacao-nibs-ecuador-ceremony-quality\\\/\",\"url\":\"https:\\\/\\\/dutchmicrodosing.com\\\/fr\\\/boutique-de-sante\\\/supplements-energetiques\\\/raw-cacao-nibs-ecuador-ceremony-quality\\\/\",\"name\":\"Fibres de cacao brutes biologiques du P\u00e9rou - Qualit\u00e9 c\u00e9r\u00e9moniale - Dutchmicrodosing\",\"isPartOf\":{\"@id\":\"https:\\\/\\\/dutchmicrodosing.com\\\/fr\\\/#website\"},\"primaryImageOfPage\":{\"@id\":\"https:\\\/\\\/dutchmicrodosing.com\\\/fr\\\/boutique-de-sante\\\/supplements-energetiques\\\/raw-cacao-nibs-ecuador-ceremony-quality\\\/#primaryimage\"},\"image\":{\"@id\":\"https:\\\/\\\/dutchmicrodosing.com\\\/fr\\\/boutique-de-sante\\\/supplements-energetiques\\\/raw-cacao-nibs-ecuador-ceremony-quality\\\/#primaryimage\"},\"thumbnailUrl\":\"https:\\\/\\\/dutchmicrodosing.com\\\/wp-content\\\/uploads\\\/2024\\\/02\\\/shutterstock_385625917-scaled.jpg\",\"datePublished\":\"2024-02-17T15:22:37+00:00\",\"dateModified\":\"2025-09-08T13:45:02+00:00\",\"breadcrumb\":{\"@id\":\"https:\\\/\\\/dutchmicrodosing.com\\\/fr\\\/boutique-de-sante\\\/supplements-energetiques\\\/raw-cacao-nibs-ecuador-ceremony-quality\\\/#breadcrumb\"},\"inLanguage\":\"fr-FR\",\"potentialAction\":[{\"@type\":\"ReadAction\",\"target\":[\"https:\\\/\\\/dutchmicrodosing.com\\\/fr\\\/boutique-de-sante\\\/supplements-energetiques\\\/raw-cacao-nibs-ecuador-ceremony-quality\\\/\"]}]},{\"@type\":\"ImageObject\",\"inLanguage\":\"fr-FR\",\"@id\":\"https:\\\/\\\/dutchmicrodosing.com\\\/fr\\\/boutique-de-sante\\\/supplements-energetiques\\\/raw-cacao-nibs-ecuador-ceremony-quality\\\/#primaryimage\",\"url\":\"https:\\\/\\\/dutchmicrodosing.com\\\/wp-content\\\/uploads\\\/2024\\\/02\\\/shutterstock_385625917-scaled.jpg\",\"contentUrl\":\"https:\\\/\\\/dutchmicrodosing.com\\\/wp-content\\\/uploads\\\/2024\\\/02\\\/shutterstock_385625917-scaled.jpg\",\"width\":2560,\"height\":2310},{\"@type\":\"BreadcrumbList\",\"@id\":\"https:\\\/\\\/dutchmicrodosing.com\\\/fr\\\/boutique-de-sante\\\/supplements-energetiques\\\/raw-cacao-nibs-ecuador-ceremony-quality\\\/#breadcrumb\",\"itemListElement\":[{\"@type\":\"ListItem\",\"position\":1,\"name\":\"Home\",\"item\":\"https:\\\/\\\/dutchmicrodosing.com\\\/fr\\\/\"},{\"@type\":\"ListItem\",\"position\":2,\"name\":\"Boutique\",\"item\":\"https:\\\/\\\/dutchmicrodosing.com\\\/fr\\\/boutique\\\/\"},{\"@type\":\"ListItem\",\"position\":3,\"name\":\"Fibres de cacao brutes biologiques du P\u00e9rou &#8211; Qualit\u00e9 c\u00e9r\u00e9moniale\"}]},{\"@type\":\"WebSite\",\"@id\":\"https:\\\/\\\/dutchmicrodosing.com\\\/fr\\\/#website\",\"url\":\"https:\\\/\\\/dutchmicrodosing.com\\\/fr\\\/\",\"name\":\"Dutchmicrodosing\",\"description\":\"\",\"publisher\":{\"@id\":\"https:\\\/\\\/dutchmicrodosing.com\\\/fr\\\/#organization\"},\"potentialAction\":[{\"@type\":\"SearchAction\",\"target\":{\"@type\":\"EntryPoint\",\"urlTemplate\":\"https:\\\/\\\/dutchmicrodosing.com\\\/fr\\\/?s={search_term_string}\"},\"query-input\":{\"@type\":\"PropertyValueSpecification\",\"valueRequired\":true,\"valueName\":\"search_term_string\"}}],\"inLanguage\":\"fr-FR\"},{\"@type\":\"Organization\",\"@id\":\"https:\\\/\\\/dutchmicrodosing.com\\\/fr\\\/#organization\",\"name\":\"Dutchmicrodosing\",\"url\":\"https:\\\/\\\/dutchmicrodosing.com\\\/fr\\\/\",\"logo\":{\"@type\":\"ImageObject\",\"inLanguage\":\"fr-FR\",\"@id\":\"https:\\\/\\\/dutchmicrodosing.com\\\/fr\\\/#\\\/schema\\\/logo\\\/image\\\/\",\"url\":\"https:\\\/\\\/dutchmicrodosing.com\\\/wp-content\\\/uploads\\\/2021\\\/01\\\/microdosing-categorie-pic-nieuw.jpg\",\"contentUrl\":\"https:\\\/\\\/dutchmicrodosing.com\\\/wp-content\\\/uploads\\\/2021\\\/01\\\/microdosing-categorie-pic-nieuw.jpg\",\"width\":500,\"height\":500,\"caption\":\"Dutchmicrodosing\"},\"image\":{\"@id\":\"https:\\\/\\\/dutchmicrodosing.com\\\/fr\\\/#\\\/schema\\\/logo\\\/image\\\/\"},\"sameAs\":[\"https:\\\/\\\/www.facebook.com\\\/Dutchmicrodosingxp\\\/\",\"https:\\\/\\\/www.instagram.com\\\/dutchmicrodosing\\\/\"]}]}<\/script>\n<meta property=\"product:price:amount\" content=\"14.95\" \/>\n<meta property=\"product:price:currency\" content=\"EUR\" \/>\n<meta property=\"og:availability\" content=\"instock\" \/>\n<meta property=\"product:availability\" content=\"instock\" \/>\n<meta property=\"product:retailer_item_id\" content=\"4202293\" \/>\n<meta property=\"product:condition\" content=\"new\" \/>\n<!-- \/ Yoast SEO Premium plugin. -->","yoast_head_json":{"title":"Fibres de cacao brutes biologiques du P\u00e9rou - Qualit\u00e9 c\u00e9r\u00e9moniale - Dutchmicrodosing","robots":{"index":"index","follow":"follow","max-snippet":"max-snippet:-1","max-image-preview":"max-image-preview:large","max-video-preview":"max-video-preview:-1"},"canonical":"https:\/\/dutchmicrodosing.com\/fr\/boutique-de-sante\/supplements-energetiques\/raw-cacao-nibs-ecuador-ceremony-quality\/","og_locale":"fr_FR","og_type":"article","og_title":"Fibres de cacao brutes biologiques du P\u00e9rou - Qualit\u00e9 c\u00e9r\u00e9moniale","og_description":"Organic Raw Cacao Nibs Peru est un v\u00e9ritable d\u00e9lice pour les amateurs de bonne cuisine et les personnes soucieuses de leur sant\u00e9. Ces petits mais","og_url":"https:\/\/dutchmicrodosing.com\/fr\/boutique-de-sante\/supplements-energetiques\/raw-cacao-nibs-ecuador-ceremony-quality\/","og_site_name":"Dutchmicrodosing","article_publisher":"https:\/\/www.facebook.com\/Dutchmicrodosingxp\/","article_modified_time":"2025-09-08T13:45:02+00:00","og_image":[{"width":2560,"height":2310,"url":"https:\/\/dutchmicrodosing.com\/wp-content\/uploads\/2024\/02\/shutterstock_385625917-scaled.jpg","type":"image\/jpeg"}],"twitter_card":"summary_large_image","schema":{"@context":"https:\/\/schema.org","@graph":[{"@type":"WebPage","@id":"https:\/\/dutchmicrodosing.com\/fr\/boutique-de-sante\/supplements-energetiques\/raw-cacao-nibs-ecuador-ceremony-quality\/","url":"https:\/\/dutchmicrodosing.com\/fr\/boutique-de-sante\/supplements-energetiques\/raw-cacao-nibs-ecuador-ceremony-quality\/","name":"Fibres de cacao brutes biologiques du P\u00e9rou - Qualit\u00e9 c\u00e9r\u00e9moniale - Dutchmicrodosing","isPartOf":{"@id":"https:\/\/dutchmicrodosing.com\/fr\/#website"},"primaryImageOfPage":{"@id":"https:\/\/dutchmicrodosing.com\/fr\/boutique-de-sante\/supplements-energetiques\/raw-cacao-nibs-ecuador-ceremony-quality\/#primaryimage"},"image":{"@id":"https:\/\/dutchmicrodosing.com\/fr\/boutique-de-sante\/supplements-energetiques\/raw-cacao-nibs-ecuador-ceremony-quality\/#primaryimage"},"thumbnailUrl":"https:\/\/dutchmicrodosing.com\/wp-content\/uploads\/2024\/02\/shutterstock_385625917-scaled.jpg","datePublished":"2024-02-17T15:22:37+00:00","dateModified":"2025-09-08T13:45:02+00:00","breadcrumb":{"@id":"https:\/\/dutchmicrodosing.com\/fr\/boutique-de-sante\/supplements-energetiques\/raw-cacao-nibs-ecuador-ceremony-quality\/#breadcrumb"},"inLanguage":"fr-FR","potentialAction":[{"@type":"ReadAction","target":["https:\/\/dutchmicrodosing.com\/fr\/boutique-de-sante\/supplements-energetiques\/raw-cacao-nibs-ecuador-ceremony-quality\/"]}]},{"@type":"ImageObject","inLanguage":"fr-FR","@id":"https:\/\/dutchmicrodosing.com\/fr\/boutique-de-sante\/supplements-energetiques\/raw-cacao-nibs-ecuador-ceremony-quality\/#primaryimage","url":"https:\/\/dutchmicrodosing.com\/wp-content\/uploads\/2024\/02\/shutterstock_385625917-scaled.jpg","contentUrl":"https:\/\/dutchmicrodosing.com\/wp-content\/uploads\/2024\/02\/shutterstock_385625917-scaled.jpg","width":2560,"height":2310},{"@type":"BreadcrumbList","@id":"https:\/\/dutchmicrodosing.com\/fr\/boutique-de-sante\/supplements-energetiques\/raw-cacao-nibs-ecuador-ceremony-quality\/#breadcrumb","itemListElement":[{"@type":"ListItem","position":1,"name":"Home","item":"https:\/\/dutchmicrodosing.com\/fr\/"},{"@type":"ListItem","position":2,"name":"Boutique","item":"https:\/\/dutchmicrodosing.com\/fr\/boutique\/"},{"@type":"ListItem","position":3,"name":"Fibres de cacao brutes biologiques du P\u00e9rou &#8211; Qualit\u00e9 c\u00e9r\u00e9moniale"}]},{"@type":"WebSite","@id":"https:\/\/dutchmicrodosing.com\/fr\/#website","url":"https:\/\/dutchmicrodosing.com\/fr\/","name":"Dutchmicrodosing","description":"","publisher":{"@id":"https:\/\/dutchmicrodosing.com\/fr\/#organization"},"potentialAction":[{"@type":"SearchAction","target":{"@type":"EntryPoint","urlTemplate":"https:\/\/dutchmicrodosing.com\/fr\/?s={search_term_string}"},"query-input":{"@type":"PropertyValueSpecification","valueRequired":true,"valueName":"search_term_string"}}],"inLanguage":"fr-FR"},{"@type":"Organization","@id":"https:\/\/dutchmicrodosing.com\/fr\/#organization","name":"Dutchmicrodosing","url":"https:\/\/dutchmicrodosing.com\/fr\/","logo":{"@type":"ImageObject","inLanguage":"fr-FR","@id":"https:\/\/dutchmicrodosing.com\/fr\/#\/schema\/logo\/image\/","url":"https:\/\/dutchmicrodosing.com\/wp-content\/uploads\/2021\/01\/microdosing-categorie-pic-nieuw.jpg","contentUrl":"https:\/\/dutchmicrodosing.com\/wp-content\/uploads\/2021\/01\/microdosing-categorie-pic-nieuw.jpg","width":500,"height":500,"caption":"Dutchmicrodosing"},"image":{"@id":"https:\/\/dutchmicrodosing.com\/fr\/#\/schema\/logo\/image\/"},"sameAs":["https:\/\/www.facebook.com\/Dutchmicrodosingxp\/","https:\/\/www.instagram.com\/dutchmicrodosing\/"]}]},"product_price_amount":"14.95","product_price_currency":"EUR","og_availability":"instock","product_availability":"instock","product_retailer_item_id":"4202293","product_condition":"new"},"_links":{"self":[{"href":"https:\/\/dutchmicrodosing.com\/fr\/wp-json\/wp\/v2\/product\/36710","targetHints":{"allow":["GET"]}}],"collection":[{"href":"https:\/\/dutchmicrodosing.com\/fr\/wp-json\/wp\/v2\/product"}],"about":[{"href":"https:\/\/dutchmicrodosing.com\/fr\/wp-json\/wp\/v2\/types\/product"}],"replies":[{"embeddable":true,"href":"https:\/\/dutchmicrodosing.com\/fr\/wp-json\/wp\/v2\/comments?post=36710"}],"version-history":[{"count":0,"href":"https:\/\/dutchmicrodosing.com\/fr\/wp-json\/wp\/v2\/product\/36710\/revisions"}],"wp:featuredmedia":[{"embeddable":true,"href":"https:\/\/dutchmicrodosing.com\/fr\/wp-json\/wp\/v2\/media\/36601"}],"wp:attachment":[{"href":"https:\/\/dutchmicrodosing.com\/fr\/wp-json\/wp\/v2\/media?parent=36710"}],"wp:term":[{"taxonomy":"product_brand","embeddable":true,"href":"https:\/\/dutchmicrodosing.com\/fr\/wp-json\/wp\/v2\/product_brand?post=36710"},{"taxonomy":"product_cat","embeddable":true,"href":"https:\/\/dutchmicrodosing.com\/fr\/wp-json\/wp\/v2\/product_cat?post=36710"},{"taxonomy":"product_tag","embeddable":true,"href":"https:\/\/dutchmicrodosing.com\/fr\/wp-json\/wp\/v2\/product_tag?post=36710"}],"curies":[{"name":"wp","href":"https:\/\/api.w.org\/{rel}","templated":true}]}}