{"id":36816,"date":"2024-03-01T09:10:07","date_gmt":"2024-03-01T08:10:07","guid":{"rendered":"https:\/\/dutchmicrodosing.com\/?post_type=product&#038;p=36816"},"modified":"2025-09-28T20:46:36","modified_gmt":"2025-09-28T18:46:36","slug":"agitateur-a-chocolat-molinillo","status":"publish","type":"product","link":"https:\/\/dutchmicrodosing.com\/fr\/boutique-de-sante\/raw-cacao\/agitateur-a-chocolat-molinillo\/","title":{"rendered":"Molinillo &#8211; Agitateur de chocolat"},"content":{"rendered":"<p>Le <strong>Molinillo &#8211; Agitateur de chocolat <\/strong>est un magnifique objet d&rsquo;artisanat traditionnel originaire de M\u00e9so-Am\u00e9rique. Utilis\u00e9 il y a plusieurs si\u00e8cles par les Mayas et les Azt\u00e8ques, puis r\u00e9pandu en Europe, cet ustensile de cuisine en bois est toujours utilis\u00e9 pour m\u00e9langer et faire mousser les boissons au chocolat chaud de mani\u00e8re authentique.<\/p>\n<h3>Caract\u00e9ristiques<\/h3>\n<ul>\n<li>Fabriqu\u00e9 \u00e0 la main en bois, avec le souci du d\u00e9tail et de la tradition<\/li>\n<li>Id\u00e9al pour faire mousser les boissons traditionnelles \u00e0 base de cacao<\/li>\n<li>Fonctionnel et d\u00e9coratif : ajoute un \u00e9l\u00e9ment culturel \u00e0 votre cuisine<\/li>\n<li>Un lien tangible avec l&rsquo;histoire culinaire de la M\u00e9soam\u00e9rique<\/li>\n<\/ul>\n<h3>Utilisation<\/h3>\n<p>Le fonctionnement du Molinillo est simple mais efficace. Placer le Molinillo dans une boisson chaude \u00e0 base de cacao et faire rouler le manche entre les paumes pour que l&rsquo;instrument commence \u00e0 tourner. Ce tourbillon m\u00e9lange la boisson et introduit de l&rsquo;air dans le liquide, cr\u00e9ant ainsi une texture cr\u00e9meuse et mousseuse. Outre sa fonction pratique, l&rsquo;utilisation du Molinillo est \u00e9galement un \u00e9l\u00e9ment rituel de la cuisine, qui rend hommage \u00e0 des traditions ancestrales.<\/p>\n<h3>Contenu<\/h3>\n<p>1 Molinillo en bois fait \u00e0 la main<\/p>\n<h3>Avis de non-responsabilit\u00e9<\/h3>\n<p><em>Le contenu de ce texte est fourni \u00e0 titre d&rsquo;information uniquement et ne remplace pas les conseils d&rsquo;un professionnel. N&rsquo;utilisez ce produit que pour l&rsquo;usage auquel il est destin\u00e9.<\/em><\/p>\n","protected":false},"excerpt":{"rendered":"<p>Le Molinillo &#8211; Agitateur de chocolat est un magnifique objet d&rsquo;artisanat traditionnel originaire de M\u00e9so-Am\u00e9rique. Utilis\u00e9 il y a plusieurs si\u00e8cles par les Mayas et les Azt\u00e8ques, puis r\u00e9pandu en Europe, cet ustensile de cuisine en bois est toujours utilis\u00e9 pour m\u00e9langer et faire mousser les boissons au chocolat chaud de mani\u00e8re authentique. Caract\u00e9ristiques Fabriqu\u00e9 [&hellip;]<\/p>\n","protected":false},"featured_media":36717,"comment_status":"closed","ping_status":"closed","template":"","meta":[],"product_brand":[],"product_cat":[336],"product_tag":[],"class_list":{"0":"post-36816","1":"product","2":"type-product","3":"status-publish","4":"has-post-thumbnail","6":"product_cat-raw-cacao","8":"first","9":"instock","10":"taxable","11":"shipping-taxable","12":"purchasable","13":"product-type-simple"},"yoast_head":"<!-- This site is optimized with the Yoast SEO Premium plugin v26.4 (Yoast SEO v27.2) - https:\/\/yoast.com\/product\/yoast-seo-premium-wordpress\/ -->\n<title>Molinillo - Agitateur de chocolat - Dutchmicrodosing<\/title>\n<meta name=\"description\" content=\"Molinillo fait \u00e0 la main, outil de cuisine traditionnel en bois pour faire mousser le cacao chaud. Authentique, d\u00e9coratif et fonctionnel.\" \/>\n<meta name=\"robots\" content=\"index, follow, max-snippet:-1, max-image-preview:large, max-video-preview:-1\" \/>\n<link rel=\"canonical\" href=\"https:\/\/dutchmicrodosing.com\/fr\/boutique-de-sante\/raw-cacao\/agitateur-a-chocolat-molinillo\/\" \/>\n<meta property=\"og:locale\" content=\"fr_FR\" \/>\n<meta property=\"og:type\" content=\"article\" \/>\n<meta property=\"og:title\" content=\"Molinillo - Agitateur de chocolat\" \/>\n<meta property=\"og:description\" content=\"Le Molinillo - Agitateur de chocolat est un magnifique objet d&#039;artisanat traditionnel originaire de M\u00e9so-Am\u00e9rique. Utilis\u00e9 il y a plusieurs si\u00e8cles par\" \/>\n<meta property=\"og:url\" content=\"https:\/\/dutchmicrodosing.com\/fr\/boutique-de-sante\/raw-cacao\/agitateur-a-chocolat-molinillo\/\" \/>\n<meta property=\"og:site_name\" content=\"Dutchmicrodosing\" \/>\n<meta property=\"article:publisher\" content=\"https:\/\/www.facebook.com\/Dutchmicrodosingxp\/\" \/>\n<meta property=\"article:modified_time\" content=\"2025-09-28T18:46:36+00:00\" \/>\n<meta property=\"og:image\" content=\"https:\/\/dutchmicrodosing.com\/wp-content\/uploads\/2024\/03\/chocolate-stirrer-NEW.jpg\" \/>\n\t<meta property=\"og:image:width\" content=\"500\" \/>\n\t<meta property=\"og:image:height\" content=\"500\" \/>\n\t<meta property=\"og:image:type\" content=\"image\/jpeg\" \/>\n<meta name=\"twitter:card\" content=\"summary_large_image\" \/>\n<script type=\"application\/ld+json\" class=\"yoast-schema-graph\">{\"@context\":\"https:\/\/schema.org\",\"@graph\":[{\"@type\":\"WebPage\",\"@id\":\"https:\/\/dutchmicrodosing.com\/fr\/boutique-de-sante\/raw-cacao\/agitateur-a-chocolat-molinillo\/\",\"url\":\"https:\/\/dutchmicrodosing.com\/fr\/boutique-de-sante\/raw-cacao\/agitateur-a-chocolat-molinillo\/\",\"name\":\"Molinillo - Agitateur de chocolat - Dutchmicrodosing\",\"isPartOf\":{\"@id\":\"https:\/\/dutchmicrodosing.com\/fr\/#website\"},\"primaryImageOfPage\":{\"@id\":\"https:\/\/dutchmicrodosing.com\/fr\/boutique-de-sante\/raw-cacao\/agitateur-a-chocolat-molinillo\/#primaryimage\"},\"image\":{\"@id\":\"https:\/\/dutchmicrodosing.com\/fr\/boutique-de-sante\/raw-cacao\/agitateur-a-chocolat-molinillo\/#primaryimage\"},\"thumbnailUrl\":\"https:\/\/dutchmicrodosing.com\/wp-content\/uploads\/2024\/03\/chocolate-stirrer-NEW.jpg\",\"datePublished\":\"2024-03-01T08:10:07+00:00\",\"dateModified\":\"2025-09-28T18:46:36+00:00\",\"description\":\"Molinillo fait \u00e0 la main, outil de cuisine traditionnel en bois pour faire mousser le cacao chaud. Authentique, d\u00e9coratif et fonctionnel.\",\"breadcrumb\":{\"@id\":\"https:\/\/dutchmicrodosing.com\/fr\/boutique-de-sante\/raw-cacao\/agitateur-a-chocolat-molinillo\/#breadcrumb\"},\"inLanguage\":\"fr-FR\",\"potentialAction\":[{\"@type\":\"ReadAction\",\"target\":[\"https:\/\/dutchmicrodosing.com\/fr\/boutique-de-sante\/raw-cacao\/agitateur-a-chocolat-molinillo\/\"]}]},{\"@type\":\"ImageObject\",\"inLanguage\":\"fr-FR\",\"@id\":\"https:\/\/dutchmicrodosing.com\/fr\/boutique-de-sante\/raw-cacao\/agitateur-a-chocolat-molinillo\/#primaryimage\",\"url\":\"https:\/\/dutchmicrodosing.com\/wp-content\/uploads\/2024\/03\/chocolate-stirrer-NEW.jpg\",\"contentUrl\":\"https:\/\/dutchmicrodosing.com\/wp-content\/uploads\/2024\/03\/chocolate-stirrer-NEW.jpg\",\"width\":500,\"height\":500},{\"@type\":\"BreadcrumbList\",\"@id\":\"https:\/\/dutchmicrodosing.com\/fr\/boutique-de-sante\/raw-cacao\/agitateur-a-chocolat-molinillo\/#breadcrumb\",\"itemListElement\":[{\"@type\":\"ListItem\",\"position\":1,\"name\":\"Home\",\"item\":\"https:\/\/dutchmicrodosing.com\/fr\/\"},{\"@type\":\"ListItem\",\"position\":2,\"name\":\"Boutique\",\"item\":\"https:\/\/dutchmicrodosing.com\/fr\/boutique\/\"},{\"@type\":\"ListItem\",\"position\":3,\"name\":\"Molinillo &#8211; Agitateur de chocolat\"}]},{\"@type\":\"WebSite\",\"@id\":\"https:\/\/dutchmicrodosing.com\/fr\/#website\",\"url\":\"https:\/\/dutchmicrodosing.com\/fr\/\",\"name\":\"Dutchmicrodosing\",\"description\":\"\",\"publisher\":{\"@id\":\"https:\/\/dutchmicrodosing.com\/fr\/#organization\"},\"potentialAction\":[{\"@type\":\"SearchAction\",\"target\":{\"@type\":\"EntryPoint\",\"urlTemplate\":\"https:\/\/dutchmicrodosing.com\/fr\/?s={search_term_string}\"},\"query-input\":{\"@type\":\"PropertyValueSpecification\",\"valueRequired\":true,\"valueName\":\"search_term_string\"}}],\"inLanguage\":\"fr-FR\"},{\"@type\":\"Organization\",\"@id\":\"https:\/\/dutchmicrodosing.com\/fr\/#organization\",\"name\":\"Dutchmicrodosing\",\"url\":\"https:\/\/dutchmicrodosing.com\/fr\/\",\"logo\":{\"@type\":\"ImageObject\",\"inLanguage\":\"fr-FR\",\"@id\":\"https:\/\/dutchmicrodosing.com\/fr\/#\/schema\/logo\/image\/\",\"url\":\"https:\/\/dutchmicrodosing.com\/wp-content\/uploads\/2021\/01\/microdosing-categorie-pic-nieuw.jpg\",\"contentUrl\":\"https:\/\/dutchmicrodosing.com\/wp-content\/uploads\/2021\/01\/microdosing-categorie-pic-nieuw.jpg\",\"width\":500,\"height\":500,\"caption\":\"Dutchmicrodosing\"},\"image\":{\"@id\":\"https:\/\/dutchmicrodosing.com\/fr\/#\/schema\/logo\/image\/\"},\"sameAs\":[\"https:\/\/www.facebook.com\/Dutchmicrodosingxp\/\",\"https:\/\/www.instagram.com\/dutchmicrodosing\/\"]}]}<\/script>\n<meta property=\"product:price:amount\" content=\"19.95\" \/>\n<meta property=\"product:price:currency\" content=\"EUR\" \/>\n<meta property=\"og:availability\" content=\"instock\" \/>\n<meta property=\"product:availability\" content=\"instock\" \/>\n<meta property=\"product:retailer_item_id\" content=\"4203162\" \/>\n<meta property=\"product:condition\" content=\"new\" \/>\n<!-- \/ Yoast SEO Premium plugin. -->","yoast_head_json":{"title":"Molinillo - Agitateur de chocolat - Dutchmicrodosing","description":"Molinillo fait \u00e0 la main, outil de cuisine traditionnel en bois pour faire mousser le cacao chaud. Authentique, d\u00e9coratif et fonctionnel.","robots":{"index":"index","follow":"follow","max-snippet":"max-snippet:-1","max-image-preview":"max-image-preview:large","max-video-preview":"max-video-preview:-1"},"canonical":"https:\/\/dutchmicrodosing.com\/fr\/boutique-de-sante\/raw-cacao\/agitateur-a-chocolat-molinillo\/","og_locale":"fr_FR","og_type":"article","og_title":"Molinillo - Agitateur de chocolat","og_description":"Le Molinillo - Agitateur de chocolat est un magnifique objet d'artisanat traditionnel originaire de M\u00e9so-Am\u00e9rique. Utilis\u00e9 il y a plusieurs si\u00e8cles par","og_url":"https:\/\/dutchmicrodosing.com\/fr\/boutique-de-sante\/raw-cacao\/agitateur-a-chocolat-molinillo\/","og_site_name":"Dutchmicrodosing","article_publisher":"https:\/\/www.facebook.com\/Dutchmicrodosingxp\/","article_modified_time":"2025-09-28T18:46:36+00:00","og_image":[{"width":500,"height":500,"url":"https:\/\/dutchmicrodosing.com\/wp-content\/uploads\/2024\/03\/chocolate-stirrer-NEW.jpg","type":"image\/jpeg"}],"twitter_card":"summary_large_image","schema":{"@context":"https:\/\/schema.org","@graph":[{"@type":"WebPage","@id":"https:\/\/dutchmicrodosing.com\/fr\/boutique-de-sante\/raw-cacao\/agitateur-a-chocolat-molinillo\/","url":"https:\/\/dutchmicrodosing.com\/fr\/boutique-de-sante\/raw-cacao\/agitateur-a-chocolat-molinillo\/","name":"Molinillo - Agitateur de chocolat - Dutchmicrodosing","isPartOf":{"@id":"https:\/\/dutchmicrodosing.com\/fr\/#website"},"primaryImageOfPage":{"@id":"https:\/\/dutchmicrodosing.com\/fr\/boutique-de-sante\/raw-cacao\/agitateur-a-chocolat-molinillo\/#primaryimage"},"image":{"@id":"https:\/\/dutchmicrodosing.com\/fr\/boutique-de-sante\/raw-cacao\/agitateur-a-chocolat-molinillo\/#primaryimage"},"thumbnailUrl":"https:\/\/dutchmicrodosing.com\/wp-content\/uploads\/2024\/03\/chocolate-stirrer-NEW.jpg","datePublished":"2024-03-01T08:10:07+00:00","dateModified":"2025-09-28T18:46:36+00:00","description":"Molinillo fait \u00e0 la main, outil de cuisine traditionnel en bois pour faire mousser le cacao chaud. Authentique, d\u00e9coratif et fonctionnel.","breadcrumb":{"@id":"https:\/\/dutchmicrodosing.com\/fr\/boutique-de-sante\/raw-cacao\/agitateur-a-chocolat-molinillo\/#breadcrumb"},"inLanguage":"fr-FR","potentialAction":[{"@type":"ReadAction","target":["https:\/\/dutchmicrodosing.com\/fr\/boutique-de-sante\/raw-cacao\/agitateur-a-chocolat-molinillo\/"]}]},{"@type":"ImageObject","inLanguage":"fr-FR","@id":"https:\/\/dutchmicrodosing.com\/fr\/boutique-de-sante\/raw-cacao\/agitateur-a-chocolat-molinillo\/#primaryimage","url":"https:\/\/dutchmicrodosing.com\/wp-content\/uploads\/2024\/03\/chocolate-stirrer-NEW.jpg","contentUrl":"https:\/\/dutchmicrodosing.com\/wp-content\/uploads\/2024\/03\/chocolate-stirrer-NEW.jpg","width":500,"height":500},{"@type":"BreadcrumbList","@id":"https:\/\/dutchmicrodosing.com\/fr\/boutique-de-sante\/raw-cacao\/agitateur-a-chocolat-molinillo\/#breadcrumb","itemListElement":[{"@type":"ListItem","position":1,"name":"Home","item":"https:\/\/dutchmicrodosing.com\/fr\/"},{"@type":"ListItem","position":2,"name":"Boutique","item":"https:\/\/dutchmicrodosing.com\/fr\/boutique\/"},{"@type":"ListItem","position":3,"name":"Molinillo &#8211; Agitateur de chocolat"}]},{"@type":"WebSite","@id":"https:\/\/dutchmicrodosing.com\/fr\/#website","url":"https:\/\/dutchmicrodosing.com\/fr\/","name":"Dutchmicrodosing","description":"","publisher":{"@id":"https:\/\/dutchmicrodosing.com\/fr\/#organization"},"potentialAction":[{"@type":"SearchAction","target":{"@type":"EntryPoint","urlTemplate":"https:\/\/dutchmicrodosing.com\/fr\/?s={search_term_string}"},"query-input":{"@type":"PropertyValueSpecification","valueRequired":true,"valueName":"search_term_string"}}],"inLanguage":"fr-FR"},{"@type":"Organization","@id":"https:\/\/dutchmicrodosing.com\/fr\/#organization","name":"Dutchmicrodosing","url":"https:\/\/dutchmicrodosing.com\/fr\/","logo":{"@type":"ImageObject","inLanguage":"fr-FR","@id":"https:\/\/dutchmicrodosing.com\/fr\/#\/schema\/logo\/image\/","url":"https:\/\/dutchmicrodosing.com\/wp-content\/uploads\/2021\/01\/microdosing-categorie-pic-nieuw.jpg","contentUrl":"https:\/\/dutchmicrodosing.com\/wp-content\/uploads\/2021\/01\/microdosing-categorie-pic-nieuw.jpg","width":500,"height":500,"caption":"Dutchmicrodosing"},"image":{"@id":"https:\/\/dutchmicrodosing.com\/fr\/#\/schema\/logo\/image\/"},"sameAs":["https:\/\/www.facebook.com\/Dutchmicrodosingxp\/","https:\/\/www.instagram.com\/dutchmicrodosing\/"]}]},"product_price_amount":"19.95","product_price_currency":"EUR","og_availability":"instock","product_availability":"instock","product_retailer_item_id":"4203162","product_condition":"new"},"_links":{"self":[{"href":"https:\/\/dutchmicrodosing.com\/fr\/wp-json\/wp\/v2\/product\/36816","targetHints":{"allow":["GET"]}}],"collection":[{"href":"https:\/\/dutchmicrodosing.com\/fr\/wp-json\/wp\/v2\/product"}],"about":[{"href":"https:\/\/dutchmicrodosing.com\/fr\/wp-json\/wp\/v2\/types\/product"}],"replies":[{"embeddable":true,"href":"https:\/\/dutchmicrodosing.com\/fr\/wp-json\/wp\/v2\/comments?post=36816"}],"version-history":[{"count":0,"href":"https:\/\/dutchmicrodosing.com\/fr\/wp-json\/wp\/v2\/product\/36816\/revisions"}],"wp:featuredmedia":[{"embeddable":true,"href":"https:\/\/dutchmicrodosing.com\/fr\/wp-json\/wp\/v2\/media\/36717"}],"wp:attachment":[{"href":"https:\/\/dutchmicrodosing.com\/fr\/wp-json\/wp\/v2\/media?parent=36816"}],"wp:term":[{"taxonomy":"product_brand","embeddable":true,"href":"https:\/\/dutchmicrodosing.com\/fr\/wp-json\/wp\/v2\/product_brand?post=36816"},{"taxonomy":"product_cat","embeddable":true,"href":"https:\/\/dutchmicrodosing.com\/fr\/wp-json\/wp\/v2\/product_cat?post=36816"},{"taxonomy":"product_tag","embeddable":true,"href":"https:\/\/dutchmicrodosing.com\/fr\/wp-json\/wp\/v2\/product_tag?post=36816"}],"curies":[{"name":"wp","href":"https:\/\/api.w.org\/{rel}","templated":true}]}}