{"id":36819,"date":"2024-02-22T20:46:59","date_gmt":"2024-02-22T19:46:59","guid":{"rendered":"https:\/\/dutchmicrodosing.com\/?post_type=product&#038;p=36819"},"modified":"2025-08-21T08:58:36","modified_gmt":"2025-08-21T06:58:36","slug":"poudre-de-cacao-bio-racine-criollo-ceremony-qualite","status":"publish","type":"product","link":"https:\/\/dutchmicrodosing.com\/fr\/boutique-de-sante\/super-aliments\/poudre-de-cacao-bio-racine-criollo-ceremony-qualite\/","title":{"rendered":"Poudre de cacao brut biologique Criollo &#8211; Qualit\u00e9 c\u00e9r\u00e9moniale"},"content":{"rendered":"<p>Les f\u00e8ves de cacao de notre <strong>poudre de cacao cru biologique Criollo<\/strong> sont cultiv\u00e9es dans la r\u00e9gion amazonienne du P\u00e9rou, le berceau spirituel du cacao. Bien avant de partager ses secrets avec le monde ext\u00e9rieur, la population locale appr\u00e9ciait le cacao, et l&rsquo;histoire du P\u00e9rou et du cacao est intimement li\u00e9e. La quasi-totalit\u00e9 du cacao au P\u00e9rou est cultiv\u00e9e par de petits exploitants dont la principale source de revenus est la r\u00e9colte hebdomadaire (d&rsquo;avril \u00e0 septembre). Leur r\u00e9colte est vendue \u00e0 des coop\u00e9ratives agissant en tant qu&rsquo;interm\u00e9diaires.<\/p>\n<h3>\u00c0 quoi sert la poudre de cacao brut ?<\/h3>\n<p>Notre cacao convient non seulement \u00e0 la consommation et \u00e0 la p\u00e2tisserie, mais il est \u00e9galement id\u00e9al pour la fabrication du chocolat. En outre, cette poudre de cacao brut est \u00e9galement utilis\u00e9e dans les c\u00e9r\u00e9monies du cacao.<\/p>\n<h3>Valeur nutritionnelle<\/h3>\n<ul>\n<li>Quantit\u00e9\u00c9nergie1749 kJ \/ 418 kcal<\/li>\n<li>Mati\u00e8res grasses 11 g<\/li>\n<li>Dont 6,8 g<\/li>\n<li>Glucides 19,5 g<\/li>\n<li>Dont sucres 2,5 g<\/li>\n<li>Fibres 32,5 g<\/li>\n<li>Prot\u00e9ines 27,8 g<\/li>\n<li>Sel &lt;0,1 g<\/li>\n<\/ul>\n<h3>Contenu<\/h3>\n<p>200 grammes de poudre de cacao Criollo brut biologique<\/p>\n","protected":false},"excerpt":{"rendered":"<p>Les f\u00e8ves de cacao de notre poudre de cacao cru biologique Criollo sont cultiv\u00e9es dans la r\u00e9gion amazonienne du P\u00e9rou, le berceau spirituel du cacao. Bien avant de partager ses secrets avec le monde ext\u00e9rieur, la population locale appr\u00e9ciait le cacao, et l&rsquo;histoire du P\u00e9rou et du cacao est intimement li\u00e9e. La quasi-totalit\u00e9 du cacao [&hellip;]<\/p>\n","protected":false},"featured_media":36631,"comment_status":"closed","ping_status":"closed","template":"","meta":[],"product_brand":[],"product_cat":[336,280,290,291],"product_tag":[],"class_list":{"0":"post-36819","1":"product","2":"type-product","3":"status-publish","4":"has-post-thumbnail","6":"product_cat-raw-cacao","7":"product_cat-super-aliments","8":"product_cat-supplements-energetiques","9":"product_cat-supplements-pour-le-systeme-immunitaire","11":"first","12":"instock","13":"taxable","14":"shipping-taxable","15":"purchasable","16":"product-type-simple"},"yoast_head":"<!-- This site is optimized with the Yoast SEO Premium plugin v26.4 (Yoast SEO v27.2) - https:\/\/yoast.com\/product\/yoast-seo-premium-wordpress\/ -->\n<title>Poudre de cacao brut biologique Criollo - Qualit\u00e9 c\u00e9r\u00e9moniale - Dutchmicrodosing<\/title>\n<meta name=\"robots\" content=\"index, follow, max-snippet:-1, max-image-preview:large, max-video-preview:-1\" \/>\n<link rel=\"canonical\" href=\"https:\/\/dutchmicrodosing.com\/fr\/boutique-de-sante\/super-aliments\/poudre-de-cacao-bio-racine-criollo-ceremony-qualite\/\" \/>\n<meta property=\"og:locale\" content=\"fr_FR\" \/>\n<meta property=\"og:type\" content=\"article\" \/>\n<meta property=\"og:title\" content=\"Poudre de cacao brut biologique Criollo - Qualit\u00e9 c\u00e9r\u00e9moniale\" \/>\n<meta property=\"og:description\" content=\"Les f\u00e8ves de cacao de notre poudre de cacao cru biologique Criollo sont cultiv\u00e9es dans la r\u00e9gion amazonienne du P\u00e9rou, le berceau spirituel du cacao. Bien\" \/>\n<meta property=\"og:url\" content=\"https:\/\/dutchmicrodosing.com\/fr\/boutique-de-sante\/super-aliments\/poudre-de-cacao-bio-racine-criollo-ceremony-qualite\/\" \/>\n<meta property=\"og:site_name\" content=\"Dutchmicrodosing\" \/>\n<meta property=\"article:publisher\" content=\"https:\/\/www.facebook.com\/Dutchmicrodosingxp\/\" \/>\n<meta property=\"article:modified_time\" content=\"2025-08-21T06:58:36+00:00\" \/>\n<meta property=\"og:image\" content=\"https:\/\/dutchmicrodosing.com\/wp-content\/uploads\/2024\/02\/shutterstock_211317049-scaled.jpg\" \/>\n\t<meta property=\"og:image:width\" content=\"2560\" \/>\n\t<meta property=\"og:image:height\" content=\"1707\" \/>\n\t<meta property=\"og:image:type\" content=\"image\/jpeg\" \/>\n<meta name=\"twitter:card\" content=\"summary_large_image\" \/>\n<script type=\"application\/ld+json\" class=\"yoast-schema-graph\">{\"@context\":\"https:\/\/schema.org\",\"@graph\":[{\"@type\":\"WebPage\",\"@id\":\"https:\/\/dutchmicrodosing.com\/fr\/boutique-de-sante\/super-aliments\/poudre-de-cacao-bio-racine-criollo-ceremony-qualite\/\",\"url\":\"https:\/\/dutchmicrodosing.com\/fr\/boutique-de-sante\/super-aliments\/poudre-de-cacao-bio-racine-criollo-ceremony-qualite\/\",\"name\":\"Poudre de cacao brut biologique Criollo - Qualit\u00e9 c\u00e9r\u00e9moniale - Dutchmicrodosing\",\"isPartOf\":{\"@id\":\"https:\/\/dutchmicrodosing.com\/fr\/#website\"},\"primaryImageOfPage\":{\"@id\":\"https:\/\/dutchmicrodosing.com\/fr\/boutique-de-sante\/super-aliments\/poudre-de-cacao-bio-racine-criollo-ceremony-qualite\/#primaryimage\"},\"image\":{\"@id\":\"https:\/\/dutchmicrodosing.com\/fr\/boutique-de-sante\/super-aliments\/poudre-de-cacao-bio-racine-criollo-ceremony-qualite\/#primaryimage\"},\"thumbnailUrl\":\"https:\/\/dutchmicrodosing.com\/wp-content\/uploads\/2024\/02\/shutterstock_211317049-scaled.jpg\",\"datePublished\":\"2024-02-22T19:46:59+00:00\",\"dateModified\":\"2025-08-21T06:58:36+00:00\",\"breadcrumb\":{\"@id\":\"https:\/\/dutchmicrodosing.com\/fr\/boutique-de-sante\/super-aliments\/poudre-de-cacao-bio-racine-criollo-ceremony-qualite\/#breadcrumb\"},\"inLanguage\":\"fr-FR\",\"potentialAction\":[{\"@type\":\"ReadAction\",\"target\":[\"https:\/\/dutchmicrodosing.com\/fr\/boutique-de-sante\/super-aliments\/poudre-de-cacao-bio-racine-criollo-ceremony-qualite\/\"]}]},{\"@type\":\"ImageObject\",\"inLanguage\":\"fr-FR\",\"@id\":\"https:\/\/dutchmicrodosing.com\/fr\/boutique-de-sante\/super-aliments\/poudre-de-cacao-bio-racine-criollo-ceremony-qualite\/#primaryimage\",\"url\":\"https:\/\/dutchmicrodosing.com\/wp-content\/uploads\/2024\/02\/shutterstock_211317049-scaled.jpg\",\"contentUrl\":\"https:\/\/dutchmicrodosing.com\/wp-content\/uploads\/2024\/02\/shutterstock_211317049-scaled.jpg\",\"width\":2560,\"height\":1707},{\"@type\":\"BreadcrumbList\",\"@id\":\"https:\/\/dutchmicrodosing.com\/fr\/boutique-de-sante\/super-aliments\/poudre-de-cacao-bio-racine-criollo-ceremony-qualite\/#breadcrumb\",\"itemListElement\":[{\"@type\":\"ListItem\",\"position\":1,\"name\":\"Home\",\"item\":\"https:\/\/dutchmicrodosing.com\/fr\/\"},{\"@type\":\"ListItem\",\"position\":2,\"name\":\"Boutique\",\"item\":\"https:\/\/dutchmicrodosing.com\/fr\/boutique\/\"},{\"@type\":\"ListItem\",\"position\":3,\"name\":\"Poudre de cacao brut biologique Criollo &#8211; Qualit\u00e9 c\u00e9r\u00e9moniale\"}]},{\"@type\":\"WebSite\",\"@id\":\"https:\/\/dutchmicrodosing.com\/fr\/#website\",\"url\":\"https:\/\/dutchmicrodosing.com\/fr\/\",\"name\":\"Dutchmicrodosing\",\"description\":\"\",\"publisher\":{\"@id\":\"https:\/\/dutchmicrodosing.com\/fr\/#organization\"},\"potentialAction\":[{\"@type\":\"SearchAction\",\"target\":{\"@type\":\"EntryPoint\",\"urlTemplate\":\"https:\/\/dutchmicrodosing.com\/fr\/?s={search_term_string}\"},\"query-input\":{\"@type\":\"PropertyValueSpecification\",\"valueRequired\":true,\"valueName\":\"search_term_string\"}}],\"inLanguage\":\"fr-FR\"},{\"@type\":\"Organization\",\"@id\":\"https:\/\/dutchmicrodosing.com\/fr\/#organization\",\"name\":\"Dutchmicrodosing\",\"url\":\"https:\/\/dutchmicrodosing.com\/fr\/\",\"logo\":{\"@type\":\"ImageObject\",\"inLanguage\":\"fr-FR\",\"@id\":\"https:\/\/dutchmicrodosing.com\/fr\/#\/schema\/logo\/image\/\",\"url\":\"https:\/\/dutchmicrodosing.com\/wp-content\/uploads\/2021\/01\/microdosing-categorie-pic-nieuw.jpg\",\"contentUrl\":\"https:\/\/dutchmicrodosing.com\/wp-content\/uploads\/2021\/01\/microdosing-categorie-pic-nieuw.jpg\",\"width\":500,\"height\":500,\"caption\":\"Dutchmicrodosing\"},\"image\":{\"@id\":\"https:\/\/dutchmicrodosing.com\/fr\/#\/schema\/logo\/image\/\"},\"sameAs\":[\"https:\/\/www.facebook.com\/Dutchmicrodosingxp\/\",\"https:\/\/www.instagram.com\/dutchmicrodosing\/\"]}]}<\/script>\n<meta property=\"product:price:amount\" content=\"14.95\" \/>\n<meta property=\"product:price:currency\" content=\"EUR\" \/>\n<meta property=\"og:availability\" content=\"instock\" \/>\n<meta property=\"product:availability\" content=\"instock\" \/>\n<meta property=\"product:retailer_item_id\" content=\"4202233\" \/>\n<meta property=\"product:condition\" content=\"new\" \/>\n<!-- \/ Yoast SEO Premium plugin. -->","yoast_head_json":{"title":"Poudre de cacao brut biologique Criollo - Qualit\u00e9 c\u00e9r\u00e9moniale - Dutchmicrodosing","robots":{"index":"index","follow":"follow","max-snippet":"max-snippet:-1","max-image-preview":"max-image-preview:large","max-video-preview":"max-video-preview:-1"},"canonical":"https:\/\/dutchmicrodosing.com\/fr\/boutique-de-sante\/super-aliments\/poudre-de-cacao-bio-racine-criollo-ceremony-qualite\/","og_locale":"fr_FR","og_type":"article","og_title":"Poudre de cacao brut biologique Criollo - Qualit\u00e9 c\u00e9r\u00e9moniale","og_description":"Les f\u00e8ves de cacao de notre poudre de cacao cru biologique Criollo sont cultiv\u00e9es dans la r\u00e9gion amazonienne du P\u00e9rou, le berceau spirituel du cacao. Bien","og_url":"https:\/\/dutchmicrodosing.com\/fr\/boutique-de-sante\/super-aliments\/poudre-de-cacao-bio-racine-criollo-ceremony-qualite\/","og_site_name":"Dutchmicrodosing","article_publisher":"https:\/\/www.facebook.com\/Dutchmicrodosingxp\/","article_modified_time":"2025-08-21T06:58:36+00:00","og_image":[{"width":2560,"height":1707,"url":"https:\/\/dutchmicrodosing.com\/wp-content\/uploads\/2024\/02\/shutterstock_211317049-scaled.jpg","type":"image\/jpeg"}],"twitter_card":"summary_large_image","schema":{"@context":"https:\/\/schema.org","@graph":[{"@type":"WebPage","@id":"https:\/\/dutchmicrodosing.com\/fr\/boutique-de-sante\/super-aliments\/poudre-de-cacao-bio-racine-criollo-ceremony-qualite\/","url":"https:\/\/dutchmicrodosing.com\/fr\/boutique-de-sante\/super-aliments\/poudre-de-cacao-bio-racine-criollo-ceremony-qualite\/","name":"Poudre de cacao brut biologique Criollo - Qualit\u00e9 c\u00e9r\u00e9moniale - Dutchmicrodosing","isPartOf":{"@id":"https:\/\/dutchmicrodosing.com\/fr\/#website"},"primaryImageOfPage":{"@id":"https:\/\/dutchmicrodosing.com\/fr\/boutique-de-sante\/super-aliments\/poudre-de-cacao-bio-racine-criollo-ceremony-qualite\/#primaryimage"},"image":{"@id":"https:\/\/dutchmicrodosing.com\/fr\/boutique-de-sante\/super-aliments\/poudre-de-cacao-bio-racine-criollo-ceremony-qualite\/#primaryimage"},"thumbnailUrl":"https:\/\/dutchmicrodosing.com\/wp-content\/uploads\/2024\/02\/shutterstock_211317049-scaled.jpg","datePublished":"2024-02-22T19:46:59+00:00","dateModified":"2025-08-21T06:58:36+00:00","breadcrumb":{"@id":"https:\/\/dutchmicrodosing.com\/fr\/boutique-de-sante\/super-aliments\/poudre-de-cacao-bio-racine-criollo-ceremony-qualite\/#breadcrumb"},"inLanguage":"fr-FR","potentialAction":[{"@type":"ReadAction","target":["https:\/\/dutchmicrodosing.com\/fr\/boutique-de-sante\/super-aliments\/poudre-de-cacao-bio-racine-criollo-ceremony-qualite\/"]}]},{"@type":"ImageObject","inLanguage":"fr-FR","@id":"https:\/\/dutchmicrodosing.com\/fr\/boutique-de-sante\/super-aliments\/poudre-de-cacao-bio-racine-criollo-ceremony-qualite\/#primaryimage","url":"https:\/\/dutchmicrodosing.com\/wp-content\/uploads\/2024\/02\/shutterstock_211317049-scaled.jpg","contentUrl":"https:\/\/dutchmicrodosing.com\/wp-content\/uploads\/2024\/02\/shutterstock_211317049-scaled.jpg","width":2560,"height":1707},{"@type":"BreadcrumbList","@id":"https:\/\/dutchmicrodosing.com\/fr\/boutique-de-sante\/super-aliments\/poudre-de-cacao-bio-racine-criollo-ceremony-qualite\/#breadcrumb","itemListElement":[{"@type":"ListItem","position":1,"name":"Home","item":"https:\/\/dutchmicrodosing.com\/fr\/"},{"@type":"ListItem","position":2,"name":"Boutique","item":"https:\/\/dutchmicrodosing.com\/fr\/boutique\/"},{"@type":"ListItem","position":3,"name":"Poudre de cacao brut biologique Criollo &#8211; Qualit\u00e9 c\u00e9r\u00e9moniale"}]},{"@type":"WebSite","@id":"https:\/\/dutchmicrodosing.com\/fr\/#website","url":"https:\/\/dutchmicrodosing.com\/fr\/","name":"Dutchmicrodosing","description":"","publisher":{"@id":"https:\/\/dutchmicrodosing.com\/fr\/#organization"},"potentialAction":[{"@type":"SearchAction","target":{"@type":"EntryPoint","urlTemplate":"https:\/\/dutchmicrodosing.com\/fr\/?s={search_term_string}"},"query-input":{"@type":"PropertyValueSpecification","valueRequired":true,"valueName":"search_term_string"}}],"inLanguage":"fr-FR"},{"@type":"Organization","@id":"https:\/\/dutchmicrodosing.com\/fr\/#organization","name":"Dutchmicrodosing","url":"https:\/\/dutchmicrodosing.com\/fr\/","logo":{"@type":"ImageObject","inLanguage":"fr-FR","@id":"https:\/\/dutchmicrodosing.com\/fr\/#\/schema\/logo\/image\/","url":"https:\/\/dutchmicrodosing.com\/wp-content\/uploads\/2021\/01\/microdosing-categorie-pic-nieuw.jpg","contentUrl":"https:\/\/dutchmicrodosing.com\/wp-content\/uploads\/2021\/01\/microdosing-categorie-pic-nieuw.jpg","width":500,"height":500,"caption":"Dutchmicrodosing"},"image":{"@id":"https:\/\/dutchmicrodosing.com\/fr\/#\/schema\/logo\/image\/"},"sameAs":["https:\/\/www.facebook.com\/Dutchmicrodosingxp\/","https:\/\/www.instagram.com\/dutchmicrodosing\/"]}]},"product_price_amount":"14.95","product_price_currency":"EUR","og_availability":"instock","product_availability":"instock","product_retailer_item_id":"4202233","product_condition":"new"},"_links":{"self":[{"href":"https:\/\/dutchmicrodosing.com\/fr\/wp-json\/wp\/v2\/product\/36819","targetHints":{"allow":["GET"]}}],"collection":[{"href":"https:\/\/dutchmicrodosing.com\/fr\/wp-json\/wp\/v2\/product"}],"about":[{"href":"https:\/\/dutchmicrodosing.com\/fr\/wp-json\/wp\/v2\/types\/product"}],"replies":[{"embeddable":true,"href":"https:\/\/dutchmicrodosing.com\/fr\/wp-json\/wp\/v2\/comments?post=36819"}],"version-history":[{"count":0,"href":"https:\/\/dutchmicrodosing.com\/fr\/wp-json\/wp\/v2\/product\/36819\/revisions"}],"wp:featuredmedia":[{"embeddable":true,"href":"https:\/\/dutchmicrodosing.com\/fr\/wp-json\/wp\/v2\/media\/36631"}],"wp:attachment":[{"href":"https:\/\/dutchmicrodosing.com\/fr\/wp-json\/wp\/v2\/media?parent=36819"}],"wp:term":[{"taxonomy":"product_brand","embeddable":true,"href":"https:\/\/dutchmicrodosing.com\/fr\/wp-json\/wp\/v2\/product_brand?post=36819"},{"taxonomy":"product_cat","embeddable":true,"href":"https:\/\/dutchmicrodosing.com\/fr\/wp-json\/wp\/v2\/product_cat?post=36819"},{"taxonomy":"product_tag","embeddable":true,"href":"https:\/\/dutchmicrodosing.com\/fr\/wp-json\/wp\/v2\/product_tag?post=36819"}],"curies":[{"name":"wp","href":"https:\/\/api.w.org\/{rel}","templated":true}]}}