{"id":36837,"date":"2024-02-21T20:48:53","date_gmt":"2024-02-21T19:48:53","guid":{"rendered":"https:\/\/dutchmicrodosing.com\/shop\/non%20class\u00e9\/flocons-de-cacao-cru-ecuador-ceremony-quality\/"},"modified":"2025-09-02T10:30:21","modified_gmt":"2025-09-02T08:30:21","slug":"flocons-de-cacao-cru-ecuador-ceremony-quality","status":"publish","type":"product","link":"https:\/\/dutchmicrodosing.com\/fr\/boutique-de-sante\/super-aliments\/flocons-de-cacao-cru-ecuador-ceremony-quality\/","title":{"rendered":"P\u00e2te de cacao brut biologique \u00c9quateur &#8211; Qualit\u00e9 c\u00e9r\u00e9moniale"},"content":{"rendered":"<p>Ceremonial <strong>Organic Raw Cacao Paste Ecuador &#8211;<\/strong> La <strong>qualit\u00e9 Ceremonial<\/strong> est fabriqu\u00e9e \u00e0 partir de f\u00e8ves Arriba \u00ab\u00a0Nacional\u00a0\u00bb indig\u00e8nes et subit un processus sp\u00e9cial \u00e0 froid pour pr\u00e9server les nutriments naturels. Le cacao Arriba \u00ab\u00a0Nacional\u00a0\u00bb est connu comme l&rsquo;une des meilleures vari\u00e9t\u00e9s de cacao et est consid\u00e9r\u00e9 comme une qualit\u00e9 sup\u00e9rieure. Il est connu pour sa saveur d\u00e9licieuse et ses parfums aromatiques, qui s&rsquo;associent \u00e0 une texture soyeuse et lisse. Ce cacao est cultiv\u00e9 dans des syst\u00e8mes de permaculture entour\u00e9s d&rsquo;arbres fruitiers tropicaux tels que des oranges, des avocats et des mangues. Le cacao de c\u00e9r\u00e9monie est soigneusement entretenu par de petits agriculteurs qui ma\u00eetrisent l&rsquo;art de la culture du cacao, ont un lien profond avec la nature et travaillent dans le respect de normes strictes en mati\u00e8re de commerce \u00e9quitable.<\/p>\n<h3>Ingr\u00e9dients :<\/h3>\n<p>100% de p\u00e2te de cacao brute c\u00e9r\u00e9monielle Arriba \u00ab\u00a0Nacional\u00a0\u00bb de l&rsquo;\u00c9quateur.<\/p>\n<h3>Utilisation :<\/h3>\n<p>La p\u00e2te de cacao peut \u00eatre \u00e9miett\u00e9e et consomm\u00e9e, ajout\u00e9e aux aliments ou fondue. Il fond de pr\u00e9f\u00e9rence au bain-marie ou \u00e0 tr\u00e8s basse temp\u00e9rature dans une casserole pour \u00e9viter les br\u00fblures.<\/p>\n<h4>Utiliser Ceremonial :<\/h4>\n<ol>\n<li>Pr\u00e9paration de la salle de c\u00e9r\u00e9monie : veillez \u00e0 ce que la salle soit propre, calme et exempte d&rsquo;\u00e9l\u00e9ments perturbateurs. Vous pouvez purifier l&rsquo;espace avec de la fum\u00e9e de sauge blanche ou de palo santo.<\/li>\n<li>D\u00e9finir ses intentions : Prenez le temps de r\u00e9fl\u00e9chir et de formuler vos intentions pour la c\u00e9r\u00e9monie, telles que la gu\u00e9rison personnelle, la croissance spirituelle ou la recherche de r\u00e9ponses aux questions de la vie.<\/li>\n<li>Pr\u00e9paration de la boisson au cacao :<br \/>\n&#8211; Faire chauffer de l&rsquo;eau ou du lait v\u00e9g\u00e9tal dans une casserole et ajouter la p\u00e2te de cacao.<br \/>\n&#8211; M\u00e9langer la p\u00e2te de cacao \u00e0 l&rsquo;eau chaude ou au lait v\u00e9g\u00e9tal jusqu&rsquo;\u00e0 ce qu&rsquo;elle soit compl\u00e8tement dissoute.<br \/>\n&#8211; Ajoutez des \u00e9dulcorants naturels et des \u00e9pices selon vos go\u00fbts, comme le miel, le sirop d&rsquo;\u00e9rable, le piment, la cannelle ou la vanille.<\/li>\n<\/ol>\n<h4>Dosage recommand\u00e9 :<\/h4>\n<p>La dose pour l&rsquo;usage c\u00e9r\u00e9moniel varie en fonction de la tol\u00e9rance personnelle, de l&rsquo;exp\u00e9rience avec le cacao et de l&rsquo;intensit\u00e9 souhait\u00e9e de l&rsquo;exp\u00e9rience. Le dosage c\u00e9r\u00e9moniel de la p\u00e2te de cacao \u00e0 100 % est g\u00e9n\u00e9ralement le suivant :<\/p>\n<ul>\n<li>D\u00e9butants : 20-25 grammes<\/li>\n<li>Moyenne : 25-40 grammes<\/li>\n<li>Exp\u00e9riment\u00e9 : 40-50 grammes<\/li>\n<\/ul>\n<p>Les c\u00e9r\u00e9monies du cacao offrent un moyen puissant de se connecter \u00e0 son moi int\u00e9rieur et au monde spirituel. En utilisant la p\u00e2te de cacao de mani\u00e8re respectueuse et avec des intentions claires, vous pouvez cr\u00e9er une exp\u00e9rience profonde et significative.<\/p>\n<h3>Contenu :<\/h3>\n<p>P\u00e2te de cacao cru biologique \u00c9quateur \/ Qualit\u00e9 c\u00e9r\u00e9moniale &#8211; 150g.<\/p>\n","protected":false},"excerpt":{"rendered":"<p>Ceremonial Organic Raw Cacao Paste Ecuador &#8211; La qualit\u00e9 Ceremonial est fabriqu\u00e9e \u00e0 partir de f\u00e8ves Arriba \u00ab\u00a0Nacional\u00a0\u00bb indig\u00e8nes et subit un processus sp\u00e9cial \u00e0 froid pour pr\u00e9server les nutriments naturels. Le cacao Arriba \u00ab\u00a0Nacional\u00a0\u00bb est connu comme l&rsquo;une des meilleures vari\u00e9t\u00e9s de cacao et est consid\u00e9r\u00e9 comme une qualit\u00e9 sup\u00e9rieure. Il est connu pour [&hellip;]<\/p>\n","protected":false},"featured_media":36970,"comment_status":"closed","ping_status":"closed","template":"","meta":[],"product_brand":[],"product_cat":[336,290,291,280],"product_tag":[],"class_list":{"0":"post-36837","1":"product","2":"type-product","3":"status-publish","4":"has-post-thumbnail","6":"product_cat-raw-cacao","7":"product_cat-supplements-energetiques","8":"product_cat-supplements-pour-le-systeme-immunitaire","9":"product_cat-super-aliments","11":"first","12":"instock","13":"taxable","14":"shipping-taxable","15":"purchasable","16":"product-type-simple"},"yoast_head":"<!-- This site is optimized with the Yoast SEO Premium plugin v26.4 (Yoast SEO v27.4) - https:\/\/yoast.com\/product\/yoast-seo-premium-wordpress\/ -->\n<title>P\u00e2te de cacao brut biologique \u00c9quateur - Qualit\u00e9 c\u00e9r\u00e9moniale - Dutchmicrodosing<\/title>\n<meta name=\"robots\" content=\"index, follow, max-snippet:-1, max-image-preview:large, max-video-preview:-1\" \/>\n<link rel=\"canonical\" href=\"https:\/\/dutchmicrodosing.com\/fr\/boutique-de-sante\/super-aliments\/flocons-de-cacao-cru-ecuador-ceremony-quality\/\" \/>\n<meta property=\"og:locale\" content=\"fr_FR\" \/>\n<meta property=\"og:type\" content=\"article\" \/>\n<meta property=\"og:title\" content=\"P\u00e2te de cacao brut biologique \u00c9quateur - Qualit\u00e9 c\u00e9r\u00e9moniale\" \/>\n<meta property=\"og:description\" content=\"Ceremonial Organic Raw Cacao Paste Ecuador - La qualit\u00e9 Ceremonial est fabriqu\u00e9e \u00e0 partir de f\u00e8ves Arriba &quot;Nacional&quot; indig\u00e8nes et subit un processus\" \/>\n<meta property=\"og:url\" content=\"https:\/\/dutchmicrodosing.com\/fr\/boutique-de-sante\/super-aliments\/flocons-de-cacao-cru-ecuador-ceremony-quality\/\" \/>\n<meta property=\"og:site_name\" content=\"Dutchmicrodosing\" \/>\n<meta property=\"article:publisher\" content=\"https:\/\/www.facebook.com\/Dutchmicrodosingxp\/\" \/>\n<meta property=\"article:modified_time\" content=\"2025-09-02T08:30:21+00:00\" \/>\n<meta property=\"og:image\" content=\"https:\/\/dutchmicrodosing.com\/wp-content\/uploads\/2024\/02\/ssss.png\" \/>\n\t<meta property=\"og:image:width\" content=\"500\" \/>\n\t<meta property=\"og:image:height\" content=\"500\" \/>\n\t<meta property=\"og:image:type\" content=\"image\/png\" \/>\n<meta name=\"twitter:card\" content=\"summary_large_image\" \/>\n<script type=\"application\/ld+json\" class=\"yoast-schema-graph\">{\"@context\":\"https:\\\/\\\/schema.org\",\"@graph\":[{\"@type\":\"WebPage\",\"@id\":\"https:\\\/\\\/dutchmicrodosing.com\\\/fr\\\/boutique-de-sante\\\/super-aliments\\\/flocons-de-cacao-cru-ecuador-ceremony-quality\\\/\",\"url\":\"https:\\\/\\\/dutchmicrodosing.com\\\/fr\\\/boutique-de-sante\\\/super-aliments\\\/flocons-de-cacao-cru-ecuador-ceremony-quality\\\/\",\"name\":\"P\u00e2te de cacao brut biologique \u00c9quateur - Qualit\u00e9 c\u00e9r\u00e9moniale - Dutchmicrodosing\",\"isPartOf\":{\"@id\":\"https:\\\/\\\/dutchmicrodosing.com\\\/fr\\\/#website\"},\"primaryImageOfPage\":{\"@id\":\"https:\\\/\\\/dutchmicrodosing.com\\\/fr\\\/boutique-de-sante\\\/super-aliments\\\/flocons-de-cacao-cru-ecuador-ceremony-quality\\\/#primaryimage\"},\"image\":{\"@id\":\"https:\\\/\\\/dutchmicrodosing.com\\\/fr\\\/boutique-de-sante\\\/super-aliments\\\/flocons-de-cacao-cru-ecuador-ceremony-quality\\\/#primaryimage\"},\"thumbnailUrl\":\"https:\\\/\\\/dutchmicrodosing.com\\\/wp-content\\\/uploads\\\/2024\\\/02\\\/ssss.png\",\"datePublished\":\"2024-02-21T19:48:53+00:00\",\"dateModified\":\"2025-09-02T08:30:21+00:00\",\"breadcrumb\":{\"@id\":\"https:\\\/\\\/dutchmicrodosing.com\\\/fr\\\/boutique-de-sante\\\/super-aliments\\\/flocons-de-cacao-cru-ecuador-ceremony-quality\\\/#breadcrumb\"},\"inLanguage\":\"fr-FR\",\"potentialAction\":[{\"@type\":\"ReadAction\",\"target\":[\"https:\\\/\\\/dutchmicrodosing.com\\\/fr\\\/boutique-de-sante\\\/super-aliments\\\/flocons-de-cacao-cru-ecuador-ceremony-quality\\\/\"]}]},{\"@type\":\"ImageObject\",\"inLanguage\":\"fr-FR\",\"@id\":\"https:\\\/\\\/dutchmicrodosing.com\\\/fr\\\/boutique-de-sante\\\/super-aliments\\\/flocons-de-cacao-cru-ecuador-ceremony-quality\\\/#primaryimage\",\"url\":\"https:\\\/\\\/dutchmicrodosing.com\\\/wp-content\\\/uploads\\\/2024\\\/02\\\/ssss.png\",\"contentUrl\":\"https:\\\/\\\/dutchmicrodosing.com\\\/wp-content\\\/uploads\\\/2024\\\/02\\\/ssss.png\",\"width\":500,\"height\":500},{\"@type\":\"BreadcrumbList\",\"@id\":\"https:\\\/\\\/dutchmicrodosing.com\\\/fr\\\/boutique-de-sante\\\/super-aliments\\\/flocons-de-cacao-cru-ecuador-ceremony-quality\\\/#breadcrumb\",\"itemListElement\":[{\"@type\":\"ListItem\",\"position\":1,\"name\":\"Home\",\"item\":\"https:\\\/\\\/dutchmicrodosing.com\\\/fr\\\/\"},{\"@type\":\"ListItem\",\"position\":2,\"name\":\"Boutique\",\"item\":\"https:\\\/\\\/dutchmicrodosing.com\\\/fr\\\/boutique\\\/\"},{\"@type\":\"ListItem\",\"position\":3,\"name\":\"P\u00e2te de cacao brut biologique \u00c9quateur &#8211; Qualit\u00e9 c\u00e9r\u00e9moniale\"}]},{\"@type\":\"WebSite\",\"@id\":\"https:\\\/\\\/dutchmicrodosing.com\\\/fr\\\/#website\",\"url\":\"https:\\\/\\\/dutchmicrodosing.com\\\/fr\\\/\",\"name\":\"Dutchmicrodosing\",\"description\":\"\",\"publisher\":{\"@id\":\"https:\\\/\\\/dutchmicrodosing.com\\\/fr\\\/#organization\"},\"potentialAction\":[{\"@type\":\"SearchAction\",\"target\":{\"@type\":\"EntryPoint\",\"urlTemplate\":\"https:\\\/\\\/dutchmicrodosing.com\\\/fr\\\/?s={search_term_string}\"},\"query-input\":{\"@type\":\"PropertyValueSpecification\",\"valueRequired\":true,\"valueName\":\"search_term_string\"}}],\"inLanguage\":\"fr-FR\"},{\"@type\":\"Organization\",\"@id\":\"https:\\\/\\\/dutchmicrodosing.com\\\/fr\\\/#organization\",\"name\":\"Dutchmicrodosing\",\"url\":\"https:\\\/\\\/dutchmicrodosing.com\\\/fr\\\/\",\"logo\":{\"@type\":\"ImageObject\",\"inLanguage\":\"fr-FR\",\"@id\":\"https:\\\/\\\/dutchmicrodosing.com\\\/fr\\\/#\\\/schema\\\/logo\\\/image\\\/\",\"url\":\"https:\\\/\\\/dutchmicrodosing.com\\\/wp-content\\\/uploads\\\/2021\\\/01\\\/microdosing-categorie-pic-nieuw.jpg\",\"contentUrl\":\"https:\\\/\\\/dutchmicrodosing.com\\\/wp-content\\\/uploads\\\/2021\\\/01\\\/microdosing-categorie-pic-nieuw.jpg\",\"width\":500,\"height\":500,\"caption\":\"Dutchmicrodosing\"},\"image\":{\"@id\":\"https:\\\/\\\/dutchmicrodosing.com\\\/fr\\\/#\\\/schema\\\/logo\\\/image\\\/\"},\"sameAs\":[\"https:\\\/\\\/www.facebook.com\\\/Dutchmicrodosingxp\\\/\",\"https:\\\/\\\/www.instagram.com\\\/dutchmicrodosing\\\/\"]}]}<\/script>\n<meta property=\"product:price:amount\" content=\"14.95\" \/>\n<meta property=\"product:price:currency\" content=\"EUR\" \/>\n<meta property=\"og:availability\" content=\"instock\" \/>\n<meta property=\"product:availability\" content=\"instock\" \/>\n<meta property=\"product:retailer_item_id\" content=\"4202666\" \/>\n<meta property=\"product:condition\" content=\"new\" \/>\n<!-- \/ Yoast SEO Premium plugin. -->","yoast_head_json":{"title":"P\u00e2te de cacao brut biologique \u00c9quateur - Qualit\u00e9 c\u00e9r\u00e9moniale - Dutchmicrodosing","robots":{"index":"index","follow":"follow","max-snippet":"max-snippet:-1","max-image-preview":"max-image-preview:large","max-video-preview":"max-video-preview:-1"},"canonical":"https:\/\/dutchmicrodosing.com\/fr\/boutique-de-sante\/super-aliments\/flocons-de-cacao-cru-ecuador-ceremony-quality\/","og_locale":"fr_FR","og_type":"article","og_title":"P\u00e2te de cacao brut biologique \u00c9quateur - Qualit\u00e9 c\u00e9r\u00e9moniale","og_description":"Ceremonial Organic Raw Cacao Paste Ecuador - La qualit\u00e9 Ceremonial est fabriqu\u00e9e \u00e0 partir de f\u00e8ves Arriba \"Nacional\" indig\u00e8nes et subit un processus","og_url":"https:\/\/dutchmicrodosing.com\/fr\/boutique-de-sante\/super-aliments\/flocons-de-cacao-cru-ecuador-ceremony-quality\/","og_site_name":"Dutchmicrodosing","article_publisher":"https:\/\/www.facebook.com\/Dutchmicrodosingxp\/","article_modified_time":"2025-09-02T08:30:21+00:00","og_image":[{"width":500,"height":500,"url":"https:\/\/dutchmicrodosing.com\/wp-content\/uploads\/2024\/02\/ssss.png","type":"image\/png"}],"twitter_card":"summary_large_image","schema":{"@context":"https:\/\/schema.org","@graph":[{"@type":"WebPage","@id":"https:\/\/dutchmicrodosing.com\/fr\/boutique-de-sante\/super-aliments\/flocons-de-cacao-cru-ecuador-ceremony-quality\/","url":"https:\/\/dutchmicrodosing.com\/fr\/boutique-de-sante\/super-aliments\/flocons-de-cacao-cru-ecuador-ceremony-quality\/","name":"P\u00e2te de cacao brut biologique \u00c9quateur - Qualit\u00e9 c\u00e9r\u00e9moniale - Dutchmicrodosing","isPartOf":{"@id":"https:\/\/dutchmicrodosing.com\/fr\/#website"},"primaryImageOfPage":{"@id":"https:\/\/dutchmicrodosing.com\/fr\/boutique-de-sante\/super-aliments\/flocons-de-cacao-cru-ecuador-ceremony-quality\/#primaryimage"},"image":{"@id":"https:\/\/dutchmicrodosing.com\/fr\/boutique-de-sante\/super-aliments\/flocons-de-cacao-cru-ecuador-ceremony-quality\/#primaryimage"},"thumbnailUrl":"https:\/\/dutchmicrodosing.com\/wp-content\/uploads\/2024\/02\/ssss.png","datePublished":"2024-02-21T19:48:53+00:00","dateModified":"2025-09-02T08:30:21+00:00","breadcrumb":{"@id":"https:\/\/dutchmicrodosing.com\/fr\/boutique-de-sante\/super-aliments\/flocons-de-cacao-cru-ecuador-ceremony-quality\/#breadcrumb"},"inLanguage":"fr-FR","potentialAction":[{"@type":"ReadAction","target":["https:\/\/dutchmicrodosing.com\/fr\/boutique-de-sante\/super-aliments\/flocons-de-cacao-cru-ecuador-ceremony-quality\/"]}]},{"@type":"ImageObject","inLanguage":"fr-FR","@id":"https:\/\/dutchmicrodosing.com\/fr\/boutique-de-sante\/super-aliments\/flocons-de-cacao-cru-ecuador-ceremony-quality\/#primaryimage","url":"https:\/\/dutchmicrodosing.com\/wp-content\/uploads\/2024\/02\/ssss.png","contentUrl":"https:\/\/dutchmicrodosing.com\/wp-content\/uploads\/2024\/02\/ssss.png","width":500,"height":500},{"@type":"BreadcrumbList","@id":"https:\/\/dutchmicrodosing.com\/fr\/boutique-de-sante\/super-aliments\/flocons-de-cacao-cru-ecuador-ceremony-quality\/#breadcrumb","itemListElement":[{"@type":"ListItem","position":1,"name":"Home","item":"https:\/\/dutchmicrodosing.com\/fr\/"},{"@type":"ListItem","position":2,"name":"Boutique","item":"https:\/\/dutchmicrodosing.com\/fr\/boutique\/"},{"@type":"ListItem","position":3,"name":"P\u00e2te de cacao brut biologique \u00c9quateur &#8211; Qualit\u00e9 c\u00e9r\u00e9moniale"}]},{"@type":"WebSite","@id":"https:\/\/dutchmicrodosing.com\/fr\/#website","url":"https:\/\/dutchmicrodosing.com\/fr\/","name":"Dutchmicrodosing","description":"","publisher":{"@id":"https:\/\/dutchmicrodosing.com\/fr\/#organization"},"potentialAction":[{"@type":"SearchAction","target":{"@type":"EntryPoint","urlTemplate":"https:\/\/dutchmicrodosing.com\/fr\/?s={search_term_string}"},"query-input":{"@type":"PropertyValueSpecification","valueRequired":true,"valueName":"search_term_string"}}],"inLanguage":"fr-FR"},{"@type":"Organization","@id":"https:\/\/dutchmicrodosing.com\/fr\/#organization","name":"Dutchmicrodosing","url":"https:\/\/dutchmicrodosing.com\/fr\/","logo":{"@type":"ImageObject","inLanguage":"fr-FR","@id":"https:\/\/dutchmicrodosing.com\/fr\/#\/schema\/logo\/image\/","url":"https:\/\/dutchmicrodosing.com\/wp-content\/uploads\/2021\/01\/microdosing-categorie-pic-nieuw.jpg","contentUrl":"https:\/\/dutchmicrodosing.com\/wp-content\/uploads\/2021\/01\/microdosing-categorie-pic-nieuw.jpg","width":500,"height":500,"caption":"Dutchmicrodosing"},"image":{"@id":"https:\/\/dutchmicrodosing.com\/fr\/#\/schema\/logo\/image\/"},"sameAs":["https:\/\/www.facebook.com\/Dutchmicrodosingxp\/","https:\/\/www.instagram.com\/dutchmicrodosing\/"]}]},"product_price_amount":"14.95","product_price_currency":"EUR","og_availability":"instock","product_availability":"instock","product_retailer_item_id":"4202666","product_condition":"new"},"_links":{"self":[{"href":"https:\/\/dutchmicrodosing.com\/fr\/wp-json\/wp\/v2\/product\/36837","targetHints":{"allow":["GET"]}}],"collection":[{"href":"https:\/\/dutchmicrodosing.com\/fr\/wp-json\/wp\/v2\/product"}],"about":[{"href":"https:\/\/dutchmicrodosing.com\/fr\/wp-json\/wp\/v2\/types\/product"}],"replies":[{"embeddable":true,"href":"https:\/\/dutchmicrodosing.com\/fr\/wp-json\/wp\/v2\/comments?post=36837"}],"version-history":[{"count":0,"href":"https:\/\/dutchmicrodosing.com\/fr\/wp-json\/wp\/v2\/product\/36837\/revisions"}],"wp:featuredmedia":[{"embeddable":true,"href":"https:\/\/dutchmicrodosing.com\/fr\/wp-json\/wp\/v2\/media\/36970"}],"wp:attachment":[{"href":"https:\/\/dutchmicrodosing.com\/fr\/wp-json\/wp\/v2\/media?parent=36837"}],"wp:term":[{"taxonomy":"product_brand","embeddable":true,"href":"https:\/\/dutchmicrodosing.com\/fr\/wp-json\/wp\/v2\/product_brand?post=36837"},{"taxonomy":"product_cat","embeddable":true,"href":"https:\/\/dutchmicrodosing.com\/fr\/wp-json\/wp\/v2\/product_cat?post=36837"},{"taxonomy":"product_tag","embeddable":true,"href":"https:\/\/dutchmicrodosing.com\/fr\/wp-json\/wp\/v2\/product_tag?post=36837"}],"curies":[{"name":"wp","href":"https:\/\/api.w.org\/{rel}","templated":true}]}}