{"id":36841,"date":"2024-02-21T20:14:06","date_gmt":"2024-02-21T19:14:06","guid":{"rendered":"https:\/\/dutchmicrodosing.com\/?post_type=product&#038;p=36841"},"modified":"2026-02-03T16:42:48","modified_gmt":"2026-02-03T15:42:48","slug":"graines-de-cacao-guatemala-ceremonie-qualite","status":"publish","type":"product","link":"https:\/\/dutchmicrodosing.com\/fr\/boutique-de-sante\/super-aliments\/graines-de-cacao-guatemala-ceremonie-qualite\/","title":{"rendered":"Graines de cacao bio Guatemala &#8211; Qualit\u00e9 c\u00e9r\u00e9moniale"},"content":{"rendered":"<p>Ces<strong> graines de cacao biologiques<\/strong> non transform\u00e9es du<strong> Guatemala &#8211; qualit\u00e9 c\u00e9r\u00e9moniale<\/strong> sont riches en nutriments et ont une profonde signification spirituelle et culturelle. Ils sont utilis\u00e9s dans divers rituels et c\u00e9r\u00e9monies, en particulier dans les cultures indig\u00e8nes d&rsquo;Am\u00e9rique centrale. Le Guatemala est connu pour ses f\u00e8ves de cacao brutes, qui sont depuis longtemps appr\u00e9ci\u00e9es pour leurs propri\u00e9t\u00e9s pures et puissantes, en particulier dans le cadre de c\u00e9r\u00e9monies. L&rsquo;utilisation c\u00e9r\u00e9monielle des f\u00e8ves de cacao brutes continue d&rsquo;honorer le lien \u00e9troit entre la nature, l&rsquo;esprit et la communaut\u00e9 dans le Guatemala d&rsquo;aujourd&rsquo;hui. Lors des rassemblements c\u00e9r\u00e9moniels, le cacao est souvent pr\u00e9par\u00e9 comme boisson chaude partag\u00e9e par les participants. Cette tradition est une invitation \u00e0 la m\u00e9ditation, \u00e0 la r\u00e9flexion int\u00e9rieure et \u00e0 l&rsquo;exp\u00e9rience communautaire. La consommation de cacao de c\u00e9r\u00e9monie est consid\u00e9r\u00e9e comme ouvrant le c\u0153ur, brisant les barri\u00e8res \u00e9motionnelles et favorisant une connexion plus profonde avec le divin et avec les autres.<\/p>\n<h3>FEDECOVERA<\/h3>\n<p>La F\u00e9d\u00e9ration des coop\u00e9ratives de Verapaz (FEDECOVERA, R.L), bas\u00e9e \u00e0 Cob\u00e1n, au Guatemala, est une coop\u00e9rative ind\u00e9pendante fond\u00e9e le 23 f\u00e9vrier 1976. Cette coop\u00e9rative est enti\u00e8rement d\u00e9tenue et g\u00e9r\u00e9e par des petits producteurs de l&rsquo;ethnie Maya Q&rsquo;eqchi. FEDECOVERA repr\u00e9sente 33 000 familles de producteurs, organis\u00e9es en 42 coop\u00e9ratives et plus de 21 associations. Les f\u00e8ves de cacao produites par les membres de FEDECOVERA conviennent parfaitement \u00e0 l&rsquo;usage c\u00e9r\u00e9moniel, gr\u00e2ce \u00e0 leur riche valeur culturelle et historique, et aux m\u00e9thodes de production durables et \u00e9thiques qui favorisent les traditions et le bien-\u00eatre des communaut\u00e9s locales.<\/p>\n<h3>Ingr\u00e9dients<\/h3>\n<p>100% Organic Cacao Seeds \/ Beans Guatemala &#8211; Ceremonial Quality<\/p>\n<h3>Fonctionnement<\/h3>\n<ul>\n<li>Un concentr\u00e9 d&rsquo;antioxydants.<\/li>\n<li>Stimulant naturel de l&rsquo;humeur.<\/li>\n<li>Favorise la sant\u00e9 cardiaque.<\/li>\n<li>Riche en min\u00e9raux.<\/li>\n<li>Am\u00e9lioration de la fonction c\u00e9r\u00e9brale.<\/li>\n<\/ul>\n<h3>Utilisation<\/h3>\n<p>Les f\u00e8ves de cacao sont polyvalentes. Vous pouvez en faire du chocolat maison ou les moudre et les ajouter aux smoothies, aux cr\u00eapes, au muesli ou au yaourt. Il est recommand\u00e9 de ne pas consommer plus de 10 \u00e0 15 grammes de f\u00e8ves de cacao par jour.<\/p>\n<h3>Utilisation \u00e0 des fins c\u00e9r\u00e9monielles<\/h3>\n<p>Voici un guide g\u00e9n\u00e9ral pour la pr\u00e9paration des f\u00e8ves de cacao \u00e0 des fins c\u00e9r\u00e9monielles, telles qu&rsquo;elles sont utilis\u00e9es dans diverses c\u00e9r\u00e9monies traditionnelles et contemporaines :<\/p>\n<ol>\n<li><strong>Nettoyage<\/strong><br \/>\nCommencez par un nettoyage physique et \u00e9nerg\u00e9tique de l&rsquo;espace, de vous-m\u00eame et des f\u00e8ves de cacao. Il peut s&rsquo;agir de fum\u00e9e de sauge blanche, de palo santo ou d&rsquo;un autre rituel de purification. Pour les haricots eux-m\u00eames, un simple rin\u00e7age \u00e0 l&rsquo;eau courante peut suffire, dans l&rsquo;intention de les nettoyer de toute \u00e9nergie n\u00e9gative.<\/li>\n<li><strong>Toast<\/strong><br \/>\nLa torr\u00e9faction des f\u00e8ves de cacao permet de d\u00e9velopper les ar\u00f4mes et facilite l&rsquo;\u00e9limination de l&rsquo;\u00e9corce. Faites l\u00e9g\u00e8rement griller les haricots \u00e0 feu doux, tout en maintenant votre attention et votre intention sur le processus et la c\u00e9r\u00e9monie \u00e0 venir. Remuer constamment pour \u00e9viter de br\u00fbler.<\/li>\n<li><strong>Peeling<\/strong><br \/>\nApr\u00e8s la torr\u00e9faction, laissez les grains refroidir. Enlever ensuite la peau de chaque haricot. Cette op\u00e9ration peut \u00eatre r\u00e9alis\u00e9e manuellement, en roulant parfois les haricots l\u00e9g\u00e8rement entre vos mains ou sur un chiffon propre pour faciliter le processus.<\/li>\n<li><strong>Broyage<\/strong><br \/>\nLes haricots \u00e9coss\u00e9s peuvent ensuite \u00eatre moulus en une fine p\u00e2te. Cette op\u00e9ration peut \u00eatre r\u00e9alis\u00e9e \u00e0 l&rsquo;aide d&rsquo;un moulin manuel, d&rsquo;un moulin \u00e0 pierre ou d&rsquo;un robot de cuisine moderne. L&rsquo;intention et l&rsquo;attention port\u00e9es \u00e0 ce processus sont cruciales pour pr\u00e9server les qualit\u00e9s spirituelles du cacao.<\/li>\n<li><strong>Pr\u00e9paration de la boisson<\/strong><br \/>\nM\u00e9langer la p\u00e2te de cacao avec de l&rsquo;eau chaude (ne pas utiliser d&rsquo;eau bouillante car cela pourrait endommager les ingr\u00e9dients actifs) et bien remuer. Traditionnellement, aucun \u00e9dulcorant n&rsquo;est ajout\u00e9, mais en fonction de la c\u00e9r\u00e9monie et des pr\u00e9f\u00e9rences personnelles, du miel, du piment, de la vanille ou d&rsquo;autres ingr\u00e9dients naturels peuvent \u00eatre ajout\u00e9s pour enrichir l&rsquo;exp\u00e9rience.<\/li>\n<li><strong>Intention et pri\u00e8re<\/strong><br \/>\nAvant de servir le cacao, dites une intention ou une pri\u00e8re sur la boisson. C&rsquo;est le moment d&rsquo;invoquer l&rsquo;esprit du cacao et de demander la permission et la b\u00e9n\u00e9diction pour la c\u00e9r\u00e9monie.<\/li>\n<li><strong>Consommation<\/strong><br \/>\nLa boisson au cacao est bue dans un contexte c\u00e9r\u00e9moniel, souvent en cercle et accompagn\u00e9e d&rsquo;un animateur ou d&rsquo;un chaman. Les participants peuvent \u00eatre encourag\u00e9s \u00e0 m\u00e9diter sur leur intention, \u00e0 partager en cercle ou \u00e0 participer \u00e0 d&rsquo;autres pratiques rituelles.<\/li>\n<li>Il est important de rappeler que le respect du cacao et des cultures qui utilisent cette plante sacr\u00e9e depuis des si\u00e8cles est au c\u0153ur de toute c\u00e9r\u00e9monie. L&rsquo;utilisation c\u00e9r\u00e9monielle du cacao est un moyen puissant de se connecter \u00e0 son c\u0153ur, aux autres et \u00e0 la terre.<\/li>\n<\/ol>\n<p>Consultez toujours votre m\u00e9decin avant d&rsquo;ajouter des aliments \u00e0 haute valeur nutritionnelle \u00e0 votre r\u00e9gime alimentaire. Ce produit peut \u00eatre conserv\u00e9 jusqu&rsquo;\u00e0 18 mois dans son emballage d&rsquo;origine, de pr\u00e9f\u00e9rence dans un endroit frais et sec.<\/p>\n<h3>Contenu<\/h3>\n<p>Graines de cacao bio Guatemala \/ Qualit\u00e9 c\u00e9r\u00e9moniale &#8211; 200 grammes<\/p>\n","protected":false},"excerpt":{"rendered":"<p>Ces graines de cacao biologiques non transform\u00e9es du Guatemala &#8211; qualit\u00e9 c\u00e9r\u00e9moniale sont riches en nutriments et ont une profonde signification spirituelle et culturelle. Ils sont utilis\u00e9s dans divers rituels et c\u00e9r\u00e9monies, en particulier dans les cultures indig\u00e8nes d&rsquo;Am\u00e9rique centrale. Le Guatemala est connu pour ses f\u00e8ves de cacao brutes, qui sont depuis longtemps appr\u00e9ci\u00e9es [&hellip;]<\/p>\n","protected":false},"featured_media":36607,"comment_status":"closed","ping_status":"closed","template":"","meta":[],"product_brand":[],"product_cat":[336,291,280],"product_tag":[],"class_list":{"0":"post-36841","1":"product","2":"type-product","3":"status-publish","4":"has-post-thumbnail","6":"product_cat-raw-cacao","7":"product_cat-supplements-pour-le-systeme-immunitaire","8":"product_cat-super-aliments","10":"first","11":"instock","12":"taxable","13":"shipping-taxable","14":"purchasable","15":"product-type-simple"},"yoast_head":"<!-- This site is optimized with the Yoast SEO Premium plugin v26.4 (Yoast SEO v27.4) - https:\/\/yoast.com\/product\/yoast-seo-premium-wordpress\/ -->\n<title>Graines de cacao bio Guatemala - Qualit\u00e9 c\u00e9r\u00e9moniale - Dutchmicrodosing<\/title>\n<meta name=\"robots\" content=\"index, follow, max-snippet:-1, max-image-preview:large, max-video-preview:-1\" \/>\n<link rel=\"canonical\" href=\"https:\/\/dutchmicrodosing.com\/fr\/boutique-de-sante\/super-aliments\/graines-de-cacao-guatemala-ceremonie-qualite\/\" \/>\n<meta property=\"og:locale\" content=\"fr_FR\" \/>\n<meta property=\"og:type\" content=\"article\" \/>\n<meta property=\"og:title\" content=\"Graines de cacao bio Guatemala - Qualit\u00e9 c\u00e9r\u00e9moniale\" \/>\n<meta property=\"og:description\" content=\"Ces graines de cacao biologiques non transform\u00e9es du Guatemala - qualit\u00e9 c\u00e9r\u00e9moniale sont riches en nutriments et ont une profonde signification\" \/>\n<meta property=\"og:url\" content=\"https:\/\/dutchmicrodosing.com\/fr\/boutique-de-sante\/super-aliments\/graines-de-cacao-guatemala-ceremonie-qualite\/\" \/>\n<meta property=\"og:site_name\" content=\"Dutchmicrodosing\" \/>\n<meta property=\"article:publisher\" content=\"https:\/\/www.facebook.com\/Dutchmicrodosingxp\/\" \/>\n<meta property=\"article:modified_time\" content=\"2026-02-03T15:42:48+00:00\" \/>\n<meta property=\"og:image\" content=\"https:\/\/dutchmicrodosing.com\/wp-content\/uploads\/2024\/02\/shutterstock_437737612.jpg\" \/>\n\t<meta property=\"og:image:width\" content=\"2497\" \/>\n\t<meta property=\"og:image:height\" content=\"2497\" \/>\n\t<meta property=\"og:image:type\" content=\"image\/jpeg\" \/>\n<meta name=\"twitter:card\" content=\"summary_large_image\" \/>\n<script type=\"application\/ld+json\" class=\"yoast-schema-graph\">{\"@context\":\"https:\\\/\\\/schema.org\",\"@graph\":[{\"@type\":\"WebPage\",\"@id\":\"https:\\\/\\\/dutchmicrodosing.com\\\/fr\\\/boutique-de-sante\\\/super-aliments\\\/graines-de-cacao-guatemala-ceremonie-qualite\\\/\",\"url\":\"https:\\\/\\\/dutchmicrodosing.com\\\/fr\\\/boutique-de-sante\\\/super-aliments\\\/graines-de-cacao-guatemala-ceremonie-qualite\\\/\",\"name\":\"Graines de cacao bio Guatemala - Qualit\u00e9 c\u00e9r\u00e9moniale - Dutchmicrodosing\",\"isPartOf\":{\"@id\":\"https:\\\/\\\/dutchmicrodosing.com\\\/fr\\\/#website\"},\"primaryImageOfPage\":{\"@id\":\"https:\\\/\\\/dutchmicrodosing.com\\\/fr\\\/boutique-de-sante\\\/super-aliments\\\/graines-de-cacao-guatemala-ceremonie-qualite\\\/#primaryimage\"},\"image\":{\"@id\":\"https:\\\/\\\/dutchmicrodosing.com\\\/fr\\\/boutique-de-sante\\\/super-aliments\\\/graines-de-cacao-guatemala-ceremonie-qualite\\\/#primaryimage\"},\"thumbnailUrl\":\"https:\\\/\\\/dutchmicrodosing.com\\\/wp-content\\\/uploads\\\/2024\\\/02\\\/shutterstock_437737612.jpg\",\"datePublished\":\"2024-02-21T19:14:06+00:00\",\"dateModified\":\"2026-02-03T15:42:48+00:00\",\"breadcrumb\":{\"@id\":\"https:\\\/\\\/dutchmicrodosing.com\\\/fr\\\/boutique-de-sante\\\/super-aliments\\\/graines-de-cacao-guatemala-ceremonie-qualite\\\/#breadcrumb\"},\"inLanguage\":\"fr-FR\",\"potentialAction\":[{\"@type\":\"ReadAction\",\"target\":[\"https:\\\/\\\/dutchmicrodosing.com\\\/fr\\\/boutique-de-sante\\\/super-aliments\\\/graines-de-cacao-guatemala-ceremonie-qualite\\\/\"]}]},{\"@type\":\"ImageObject\",\"inLanguage\":\"fr-FR\",\"@id\":\"https:\\\/\\\/dutchmicrodosing.com\\\/fr\\\/boutique-de-sante\\\/super-aliments\\\/graines-de-cacao-guatemala-ceremonie-qualite\\\/#primaryimage\",\"url\":\"https:\\\/\\\/dutchmicrodosing.com\\\/wp-content\\\/uploads\\\/2024\\\/02\\\/shutterstock_437737612.jpg\",\"contentUrl\":\"https:\\\/\\\/dutchmicrodosing.com\\\/wp-content\\\/uploads\\\/2024\\\/02\\\/shutterstock_437737612.jpg\",\"width\":2497,\"height\":2497},{\"@type\":\"BreadcrumbList\",\"@id\":\"https:\\\/\\\/dutchmicrodosing.com\\\/fr\\\/boutique-de-sante\\\/super-aliments\\\/graines-de-cacao-guatemala-ceremonie-qualite\\\/#breadcrumb\",\"itemListElement\":[{\"@type\":\"ListItem\",\"position\":1,\"name\":\"Home\",\"item\":\"https:\\\/\\\/dutchmicrodosing.com\\\/fr\\\/\"},{\"@type\":\"ListItem\",\"position\":2,\"name\":\"Boutique\",\"item\":\"https:\\\/\\\/dutchmicrodosing.com\\\/fr\\\/boutique\\\/\"},{\"@type\":\"ListItem\",\"position\":3,\"name\":\"Graines de cacao bio Guatemala &#8211; Qualit\u00e9 c\u00e9r\u00e9moniale\"}]},{\"@type\":\"WebSite\",\"@id\":\"https:\\\/\\\/dutchmicrodosing.com\\\/fr\\\/#website\",\"url\":\"https:\\\/\\\/dutchmicrodosing.com\\\/fr\\\/\",\"name\":\"Dutchmicrodosing\",\"description\":\"\",\"publisher\":{\"@id\":\"https:\\\/\\\/dutchmicrodosing.com\\\/fr\\\/#organization\"},\"potentialAction\":[{\"@type\":\"SearchAction\",\"target\":{\"@type\":\"EntryPoint\",\"urlTemplate\":\"https:\\\/\\\/dutchmicrodosing.com\\\/fr\\\/?s={search_term_string}\"},\"query-input\":{\"@type\":\"PropertyValueSpecification\",\"valueRequired\":true,\"valueName\":\"search_term_string\"}}],\"inLanguage\":\"fr-FR\"},{\"@type\":\"Organization\",\"@id\":\"https:\\\/\\\/dutchmicrodosing.com\\\/fr\\\/#organization\",\"name\":\"Dutchmicrodosing\",\"url\":\"https:\\\/\\\/dutchmicrodosing.com\\\/fr\\\/\",\"logo\":{\"@type\":\"ImageObject\",\"inLanguage\":\"fr-FR\",\"@id\":\"https:\\\/\\\/dutchmicrodosing.com\\\/fr\\\/#\\\/schema\\\/logo\\\/image\\\/\",\"url\":\"https:\\\/\\\/dutchmicrodosing.com\\\/wp-content\\\/uploads\\\/2021\\\/01\\\/microdosing-categorie-pic-nieuw.jpg\",\"contentUrl\":\"https:\\\/\\\/dutchmicrodosing.com\\\/wp-content\\\/uploads\\\/2021\\\/01\\\/microdosing-categorie-pic-nieuw.jpg\",\"width\":500,\"height\":500,\"caption\":\"Dutchmicrodosing\"},\"image\":{\"@id\":\"https:\\\/\\\/dutchmicrodosing.com\\\/fr\\\/#\\\/schema\\\/logo\\\/image\\\/\"},\"sameAs\":[\"https:\\\/\\\/www.facebook.com\\\/Dutchmicrodosingxp\\\/\",\"https:\\\/\\\/www.instagram.com\\\/dutchmicrodosing\\\/\"]}]}<\/script>\n<meta property=\"product:price:amount\" content=\"9.95\" \/>\n<meta property=\"product:price:currency\" content=\"EUR\" \/>\n<meta property=\"og:availability\" content=\"instock\" \/>\n<meta property=\"product:availability\" content=\"instock\" \/>\n<meta property=\"product:retailer_item_id\" content=\"4202140\" \/>\n<meta property=\"product:condition\" content=\"new\" \/>\n<!-- \/ Yoast SEO Premium plugin. -->","yoast_head_json":{"title":"Graines de cacao bio Guatemala - Qualit\u00e9 c\u00e9r\u00e9moniale - Dutchmicrodosing","robots":{"index":"index","follow":"follow","max-snippet":"max-snippet:-1","max-image-preview":"max-image-preview:large","max-video-preview":"max-video-preview:-1"},"canonical":"https:\/\/dutchmicrodosing.com\/fr\/boutique-de-sante\/super-aliments\/graines-de-cacao-guatemala-ceremonie-qualite\/","og_locale":"fr_FR","og_type":"article","og_title":"Graines de cacao bio Guatemala - Qualit\u00e9 c\u00e9r\u00e9moniale","og_description":"Ces graines de cacao biologiques non transform\u00e9es du Guatemala - qualit\u00e9 c\u00e9r\u00e9moniale sont riches en nutriments et ont une profonde signification","og_url":"https:\/\/dutchmicrodosing.com\/fr\/boutique-de-sante\/super-aliments\/graines-de-cacao-guatemala-ceremonie-qualite\/","og_site_name":"Dutchmicrodosing","article_publisher":"https:\/\/www.facebook.com\/Dutchmicrodosingxp\/","article_modified_time":"2026-02-03T15:42:48+00:00","og_image":[{"width":2497,"height":2497,"url":"https:\/\/dutchmicrodosing.com\/wp-content\/uploads\/2024\/02\/shutterstock_437737612.jpg","type":"image\/jpeg"}],"twitter_card":"summary_large_image","schema":{"@context":"https:\/\/schema.org","@graph":[{"@type":"WebPage","@id":"https:\/\/dutchmicrodosing.com\/fr\/boutique-de-sante\/super-aliments\/graines-de-cacao-guatemala-ceremonie-qualite\/","url":"https:\/\/dutchmicrodosing.com\/fr\/boutique-de-sante\/super-aliments\/graines-de-cacao-guatemala-ceremonie-qualite\/","name":"Graines de cacao bio Guatemala - Qualit\u00e9 c\u00e9r\u00e9moniale - Dutchmicrodosing","isPartOf":{"@id":"https:\/\/dutchmicrodosing.com\/fr\/#website"},"primaryImageOfPage":{"@id":"https:\/\/dutchmicrodosing.com\/fr\/boutique-de-sante\/super-aliments\/graines-de-cacao-guatemala-ceremonie-qualite\/#primaryimage"},"image":{"@id":"https:\/\/dutchmicrodosing.com\/fr\/boutique-de-sante\/super-aliments\/graines-de-cacao-guatemala-ceremonie-qualite\/#primaryimage"},"thumbnailUrl":"https:\/\/dutchmicrodosing.com\/wp-content\/uploads\/2024\/02\/shutterstock_437737612.jpg","datePublished":"2024-02-21T19:14:06+00:00","dateModified":"2026-02-03T15:42:48+00:00","breadcrumb":{"@id":"https:\/\/dutchmicrodosing.com\/fr\/boutique-de-sante\/super-aliments\/graines-de-cacao-guatemala-ceremonie-qualite\/#breadcrumb"},"inLanguage":"fr-FR","potentialAction":[{"@type":"ReadAction","target":["https:\/\/dutchmicrodosing.com\/fr\/boutique-de-sante\/super-aliments\/graines-de-cacao-guatemala-ceremonie-qualite\/"]}]},{"@type":"ImageObject","inLanguage":"fr-FR","@id":"https:\/\/dutchmicrodosing.com\/fr\/boutique-de-sante\/super-aliments\/graines-de-cacao-guatemala-ceremonie-qualite\/#primaryimage","url":"https:\/\/dutchmicrodosing.com\/wp-content\/uploads\/2024\/02\/shutterstock_437737612.jpg","contentUrl":"https:\/\/dutchmicrodosing.com\/wp-content\/uploads\/2024\/02\/shutterstock_437737612.jpg","width":2497,"height":2497},{"@type":"BreadcrumbList","@id":"https:\/\/dutchmicrodosing.com\/fr\/boutique-de-sante\/super-aliments\/graines-de-cacao-guatemala-ceremonie-qualite\/#breadcrumb","itemListElement":[{"@type":"ListItem","position":1,"name":"Home","item":"https:\/\/dutchmicrodosing.com\/fr\/"},{"@type":"ListItem","position":2,"name":"Boutique","item":"https:\/\/dutchmicrodosing.com\/fr\/boutique\/"},{"@type":"ListItem","position":3,"name":"Graines de cacao bio Guatemala &#8211; Qualit\u00e9 c\u00e9r\u00e9moniale"}]},{"@type":"WebSite","@id":"https:\/\/dutchmicrodosing.com\/fr\/#website","url":"https:\/\/dutchmicrodosing.com\/fr\/","name":"Dutchmicrodosing","description":"","publisher":{"@id":"https:\/\/dutchmicrodosing.com\/fr\/#organization"},"potentialAction":[{"@type":"SearchAction","target":{"@type":"EntryPoint","urlTemplate":"https:\/\/dutchmicrodosing.com\/fr\/?s={search_term_string}"},"query-input":{"@type":"PropertyValueSpecification","valueRequired":true,"valueName":"search_term_string"}}],"inLanguage":"fr-FR"},{"@type":"Organization","@id":"https:\/\/dutchmicrodosing.com\/fr\/#organization","name":"Dutchmicrodosing","url":"https:\/\/dutchmicrodosing.com\/fr\/","logo":{"@type":"ImageObject","inLanguage":"fr-FR","@id":"https:\/\/dutchmicrodosing.com\/fr\/#\/schema\/logo\/image\/","url":"https:\/\/dutchmicrodosing.com\/wp-content\/uploads\/2021\/01\/microdosing-categorie-pic-nieuw.jpg","contentUrl":"https:\/\/dutchmicrodosing.com\/wp-content\/uploads\/2021\/01\/microdosing-categorie-pic-nieuw.jpg","width":500,"height":500,"caption":"Dutchmicrodosing"},"image":{"@id":"https:\/\/dutchmicrodosing.com\/fr\/#\/schema\/logo\/image\/"},"sameAs":["https:\/\/www.facebook.com\/Dutchmicrodosingxp\/","https:\/\/www.instagram.com\/dutchmicrodosing\/"]}]},"product_price_amount":"9.95","product_price_currency":"EUR","og_availability":"instock","product_availability":"instock","product_retailer_item_id":"4202140","product_condition":"new"},"_links":{"self":[{"href":"https:\/\/dutchmicrodosing.com\/fr\/wp-json\/wp\/v2\/product\/36841","targetHints":{"allow":["GET"]}}],"collection":[{"href":"https:\/\/dutchmicrodosing.com\/fr\/wp-json\/wp\/v2\/product"}],"about":[{"href":"https:\/\/dutchmicrodosing.com\/fr\/wp-json\/wp\/v2\/types\/product"}],"replies":[{"embeddable":true,"href":"https:\/\/dutchmicrodosing.com\/fr\/wp-json\/wp\/v2\/comments?post=36841"}],"version-history":[{"count":1,"href":"https:\/\/dutchmicrodosing.com\/fr\/wp-json\/wp\/v2\/product\/36841\/revisions"}],"predecessor-version":[{"id":64314,"href":"https:\/\/dutchmicrodosing.com\/fr\/wp-json\/wp\/v2\/product\/36841\/revisions\/64314"}],"wp:featuredmedia":[{"embeddable":true,"href":"https:\/\/dutchmicrodosing.com\/fr\/wp-json\/wp\/v2\/media\/36607"}],"wp:attachment":[{"href":"https:\/\/dutchmicrodosing.com\/fr\/wp-json\/wp\/v2\/media?parent=36841"}],"wp:term":[{"taxonomy":"product_brand","embeddable":true,"href":"https:\/\/dutchmicrodosing.com\/fr\/wp-json\/wp\/v2\/product_brand?post=36841"},{"taxonomy":"product_cat","embeddable":true,"href":"https:\/\/dutchmicrodosing.com\/fr\/wp-json\/wp\/v2\/product_cat?post=36841"},{"taxonomy":"product_tag","embeddable":true,"href":"https:\/\/dutchmicrodosing.com\/fr\/wp-json\/wp\/v2\/product_tag?post=36841"}],"curies":[{"name":"wp","href":"https:\/\/api.w.org\/{rel}","templated":true}]}}