{"id":36955,"date":"2023-11-09T16:10:18","date_gmt":"2023-11-09T15:10:18","guid":{"rendered":"https:\/\/dutchmicrodosing.com\/shop\/non%20class\u00e9\/feves-de-cacao-brutes-bio\/"},"modified":"2025-08-07T09:36:45","modified_gmt":"2025-08-07T07:36:45","slug":"feves-de-cacao-brutes-bio","status":"publish","type":"product","link":"https:\/\/dutchmicrodosing.com\/fr\/boutique-de-sante\/super-aliments\/feves-de-cacao-brutes-bio\/","title":{"rendered":"Graines de cacao bio"},"content":{"rendered":"<p>Ces <strong>f\u00e8ves de cacao brutes<\/strong> sont issues de l&rsquo;agriculture biologique et sont purement naturelles. R\u00e9colt\u00e9s sur les arbres de Theobroma cacao au P\u00e9rou et en \u00c9quateur, ils ont la forme caract\u00e9ristique d&rsquo;une amande. Apr\u00e8s la cueillette manuelle, ils sont soigneusement nettoy\u00e9s \u00e0 l&rsquo;eau claire et s\u00e9lectionn\u00e9s en fonction de leur qualit\u00e9. Au cours du processus de production, on veille \u00e0 pr\u00e9server leur valeur nutritionnelle. Comme aucun additif n&rsquo;est ajout\u00e9, ces haricots conviennent aux v\u00e9g\u00e9taliens et aux v\u00e9g\u00e9tariens.<\/p>\n<p>Les f\u00e8ves de cacao sont consid\u00e9r\u00e9es comme des super-aliments en raison de leur teneur \u00e9lev\u00e9e en antioxydants, en fer, en magn\u00e9sium et en calcium. Ils constituent un compl\u00e9ment pr\u00e9cieux dans la cuisine, non seulement pour les friandises et les desserts, mais aussi pour rehausser la saveur des plats sal\u00e9s et des sauces. En r\u00e9sum\u00e9, ces f\u00e8ves de cacao sont un ingr\u00e9dient polyvalent et nutritif qui peut \u00eatre utilis\u00e9 dans diverses cr\u00e9ations culinaires.<\/p>\n<h3>Ingr\u00e9dients<\/h3>\n<p>100% de f\u00e8ves de cacao bio et biologiques.<\/p>\n<h3>Fonctionnement<\/h3>\n<ul>\n<li>Un concentr\u00e9 d&rsquo;antioxydants.<\/li>\n<li>Stimulant naturel de l&rsquo;humeur.<\/li>\n<li>Favorise la sant\u00e9 cardiaque.<\/li>\n<li>Riche en min\u00e9raux.<\/li>\n<li>Am\u00e9lioration de la fonction c\u00e9r\u00e9brale.<\/li>\n<\/ul>\n<h3>Utilisez<\/h3>\n<p>Les f\u00e8ves de cacao sont polyvalentes. Vous pouvez en faire du chocolat maison ou les moudre et les ajouter aux smoothies, aux cr\u00eapes, au muesli ou au yaourt. Vous pouvez \u00e9galement ajouter des f\u00e8ves de cacao moulues \u00e0 vos plats pr\u00e9f\u00e9r\u00e9s pour leur donner plus de saveur ! Il est recommand\u00e9 de ne pas consommer plus de 10 \u00e0 15 g de f\u00e8ves de cacao par jour. Consultez toujours votre m\u00e9decin avant d&rsquo;ajouter des aliments \u00e0 haute valeur nutritionnelle \u00e0 votre r\u00e9gime alimentaire. Ce produit peut \u00eatre conserv\u00e9 jusqu&rsquo;\u00e0 18 mois dans son emballage d&rsquo;origine, de pr\u00e9f\u00e9rence dans un endroit frais et sec.<\/p>\n<h3>Conseils de stockage<\/h3>\n<p>Conservez ce produit dans un endroit sombre et frais, tel qu&rsquo;un placard de cuisine, et hors de port\u00e9e des enfants.<\/p>\n<h3>Contenu<\/h3>\n<p>100% de f\u00e8ves de cacao biologiques &#8211; 100 g.<\/p>\n","protected":false},"excerpt":{"rendered":"<p>Ces f\u00e8ves de cacao brutes sont issues de l&rsquo;agriculture biologique et sont purement naturelles. R\u00e9colt\u00e9s sur les arbres de Theobroma cacao au P\u00e9rou et en \u00c9quateur, ils ont la forme caract\u00e9ristique d&rsquo;une amande. Apr\u00e8s la cueillette manuelle, ils sont soigneusement nettoy\u00e9s \u00e0 l&rsquo;eau claire et s\u00e9lectionn\u00e9s en fonction de leur qualit\u00e9. Au cours du processus [&hellip;]<\/p>\n","protected":false},"featured_media":30809,"comment_status":"closed","ping_status":"closed","template":"","meta":[],"product_brand":[],"product_cat":[336,291,280],"product_tag":[],"class_list":{"0":"post-36955","1":"product","2":"type-product","3":"status-publish","4":"has-post-thumbnail","6":"product_cat-raw-cacao","7":"product_cat-supplements-pour-le-systeme-immunitaire","8":"product_cat-super-aliments","10":"first","11":"outofstock","12":"taxable","13":"shipping-taxable","14":"purchasable","15":"product-type-simple"},"yoast_head":"<!-- This site is optimized with the Yoast SEO Premium plugin v26.4 (Yoast SEO v27.2) - https:\/\/yoast.com\/product\/yoast-seo-premium-wordpress\/ -->\n<title>Graines de cacao bio - Dutchmicrodosing<\/title>\n<meta name=\"robots\" content=\"index, follow, max-snippet:-1, max-image-preview:large, max-video-preview:-1\" \/>\n<link rel=\"canonical\" href=\"https:\/\/dutchmicrodosing.com\/fr\/boutique-de-sante\/super-aliments\/feves-de-cacao-brutes-bio\/\" \/>\n<meta property=\"og:locale\" content=\"fr_FR\" \/>\n<meta property=\"og:type\" content=\"article\" \/>\n<meta property=\"og:title\" content=\"Graines de cacao bio\" \/>\n<meta property=\"og:description\" content=\"Ces f\u00e8ves de cacao brutes sont issues de l&#039;agriculture biologique et sont purement naturelles. R\u00e9colt\u00e9s sur les arbres de Theobroma cacao au P\u00e9rou et en\" \/>\n<meta property=\"og:url\" content=\"https:\/\/dutchmicrodosing.com\/fr\/boutique-de-sante\/super-aliments\/feves-de-cacao-brutes-bio\/\" \/>\n<meta property=\"og:site_name\" content=\"Dutchmicrodosing\" \/>\n<meta property=\"article:publisher\" content=\"https:\/\/www.facebook.com\/Dutchmicrodosingxp\/\" \/>\n<meta property=\"article:modified_time\" content=\"2025-08-07T07:36:45+00:00\" \/>\n<meta property=\"og:image\" content=\"https:\/\/dutchmicrodosing.com\/wp-content\/uploads\/2023\/11\/organic-cacao-beans-mai00n-min.jpg\" \/>\n\t<meta property=\"og:image:width\" content=\"1160\" \/>\n\t<meta property=\"og:image:height\" content=\"1160\" \/>\n\t<meta property=\"og:image:type\" content=\"image\/jpeg\" \/>\n<meta name=\"twitter:card\" content=\"summary_large_image\" \/>\n<script type=\"application\/ld+json\" class=\"yoast-schema-graph\">{\"@context\":\"https:\/\/schema.org\",\"@graph\":[{\"@type\":\"WebPage\",\"@id\":\"https:\/\/dutchmicrodosing.com\/fr\/boutique-de-sante\/super-aliments\/feves-de-cacao-brutes-bio\/\",\"url\":\"https:\/\/dutchmicrodosing.com\/fr\/boutique-de-sante\/super-aliments\/feves-de-cacao-brutes-bio\/\",\"name\":\"Graines de cacao bio - Dutchmicrodosing\",\"isPartOf\":{\"@id\":\"https:\/\/dutchmicrodosing.com\/fr\/#website\"},\"primaryImageOfPage\":{\"@id\":\"https:\/\/dutchmicrodosing.com\/fr\/boutique-de-sante\/super-aliments\/feves-de-cacao-brutes-bio\/#primaryimage\"},\"image\":{\"@id\":\"https:\/\/dutchmicrodosing.com\/fr\/boutique-de-sante\/super-aliments\/feves-de-cacao-brutes-bio\/#primaryimage\"},\"thumbnailUrl\":\"https:\/\/dutchmicrodosing.com\/wp-content\/uploads\/2023\/11\/organic-cacao-beans-mai00n-min.jpg\",\"datePublished\":\"2023-11-09T15:10:18+00:00\",\"dateModified\":\"2025-08-07T07:36:45+00:00\",\"breadcrumb\":{\"@id\":\"https:\/\/dutchmicrodosing.com\/fr\/boutique-de-sante\/super-aliments\/feves-de-cacao-brutes-bio\/#breadcrumb\"},\"inLanguage\":\"fr-FR\",\"potentialAction\":[{\"@type\":\"ReadAction\",\"target\":[\"https:\/\/dutchmicrodosing.com\/fr\/boutique-de-sante\/super-aliments\/feves-de-cacao-brutes-bio\/\"]}]},{\"@type\":\"ImageObject\",\"inLanguage\":\"fr-FR\",\"@id\":\"https:\/\/dutchmicrodosing.com\/fr\/boutique-de-sante\/super-aliments\/feves-de-cacao-brutes-bio\/#primaryimage\",\"url\":\"https:\/\/dutchmicrodosing.com\/wp-content\/uploads\/2023\/11\/organic-cacao-beans-mai00n-min.jpg\",\"contentUrl\":\"https:\/\/dutchmicrodosing.com\/wp-content\/uploads\/2023\/11\/organic-cacao-beans-mai00n-min.jpg\",\"width\":1160,\"height\":1160},{\"@type\":\"BreadcrumbList\",\"@id\":\"https:\/\/dutchmicrodosing.com\/fr\/boutique-de-sante\/super-aliments\/feves-de-cacao-brutes-bio\/#breadcrumb\",\"itemListElement\":[{\"@type\":\"ListItem\",\"position\":1,\"name\":\"Home\",\"item\":\"https:\/\/dutchmicrodosing.com\/fr\/\"},{\"@type\":\"ListItem\",\"position\":2,\"name\":\"Boutique\",\"item\":\"https:\/\/dutchmicrodosing.com\/fr\/boutique\/\"},{\"@type\":\"ListItem\",\"position\":3,\"name\":\"Graines de cacao bio\"}]},{\"@type\":\"WebSite\",\"@id\":\"https:\/\/dutchmicrodosing.com\/fr\/#website\",\"url\":\"https:\/\/dutchmicrodosing.com\/fr\/\",\"name\":\"Dutchmicrodosing\",\"description\":\"\",\"publisher\":{\"@id\":\"https:\/\/dutchmicrodosing.com\/fr\/#organization\"},\"potentialAction\":[{\"@type\":\"SearchAction\",\"target\":{\"@type\":\"EntryPoint\",\"urlTemplate\":\"https:\/\/dutchmicrodosing.com\/fr\/?s={search_term_string}\"},\"query-input\":{\"@type\":\"PropertyValueSpecification\",\"valueRequired\":true,\"valueName\":\"search_term_string\"}}],\"inLanguage\":\"fr-FR\"},{\"@type\":\"Organization\",\"@id\":\"https:\/\/dutchmicrodosing.com\/fr\/#organization\",\"name\":\"Dutchmicrodosing\",\"url\":\"https:\/\/dutchmicrodosing.com\/fr\/\",\"logo\":{\"@type\":\"ImageObject\",\"inLanguage\":\"fr-FR\",\"@id\":\"https:\/\/dutchmicrodosing.com\/fr\/#\/schema\/logo\/image\/\",\"url\":\"https:\/\/dutchmicrodosing.com\/wp-content\/uploads\/2021\/01\/microdosing-categorie-pic-nieuw.jpg\",\"contentUrl\":\"https:\/\/dutchmicrodosing.com\/wp-content\/uploads\/2021\/01\/microdosing-categorie-pic-nieuw.jpg\",\"width\":500,\"height\":500,\"caption\":\"Dutchmicrodosing\"},\"image\":{\"@id\":\"https:\/\/dutchmicrodosing.com\/fr\/#\/schema\/logo\/image\/\"},\"sameAs\":[\"https:\/\/www.facebook.com\/Dutchmicrodosingxp\/\",\"https:\/\/www.instagram.com\/dutchmicrodosing\/\"]}]}<\/script>\n<meta property=\"product:price:amount\" content=\"5.95\" \/>\n<meta property=\"product:price:currency\" content=\"EUR\" \/>\n<meta property=\"og:availability\" content=\"out of stock\" \/>\n<meta property=\"product:availability\" content=\"out of stock\" \/>\n<meta property=\"product:retailer_item_id\" content=\"3208383\" \/>\n<meta property=\"product:condition\" content=\"new\" \/>\n<!-- \/ Yoast SEO Premium plugin. -->","yoast_head_json":{"title":"Graines de cacao bio - Dutchmicrodosing","robots":{"index":"index","follow":"follow","max-snippet":"max-snippet:-1","max-image-preview":"max-image-preview:large","max-video-preview":"max-video-preview:-1"},"canonical":"https:\/\/dutchmicrodosing.com\/fr\/boutique-de-sante\/super-aliments\/feves-de-cacao-brutes-bio\/","og_locale":"fr_FR","og_type":"article","og_title":"Graines de cacao bio","og_description":"Ces f\u00e8ves de cacao brutes sont issues de l'agriculture biologique et sont purement naturelles. R\u00e9colt\u00e9s sur les arbres de Theobroma cacao au P\u00e9rou et en","og_url":"https:\/\/dutchmicrodosing.com\/fr\/boutique-de-sante\/super-aliments\/feves-de-cacao-brutes-bio\/","og_site_name":"Dutchmicrodosing","article_publisher":"https:\/\/www.facebook.com\/Dutchmicrodosingxp\/","article_modified_time":"2025-08-07T07:36:45+00:00","og_image":[{"width":1160,"height":1160,"url":"https:\/\/dutchmicrodosing.com\/wp-content\/uploads\/2023\/11\/organic-cacao-beans-mai00n-min.jpg","type":"image\/jpeg"}],"twitter_card":"summary_large_image","schema":{"@context":"https:\/\/schema.org","@graph":[{"@type":"WebPage","@id":"https:\/\/dutchmicrodosing.com\/fr\/boutique-de-sante\/super-aliments\/feves-de-cacao-brutes-bio\/","url":"https:\/\/dutchmicrodosing.com\/fr\/boutique-de-sante\/super-aliments\/feves-de-cacao-brutes-bio\/","name":"Graines de cacao bio - Dutchmicrodosing","isPartOf":{"@id":"https:\/\/dutchmicrodosing.com\/fr\/#website"},"primaryImageOfPage":{"@id":"https:\/\/dutchmicrodosing.com\/fr\/boutique-de-sante\/super-aliments\/feves-de-cacao-brutes-bio\/#primaryimage"},"image":{"@id":"https:\/\/dutchmicrodosing.com\/fr\/boutique-de-sante\/super-aliments\/feves-de-cacao-brutes-bio\/#primaryimage"},"thumbnailUrl":"https:\/\/dutchmicrodosing.com\/wp-content\/uploads\/2023\/11\/organic-cacao-beans-mai00n-min.jpg","datePublished":"2023-11-09T15:10:18+00:00","dateModified":"2025-08-07T07:36:45+00:00","breadcrumb":{"@id":"https:\/\/dutchmicrodosing.com\/fr\/boutique-de-sante\/super-aliments\/feves-de-cacao-brutes-bio\/#breadcrumb"},"inLanguage":"fr-FR","potentialAction":[{"@type":"ReadAction","target":["https:\/\/dutchmicrodosing.com\/fr\/boutique-de-sante\/super-aliments\/feves-de-cacao-brutes-bio\/"]}]},{"@type":"ImageObject","inLanguage":"fr-FR","@id":"https:\/\/dutchmicrodosing.com\/fr\/boutique-de-sante\/super-aliments\/feves-de-cacao-brutes-bio\/#primaryimage","url":"https:\/\/dutchmicrodosing.com\/wp-content\/uploads\/2023\/11\/organic-cacao-beans-mai00n-min.jpg","contentUrl":"https:\/\/dutchmicrodosing.com\/wp-content\/uploads\/2023\/11\/organic-cacao-beans-mai00n-min.jpg","width":1160,"height":1160},{"@type":"BreadcrumbList","@id":"https:\/\/dutchmicrodosing.com\/fr\/boutique-de-sante\/super-aliments\/feves-de-cacao-brutes-bio\/#breadcrumb","itemListElement":[{"@type":"ListItem","position":1,"name":"Home","item":"https:\/\/dutchmicrodosing.com\/fr\/"},{"@type":"ListItem","position":2,"name":"Boutique","item":"https:\/\/dutchmicrodosing.com\/fr\/boutique\/"},{"@type":"ListItem","position":3,"name":"Graines de cacao bio"}]},{"@type":"WebSite","@id":"https:\/\/dutchmicrodosing.com\/fr\/#website","url":"https:\/\/dutchmicrodosing.com\/fr\/","name":"Dutchmicrodosing","description":"","publisher":{"@id":"https:\/\/dutchmicrodosing.com\/fr\/#organization"},"potentialAction":[{"@type":"SearchAction","target":{"@type":"EntryPoint","urlTemplate":"https:\/\/dutchmicrodosing.com\/fr\/?s={search_term_string}"},"query-input":{"@type":"PropertyValueSpecification","valueRequired":true,"valueName":"search_term_string"}}],"inLanguage":"fr-FR"},{"@type":"Organization","@id":"https:\/\/dutchmicrodosing.com\/fr\/#organization","name":"Dutchmicrodosing","url":"https:\/\/dutchmicrodosing.com\/fr\/","logo":{"@type":"ImageObject","inLanguage":"fr-FR","@id":"https:\/\/dutchmicrodosing.com\/fr\/#\/schema\/logo\/image\/","url":"https:\/\/dutchmicrodosing.com\/wp-content\/uploads\/2021\/01\/microdosing-categorie-pic-nieuw.jpg","contentUrl":"https:\/\/dutchmicrodosing.com\/wp-content\/uploads\/2021\/01\/microdosing-categorie-pic-nieuw.jpg","width":500,"height":500,"caption":"Dutchmicrodosing"},"image":{"@id":"https:\/\/dutchmicrodosing.com\/fr\/#\/schema\/logo\/image\/"},"sameAs":["https:\/\/www.facebook.com\/Dutchmicrodosingxp\/","https:\/\/www.instagram.com\/dutchmicrodosing\/"]}]},"product_price_amount":"5.95","product_price_currency":"EUR","og_availability":"out of stock","product_availability":"out of stock","product_retailer_item_id":"3208383","product_condition":"new"},"_links":{"self":[{"href":"https:\/\/dutchmicrodosing.com\/fr\/wp-json\/wp\/v2\/product\/36955","targetHints":{"allow":["GET"]}}],"collection":[{"href":"https:\/\/dutchmicrodosing.com\/fr\/wp-json\/wp\/v2\/product"}],"about":[{"href":"https:\/\/dutchmicrodosing.com\/fr\/wp-json\/wp\/v2\/types\/product"}],"replies":[{"embeddable":true,"href":"https:\/\/dutchmicrodosing.com\/fr\/wp-json\/wp\/v2\/comments?post=36955"}],"version-history":[{"count":0,"href":"https:\/\/dutchmicrodosing.com\/fr\/wp-json\/wp\/v2\/product\/36955\/revisions"}],"wp:featuredmedia":[{"embeddable":true,"href":"https:\/\/dutchmicrodosing.com\/fr\/wp-json\/wp\/v2\/media\/30809"}],"wp:attachment":[{"href":"https:\/\/dutchmicrodosing.com\/fr\/wp-json\/wp\/v2\/media?parent=36955"}],"wp:term":[{"taxonomy":"product_brand","embeddable":true,"href":"https:\/\/dutchmicrodosing.com\/fr\/wp-json\/wp\/v2\/product_brand?post=36955"},{"taxonomy":"product_cat","embeddable":true,"href":"https:\/\/dutchmicrodosing.com\/fr\/wp-json\/wp\/v2\/product_cat?post=36955"},{"taxonomy":"product_tag","embeddable":true,"href":"https:\/\/dutchmicrodosing.com\/fr\/wp-json\/wp\/v2\/product_tag?post=36955"}],"curies":[{"name":"wp","href":"https:\/\/api.w.org\/{rel}","templated":true}]}}