{"id":37729,"date":"2024-03-18T12:28:14","date_gmt":"2024-03-21T14:38:18","guid":{"rendered":"https:\/\/dutchmicrodosing.com\/shop\/non class\u00e9\/mexicana-truffles-15-gr\/"},"modified":"2024-03-21T15:38:18","modified_gmt":"2024-03-21T14:38:18","slug":"mexicana-truffles-15-gr","status":"publish","type":"product","link":"https:\/\/dutchmicrodosing.com\/fr\/truffes-a-la-psilocybine\/truffes-magiques\/mexicana-truffles-15-gr\/","title":{"rendered":"Truffes Mexicaines 15 Gr"},"content":{"rendered":"<p>D\u00e9couvrez les myst\u00e8res du Psilocybe Mexicana de Royal Magic Truffles, une vari\u00e9t\u00e9 connue pour ses effets psych\u00e9d\u00e9liques subtils et intenses. Ces truffes magiques c\u00e9l\u00e8brent les riches traditions des chamans indig\u00e8nes, qui les utilisent \u00e0 des fins d&rsquo;exploration spirituelle et de c\u00e9r\u00e9monie. Psilocybe Mexicana est reconnu comme une s\u00e9lection id\u00e9ale pour les nouveaux venus dans le monde des psych\u00e9d\u00e9liques et les aventuriers chevronn\u00e9s, qui aspirent \u00e0 des exp\u00e9riences m\u00e9ditatives profondes et \u00e0 une conscience accrue de leur environnement. Le voyage promet d&rsquo;\u00eatre une exploration \u00e0 travers un royaume de perceptions sensorielles intens\u00e9ment raffin\u00e9es, d&rsquo;impressions visuelles vives et d&rsquo;une connexion profond\u00e9ment ressentie avec le monde naturel et l&rsquo;ensemble cosmique. Chaque voyage offre la possibilit\u00e9 de se rapprocher de l&rsquo;essence de l&rsquo;existence et de d\u00e9m\u00ealer les couches complexes de la conscience humaine.<\/p>\n<h2>Dosage Mexicana Truffe<\/h2>\n<p>Les Truffes Mexicaines sont connues pour leur exp\u00e9rience psych\u00e9d\u00e9lique accessible et plus douce, ce qui en fait un choix id\u00e9al pour ceux qui d\u00e9couvrent le monde des psych\u00e9d\u00e9liques pour la premi\u00e8re fois. Ces truffes offrent un changement de perception subtil mais perceptible, id\u00e9al pour les personnes curieuses de conna\u00eetre l&rsquo;impact des psych\u00e9d\u00e9liques sur leurs sens, leurs processus cr\u00e9atifs, leurs niveaux d&rsquo;\u00e9nergie et leurs sensations corporelles. L&rsquo;exp\u00e9rience peut conduire \u00e0 une perception plus intense des couleurs, qui apparaissent plus vives qu&rsquo;\u00e0 l&rsquo;\u00e9tat normal. Les sons peuvent prendre une dimension suppl\u00e9mentaire, non seulement audible mais aussi palpable, contribuant \u00e0 un \u00e9tat g\u00e9n\u00e9ral d&rsquo;euphorie et d&rsquo;humeur exacerb\u00e9e.<\/p>\n<h2>Combien de temps dure un voyage sur les truffes Psilocybe Mexicana ?<\/h2>\n<p>Les truffes psilocybe Mexicana commencent \u00e0 travailler apr\u00e8s environ 45 minutes. Le voyage dure environ 6 \u00e0 8 heures.<\/p>\n<h2>Pr\u00e9paration d&rsquo;un voyage \u00e0 bord de Royal Magic Truffles Mexicana<\/h2>\n<p>Une pr\u00e9paration minutieuse est essentielle pour une exp\u00e9rience positive avec les truffes magiques. Pour une efficacit\u00e9 maximale, il est conseill\u00e9 de les consommer \u00e0 jeun, c&rsquo;est-\u00e0-dire sans rien manger plusieurs heures avant le d\u00e9but de l&rsquo;exp\u00e9rience. Il est possible de manger et de boire pendant l&rsquo;exp\u00e9rience, mais il est conseill\u00e9 de pr\u00e9parer des en-cas et des boissons \u00e0 l&rsquo;avance pour \u00e9viter d&rsquo;avoir \u00e0 chercher pendant le voyage, ce qui peut \u00eatre difficile en raison d&rsquo;\u00e9ventuelles perturbations visuelles. Le choix d&rsquo;un environnement familier et s\u00fbr est essentiel pour un voyage agr\u00e9able. Cela signifie qu&rsquo;il faut tripper dans un environnement o\u00f9 l&rsquo;on se sent \u00e0 l&rsquo;aise, avec des personnes que l&rsquo;on conna\u00eet et en qui l&rsquo;on a confiance, comme son partenaire ou des amis proches. Il est important que le groupe avec lequel vous voyagez soit compos\u00e9 de personnes avec lesquelles vous avez des liens \u00e9troits.<\/p>\n<h2>Conservation des truffes Mexicana<\/h2>\n<p>Si vous d\u00e9cidez de ne pas consommer les truffes fra\u00eeches Mexicana tout de suite, vous pouvez les conserver. Conservez-les au frais et au sec. Le r\u00e9frig\u00e9rateur est un excellent endroit pour cela. Vous pouvez alors souvent les conserver pendant au moins un mois de plus. La temp\u00e9rature id\u00e9ale se situe entre 2 et 4 degr\u00e9s Celsius. Veillez \u00e0 v\u00e9rifier la date de p\u00e9remption indiqu\u00e9e sur l&#8217;emballage pour savoir combien de temps ils se conservent.<\/p>\n<h2>Avertissement sur le produit<\/h2>\n<ul>\n<li>Ne consommez pas de truffes \u00e0 la psilocybine si vous \u00eates de mauvaise humeur, d\u00e9prim\u00e9, psychotique ou si vous pr\u00e9sentez des troubles mentaux. Les truffes magiques ne conviennent pas aux mineurs ni aux femmes enceintes. Il n&rsquo;est pas non plus judicieux de conduire ou d&rsquo;utiliser des machines lourdes sous l&rsquo;influence de la psilocybine.<\/li>\n<li>Les truffes Psilocybe ne doivent jamais \u00eatre utilis\u00e9es en association avec de l&rsquo;alcool ou d&rsquo;autres drogues (prescrites ou ill\u00e9gales). Commencez par une petite dose et assurez-vous que vous \u00eates \u00e0 l&rsquo;aise en compagnie et dans votre environnement.<\/li>\n<li>Toutes nos truffes Magic Mushroom sont fra\u00eechement emball\u00e9es. Vous devez les conserver au r\u00e9frig\u00e9rateur. Non ouverts, vous pouvez les conserver au r\u00e9frig\u00e9rateur pendant environ 2 mois. Une fois ouvertes, les truffes ne peuvent toutefois \u00eatre conserv\u00e9es que quelques jours.<\/li>\n<\/ul>\n<h2>Calendrier des doses de voyage Truffes magiques<\/h2>\n<p>Ces doses sont destin\u00e9es aux personnes qui veulent faire connaissance avec les truffes \u00e0 la psilocybine pour la premi\u00e8re fois. Si vous avez d\u00e9j\u00e0 une exp\u00e9rience avec les truffes \u00e0 la psilocybine ou les champignons magiques, vous pouvez augmenter la dose selon votre d\u00e9sir. Vous trouverez ci-dessous un sch\u00e9ma que vous pouvez appliquer. Notez que la dose r\u00e9elle peut varier car la psilocybine a des effets diff\u00e9rents selon les personnes.<\/p>\n<p><strong>Voyage l\u00e9ger Voyage l\u00e9ger Voyage lourd<\/strong><\/p>\n<ul>\n<li>50 kg = 5 grammes 6,7 grammes 11,2 grammes<\/li>\n<li>60 kg = 6 grammes 8 grammes 13,4 grammes<\/li>\n<li>70 kg = 7 grammes 9,3 grammes 15,6 grammes<\/li>\n<li>80 kg = 8 grammes 10,6 grammes 17,8 grammes<\/li>\n<li>90 kg = 9 grammes 11,9 grammes 20 grammes<\/li>\n<li>100 kg = 10 grammes 13,5 grammes 22,2 grammes<\/li>\n<\/ul>\n<div>Pour un voyage l\u00e9ger, augmentez la dose de +\/- 0,1 gramme par kilo de poids corporel, par exemple : 51 kilos = 5,1 grammes.<br \/>\nPour un voyage en Douceur, augmentez la dose de +\/- 0,13\/15 grammes par kilogramme de poids corporel, par exemple : 51 kilogrammes = 6,85 grammes.<br \/>\nPour un voyage lourd, augmentez la dose de +\/-0,22 gramme par kilo de poids corporel, par exemple : 51 kilos = 11,42 grammes.<\/div>\n<h2>Valeurs nutritionnelles des truffes magiques pour 100 grammes :<\/h2>\n<ul>\n<li>\u00c9nergie 464,7 kJ<\/li>\n<li>\u00c9nergie 110,5 kcal<\/li>\n<li>Glucides 13,2 grammes<\/li>\n<li>Prot\u00e9ines 5,3 grammes<\/li>\n<li>Graisses 0,4 grammes<\/li>\n<li>Fibres alimentaires 16,7 grammes<\/li>\n<li>Sel ( NaCl ) 0,3 grammes<\/li>\n<li>Vitamine D 10,0 UI<\/li>\n<li>Sodium (Na) 13,6 mg<\/li>\n<li>Phosphore (P) 169,3 mg<\/li>\n<li>Potassium (K) 210,0 mg<\/li>\n<li>Calcium (Ca) 12,5 mg<\/li>\n<li>Fer (F) 0,7 mg<\/li>\n<\/ul>\n","protected":false},"excerpt":{"rendered":"<p>D\u00e9couvrez les myst\u00e8res du Psilocybe Mexicana de Royal Magic Truffles, une vari\u00e9t\u00e9 connue pour ses effets psych\u00e9d\u00e9liques subtils et intenses. Ces truffes magiques c\u00e9l\u00e8brent les riches traditions des chamans indig\u00e8nes, qui les utilisent \u00e0 des fins d&rsquo;exploration spirituelle et de c\u00e9r\u00e9monie. Psilocybe Mexicana est reconnu comme une s\u00e9lection id\u00e9ale pour les nouveaux venus dans le [&hellip;]<\/p>\n","protected":false},"featured_media":37646,"comment_status":"closed","ping_status":"closed","template":"","meta":[],"product_brand":[],"product_cat":[201],"product_tag":[],"class_list":{"0":"post-37729","1":"product","2":"type-product","3":"status-publish","4":"has-post-thumbnail","6":"product_cat-truffes-magiques","8":"first","9":"instock","10":"taxable","11":"shipping-taxable","12":"purchasable","13":"product-type-simple"},"yoast_head":"<!-- This site is optimized with the Yoast SEO Premium plugin v26.4 (Yoast SEO v27.2) - https:\/\/yoast.com\/product\/yoast-seo-premium-wordpress\/ -->\n<title>Truffes Mexicaines 15 Gr - Dutchmicrodosing<\/title>\n<meta name=\"robots\" content=\"index, follow, max-snippet:-1, max-image-preview:large, max-video-preview:-1\" \/>\n<link rel=\"canonical\" href=\"https:\/\/dutchmicrodosing.com\/fr\/truffes-a-la-psilocybine\/truffes-magiques\/mexicana-truffles-15-gr\/\" \/>\n<meta property=\"og:locale\" content=\"fr_FR\" \/>\n<meta property=\"og:type\" content=\"article\" \/>\n<meta property=\"og:title\" content=\"Truffes Mexicaines 15 Gr\" \/>\n<meta property=\"og:description\" content=\"D\u00e9couvrez les myst\u00e8res du Psilocybe Mexicana de Royal Magic Truffles, une vari\u00e9t\u00e9 connue pour ses effets psych\u00e9d\u00e9liques subtils et intenses. Ces truffes\" \/>\n<meta property=\"og:url\" content=\"https:\/\/dutchmicrodosing.com\/fr\/truffes-a-la-psilocybine\/truffes-magiques\/mexicana-truffles-15-gr\/\" \/>\n<meta property=\"og:site_name\" content=\"Dutchmicrodosing\" \/>\n<meta property=\"article:publisher\" content=\"https:\/\/www.facebook.com\/Dutchmicrodosingxp\/\" \/>\n<meta property=\"og:image\" content=\"https:\/\/dutchmicrodosing.com\/wp-content\/uploads\/2024\/03\/Mexicana_product_shop_1000x1000.jpg\" \/>\n\t<meta property=\"og:image:width\" content=\"1000\" \/>\n\t<meta property=\"og:image:height\" content=\"1000\" \/>\n\t<meta property=\"og:image:type\" content=\"image\/jpeg\" \/>\n<meta name=\"twitter:card\" content=\"summary_large_image\" \/>\n<script type=\"application\/ld+json\" class=\"yoast-schema-graph\">{\"@context\":\"https:\/\/schema.org\",\"@graph\":[{\"@type\":\"WebPage\",\"@id\":\"https:\/\/dutchmicrodosing.com\/fr\/truffes-a-la-psilocybine\/truffes-magiques\/mexicana-truffles-15-gr\/\",\"url\":\"https:\/\/dutchmicrodosing.com\/fr\/truffes-a-la-psilocybine\/truffes-magiques\/mexicana-truffles-15-gr\/\",\"name\":\"Truffes Mexicaines 15 Gr - Dutchmicrodosing\",\"isPartOf\":{\"@id\":\"https:\/\/dutchmicrodosing.com\/fr\/#website\"},\"primaryImageOfPage\":{\"@id\":\"https:\/\/dutchmicrodosing.com\/fr\/truffes-a-la-psilocybine\/truffes-magiques\/mexicana-truffles-15-gr\/#primaryimage\"},\"image\":{\"@id\":\"https:\/\/dutchmicrodosing.com\/fr\/truffes-a-la-psilocybine\/truffes-magiques\/mexicana-truffles-15-gr\/#primaryimage\"},\"thumbnailUrl\":\"https:\/\/dutchmicrodosing.com\/wp-content\/uploads\/2024\/03\/Mexicana_product_shop_1000x1000.jpg\",\"datePublished\":\"2024-03-21T14:38:18+00:00\",\"breadcrumb\":{\"@id\":\"https:\/\/dutchmicrodosing.com\/fr\/truffes-a-la-psilocybine\/truffes-magiques\/mexicana-truffles-15-gr\/#breadcrumb\"},\"inLanguage\":\"fr-FR\",\"potentialAction\":[{\"@type\":\"ReadAction\",\"target\":[\"https:\/\/dutchmicrodosing.com\/fr\/truffes-a-la-psilocybine\/truffes-magiques\/mexicana-truffles-15-gr\/\"]}]},{\"@type\":\"ImageObject\",\"inLanguage\":\"fr-FR\",\"@id\":\"https:\/\/dutchmicrodosing.com\/fr\/truffes-a-la-psilocybine\/truffes-magiques\/mexicana-truffles-15-gr\/#primaryimage\",\"url\":\"https:\/\/dutchmicrodosing.com\/wp-content\/uploads\/2024\/03\/Mexicana_product_shop_1000x1000.jpg\",\"contentUrl\":\"https:\/\/dutchmicrodosing.com\/wp-content\/uploads\/2024\/03\/Mexicana_product_shop_1000x1000.jpg\",\"width\":1000,\"height\":1000},{\"@type\":\"BreadcrumbList\",\"@id\":\"https:\/\/dutchmicrodosing.com\/fr\/truffes-a-la-psilocybine\/truffes-magiques\/mexicana-truffles-15-gr\/#breadcrumb\",\"itemListElement\":[{\"@type\":\"ListItem\",\"position\":1,\"name\":\"Home\",\"item\":\"https:\/\/dutchmicrodosing.com\/fr\/\"},{\"@type\":\"ListItem\",\"position\":2,\"name\":\"Boutique\",\"item\":\"https:\/\/dutchmicrodosing.com\/fr\/boutique\/\"},{\"@type\":\"ListItem\",\"position\":3,\"name\":\"Truffes Mexicaines 15 Gr\"}]},{\"@type\":\"WebSite\",\"@id\":\"https:\/\/dutchmicrodosing.com\/fr\/#website\",\"url\":\"https:\/\/dutchmicrodosing.com\/fr\/\",\"name\":\"Dutchmicrodosing\",\"description\":\"\",\"publisher\":{\"@id\":\"https:\/\/dutchmicrodosing.com\/fr\/#organization\"},\"potentialAction\":[{\"@type\":\"SearchAction\",\"target\":{\"@type\":\"EntryPoint\",\"urlTemplate\":\"https:\/\/dutchmicrodosing.com\/fr\/?s={search_term_string}\"},\"query-input\":{\"@type\":\"PropertyValueSpecification\",\"valueRequired\":true,\"valueName\":\"search_term_string\"}}],\"inLanguage\":\"fr-FR\"},{\"@type\":\"Organization\",\"@id\":\"https:\/\/dutchmicrodosing.com\/fr\/#organization\",\"name\":\"Dutchmicrodosing\",\"url\":\"https:\/\/dutchmicrodosing.com\/fr\/\",\"logo\":{\"@type\":\"ImageObject\",\"inLanguage\":\"fr-FR\",\"@id\":\"https:\/\/dutchmicrodosing.com\/fr\/#\/schema\/logo\/image\/\",\"url\":\"https:\/\/dutchmicrodosing.com\/wp-content\/uploads\/2021\/01\/microdosing-categorie-pic-nieuw.jpg\",\"contentUrl\":\"https:\/\/dutchmicrodosing.com\/wp-content\/uploads\/2021\/01\/microdosing-categorie-pic-nieuw.jpg\",\"width\":500,\"height\":500,\"caption\":\"Dutchmicrodosing\"},\"image\":{\"@id\":\"https:\/\/dutchmicrodosing.com\/fr\/#\/schema\/logo\/image\/\"},\"sameAs\":[\"https:\/\/www.facebook.com\/Dutchmicrodosingxp\/\",\"https:\/\/www.instagram.com\/dutchmicrodosing\/\"]}]}<\/script>\n<meta property=\"product:price:amount\" content=\"13.95\" \/>\n<meta property=\"product:price:currency\" content=\"EUR\" \/>\n<meta property=\"og:availability\" content=\"instock\" \/>\n<meta property=\"product:availability\" content=\"instock\" \/>\n<meta property=\"product:retailer_item_id\" content=\"4203784\" \/>\n<meta property=\"product:condition\" content=\"new\" \/>\n<!-- \/ Yoast SEO Premium plugin. -->","yoast_head_json":{"title":"Truffes Mexicaines 15 Gr - Dutchmicrodosing","robots":{"index":"index","follow":"follow","max-snippet":"max-snippet:-1","max-image-preview":"max-image-preview:large","max-video-preview":"max-video-preview:-1"},"canonical":"https:\/\/dutchmicrodosing.com\/fr\/truffes-a-la-psilocybine\/truffes-magiques\/mexicana-truffles-15-gr\/","og_locale":"fr_FR","og_type":"article","og_title":"Truffes Mexicaines 15 Gr","og_description":"D\u00e9couvrez les myst\u00e8res du Psilocybe Mexicana de Royal Magic Truffles, une vari\u00e9t\u00e9 connue pour ses effets psych\u00e9d\u00e9liques subtils et intenses. Ces truffes","og_url":"https:\/\/dutchmicrodosing.com\/fr\/truffes-a-la-psilocybine\/truffes-magiques\/mexicana-truffles-15-gr\/","og_site_name":"Dutchmicrodosing","article_publisher":"https:\/\/www.facebook.com\/Dutchmicrodosingxp\/","og_image":[{"width":1000,"height":1000,"url":"https:\/\/dutchmicrodosing.com\/wp-content\/uploads\/2024\/03\/Mexicana_product_shop_1000x1000.jpg","type":"image\/jpeg"}],"twitter_card":"summary_large_image","schema":{"@context":"https:\/\/schema.org","@graph":[{"@type":"WebPage","@id":"https:\/\/dutchmicrodosing.com\/fr\/truffes-a-la-psilocybine\/truffes-magiques\/mexicana-truffles-15-gr\/","url":"https:\/\/dutchmicrodosing.com\/fr\/truffes-a-la-psilocybine\/truffes-magiques\/mexicana-truffles-15-gr\/","name":"Truffes Mexicaines 15 Gr - Dutchmicrodosing","isPartOf":{"@id":"https:\/\/dutchmicrodosing.com\/fr\/#website"},"primaryImageOfPage":{"@id":"https:\/\/dutchmicrodosing.com\/fr\/truffes-a-la-psilocybine\/truffes-magiques\/mexicana-truffles-15-gr\/#primaryimage"},"image":{"@id":"https:\/\/dutchmicrodosing.com\/fr\/truffes-a-la-psilocybine\/truffes-magiques\/mexicana-truffles-15-gr\/#primaryimage"},"thumbnailUrl":"https:\/\/dutchmicrodosing.com\/wp-content\/uploads\/2024\/03\/Mexicana_product_shop_1000x1000.jpg","datePublished":"2024-03-21T14:38:18+00:00","breadcrumb":{"@id":"https:\/\/dutchmicrodosing.com\/fr\/truffes-a-la-psilocybine\/truffes-magiques\/mexicana-truffles-15-gr\/#breadcrumb"},"inLanguage":"fr-FR","potentialAction":[{"@type":"ReadAction","target":["https:\/\/dutchmicrodosing.com\/fr\/truffes-a-la-psilocybine\/truffes-magiques\/mexicana-truffles-15-gr\/"]}]},{"@type":"ImageObject","inLanguage":"fr-FR","@id":"https:\/\/dutchmicrodosing.com\/fr\/truffes-a-la-psilocybine\/truffes-magiques\/mexicana-truffles-15-gr\/#primaryimage","url":"https:\/\/dutchmicrodosing.com\/wp-content\/uploads\/2024\/03\/Mexicana_product_shop_1000x1000.jpg","contentUrl":"https:\/\/dutchmicrodosing.com\/wp-content\/uploads\/2024\/03\/Mexicana_product_shop_1000x1000.jpg","width":1000,"height":1000},{"@type":"BreadcrumbList","@id":"https:\/\/dutchmicrodosing.com\/fr\/truffes-a-la-psilocybine\/truffes-magiques\/mexicana-truffles-15-gr\/#breadcrumb","itemListElement":[{"@type":"ListItem","position":1,"name":"Home","item":"https:\/\/dutchmicrodosing.com\/fr\/"},{"@type":"ListItem","position":2,"name":"Boutique","item":"https:\/\/dutchmicrodosing.com\/fr\/boutique\/"},{"@type":"ListItem","position":3,"name":"Truffes Mexicaines 15 Gr"}]},{"@type":"WebSite","@id":"https:\/\/dutchmicrodosing.com\/fr\/#website","url":"https:\/\/dutchmicrodosing.com\/fr\/","name":"Dutchmicrodosing","description":"","publisher":{"@id":"https:\/\/dutchmicrodosing.com\/fr\/#organization"},"potentialAction":[{"@type":"SearchAction","target":{"@type":"EntryPoint","urlTemplate":"https:\/\/dutchmicrodosing.com\/fr\/?s={search_term_string}"},"query-input":{"@type":"PropertyValueSpecification","valueRequired":true,"valueName":"search_term_string"}}],"inLanguage":"fr-FR"},{"@type":"Organization","@id":"https:\/\/dutchmicrodosing.com\/fr\/#organization","name":"Dutchmicrodosing","url":"https:\/\/dutchmicrodosing.com\/fr\/","logo":{"@type":"ImageObject","inLanguage":"fr-FR","@id":"https:\/\/dutchmicrodosing.com\/fr\/#\/schema\/logo\/image\/","url":"https:\/\/dutchmicrodosing.com\/wp-content\/uploads\/2021\/01\/microdosing-categorie-pic-nieuw.jpg","contentUrl":"https:\/\/dutchmicrodosing.com\/wp-content\/uploads\/2021\/01\/microdosing-categorie-pic-nieuw.jpg","width":500,"height":500,"caption":"Dutchmicrodosing"},"image":{"@id":"https:\/\/dutchmicrodosing.com\/fr\/#\/schema\/logo\/image\/"},"sameAs":["https:\/\/www.facebook.com\/Dutchmicrodosingxp\/","https:\/\/www.instagram.com\/dutchmicrodosing\/"]}]},"product_price_amount":"13.95","product_price_currency":"EUR","og_availability":"instock","product_availability":"instock","product_retailer_item_id":"4203784","product_condition":"new"},"_links":{"self":[{"href":"https:\/\/dutchmicrodosing.com\/fr\/wp-json\/wp\/v2\/product\/37729","targetHints":{"allow":["GET"]}}],"collection":[{"href":"https:\/\/dutchmicrodosing.com\/fr\/wp-json\/wp\/v2\/product"}],"about":[{"href":"https:\/\/dutchmicrodosing.com\/fr\/wp-json\/wp\/v2\/types\/product"}],"replies":[{"embeddable":true,"href":"https:\/\/dutchmicrodosing.com\/fr\/wp-json\/wp\/v2\/comments?post=37729"}],"version-history":[{"count":0,"href":"https:\/\/dutchmicrodosing.com\/fr\/wp-json\/wp\/v2\/product\/37729\/revisions"}],"wp:featuredmedia":[{"embeddable":true,"href":"https:\/\/dutchmicrodosing.com\/fr\/wp-json\/wp\/v2\/media\/37646"}],"wp:attachment":[{"href":"https:\/\/dutchmicrodosing.com\/fr\/wp-json\/wp\/v2\/media?parent=37729"}],"wp:term":[{"taxonomy":"product_brand","embeddable":true,"href":"https:\/\/dutchmicrodosing.com\/fr\/wp-json\/wp\/v2\/product_brand?post=37729"},{"taxonomy":"product_cat","embeddable":true,"href":"https:\/\/dutchmicrodosing.com\/fr\/wp-json\/wp\/v2\/product_cat?post=37729"},{"taxonomy":"product_tag","embeddable":true,"href":"https:\/\/dutchmicrodosing.com\/fr\/wp-json\/wp\/v2\/product_tag?post=37729"}],"curies":[{"name":"wp","href":"https:\/\/api.w.org\/{rel}","templated":true}]}}