{"id":38003,"date":"2024-04-05T08:55:22","date_gmt":"2024-04-05T06:55:22","guid":{"rendered":"https:\/\/dutchmicrodosing.com\/shop\/non%20class\u00e9\/lunettes-kaleidoscopiques-pour-les-fetes\/"},"modified":"2025-10-14T00:49:42","modified_gmt":"2025-10-13T22:49:42","slug":"lunettes-kaleidoscopiques-pour-les-fetes","status":"publish","type":"product","link":"https:\/\/dutchmicrodosing.com\/fr\/truffes-a-la-psilocybine\/truffes-magiques-bio-xp\/lunettes-kaleidoscopiques-pour-les-fetes\/","title":{"rendered":"Lunettes Kaleidoscope Party\/Truffle Goggles"},"content":{"rendered":"<p>L&rsquo;utilisation de <strong>verres \u00e0 kal\u00e9idoscope<\/strong> et de truffes magiques offre une exp\u00e9rience unique et immersive gr\u00e2ce \u00e0 la fa\u00e7on dont ils intensifient et modifient la perception sensorielle. Les truffes magiques, connues pour leurs propri\u00e9t\u00e9s psychoactives, peuvent affecter profond\u00e9ment la fa\u00e7on dont les gens pensent, ressentent et per\u00e7oivent le monde qui les entoure. Lorsque cette exp\u00e9rience est combin\u00e9e avec des lunettes kal\u00e9idoscopiques, qui fragmentent et r\u00e9organisent la r\u00e9alit\u00e9 visuelle gr\u00e2ce \u00e0 leurs lentilles prismatiques, elle peut conduire \u00e0 une exp\u00e9rience visuelle et psychologique encore plus enrichissante.<\/p>\n<h3>L&rsquo;effet des lunettes kal\u00e9idoscopiques<\/h3>\n<p>Les lunettes fonctionnent en r\u00e9fractant et en r\u00e9fl\u00e9chissant la lumi\u00e8re de mani\u00e8re sp\u00e9cifique, immergeant les utilisateurs dans un monde d&rsquo;images d\u00e9form\u00e9es, de couleurs vives et de motifs dynamiques. Cela peut renforcer les effets naturels des truffes, tels que l&rsquo;am\u00e9lioration de la perception des couleurs et des visualisations g\u00e9om\u00e9triques. La combinaison des deux peut conduire \u00e0 une exp\u00e9rience plus profonde et plus complexe qui, pour de nombreux utilisateurs, est \u00e0 la fois fascinante et inoubliable.<\/p>\n<h3>Contenu<\/h3>\n<p>verres kal\u00e9idoscopiques pour f\u00eates\/truffes<\/p>\n","protected":false},"excerpt":{"rendered":"<p>L&rsquo;utilisation de verres \u00e0 kal\u00e9idoscope et de truffes magiques offre une exp\u00e9rience unique et immersive gr\u00e2ce \u00e0 la fa\u00e7on dont ils intensifient et modifient la perception sensorielle. Les truffes magiques, connues pour leurs propri\u00e9t\u00e9s psychoactives, peuvent affecter profond\u00e9ment la fa\u00e7on dont les gens pensent, ressentent et per\u00e7oivent le monde qui les entoure. Lorsque cette exp\u00e9rience [&hellip;]<\/p>\n","protected":false},"featured_media":37997,"comment_status":"closed","ping_status":"closed","template":"","meta":[],"product_brand":[],"product_cat":[201,125],"product_tag":[],"class_list":{"0":"post-38003","1":"product","2":"type-product","3":"status-publish","4":"has-post-thumbnail","6":"product_cat-truffes-magiques","7":"product_cat-truffes-magiques-bio-xp","9":"first","10":"instock","11":"taxable","12":"shipping-taxable","13":"purchasable","14":"product-type-simple"},"yoast_head":"<!-- This site is optimized with the Yoast SEO Premium plugin v26.4 (Yoast SEO v27.2) - https:\/\/yoast.com\/product\/yoast-seo-premium-wordpress\/ -->\n<title>Lunettes Kaleidoscope Party\/Truffle Goggles - Dutchmicrodosing<\/title>\n<meta name=\"robots\" content=\"index, follow, max-snippet:-1, max-image-preview:large, max-video-preview:-1\" \/>\n<link rel=\"canonical\" href=\"https:\/\/dutchmicrodosing.com\/fr\/truffes-a-la-psilocybine\/truffes-magiques-bio-xp\/lunettes-kaleidoscopiques-pour-les-fetes\/\" \/>\n<meta property=\"og:locale\" content=\"fr_FR\" \/>\n<meta property=\"og:type\" content=\"article\" \/>\n<meta property=\"og:title\" content=\"Lunettes Kaleidoscope Party\/Truffle Goggles\" \/>\n<meta property=\"og:description\" content=\"L&#039;utilisation de verres \u00e0 kal\u00e9idoscope et de truffes magiques offre une exp\u00e9rience unique et immersive gr\u00e2ce \u00e0 la fa\u00e7on dont ils intensifient et modifient\" \/>\n<meta property=\"og:url\" content=\"https:\/\/dutchmicrodosing.com\/fr\/truffes-a-la-psilocybine\/truffes-magiques-bio-xp\/lunettes-kaleidoscopiques-pour-les-fetes\/\" \/>\n<meta property=\"og:site_name\" content=\"Dutchmicrodosing\" \/>\n<meta property=\"article:publisher\" content=\"https:\/\/www.facebook.com\/Dutchmicrodosingxp\/\" \/>\n<meta property=\"article:modified_time\" content=\"2025-10-13T22:49:42+00:00\" \/>\n<meta property=\"og:image\" content=\"https:\/\/dutchmicrodosing.com\/wp-content\/uploads\/2024\/04\/Partybril_Royalmagictruffles-002.jpg\" \/>\n\t<meta property=\"og:image:width\" content=\"1000\" \/>\n\t<meta property=\"og:image:height\" content=\"1000\" \/>\n\t<meta property=\"og:image:type\" content=\"image\/jpeg\" \/>\n<meta name=\"twitter:card\" content=\"summary_large_image\" \/>\n<script type=\"application\/ld+json\" class=\"yoast-schema-graph\">{\"@context\":\"https:\/\/schema.org\",\"@graph\":[{\"@type\":\"WebPage\",\"@id\":\"https:\/\/dutchmicrodosing.com\/fr\/truffes-a-la-psilocybine\/truffes-magiques-bio-xp\/lunettes-kaleidoscopiques-pour-les-fetes\/\",\"url\":\"https:\/\/dutchmicrodosing.com\/fr\/truffes-a-la-psilocybine\/truffes-magiques-bio-xp\/lunettes-kaleidoscopiques-pour-les-fetes\/\",\"name\":\"Lunettes Kaleidoscope Party\/Truffle Goggles - Dutchmicrodosing\",\"isPartOf\":{\"@id\":\"https:\/\/dutchmicrodosing.com\/fr\/#website\"},\"primaryImageOfPage\":{\"@id\":\"https:\/\/dutchmicrodosing.com\/fr\/truffes-a-la-psilocybine\/truffes-magiques-bio-xp\/lunettes-kaleidoscopiques-pour-les-fetes\/#primaryimage\"},\"image\":{\"@id\":\"https:\/\/dutchmicrodosing.com\/fr\/truffes-a-la-psilocybine\/truffes-magiques-bio-xp\/lunettes-kaleidoscopiques-pour-les-fetes\/#primaryimage\"},\"thumbnailUrl\":\"https:\/\/dutchmicrodosing.com\/wp-content\/uploads\/2024\/04\/Partybril_Royalmagictruffles-002.jpg\",\"datePublished\":\"2024-04-05T06:55:22+00:00\",\"dateModified\":\"2025-10-13T22:49:42+00:00\",\"breadcrumb\":{\"@id\":\"https:\/\/dutchmicrodosing.com\/fr\/truffes-a-la-psilocybine\/truffes-magiques-bio-xp\/lunettes-kaleidoscopiques-pour-les-fetes\/#breadcrumb\"},\"inLanguage\":\"fr-FR\",\"potentialAction\":[{\"@type\":\"ReadAction\",\"target\":[\"https:\/\/dutchmicrodosing.com\/fr\/truffes-a-la-psilocybine\/truffes-magiques-bio-xp\/lunettes-kaleidoscopiques-pour-les-fetes\/\"]}]},{\"@type\":\"ImageObject\",\"inLanguage\":\"fr-FR\",\"@id\":\"https:\/\/dutchmicrodosing.com\/fr\/truffes-a-la-psilocybine\/truffes-magiques-bio-xp\/lunettes-kaleidoscopiques-pour-les-fetes\/#primaryimage\",\"url\":\"https:\/\/dutchmicrodosing.com\/wp-content\/uploads\/2024\/04\/Partybril_Royalmagictruffles-002.jpg\",\"contentUrl\":\"https:\/\/dutchmicrodosing.com\/wp-content\/uploads\/2024\/04\/Partybril_Royalmagictruffles-002.jpg\",\"width\":1000,\"height\":1000},{\"@type\":\"BreadcrumbList\",\"@id\":\"https:\/\/dutchmicrodosing.com\/fr\/truffes-a-la-psilocybine\/truffes-magiques-bio-xp\/lunettes-kaleidoscopiques-pour-les-fetes\/#breadcrumb\",\"itemListElement\":[{\"@type\":\"ListItem\",\"position\":1,\"name\":\"Home\",\"item\":\"https:\/\/dutchmicrodosing.com\/fr\/\"},{\"@type\":\"ListItem\",\"position\":2,\"name\":\"Boutique\",\"item\":\"https:\/\/dutchmicrodosing.com\/fr\/boutique\/\"},{\"@type\":\"ListItem\",\"position\":3,\"name\":\"Lunettes Kaleidoscope Party\/Truffle Goggles\"}]},{\"@type\":\"WebSite\",\"@id\":\"https:\/\/dutchmicrodosing.com\/fr\/#website\",\"url\":\"https:\/\/dutchmicrodosing.com\/fr\/\",\"name\":\"Dutchmicrodosing\",\"description\":\"\",\"publisher\":{\"@id\":\"https:\/\/dutchmicrodosing.com\/fr\/#organization\"},\"potentialAction\":[{\"@type\":\"SearchAction\",\"target\":{\"@type\":\"EntryPoint\",\"urlTemplate\":\"https:\/\/dutchmicrodosing.com\/fr\/?s={search_term_string}\"},\"query-input\":{\"@type\":\"PropertyValueSpecification\",\"valueRequired\":true,\"valueName\":\"search_term_string\"}}],\"inLanguage\":\"fr-FR\"},{\"@type\":\"Organization\",\"@id\":\"https:\/\/dutchmicrodosing.com\/fr\/#organization\",\"name\":\"Dutchmicrodosing\",\"url\":\"https:\/\/dutchmicrodosing.com\/fr\/\",\"logo\":{\"@type\":\"ImageObject\",\"inLanguage\":\"fr-FR\",\"@id\":\"https:\/\/dutchmicrodosing.com\/fr\/#\/schema\/logo\/image\/\",\"url\":\"https:\/\/dutchmicrodosing.com\/wp-content\/uploads\/2021\/01\/microdosing-categorie-pic-nieuw.jpg\",\"contentUrl\":\"https:\/\/dutchmicrodosing.com\/wp-content\/uploads\/2021\/01\/microdosing-categorie-pic-nieuw.jpg\",\"width\":500,\"height\":500,\"caption\":\"Dutchmicrodosing\"},\"image\":{\"@id\":\"https:\/\/dutchmicrodosing.com\/fr\/#\/schema\/logo\/image\/\"},\"sameAs\":[\"https:\/\/www.facebook.com\/Dutchmicrodosingxp\/\",\"https:\/\/www.instagram.com\/dutchmicrodosing\/\"]}]}<\/script>\n<meta property=\"product:price:amount\" content=\"9.95\" \/>\n<meta property=\"product:price:currency\" content=\"EUR\" \/>\n<meta property=\"og:availability\" content=\"instock\" \/>\n<meta property=\"product:availability\" content=\"instock\" \/>\n<meta property=\"product:retailer_item_id\" content=\"4204305\" \/>\n<meta property=\"product:condition\" content=\"new\" \/>\n<!-- \/ Yoast SEO Premium plugin. -->","yoast_head_json":{"title":"Lunettes Kaleidoscope Party\/Truffle Goggles - Dutchmicrodosing","robots":{"index":"index","follow":"follow","max-snippet":"max-snippet:-1","max-image-preview":"max-image-preview:large","max-video-preview":"max-video-preview:-1"},"canonical":"https:\/\/dutchmicrodosing.com\/fr\/truffes-a-la-psilocybine\/truffes-magiques-bio-xp\/lunettes-kaleidoscopiques-pour-les-fetes\/","og_locale":"fr_FR","og_type":"article","og_title":"Lunettes Kaleidoscope Party\/Truffle Goggles","og_description":"L'utilisation de verres \u00e0 kal\u00e9idoscope et de truffes magiques offre une exp\u00e9rience unique et immersive gr\u00e2ce \u00e0 la fa\u00e7on dont ils intensifient et modifient","og_url":"https:\/\/dutchmicrodosing.com\/fr\/truffes-a-la-psilocybine\/truffes-magiques-bio-xp\/lunettes-kaleidoscopiques-pour-les-fetes\/","og_site_name":"Dutchmicrodosing","article_publisher":"https:\/\/www.facebook.com\/Dutchmicrodosingxp\/","article_modified_time":"2025-10-13T22:49:42+00:00","og_image":[{"width":1000,"height":1000,"url":"https:\/\/dutchmicrodosing.com\/wp-content\/uploads\/2024\/04\/Partybril_Royalmagictruffles-002.jpg","type":"image\/jpeg"}],"twitter_card":"summary_large_image","schema":{"@context":"https:\/\/schema.org","@graph":[{"@type":"WebPage","@id":"https:\/\/dutchmicrodosing.com\/fr\/truffes-a-la-psilocybine\/truffes-magiques-bio-xp\/lunettes-kaleidoscopiques-pour-les-fetes\/","url":"https:\/\/dutchmicrodosing.com\/fr\/truffes-a-la-psilocybine\/truffes-magiques-bio-xp\/lunettes-kaleidoscopiques-pour-les-fetes\/","name":"Lunettes Kaleidoscope Party\/Truffle Goggles - Dutchmicrodosing","isPartOf":{"@id":"https:\/\/dutchmicrodosing.com\/fr\/#website"},"primaryImageOfPage":{"@id":"https:\/\/dutchmicrodosing.com\/fr\/truffes-a-la-psilocybine\/truffes-magiques-bio-xp\/lunettes-kaleidoscopiques-pour-les-fetes\/#primaryimage"},"image":{"@id":"https:\/\/dutchmicrodosing.com\/fr\/truffes-a-la-psilocybine\/truffes-magiques-bio-xp\/lunettes-kaleidoscopiques-pour-les-fetes\/#primaryimage"},"thumbnailUrl":"https:\/\/dutchmicrodosing.com\/wp-content\/uploads\/2024\/04\/Partybril_Royalmagictruffles-002.jpg","datePublished":"2024-04-05T06:55:22+00:00","dateModified":"2025-10-13T22:49:42+00:00","breadcrumb":{"@id":"https:\/\/dutchmicrodosing.com\/fr\/truffes-a-la-psilocybine\/truffes-magiques-bio-xp\/lunettes-kaleidoscopiques-pour-les-fetes\/#breadcrumb"},"inLanguage":"fr-FR","potentialAction":[{"@type":"ReadAction","target":["https:\/\/dutchmicrodosing.com\/fr\/truffes-a-la-psilocybine\/truffes-magiques-bio-xp\/lunettes-kaleidoscopiques-pour-les-fetes\/"]}]},{"@type":"ImageObject","inLanguage":"fr-FR","@id":"https:\/\/dutchmicrodosing.com\/fr\/truffes-a-la-psilocybine\/truffes-magiques-bio-xp\/lunettes-kaleidoscopiques-pour-les-fetes\/#primaryimage","url":"https:\/\/dutchmicrodosing.com\/wp-content\/uploads\/2024\/04\/Partybril_Royalmagictruffles-002.jpg","contentUrl":"https:\/\/dutchmicrodosing.com\/wp-content\/uploads\/2024\/04\/Partybril_Royalmagictruffles-002.jpg","width":1000,"height":1000},{"@type":"BreadcrumbList","@id":"https:\/\/dutchmicrodosing.com\/fr\/truffes-a-la-psilocybine\/truffes-magiques-bio-xp\/lunettes-kaleidoscopiques-pour-les-fetes\/#breadcrumb","itemListElement":[{"@type":"ListItem","position":1,"name":"Home","item":"https:\/\/dutchmicrodosing.com\/fr\/"},{"@type":"ListItem","position":2,"name":"Boutique","item":"https:\/\/dutchmicrodosing.com\/fr\/boutique\/"},{"@type":"ListItem","position":3,"name":"Lunettes Kaleidoscope Party\/Truffle Goggles"}]},{"@type":"WebSite","@id":"https:\/\/dutchmicrodosing.com\/fr\/#website","url":"https:\/\/dutchmicrodosing.com\/fr\/","name":"Dutchmicrodosing","description":"","publisher":{"@id":"https:\/\/dutchmicrodosing.com\/fr\/#organization"},"potentialAction":[{"@type":"SearchAction","target":{"@type":"EntryPoint","urlTemplate":"https:\/\/dutchmicrodosing.com\/fr\/?s={search_term_string}"},"query-input":{"@type":"PropertyValueSpecification","valueRequired":true,"valueName":"search_term_string"}}],"inLanguage":"fr-FR"},{"@type":"Organization","@id":"https:\/\/dutchmicrodosing.com\/fr\/#organization","name":"Dutchmicrodosing","url":"https:\/\/dutchmicrodosing.com\/fr\/","logo":{"@type":"ImageObject","inLanguage":"fr-FR","@id":"https:\/\/dutchmicrodosing.com\/fr\/#\/schema\/logo\/image\/","url":"https:\/\/dutchmicrodosing.com\/wp-content\/uploads\/2021\/01\/microdosing-categorie-pic-nieuw.jpg","contentUrl":"https:\/\/dutchmicrodosing.com\/wp-content\/uploads\/2021\/01\/microdosing-categorie-pic-nieuw.jpg","width":500,"height":500,"caption":"Dutchmicrodosing"},"image":{"@id":"https:\/\/dutchmicrodosing.com\/fr\/#\/schema\/logo\/image\/"},"sameAs":["https:\/\/www.facebook.com\/Dutchmicrodosingxp\/","https:\/\/www.instagram.com\/dutchmicrodosing\/"]}]},"product_price_amount":"9.95","product_price_currency":"EUR","og_availability":"instock","product_availability":"instock","product_retailer_item_id":"4204305","product_condition":"new"},"_links":{"self":[{"href":"https:\/\/dutchmicrodosing.com\/fr\/wp-json\/wp\/v2\/product\/38003","targetHints":{"allow":["GET"]}}],"collection":[{"href":"https:\/\/dutchmicrodosing.com\/fr\/wp-json\/wp\/v2\/product"}],"about":[{"href":"https:\/\/dutchmicrodosing.com\/fr\/wp-json\/wp\/v2\/types\/product"}],"replies":[{"embeddable":true,"href":"https:\/\/dutchmicrodosing.com\/fr\/wp-json\/wp\/v2\/comments?post=38003"}],"version-history":[{"count":0,"href":"https:\/\/dutchmicrodosing.com\/fr\/wp-json\/wp\/v2\/product\/38003\/revisions"}],"wp:featuredmedia":[{"embeddable":true,"href":"https:\/\/dutchmicrodosing.com\/fr\/wp-json\/wp\/v2\/media\/37997"}],"wp:attachment":[{"href":"https:\/\/dutchmicrodosing.com\/fr\/wp-json\/wp\/v2\/media?parent=38003"}],"wp:term":[{"taxonomy":"product_brand","embeddable":true,"href":"https:\/\/dutchmicrodosing.com\/fr\/wp-json\/wp\/v2\/product_brand?post=38003"},{"taxonomy":"product_cat","embeddable":true,"href":"https:\/\/dutchmicrodosing.com\/fr\/wp-json\/wp\/v2\/product_cat?post=38003"},{"taxonomy":"product_tag","embeddable":true,"href":"https:\/\/dutchmicrodosing.com\/fr\/wp-json\/wp\/v2\/product_tag?post=38003"}],"curies":[{"name":"wp","href":"https:\/\/api.w.org\/{rel}","templated":true}]}}