{"id":38081,"date":"2024-04-10T07:31:01","date_gmt":"2024-04-10T05:31:01","guid":{"rendered":"https:\/\/dutchmicrodosing.com\/?post_type=product&#038;p=38081"},"modified":"2026-03-06T22:05:27","modified_gmt":"2026-03-06T21:05:27","slug":"kit-de-culture-jack-frost-paddo","status":"publish","type":"product","link":"https:\/\/dutchmicrodosing.com\/fr\/champignons-magiques\/kits-de-culture-mystic-fungi\/kit-de-culture-jack-frost-paddo\/","title":{"rendered":"Kit de culture de champignons Jack Frost"},"content":{"rendered":"<p>Le <strong>kit de culture de champignons Jack Frost<\/strong> est une souche sp\u00e9ciale de la famille Psilocybe cubensis, connue pour sa puissance \u00e9lev\u00e9e et son apparence unique. Ce type de champignon est le r\u00e9sultat d&rsquo;un croisement entre deux esp\u00e8ces \u00e9galement distinctes : le True Albino Teacher (TAT) et l&rsquo;Albino Penis Envy (APE). Les deux souches parentales sont connues pour leurs effets psych\u00e9d\u00e9liques puissants et leurs caract\u00e9ristiques visuellement attrayantes, ce qui en fait des choix populaires parmi les amateurs de psych\u00e9d\u00e9lisme.<\/p>\n<p>Le nom \u00ab\u00a0Jack Frost\u00a0\u00bb fait directement r\u00e9f\u00e9rence \u00e0 l&rsquo;aspect glac\u00e9 caract\u00e9ristique de ces champignons. Elles se distinguent par leur couleur blanc pur, qui est rare parmi les esp\u00e8ces de Psilocybe cubensis. Cette caract\u00e9ristique unique, associ\u00e9e aux chapeaux plats qui se recourbent vers le haut \u00e0 mesure que le champignon m\u00fbrit, rend le Jack Frost visuellement distinctif.<\/p>\n<p>Il est important de tenir compte de l&rsquo;avertissement concernant la force de cette esp\u00e8ce. En raison de sa puissance \u00e9lev\u00e9e, qui provient du bagage g\u00e9n\u00e9tique de True Albino Teacher et d&rsquo;Albino Penis Envy, il est recommand\u00e9 d&rsquo;ajuster le dosage. Les d\u00e9butants ou les personnes ayant peu d&rsquo;exp\u00e9rience avec les psych\u00e9d\u00e9liques devraient envisager de commencer par une dose plus faible que d&rsquo;habitude. Cela permet de s&rsquo;assurer que l&rsquo;exp\u00e9rience reste g\u00e9rable et agr\u00e9able.<\/p>\n<h2>Cultivez vos propres champignons Jack Frost<\/h2>\n<p>Ce kit promet des rendements plus importants (700 grammes) et plus de champignons, avec moins d&rsquo;efforts de gestion et moins de risques de contamination. Les instructions sont faciles \u00e0 suivre, ce qui vous permet de ne pas vous pr\u00e9occuper de la croissance de vos champignons. Convenant aussi bien aux d\u00e9butants qu&rsquo;aux cultivateurs avanc\u00e9s, le kit de culture garantit une exp\u00e9rience de culture sans effort. Suivez simplement nos instructions claires et, en quelques semaines, vous pourrez assister \u00e0 l&rsquo;\u00e9mergence de puissants champignons Jack Frost. Le substrat est d\u00e9j\u00e0 inocul\u00e9 avec des spores, ce qui signifie qu&rsquo;aucune \u00e9tape compliqu\u00e9e n&rsquo;est n\u00e9cessaire &#8211; il suffit d&rsquo;ajouter de l&rsquo;eau, de la patience et un peu de curiosit\u00e9.<\/p>\n<h2>Quels sont les effets des champignons magiques ? Jack Frost<\/h2>\n<ul>\n<li>Changements visuels : Elles peuvent aller de changements subtils de la perception \u00e0 des hallucinations visuelles intenses, telles que des changements de couleurs, de motifs et de formes.<\/li>\n<li>Mod\u00e8les de pens\u00e9e modifi\u00e9s : Les champignons magiques Jack Frost peuvent conduire \u00e0 des pens\u00e9es plus profondes, \u00e0 l&rsquo;introspection et \u00e0 une conscience modifi\u00e9e de soi et de son environnement.<\/li>\n<li>Exp\u00e9riences spirituelles et mystiques : Des sentiments de connexion, de transcendance et d&rsquo;illumination spirituelle sont certainement possibles avec les champignons Jack Frost.<\/li>\n<\/ul>\n<h2>Croisement de Jack Frost et de deux champignons puissants : Albino Teacher et Albino Penis Envy<\/h2>\n<p>Le champignon Jack Frost est un hybride (croisement) des vari\u00e9t\u00e9s True Albino Teacher et Albino Penis Envy, connues pour leur aspect attrayant et leurs effets puissants.<\/p>\n<h2>Instructions Kit de culture Jack Frost<\/h2>\n<p>Veillez \u00e0 ce que votre espace de travail soit propre afin d&rsquo;\u00e9viter que d&rsquo;autres micro-organismes ne contaminent votre kit de culture. Il est important de travailler dans de bonnes conditions d&rsquo;hygi\u00e8ne. Utilisez toujours de l&rsquo;eau du robinet ou de l&rsquo;eau min\u00e9rale propre pour vaporiser et tremper votre kit de culture. N&rsquo;utilisez pas d&rsquo;eau distill\u00e9e ou d&rsquo;eau semi-distill\u00e9e, car elle ne convient pas.<\/p>\n<ol>\n<li>Retirez le sac de la bo\u00eete et d\u00e9roulez-le.<\/li>\n<li>Ouvrez le sac en retirant le clip herm\u00e9tique situ\u00e9 en haut. Donnez de l&rsquo;air frais au sac en l&rsquo;\u00e9tirant doucement, puis refermez-le \u00e0 l&rsquo;aide du clip. Pour \u00e9viter que les champignons ne poussent sur les c\u00f4t\u00e9s du substrat, vous pouvez placer un \u00e9lastique autour de l&rsquo;ext\u00e9rieur du sac, juste au-dessus du niveau du substrat.<\/li>\n<li>Surveillez la croissance : Surveillez attentivement le sac lorsque les champignons commencent \u00e0 pousser. Les deux premi\u00e8res fois, vous n&rsquo;avez pas besoin d&rsquo;arroser. Lorsque les chapeaux commencent \u00e0 s&rsquo;ouvrir, il est temps de r\u00e9colter. Notez que toutes les vari\u00e9t\u00e9s n&rsquo;ont pas de voile ou ne laissent pas tomber de spores.<\/li>\n<li>R\u00e9colte : avant la r\u00e9colte, veillez \u00e0 ce que l&rsquo;environnement soit propre en vous d\u00e9sinfectant les mains avec de l&rsquo;alcool et en portant de pr\u00e9f\u00e9rence des gants en latex. Pour r\u00e9colter, tournez les champignons dans le sens des aiguilles d&rsquo;une montre. R\u00e9coltez d\u00e8s que les chapeaux commencent \u00e0 s&rsquo;ouvrir pour une puissance optimale. Les fruits sont pr\u00eats \u00e0 \u00eatre r\u00e9colt\u00e9s au bout de deux \u00e0 quatre semaines, en fonction des conditions de croissance et de la vari\u00e9t\u00e9 de champignon.<\/li>\n<li>Entretien post-r\u00e9colte : Apr\u00e8s la r\u00e9colte de la deuxi\u00e8me pouss\u00e9e, ajoutez une petite quantit\u00e9 d&rsquo;eau (environ 1\/3 du niveau du substrat dans le sac). Refermez le sac \u00e0 l&rsquo;aide du clip et assurez-vous qu&rsquo;il est herm\u00e9tiquement ferm\u00e9. N&rsquo;oubliez pas d&rsquo;ajouter de l&rsquo;air frais en retirant et en remettant le clip en place. Versez l&rsquo;eau exc\u00e9dentaire si elle n&rsquo;a pas \u00e9t\u00e9 absorb\u00e9e dans les 12 heures.<\/li>\n<li>Contr\u00f4lez la temp\u00e9rature : assurez-vous que la temp\u00e9rature reste stable entre 20 et 25 degr\u00e9s Celsius (68-77\u00b0F) pour obtenir les meilleurs r\u00e9sultats de croissance. \u00c9vitez les fluctuations importantes de temp\u00e9rature.<\/li>\n<li>R\u00e9coltes ult\u00e9rieures : Attendez-vous \u00e0 obtenir au moins deux r\u00e9coltes par sac, mais il est \u00e9galement possible d&rsquo;obtenir trois, voire quatre r\u00e9coltes. Apr\u00e8s chaque r\u00e9colte, refermez le sac et ajoutez de l&rsquo;eau pour encourager d&rsquo;autres s\u00e9ances de floraison.<\/li>\n<\/ol>\n<h2>Contenu Kit de culture Jack Frost<\/h2>\n<ul>\n<li>Capacit\u00e9 : 2000cc<\/li>\n<li>Dimensions : 14 cm x 17 cm x 10 cm<\/li>\n<li>Variante : Psilocybe Cubensis Jack Frost (souche PE) (croisement True Albino Teacher et Albino Penis Envy).<\/li>\n<li>Phase : enti\u00e8rement colonis\u00e9<\/li>\n<li>Rendement de la r\u00e9colte : jusqu&rsquo;\u00e0 700 grammes<\/li>\n<\/ul>\n<h2>Comment conserver le kit de culture<\/h2>\n<p>Pour un r\u00e9sultat optimal, commencez \u00e0 cultiver directement apr\u00e8s r\u00e9ception du kit. Si vous souhaitez commencer plus tard, ce qui peut affecter la qualit\u00e9, vous pouvez conserver le kit de culture au r\u00e9frig\u00e9rateur pendant maximum deux semaines \u00e0 une temp\u00e9rature de 2 \u00b0C \u00e0 8 \u00b0C. Laisse le sac de culture avec le myc\u00e9lium dans la bo\u00eete d&rsquo;origine et place-le dans un r\u00e9frig\u00e9rateur propre et sans moisissure. Pour une protection suppl\u00e9mentaire, vous pouvez mettre le kit dans un sac en plastique propre ou un sac de culture suppl\u00e9mentaire.<\/p>\n","protected":false},"excerpt":{"rendered":"<p>Le kit de culture de champignons Jack Frost est une souche sp\u00e9ciale de la famille Psilocybe cubensis, connue pour sa puissance \u00e9lev\u00e9e et son apparence unique. Ce type de champignon est le r\u00e9sultat d&rsquo;un croisement entre deux esp\u00e8ces \u00e9galement distinctes : le True Albino Teacher (TAT) et l&rsquo;Albino Penis Envy (APE). Les deux souches parentales [&hellip;]<\/p>\n","protected":false},"featured_media":38473,"comment_status":"closed","ping_status":"closed","template":"","meta":[],"product_brand":[],"product_cat":[342],"product_tag":[],"class_list":{"0":"post-38081","1":"product","2":"type-product","3":"status-publish","4":"has-post-thumbnail","6":"product_cat-kits-de-culture-mystic-fungi","8":"first","9":"outofstock","10":"taxable","11":"shipping-taxable","12":"purchasable","13":"product-type-simple"},"yoast_head":"<!-- This site is optimized with the Yoast SEO Premium plugin v26.4 (Yoast SEO v27.2) - https:\/\/yoast.com\/product\/yoast-seo-premium-wordpress\/ -->\n<title>Kit de culture de champignons Jack Frost - Dutchmicrodosing<\/title>\n<meta name=\"description\" content=\"Cultivez facilement vos propres champignons Jack Frost avec ce kit de culture complet. Id\u00e9al pour les d\u00e9butants, r\u00e9sultats rapides et instructions claires.\" \/>\n<meta name=\"robots\" content=\"index, follow, max-snippet:-1, max-image-preview:large, max-video-preview:-1\" \/>\n<link rel=\"canonical\" href=\"https:\/\/dutchmicrodosing.com\/fr\/champignons-magiques\/kits-de-culture-mystic-fungi\/kit-de-culture-jack-frost-paddo\/\" \/>\n<meta property=\"og:locale\" content=\"fr_FR\" \/>\n<meta property=\"og:type\" content=\"article\" \/>\n<meta property=\"og:title\" content=\"Kit de culture de champignons Jack Frost\" \/>\n<meta property=\"og:description\" content=\"Le kit de culture de champignons Jack Frost est une souche sp\u00e9ciale de la famille Psilocybe cubensis, connue pour sa puissance \u00e9lev\u00e9e et son apparence\" \/>\n<meta property=\"og:url\" content=\"https:\/\/dutchmicrodosing.com\/fr\/champignons-magiques\/kits-de-culture-mystic-fungi\/kit-de-culture-jack-frost-paddo\/\" \/>\n<meta property=\"og:site_name\" content=\"Dutchmicrodosing\" \/>\n<meta property=\"article:publisher\" content=\"https:\/\/www.facebook.com\/Dutchmicrodosingxp\/\" \/>\n<meta property=\"article:modified_time\" content=\"2026-03-06T21:05:27+00:00\" \/>\n<meta property=\"og:image\" content=\"https:\/\/dutchmicrodosing.com\/wp-content\/uploads\/2024\/04\/Jack_frost_bag.jpg\" \/>\n\t<meta property=\"og:image:width\" content=\"1000\" \/>\n\t<meta property=\"og:image:height\" content=\"1000\" \/>\n\t<meta property=\"og:image:type\" content=\"image\/jpeg\" \/>\n<meta name=\"twitter:card\" content=\"summary_large_image\" \/>\n<script type=\"application\/ld+json\" class=\"yoast-schema-graph\">{\"@context\":\"https:\/\/schema.org\",\"@graph\":[{\"@type\":\"WebPage\",\"@id\":\"https:\/\/dutchmicrodosing.com\/fr\/champignons-magiques\/kits-de-culture-mystic-fungi\/kit-de-culture-jack-frost-paddo\/\",\"url\":\"https:\/\/dutchmicrodosing.com\/fr\/champignons-magiques\/kits-de-culture-mystic-fungi\/kit-de-culture-jack-frost-paddo\/\",\"name\":\"Kit de culture de champignons Jack Frost - Dutchmicrodosing\",\"isPartOf\":{\"@id\":\"https:\/\/dutchmicrodosing.com\/fr\/#website\"},\"primaryImageOfPage\":{\"@id\":\"https:\/\/dutchmicrodosing.com\/fr\/champignons-magiques\/kits-de-culture-mystic-fungi\/kit-de-culture-jack-frost-paddo\/#primaryimage\"},\"image\":{\"@id\":\"https:\/\/dutchmicrodosing.com\/fr\/champignons-magiques\/kits-de-culture-mystic-fungi\/kit-de-culture-jack-frost-paddo\/#primaryimage\"},\"thumbnailUrl\":\"https:\/\/dutchmicrodosing.com\/wp-content\/uploads\/2024\/04\/Jack_frost_bag.jpg\",\"datePublished\":\"2024-04-10T05:31:01+00:00\",\"dateModified\":\"2026-03-06T21:05:27+00:00\",\"description\":\"Cultivez facilement vos propres champignons Jack Frost avec ce kit de culture complet. Id\u00e9al pour les d\u00e9butants, r\u00e9sultats rapides et instructions claires.\",\"breadcrumb\":{\"@id\":\"https:\/\/dutchmicrodosing.com\/fr\/champignons-magiques\/kits-de-culture-mystic-fungi\/kit-de-culture-jack-frost-paddo\/#breadcrumb\"},\"inLanguage\":\"fr-FR\",\"potentialAction\":[{\"@type\":\"ReadAction\",\"target\":[\"https:\/\/dutchmicrodosing.com\/fr\/champignons-magiques\/kits-de-culture-mystic-fungi\/kit-de-culture-jack-frost-paddo\/\"]}]},{\"@type\":\"ImageObject\",\"inLanguage\":\"fr-FR\",\"@id\":\"https:\/\/dutchmicrodosing.com\/fr\/champignons-magiques\/kits-de-culture-mystic-fungi\/kit-de-culture-jack-frost-paddo\/#primaryimage\",\"url\":\"https:\/\/dutchmicrodosing.com\/wp-content\/uploads\/2024\/04\/Jack_frost_bag.jpg\",\"contentUrl\":\"https:\/\/dutchmicrodosing.com\/wp-content\/uploads\/2024\/04\/Jack_frost_bag.jpg\",\"width\":1000,\"height\":1000,\"caption\":\"Kit de culture Jack Frost Mystic Funghi\"},{\"@type\":\"BreadcrumbList\",\"@id\":\"https:\/\/dutchmicrodosing.com\/fr\/champignons-magiques\/kits-de-culture-mystic-fungi\/kit-de-culture-jack-frost-paddo\/#breadcrumb\",\"itemListElement\":[{\"@type\":\"ListItem\",\"position\":1,\"name\":\"Home\",\"item\":\"https:\/\/dutchmicrodosing.com\/fr\/\"},{\"@type\":\"ListItem\",\"position\":2,\"name\":\"Boutique\",\"item\":\"https:\/\/dutchmicrodosing.com\/fr\/boutique\/\"},{\"@type\":\"ListItem\",\"position\":3,\"name\":\"Kit de culture de champignons Jack Frost\"}]},{\"@type\":\"WebSite\",\"@id\":\"https:\/\/dutchmicrodosing.com\/fr\/#website\",\"url\":\"https:\/\/dutchmicrodosing.com\/fr\/\",\"name\":\"Dutchmicrodosing\",\"description\":\"\",\"publisher\":{\"@id\":\"https:\/\/dutchmicrodosing.com\/fr\/#organization\"},\"potentialAction\":[{\"@type\":\"SearchAction\",\"target\":{\"@type\":\"EntryPoint\",\"urlTemplate\":\"https:\/\/dutchmicrodosing.com\/fr\/?s={search_term_string}\"},\"query-input\":{\"@type\":\"PropertyValueSpecification\",\"valueRequired\":true,\"valueName\":\"search_term_string\"}}],\"inLanguage\":\"fr-FR\"},{\"@type\":\"Organization\",\"@id\":\"https:\/\/dutchmicrodosing.com\/fr\/#organization\",\"name\":\"Dutchmicrodosing\",\"url\":\"https:\/\/dutchmicrodosing.com\/fr\/\",\"logo\":{\"@type\":\"ImageObject\",\"inLanguage\":\"fr-FR\",\"@id\":\"https:\/\/dutchmicrodosing.com\/fr\/#\/schema\/logo\/image\/\",\"url\":\"https:\/\/dutchmicrodosing.com\/wp-content\/uploads\/2021\/01\/microdosing-categorie-pic-nieuw.jpg\",\"contentUrl\":\"https:\/\/dutchmicrodosing.com\/wp-content\/uploads\/2021\/01\/microdosing-categorie-pic-nieuw.jpg\",\"width\":500,\"height\":500,\"caption\":\"Dutchmicrodosing\"},\"image\":{\"@id\":\"https:\/\/dutchmicrodosing.com\/fr\/#\/schema\/logo\/image\/\"},\"sameAs\":[\"https:\/\/www.facebook.com\/Dutchmicrodosingxp\/\",\"https:\/\/www.instagram.com\/dutchmicrodosing\/\"]}]}<\/script>\n<meta property=\"product:price:amount\" content=\"44.95\" \/>\n<meta property=\"product:price:currency\" content=\"EUR\" \/>\n<meta property=\"og:availability\" content=\"out of stock\" \/>\n<meta property=\"product:availability\" content=\"out of stock\" \/>\n<meta property=\"product:retailer_item_id\" content=\"4204840\" \/>\n<meta property=\"product:condition\" content=\"new\" \/>\n<!-- \/ Yoast SEO Premium plugin. -->","yoast_head_json":{"title":"Kit de culture de champignons Jack Frost - Dutchmicrodosing","description":"Cultivez facilement vos propres champignons Jack Frost avec ce kit de culture complet. Id\u00e9al pour les d\u00e9butants, r\u00e9sultats rapides et instructions claires.","robots":{"index":"index","follow":"follow","max-snippet":"max-snippet:-1","max-image-preview":"max-image-preview:large","max-video-preview":"max-video-preview:-1"},"canonical":"https:\/\/dutchmicrodosing.com\/fr\/champignons-magiques\/kits-de-culture-mystic-fungi\/kit-de-culture-jack-frost-paddo\/","og_locale":"fr_FR","og_type":"article","og_title":"Kit de culture de champignons Jack Frost","og_description":"Le kit de culture de champignons Jack Frost est une souche sp\u00e9ciale de la famille Psilocybe cubensis, connue pour sa puissance \u00e9lev\u00e9e et son apparence","og_url":"https:\/\/dutchmicrodosing.com\/fr\/champignons-magiques\/kits-de-culture-mystic-fungi\/kit-de-culture-jack-frost-paddo\/","og_site_name":"Dutchmicrodosing","article_publisher":"https:\/\/www.facebook.com\/Dutchmicrodosingxp\/","article_modified_time":"2026-03-06T21:05:27+00:00","og_image":[{"width":1000,"height":1000,"url":"https:\/\/dutchmicrodosing.com\/wp-content\/uploads\/2024\/04\/Jack_frost_bag.jpg","type":"image\/jpeg"}],"twitter_card":"summary_large_image","schema":{"@context":"https:\/\/schema.org","@graph":[{"@type":"WebPage","@id":"https:\/\/dutchmicrodosing.com\/fr\/champignons-magiques\/kits-de-culture-mystic-fungi\/kit-de-culture-jack-frost-paddo\/","url":"https:\/\/dutchmicrodosing.com\/fr\/champignons-magiques\/kits-de-culture-mystic-fungi\/kit-de-culture-jack-frost-paddo\/","name":"Kit de culture de champignons Jack Frost - Dutchmicrodosing","isPartOf":{"@id":"https:\/\/dutchmicrodosing.com\/fr\/#website"},"primaryImageOfPage":{"@id":"https:\/\/dutchmicrodosing.com\/fr\/champignons-magiques\/kits-de-culture-mystic-fungi\/kit-de-culture-jack-frost-paddo\/#primaryimage"},"image":{"@id":"https:\/\/dutchmicrodosing.com\/fr\/champignons-magiques\/kits-de-culture-mystic-fungi\/kit-de-culture-jack-frost-paddo\/#primaryimage"},"thumbnailUrl":"https:\/\/dutchmicrodosing.com\/wp-content\/uploads\/2024\/04\/Jack_frost_bag.jpg","datePublished":"2024-04-10T05:31:01+00:00","dateModified":"2026-03-06T21:05:27+00:00","description":"Cultivez facilement vos propres champignons Jack Frost avec ce kit de culture complet. Id\u00e9al pour les d\u00e9butants, r\u00e9sultats rapides et instructions claires.","breadcrumb":{"@id":"https:\/\/dutchmicrodosing.com\/fr\/champignons-magiques\/kits-de-culture-mystic-fungi\/kit-de-culture-jack-frost-paddo\/#breadcrumb"},"inLanguage":"fr-FR","potentialAction":[{"@type":"ReadAction","target":["https:\/\/dutchmicrodosing.com\/fr\/champignons-magiques\/kits-de-culture-mystic-fungi\/kit-de-culture-jack-frost-paddo\/"]}]},{"@type":"ImageObject","inLanguage":"fr-FR","@id":"https:\/\/dutchmicrodosing.com\/fr\/champignons-magiques\/kits-de-culture-mystic-fungi\/kit-de-culture-jack-frost-paddo\/#primaryimage","url":"https:\/\/dutchmicrodosing.com\/wp-content\/uploads\/2024\/04\/Jack_frost_bag.jpg","contentUrl":"https:\/\/dutchmicrodosing.com\/wp-content\/uploads\/2024\/04\/Jack_frost_bag.jpg","width":1000,"height":1000,"caption":"Kit de culture Jack Frost Mystic Funghi"},{"@type":"BreadcrumbList","@id":"https:\/\/dutchmicrodosing.com\/fr\/champignons-magiques\/kits-de-culture-mystic-fungi\/kit-de-culture-jack-frost-paddo\/#breadcrumb","itemListElement":[{"@type":"ListItem","position":1,"name":"Home","item":"https:\/\/dutchmicrodosing.com\/fr\/"},{"@type":"ListItem","position":2,"name":"Boutique","item":"https:\/\/dutchmicrodosing.com\/fr\/boutique\/"},{"@type":"ListItem","position":3,"name":"Kit de culture de champignons Jack Frost"}]},{"@type":"WebSite","@id":"https:\/\/dutchmicrodosing.com\/fr\/#website","url":"https:\/\/dutchmicrodosing.com\/fr\/","name":"Dutchmicrodosing","description":"","publisher":{"@id":"https:\/\/dutchmicrodosing.com\/fr\/#organization"},"potentialAction":[{"@type":"SearchAction","target":{"@type":"EntryPoint","urlTemplate":"https:\/\/dutchmicrodosing.com\/fr\/?s={search_term_string}"},"query-input":{"@type":"PropertyValueSpecification","valueRequired":true,"valueName":"search_term_string"}}],"inLanguage":"fr-FR"},{"@type":"Organization","@id":"https:\/\/dutchmicrodosing.com\/fr\/#organization","name":"Dutchmicrodosing","url":"https:\/\/dutchmicrodosing.com\/fr\/","logo":{"@type":"ImageObject","inLanguage":"fr-FR","@id":"https:\/\/dutchmicrodosing.com\/fr\/#\/schema\/logo\/image\/","url":"https:\/\/dutchmicrodosing.com\/wp-content\/uploads\/2021\/01\/microdosing-categorie-pic-nieuw.jpg","contentUrl":"https:\/\/dutchmicrodosing.com\/wp-content\/uploads\/2021\/01\/microdosing-categorie-pic-nieuw.jpg","width":500,"height":500,"caption":"Dutchmicrodosing"},"image":{"@id":"https:\/\/dutchmicrodosing.com\/fr\/#\/schema\/logo\/image\/"},"sameAs":["https:\/\/www.facebook.com\/Dutchmicrodosingxp\/","https:\/\/www.instagram.com\/dutchmicrodosing\/"]}]},"product_price_amount":"44.95","product_price_currency":"EUR","og_availability":"out of stock","product_availability":"out of stock","product_retailer_item_id":"4204840","product_condition":"new"},"_links":{"self":[{"href":"https:\/\/dutchmicrodosing.com\/fr\/wp-json\/wp\/v2\/product\/38081","targetHints":{"allow":["GET"]}}],"collection":[{"href":"https:\/\/dutchmicrodosing.com\/fr\/wp-json\/wp\/v2\/product"}],"about":[{"href":"https:\/\/dutchmicrodosing.com\/fr\/wp-json\/wp\/v2\/types\/product"}],"replies":[{"embeddable":true,"href":"https:\/\/dutchmicrodosing.com\/fr\/wp-json\/wp\/v2\/comments?post=38081"}],"version-history":[{"count":1,"href":"https:\/\/dutchmicrodosing.com\/fr\/wp-json\/wp\/v2\/product\/38081\/revisions"}],"predecessor-version":[{"id":64199,"href":"https:\/\/dutchmicrodosing.com\/fr\/wp-json\/wp\/v2\/product\/38081\/revisions\/64199"}],"wp:featuredmedia":[{"embeddable":true,"href":"https:\/\/dutchmicrodosing.com\/fr\/wp-json\/wp\/v2\/media\/38473"}],"wp:attachment":[{"href":"https:\/\/dutchmicrodosing.com\/fr\/wp-json\/wp\/v2\/media?parent=38081"}],"wp:term":[{"taxonomy":"product_brand","embeddable":true,"href":"https:\/\/dutchmicrodosing.com\/fr\/wp-json\/wp\/v2\/product_brand?post=38081"},{"taxonomy":"product_cat","embeddable":true,"href":"https:\/\/dutchmicrodosing.com\/fr\/wp-json\/wp\/v2\/product_cat?post=38081"},{"taxonomy":"product_tag","embeddable":true,"href":"https:\/\/dutchmicrodosing.com\/fr\/wp-json\/wp\/v2\/product_tag?post=38081"}],"curies":[{"name":"wp","href":"https:\/\/api.w.org\/{rel}","templated":true}]}}