{"id":38303,"date":"2024-04-12T13:47:14","date_gmt":"2024-04-12T11:47:14","guid":{"rendered":"https:\/\/dutchmicrodosing.com\/shop\/non%20class\u00e9\/shiitake-champignons-en-poudre-organique\/"},"modified":"2026-02-03T16:42:55","modified_gmt":"2026-02-03T15:42:55","slug":"shiitake-champignons-en-poudre-organique","status":"publish","type":"product","link":"https:\/\/dutchmicrodosing.com\/fr\/champignons-medicinaux\/shiitake-champignons-en-poudre-organique\/","title":{"rendered":"Shiitake (Lentinula Edodes) &#8211; Soutien cardiaque"},"content":{"rendered":"<p>Le<strong> champignon shiitake<\/strong>, scientifiquement connu sous le nom de Lentinula edodes, est un compl\u00e9ment pr\u00e9cieux pour la cuisine et la sant\u00e9. Originaire d&rsquo;Asie de l&rsquo;Est, notamment du Japon, de la Chine et de la Cor\u00e9e, ce champignon joue un r\u00f4le central depuis des si\u00e8cles en raison de sa saveur et de son ar\u00f4me. Le shiitake pousse sur le bois de feuillus tels que le h\u00eatre, le ch\u00eane, le noyer et le ch\u00e2taignier. Son chapeau est de couleur brun clair \u00e0 brun fonc\u00e9.<\/p>\n<p>La popularit\u00e9 du shiitake est \u00e9galement due \u00e0 sa haute valeur nutritionnelle. Ces champignons contiennent sept des neuf acides amin\u00e9s essentiels, qui sont indispensables \u00e0 l&rsquo;organisme mais ne peuvent \u00eatre produits par celui-ci. En outre, elles sont riches en s\u00e9l\u00e9nium, un min\u00e9ral essentiel qui soutient le syst\u00e8me immunitaire et la sant\u00e9 cardiaque. Les shiitakes sont \u00e9galement riches en prot\u00e9ines, en vitamine D et en potassium. Cette combinaison de nutriments fait du shiitake un excellent choix pour tous ceux qui cherchent \u00e0 enrichir leur alimentation avec des ingr\u00e9dients sains et nutritifs, ce qui en fait un ingr\u00e9dient largement utilis\u00e9 et appr\u00e9ci\u00e9 dans les cuisines asiatiques et internationales.<\/p>\n<h3>Conseils de stockage<\/h3>\n<p>Conservez ce produit dans un endroit sombre et frais, tel qu&rsquo;un placard de cuisine, et hors de port\u00e9e des enfants.<\/p>\n<h3>Contenu<\/h3>\n<p>Poudre de champignon Shiitake Bio &#8211; 100 grammes.<\/p>\n","protected":false},"excerpt":{"rendered":"<p>Le champignon shiitake, scientifiquement connu sous le nom de Lentinula edodes, est un compl\u00e9ment pr\u00e9cieux pour la cuisine et la sant\u00e9. Originaire d&rsquo;Asie de l&rsquo;Est, notamment du Japon, de la Chine et de la Cor\u00e9e, ce champignon joue un r\u00f4le central depuis des si\u00e8cles en raison de sa saveur et de son ar\u00f4me. Le shiitake [&hellip;]<\/p>\n","protected":false},"featured_media":62979,"comment_status":"closed","ping_status":"closed","template":"","meta":[],"product_brand":[],"product_cat":[129,280,291],"product_tag":[],"class_list":{"0":"post-38303","1":"product","2":"type-product","3":"status-publish","4":"has-post-thumbnail","6":"product_cat-champignons-medicinaux","7":"product_cat-super-aliments","8":"product_cat-supplements-pour-le-systeme-immunitaire","10":"first","11":"instock","12":"taxable","13":"shipping-taxable","14":"purchasable","15":"product-type-simple"},"yoast_head":"<!-- This site is optimized with the Yoast SEO Premium plugin v26.4 (Yoast SEO v27.4) - https:\/\/yoast.com\/product\/yoast-seo-premium-wordpress\/ -->\n<title>Shiitake (Lentinula Edodes) - Soutien cardiaque - Dutchmicrodosing<\/title>\n<meta name=\"robots\" content=\"index, follow, max-snippet:-1, max-image-preview:large, max-video-preview:-1\" \/>\n<link rel=\"canonical\" href=\"https:\/\/dutchmicrodosing.com\/fr\/champignons-medicinaux\/shiitake-champignons-en-poudre-organique\/\" \/>\n<meta property=\"og:locale\" content=\"fr_FR\" \/>\n<meta property=\"og:type\" content=\"article\" \/>\n<meta property=\"og:title\" content=\"Shiitake (Lentinula Edodes) - Soutien cardiaque\" \/>\n<meta property=\"og:description\" content=\"Le champignon shiitake, scientifiquement connu sous le nom de Lentinula edodes, est un compl\u00e9ment pr\u00e9cieux pour la cuisine et la sant\u00e9. Originaire d&#039;Asie\" \/>\n<meta property=\"og:url\" content=\"https:\/\/dutchmicrodosing.com\/fr\/champignons-medicinaux\/shiitake-champignons-en-poudre-organique\/\" \/>\n<meta property=\"og:site_name\" content=\"Dutchmicrodosing\" \/>\n<meta property=\"article:publisher\" content=\"https:\/\/www.facebook.com\/Dutchmicrodosingxp\/\" \/>\n<meta property=\"article:modified_time\" content=\"2026-02-03T15:42:55+00:00\" \/>\n<meta property=\"og:image\" content=\"https:\/\/dutchmicrodosing.com\/wp-content\/uploads\/2025\/11\/Shitake-Powder_1.jpg\" \/>\n\t<meta property=\"og:image:width\" content=\"1500\" \/>\n\t<meta property=\"og:image:height\" content=\"1500\" \/>\n\t<meta property=\"og:image:type\" content=\"image\/jpeg\" \/>\n<meta name=\"twitter:card\" content=\"summary_large_image\" \/>\n<script type=\"application\/ld+json\" class=\"yoast-schema-graph\">{\"@context\":\"https:\\\/\\\/schema.org\",\"@graph\":[{\"@type\":\"WebPage\",\"@id\":\"https:\\\/\\\/dutchmicrodosing.com\\\/fr\\\/champignons-medicinaux\\\/shiitake-champignons-en-poudre-organique\\\/\",\"url\":\"https:\\\/\\\/dutchmicrodosing.com\\\/fr\\\/champignons-medicinaux\\\/shiitake-champignons-en-poudre-organique\\\/\",\"name\":\"Shiitake (Lentinula Edodes) - Soutien cardiaque - Dutchmicrodosing\",\"isPartOf\":{\"@id\":\"https:\\\/\\\/dutchmicrodosing.com\\\/fr\\\/#website\"},\"primaryImageOfPage\":{\"@id\":\"https:\\\/\\\/dutchmicrodosing.com\\\/fr\\\/champignons-medicinaux\\\/shiitake-champignons-en-poudre-organique\\\/#primaryimage\"},\"image\":{\"@id\":\"https:\\\/\\\/dutchmicrodosing.com\\\/fr\\\/champignons-medicinaux\\\/shiitake-champignons-en-poudre-organique\\\/#primaryimage\"},\"thumbnailUrl\":\"https:\\\/\\\/dutchmicrodosing.com\\\/wp-content\\\/uploads\\\/2025\\\/11\\\/Shitake-Powder_1.jpg\",\"datePublished\":\"2024-04-12T11:47:14+00:00\",\"dateModified\":\"2026-02-03T15:42:55+00:00\",\"breadcrumb\":{\"@id\":\"https:\\\/\\\/dutchmicrodosing.com\\\/fr\\\/champignons-medicinaux\\\/shiitake-champignons-en-poudre-organique\\\/#breadcrumb\"},\"inLanguage\":\"fr-FR\",\"potentialAction\":[{\"@type\":\"ReadAction\",\"target\":[\"https:\\\/\\\/dutchmicrodosing.com\\\/fr\\\/champignons-medicinaux\\\/shiitake-champignons-en-poudre-organique\\\/\"]}]},{\"@type\":\"ImageObject\",\"inLanguage\":\"fr-FR\",\"@id\":\"https:\\\/\\\/dutchmicrodosing.com\\\/fr\\\/champignons-medicinaux\\\/shiitake-champignons-en-poudre-organique\\\/#primaryimage\",\"url\":\"https:\\\/\\\/dutchmicrodosing.com\\\/wp-content\\\/uploads\\\/2025\\\/11\\\/Shitake-Powder_1.jpg\",\"contentUrl\":\"https:\\\/\\\/dutchmicrodosing.com\\\/wp-content\\\/uploads\\\/2025\\\/11\\\/Shitake-Powder_1.jpg\",\"width\":1500,\"height\":1500,\"caption\":\"Poudre de shiitake\"},{\"@type\":\"BreadcrumbList\",\"@id\":\"https:\\\/\\\/dutchmicrodosing.com\\\/fr\\\/champignons-medicinaux\\\/shiitake-champignons-en-poudre-organique\\\/#breadcrumb\",\"itemListElement\":[{\"@type\":\"ListItem\",\"position\":1,\"name\":\"Home\",\"item\":\"https:\\\/\\\/dutchmicrodosing.com\\\/fr\\\/\"},{\"@type\":\"ListItem\",\"position\":2,\"name\":\"Boutique\",\"item\":\"https:\\\/\\\/dutchmicrodosing.com\\\/fr\\\/boutique\\\/\"},{\"@type\":\"ListItem\",\"position\":3,\"name\":\"Shiitake (Lentinula Edodes) &#8211; Soutien cardiaque\"}]},{\"@type\":\"WebSite\",\"@id\":\"https:\\\/\\\/dutchmicrodosing.com\\\/fr\\\/#website\",\"url\":\"https:\\\/\\\/dutchmicrodosing.com\\\/fr\\\/\",\"name\":\"Dutchmicrodosing\",\"description\":\"\",\"publisher\":{\"@id\":\"https:\\\/\\\/dutchmicrodosing.com\\\/fr\\\/#organization\"},\"potentialAction\":[{\"@type\":\"SearchAction\",\"target\":{\"@type\":\"EntryPoint\",\"urlTemplate\":\"https:\\\/\\\/dutchmicrodosing.com\\\/fr\\\/?s={search_term_string}\"},\"query-input\":{\"@type\":\"PropertyValueSpecification\",\"valueRequired\":true,\"valueName\":\"search_term_string\"}}],\"inLanguage\":\"fr-FR\"},{\"@type\":\"Organization\",\"@id\":\"https:\\\/\\\/dutchmicrodosing.com\\\/fr\\\/#organization\",\"name\":\"Dutchmicrodosing\",\"url\":\"https:\\\/\\\/dutchmicrodosing.com\\\/fr\\\/\",\"logo\":{\"@type\":\"ImageObject\",\"inLanguage\":\"fr-FR\",\"@id\":\"https:\\\/\\\/dutchmicrodosing.com\\\/fr\\\/#\\\/schema\\\/logo\\\/image\\\/\",\"url\":\"https:\\\/\\\/dutchmicrodosing.com\\\/wp-content\\\/uploads\\\/2021\\\/01\\\/microdosing-categorie-pic-nieuw.jpg\",\"contentUrl\":\"https:\\\/\\\/dutchmicrodosing.com\\\/wp-content\\\/uploads\\\/2021\\\/01\\\/microdosing-categorie-pic-nieuw.jpg\",\"width\":500,\"height\":500,\"caption\":\"Dutchmicrodosing\"},\"image\":{\"@id\":\"https:\\\/\\\/dutchmicrodosing.com\\\/fr\\\/#\\\/schema\\\/logo\\\/image\\\/\"},\"sameAs\":[\"https:\\\/\\\/www.facebook.com\\\/Dutchmicrodosingxp\\\/\",\"https:\\\/\\\/www.instagram.com\\\/dutchmicrodosing\\\/\"]}]}<\/script>\n<meta property=\"product:price:amount\" content=\"19.95\" \/>\n<meta property=\"product:price:currency\" content=\"EUR\" \/>\n<meta property=\"og:availability\" content=\"instock\" \/>\n<meta property=\"product:availability\" content=\"instock\" \/>\n<meta property=\"product:retailer_item_id\" content=\"4204538\" \/>\n<meta property=\"product:condition\" content=\"new\" \/>\n<!-- \/ Yoast SEO Premium plugin. -->","yoast_head_json":{"title":"Shiitake (Lentinula Edodes) - Soutien cardiaque - Dutchmicrodosing","robots":{"index":"index","follow":"follow","max-snippet":"max-snippet:-1","max-image-preview":"max-image-preview:large","max-video-preview":"max-video-preview:-1"},"canonical":"https:\/\/dutchmicrodosing.com\/fr\/champignons-medicinaux\/shiitake-champignons-en-poudre-organique\/","og_locale":"fr_FR","og_type":"article","og_title":"Shiitake (Lentinula Edodes) - Soutien cardiaque","og_description":"Le champignon shiitake, scientifiquement connu sous le nom de Lentinula edodes, est un compl\u00e9ment pr\u00e9cieux pour la cuisine et la sant\u00e9. Originaire d'Asie","og_url":"https:\/\/dutchmicrodosing.com\/fr\/champignons-medicinaux\/shiitake-champignons-en-poudre-organique\/","og_site_name":"Dutchmicrodosing","article_publisher":"https:\/\/www.facebook.com\/Dutchmicrodosingxp\/","article_modified_time":"2026-02-03T15:42:55+00:00","og_image":[{"width":1500,"height":1500,"url":"https:\/\/dutchmicrodosing.com\/wp-content\/uploads\/2025\/11\/Shitake-Powder_1.jpg","type":"image\/jpeg"}],"twitter_card":"summary_large_image","schema":{"@context":"https:\/\/schema.org","@graph":[{"@type":"WebPage","@id":"https:\/\/dutchmicrodosing.com\/fr\/champignons-medicinaux\/shiitake-champignons-en-poudre-organique\/","url":"https:\/\/dutchmicrodosing.com\/fr\/champignons-medicinaux\/shiitake-champignons-en-poudre-organique\/","name":"Shiitake (Lentinula Edodes) - Soutien cardiaque - Dutchmicrodosing","isPartOf":{"@id":"https:\/\/dutchmicrodosing.com\/fr\/#website"},"primaryImageOfPage":{"@id":"https:\/\/dutchmicrodosing.com\/fr\/champignons-medicinaux\/shiitake-champignons-en-poudre-organique\/#primaryimage"},"image":{"@id":"https:\/\/dutchmicrodosing.com\/fr\/champignons-medicinaux\/shiitake-champignons-en-poudre-organique\/#primaryimage"},"thumbnailUrl":"https:\/\/dutchmicrodosing.com\/wp-content\/uploads\/2025\/11\/Shitake-Powder_1.jpg","datePublished":"2024-04-12T11:47:14+00:00","dateModified":"2026-02-03T15:42:55+00:00","breadcrumb":{"@id":"https:\/\/dutchmicrodosing.com\/fr\/champignons-medicinaux\/shiitake-champignons-en-poudre-organique\/#breadcrumb"},"inLanguage":"fr-FR","potentialAction":[{"@type":"ReadAction","target":["https:\/\/dutchmicrodosing.com\/fr\/champignons-medicinaux\/shiitake-champignons-en-poudre-organique\/"]}]},{"@type":"ImageObject","inLanguage":"fr-FR","@id":"https:\/\/dutchmicrodosing.com\/fr\/champignons-medicinaux\/shiitake-champignons-en-poudre-organique\/#primaryimage","url":"https:\/\/dutchmicrodosing.com\/wp-content\/uploads\/2025\/11\/Shitake-Powder_1.jpg","contentUrl":"https:\/\/dutchmicrodosing.com\/wp-content\/uploads\/2025\/11\/Shitake-Powder_1.jpg","width":1500,"height":1500,"caption":"Poudre de shiitake"},{"@type":"BreadcrumbList","@id":"https:\/\/dutchmicrodosing.com\/fr\/champignons-medicinaux\/shiitake-champignons-en-poudre-organique\/#breadcrumb","itemListElement":[{"@type":"ListItem","position":1,"name":"Home","item":"https:\/\/dutchmicrodosing.com\/fr\/"},{"@type":"ListItem","position":2,"name":"Boutique","item":"https:\/\/dutchmicrodosing.com\/fr\/boutique\/"},{"@type":"ListItem","position":3,"name":"Shiitake (Lentinula Edodes) &#8211; Soutien cardiaque"}]},{"@type":"WebSite","@id":"https:\/\/dutchmicrodosing.com\/fr\/#website","url":"https:\/\/dutchmicrodosing.com\/fr\/","name":"Dutchmicrodosing","description":"","publisher":{"@id":"https:\/\/dutchmicrodosing.com\/fr\/#organization"},"potentialAction":[{"@type":"SearchAction","target":{"@type":"EntryPoint","urlTemplate":"https:\/\/dutchmicrodosing.com\/fr\/?s={search_term_string}"},"query-input":{"@type":"PropertyValueSpecification","valueRequired":true,"valueName":"search_term_string"}}],"inLanguage":"fr-FR"},{"@type":"Organization","@id":"https:\/\/dutchmicrodosing.com\/fr\/#organization","name":"Dutchmicrodosing","url":"https:\/\/dutchmicrodosing.com\/fr\/","logo":{"@type":"ImageObject","inLanguage":"fr-FR","@id":"https:\/\/dutchmicrodosing.com\/fr\/#\/schema\/logo\/image\/","url":"https:\/\/dutchmicrodosing.com\/wp-content\/uploads\/2021\/01\/microdosing-categorie-pic-nieuw.jpg","contentUrl":"https:\/\/dutchmicrodosing.com\/wp-content\/uploads\/2021\/01\/microdosing-categorie-pic-nieuw.jpg","width":500,"height":500,"caption":"Dutchmicrodosing"},"image":{"@id":"https:\/\/dutchmicrodosing.com\/fr\/#\/schema\/logo\/image\/"},"sameAs":["https:\/\/www.facebook.com\/Dutchmicrodosingxp\/","https:\/\/www.instagram.com\/dutchmicrodosing\/"]}]},"product_price_amount":"19.95","product_price_currency":"EUR","og_availability":"instock","product_availability":"instock","product_retailer_item_id":"4204538","product_condition":"new"},"_links":{"self":[{"href":"https:\/\/dutchmicrodosing.com\/fr\/wp-json\/wp\/v2\/product\/38303","targetHints":{"allow":["GET"]}}],"collection":[{"href":"https:\/\/dutchmicrodosing.com\/fr\/wp-json\/wp\/v2\/product"}],"about":[{"href":"https:\/\/dutchmicrodosing.com\/fr\/wp-json\/wp\/v2\/types\/product"}],"replies":[{"embeddable":true,"href":"https:\/\/dutchmicrodosing.com\/fr\/wp-json\/wp\/v2\/comments?post=38303"}],"version-history":[{"count":1,"href":"https:\/\/dutchmicrodosing.com\/fr\/wp-json\/wp\/v2\/product\/38303\/revisions"}],"predecessor-version":[{"id":64324,"href":"https:\/\/dutchmicrodosing.com\/fr\/wp-json\/wp\/v2\/product\/38303\/revisions\/64324"}],"wp:featuredmedia":[{"embeddable":true,"href":"https:\/\/dutchmicrodosing.com\/fr\/wp-json\/wp\/v2\/media\/62979"}],"wp:attachment":[{"href":"https:\/\/dutchmicrodosing.com\/fr\/wp-json\/wp\/v2\/media?parent=38303"}],"wp:term":[{"taxonomy":"product_brand","embeddable":true,"href":"https:\/\/dutchmicrodosing.com\/fr\/wp-json\/wp\/v2\/product_brand?post=38303"},{"taxonomy":"product_cat","embeddable":true,"href":"https:\/\/dutchmicrodosing.com\/fr\/wp-json\/wp\/v2\/product_cat?post=38303"},{"taxonomy":"product_tag","embeddable":true,"href":"https:\/\/dutchmicrodosing.com\/fr\/wp-json\/wp\/v2\/product_tag?post=38303"}],"curies":[{"name":"wp","href":"https:\/\/api.w.org\/{rel}","templated":true}]}}