{"id":39097,"date":"2024-05-12T09:49:45","date_gmt":"2024-05-12T07:50:06","guid":{"rendered":"https:\/\/dutchmicrodosing.com\/shop\/non%20class\u00e9\/moby-dick-trace-bottle\/"},"modified":"2025-02-20T14:19:11","modified_gmt":"2025-02-20T13:19:11","slug":"moby-dick-trace-bottle","status":"publish","type":"product","link":"https:\/\/dutchmicrodosing.com\/fr\/magique-champignon-spores\/bouteilles-ampoules-de-spores\/moby-dick-trace-bottle\/","title":{"rendered":"Moby Dick Trace bouteille"},"content":{"rendered":"<p>Cultivez des champignons blancs\/gris avec la <strong>bouteille de spores<\/strong> Mondo <strong>Moby Dick<\/strong>! Ce champignon tire son nom de la c\u00e9l\u00e8bre baleine blanche du livre d&rsquo;Herman Melville. Ces champignons, comme les autres champignons \u00e0 psilocybine, contiennent des substances psychoactives qui, lorsqu&rsquo;elles sont consomm\u00e9es, peuvent provoquer des effets hallucinog\u00e8nes. Ces champignons sont pr\u00e9sents \u00e0 l&rsquo;\u00e9tat sauvage et cultiv\u00e9s \u00e0 des fins r\u00e9cr\u00e9atives, souvent en raison de leurs puissants effets psychologiques. Le nom et l&rsquo;association avec la couleur de la baleine conf\u00e8rent une dimension culturelle suppl\u00e9mentaire \u00e0 cette esp\u00e8ce particuli\u00e8re de champignon.<\/p>\n<h2>Informations sur l&rsquo;\u00e9levage Bouteille de spores Moby Dick<\/h2>\n<ul>\n<li>Difficult\u00e9 de culture : Facile<\/li>\n<li>Substrat : Fumier, paille, diverses c\u00e9r\u00e9ales<\/li>\n<li>Temps de colonisation : 12-14 jours<\/li>\n<li>Temp\u00e9rature de colonisation : 28-30 degr\u00e9s Celsius<\/li>\n<li>Temp\u00e9rature des fruits : 23-26 degr\u00e9s Celsius<\/li>\n<li>Seulement 3 millilitres de solution de spores sont n\u00e9cessaires pour coloniser 1 litre de substrat.<\/li>\n<\/ul>\n<h2>Comment pr\u00e9parer ma bouteille Mondo Moby Dick Trace<\/h2>\n<p>Avant de commencer \u00e0 injecter vos spores, vous devez d&rsquo;abord pr\u00e9parer un substrat dans un bac de culture ou un sac o\u00f9 vous allez d\u00e9poser ces spores. Les flacons de spores st\u00e9riles Mondo sont tr\u00e8s faciles \u00e0 utiliser.<\/p>\n<ol>\n<li>Mettez des gants et un masque buccal<\/li>\n<li>Agitez vigoureusement la fiole de spores d&rsquo;avant en arri\u00e8re<\/li>\n<li>D\u00e9ballez l&rsquo;aiguille d&rsquo;injection et ins\u00e9rez l&rsquo;aiguille \u00e0 travers la membrane en caoutchouc.<\/li>\n<li>Aspirez doucement le liquide dans la seringue.<\/li>\n<li>Inclure un conteneur ou un sac de culture avec le substrat<\/li>\n<li>Apr\u00e8s avoir rempli la seringue, appuyez lentement sur le piston et laissez tomber chaque goutte dispers\u00e9e sur le substrat. L&rsquo;endroit o\u00f9 la goutte tombe sur le substrat est un point de croissance potentiel du myc\u00e9lium. En le divisant, vous optimiserez la colonisation.<\/li>\n<\/ol>\n<h2>Contenu de votre bouteille Moby Dick Trace<\/h2>\n<ul>\n<li>1 flacon de spores contient plusieurs millions de spores dissoutes dans 10 ml d&rsquo;eau st\u00e9rile.<\/li>\n<li>1 seringue st\u00e9rile de 20 ml<\/li>\n<li>2 x lingettes alcoolis\u00e9es<\/li>\n<\/ul>\n<h2>Rangement de votre bouteille Mondo Moby Dick Trace<\/h2>\n<p>Comme il s&rsquo;agit d&rsquo;un produit sensible, nous vous recommandons de placer le flacon de spores dans le r\u00e9frig\u00e9rateur \u00e0 une temp\u00e9rature comprise entre 2 et 8 degr\u00e9s imm\u00e9diatement apr\u00e8s r\u00e9ception et pendant 24 heures avant de l&rsquo;utiliser.<\/p>\n","protected":false},"excerpt":{"rendered":"<p>Cultivez des champignons blancs\/gris avec la bouteille de spores Mondo Moby Dick! Ce champignon tire son nom de la c\u00e9l\u00e8bre baleine blanche du livre d&rsquo;Herman Melville. Ces champignons, comme les autres champignons \u00e0 psilocybine, contiennent des substances psychoactives qui, lorsqu&rsquo;elles sont consomm\u00e9es, peuvent provoquer des effets hallucinog\u00e8nes. Ces champignons sont pr\u00e9sents \u00e0 l&rsquo;\u00e9tat sauvage et [&hellip;]<\/p>\n","protected":false},"featured_media":39112,"comment_status":"closed","ping_status":"closed","template":"","meta":[],"product_brand":[],"product_cat":[353],"product_tag":[],"class_list":{"0":"post-39097","1":"product","2":"type-product","3":"status-publish","4":"has-post-thumbnail","6":"product_cat-bouteilles-ampoules-de-spores","8":"first","9":"outofstock","10":"taxable","11":"shipping-taxable","12":"purchasable","13":"product-type-simple"},"yoast_head":"<!-- This site is optimized with the Yoast SEO Premium plugin v26.4 (Yoast SEO v27.2) - https:\/\/yoast.com\/product\/yoast-seo-premium-wordpress\/ -->\n<title>Moby Dick Trace bouteille - Dutchmicrodosing<\/title>\n<meta name=\"description\" content=\"Spores de haute qualit\u00e9 pour la culture de puissants champignons Moby Dick. D\u00e9couvrez les caract\u00e9ristiques et les effets uniques de cette vari\u00e9t\u00e9 populaire !\" \/>\n<meta name=\"robots\" content=\"index, follow, max-snippet:-1, max-image-preview:large, max-video-preview:-1\" \/>\n<link rel=\"canonical\" href=\"https:\/\/dutchmicrodosing.com\/fr\/magique-champignon-spores\/bouteilles-ampoules-de-spores\/moby-dick-trace-bottle\/\" \/>\n<meta property=\"og:locale\" content=\"fr_FR\" \/>\n<meta property=\"og:type\" content=\"article\" \/>\n<meta property=\"og:title\" content=\"Moby Dick Trace bouteille\" \/>\n<meta property=\"og:description\" content=\"Cultivez des champignons blancs\/gris avec la bouteille de spores Mondo Moby Dick! Ce champignon tire son nom de la c\u00e9l\u00e8bre baleine blanche du livre\" \/>\n<meta property=\"og:url\" content=\"https:\/\/dutchmicrodosing.com\/fr\/magique-champignon-spores\/bouteilles-ampoules-de-spores\/moby-dick-trace-bottle\/\" \/>\n<meta property=\"og:site_name\" content=\"Dutchmicrodosing\" \/>\n<meta property=\"article:publisher\" content=\"https:\/\/www.facebook.com\/Dutchmicrodosingxp\/\" \/>\n<meta property=\"article:modified_time\" content=\"2025-02-20T13:19:11+00:00\" \/>\n<meta property=\"og:image\" content=\"https:\/\/dutchmicrodosing.com\/wp-content\/uploads\/2024\/05\/sporemate-mondo-vial-psilocybe-cubensis-golden-teacher.jpg\" \/>\n\t<meta property=\"og:image:width\" content=\"600\" \/>\n\t<meta property=\"og:image:height\" content=\"600\" \/>\n\t<meta property=\"og:image:type\" content=\"image\/jpeg\" \/>\n<meta name=\"twitter:card\" content=\"summary_large_image\" \/>\n<script type=\"application\/ld+json\" class=\"yoast-schema-graph\">{\"@context\":\"https:\/\/schema.org\",\"@graph\":[{\"@type\":\"WebPage\",\"@id\":\"https:\/\/dutchmicrodosing.com\/fr\/magique-champignon-spores\/bouteilles-ampoules-de-spores\/moby-dick-trace-bottle\/\",\"url\":\"https:\/\/dutchmicrodosing.com\/fr\/magique-champignon-spores\/bouteilles-ampoules-de-spores\/moby-dick-trace-bottle\/\",\"name\":\"Moby Dick Trace bouteille - Dutchmicrodosing\",\"isPartOf\":{\"@id\":\"https:\/\/dutchmicrodosing.com\/fr\/#website\"},\"primaryImageOfPage\":{\"@id\":\"https:\/\/dutchmicrodosing.com\/fr\/magique-champignon-spores\/bouteilles-ampoules-de-spores\/moby-dick-trace-bottle\/#primaryimage\"},\"image\":{\"@id\":\"https:\/\/dutchmicrodosing.com\/fr\/magique-champignon-spores\/bouteilles-ampoules-de-spores\/moby-dick-trace-bottle\/#primaryimage\"},\"thumbnailUrl\":\"https:\/\/dutchmicrodosing.com\/wp-content\/uploads\/2024\/05\/sporemate-mondo-vial-psilocybe-cubensis-golden-teacher.jpg\",\"datePublished\":\"2024-05-12T07:50:06+00:00\",\"dateModified\":\"2025-02-20T13:19:11+00:00\",\"description\":\"Spores de haute qualit\u00e9 pour la culture de puissants champignons Moby Dick. D\u00e9couvrez les caract\u00e9ristiques et les effets uniques de cette vari\u00e9t\u00e9 populaire !\",\"breadcrumb\":{\"@id\":\"https:\/\/dutchmicrodosing.com\/fr\/magique-champignon-spores\/bouteilles-ampoules-de-spores\/moby-dick-trace-bottle\/#breadcrumb\"},\"inLanguage\":\"fr-FR\",\"potentialAction\":[{\"@type\":\"ReadAction\",\"target\":[\"https:\/\/dutchmicrodosing.com\/fr\/magique-champignon-spores\/bouteilles-ampoules-de-spores\/moby-dick-trace-bottle\/\"]}]},{\"@type\":\"ImageObject\",\"inLanguage\":\"fr-FR\",\"@id\":\"https:\/\/dutchmicrodosing.com\/fr\/magique-champignon-spores\/bouteilles-ampoules-de-spores\/moby-dick-trace-bottle\/#primaryimage\",\"url\":\"https:\/\/dutchmicrodosing.com\/wp-content\/uploads\/2024\/05\/sporemate-mondo-vial-psilocybe-cubensis-golden-teacher.jpg\",\"contentUrl\":\"https:\/\/dutchmicrodosing.com\/wp-content\/uploads\/2024\/05\/sporemate-mondo-vial-psilocybe-cubensis-golden-teacher.jpg\",\"width\":600,\"height\":600},{\"@type\":\"BreadcrumbList\",\"@id\":\"https:\/\/dutchmicrodosing.com\/fr\/magique-champignon-spores\/bouteilles-ampoules-de-spores\/moby-dick-trace-bottle\/#breadcrumb\",\"itemListElement\":[{\"@type\":\"ListItem\",\"position\":1,\"name\":\"Home\",\"item\":\"https:\/\/dutchmicrodosing.com\/fr\/\"},{\"@type\":\"ListItem\",\"position\":2,\"name\":\"Boutique\",\"item\":\"https:\/\/dutchmicrodosing.com\/fr\/boutique\/\"},{\"@type\":\"ListItem\",\"position\":3,\"name\":\"Moby Dick Trace bouteille\"}]},{\"@type\":\"WebSite\",\"@id\":\"https:\/\/dutchmicrodosing.com\/fr\/#website\",\"url\":\"https:\/\/dutchmicrodosing.com\/fr\/\",\"name\":\"Dutchmicrodosing\",\"description\":\"\",\"publisher\":{\"@id\":\"https:\/\/dutchmicrodosing.com\/fr\/#organization\"},\"potentialAction\":[{\"@type\":\"SearchAction\",\"target\":{\"@type\":\"EntryPoint\",\"urlTemplate\":\"https:\/\/dutchmicrodosing.com\/fr\/?s={search_term_string}\"},\"query-input\":{\"@type\":\"PropertyValueSpecification\",\"valueRequired\":true,\"valueName\":\"search_term_string\"}}],\"inLanguage\":\"fr-FR\"},{\"@type\":\"Organization\",\"@id\":\"https:\/\/dutchmicrodosing.com\/fr\/#organization\",\"name\":\"Dutchmicrodosing\",\"url\":\"https:\/\/dutchmicrodosing.com\/fr\/\",\"logo\":{\"@type\":\"ImageObject\",\"inLanguage\":\"fr-FR\",\"@id\":\"https:\/\/dutchmicrodosing.com\/fr\/#\/schema\/logo\/image\/\",\"url\":\"https:\/\/dutchmicrodosing.com\/wp-content\/uploads\/2021\/01\/microdosing-categorie-pic-nieuw.jpg\",\"contentUrl\":\"https:\/\/dutchmicrodosing.com\/wp-content\/uploads\/2021\/01\/microdosing-categorie-pic-nieuw.jpg\",\"width\":500,\"height\":500,\"caption\":\"Dutchmicrodosing\"},\"image\":{\"@id\":\"https:\/\/dutchmicrodosing.com\/fr\/#\/schema\/logo\/image\/\"},\"sameAs\":[\"https:\/\/www.facebook.com\/Dutchmicrodosingxp\/\",\"https:\/\/www.instagram.com\/dutchmicrodosing\/\"]}]}<\/script>\n<meta property=\"product:price:amount\" content=\"17.95\" \/>\n<meta property=\"product:price:currency\" content=\"EUR\" \/>\n<meta property=\"og:availability\" content=\"out of stock\" \/>\n<meta property=\"product:availability\" content=\"out of stock\" \/>\n<meta property=\"product:retailer_item_id\" content=\"3204180\" \/>\n<meta property=\"product:condition\" content=\"new\" \/>\n<!-- \/ Yoast SEO Premium plugin. -->","yoast_head_json":{"title":"Moby Dick Trace bouteille - Dutchmicrodosing","description":"Spores de haute qualit\u00e9 pour la culture de puissants champignons Moby Dick. D\u00e9couvrez les caract\u00e9ristiques et les effets uniques de cette vari\u00e9t\u00e9 populaire !","robots":{"index":"index","follow":"follow","max-snippet":"max-snippet:-1","max-image-preview":"max-image-preview:large","max-video-preview":"max-video-preview:-1"},"canonical":"https:\/\/dutchmicrodosing.com\/fr\/magique-champignon-spores\/bouteilles-ampoules-de-spores\/moby-dick-trace-bottle\/","og_locale":"fr_FR","og_type":"article","og_title":"Moby Dick Trace bouteille","og_description":"Cultivez des champignons blancs\/gris avec la bouteille de spores Mondo Moby Dick! Ce champignon tire son nom de la c\u00e9l\u00e8bre baleine blanche du livre","og_url":"https:\/\/dutchmicrodosing.com\/fr\/magique-champignon-spores\/bouteilles-ampoules-de-spores\/moby-dick-trace-bottle\/","og_site_name":"Dutchmicrodosing","article_publisher":"https:\/\/www.facebook.com\/Dutchmicrodosingxp\/","article_modified_time":"2025-02-20T13:19:11+00:00","og_image":[{"width":600,"height":600,"url":"https:\/\/dutchmicrodosing.com\/wp-content\/uploads\/2024\/05\/sporemate-mondo-vial-psilocybe-cubensis-golden-teacher.jpg","type":"image\/jpeg"}],"twitter_card":"summary_large_image","schema":{"@context":"https:\/\/schema.org","@graph":[{"@type":"WebPage","@id":"https:\/\/dutchmicrodosing.com\/fr\/magique-champignon-spores\/bouteilles-ampoules-de-spores\/moby-dick-trace-bottle\/","url":"https:\/\/dutchmicrodosing.com\/fr\/magique-champignon-spores\/bouteilles-ampoules-de-spores\/moby-dick-trace-bottle\/","name":"Moby Dick Trace bouteille - Dutchmicrodosing","isPartOf":{"@id":"https:\/\/dutchmicrodosing.com\/fr\/#website"},"primaryImageOfPage":{"@id":"https:\/\/dutchmicrodosing.com\/fr\/magique-champignon-spores\/bouteilles-ampoules-de-spores\/moby-dick-trace-bottle\/#primaryimage"},"image":{"@id":"https:\/\/dutchmicrodosing.com\/fr\/magique-champignon-spores\/bouteilles-ampoules-de-spores\/moby-dick-trace-bottle\/#primaryimage"},"thumbnailUrl":"https:\/\/dutchmicrodosing.com\/wp-content\/uploads\/2024\/05\/sporemate-mondo-vial-psilocybe-cubensis-golden-teacher.jpg","datePublished":"2024-05-12T07:50:06+00:00","dateModified":"2025-02-20T13:19:11+00:00","description":"Spores de haute qualit\u00e9 pour la culture de puissants champignons Moby Dick. D\u00e9couvrez les caract\u00e9ristiques et les effets uniques de cette vari\u00e9t\u00e9 populaire !","breadcrumb":{"@id":"https:\/\/dutchmicrodosing.com\/fr\/magique-champignon-spores\/bouteilles-ampoules-de-spores\/moby-dick-trace-bottle\/#breadcrumb"},"inLanguage":"fr-FR","potentialAction":[{"@type":"ReadAction","target":["https:\/\/dutchmicrodosing.com\/fr\/magique-champignon-spores\/bouteilles-ampoules-de-spores\/moby-dick-trace-bottle\/"]}]},{"@type":"ImageObject","inLanguage":"fr-FR","@id":"https:\/\/dutchmicrodosing.com\/fr\/magique-champignon-spores\/bouteilles-ampoules-de-spores\/moby-dick-trace-bottle\/#primaryimage","url":"https:\/\/dutchmicrodosing.com\/wp-content\/uploads\/2024\/05\/sporemate-mondo-vial-psilocybe-cubensis-golden-teacher.jpg","contentUrl":"https:\/\/dutchmicrodosing.com\/wp-content\/uploads\/2024\/05\/sporemate-mondo-vial-psilocybe-cubensis-golden-teacher.jpg","width":600,"height":600},{"@type":"BreadcrumbList","@id":"https:\/\/dutchmicrodosing.com\/fr\/magique-champignon-spores\/bouteilles-ampoules-de-spores\/moby-dick-trace-bottle\/#breadcrumb","itemListElement":[{"@type":"ListItem","position":1,"name":"Home","item":"https:\/\/dutchmicrodosing.com\/fr\/"},{"@type":"ListItem","position":2,"name":"Boutique","item":"https:\/\/dutchmicrodosing.com\/fr\/boutique\/"},{"@type":"ListItem","position":3,"name":"Moby Dick Trace bouteille"}]},{"@type":"WebSite","@id":"https:\/\/dutchmicrodosing.com\/fr\/#website","url":"https:\/\/dutchmicrodosing.com\/fr\/","name":"Dutchmicrodosing","description":"","publisher":{"@id":"https:\/\/dutchmicrodosing.com\/fr\/#organization"},"potentialAction":[{"@type":"SearchAction","target":{"@type":"EntryPoint","urlTemplate":"https:\/\/dutchmicrodosing.com\/fr\/?s={search_term_string}"},"query-input":{"@type":"PropertyValueSpecification","valueRequired":true,"valueName":"search_term_string"}}],"inLanguage":"fr-FR"},{"@type":"Organization","@id":"https:\/\/dutchmicrodosing.com\/fr\/#organization","name":"Dutchmicrodosing","url":"https:\/\/dutchmicrodosing.com\/fr\/","logo":{"@type":"ImageObject","inLanguage":"fr-FR","@id":"https:\/\/dutchmicrodosing.com\/fr\/#\/schema\/logo\/image\/","url":"https:\/\/dutchmicrodosing.com\/wp-content\/uploads\/2021\/01\/microdosing-categorie-pic-nieuw.jpg","contentUrl":"https:\/\/dutchmicrodosing.com\/wp-content\/uploads\/2021\/01\/microdosing-categorie-pic-nieuw.jpg","width":500,"height":500,"caption":"Dutchmicrodosing"},"image":{"@id":"https:\/\/dutchmicrodosing.com\/fr\/#\/schema\/logo\/image\/"},"sameAs":["https:\/\/www.facebook.com\/Dutchmicrodosingxp\/","https:\/\/www.instagram.com\/dutchmicrodosing\/"]}]},"product_price_amount":"17.95","product_price_currency":"EUR","og_availability":"out of stock","product_availability":"out of stock","product_retailer_item_id":"3204180","product_condition":"new"},"_links":{"self":[{"href":"https:\/\/dutchmicrodosing.com\/fr\/wp-json\/wp\/v2\/product\/39097","targetHints":{"allow":["GET"]}}],"collection":[{"href":"https:\/\/dutchmicrodosing.com\/fr\/wp-json\/wp\/v2\/product"}],"about":[{"href":"https:\/\/dutchmicrodosing.com\/fr\/wp-json\/wp\/v2\/types\/product"}],"replies":[{"embeddable":true,"href":"https:\/\/dutchmicrodosing.com\/fr\/wp-json\/wp\/v2\/comments?post=39097"}],"version-history":[{"count":0,"href":"https:\/\/dutchmicrodosing.com\/fr\/wp-json\/wp\/v2\/product\/39097\/revisions"}],"wp:featuredmedia":[{"embeddable":true,"href":"https:\/\/dutchmicrodosing.com\/fr\/wp-json\/wp\/v2\/media\/39112"}],"wp:attachment":[{"href":"https:\/\/dutchmicrodosing.com\/fr\/wp-json\/wp\/v2\/media?parent=39097"}],"wp:term":[{"taxonomy":"product_brand","embeddable":true,"href":"https:\/\/dutchmicrodosing.com\/fr\/wp-json\/wp\/v2\/product_brand?post=39097"},{"taxonomy":"product_cat","embeddable":true,"href":"https:\/\/dutchmicrodosing.com\/fr\/wp-json\/wp\/v2\/product_cat?post=39097"},{"taxonomy":"product_tag","embeddable":true,"href":"https:\/\/dutchmicrodosing.com\/fr\/wp-json\/wp\/v2\/product_tag?post=39097"}],"curies":[{"name":"wp","href":"https:\/\/api.w.org\/{rel}","templated":true}]}}