{"id":39102,"date":"2024-04-26T17:41:49","date_gmt":"2024-04-26T15:41:49","guid":{"rendered":"https:\/\/dutchmicrodosing.com\/shop\/non%20class\u00e9\/jack-frost-liquid-culture-spray\/"},"modified":"2025-08-25T12:07:44","modified_gmt":"2025-08-25T10:07:44","slug":"jack-frost-liquid-culture-spray","status":"publish","type":"product","link":"https:\/\/dutchmicrodosing.com\/fr\/magique-champignon-spores\/seringues-de-culture-liquide\/jack-frost-liquid-culture-spray\/","title":{"rendered":"Seringue pour culture liquide Jack Frost"},"content":{"rendered":"<p>Voici la<strong> seringue de culture liquide<\/strong> Psilocybe Cubensis<strong> Jack Frost<\/strong>! C&rsquo;est la solution pour les d\u00e9butants et les cultivateurs exp\u00e9riment\u00e9s, vous permettant de cultiver sans effort les champignons embl\u00e9matiques Jack Frost. Le champignon Jack Frost est un croisement entre le True Albino Teacher et l&rsquo;Albino Penis Envy. Cet hybride est connu pour son apparence frappante et ses effets puissants. Cette seringue de culture liquide avanc\u00e9e fournit un environnement st\u00e9rile et nutritif qui acc\u00e9l\u00e8re la croissance du myc\u00e9lium, vous permettant d&rsquo;obtenir une r\u00e9colte vigoureuse rapidement et facilement. En bref, le Jack Frost Mushroom Liquid Culture Spray rend la culture de ces champignons magiques \u00e0 la maison accessible \u00e0 tous, avec une facilit\u00e9 et une pr\u00e9cision in\u00e9gal\u00e9es.<\/p>\n<h3>Avantages de l&rsquo;utilisation du pulv\u00e9risateur de culture liquide Jack Frost<\/h3>\n<ul>\n<li>Puret\u00e9 g\u00e9n\u00e9tique<\/li>\n<li>Une vaccination sans effort<\/li>\n<li>Croissance acc\u00e9l\u00e9r\u00e9e<\/li>\n<li>Un \u00e9levage polyvalent<\/li>\n<\/ul>\n<h3>Quel substrat convient \u00e0 la culture du champignon Jack Frost ?<\/h3>\n<p>Pour la culture des champignons Jack Frost, vous pouvez envisager plusieurs options pour le substrat, mais un choix populaire et efficace est un m\u00e9lange de vermiculite et de farine de riz brun. Ce m\u00e9lange offre une combinaison \u00e9quilibr\u00e9e de nutriments, de r\u00e9tention d&rsquo;humidit\u00e9 et d&rsquo;a\u00e9ration, ce qui est b\u00e9n\u00e9fique pour le d\u00e9veloppement des champignons. La vermiculite aide \u00e0 retenir l&rsquo;humidit\u00e9 et assure un bon drainage, tandis que la farine de riz brun est une source de nutriments pour les champignons. Vous pouvez facilement pr\u00e9parer le m\u00e9lange de substrat en m\u00e9langeant \u00e0 parts \u00e9gales de la vermiculite et de la farine de riz brun, puis en l&rsquo;humidifiant jusqu&rsquo;\u00e0 ce qu&rsquo;il atteigne le bon niveau d&rsquo;humidit\u00e9. Une fois le substrat pr\u00e9par\u00e9, vous pouvez ajouter les paddospores pour d\u00e9marrer la croissance.<\/p>\n<h3><strong>Utilisation<\/strong><\/h3>\n<p>Inoculer votre substrat n&rsquo;a jamais \u00e9t\u00e9 aussi facile. Avec une simple injection de culture liquide de champignons Jack Frost, vous pouvez observer le r\u00e9seau myc\u00e9lien se multiplier et transformer votre milieu de culture en une toile sur laquelle les champignons peuvent s&rsquo;\u00e9panouir.<\/p>\n<ol>\n<li><strong>St\u00e9rilisation<\/strong>: St\u00e9rilisez le m\u00e9lange de substrat afin de tuer les bact\u00e9ries et les champignons nuisibles qui pourraient entraver la croissance des champignons. Cela peut se faire en chauffant le m\u00e9lange de substrats dans un autoclave ou en le pasteurisant \u00e0 la vapeur.<\/li>\n<li><strong>Inoculation du<\/strong> substrat : commencez par pr\u00e9parer le substrat, tel que la vermiculite et la farine de riz brun, comme d\u00e9crit pr\u00e9c\u00e9demment. Veillez \u00e0 ce que le substrat soit humide, mais pas d\u00e9tremp\u00e9. Prenez ensuite un suppl\u00e9ment de spores ou un spray de spores de crapauds de Jack Frost.<\/li>\n<li><strong>Processus d&rsquo;inoculation<\/strong>: agitez bien le suppl\u00e9ment de spores ou les seringues contenant les spores de champignons pour vous assurer que les spores sont r\u00e9parties uniform\u00e9ment. Utilisez ensuite une seringue st\u00e9rile pour r\u00e9partir uniform\u00e9ment les spores sur le substrat. Pour ce faire, vous pouvez appliquer de petites quantit\u00e9s de suppl\u00e9ment de spores \u00e0 diff\u00e9rents endroits du substrat.<\/li>\n<li><strong>Incubation<\/strong>: Apr\u00e8s l&rsquo;inoculation du substrat avec les paddospores, il est temps d&rsquo;incuber le substrat. Placez le substrat dans une pi\u00e8ce sombre et chaude, \u00e0 une temp\u00e9rature constante comprise entre 20 et 25 \u00b0C. Cela favorise la colonisation du substrat par les paddospores.<\/li>\n<li><strong>Croissance et r\u00e9colte<\/strong>: Apr\u00e8s quelques semaines, les spores des champignons devraient commencer \u00e0 se coloniser et \u00e0 se d\u00e9velopper en champignons. V\u00e9rifiez r\u00e9guli\u00e8rement l&rsquo;humidit\u00e9 du substrat et tout signe de contamination. Une fois que les champignons sont compl\u00e8tement d\u00e9velopp\u00e9s, ils peuvent \u00eatre r\u00e9colt\u00e9s pour la consommation.<\/li>\n<\/ol>\n<h3>Contenu<\/h3>\n<p>Seringue de 10 ml pour culture liquide de spores Jack Frost<\/p>\n<h3>Conseils de stockage<\/h3>\n<ul>\n<li>Utiliser la culture liquide dans les 2 mois.<\/li>\n<li>Conservez-la au r\u00e9frig\u00e9rateur ou dans un autre endroit frais et sombre.<\/li>\n<li>\u00c9viter l&rsquo;exposition \u00e0 la lumi\u00e8re UV.<\/li>\n<li>Hors de port\u00e9e des enfants.<\/li>\n<\/ul>\n","protected":false},"excerpt":{"rendered":"<p>Voici la seringue de culture liquide Psilocybe Cubensis Jack Frost! C&rsquo;est la solution pour les d\u00e9butants et les cultivateurs exp\u00e9riment\u00e9s, vous permettant de cultiver sans effort les champignons embl\u00e9matiques Jack Frost. Le champignon Jack Frost est un croisement entre le True Albino Teacher et l&rsquo;Albino Penis Envy. Cet hybride est connu pour son apparence frappante [&hellip;]<\/p>\n","protected":false},"featured_media":46283,"comment_status":"closed","ping_status":"closed","template":"","meta":[],"product_brand":[],"product_cat":[358],"product_tag":[],"class_list":{"0":"post-39102","1":"product","2":"type-product","3":"status-publish","4":"has-post-thumbnail","6":"product_cat-seringues-de-culture-liquide","8":"first","9":"instock","10":"taxable","11":"shipping-taxable","12":"purchasable","13":"product-type-simple"},"yoast_head":"<!-- This site is optimized with the Yoast SEO Premium plugin v26.4 (Yoast SEO v27.2) - https:\/\/yoast.com\/product\/yoast-seo-premium-wordpress\/ -->\n<title>Seringue pour culture liquide Jack Frost - Dutchmicrodosing<\/title>\n<meta name=\"description\" content=\"Mystic Fungi Jack Frost Liquid Culture Syringe : Culture facile des champignons Jack Frost pour les d\u00e9butants et les experts. Disponible ici !\" \/>\n<meta name=\"robots\" content=\"index, follow, max-snippet:-1, max-image-preview:large, max-video-preview:-1\" \/>\n<link rel=\"canonical\" href=\"https:\/\/dutchmicrodosing.com\/fr\/magique-champignon-spores\/seringues-de-culture-liquide\/jack-frost-liquid-culture-spray\/\" \/>\n<meta property=\"og:locale\" content=\"fr_FR\" \/>\n<meta property=\"og:type\" content=\"article\" \/>\n<meta property=\"og:title\" content=\"Seringue pour culture liquide Jack Frost\" \/>\n<meta property=\"og:description\" content=\"Voici la seringue de culture liquide Psilocybe Cubensis Jack Frost! C&#039;est la solution pour les d\u00e9butants et les cultivateurs exp\u00e9riment\u00e9s, vous permettant\" \/>\n<meta property=\"og:url\" content=\"https:\/\/dutchmicrodosing.com\/fr\/magique-champignon-spores\/seringues-de-culture-liquide\/jack-frost-liquid-culture-spray\/\" \/>\n<meta property=\"og:site_name\" content=\"Dutchmicrodosing\" \/>\n<meta property=\"article:publisher\" content=\"https:\/\/www.facebook.com\/Dutchmicrodosingxp\/\" \/>\n<meta property=\"article:modified_time\" content=\"2025-08-25T10:07:44+00:00\" \/>\n<meta property=\"og:image\" content=\"https:\/\/dutchmicrodosing.com\/wp-content\/uploads\/2024\/04\/Philosophr-Liquid-culture-packaging-_2_.jpg\" \/>\n\t<meta property=\"og:image:width\" content=\"1512\" \/>\n\t<meta property=\"og:image:height\" content=\"1512\" \/>\n\t<meta property=\"og:image:type\" content=\"image\/jpeg\" \/>\n<meta name=\"twitter:card\" content=\"summary_large_image\" \/>\n<script type=\"application\/ld+json\" class=\"yoast-schema-graph\">{\"@context\":\"https:\/\/schema.org\",\"@graph\":[{\"@type\":\"WebPage\",\"@id\":\"https:\/\/dutchmicrodosing.com\/fr\/magique-champignon-spores\/seringues-de-culture-liquide\/jack-frost-liquid-culture-spray\/\",\"url\":\"https:\/\/dutchmicrodosing.com\/fr\/magique-champignon-spores\/seringues-de-culture-liquide\/jack-frost-liquid-culture-spray\/\",\"name\":\"Seringue pour culture liquide Jack Frost - Dutchmicrodosing\",\"isPartOf\":{\"@id\":\"https:\/\/dutchmicrodosing.com\/fr\/#website\"},\"primaryImageOfPage\":{\"@id\":\"https:\/\/dutchmicrodosing.com\/fr\/magique-champignon-spores\/seringues-de-culture-liquide\/jack-frost-liquid-culture-spray\/#primaryimage\"},\"image\":{\"@id\":\"https:\/\/dutchmicrodosing.com\/fr\/magique-champignon-spores\/seringues-de-culture-liquide\/jack-frost-liquid-culture-spray\/#primaryimage\"},\"thumbnailUrl\":\"https:\/\/dutchmicrodosing.com\/wp-content\/uploads\/2024\/04\/Philosophr-Liquid-culture-packaging-_2_.jpg\",\"datePublished\":\"2024-04-26T15:41:49+00:00\",\"dateModified\":\"2025-08-25T10:07:44+00:00\",\"description\":\"Mystic Fungi Jack Frost Liquid Culture Syringe : Culture facile des champignons Jack Frost pour les d\u00e9butants et les experts. Disponible ici !\",\"breadcrumb\":{\"@id\":\"https:\/\/dutchmicrodosing.com\/fr\/magique-champignon-spores\/seringues-de-culture-liquide\/jack-frost-liquid-culture-spray\/#breadcrumb\"},\"inLanguage\":\"fr-FR\",\"potentialAction\":[{\"@type\":\"ReadAction\",\"target\":[\"https:\/\/dutchmicrodosing.com\/fr\/magique-champignon-spores\/seringues-de-culture-liquide\/jack-frost-liquid-culture-spray\/\"]}]},{\"@type\":\"ImageObject\",\"inLanguage\":\"fr-FR\",\"@id\":\"https:\/\/dutchmicrodosing.com\/fr\/magique-champignon-spores\/seringues-de-culture-liquide\/jack-frost-liquid-culture-spray\/#primaryimage\",\"url\":\"https:\/\/dutchmicrodosing.com\/wp-content\/uploads\/2024\/04\/Philosophr-Liquid-culture-packaging-_2_.jpg\",\"contentUrl\":\"https:\/\/dutchmicrodosing.com\/wp-content\/uploads\/2024\/04\/Philosophr-Liquid-culture-packaging-_2_.jpg\",\"width\":1512,\"height\":1512},{\"@type\":\"BreadcrumbList\",\"@id\":\"https:\/\/dutchmicrodosing.com\/fr\/magique-champignon-spores\/seringues-de-culture-liquide\/jack-frost-liquid-culture-spray\/#breadcrumb\",\"itemListElement\":[{\"@type\":\"ListItem\",\"position\":1,\"name\":\"Home\",\"item\":\"https:\/\/dutchmicrodosing.com\/fr\/\"},{\"@type\":\"ListItem\",\"position\":2,\"name\":\"Boutique\",\"item\":\"https:\/\/dutchmicrodosing.com\/fr\/boutique\/\"},{\"@type\":\"ListItem\",\"position\":3,\"name\":\"Seringue pour culture liquide Jack Frost\"}]},{\"@type\":\"WebSite\",\"@id\":\"https:\/\/dutchmicrodosing.com\/fr\/#website\",\"url\":\"https:\/\/dutchmicrodosing.com\/fr\/\",\"name\":\"Dutchmicrodosing\",\"description\":\"\",\"publisher\":{\"@id\":\"https:\/\/dutchmicrodosing.com\/fr\/#organization\"},\"potentialAction\":[{\"@type\":\"SearchAction\",\"target\":{\"@type\":\"EntryPoint\",\"urlTemplate\":\"https:\/\/dutchmicrodosing.com\/fr\/?s={search_term_string}\"},\"query-input\":{\"@type\":\"PropertyValueSpecification\",\"valueRequired\":true,\"valueName\":\"search_term_string\"}}],\"inLanguage\":\"fr-FR\"},{\"@type\":\"Organization\",\"@id\":\"https:\/\/dutchmicrodosing.com\/fr\/#organization\",\"name\":\"Dutchmicrodosing\",\"url\":\"https:\/\/dutchmicrodosing.com\/fr\/\",\"logo\":{\"@type\":\"ImageObject\",\"inLanguage\":\"fr-FR\",\"@id\":\"https:\/\/dutchmicrodosing.com\/fr\/#\/schema\/logo\/image\/\",\"url\":\"https:\/\/dutchmicrodosing.com\/wp-content\/uploads\/2021\/01\/microdosing-categorie-pic-nieuw.jpg\",\"contentUrl\":\"https:\/\/dutchmicrodosing.com\/wp-content\/uploads\/2021\/01\/microdosing-categorie-pic-nieuw.jpg\",\"width\":500,\"height\":500,\"caption\":\"Dutchmicrodosing\"},\"image\":{\"@id\":\"https:\/\/dutchmicrodosing.com\/fr\/#\/schema\/logo\/image\/\"},\"sameAs\":[\"https:\/\/www.facebook.com\/Dutchmicrodosingxp\/\",\"https:\/\/www.instagram.com\/dutchmicrodosing\/\"]}]}<\/script>\n<meta property=\"product:price:amount\" content=\"18.95\" \/>\n<meta property=\"product:price:currency\" content=\"EUR\" \/>\n<meta property=\"og:availability\" content=\"instock\" \/>\n<meta property=\"product:availability\" content=\"instock\" \/>\n<meta property=\"product:retailer_item_id\" content=\"4204561\" \/>\n<meta property=\"product:condition\" content=\"new\" \/>\n<!-- \/ Yoast SEO Premium plugin. -->","yoast_head_json":{"title":"Seringue pour culture liquide Jack Frost - Dutchmicrodosing","description":"Mystic Fungi Jack Frost Liquid Culture Syringe : Culture facile des champignons Jack Frost pour les d\u00e9butants et les experts. Disponible ici !","robots":{"index":"index","follow":"follow","max-snippet":"max-snippet:-1","max-image-preview":"max-image-preview:large","max-video-preview":"max-video-preview:-1"},"canonical":"https:\/\/dutchmicrodosing.com\/fr\/magique-champignon-spores\/seringues-de-culture-liquide\/jack-frost-liquid-culture-spray\/","og_locale":"fr_FR","og_type":"article","og_title":"Seringue pour culture liquide Jack Frost","og_description":"Voici la seringue de culture liquide Psilocybe Cubensis Jack Frost! C'est la solution pour les d\u00e9butants et les cultivateurs exp\u00e9riment\u00e9s, vous permettant","og_url":"https:\/\/dutchmicrodosing.com\/fr\/magique-champignon-spores\/seringues-de-culture-liquide\/jack-frost-liquid-culture-spray\/","og_site_name":"Dutchmicrodosing","article_publisher":"https:\/\/www.facebook.com\/Dutchmicrodosingxp\/","article_modified_time":"2025-08-25T10:07:44+00:00","og_image":[{"width":1512,"height":1512,"url":"https:\/\/dutchmicrodosing.com\/wp-content\/uploads\/2024\/04\/Philosophr-Liquid-culture-packaging-_2_.jpg","type":"image\/jpeg"}],"twitter_card":"summary_large_image","schema":{"@context":"https:\/\/schema.org","@graph":[{"@type":"WebPage","@id":"https:\/\/dutchmicrodosing.com\/fr\/magique-champignon-spores\/seringues-de-culture-liquide\/jack-frost-liquid-culture-spray\/","url":"https:\/\/dutchmicrodosing.com\/fr\/magique-champignon-spores\/seringues-de-culture-liquide\/jack-frost-liquid-culture-spray\/","name":"Seringue pour culture liquide Jack Frost - Dutchmicrodosing","isPartOf":{"@id":"https:\/\/dutchmicrodosing.com\/fr\/#website"},"primaryImageOfPage":{"@id":"https:\/\/dutchmicrodosing.com\/fr\/magique-champignon-spores\/seringues-de-culture-liquide\/jack-frost-liquid-culture-spray\/#primaryimage"},"image":{"@id":"https:\/\/dutchmicrodosing.com\/fr\/magique-champignon-spores\/seringues-de-culture-liquide\/jack-frost-liquid-culture-spray\/#primaryimage"},"thumbnailUrl":"https:\/\/dutchmicrodosing.com\/wp-content\/uploads\/2024\/04\/Philosophr-Liquid-culture-packaging-_2_.jpg","datePublished":"2024-04-26T15:41:49+00:00","dateModified":"2025-08-25T10:07:44+00:00","description":"Mystic Fungi Jack Frost Liquid Culture Syringe : Culture facile des champignons Jack Frost pour les d\u00e9butants et les experts. Disponible ici !","breadcrumb":{"@id":"https:\/\/dutchmicrodosing.com\/fr\/magique-champignon-spores\/seringues-de-culture-liquide\/jack-frost-liquid-culture-spray\/#breadcrumb"},"inLanguage":"fr-FR","potentialAction":[{"@type":"ReadAction","target":["https:\/\/dutchmicrodosing.com\/fr\/magique-champignon-spores\/seringues-de-culture-liquide\/jack-frost-liquid-culture-spray\/"]}]},{"@type":"ImageObject","inLanguage":"fr-FR","@id":"https:\/\/dutchmicrodosing.com\/fr\/magique-champignon-spores\/seringues-de-culture-liquide\/jack-frost-liquid-culture-spray\/#primaryimage","url":"https:\/\/dutchmicrodosing.com\/wp-content\/uploads\/2024\/04\/Philosophr-Liquid-culture-packaging-_2_.jpg","contentUrl":"https:\/\/dutchmicrodosing.com\/wp-content\/uploads\/2024\/04\/Philosophr-Liquid-culture-packaging-_2_.jpg","width":1512,"height":1512},{"@type":"BreadcrumbList","@id":"https:\/\/dutchmicrodosing.com\/fr\/magique-champignon-spores\/seringues-de-culture-liquide\/jack-frost-liquid-culture-spray\/#breadcrumb","itemListElement":[{"@type":"ListItem","position":1,"name":"Home","item":"https:\/\/dutchmicrodosing.com\/fr\/"},{"@type":"ListItem","position":2,"name":"Boutique","item":"https:\/\/dutchmicrodosing.com\/fr\/boutique\/"},{"@type":"ListItem","position":3,"name":"Seringue pour culture liquide Jack Frost"}]},{"@type":"WebSite","@id":"https:\/\/dutchmicrodosing.com\/fr\/#website","url":"https:\/\/dutchmicrodosing.com\/fr\/","name":"Dutchmicrodosing","description":"","publisher":{"@id":"https:\/\/dutchmicrodosing.com\/fr\/#organization"},"potentialAction":[{"@type":"SearchAction","target":{"@type":"EntryPoint","urlTemplate":"https:\/\/dutchmicrodosing.com\/fr\/?s={search_term_string}"},"query-input":{"@type":"PropertyValueSpecification","valueRequired":true,"valueName":"search_term_string"}}],"inLanguage":"fr-FR"},{"@type":"Organization","@id":"https:\/\/dutchmicrodosing.com\/fr\/#organization","name":"Dutchmicrodosing","url":"https:\/\/dutchmicrodosing.com\/fr\/","logo":{"@type":"ImageObject","inLanguage":"fr-FR","@id":"https:\/\/dutchmicrodosing.com\/fr\/#\/schema\/logo\/image\/","url":"https:\/\/dutchmicrodosing.com\/wp-content\/uploads\/2021\/01\/microdosing-categorie-pic-nieuw.jpg","contentUrl":"https:\/\/dutchmicrodosing.com\/wp-content\/uploads\/2021\/01\/microdosing-categorie-pic-nieuw.jpg","width":500,"height":500,"caption":"Dutchmicrodosing"},"image":{"@id":"https:\/\/dutchmicrodosing.com\/fr\/#\/schema\/logo\/image\/"},"sameAs":["https:\/\/www.facebook.com\/Dutchmicrodosingxp\/","https:\/\/www.instagram.com\/dutchmicrodosing\/"]}]},"product_price_amount":"18.95","product_price_currency":"EUR","og_availability":"instock","product_availability":"instock","product_retailer_item_id":"4204561","product_condition":"new"},"_links":{"self":[{"href":"https:\/\/dutchmicrodosing.com\/fr\/wp-json\/wp\/v2\/product\/39102","targetHints":{"allow":["GET"]}}],"collection":[{"href":"https:\/\/dutchmicrodosing.com\/fr\/wp-json\/wp\/v2\/product"}],"about":[{"href":"https:\/\/dutchmicrodosing.com\/fr\/wp-json\/wp\/v2\/types\/product"}],"replies":[{"embeddable":true,"href":"https:\/\/dutchmicrodosing.com\/fr\/wp-json\/wp\/v2\/comments?post=39102"}],"version-history":[{"count":0,"href":"https:\/\/dutchmicrodosing.com\/fr\/wp-json\/wp\/v2\/product\/39102\/revisions"}],"wp:featuredmedia":[{"embeddable":true,"href":"https:\/\/dutchmicrodosing.com\/fr\/wp-json\/wp\/v2\/media\/46283"}],"wp:attachment":[{"href":"https:\/\/dutchmicrodosing.com\/fr\/wp-json\/wp\/v2\/media?parent=39102"}],"wp:term":[{"taxonomy":"product_brand","embeddable":true,"href":"https:\/\/dutchmicrodosing.com\/fr\/wp-json\/wp\/v2\/product_brand?post=39102"},{"taxonomy":"product_cat","embeddable":true,"href":"https:\/\/dutchmicrodosing.com\/fr\/wp-json\/wp\/v2\/product_cat?post=39102"},{"taxonomy":"product_tag","embeddable":true,"href":"https:\/\/dutchmicrodosing.com\/fr\/wp-json\/wp\/v2\/product_tag?post=39102"}],"curies":[{"name":"wp","href":"https:\/\/api.w.org\/{rel}","templated":true}]}}