{"id":39120,"date":"2024-05-12T10:23:11","date_gmt":"2024-05-12T08:23:11","guid":{"rendered":"https:\/\/dutchmicrodosing.com\/shop\/non%20class\u00e9\/bouteille-golden-teacher-track\/"},"modified":"2025-08-31T09:02:26","modified_gmt":"2025-08-31T07:02:26","slug":"bouteille-golden-teacher-track","status":"publish","type":"product","link":"https:\/\/dutchmicrodosing.com\/fr\/magique-champignon-spores\/bouteilles-ampoules-de-spores\/bouteille-golden-teacher-track\/","title":{"rendered":"Enseignant d&rsquo;or Bouteille tra\u00e7ante"},"content":{"rendered":"<p>Le<strong> flacon Golden Teacher Trace <\/strong>est connu pour sa puissance et les exp\u00e9riences profondes qu&rsquo;il peut offrir. Cette vari\u00e9t\u00e9 est souvent appr\u00e9ci\u00e9e pour les id\u00e9es \u00e9clairantes et les hallucinations visuelles puissantes qu&rsquo;elle peut induire. Avec sa r\u00e9putation de transmettre une \u00ab\u00a0connaissance en or\u00a0\u00bb, il est un choix populaire parmi les utilisateurs exp\u00e9riment\u00e9s de champignons \u00e0 psilocybine.<\/p>\n<p>Les effets du Golden Teacher comprennent des exp\u00e9riences visuelles intenses, une \u00e9nergie physique accrue et une tendance \u00e0 la pens\u00e9e philosophique, ce qui peut conduire \u00e0 une r\u00e9flexion profonde sur soi et \u00e0 la perspicacit\u00e9. Cela en fait un choix appropri\u00e9 pour ceux qui ont d\u00e9j\u00e0 une exp\u00e9rience des psych\u00e9d\u00e9liques et qui souhaitent explorer davantage ce que ces substances ont \u00e0 offrir.<\/p>\n<h2>Effets du flacon Mondo Golden Teacher Trace<\/h2>\n<p>Les effets des champignons magiques Golden Teacher sont : des effets visuels puissants, une cr\u00e9ativit\u00e9 accrue, des coups de fou rire, un affinement de vos sens. Apr\u00e8s l&rsquo;ingestion, les premiers effets seront perceptibles environ 45 minutes plus tard. Un voyage avec les champignons magiques Golden Teacher peut facilement durer de 4 \u00e0 8 heures.<\/p>\n<h2>Informations sur la culture Mondo Golden Teacher Spore bottle<\/h2>\n<ul>\n<li>Difficult\u00e9 de culture : Facile<\/li>\n<li>Substrat : Fumier, paille, diverses c\u00e9r\u00e9ales<\/li>\n<li>Temps de colonisation : 12-14 jours<\/li>\n<li>Temp\u00e9rature de colonisation : 28-30 degr\u00e9s Celsius<\/li>\n<li>Temp\u00e9rature des fruits : 23-26 degr\u00e9s Celsius<\/li>\n<li>Seulement 3 millilitres de solution de spores sont n\u00e9cessaires pour coloniser 1 litre de substrat.<\/li>\n<\/ul>\n<h2>Combien de Golden Teacher Shrooms devez-vous prendre ?<\/h2>\n<p>En moyenne, vous pouvez supposer les quantit\u00e9s suivantes :<\/p>\n<ul>\n<li>Microdosage : 0,2 gramme de champignons s\u00e9ch\u00e9s | 2 grammes de champignons frais<\/li>\n<li>Voyage doux : 1 gramme de champignons s\u00e9ch\u00e9s | 10 grammes de champignons frais<\/li>\n<li>Voyage normal : 2 grammes de champignons s\u00e9ch\u00e9s | 20 grammes de champignons frais<\/li>\n<li>Voyage intense : 3 grammes de champignons s\u00e9ch\u00e9s | 30 grammes de champignons frais<\/li>\n<\/ul>\n<h2>Comment pr\u00e9parer mon flacon Mondo Golden Teacher Trace ?<\/h2>\n<p>Avant de commencer \u00e0 injecter vos spores, vous devez d&rsquo;abord cr\u00e9er un substrat dans un bac de culture ou un sac o\u00f9 vous d\u00e9poserez ces spores. Les flacons de spores st\u00e9riles Mondo sont tr\u00e8s faciles \u00e0 utiliser.<\/p>\n<ol>\n<li>Mettez des gants et un masque buccal<\/li>\n<li>Agitez vigoureusement la fiole de spores d&rsquo;avant en arri\u00e8re<\/li>\n<li>D\u00e9ballez l&rsquo;aiguille d&rsquo;injection et ins\u00e9rez l&rsquo;aiguille \u00e0 travers la membrane en caoutchouc.<\/li>\n<li>Aspirez doucement le liquide dans la seringue.<\/li>\n<li>Inclure un conteneur ou un sac de culture avec le substrat<\/li>\n<li>Apr\u00e8s avoir rempli la seringue, appuyez lentement sur le piston et laissez tomber chaque goutte dispers\u00e9e sur le substrat. L&rsquo;endroit o\u00f9 la goutte tombe sur le substrat est un point de croissance potentiel du myc\u00e9lium. En le divisant, vous optimiserez la colonisation.<\/li>\n<\/ol>\n<h2>Contenu de votre bouteille Mondo Golden Teacher Trace<\/h2>\n<ul>\n<li>1 flacon de spores contient plusieurs millions de spores dissoutes dans 10 ml d&rsquo;eau st\u00e9rile.<\/li>\n<li>1 seringue st\u00e9rile de 20 ml<\/li>\n<li>2 x lingettes alcoolis\u00e9es<\/li>\n<\/ul>\n<h2>Conservez votre bouteille Mondo Golden Teacher Trace<\/h2>\n<p>Comme il s&rsquo;agit d&rsquo;un produit sensible, nous vous recommandons de placer le flacon de spores dans le r\u00e9frig\u00e9rateur \u00e0 une temp\u00e9rature comprise entre 2 et 8 degr\u00e9s imm\u00e9diatement apr\u00e8s r\u00e9ception et pendant 24 heures avant de l&rsquo;utiliser.<\/p>\n","protected":false},"excerpt":{"rendered":"<p>Le flacon Golden Teacher Trace est connu pour sa puissance et les exp\u00e9riences profondes qu&rsquo;il peut offrir. Cette vari\u00e9t\u00e9 est souvent appr\u00e9ci\u00e9e pour les id\u00e9es \u00e9clairantes et les hallucinations visuelles puissantes qu&rsquo;elle peut induire. Avec sa r\u00e9putation de transmettre une \u00ab\u00a0connaissance en or\u00a0\u00bb, il est un choix populaire parmi les utilisateurs exp\u00e9riment\u00e9s de champignons \u00e0 [&hellip;]<\/p>\n","protected":false},"featured_media":39112,"comment_status":"closed","ping_status":"closed","template":"","meta":[],"product_brand":[],"product_cat":[353],"product_tag":[],"class_list":{"0":"post-39120","1":"product","2":"type-product","3":"status-publish","4":"has-post-thumbnail","6":"product_cat-bouteilles-ampoules-de-spores","8":"first","9":"instock","10":"taxable","11":"shipping-taxable","12":"purchasable","13":"product-type-simple"},"yoast_head":"<!-- This site is optimized with the Yoast SEO Premium plugin v26.4 (Yoast SEO v27.2) - https:\/\/yoast.com\/product\/yoast-seo-premium-wordpress\/ -->\n<title>Enseignant d&#039;or Bouteille tra\u00e7ante - Dutchmicrodosing<\/title>\n<meta name=\"description\" content=\"D\u00e9couvrez la magie des champignons Golden Teacher. Parfait pour les cultivateurs amateurs \u00e0 la recherche de spores de champignons \u00e0 psilocybine de haute qualit\u00e9 !\" \/>\n<meta name=\"robots\" content=\"index, follow, max-snippet:-1, max-image-preview:large, max-video-preview:-1\" \/>\n<link rel=\"canonical\" href=\"https:\/\/dutchmicrodosing.com\/fr\/magique-champignon-spores\/bouteilles-ampoules-de-spores\/bouteille-golden-teacher-track\/\" \/>\n<meta property=\"og:locale\" content=\"fr_FR\" \/>\n<meta property=\"og:type\" content=\"article\" \/>\n<meta property=\"og:title\" content=\"Enseignant d&#039;or Bouteille tra\u00e7ante\" \/>\n<meta property=\"og:description\" content=\"Le flacon Golden Teacher Trace est connu pour sa puissance et les exp\u00e9riences profondes qu&#039;il peut offrir. Cette vari\u00e9t\u00e9 est souvent appr\u00e9ci\u00e9e pour les\" \/>\n<meta property=\"og:url\" content=\"https:\/\/dutchmicrodosing.com\/fr\/magique-champignon-spores\/bouteilles-ampoules-de-spores\/bouteille-golden-teacher-track\/\" \/>\n<meta property=\"og:site_name\" content=\"Dutchmicrodosing\" \/>\n<meta property=\"article:publisher\" content=\"https:\/\/www.facebook.com\/Dutchmicrodosingxp\/\" \/>\n<meta property=\"article:modified_time\" content=\"2025-08-31T07:02:26+00:00\" \/>\n<meta property=\"og:image\" content=\"https:\/\/dutchmicrodosing.com\/wp-content\/uploads\/2024\/05\/sporemate-mondo-vial-psilocybe-cubensis-golden-teacher.jpg\" \/>\n\t<meta property=\"og:image:width\" content=\"600\" \/>\n\t<meta property=\"og:image:height\" content=\"600\" \/>\n\t<meta property=\"og:image:type\" content=\"image\/jpeg\" \/>\n<meta name=\"twitter:card\" content=\"summary_large_image\" \/>\n<script type=\"application\/ld+json\" class=\"yoast-schema-graph\">{\"@context\":\"https:\/\/schema.org\",\"@graph\":[{\"@type\":\"WebPage\",\"@id\":\"https:\/\/dutchmicrodosing.com\/fr\/magique-champignon-spores\/bouteilles-ampoules-de-spores\/bouteille-golden-teacher-track\/\",\"url\":\"https:\/\/dutchmicrodosing.com\/fr\/magique-champignon-spores\/bouteilles-ampoules-de-spores\/bouteille-golden-teacher-track\/\",\"name\":\"Enseignant d'or Bouteille tra\u00e7ante - Dutchmicrodosing\",\"isPartOf\":{\"@id\":\"https:\/\/dutchmicrodosing.com\/fr\/#website\"},\"primaryImageOfPage\":{\"@id\":\"https:\/\/dutchmicrodosing.com\/fr\/magique-champignon-spores\/bouteilles-ampoules-de-spores\/bouteille-golden-teacher-track\/#primaryimage\"},\"image\":{\"@id\":\"https:\/\/dutchmicrodosing.com\/fr\/magique-champignon-spores\/bouteilles-ampoules-de-spores\/bouteille-golden-teacher-track\/#primaryimage\"},\"thumbnailUrl\":\"https:\/\/dutchmicrodosing.com\/wp-content\/uploads\/2024\/05\/sporemate-mondo-vial-psilocybe-cubensis-golden-teacher.jpg\",\"datePublished\":\"2024-05-12T08:23:11+00:00\",\"dateModified\":\"2025-08-31T07:02:26+00:00\",\"description\":\"D\u00e9couvrez la magie des champignons Golden Teacher. Parfait pour les cultivateurs amateurs \u00e0 la recherche de spores de champignons \u00e0 psilocybine de haute qualit\u00e9 !\",\"breadcrumb\":{\"@id\":\"https:\/\/dutchmicrodosing.com\/fr\/magique-champignon-spores\/bouteilles-ampoules-de-spores\/bouteille-golden-teacher-track\/#breadcrumb\"},\"inLanguage\":\"fr-FR\",\"potentialAction\":[{\"@type\":\"ReadAction\",\"target\":[\"https:\/\/dutchmicrodosing.com\/fr\/magique-champignon-spores\/bouteilles-ampoules-de-spores\/bouteille-golden-teacher-track\/\"]}]},{\"@type\":\"ImageObject\",\"inLanguage\":\"fr-FR\",\"@id\":\"https:\/\/dutchmicrodosing.com\/fr\/magique-champignon-spores\/bouteilles-ampoules-de-spores\/bouteille-golden-teacher-track\/#primaryimage\",\"url\":\"https:\/\/dutchmicrodosing.com\/wp-content\/uploads\/2024\/05\/sporemate-mondo-vial-psilocybe-cubensis-golden-teacher.jpg\",\"contentUrl\":\"https:\/\/dutchmicrodosing.com\/wp-content\/uploads\/2024\/05\/sporemate-mondo-vial-psilocybe-cubensis-golden-teacher.jpg\",\"width\":600,\"height\":600},{\"@type\":\"BreadcrumbList\",\"@id\":\"https:\/\/dutchmicrodosing.com\/fr\/magique-champignon-spores\/bouteilles-ampoules-de-spores\/bouteille-golden-teacher-track\/#breadcrumb\",\"itemListElement\":[{\"@type\":\"ListItem\",\"position\":1,\"name\":\"Home\",\"item\":\"https:\/\/dutchmicrodosing.com\/fr\/\"},{\"@type\":\"ListItem\",\"position\":2,\"name\":\"Boutique\",\"item\":\"https:\/\/dutchmicrodosing.com\/fr\/boutique\/\"},{\"@type\":\"ListItem\",\"position\":3,\"name\":\"Enseignant d&rsquo;or Bouteille tra\u00e7ante\"}]},{\"@type\":\"WebSite\",\"@id\":\"https:\/\/dutchmicrodosing.com\/fr\/#website\",\"url\":\"https:\/\/dutchmicrodosing.com\/fr\/\",\"name\":\"Dutchmicrodosing\",\"description\":\"\",\"publisher\":{\"@id\":\"https:\/\/dutchmicrodosing.com\/fr\/#organization\"},\"potentialAction\":[{\"@type\":\"SearchAction\",\"target\":{\"@type\":\"EntryPoint\",\"urlTemplate\":\"https:\/\/dutchmicrodosing.com\/fr\/?s={search_term_string}\"},\"query-input\":{\"@type\":\"PropertyValueSpecification\",\"valueRequired\":true,\"valueName\":\"search_term_string\"}}],\"inLanguage\":\"fr-FR\"},{\"@type\":\"Organization\",\"@id\":\"https:\/\/dutchmicrodosing.com\/fr\/#organization\",\"name\":\"Dutchmicrodosing\",\"url\":\"https:\/\/dutchmicrodosing.com\/fr\/\",\"logo\":{\"@type\":\"ImageObject\",\"inLanguage\":\"fr-FR\",\"@id\":\"https:\/\/dutchmicrodosing.com\/fr\/#\/schema\/logo\/image\/\",\"url\":\"https:\/\/dutchmicrodosing.com\/wp-content\/uploads\/2021\/01\/microdosing-categorie-pic-nieuw.jpg\",\"contentUrl\":\"https:\/\/dutchmicrodosing.com\/wp-content\/uploads\/2021\/01\/microdosing-categorie-pic-nieuw.jpg\",\"width\":500,\"height\":500,\"caption\":\"Dutchmicrodosing\"},\"image\":{\"@id\":\"https:\/\/dutchmicrodosing.com\/fr\/#\/schema\/logo\/image\/\"},\"sameAs\":[\"https:\/\/www.facebook.com\/Dutchmicrodosingxp\/\",\"https:\/\/www.instagram.com\/dutchmicrodosing\/\"]}]}<\/script>\n<meta property=\"product:price:amount\" content=\"17.95\" \/>\n<meta property=\"product:price:currency\" content=\"EUR\" \/>\n<meta property=\"og:availability\" content=\"instock\" \/>\n<meta property=\"product:availability\" content=\"instock\" \/>\n<meta property=\"product:retailer_item_id\" content=\"0212786\" \/>\n<meta property=\"product:condition\" content=\"new\" \/>\n<!-- \/ Yoast SEO Premium plugin. -->","yoast_head_json":{"title":"Enseignant d'or Bouteille tra\u00e7ante - Dutchmicrodosing","description":"D\u00e9couvrez la magie des champignons Golden Teacher. Parfait pour les cultivateurs amateurs \u00e0 la recherche de spores de champignons \u00e0 psilocybine de haute qualit\u00e9 !","robots":{"index":"index","follow":"follow","max-snippet":"max-snippet:-1","max-image-preview":"max-image-preview:large","max-video-preview":"max-video-preview:-1"},"canonical":"https:\/\/dutchmicrodosing.com\/fr\/magique-champignon-spores\/bouteilles-ampoules-de-spores\/bouteille-golden-teacher-track\/","og_locale":"fr_FR","og_type":"article","og_title":"Enseignant d'or Bouteille tra\u00e7ante","og_description":"Le flacon Golden Teacher Trace est connu pour sa puissance et les exp\u00e9riences profondes qu'il peut offrir. Cette vari\u00e9t\u00e9 est souvent appr\u00e9ci\u00e9e pour les","og_url":"https:\/\/dutchmicrodosing.com\/fr\/magique-champignon-spores\/bouteilles-ampoules-de-spores\/bouteille-golden-teacher-track\/","og_site_name":"Dutchmicrodosing","article_publisher":"https:\/\/www.facebook.com\/Dutchmicrodosingxp\/","article_modified_time":"2025-08-31T07:02:26+00:00","og_image":[{"width":600,"height":600,"url":"https:\/\/dutchmicrodosing.com\/wp-content\/uploads\/2024\/05\/sporemate-mondo-vial-psilocybe-cubensis-golden-teacher.jpg","type":"image\/jpeg"}],"twitter_card":"summary_large_image","schema":{"@context":"https:\/\/schema.org","@graph":[{"@type":"WebPage","@id":"https:\/\/dutchmicrodosing.com\/fr\/magique-champignon-spores\/bouteilles-ampoules-de-spores\/bouteille-golden-teacher-track\/","url":"https:\/\/dutchmicrodosing.com\/fr\/magique-champignon-spores\/bouteilles-ampoules-de-spores\/bouteille-golden-teacher-track\/","name":"Enseignant d'or Bouteille tra\u00e7ante - Dutchmicrodosing","isPartOf":{"@id":"https:\/\/dutchmicrodosing.com\/fr\/#website"},"primaryImageOfPage":{"@id":"https:\/\/dutchmicrodosing.com\/fr\/magique-champignon-spores\/bouteilles-ampoules-de-spores\/bouteille-golden-teacher-track\/#primaryimage"},"image":{"@id":"https:\/\/dutchmicrodosing.com\/fr\/magique-champignon-spores\/bouteilles-ampoules-de-spores\/bouteille-golden-teacher-track\/#primaryimage"},"thumbnailUrl":"https:\/\/dutchmicrodosing.com\/wp-content\/uploads\/2024\/05\/sporemate-mondo-vial-psilocybe-cubensis-golden-teacher.jpg","datePublished":"2024-05-12T08:23:11+00:00","dateModified":"2025-08-31T07:02:26+00:00","description":"D\u00e9couvrez la magie des champignons Golden Teacher. Parfait pour les cultivateurs amateurs \u00e0 la recherche de spores de champignons \u00e0 psilocybine de haute qualit\u00e9 !","breadcrumb":{"@id":"https:\/\/dutchmicrodosing.com\/fr\/magique-champignon-spores\/bouteilles-ampoules-de-spores\/bouteille-golden-teacher-track\/#breadcrumb"},"inLanguage":"fr-FR","potentialAction":[{"@type":"ReadAction","target":["https:\/\/dutchmicrodosing.com\/fr\/magique-champignon-spores\/bouteilles-ampoules-de-spores\/bouteille-golden-teacher-track\/"]}]},{"@type":"ImageObject","inLanguage":"fr-FR","@id":"https:\/\/dutchmicrodosing.com\/fr\/magique-champignon-spores\/bouteilles-ampoules-de-spores\/bouteille-golden-teacher-track\/#primaryimage","url":"https:\/\/dutchmicrodosing.com\/wp-content\/uploads\/2024\/05\/sporemate-mondo-vial-psilocybe-cubensis-golden-teacher.jpg","contentUrl":"https:\/\/dutchmicrodosing.com\/wp-content\/uploads\/2024\/05\/sporemate-mondo-vial-psilocybe-cubensis-golden-teacher.jpg","width":600,"height":600},{"@type":"BreadcrumbList","@id":"https:\/\/dutchmicrodosing.com\/fr\/magique-champignon-spores\/bouteilles-ampoules-de-spores\/bouteille-golden-teacher-track\/#breadcrumb","itemListElement":[{"@type":"ListItem","position":1,"name":"Home","item":"https:\/\/dutchmicrodosing.com\/fr\/"},{"@type":"ListItem","position":2,"name":"Boutique","item":"https:\/\/dutchmicrodosing.com\/fr\/boutique\/"},{"@type":"ListItem","position":3,"name":"Enseignant d&rsquo;or Bouteille tra\u00e7ante"}]},{"@type":"WebSite","@id":"https:\/\/dutchmicrodosing.com\/fr\/#website","url":"https:\/\/dutchmicrodosing.com\/fr\/","name":"Dutchmicrodosing","description":"","publisher":{"@id":"https:\/\/dutchmicrodosing.com\/fr\/#organization"},"potentialAction":[{"@type":"SearchAction","target":{"@type":"EntryPoint","urlTemplate":"https:\/\/dutchmicrodosing.com\/fr\/?s={search_term_string}"},"query-input":{"@type":"PropertyValueSpecification","valueRequired":true,"valueName":"search_term_string"}}],"inLanguage":"fr-FR"},{"@type":"Organization","@id":"https:\/\/dutchmicrodosing.com\/fr\/#organization","name":"Dutchmicrodosing","url":"https:\/\/dutchmicrodosing.com\/fr\/","logo":{"@type":"ImageObject","inLanguage":"fr-FR","@id":"https:\/\/dutchmicrodosing.com\/fr\/#\/schema\/logo\/image\/","url":"https:\/\/dutchmicrodosing.com\/wp-content\/uploads\/2021\/01\/microdosing-categorie-pic-nieuw.jpg","contentUrl":"https:\/\/dutchmicrodosing.com\/wp-content\/uploads\/2021\/01\/microdosing-categorie-pic-nieuw.jpg","width":500,"height":500,"caption":"Dutchmicrodosing"},"image":{"@id":"https:\/\/dutchmicrodosing.com\/fr\/#\/schema\/logo\/image\/"},"sameAs":["https:\/\/www.facebook.com\/Dutchmicrodosingxp\/","https:\/\/www.instagram.com\/dutchmicrodosing\/"]}]},"product_price_amount":"17.95","product_price_currency":"EUR","og_availability":"instock","product_availability":"instock","product_retailer_item_id":"0212786","product_condition":"new"},"_links":{"self":[{"href":"https:\/\/dutchmicrodosing.com\/fr\/wp-json\/wp\/v2\/product\/39120","targetHints":{"allow":["GET"]}}],"collection":[{"href":"https:\/\/dutchmicrodosing.com\/fr\/wp-json\/wp\/v2\/product"}],"about":[{"href":"https:\/\/dutchmicrodosing.com\/fr\/wp-json\/wp\/v2\/types\/product"}],"replies":[{"embeddable":true,"href":"https:\/\/dutchmicrodosing.com\/fr\/wp-json\/wp\/v2\/comments?post=39120"}],"version-history":[{"count":0,"href":"https:\/\/dutchmicrodosing.com\/fr\/wp-json\/wp\/v2\/product\/39120\/revisions"}],"wp:featuredmedia":[{"embeddable":true,"href":"https:\/\/dutchmicrodosing.com\/fr\/wp-json\/wp\/v2\/media\/39112"}],"wp:attachment":[{"href":"https:\/\/dutchmicrodosing.com\/fr\/wp-json\/wp\/v2\/media?parent=39120"}],"wp:term":[{"taxonomy":"product_brand","embeddable":true,"href":"https:\/\/dutchmicrodosing.com\/fr\/wp-json\/wp\/v2\/product_brand?post=39120"},{"taxonomy":"product_cat","embeddable":true,"href":"https:\/\/dutchmicrodosing.com\/fr\/wp-json\/wp\/v2\/product_cat?post=39120"},{"taxonomy":"product_tag","embeddable":true,"href":"https:\/\/dutchmicrodosing.com\/fr\/wp-json\/wp\/v2\/product_tag?post=39120"}],"curies":[{"name":"wp","href":"https:\/\/api.w.org\/{rel}","templated":true}]}}