{"id":39131,"date":"2024-05-12T10:45:21","date_gmt":"2024-05-12T08:45:21","guid":{"rendered":"https:\/\/dutchmicrodosing.com\/shop\/non%20class\u00e9\/mondo-pes-amazonian-spores-bottle\/"},"modified":"2025-08-25T07:56:08","modified_gmt":"2025-08-25T05:56:08","slug":"mondo-pes-amazonian-spores-bottle","status":"publish","type":"product","link":"https:\/\/dutchmicrodosing.com\/fr\/magique-champignon-spores\/bouteilles-ampoules-de-spores\/mondo-pes-amazonian-spores-bottle\/","title":{"rendered":"PES Amazonian Trace bottle"},"content":{"rendered":"<p>Souvent consid\u00e9r\u00e9e comme l&rsquo;une des vari\u00e9t\u00e9s les plus joyeuses et euphoriques de la famille Psilocybe cubensis, la <strong>PES Amazonian Spore Bottle<\/strong> est originaire de la r\u00e9gion amazonienne, plus pr\u00e9cis\u00e9ment du Br\u00e9sil et de la Colombie. Cette esp\u00e8ce est connue pour sa capacit\u00e9 \u00e0 produire de grandes fructifications dans des conditions climatiques ad\u00e9quates, avec des longueurs impressionnantes de 15 \u00e0 30 cm.<\/p>\n<p>L&rsquo;utilisation des champignons amazoniens PES est souvent associ\u00e9e \u00e0 des exp\u00e9riences intenses de bonheur et d&rsquo;hilarit\u00e9, o\u00f9 les utilisateurs peuvent rire bruyamment et percevoir des objets qui prennent des formes \u00e9tranges. Les premiers effets de la consommation comprennent une forte euphorie, suivie d&rsquo;un \u00ab\u00a0high\u00a0\u00bb d\u00e9tendu et agr\u00e9able. Cette combinaison d&rsquo;euphorie et de relaxation fait de PES Amazonian un choix populaire pour un usage r\u00e9cr\u00e9atif et th\u00e9rapeutique, en particulier parmi ceux qui recherchent une exp\u00e9rience psych\u00e9d\u00e9lique positive et l\u00e9g\u00e8re.<\/p>\n<h2>Effets de Mondo PES Amazonian Trace bottle<\/h2>\n<p>Les effets des champignons amazoniens PES sont : visuels moyens, cr\u00e9atifs et fortement philosophiques. Apr\u00e8s l&rsquo;ingestion, les premiers effets se font sentir environ 45 minutes plus tard. Un voyage avec les champignons magiques amazoniens de PES peut facilement durer de 4 \u00e0 7 heures.<\/p>\n<h2>Informations sur la culture du flacon de spores amazoniennes Mondo PES<\/h2>\n<ul>\n<li>Difficult\u00e9 de culture : Facile<\/li>\n<li>Substrat : Fumier, paille, diverses c\u00e9r\u00e9ales<\/li>\n<li>Temps de colonisation : 10-12 jours<\/li>\n<li>Temp\u00e9rature de colonisation : 28-30 degr\u00e9s Celsius<\/li>\n<li>Temp\u00e9rature des fruits : 23-27 degr\u00e9s Celsius<\/li>\n<li>3 ml de solution suffisent pour inoculer 1 litre de substrat.<\/li>\n<\/ul>\n<h2>Combien de champignons amazoniens PES devez-vous prendre ?<\/h2>\n<p>En moyenne, vous pouvez supposer les quantit\u00e9s suivantes :<\/p>\n<ul>\n<li>Microdosage : 0,2 gramme de champignons s\u00e9ch\u00e9s | 2 grammes de champignons frais<\/li>\n<li>Voyage doux : 1 gramme de champignons s\u00e9ch\u00e9s | 10 grammes de champignons frais<\/li>\n<li>Voyage normal : 2 grammes de champignons s\u00e9ch\u00e9s | 20 grammes de champignons frais<\/li>\n<li>Voyage intense : 3,5 grammes de champignons s\u00e9ch\u00e9s | 35 grammes de champignons frais<\/li>\n<\/ul>\n<h2>Comment pr\u00e9parer mon flacon de Mondo PES Amazonian Trace ?<\/h2>\n<p>Avant de commencer \u00e0 injecter vos spores, vous devez d&rsquo;abord pr\u00e9parer un substrat dans un bac de culture ou un sac o\u00f9 vous allez d\u00e9poser ces spores. Les flacons de spores st\u00e9riles Mondo sont tr\u00e8s faciles \u00e0 utiliser.<\/p>\n<ol>\n<li>Mettez des gants et un masque buccal<\/li>\n<li>Agitez vigoureusement la fiole de spores d&rsquo;avant en arri\u00e8re<\/li>\n<li>D\u00e9ballez l&rsquo;aiguille d&rsquo;injection et ins\u00e9rez l&rsquo;aiguille \u00e0 travers la membrane en caoutchouc.<\/li>\n<li>Aspirez doucement le liquide dans la seringue.<\/li>\n<li>Inclure un conteneur ou un sac de culture avec le substrat<\/li>\n<li>Apr\u00e8s avoir rempli la seringue, appuyez lentement sur le piston et laissez tomber chaque goutte dispers\u00e9e sur le substrat. L&rsquo;endroit o\u00f9 la goutte tombe sur le substrat est un point de croissance potentiel du myc\u00e9lium. En le divisant, vous optimiserez la colonisation.<\/li>\n<\/ol>\n<h2>Contenu de votre flacon de Mondo PES Amazonian Trace<\/h2>\n<ul>\n<li>1 x flacon de spores contient plusieurs millions de spores dissoutes dans 10 ml d&rsquo;eau st\u00e9rile<\/li>\n<li>1 seringue st\u00e9rile de 20 ml<\/li>\n<li>2 x lingettes alcoolis\u00e9es<\/li>\n<\/ul>\n<h2>Conserver votre bouteille Mondo PES Amazonian Trace<\/h2>\n<p>Comme il s&rsquo;agit d&rsquo;un produit sensible, nous vous recommandons de placer le flacon de spores dans le r\u00e9frig\u00e9rateur \u00e0 une temp\u00e9rature comprise entre 2 et 8 degr\u00e9s imm\u00e9diatement apr\u00e8s r\u00e9ception et pendant 24 heures avant de l&rsquo;utiliser.<\/p>\n","protected":false},"excerpt":{"rendered":"<p>Souvent consid\u00e9r\u00e9e comme l&rsquo;une des vari\u00e9t\u00e9s les plus joyeuses et euphoriques de la famille Psilocybe cubensis, la PES Amazonian Spore Bottle est originaire de la r\u00e9gion amazonienne, plus pr\u00e9cis\u00e9ment du Br\u00e9sil et de la Colombie. Cette esp\u00e8ce est connue pour sa capacit\u00e9 \u00e0 produire de grandes fructifications dans des conditions climatiques ad\u00e9quates, avec des longueurs [&hellip;]<\/p>\n","protected":false},"featured_media":39112,"comment_status":"closed","ping_status":"closed","template":"","meta":[],"product_brand":[],"product_cat":[353],"product_tag":[],"class_list":{"0":"post-39131","1":"product","2":"type-product","3":"status-publish","4":"has-post-thumbnail","6":"product_cat-bouteilles-ampoules-de-spores","8":"first","9":"instock","10":"taxable","11":"shipping-taxable","12":"purchasable","13":"product-type-simple"},"yoast_head":"<!-- This site is optimized with the Yoast SEO Premium plugin v26.4 (Yoast SEO v27.2) - https:\/\/yoast.com\/product\/yoast-seo-premium-wordpress\/ -->\n<title>PES Amazonian Trace bottle - Dutchmicrodosing<\/title>\n<meta name=\"description\" content=\"Spores de haute qualit\u00e9 pour la culture de champignons puissants et robustes. Parfait pour les cultivateurs novices et exp\u00e9riment\u00e9s \u00e0 la recherche de r\u00e9sultats !\" \/>\n<meta name=\"robots\" content=\"index, follow, max-snippet:-1, max-image-preview:large, max-video-preview:-1\" \/>\n<link rel=\"canonical\" href=\"https:\/\/dutchmicrodosing.com\/fr\/magique-champignon-spores\/bouteilles-ampoules-de-spores\/mondo-pes-amazonian-spores-bottle\/\" \/>\n<meta property=\"og:locale\" content=\"fr_FR\" \/>\n<meta property=\"og:type\" content=\"article\" \/>\n<meta property=\"og:title\" content=\"PES Amazonian Trace bottle\" \/>\n<meta property=\"og:description\" content=\"Souvent consid\u00e9r\u00e9e comme l&#039;une des vari\u00e9t\u00e9s les plus joyeuses et euphoriques de la famille Psilocybe cubensis, la PES Amazonian Spore Bottle est\" \/>\n<meta property=\"og:url\" content=\"https:\/\/dutchmicrodosing.com\/fr\/magique-champignon-spores\/bouteilles-ampoules-de-spores\/mondo-pes-amazonian-spores-bottle\/\" \/>\n<meta property=\"og:site_name\" content=\"Dutchmicrodosing\" \/>\n<meta property=\"article:publisher\" content=\"https:\/\/www.facebook.com\/Dutchmicrodosingxp\/\" \/>\n<meta property=\"article:modified_time\" content=\"2025-08-25T05:56:08+00:00\" \/>\n<meta property=\"og:image\" content=\"https:\/\/dutchmicrodosing.com\/wp-content\/uploads\/2024\/05\/sporemate-mondo-vial-psilocybe-cubensis-golden-teacher.jpg\" \/>\n\t<meta property=\"og:image:width\" content=\"600\" \/>\n\t<meta property=\"og:image:height\" content=\"600\" \/>\n\t<meta property=\"og:image:type\" content=\"image\/jpeg\" \/>\n<meta name=\"twitter:card\" content=\"summary_large_image\" \/>\n<script type=\"application\/ld+json\" class=\"yoast-schema-graph\">{\"@context\":\"https:\/\/schema.org\",\"@graph\":[{\"@type\":\"WebPage\",\"@id\":\"https:\/\/dutchmicrodosing.com\/fr\/magique-champignon-spores\/bouteilles-ampoules-de-spores\/mondo-pes-amazonian-spores-bottle\/\",\"url\":\"https:\/\/dutchmicrodosing.com\/fr\/magique-champignon-spores\/bouteilles-ampoules-de-spores\/mondo-pes-amazonian-spores-bottle\/\",\"name\":\"PES Amazonian Trace bottle - Dutchmicrodosing\",\"isPartOf\":{\"@id\":\"https:\/\/dutchmicrodosing.com\/fr\/#website\"},\"primaryImageOfPage\":{\"@id\":\"https:\/\/dutchmicrodosing.com\/fr\/magique-champignon-spores\/bouteilles-ampoules-de-spores\/mondo-pes-amazonian-spores-bottle\/#primaryimage\"},\"image\":{\"@id\":\"https:\/\/dutchmicrodosing.com\/fr\/magique-champignon-spores\/bouteilles-ampoules-de-spores\/mondo-pes-amazonian-spores-bottle\/#primaryimage\"},\"thumbnailUrl\":\"https:\/\/dutchmicrodosing.com\/wp-content\/uploads\/2024\/05\/sporemate-mondo-vial-psilocybe-cubensis-golden-teacher.jpg\",\"datePublished\":\"2024-05-12T08:45:21+00:00\",\"dateModified\":\"2025-08-25T05:56:08+00:00\",\"description\":\"Spores de haute qualit\u00e9 pour la culture de champignons puissants et robustes. Parfait pour les cultivateurs novices et exp\u00e9riment\u00e9s \u00e0 la recherche de r\u00e9sultats !\",\"breadcrumb\":{\"@id\":\"https:\/\/dutchmicrodosing.com\/fr\/magique-champignon-spores\/bouteilles-ampoules-de-spores\/mondo-pes-amazonian-spores-bottle\/#breadcrumb\"},\"inLanguage\":\"fr-FR\",\"potentialAction\":[{\"@type\":\"ReadAction\",\"target\":[\"https:\/\/dutchmicrodosing.com\/fr\/magique-champignon-spores\/bouteilles-ampoules-de-spores\/mondo-pes-amazonian-spores-bottle\/\"]}]},{\"@type\":\"ImageObject\",\"inLanguage\":\"fr-FR\",\"@id\":\"https:\/\/dutchmicrodosing.com\/fr\/magique-champignon-spores\/bouteilles-ampoules-de-spores\/mondo-pes-amazonian-spores-bottle\/#primaryimage\",\"url\":\"https:\/\/dutchmicrodosing.com\/wp-content\/uploads\/2024\/05\/sporemate-mondo-vial-psilocybe-cubensis-golden-teacher.jpg\",\"contentUrl\":\"https:\/\/dutchmicrodosing.com\/wp-content\/uploads\/2024\/05\/sporemate-mondo-vial-psilocybe-cubensis-golden-teacher.jpg\",\"width\":600,\"height\":600},{\"@type\":\"BreadcrumbList\",\"@id\":\"https:\/\/dutchmicrodosing.com\/fr\/magique-champignon-spores\/bouteilles-ampoules-de-spores\/mondo-pes-amazonian-spores-bottle\/#breadcrumb\",\"itemListElement\":[{\"@type\":\"ListItem\",\"position\":1,\"name\":\"Home\",\"item\":\"https:\/\/dutchmicrodosing.com\/fr\/\"},{\"@type\":\"ListItem\",\"position\":2,\"name\":\"Boutique\",\"item\":\"https:\/\/dutchmicrodosing.com\/fr\/boutique\/\"},{\"@type\":\"ListItem\",\"position\":3,\"name\":\"PES Amazonian Trace bottle\"}]},{\"@type\":\"WebSite\",\"@id\":\"https:\/\/dutchmicrodosing.com\/fr\/#website\",\"url\":\"https:\/\/dutchmicrodosing.com\/fr\/\",\"name\":\"Dutchmicrodosing\",\"description\":\"\",\"publisher\":{\"@id\":\"https:\/\/dutchmicrodosing.com\/fr\/#organization\"},\"potentialAction\":[{\"@type\":\"SearchAction\",\"target\":{\"@type\":\"EntryPoint\",\"urlTemplate\":\"https:\/\/dutchmicrodosing.com\/fr\/?s={search_term_string}\"},\"query-input\":{\"@type\":\"PropertyValueSpecification\",\"valueRequired\":true,\"valueName\":\"search_term_string\"}}],\"inLanguage\":\"fr-FR\"},{\"@type\":\"Organization\",\"@id\":\"https:\/\/dutchmicrodosing.com\/fr\/#organization\",\"name\":\"Dutchmicrodosing\",\"url\":\"https:\/\/dutchmicrodosing.com\/fr\/\",\"logo\":{\"@type\":\"ImageObject\",\"inLanguage\":\"fr-FR\",\"@id\":\"https:\/\/dutchmicrodosing.com\/fr\/#\/schema\/logo\/image\/\",\"url\":\"https:\/\/dutchmicrodosing.com\/wp-content\/uploads\/2021\/01\/microdosing-categorie-pic-nieuw.jpg\",\"contentUrl\":\"https:\/\/dutchmicrodosing.com\/wp-content\/uploads\/2021\/01\/microdosing-categorie-pic-nieuw.jpg\",\"width\":500,\"height\":500,\"caption\":\"Dutchmicrodosing\"},\"image\":{\"@id\":\"https:\/\/dutchmicrodosing.com\/fr\/#\/schema\/logo\/image\/\"},\"sameAs\":[\"https:\/\/www.facebook.com\/Dutchmicrodosingxp\/\",\"https:\/\/www.instagram.com\/dutchmicrodosing\/\"]}]}<\/script>\n<meta property=\"product:price:amount\" content=\"17.95\" \/>\n<meta property=\"product:price:currency\" content=\"EUR\" \/>\n<meta property=\"og:availability\" content=\"instock\" \/>\n<meta property=\"product:availability\" content=\"instock\" \/>\n<meta property=\"product:retailer_item_id\" content=\"0212218\" \/>\n<meta property=\"product:condition\" content=\"new\" \/>\n<!-- \/ Yoast SEO Premium plugin. -->","yoast_head_json":{"title":"PES Amazonian Trace bottle - Dutchmicrodosing","description":"Spores de haute qualit\u00e9 pour la culture de champignons puissants et robustes. Parfait pour les cultivateurs novices et exp\u00e9riment\u00e9s \u00e0 la recherche de r\u00e9sultats !","robots":{"index":"index","follow":"follow","max-snippet":"max-snippet:-1","max-image-preview":"max-image-preview:large","max-video-preview":"max-video-preview:-1"},"canonical":"https:\/\/dutchmicrodosing.com\/fr\/magique-champignon-spores\/bouteilles-ampoules-de-spores\/mondo-pes-amazonian-spores-bottle\/","og_locale":"fr_FR","og_type":"article","og_title":"PES Amazonian Trace bottle","og_description":"Souvent consid\u00e9r\u00e9e comme l'une des vari\u00e9t\u00e9s les plus joyeuses et euphoriques de la famille Psilocybe cubensis, la PES Amazonian Spore Bottle est","og_url":"https:\/\/dutchmicrodosing.com\/fr\/magique-champignon-spores\/bouteilles-ampoules-de-spores\/mondo-pes-amazonian-spores-bottle\/","og_site_name":"Dutchmicrodosing","article_publisher":"https:\/\/www.facebook.com\/Dutchmicrodosingxp\/","article_modified_time":"2025-08-25T05:56:08+00:00","og_image":[{"width":600,"height":600,"url":"https:\/\/dutchmicrodosing.com\/wp-content\/uploads\/2024\/05\/sporemate-mondo-vial-psilocybe-cubensis-golden-teacher.jpg","type":"image\/jpeg"}],"twitter_card":"summary_large_image","schema":{"@context":"https:\/\/schema.org","@graph":[{"@type":"WebPage","@id":"https:\/\/dutchmicrodosing.com\/fr\/magique-champignon-spores\/bouteilles-ampoules-de-spores\/mondo-pes-amazonian-spores-bottle\/","url":"https:\/\/dutchmicrodosing.com\/fr\/magique-champignon-spores\/bouteilles-ampoules-de-spores\/mondo-pes-amazonian-spores-bottle\/","name":"PES Amazonian Trace bottle - Dutchmicrodosing","isPartOf":{"@id":"https:\/\/dutchmicrodosing.com\/fr\/#website"},"primaryImageOfPage":{"@id":"https:\/\/dutchmicrodosing.com\/fr\/magique-champignon-spores\/bouteilles-ampoules-de-spores\/mondo-pes-amazonian-spores-bottle\/#primaryimage"},"image":{"@id":"https:\/\/dutchmicrodosing.com\/fr\/magique-champignon-spores\/bouteilles-ampoules-de-spores\/mondo-pes-amazonian-spores-bottle\/#primaryimage"},"thumbnailUrl":"https:\/\/dutchmicrodosing.com\/wp-content\/uploads\/2024\/05\/sporemate-mondo-vial-psilocybe-cubensis-golden-teacher.jpg","datePublished":"2024-05-12T08:45:21+00:00","dateModified":"2025-08-25T05:56:08+00:00","description":"Spores de haute qualit\u00e9 pour la culture de champignons puissants et robustes. Parfait pour les cultivateurs novices et exp\u00e9riment\u00e9s \u00e0 la recherche de r\u00e9sultats !","breadcrumb":{"@id":"https:\/\/dutchmicrodosing.com\/fr\/magique-champignon-spores\/bouteilles-ampoules-de-spores\/mondo-pes-amazonian-spores-bottle\/#breadcrumb"},"inLanguage":"fr-FR","potentialAction":[{"@type":"ReadAction","target":["https:\/\/dutchmicrodosing.com\/fr\/magique-champignon-spores\/bouteilles-ampoules-de-spores\/mondo-pes-amazonian-spores-bottle\/"]}]},{"@type":"ImageObject","inLanguage":"fr-FR","@id":"https:\/\/dutchmicrodosing.com\/fr\/magique-champignon-spores\/bouteilles-ampoules-de-spores\/mondo-pes-amazonian-spores-bottle\/#primaryimage","url":"https:\/\/dutchmicrodosing.com\/wp-content\/uploads\/2024\/05\/sporemate-mondo-vial-psilocybe-cubensis-golden-teacher.jpg","contentUrl":"https:\/\/dutchmicrodosing.com\/wp-content\/uploads\/2024\/05\/sporemate-mondo-vial-psilocybe-cubensis-golden-teacher.jpg","width":600,"height":600},{"@type":"BreadcrumbList","@id":"https:\/\/dutchmicrodosing.com\/fr\/magique-champignon-spores\/bouteilles-ampoules-de-spores\/mondo-pes-amazonian-spores-bottle\/#breadcrumb","itemListElement":[{"@type":"ListItem","position":1,"name":"Home","item":"https:\/\/dutchmicrodosing.com\/fr\/"},{"@type":"ListItem","position":2,"name":"Boutique","item":"https:\/\/dutchmicrodosing.com\/fr\/boutique\/"},{"@type":"ListItem","position":3,"name":"PES Amazonian Trace bottle"}]},{"@type":"WebSite","@id":"https:\/\/dutchmicrodosing.com\/fr\/#website","url":"https:\/\/dutchmicrodosing.com\/fr\/","name":"Dutchmicrodosing","description":"","publisher":{"@id":"https:\/\/dutchmicrodosing.com\/fr\/#organization"},"potentialAction":[{"@type":"SearchAction","target":{"@type":"EntryPoint","urlTemplate":"https:\/\/dutchmicrodosing.com\/fr\/?s={search_term_string}"},"query-input":{"@type":"PropertyValueSpecification","valueRequired":true,"valueName":"search_term_string"}}],"inLanguage":"fr-FR"},{"@type":"Organization","@id":"https:\/\/dutchmicrodosing.com\/fr\/#organization","name":"Dutchmicrodosing","url":"https:\/\/dutchmicrodosing.com\/fr\/","logo":{"@type":"ImageObject","inLanguage":"fr-FR","@id":"https:\/\/dutchmicrodosing.com\/fr\/#\/schema\/logo\/image\/","url":"https:\/\/dutchmicrodosing.com\/wp-content\/uploads\/2021\/01\/microdosing-categorie-pic-nieuw.jpg","contentUrl":"https:\/\/dutchmicrodosing.com\/wp-content\/uploads\/2021\/01\/microdosing-categorie-pic-nieuw.jpg","width":500,"height":500,"caption":"Dutchmicrodosing"},"image":{"@id":"https:\/\/dutchmicrodosing.com\/fr\/#\/schema\/logo\/image\/"},"sameAs":["https:\/\/www.facebook.com\/Dutchmicrodosingxp\/","https:\/\/www.instagram.com\/dutchmicrodosing\/"]}]},"product_price_amount":"17.95","product_price_currency":"EUR","og_availability":"instock","product_availability":"instock","product_retailer_item_id":"0212218","product_condition":"new"},"_links":{"self":[{"href":"https:\/\/dutchmicrodosing.com\/fr\/wp-json\/wp\/v2\/product\/39131","targetHints":{"allow":["GET"]}}],"collection":[{"href":"https:\/\/dutchmicrodosing.com\/fr\/wp-json\/wp\/v2\/product"}],"about":[{"href":"https:\/\/dutchmicrodosing.com\/fr\/wp-json\/wp\/v2\/types\/product"}],"replies":[{"embeddable":true,"href":"https:\/\/dutchmicrodosing.com\/fr\/wp-json\/wp\/v2\/comments?post=39131"}],"version-history":[{"count":0,"href":"https:\/\/dutchmicrodosing.com\/fr\/wp-json\/wp\/v2\/product\/39131\/revisions"}],"wp:featuredmedia":[{"embeddable":true,"href":"https:\/\/dutchmicrodosing.com\/fr\/wp-json\/wp\/v2\/media\/39112"}],"wp:attachment":[{"href":"https:\/\/dutchmicrodosing.com\/fr\/wp-json\/wp\/v2\/media?parent=39131"}],"wp:term":[{"taxonomy":"product_brand","embeddable":true,"href":"https:\/\/dutchmicrodosing.com\/fr\/wp-json\/wp\/v2\/product_brand?post=39131"},{"taxonomy":"product_cat","embeddable":true,"href":"https:\/\/dutchmicrodosing.com\/fr\/wp-json\/wp\/v2\/product_cat?post=39131"},{"taxonomy":"product_tag","embeddable":true,"href":"https:\/\/dutchmicrodosing.com\/fr\/wp-json\/wp\/v2\/product_tag?post=39131"}],"curies":[{"name":"wp","href":"https:\/\/api.w.org\/{rel}","templated":true}]}}