{"id":39135,"date":"2024-05-12T10:39:00","date_gmt":"2024-05-12T08:39:00","guid":{"rendered":"https:\/\/dutchmicrodosing.com\/shop\/non%20class\u00e9\/flacon-de-spores-albinos\/"},"modified":"2025-10-06T18:58:56","modified_gmt":"2025-10-06T16:58:56","slug":"flacon-de-spores-albinos","status":"publish","type":"product","link":"https:\/\/dutchmicrodosing.com\/fr\/magique-champignon-spores\/bouteilles-ampoules-de-spores\/flacon-de-spores-albinos\/","title":{"rendered":"Albino A+ Spore bottle"},"content":{"rendered":"<p>Les champignons du <strong>flacon Albino A+ <\/strong>sont une vari\u00e9t\u00e9 fascinante de la famille Psilocybe cubensis. Cette souche a une apparence blanche caract\u00e9ristique, mais il est important de comprendre que cette couleur n&rsquo;est pas le r\u00e9sultat d&rsquo;un albinisme, mais d&rsquo;un leucisme. Le leucisme est une mutation g\u00e9n\u00e9tique qui entra\u00eene une perte de pigmentation de la peau, mais contrairement \u00e0 l&rsquo;albinisme, les yeux ne deviennent pas rouges. Chez cette esp\u00e8ce de champignon, cela signifie qu&rsquo;ils deviennent blancs sans les changements de pigmentation typiques des yeux que l&rsquo;on observe dans le cas de l&rsquo;albinisme.<\/p>\n<p>La couleur blanche des champignons Albino A+ est plus prononc\u00e9e lorsqu&rsquo;ils poussent dans l&rsquo;obscurit\u00e9, ce qui renforce leur aspect unique et fantomatique. Comme ces champignons sont originaires d&rsquo;un climat subtropical, ils n\u00e9cessitent des conditions plus chaudes que certaines autres souches de Psilocybe cubensis. La temp\u00e9rature optimale de colonisation pour la culture de l&rsquo;Albino A+ se situe entre 28 et 30 degr\u00e9s Celsius, ce qui est sup\u00e9rieur \u00e0 la moyenne pour cette esp\u00e8ce.<\/p>\n<p>Gr\u00e2ce \u00e0 leur puissance et \u00e0 leurs effets importants, les champignons Albino A+ sont tr\u00e8s appr\u00e9ci\u00e9s des utilisateurs exp\u00e9riment\u00e9s de psilocybine. Ils offrent de puissantes hallucinations visuelles et des exp\u00e9riences introspectives profondes, ce qui en fait un choix de pr\u00e9dilection pour les psychonautes \u00e0 la recherche d&rsquo;une exp\u00e9rience psych\u00e9d\u00e9lique intense.<\/p>\n<h2>Effets du flacon Mondo Albino A+ Trace<\/h2>\n<p>Les effets des champignons Albino A+ sont : fortement visuels, cr\u00e9atifs et philosophiques. Apr\u00e8s l&rsquo;ingestion, les premiers effets seront perceptibles environ 45 minutes plus tard. Un voyage avec des champignons magiques Albino A+ peut facilement durer de 4 \u00e0 7 heures.<\/p>\n<h2>Informations sur l&rsquo;\u00e9levage Mondo Albino A+ Spore bottle<\/h2>\n<ul>\n<li>Difficult\u00e9 de culture : Facile<\/li>\n<li>Substrat : Fumier, paille, diverses c\u00e9r\u00e9ales<\/li>\n<li>Temps de colonisation : 8-10 jours<\/li>\n<li>Temp\u00e9rature de colonisation : 28-30 degr\u00e9s Celsius<\/li>\n<li>Temp\u00e9rature des fruits : 23-26 degr\u00e9s Celsius<\/li>\n<\/ul>\n<h2>Combien de champignons Albino A+ devez-vous prendre ?<\/h2>\n<p>En moyenne, vous pouvez supposer les quantit\u00e9s suivantes :<\/p>\n<ul>\n<li>Microdosage : 0,2 gramme de champignons s\u00e9ch\u00e9s | 2 grammes de champignons frais<\/li>\n<li>Voyage doux : 1 gramme de champignons s\u00e9ch\u00e9s | 10 grammes de champignons frais<\/li>\n<li>Voyage normal : 2 grammes de champignons s\u00e9ch\u00e9s | 20 grammes de champignons frais<\/li>\n<li>Voyage intense : 3 grammes de champignons s\u00e9ch\u00e9s | 30 grammes de champignons frais<\/li>\n<\/ul>\n<h2>Comment pr\u00e9parer mon flacon de spores Mondo Albino A+ ?<\/h2>\n<p>Avant de commencer \u00e0 injecter vos spores, vous devez d&rsquo;abord pr\u00e9parer un substrat dans un bac de culture ou un sac o\u00f9 vous allez d\u00e9poser ces spores. Les flacons de spores st\u00e9riles Mondo sont tr\u00e8s faciles \u00e0 utiliser.<\/p>\n<ol>\n<li>Mettez des gants et un masque buccal<\/li>\n<li>Agitez vigoureusement la fiole de spores d&rsquo;avant en arri\u00e8re<\/li>\n<li>D\u00e9ballez l&rsquo;aiguille d&rsquo;injection et ins\u00e9rez l&rsquo;aiguille \u00e0 travers la membrane en caoutchouc.<\/li>\n<li>Aspirez doucement le liquide dans la seringue.<\/li>\n<li>Inclure un conteneur ou un sac de culture avec le substrat<\/li>\n<li>Apr\u00e8s avoir rempli la seringue, appuyez lentement sur le piston et laissez tomber chaque goutte dispers\u00e9e sur le substrat. L&rsquo;endroit o\u00f9 la goutte tombe sur le substrat est un point de croissance potentiel du myc\u00e9lium. En le divisant, vous optimiserez la colonisation.<\/li>\n<\/ol>\n<h2>Contenu de votre flacon Mondo Albino A+ Spore<\/h2>\n<ul>\n<li>1 x flacon de spores contient des millions de spores dissoutes dans 10 ml d&rsquo;eau st\u00e9rile<\/li>\n<li>1 seringue st\u00e9rile de 20 ml<\/li>\n<li>2 x lingettes alcoolis\u00e9es<\/li>\n<\/ul>\n<h2>Conserver votre bouteille Mondo Albino A+ Trace<\/h2>\n<p>Comme il s&rsquo;agit d&rsquo;un produit sensible, nous vous recommandons de placer le flacon de spores dans le r\u00e9frig\u00e9rateur \u00e0 une temp\u00e9rature comprise entre 2 et 8 degr\u00e9s imm\u00e9diatement apr\u00e8s r\u00e9ception et pendant 24 heures avant de l&rsquo;utiliser.<\/p>\n","protected":false},"excerpt":{"rendered":"<p>Les champignons du flacon Albino A+ sont une vari\u00e9t\u00e9 fascinante de la famille Psilocybe cubensis. Cette souche a une apparence blanche caract\u00e9ristique, mais il est important de comprendre que cette couleur n&rsquo;est pas le r\u00e9sultat d&rsquo;un albinisme, mais d&rsquo;un leucisme. Le leucisme est une mutation g\u00e9n\u00e9tique qui entra\u00eene une perte de pigmentation de la peau, [&hellip;]<\/p>\n","protected":false},"featured_media":39112,"comment_status":"closed","ping_status":"closed","template":"","meta":[],"product_brand":[],"product_cat":[353],"product_tag":[],"class_list":{"0":"post-39135","1":"product","2":"type-product","3":"status-publish","4":"has-post-thumbnail","6":"product_cat-bouteilles-ampoules-de-spores","8":"first","9":"instock","10":"taxable","11":"shipping-taxable","12":"purchasable","13":"product-type-simple"},"yoast_head":"<!-- This site is optimized with the Yoast SEO Premium plugin v26.4 (Yoast SEO v27.2) - https:\/\/yoast.com\/product\/yoast-seo-premium-wordpress\/ -->\n<title>Albino A+ Spore bottle - Dutchmicrodosing<\/title>\n<meta name=\"description\" content=\"D\u00e9couvrez la puissance des bouteilles de spores Albino A+ pour cultiver des champignons uniques. Traces de haute qualit\u00e9 pour des r\u00e9sultats coh\u00e9rents et fiables.\" \/>\n<meta name=\"robots\" content=\"index, follow, max-snippet:-1, max-image-preview:large, max-video-preview:-1\" \/>\n<link rel=\"canonical\" href=\"https:\/\/dutchmicrodosing.com\/fr\/magique-champignon-spores\/bouteilles-ampoules-de-spores\/flacon-de-spores-albinos\/\" \/>\n<meta property=\"og:locale\" content=\"fr_FR\" \/>\n<meta property=\"og:type\" content=\"article\" \/>\n<meta property=\"og:title\" content=\"Albino A+ Spore bottle\" \/>\n<meta property=\"og:description\" content=\"Les champignons du flacon Albino A+ sont une vari\u00e9t\u00e9 fascinante de la famille Psilocybe cubensis. Cette souche a une apparence blanche caract\u00e9ristique,\" \/>\n<meta property=\"og:url\" content=\"https:\/\/dutchmicrodosing.com\/fr\/magique-champignon-spores\/bouteilles-ampoules-de-spores\/flacon-de-spores-albinos\/\" \/>\n<meta property=\"og:site_name\" content=\"Dutchmicrodosing\" \/>\n<meta property=\"article:publisher\" content=\"https:\/\/www.facebook.com\/Dutchmicrodosingxp\/\" \/>\n<meta property=\"article:modified_time\" content=\"2025-10-06T16:58:56+00:00\" \/>\n<meta property=\"og:image\" content=\"https:\/\/dutchmicrodosing.com\/wp-content\/uploads\/2024\/05\/sporemate-mondo-vial-psilocybe-cubensis-golden-teacher.jpg\" \/>\n\t<meta property=\"og:image:width\" content=\"600\" \/>\n\t<meta property=\"og:image:height\" content=\"600\" \/>\n\t<meta property=\"og:image:type\" content=\"image\/jpeg\" \/>\n<meta name=\"twitter:card\" content=\"summary_large_image\" \/>\n<script type=\"application\/ld+json\" class=\"yoast-schema-graph\">{\"@context\":\"https:\/\/schema.org\",\"@graph\":[{\"@type\":\"WebPage\",\"@id\":\"https:\/\/dutchmicrodosing.com\/fr\/magique-champignon-spores\/bouteilles-ampoules-de-spores\/flacon-de-spores-albinos\/\",\"url\":\"https:\/\/dutchmicrodosing.com\/fr\/magique-champignon-spores\/bouteilles-ampoules-de-spores\/flacon-de-spores-albinos\/\",\"name\":\"Albino A+ Spore bottle - Dutchmicrodosing\",\"isPartOf\":{\"@id\":\"https:\/\/dutchmicrodosing.com\/fr\/#website\"},\"primaryImageOfPage\":{\"@id\":\"https:\/\/dutchmicrodosing.com\/fr\/magique-champignon-spores\/bouteilles-ampoules-de-spores\/flacon-de-spores-albinos\/#primaryimage\"},\"image\":{\"@id\":\"https:\/\/dutchmicrodosing.com\/fr\/magique-champignon-spores\/bouteilles-ampoules-de-spores\/flacon-de-spores-albinos\/#primaryimage\"},\"thumbnailUrl\":\"https:\/\/dutchmicrodosing.com\/wp-content\/uploads\/2024\/05\/sporemate-mondo-vial-psilocybe-cubensis-golden-teacher.jpg\",\"datePublished\":\"2024-05-12T08:39:00+00:00\",\"dateModified\":\"2025-10-06T16:58:56+00:00\",\"description\":\"D\u00e9couvrez la puissance des bouteilles de spores Albino A+ pour cultiver des champignons uniques. Traces de haute qualit\u00e9 pour des r\u00e9sultats coh\u00e9rents et fiables.\",\"breadcrumb\":{\"@id\":\"https:\/\/dutchmicrodosing.com\/fr\/magique-champignon-spores\/bouteilles-ampoules-de-spores\/flacon-de-spores-albinos\/#breadcrumb\"},\"inLanguage\":\"fr-FR\",\"potentialAction\":[{\"@type\":\"ReadAction\",\"target\":[\"https:\/\/dutchmicrodosing.com\/fr\/magique-champignon-spores\/bouteilles-ampoules-de-spores\/flacon-de-spores-albinos\/\"]}]},{\"@type\":\"ImageObject\",\"inLanguage\":\"fr-FR\",\"@id\":\"https:\/\/dutchmicrodosing.com\/fr\/magique-champignon-spores\/bouteilles-ampoules-de-spores\/flacon-de-spores-albinos\/#primaryimage\",\"url\":\"https:\/\/dutchmicrodosing.com\/wp-content\/uploads\/2024\/05\/sporemate-mondo-vial-psilocybe-cubensis-golden-teacher.jpg\",\"contentUrl\":\"https:\/\/dutchmicrodosing.com\/wp-content\/uploads\/2024\/05\/sporemate-mondo-vial-psilocybe-cubensis-golden-teacher.jpg\",\"width\":600,\"height\":600},{\"@type\":\"BreadcrumbList\",\"@id\":\"https:\/\/dutchmicrodosing.com\/fr\/magique-champignon-spores\/bouteilles-ampoules-de-spores\/flacon-de-spores-albinos\/#breadcrumb\",\"itemListElement\":[{\"@type\":\"ListItem\",\"position\":1,\"name\":\"Home\",\"item\":\"https:\/\/dutchmicrodosing.com\/fr\/\"},{\"@type\":\"ListItem\",\"position\":2,\"name\":\"Boutique\",\"item\":\"https:\/\/dutchmicrodosing.com\/fr\/boutique\/\"},{\"@type\":\"ListItem\",\"position\":3,\"name\":\"Albino A+ Spore bottle\"}]},{\"@type\":\"WebSite\",\"@id\":\"https:\/\/dutchmicrodosing.com\/fr\/#website\",\"url\":\"https:\/\/dutchmicrodosing.com\/fr\/\",\"name\":\"Dutchmicrodosing\",\"description\":\"\",\"publisher\":{\"@id\":\"https:\/\/dutchmicrodosing.com\/fr\/#organization\"},\"potentialAction\":[{\"@type\":\"SearchAction\",\"target\":{\"@type\":\"EntryPoint\",\"urlTemplate\":\"https:\/\/dutchmicrodosing.com\/fr\/?s={search_term_string}\"},\"query-input\":{\"@type\":\"PropertyValueSpecification\",\"valueRequired\":true,\"valueName\":\"search_term_string\"}}],\"inLanguage\":\"fr-FR\"},{\"@type\":\"Organization\",\"@id\":\"https:\/\/dutchmicrodosing.com\/fr\/#organization\",\"name\":\"Dutchmicrodosing\",\"url\":\"https:\/\/dutchmicrodosing.com\/fr\/\",\"logo\":{\"@type\":\"ImageObject\",\"inLanguage\":\"fr-FR\",\"@id\":\"https:\/\/dutchmicrodosing.com\/fr\/#\/schema\/logo\/image\/\",\"url\":\"https:\/\/dutchmicrodosing.com\/wp-content\/uploads\/2021\/01\/microdosing-categorie-pic-nieuw.jpg\",\"contentUrl\":\"https:\/\/dutchmicrodosing.com\/wp-content\/uploads\/2021\/01\/microdosing-categorie-pic-nieuw.jpg\",\"width\":500,\"height\":500,\"caption\":\"Dutchmicrodosing\"},\"image\":{\"@id\":\"https:\/\/dutchmicrodosing.com\/fr\/#\/schema\/logo\/image\/\"},\"sameAs\":[\"https:\/\/www.facebook.com\/Dutchmicrodosingxp\/\",\"https:\/\/www.instagram.com\/dutchmicrodosing\/\"]}]}<\/script>\n<meta property=\"product:price:amount\" content=\"17.95\" \/>\n<meta property=\"product:price:currency\" content=\"EUR\" \/>\n<meta property=\"og:availability\" content=\"instock\" \/>\n<meta property=\"product:availability\" content=\"instock\" \/>\n<meta property=\"product:retailer_item_id\" content=\"0212723\" \/>\n<meta property=\"product:condition\" content=\"new\" \/>\n<!-- \/ Yoast SEO Premium plugin. -->","yoast_head_json":{"title":"Albino A+ Spore bottle - Dutchmicrodosing","description":"D\u00e9couvrez la puissance des bouteilles de spores Albino A+ pour cultiver des champignons uniques. Traces de haute qualit\u00e9 pour des r\u00e9sultats coh\u00e9rents et fiables.","robots":{"index":"index","follow":"follow","max-snippet":"max-snippet:-1","max-image-preview":"max-image-preview:large","max-video-preview":"max-video-preview:-1"},"canonical":"https:\/\/dutchmicrodosing.com\/fr\/magique-champignon-spores\/bouteilles-ampoules-de-spores\/flacon-de-spores-albinos\/","og_locale":"fr_FR","og_type":"article","og_title":"Albino A+ Spore bottle","og_description":"Les champignons du flacon Albino A+ sont une vari\u00e9t\u00e9 fascinante de la famille Psilocybe cubensis. Cette souche a une apparence blanche caract\u00e9ristique,","og_url":"https:\/\/dutchmicrodosing.com\/fr\/magique-champignon-spores\/bouteilles-ampoules-de-spores\/flacon-de-spores-albinos\/","og_site_name":"Dutchmicrodosing","article_publisher":"https:\/\/www.facebook.com\/Dutchmicrodosingxp\/","article_modified_time":"2025-10-06T16:58:56+00:00","og_image":[{"width":600,"height":600,"url":"https:\/\/dutchmicrodosing.com\/wp-content\/uploads\/2024\/05\/sporemate-mondo-vial-psilocybe-cubensis-golden-teacher.jpg","type":"image\/jpeg"}],"twitter_card":"summary_large_image","schema":{"@context":"https:\/\/schema.org","@graph":[{"@type":"WebPage","@id":"https:\/\/dutchmicrodosing.com\/fr\/magique-champignon-spores\/bouteilles-ampoules-de-spores\/flacon-de-spores-albinos\/","url":"https:\/\/dutchmicrodosing.com\/fr\/magique-champignon-spores\/bouteilles-ampoules-de-spores\/flacon-de-spores-albinos\/","name":"Albino A+ Spore bottle - Dutchmicrodosing","isPartOf":{"@id":"https:\/\/dutchmicrodosing.com\/fr\/#website"},"primaryImageOfPage":{"@id":"https:\/\/dutchmicrodosing.com\/fr\/magique-champignon-spores\/bouteilles-ampoules-de-spores\/flacon-de-spores-albinos\/#primaryimage"},"image":{"@id":"https:\/\/dutchmicrodosing.com\/fr\/magique-champignon-spores\/bouteilles-ampoules-de-spores\/flacon-de-spores-albinos\/#primaryimage"},"thumbnailUrl":"https:\/\/dutchmicrodosing.com\/wp-content\/uploads\/2024\/05\/sporemate-mondo-vial-psilocybe-cubensis-golden-teacher.jpg","datePublished":"2024-05-12T08:39:00+00:00","dateModified":"2025-10-06T16:58:56+00:00","description":"D\u00e9couvrez la puissance des bouteilles de spores Albino A+ pour cultiver des champignons uniques. Traces de haute qualit\u00e9 pour des r\u00e9sultats coh\u00e9rents et fiables.","breadcrumb":{"@id":"https:\/\/dutchmicrodosing.com\/fr\/magique-champignon-spores\/bouteilles-ampoules-de-spores\/flacon-de-spores-albinos\/#breadcrumb"},"inLanguage":"fr-FR","potentialAction":[{"@type":"ReadAction","target":["https:\/\/dutchmicrodosing.com\/fr\/magique-champignon-spores\/bouteilles-ampoules-de-spores\/flacon-de-spores-albinos\/"]}]},{"@type":"ImageObject","inLanguage":"fr-FR","@id":"https:\/\/dutchmicrodosing.com\/fr\/magique-champignon-spores\/bouteilles-ampoules-de-spores\/flacon-de-spores-albinos\/#primaryimage","url":"https:\/\/dutchmicrodosing.com\/wp-content\/uploads\/2024\/05\/sporemate-mondo-vial-psilocybe-cubensis-golden-teacher.jpg","contentUrl":"https:\/\/dutchmicrodosing.com\/wp-content\/uploads\/2024\/05\/sporemate-mondo-vial-psilocybe-cubensis-golden-teacher.jpg","width":600,"height":600},{"@type":"BreadcrumbList","@id":"https:\/\/dutchmicrodosing.com\/fr\/magique-champignon-spores\/bouteilles-ampoules-de-spores\/flacon-de-spores-albinos\/#breadcrumb","itemListElement":[{"@type":"ListItem","position":1,"name":"Home","item":"https:\/\/dutchmicrodosing.com\/fr\/"},{"@type":"ListItem","position":2,"name":"Boutique","item":"https:\/\/dutchmicrodosing.com\/fr\/boutique\/"},{"@type":"ListItem","position":3,"name":"Albino A+ Spore bottle"}]},{"@type":"WebSite","@id":"https:\/\/dutchmicrodosing.com\/fr\/#website","url":"https:\/\/dutchmicrodosing.com\/fr\/","name":"Dutchmicrodosing","description":"","publisher":{"@id":"https:\/\/dutchmicrodosing.com\/fr\/#organization"},"potentialAction":[{"@type":"SearchAction","target":{"@type":"EntryPoint","urlTemplate":"https:\/\/dutchmicrodosing.com\/fr\/?s={search_term_string}"},"query-input":{"@type":"PropertyValueSpecification","valueRequired":true,"valueName":"search_term_string"}}],"inLanguage":"fr-FR"},{"@type":"Organization","@id":"https:\/\/dutchmicrodosing.com\/fr\/#organization","name":"Dutchmicrodosing","url":"https:\/\/dutchmicrodosing.com\/fr\/","logo":{"@type":"ImageObject","inLanguage":"fr-FR","@id":"https:\/\/dutchmicrodosing.com\/fr\/#\/schema\/logo\/image\/","url":"https:\/\/dutchmicrodosing.com\/wp-content\/uploads\/2021\/01\/microdosing-categorie-pic-nieuw.jpg","contentUrl":"https:\/\/dutchmicrodosing.com\/wp-content\/uploads\/2021\/01\/microdosing-categorie-pic-nieuw.jpg","width":500,"height":500,"caption":"Dutchmicrodosing"},"image":{"@id":"https:\/\/dutchmicrodosing.com\/fr\/#\/schema\/logo\/image\/"},"sameAs":["https:\/\/www.facebook.com\/Dutchmicrodosingxp\/","https:\/\/www.instagram.com\/dutchmicrodosing\/"]}]},"product_price_amount":"17.95","product_price_currency":"EUR","og_availability":"instock","product_availability":"instock","product_retailer_item_id":"0212723","product_condition":"new"},"_links":{"self":[{"href":"https:\/\/dutchmicrodosing.com\/fr\/wp-json\/wp\/v2\/product\/39135","targetHints":{"allow":["GET"]}}],"collection":[{"href":"https:\/\/dutchmicrodosing.com\/fr\/wp-json\/wp\/v2\/product"}],"about":[{"href":"https:\/\/dutchmicrodosing.com\/fr\/wp-json\/wp\/v2\/types\/product"}],"replies":[{"embeddable":true,"href":"https:\/\/dutchmicrodosing.com\/fr\/wp-json\/wp\/v2\/comments?post=39135"}],"version-history":[{"count":0,"href":"https:\/\/dutchmicrodosing.com\/fr\/wp-json\/wp\/v2\/product\/39135\/revisions"}],"wp:featuredmedia":[{"embeddable":true,"href":"https:\/\/dutchmicrodosing.com\/fr\/wp-json\/wp\/v2\/media\/39112"}],"wp:attachment":[{"href":"https:\/\/dutchmicrodosing.com\/fr\/wp-json\/wp\/v2\/media?parent=39135"}],"wp:term":[{"taxonomy":"product_brand","embeddable":true,"href":"https:\/\/dutchmicrodosing.com\/fr\/wp-json\/wp\/v2\/product_brand?post=39135"},{"taxonomy":"product_cat","embeddable":true,"href":"https:\/\/dutchmicrodosing.com\/fr\/wp-json\/wp\/v2\/product_cat?post=39135"},{"taxonomy":"product_tag","embeddable":true,"href":"https:\/\/dutchmicrodosing.com\/fr\/wp-json\/wp\/v2\/product_tag?post=39135"}],"curies":[{"name":"wp","href":"https:\/\/api.w.org\/{rel}","templated":true}]}}