{"id":39161,"date":"2024-05-12T11:07:06","date_gmt":"2024-05-12T09:07:06","guid":{"rendered":"https:\/\/dutchmicrodosing.com\/shop\/non%20class\u00e9\/seringue-a-spores-b\/"},"modified":"2025-10-01T22:43:44","modified_gmt":"2025-10-01T20:43:44","slug":"seringue-a-spores-b","status":"publish","type":"product","link":"https:\/\/dutchmicrodosing.com\/fr\/magique-champignon-spores\/seringues-spores-de-champignons-magiques\/seringue-a-spores-b\/","title":{"rendered":"Seringue \u00e0 spores B+"},"content":{"rendered":"<p>Les champignons que vous pouvez cultiver avec la <strong>seringue \u00e0 spores B+<\/strong> est une vari\u00e9t\u00e9 populaire de Psilocybe cubensis, un type de champignon psychoactif connu pour ses effets hallucinog\u00e8nes. Cette vari\u00e9t\u00e9 particuli\u00e8re est souvent choisie par les cultivateurs novices et exp\u00e9riment\u00e9s pour sa r\u00e9sistance et sa croissance fiable.<\/p>\n<h2>Effets des champignons Mondo B+ \u00e0 la psilocybine<\/h2>\n<p>Le champignon B+ convient parfaitement aux d\u00e9butants. Ils sont faciles \u00e0 cultiver et leurs effets sont parfaits pour ceux qui n&rsquo;ont jamais consomm\u00e9 de champignons \u00e0 psilocybine. Le champignon B+ est assez \u00e9lev\u00e9 en visuel, cr\u00e9ativit\u00e9 et moyen en philosophie et \u00e9nergie corporelle.<\/p>\n<h2>Informations sur l&rsquo;\u00e9levage Mondo Spore Syringe B+<\/h2>\n<ul>\n<li>Difficult\u00e9 de culture : Facile<\/li>\n<li>Substrat : Fumier, paille, diverses c\u00e9r\u00e9ales<\/li>\n<li>Temps de colonisation : 8-10 jours<\/li>\n<li>Temp\u00e9rature de colonisation : 28-30 degr\u00e9s Celsius<\/li>\n<li>Temp\u00e9rature des fruits : 23-26 degr\u00e9s Celsius<\/li>\n<\/ul>\n<h2>Comment pr\u00e9parer ma seringue Mondo Spore B+ ?<\/h2>\n<p>Avant de commencer \u00e0 faire tomber les spores, vous devez d&rsquo;abord pr\u00e9parer un substrat dans un bac ou un sac de culture. Il est important de bien r\u00e9partir les gouttes de solution de trace sur le substrat. Cela permet au myc\u00e9lium de se d\u00e9velopper plus rapidement et mieux. Les seringues \u00e0 spores Mondo st\u00e9riles sont tr\u00e8s faciles \u00e0 utiliser. Avec une seringue de spores B+ de 20 ml, vous pouvez facilement coloniser 6 litres de substrat.<\/p>\n<ol>\n<li>Mettez des gants et un masque buccal<\/li>\n<li>Retirez la seringue de tra\u00e7age et la seringue de l&#8217;emballage.<\/li>\n<li>D\u00e9vissez le capuchon rouge de la seringue \u00e0 spores et remplacez-le par l&rsquo;aiguille de la seringue.<\/li>\n<li>Inclure un conteneur ou un sac de culture avec le substrat<\/li>\n<li>Appuyez lentement sur le dos de la seringue (le piston) et laissez tomber chaque goutte \u00e9parpill\u00e9e sur le substrat. L&rsquo;endroit o\u00f9 la goutte tombe sur le substrat est un point de croissance potentiel du myc\u00e9lium. En r\u00e9partissant bien la goutte, vous optimiserez la colonisation.<\/li>\n<\/ol>\n<h2>Contenu de votre seringue Mondo Spore B+<\/h2>\n<ul>\n<li>1 seringue de spores contient plusieurs millions de spores dissoutes dans 20 ml d&rsquo;eau st\u00e9rile.<\/li>\n<li>1 x Aiguille hypodermique<\/li>\n<li>1 x lingette alcoolis\u00e9e<\/li>\n<\/ul>\n<h2>Combien de champignons B+ devez-vous prendre ?<\/h2>\n<p>En moyenne, vous pouvez supposer les quantit\u00e9s suivantes :<\/p>\n<ul>\n<li>Microdosage : 0,2 gramme de champignons s\u00e9ch\u00e9s | 2 grammes de champignons frais<\/li>\n<li>Voyage doux : 1,5 gramme de champignons s\u00e9ch\u00e9s | 15 grammes de champignons frais<\/li>\n<li>Voyage normal : 2,5 grammes de champignons s\u00e9ch\u00e9s | 25 grammes de champignons frais<\/li>\n<li>Voyage intense : 3,5 grammes de champignons s\u00e9ch\u00e9s | 35 grammes de champignons frais<\/li>\n<\/ul>\n<h2>Rangement de la seringue Mondo Spore B+<\/h2>\n<p>Comme il s&rsquo;agit d&rsquo;un produit sensible, nous vous recommandons de placer la seringue \u00e0 spores dans le r\u00e9frig\u00e9rateur \u00e0 une temp\u00e9rature comprise entre 2 et 8 degr\u00e9s imm\u00e9diatement apr\u00e8s r\u00e9ception et pendant 24 heures avant de l&rsquo;utiliser.<\/p>\n","protected":false},"excerpt":{"rendered":"<p>Les champignons que vous pouvez cultiver avec la seringue \u00e0 spores B+ est une vari\u00e9t\u00e9 populaire de Psilocybe cubensis, un type de champignon psychoactif connu pour ses effets hallucinog\u00e8nes. Cette vari\u00e9t\u00e9 particuli\u00e8re est souvent choisie par les cultivateurs novices et exp\u00e9riment\u00e9s pour sa r\u00e9sistance et sa croissance fiable. Effets des champignons Mondo B+ \u00e0 la [&hellip;]<\/p>\n","protected":false},"featured_media":39148,"comment_status":"closed","ping_status":"closed","template":"","meta":[],"product_brand":[],"product_cat":[362],"product_tag":[],"class_list":{"0":"post-39161","1":"product","2":"type-product","3":"status-publish","4":"has-post-thumbnail","6":"product_cat-seringues-spores-de-champignons-magiques","8":"first","9":"instock","10":"taxable","11":"shipping-taxable","12":"purchasable","13":"product-type-simple"},"yoast_head":"<!-- This site is optimized with the Yoast SEO Premium plugin v26.4 (Yoast SEO v27.4) - https:\/\/yoast.com\/product\/yoast-seo-premium-wordpress\/ -->\n<title>Seringue \u00e0 spores B+ - Dutchmicrodosing<\/title>\n<meta name=\"description\" content=\"D\u00e9couvrez la puissance du Spore Sprayer B+. Parfait pour les cultivateurs novices et exp\u00e9riment\u00e9s. Cultivez facilement vos propres champignons B+ avec des spores !\" \/>\n<meta name=\"robots\" content=\"index, follow, max-snippet:-1, max-image-preview:large, max-video-preview:-1\" \/>\n<link rel=\"canonical\" href=\"https:\/\/dutchmicrodosing.com\/fr\/magique-champignon-spores\/seringues-spores-de-champignons-magiques\/seringue-a-spores-b\/\" \/>\n<meta property=\"og:locale\" content=\"fr_FR\" \/>\n<meta property=\"og:type\" content=\"article\" \/>\n<meta property=\"og:title\" content=\"Seringue \u00e0 spores B+\" \/>\n<meta property=\"og:description\" content=\"Les champignons que vous pouvez cultiver avec la seringue \u00e0 spores B+ est une vari\u00e9t\u00e9 populaire de Psilocybe cubensis, un type de champignon psychoactif\" \/>\n<meta property=\"og:url\" content=\"https:\/\/dutchmicrodosing.com\/fr\/magique-champignon-spores\/seringues-spores-de-champignons-magiques\/seringue-a-spores-b\/\" \/>\n<meta property=\"og:site_name\" content=\"Dutchmicrodosing\" \/>\n<meta property=\"article:publisher\" content=\"https:\/\/www.facebook.com\/Dutchmicrodosingxp\/\" \/>\n<meta property=\"article:modified_time\" content=\"2025-10-01T20:43:44+00:00\" \/>\n<meta property=\"og:image\" content=\"https:\/\/dutchmicrodosing.com\/wp-content\/uploads\/2024\/05\/mondo-sporenspuit-psilocybe-cubensis-treasure-coast.jpg\" \/>\n\t<meta property=\"og:image:width\" content=\"330\" \/>\n\t<meta property=\"og:image:height\" content=\"330\" \/>\n\t<meta property=\"og:image:type\" content=\"image\/jpeg\" \/>\n<meta name=\"twitter:card\" content=\"summary_large_image\" \/>\n<script type=\"application\/ld+json\" class=\"yoast-schema-graph\">{\"@context\":\"https:\\\/\\\/schema.org\",\"@graph\":[{\"@type\":\"WebPage\",\"@id\":\"https:\\\/\\\/dutchmicrodosing.com\\\/fr\\\/magique-champignon-spores\\\/seringues-spores-de-champignons-magiques\\\/seringue-a-spores-b\\\/\",\"url\":\"https:\\\/\\\/dutchmicrodosing.com\\\/fr\\\/magique-champignon-spores\\\/seringues-spores-de-champignons-magiques\\\/seringue-a-spores-b\\\/\",\"name\":\"Seringue \u00e0 spores B+ - Dutchmicrodosing\",\"isPartOf\":{\"@id\":\"https:\\\/\\\/dutchmicrodosing.com\\\/fr\\\/#website\"},\"primaryImageOfPage\":{\"@id\":\"https:\\\/\\\/dutchmicrodosing.com\\\/fr\\\/magique-champignon-spores\\\/seringues-spores-de-champignons-magiques\\\/seringue-a-spores-b\\\/#primaryimage\"},\"image\":{\"@id\":\"https:\\\/\\\/dutchmicrodosing.com\\\/fr\\\/magique-champignon-spores\\\/seringues-spores-de-champignons-magiques\\\/seringue-a-spores-b\\\/#primaryimage\"},\"thumbnailUrl\":\"https:\\\/\\\/dutchmicrodosing.com\\\/wp-content\\\/uploads\\\/2024\\\/05\\\/mondo-sporenspuit-psilocybe-cubensis-treasure-coast.jpg\",\"datePublished\":\"2024-05-12T09:07:06+00:00\",\"dateModified\":\"2025-10-01T20:43:44+00:00\",\"description\":\"D\u00e9couvrez la puissance du Spore Sprayer B+. Parfait pour les cultivateurs novices et exp\u00e9riment\u00e9s. Cultivez facilement vos propres champignons B+ avec des spores !\",\"breadcrumb\":{\"@id\":\"https:\\\/\\\/dutchmicrodosing.com\\\/fr\\\/magique-champignon-spores\\\/seringues-spores-de-champignons-magiques\\\/seringue-a-spores-b\\\/#breadcrumb\"},\"inLanguage\":\"fr-FR\",\"potentialAction\":[{\"@type\":\"ReadAction\",\"target\":[\"https:\\\/\\\/dutchmicrodosing.com\\\/fr\\\/magique-champignon-spores\\\/seringues-spores-de-champignons-magiques\\\/seringue-a-spores-b\\\/\"]}]},{\"@type\":\"ImageObject\",\"inLanguage\":\"fr-FR\",\"@id\":\"https:\\\/\\\/dutchmicrodosing.com\\\/fr\\\/magique-champignon-spores\\\/seringues-spores-de-champignons-magiques\\\/seringue-a-spores-b\\\/#primaryimage\",\"url\":\"https:\\\/\\\/dutchmicrodosing.com\\\/wp-content\\\/uploads\\\/2024\\\/05\\\/mondo-sporenspuit-psilocybe-cubensis-treasure-coast.jpg\",\"contentUrl\":\"https:\\\/\\\/dutchmicrodosing.com\\\/wp-content\\\/uploads\\\/2024\\\/05\\\/mondo-sporenspuit-psilocybe-cubensis-treasure-coast.jpg\",\"width\":330,\"height\":330},{\"@type\":\"BreadcrumbList\",\"@id\":\"https:\\\/\\\/dutchmicrodosing.com\\\/fr\\\/magique-champignon-spores\\\/seringues-spores-de-champignons-magiques\\\/seringue-a-spores-b\\\/#breadcrumb\",\"itemListElement\":[{\"@type\":\"ListItem\",\"position\":1,\"name\":\"Home\",\"item\":\"https:\\\/\\\/dutchmicrodosing.com\\\/fr\\\/\"},{\"@type\":\"ListItem\",\"position\":2,\"name\":\"Boutique\",\"item\":\"https:\\\/\\\/dutchmicrodosing.com\\\/fr\\\/boutique\\\/\"},{\"@type\":\"ListItem\",\"position\":3,\"name\":\"Seringue \u00e0 spores B+\"}]},{\"@type\":\"WebSite\",\"@id\":\"https:\\\/\\\/dutchmicrodosing.com\\\/fr\\\/#website\",\"url\":\"https:\\\/\\\/dutchmicrodosing.com\\\/fr\\\/\",\"name\":\"Dutchmicrodosing\",\"description\":\"\",\"publisher\":{\"@id\":\"https:\\\/\\\/dutchmicrodosing.com\\\/fr\\\/#organization\"},\"potentialAction\":[{\"@type\":\"SearchAction\",\"target\":{\"@type\":\"EntryPoint\",\"urlTemplate\":\"https:\\\/\\\/dutchmicrodosing.com\\\/fr\\\/?s={search_term_string}\"},\"query-input\":{\"@type\":\"PropertyValueSpecification\",\"valueRequired\":true,\"valueName\":\"search_term_string\"}}],\"inLanguage\":\"fr-FR\"},{\"@type\":\"Organization\",\"@id\":\"https:\\\/\\\/dutchmicrodosing.com\\\/fr\\\/#organization\",\"name\":\"Dutchmicrodosing\",\"url\":\"https:\\\/\\\/dutchmicrodosing.com\\\/fr\\\/\",\"logo\":{\"@type\":\"ImageObject\",\"inLanguage\":\"fr-FR\",\"@id\":\"https:\\\/\\\/dutchmicrodosing.com\\\/fr\\\/#\\\/schema\\\/logo\\\/image\\\/\",\"url\":\"https:\\\/\\\/dutchmicrodosing.com\\\/wp-content\\\/uploads\\\/2021\\\/01\\\/microdosing-categorie-pic-nieuw.jpg\",\"contentUrl\":\"https:\\\/\\\/dutchmicrodosing.com\\\/wp-content\\\/uploads\\\/2021\\\/01\\\/microdosing-categorie-pic-nieuw.jpg\",\"width\":500,\"height\":500,\"caption\":\"Dutchmicrodosing\"},\"image\":{\"@id\":\"https:\\\/\\\/dutchmicrodosing.com\\\/fr\\\/#\\\/schema\\\/logo\\\/image\\\/\"},\"sameAs\":[\"https:\\\/\\\/www.facebook.com\\\/Dutchmicrodosingxp\\\/\",\"https:\\\/\\\/www.instagram.com\\\/dutchmicrodosing\\\/\"]}]}<\/script>\n<meta property=\"product:price:amount\" content=\"17.95\" \/>\n<meta property=\"product:price:currency\" content=\"EUR\" \/>\n<meta property=\"og:availability\" content=\"instock\" \/>\n<meta property=\"product:availability\" content=\"instock\" \/>\n<meta property=\"product:retailer_item_id\" content=\"0212257\" \/>\n<meta property=\"product:condition\" content=\"new\" \/>\n<!-- \/ Yoast SEO Premium plugin. -->","yoast_head_json":{"title":"Seringue \u00e0 spores B+ - Dutchmicrodosing","description":"D\u00e9couvrez la puissance du Spore Sprayer B+. Parfait pour les cultivateurs novices et exp\u00e9riment\u00e9s. Cultivez facilement vos propres champignons B+ avec des spores !","robots":{"index":"index","follow":"follow","max-snippet":"max-snippet:-1","max-image-preview":"max-image-preview:large","max-video-preview":"max-video-preview:-1"},"canonical":"https:\/\/dutchmicrodosing.com\/fr\/magique-champignon-spores\/seringues-spores-de-champignons-magiques\/seringue-a-spores-b\/","og_locale":"fr_FR","og_type":"article","og_title":"Seringue \u00e0 spores B+","og_description":"Les champignons que vous pouvez cultiver avec la seringue \u00e0 spores B+ est une vari\u00e9t\u00e9 populaire de Psilocybe cubensis, un type de champignon psychoactif","og_url":"https:\/\/dutchmicrodosing.com\/fr\/magique-champignon-spores\/seringues-spores-de-champignons-magiques\/seringue-a-spores-b\/","og_site_name":"Dutchmicrodosing","article_publisher":"https:\/\/www.facebook.com\/Dutchmicrodosingxp\/","article_modified_time":"2025-10-01T20:43:44+00:00","og_image":[{"width":330,"height":330,"url":"https:\/\/dutchmicrodosing.com\/wp-content\/uploads\/2024\/05\/mondo-sporenspuit-psilocybe-cubensis-treasure-coast.jpg","type":"image\/jpeg"}],"twitter_card":"summary_large_image","schema":{"@context":"https:\/\/schema.org","@graph":[{"@type":"WebPage","@id":"https:\/\/dutchmicrodosing.com\/fr\/magique-champignon-spores\/seringues-spores-de-champignons-magiques\/seringue-a-spores-b\/","url":"https:\/\/dutchmicrodosing.com\/fr\/magique-champignon-spores\/seringues-spores-de-champignons-magiques\/seringue-a-spores-b\/","name":"Seringue \u00e0 spores B+ - Dutchmicrodosing","isPartOf":{"@id":"https:\/\/dutchmicrodosing.com\/fr\/#website"},"primaryImageOfPage":{"@id":"https:\/\/dutchmicrodosing.com\/fr\/magique-champignon-spores\/seringues-spores-de-champignons-magiques\/seringue-a-spores-b\/#primaryimage"},"image":{"@id":"https:\/\/dutchmicrodosing.com\/fr\/magique-champignon-spores\/seringues-spores-de-champignons-magiques\/seringue-a-spores-b\/#primaryimage"},"thumbnailUrl":"https:\/\/dutchmicrodosing.com\/wp-content\/uploads\/2024\/05\/mondo-sporenspuit-psilocybe-cubensis-treasure-coast.jpg","datePublished":"2024-05-12T09:07:06+00:00","dateModified":"2025-10-01T20:43:44+00:00","description":"D\u00e9couvrez la puissance du Spore Sprayer B+. Parfait pour les cultivateurs novices et exp\u00e9riment\u00e9s. Cultivez facilement vos propres champignons B+ avec des spores !","breadcrumb":{"@id":"https:\/\/dutchmicrodosing.com\/fr\/magique-champignon-spores\/seringues-spores-de-champignons-magiques\/seringue-a-spores-b\/#breadcrumb"},"inLanguage":"fr-FR","potentialAction":[{"@type":"ReadAction","target":["https:\/\/dutchmicrodosing.com\/fr\/magique-champignon-spores\/seringues-spores-de-champignons-magiques\/seringue-a-spores-b\/"]}]},{"@type":"ImageObject","inLanguage":"fr-FR","@id":"https:\/\/dutchmicrodosing.com\/fr\/magique-champignon-spores\/seringues-spores-de-champignons-magiques\/seringue-a-spores-b\/#primaryimage","url":"https:\/\/dutchmicrodosing.com\/wp-content\/uploads\/2024\/05\/mondo-sporenspuit-psilocybe-cubensis-treasure-coast.jpg","contentUrl":"https:\/\/dutchmicrodosing.com\/wp-content\/uploads\/2024\/05\/mondo-sporenspuit-psilocybe-cubensis-treasure-coast.jpg","width":330,"height":330},{"@type":"BreadcrumbList","@id":"https:\/\/dutchmicrodosing.com\/fr\/magique-champignon-spores\/seringues-spores-de-champignons-magiques\/seringue-a-spores-b\/#breadcrumb","itemListElement":[{"@type":"ListItem","position":1,"name":"Home","item":"https:\/\/dutchmicrodosing.com\/fr\/"},{"@type":"ListItem","position":2,"name":"Boutique","item":"https:\/\/dutchmicrodosing.com\/fr\/boutique\/"},{"@type":"ListItem","position":3,"name":"Seringue \u00e0 spores B+"}]},{"@type":"WebSite","@id":"https:\/\/dutchmicrodosing.com\/fr\/#website","url":"https:\/\/dutchmicrodosing.com\/fr\/","name":"Dutchmicrodosing","description":"","publisher":{"@id":"https:\/\/dutchmicrodosing.com\/fr\/#organization"},"potentialAction":[{"@type":"SearchAction","target":{"@type":"EntryPoint","urlTemplate":"https:\/\/dutchmicrodosing.com\/fr\/?s={search_term_string}"},"query-input":{"@type":"PropertyValueSpecification","valueRequired":true,"valueName":"search_term_string"}}],"inLanguage":"fr-FR"},{"@type":"Organization","@id":"https:\/\/dutchmicrodosing.com\/fr\/#organization","name":"Dutchmicrodosing","url":"https:\/\/dutchmicrodosing.com\/fr\/","logo":{"@type":"ImageObject","inLanguage":"fr-FR","@id":"https:\/\/dutchmicrodosing.com\/fr\/#\/schema\/logo\/image\/","url":"https:\/\/dutchmicrodosing.com\/wp-content\/uploads\/2021\/01\/microdosing-categorie-pic-nieuw.jpg","contentUrl":"https:\/\/dutchmicrodosing.com\/wp-content\/uploads\/2021\/01\/microdosing-categorie-pic-nieuw.jpg","width":500,"height":500,"caption":"Dutchmicrodosing"},"image":{"@id":"https:\/\/dutchmicrodosing.com\/fr\/#\/schema\/logo\/image\/"},"sameAs":["https:\/\/www.facebook.com\/Dutchmicrodosingxp\/","https:\/\/www.instagram.com\/dutchmicrodosing\/"]}]},"product_price_amount":"17.95","product_price_currency":"EUR","og_availability":"instock","product_availability":"instock","product_retailer_item_id":"0212257","product_condition":"new"},"_links":{"self":[{"href":"https:\/\/dutchmicrodosing.com\/fr\/wp-json\/wp\/v2\/product\/39161","targetHints":{"allow":["GET"]}}],"collection":[{"href":"https:\/\/dutchmicrodosing.com\/fr\/wp-json\/wp\/v2\/product"}],"about":[{"href":"https:\/\/dutchmicrodosing.com\/fr\/wp-json\/wp\/v2\/types\/product"}],"replies":[{"embeddable":true,"href":"https:\/\/dutchmicrodosing.com\/fr\/wp-json\/wp\/v2\/comments?post=39161"}],"version-history":[{"count":0,"href":"https:\/\/dutchmicrodosing.com\/fr\/wp-json\/wp\/v2\/product\/39161\/revisions"}],"wp:featuredmedia":[{"embeddable":true,"href":"https:\/\/dutchmicrodosing.com\/fr\/wp-json\/wp\/v2\/media\/39148"}],"wp:attachment":[{"href":"https:\/\/dutchmicrodosing.com\/fr\/wp-json\/wp\/v2\/media?parent=39161"}],"wp:term":[{"taxonomy":"product_brand","embeddable":true,"href":"https:\/\/dutchmicrodosing.com\/fr\/wp-json\/wp\/v2\/product_brand?post=39161"},{"taxonomy":"product_cat","embeddable":true,"href":"https:\/\/dutchmicrodosing.com\/fr\/wp-json\/wp\/v2\/product_cat?post=39161"},{"taxonomy":"product_tag","embeddable":true,"href":"https:\/\/dutchmicrodosing.com\/fr\/wp-json\/wp\/v2\/product_tag?post=39161"}],"curies":[{"name":"wp","href":"https:\/\/api.w.org\/{rel}","templated":true}]}}