{"id":39168,"date":"2024-05-12T11:16:54","date_gmt":"2024-05-12T09:16:54","guid":{"rendered":"https:\/\/dutchmicrodosing.com\/shop\/non%20class\u00e9\/seringue-a-spores-pes-hawaii\/"},"modified":"2025-09-09T13:24:19","modified_gmt":"2025-09-09T11:24:19","slug":"seringue-a-spores-pes-hawaii","status":"publish","type":"product","link":"https:\/\/dutchmicrodosing.com\/fr\/magique-champignon-spores\/seringues-spores-de-champignons-magiques\/seringue-a-spores-pes-hawaii\/","title":{"rendered":"Seringue \u00e0 spores PES Hawaii"},"content":{"rendered":"<p>La <strong>PES Hawaii Psilocybe cubensis<\/strong> est une vari\u00e9t\u00e9 int\u00e9ressante, visuellement attrayante et connue pour ses effets potentiellement puissants. Bien que son nom \u00e9voque des origines hawa\u00efennes, cette vari\u00e9t\u00e9 porte en fait le nom de la soci\u00e9t\u00e9 Pacific Exotica Spora, bas\u00e9e \u00e0 Hawa\u00ef. Ces champignons ne sont pas apparent\u00e9s au Copelandia hawa\u00efen (Panaeolus cyanascens), plus connu et extr\u00eamement puissant, mais appartiennent \u00e0 la famille Psilocybe cubensis, plus douce et plus puissante.<\/p>\n<p>Le PES Hawaii se distingue par son esth\u00e9tique, avec des chapeaux en forme de cloche allant du caramel au rouge fonc\u00e9, ce qui le diff\u00e9rencie visuellement de nombreuses autres esp\u00e8ces. En termes de taille, le myc\u00e9lium de PES Hawaii a la capacit\u00e9 de produire des fruits plus gros que la souche cambodgienne, par exemple, ce qui en fait un choix int\u00e9ressant pour les personnes int\u00e9ress\u00e9es par des rendements importants.<\/p>\n<h2>Effets des champignons \u00e0 psilocybine Mondo PES Hawaii<\/h2>\n<p>Les champignons PES Hawaii sont un peu trop forts pour une premi\u00e8re introduction aux champignons \u00e0 psilocybine. Ils sont faciles \u00e0 cultiver et leurs effets sont parfaits pour ceux qui ont d\u00e9j\u00e0 consomm\u00e9 des champignons psilocybines et qui recherchent quelque chose de plus fort. Le PES du champignon Hawa\u00ef est assez \u00e9lev\u00e9 en visuel, cr\u00e9ativit\u00e9 et moyen en philosophie et \u00e9nergie corporelle.<\/p>\n<h2>Informations sur la culture Mondo Spore Syringe PES Hawaii<\/h2>\n<ul>\n<li>Difficult\u00e9 de culture : Facile<\/li>\n<li>Substrat : Fumier, paille, diverses c\u00e9r\u00e9ales<\/li>\n<li>Temps de colonisation : 10-13 jours<\/li>\n<li>Temp\u00e9rature de colonisation : 28-30 degr\u00e9s Celsius<\/li>\n<li>Temp\u00e9rature des fruits : 23-26 degr\u00e9s Celsius<\/li>\n<\/ul>\n<h2>Comment pr\u00e9parer ma seringue Mondo Spore PES Hawaii ?<\/h2>\n<p>Avant de commencer \u00e0 faire tomber les spores, vous devez d&rsquo;abord pr\u00e9parer un substrat dans un bac ou un sac de culture. Il est important de bien r\u00e9partir les gouttes de solution de trace sur le substrat. Cela permet au myc\u00e9lium de se d\u00e9velopper plus rapidement et mieux. Les seringues \u00e0 spores Mondo st\u00e9riles sont tr\u00e8s faciles \u00e0 utiliser. Avec une seringue \u00e0 spores PES Hawaii de 20 ml, vous pouvez facilement coloniser 6 litres de substrat.<\/p>\n<ol>\n<li>Mettez des gants et un masque buccal<\/li>\n<li>Retirez la seringue de tra\u00e7age et la seringue de l&#8217;emballage.<\/li>\n<li>D\u00e9vissez le capuchon rouge de la seringue \u00e0 spores et remplacez-le par l&rsquo;aiguille de la seringue.<\/li>\n<li>Inclure un conteneur ou un sac de culture avec le substrat<\/li>\n<li>Appuyez lentement sur le dos de la seringue (le piston) et laissez tomber chaque goutte \u00e9parpill\u00e9e sur le substrat. L&rsquo;endroit o\u00f9 la goutte tombe sur le substrat est un point de croissance potentiel du myc\u00e9lium. En r\u00e9partissant bien la goutte, vous optimiserez la colonisation.<\/li>\n<\/ol>\n<h2>Contenu de votre seringue Mondo Spore PES Hawaii<\/h2>\n<ul>\n<li>1 seringue de spores contient plusieurs millions de spores dissoutes dans 20 ml d&rsquo;eau st\u00e9rile.<\/li>\n<li>1 x Aiguille hypodermique<\/li>\n<li>1 x lingette alcoolis\u00e9e<\/li>\n<\/ul>\n<h2>Combien de champignons PES Hawaii devez-vous prendre ?<\/h2>\n<p>En moyenne, vous pouvez supposer les quantit\u00e9s suivantes :<\/p>\n<ul>\n<li>Microdosage : 0,2 gramme de champignons s\u00e9ch\u00e9s | 2 grammes de champignons frais<\/li>\n<li>Voyage doux : 1,5 gramme de champignons s\u00e9ch\u00e9s | 15 grammes de champignons frais<\/li>\n<li>Voyage normal : 2,5 grammes de champignons s\u00e9ch\u00e9s | 25 grammes de champignons frais<\/li>\n<li>Voyage intense : 3,5 grammes de champignons s\u00e9ch\u00e9s | 35 grammes de champignons frais<\/li>\n<\/ul>\n<h2>Rangement de la seringue Mondo Spore PES Hawaii<\/h2>\n<p>Comme il s&rsquo;agit d&rsquo;un produit sensible, nous vous recommandons de placer la seringue \u00e0 spores au r\u00e9frig\u00e9rateur imm\u00e9diatement apr\u00e8s r\u00e9ception pendant 24 heures \u00e0 une temp\u00e9rature comprise entre 2 et 8 degr\u00e9s avant de l&rsquo;utiliser.<\/p>\n","protected":false},"excerpt":{"rendered":"<p>La PES Hawaii Psilocybe cubensis est une vari\u00e9t\u00e9 int\u00e9ressante, visuellement attrayante et connue pour ses effets potentiellement puissants. Bien que son nom \u00e9voque des origines hawa\u00efennes, cette vari\u00e9t\u00e9 porte en fait le nom de la soci\u00e9t\u00e9 Pacific Exotica Spora, bas\u00e9e \u00e0 Hawa\u00ef. Ces champignons ne sont pas apparent\u00e9s au Copelandia hawa\u00efen (Panaeolus cyanascens), plus connu [&hellip;]<\/p>\n","protected":false},"featured_media":39148,"comment_status":"closed","ping_status":"closed","template":"","meta":[],"product_brand":[],"product_cat":[362],"product_tag":[],"class_list":{"0":"post-39168","1":"product","2":"type-product","3":"status-publish","4":"has-post-thumbnail","6":"product_cat-seringues-spores-de-champignons-magiques","8":"first","9":"instock","10":"taxable","11":"shipping-taxable","12":"purchasable","13":"product-type-simple"},"yoast_head":"<!-- This site is optimized with the Yoast SEO Premium plugin v26.4 (Yoast SEO v27.2) - https:\/\/yoast.com\/product\/yoast-seo-premium-wordpress\/ -->\n<title>Seringue \u00e0 spores PES Hawaii - Dutchmicrodosing<\/title>\n<meta name=\"robots\" content=\"index, follow, max-snippet:-1, max-image-preview:large, max-video-preview:-1\" \/>\n<link rel=\"canonical\" href=\"https:\/\/dutchmicrodosing.com\/fr\/magique-champignon-spores\/seringues-spores-de-champignons-magiques\/seringue-a-spores-pes-hawaii\/\" \/>\n<meta property=\"og:locale\" content=\"fr_FR\" \/>\n<meta property=\"og:type\" content=\"article\" \/>\n<meta property=\"og:title\" content=\"Seringue \u00e0 spores PES Hawaii\" \/>\n<meta property=\"og:description\" content=\"La PES Hawaii Psilocybe cubensis est une vari\u00e9t\u00e9 int\u00e9ressante, visuellement attrayante et connue pour ses effets potentiellement puissants. Bien que son\" \/>\n<meta property=\"og:url\" content=\"https:\/\/dutchmicrodosing.com\/fr\/magique-champignon-spores\/seringues-spores-de-champignons-magiques\/seringue-a-spores-pes-hawaii\/\" \/>\n<meta property=\"og:site_name\" content=\"Dutchmicrodosing\" \/>\n<meta property=\"article:publisher\" content=\"https:\/\/www.facebook.com\/Dutchmicrodosingxp\/\" \/>\n<meta property=\"article:modified_time\" content=\"2025-09-09T11:24:19+00:00\" \/>\n<meta property=\"og:image\" content=\"https:\/\/dutchmicrodosing.com\/wp-content\/uploads\/2024\/05\/mondo-sporenspuit-psilocybe-cubensis-treasure-coast.jpg\" \/>\n\t<meta property=\"og:image:width\" content=\"330\" \/>\n\t<meta property=\"og:image:height\" content=\"330\" \/>\n\t<meta property=\"og:image:type\" content=\"image\/jpeg\" \/>\n<meta name=\"twitter:card\" content=\"summary_large_image\" \/>\n<script type=\"application\/ld+json\" class=\"yoast-schema-graph\">{\"@context\":\"https:\/\/schema.org\",\"@graph\":[{\"@type\":\"WebPage\",\"@id\":\"https:\/\/dutchmicrodosing.com\/fr\/magique-champignon-spores\/seringues-spores-de-champignons-magiques\/seringue-a-spores-pes-hawaii\/\",\"url\":\"https:\/\/dutchmicrodosing.com\/fr\/magique-champignon-spores\/seringues-spores-de-champignons-magiques\/seringue-a-spores-pes-hawaii\/\",\"name\":\"Seringue \u00e0 spores PES Hawaii - Dutchmicrodosing\",\"isPartOf\":{\"@id\":\"https:\/\/dutchmicrodosing.com\/fr\/#website\"},\"primaryImageOfPage\":{\"@id\":\"https:\/\/dutchmicrodosing.com\/fr\/magique-champignon-spores\/seringues-spores-de-champignons-magiques\/seringue-a-spores-pes-hawaii\/#primaryimage\"},\"image\":{\"@id\":\"https:\/\/dutchmicrodosing.com\/fr\/magique-champignon-spores\/seringues-spores-de-champignons-magiques\/seringue-a-spores-pes-hawaii\/#primaryimage\"},\"thumbnailUrl\":\"https:\/\/dutchmicrodosing.com\/wp-content\/uploads\/2024\/05\/mondo-sporenspuit-psilocybe-cubensis-treasure-coast.jpg\",\"datePublished\":\"2024-05-12T09:16:54+00:00\",\"dateModified\":\"2025-09-09T11:24:19+00:00\",\"breadcrumb\":{\"@id\":\"https:\/\/dutchmicrodosing.com\/fr\/magique-champignon-spores\/seringues-spores-de-champignons-magiques\/seringue-a-spores-pes-hawaii\/#breadcrumb\"},\"inLanguage\":\"fr-FR\",\"potentialAction\":[{\"@type\":\"ReadAction\",\"target\":[\"https:\/\/dutchmicrodosing.com\/fr\/magique-champignon-spores\/seringues-spores-de-champignons-magiques\/seringue-a-spores-pes-hawaii\/\"]}]},{\"@type\":\"ImageObject\",\"inLanguage\":\"fr-FR\",\"@id\":\"https:\/\/dutchmicrodosing.com\/fr\/magique-champignon-spores\/seringues-spores-de-champignons-magiques\/seringue-a-spores-pes-hawaii\/#primaryimage\",\"url\":\"https:\/\/dutchmicrodosing.com\/wp-content\/uploads\/2024\/05\/mondo-sporenspuit-psilocybe-cubensis-treasure-coast.jpg\",\"contentUrl\":\"https:\/\/dutchmicrodosing.com\/wp-content\/uploads\/2024\/05\/mondo-sporenspuit-psilocybe-cubensis-treasure-coast.jpg\",\"width\":330,\"height\":330},{\"@type\":\"BreadcrumbList\",\"@id\":\"https:\/\/dutchmicrodosing.com\/fr\/magique-champignon-spores\/seringues-spores-de-champignons-magiques\/seringue-a-spores-pes-hawaii\/#breadcrumb\",\"itemListElement\":[{\"@type\":\"ListItem\",\"position\":1,\"name\":\"Home\",\"item\":\"https:\/\/dutchmicrodosing.com\/fr\/\"},{\"@type\":\"ListItem\",\"position\":2,\"name\":\"Boutique\",\"item\":\"https:\/\/dutchmicrodosing.com\/fr\/boutique\/\"},{\"@type\":\"ListItem\",\"position\":3,\"name\":\"Seringue \u00e0 spores PES Hawaii\"}]},{\"@type\":\"WebSite\",\"@id\":\"https:\/\/dutchmicrodosing.com\/fr\/#website\",\"url\":\"https:\/\/dutchmicrodosing.com\/fr\/\",\"name\":\"Dutchmicrodosing\",\"description\":\"\",\"publisher\":{\"@id\":\"https:\/\/dutchmicrodosing.com\/fr\/#organization\"},\"potentialAction\":[{\"@type\":\"SearchAction\",\"target\":{\"@type\":\"EntryPoint\",\"urlTemplate\":\"https:\/\/dutchmicrodosing.com\/fr\/?s={search_term_string}\"},\"query-input\":{\"@type\":\"PropertyValueSpecification\",\"valueRequired\":true,\"valueName\":\"search_term_string\"}}],\"inLanguage\":\"fr-FR\"},{\"@type\":\"Organization\",\"@id\":\"https:\/\/dutchmicrodosing.com\/fr\/#organization\",\"name\":\"Dutchmicrodosing\",\"url\":\"https:\/\/dutchmicrodosing.com\/fr\/\",\"logo\":{\"@type\":\"ImageObject\",\"inLanguage\":\"fr-FR\",\"@id\":\"https:\/\/dutchmicrodosing.com\/fr\/#\/schema\/logo\/image\/\",\"url\":\"https:\/\/dutchmicrodosing.com\/wp-content\/uploads\/2021\/01\/microdosing-categorie-pic-nieuw.jpg\",\"contentUrl\":\"https:\/\/dutchmicrodosing.com\/wp-content\/uploads\/2021\/01\/microdosing-categorie-pic-nieuw.jpg\",\"width\":500,\"height\":500,\"caption\":\"Dutchmicrodosing\"},\"image\":{\"@id\":\"https:\/\/dutchmicrodosing.com\/fr\/#\/schema\/logo\/image\/\"},\"sameAs\":[\"https:\/\/www.facebook.com\/Dutchmicrodosingxp\/\",\"https:\/\/www.instagram.com\/dutchmicrodosing\/\"]}]}<\/script>\n<meta property=\"product:price:amount\" content=\"17.95\" \/>\n<meta property=\"product:price:currency\" content=\"EUR\" \/>\n<meta property=\"og:availability\" content=\"instock\" \/>\n<meta property=\"product:availability\" content=\"instock\" \/>\n<meta property=\"product:retailer_item_id\" content=\"0212360\" \/>\n<meta property=\"product:condition\" content=\"new\" \/>\n<!-- \/ Yoast SEO Premium plugin. -->","yoast_head_json":{"title":"Seringue \u00e0 spores PES Hawaii - Dutchmicrodosing","robots":{"index":"index","follow":"follow","max-snippet":"max-snippet:-1","max-image-preview":"max-image-preview:large","max-video-preview":"max-video-preview:-1"},"canonical":"https:\/\/dutchmicrodosing.com\/fr\/magique-champignon-spores\/seringues-spores-de-champignons-magiques\/seringue-a-spores-pes-hawaii\/","og_locale":"fr_FR","og_type":"article","og_title":"Seringue \u00e0 spores PES Hawaii","og_description":"La PES Hawaii Psilocybe cubensis est une vari\u00e9t\u00e9 int\u00e9ressante, visuellement attrayante et connue pour ses effets potentiellement puissants. Bien que son","og_url":"https:\/\/dutchmicrodosing.com\/fr\/magique-champignon-spores\/seringues-spores-de-champignons-magiques\/seringue-a-spores-pes-hawaii\/","og_site_name":"Dutchmicrodosing","article_publisher":"https:\/\/www.facebook.com\/Dutchmicrodosingxp\/","article_modified_time":"2025-09-09T11:24:19+00:00","og_image":[{"width":330,"height":330,"url":"https:\/\/dutchmicrodosing.com\/wp-content\/uploads\/2024\/05\/mondo-sporenspuit-psilocybe-cubensis-treasure-coast.jpg","type":"image\/jpeg"}],"twitter_card":"summary_large_image","schema":{"@context":"https:\/\/schema.org","@graph":[{"@type":"WebPage","@id":"https:\/\/dutchmicrodosing.com\/fr\/magique-champignon-spores\/seringues-spores-de-champignons-magiques\/seringue-a-spores-pes-hawaii\/","url":"https:\/\/dutchmicrodosing.com\/fr\/magique-champignon-spores\/seringues-spores-de-champignons-magiques\/seringue-a-spores-pes-hawaii\/","name":"Seringue \u00e0 spores PES Hawaii - Dutchmicrodosing","isPartOf":{"@id":"https:\/\/dutchmicrodosing.com\/fr\/#website"},"primaryImageOfPage":{"@id":"https:\/\/dutchmicrodosing.com\/fr\/magique-champignon-spores\/seringues-spores-de-champignons-magiques\/seringue-a-spores-pes-hawaii\/#primaryimage"},"image":{"@id":"https:\/\/dutchmicrodosing.com\/fr\/magique-champignon-spores\/seringues-spores-de-champignons-magiques\/seringue-a-spores-pes-hawaii\/#primaryimage"},"thumbnailUrl":"https:\/\/dutchmicrodosing.com\/wp-content\/uploads\/2024\/05\/mondo-sporenspuit-psilocybe-cubensis-treasure-coast.jpg","datePublished":"2024-05-12T09:16:54+00:00","dateModified":"2025-09-09T11:24:19+00:00","breadcrumb":{"@id":"https:\/\/dutchmicrodosing.com\/fr\/magique-champignon-spores\/seringues-spores-de-champignons-magiques\/seringue-a-spores-pes-hawaii\/#breadcrumb"},"inLanguage":"fr-FR","potentialAction":[{"@type":"ReadAction","target":["https:\/\/dutchmicrodosing.com\/fr\/magique-champignon-spores\/seringues-spores-de-champignons-magiques\/seringue-a-spores-pes-hawaii\/"]}]},{"@type":"ImageObject","inLanguage":"fr-FR","@id":"https:\/\/dutchmicrodosing.com\/fr\/magique-champignon-spores\/seringues-spores-de-champignons-magiques\/seringue-a-spores-pes-hawaii\/#primaryimage","url":"https:\/\/dutchmicrodosing.com\/wp-content\/uploads\/2024\/05\/mondo-sporenspuit-psilocybe-cubensis-treasure-coast.jpg","contentUrl":"https:\/\/dutchmicrodosing.com\/wp-content\/uploads\/2024\/05\/mondo-sporenspuit-psilocybe-cubensis-treasure-coast.jpg","width":330,"height":330},{"@type":"BreadcrumbList","@id":"https:\/\/dutchmicrodosing.com\/fr\/magique-champignon-spores\/seringues-spores-de-champignons-magiques\/seringue-a-spores-pes-hawaii\/#breadcrumb","itemListElement":[{"@type":"ListItem","position":1,"name":"Home","item":"https:\/\/dutchmicrodosing.com\/fr\/"},{"@type":"ListItem","position":2,"name":"Boutique","item":"https:\/\/dutchmicrodosing.com\/fr\/boutique\/"},{"@type":"ListItem","position":3,"name":"Seringue \u00e0 spores PES Hawaii"}]},{"@type":"WebSite","@id":"https:\/\/dutchmicrodosing.com\/fr\/#website","url":"https:\/\/dutchmicrodosing.com\/fr\/","name":"Dutchmicrodosing","description":"","publisher":{"@id":"https:\/\/dutchmicrodosing.com\/fr\/#organization"},"potentialAction":[{"@type":"SearchAction","target":{"@type":"EntryPoint","urlTemplate":"https:\/\/dutchmicrodosing.com\/fr\/?s={search_term_string}"},"query-input":{"@type":"PropertyValueSpecification","valueRequired":true,"valueName":"search_term_string"}}],"inLanguage":"fr-FR"},{"@type":"Organization","@id":"https:\/\/dutchmicrodosing.com\/fr\/#organization","name":"Dutchmicrodosing","url":"https:\/\/dutchmicrodosing.com\/fr\/","logo":{"@type":"ImageObject","inLanguage":"fr-FR","@id":"https:\/\/dutchmicrodosing.com\/fr\/#\/schema\/logo\/image\/","url":"https:\/\/dutchmicrodosing.com\/wp-content\/uploads\/2021\/01\/microdosing-categorie-pic-nieuw.jpg","contentUrl":"https:\/\/dutchmicrodosing.com\/wp-content\/uploads\/2021\/01\/microdosing-categorie-pic-nieuw.jpg","width":500,"height":500,"caption":"Dutchmicrodosing"},"image":{"@id":"https:\/\/dutchmicrodosing.com\/fr\/#\/schema\/logo\/image\/"},"sameAs":["https:\/\/www.facebook.com\/Dutchmicrodosingxp\/","https:\/\/www.instagram.com\/dutchmicrodosing\/"]}]},"product_price_amount":"17.95","product_price_currency":"EUR","og_availability":"instock","product_availability":"instock","product_retailer_item_id":"0212360","product_condition":"new"},"_links":{"self":[{"href":"https:\/\/dutchmicrodosing.com\/fr\/wp-json\/wp\/v2\/product\/39168","targetHints":{"allow":["GET"]}}],"collection":[{"href":"https:\/\/dutchmicrodosing.com\/fr\/wp-json\/wp\/v2\/product"}],"about":[{"href":"https:\/\/dutchmicrodosing.com\/fr\/wp-json\/wp\/v2\/types\/product"}],"replies":[{"embeddable":true,"href":"https:\/\/dutchmicrodosing.com\/fr\/wp-json\/wp\/v2\/comments?post=39168"}],"version-history":[{"count":0,"href":"https:\/\/dutchmicrodosing.com\/fr\/wp-json\/wp\/v2\/product\/39168\/revisions"}],"wp:featuredmedia":[{"embeddable":true,"href":"https:\/\/dutchmicrodosing.com\/fr\/wp-json\/wp\/v2\/media\/39148"}],"wp:attachment":[{"href":"https:\/\/dutchmicrodosing.com\/fr\/wp-json\/wp\/v2\/media?parent=39168"}],"wp:term":[{"taxonomy":"product_brand","embeddable":true,"href":"https:\/\/dutchmicrodosing.com\/fr\/wp-json\/wp\/v2\/product_brand?post=39168"},{"taxonomy":"product_cat","embeddable":true,"href":"https:\/\/dutchmicrodosing.com\/fr\/wp-json\/wp\/v2\/product_cat?post=39168"},{"taxonomy":"product_tag","embeddable":true,"href":"https:\/\/dutchmicrodosing.com\/fr\/wp-json\/wp\/v2\/product_tag?post=39168"}],"curies":[{"name":"wp","href":"https:\/\/api.w.org\/{rel}","templated":true}]}}