{"id":39175,"date":"2024-05-12T11:24:16","date_gmt":"2024-05-12T09:24:16","guid":{"rendered":"https:\/\/dutchmicrodosing.com\/shop\/non%20class\u00e9\/seringue-a-spores-mckennaii\/"},"modified":"2025-08-26T01:10:15","modified_gmt":"2025-08-25T23:10:15","slug":"seringue-a-spores-mckennaii","status":"publish","type":"product","link":"https:\/\/dutchmicrodosing.com\/fr\/magique-champignon-spores\/seringues-spores-de-champignons-magiques\/seringue-a-spores-mckennaii\/","title":{"rendered":"Seringue \u00e0 spores McKennaii"},"content":{"rendered":"<p>La <strong>seringue \u00e0 spores McKennaii<\/strong> est une variante remarquable de l&rsquo;esp\u00e8ce Psilocybe cubensis et est connue pour ses effets particuli\u00e8rement puissants. Ce champignon porte le nom de Terrence McKenna, ethnomycologue influent et expert en psych\u00e9d\u00e9liques. McKenna a \u00e9t\u00e9 un pionnier dans la recherche et la promotion de l&rsquo;utilisation des substances psych\u00e9d\u00e9liques, y compris les champignons psilocybines, et a eu un impact significatif sur la perception moderne de ces substances.<\/p>\n<p>Le champignon McKennaii lui-m\u00eame produit des fruits de taille moyenne avec des chapeaux marron clair qui ne deviennent pas particuli\u00e8rement gros, mais la force de cette vari\u00e9t\u00e9 r\u00e9side dans ses effets psychoactifs. Il s&rsquo;agit notamment d&rsquo;hallucinations visuelles intenses et de profondes intuitions philosophiques et cr\u00e9atives, souvent d\u00e9crites comme un \u00e9veil spirituel. En raison de ces effets extr\u00eames, le McKennaii est souvent consid\u00e9r\u00e9 comme trop intense pour les d\u00e9butants et convient donc mieux aux utilisateurs plus exp\u00e9riment\u00e9s de psych\u00e9d\u00e9liques.<\/p>\n<h2>Effets des champignons psilocybine Mondo McKennaii<\/h2>\n<p>Le champignon McKennaii ne convient pas aux d\u00e9butants. Ils sont faciles \u00e0 cultiver et leurs effets sont parfaits pour ceux qui ont d\u00e9j\u00e0 exp\u00e9riment\u00e9 les champignons \u00e0 psilocybine. Le champignon McKennaii est tr\u00e8s visuel, cr\u00e9atif, philosophique et moyennement \u00e9nerg\u00e9tique.<\/p>\n<h2>Informations sur l&rsquo;\u00e9levage Seringue \u00e0 spores Mondo McKennaii<\/h2>\n<ul>\n<li>Difficult\u00e9 de culture : Facile<\/li>\n<li>Substrat : Fumier, paille, diverses c\u00e9r\u00e9ales<\/li>\n<li>Temps de colonisation : 12-14 jours<\/li>\n<li>Temp\u00e9rature de colonisation : 28-30 degr\u00e9s Celsius<\/li>\n<li>Temp\u00e9rature des fruits : 18-27 degr\u00e9s Celsius<\/li>\n<\/ul>\n<h2>Comment pr\u00e9parer ma seringue Mondo Spore McKennaii<\/h2>\n<p>Avant de commencer \u00e0 faire tomber les spores, vous devez d&rsquo;abord pr\u00e9parer un substrat dans un bac ou un sac de culture. Il est important de bien r\u00e9partir les gouttes de solution de trace sur le substrat. Cela permet au myc\u00e9lium de se d\u00e9velopper plus rapidement et mieux. Les seringues \u00e0 spores Mondo st\u00e9riles sont tr\u00e8s faciles \u00e0 utiliser. Avec une seringue de spores McKennaii de 20 ml, vous pouvez facilement coloniser 6 litres de substrat.<\/p>\n<ol>\n<li>Mettez des gants et un masque buccal<\/li>\n<li>Retirez la seringue de tra\u00e7age et la seringue de l&#8217;emballage.<\/li>\n<li>D\u00e9vissez le capuchon rouge de la seringue \u00e0 spores et remplacez-le par l&rsquo;aiguille de la seringue.<\/li>\n<li>Inclure un conteneur ou un sac de culture avec le substrat<\/li>\n<li>Appuyez lentement sur le dos de la seringue (le piston) et laissez tomber chaque goutte \u00e9parpill\u00e9e sur le substrat. L&rsquo;endroit o\u00f9 la goutte tombe sur le substrat est un point de croissance potentiel du myc\u00e9lium. En r\u00e9partissant bien la goutte, vous optimiserez la colonisation.<\/li>\n<\/ol>\n<h2>Contenu de votre seringue Mondo Spore McKennaii<\/h2>\n<ul>\n<li>1 seringue de spores contient plusieurs millions de spores dissoutes dans 20 ml d&rsquo;eau st\u00e9rile.<\/li>\n<li>1 x Aiguille hypodermique<\/li>\n<li>1 x lingette alcoolis\u00e9e<\/li>\n<\/ul>\n<h2>Combien de champignons McKennaii devez-vous prendre ?<\/h2>\n<p>En moyenne, vous pouvez supposer les quantit\u00e9s suivantes :<\/p>\n<ul>\n<li>Voyage doux : 1 gramme de champignons s\u00e9ch\u00e9s | 10 grammes de champignons frais<\/li>\n<li>Voyage normal : 2 grammes de champignons s\u00e9ch\u00e9s | 20 grammes de champignons frais<\/li>\n<li>Voyage intense : 3 grammes de champignons s\u00e9ch\u00e9s | 30 grammes de champignons frais<\/li>\n<\/ul>\n<h2>Sauvegarder votre pulv\u00e9risateur de spores Mondo McKennaii<\/h2>\n<p>Comme il s&rsquo;agit d&rsquo;un produit sensible, nous vous recommandons de placer la seringue \u00e0 spores dans le r\u00e9frig\u00e9rateur \u00e0 une temp\u00e9rature comprise entre 2 et 8 degr\u00e9s imm\u00e9diatement apr\u00e8s r\u00e9ception et pendant 24 heures avant de l&rsquo;utiliser.<\/p>\n","protected":false},"excerpt":{"rendered":"<p>La seringue \u00e0 spores McKennaii est une variante remarquable de l&rsquo;esp\u00e8ce Psilocybe cubensis et est connue pour ses effets particuli\u00e8rement puissants. Ce champignon porte le nom de Terrence McKenna, ethnomycologue influent et expert en psych\u00e9d\u00e9liques. McKenna a \u00e9t\u00e9 un pionnier dans la recherche et la promotion de l&rsquo;utilisation des substances psych\u00e9d\u00e9liques, y compris les champignons [&hellip;]<\/p>\n","protected":false},"featured_media":39148,"comment_status":"closed","ping_status":"closed","template":"","meta":[],"product_brand":[],"product_cat":[362],"product_tag":[],"class_list":{"0":"post-39175","1":"product","2":"type-product","3":"status-publish","4":"has-post-thumbnail","6":"product_cat-seringues-spores-de-champignons-magiques","8":"first","9":"instock","10":"taxable","11":"shipping-taxable","12":"purchasable","13":"product-type-simple"},"yoast_head":"<!-- This site is optimized with the Yoast SEO Premium plugin v26.4 (Yoast SEO v27.2) - https:\/\/yoast.com\/product\/yoast-seo-premium-wordpress\/ -->\n<title>Seringue \u00e0 spores McKennaii - Dutchmicrodosing<\/title>\n<meta name=\"description\" content=\"D\u00e9couvrez le puissant Spore Spray McKennaii pour cultiver des champignons uniques et visuellement impressionnants. Cliquez ici pour plus d&#039;informations...\" \/>\n<meta name=\"robots\" content=\"index, follow, max-snippet:-1, max-image-preview:large, max-video-preview:-1\" \/>\n<link rel=\"canonical\" href=\"https:\/\/dutchmicrodosing.com\/fr\/magique-champignon-spores\/seringues-spores-de-champignons-magiques\/seringue-a-spores-mckennaii\/\" \/>\n<meta property=\"og:locale\" content=\"fr_FR\" \/>\n<meta property=\"og:type\" content=\"article\" \/>\n<meta property=\"og:title\" content=\"Seringue \u00e0 spores McKennaii\" \/>\n<meta property=\"og:description\" content=\"La seringue \u00e0 spores McKennaii est une variante remarquable de l&#039;esp\u00e8ce Psilocybe cubensis et est connue pour ses effets particuli\u00e8rement puissants. Ce\" \/>\n<meta property=\"og:url\" content=\"https:\/\/dutchmicrodosing.com\/fr\/magique-champignon-spores\/seringues-spores-de-champignons-magiques\/seringue-a-spores-mckennaii\/\" \/>\n<meta property=\"og:site_name\" content=\"Dutchmicrodosing\" \/>\n<meta property=\"article:publisher\" content=\"https:\/\/www.facebook.com\/Dutchmicrodosingxp\/\" \/>\n<meta property=\"article:modified_time\" content=\"2025-08-25T23:10:15+00:00\" \/>\n<meta property=\"og:image\" content=\"https:\/\/dutchmicrodosing.com\/wp-content\/uploads\/2024\/05\/mondo-sporenspuit-psilocybe-cubensis-treasure-coast.jpg\" \/>\n\t<meta property=\"og:image:width\" content=\"330\" \/>\n\t<meta property=\"og:image:height\" content=\"330\" \/>\n\t<meta property=\"og:image:type\" content=\"image\/jpeg\" \/>\n<meta name=\"twitter:card\" content=\"summary_large_image\" \/>\n<script type=\"application\/ld+json\" class=\"yoast-schema-graph\">{\"@context\":\"https:\/\/schema.org\",\"@graph\":[{\"@type\":\"WebPage\",\"@id\":\"https:\/\/dutchmicrodosing.com\/fr\/magique-champignon-spores\/seringues-spores-de-champignons-magiques\/seringue-a-spores-mckennaii\/\",\"url\":\"https:\/\/dutchmicrodosing.com\/fr\/magique-champignon-spores\/seringues-spores-de-champignons-magiques\/seringue-a-spores-mckennaii\/\",\"name\":\"Seringue \u00e0 spores McKennaii - Dutchmicrodosing\",\"isPartOf\":{\"@id\":\"https:\/\/dutchmicrodosing.com\/fr\/#website\"},\"primaryImageOfPage\":{\"@id\":\"https:\/\/dutchmicrodosing.com\/fr\/magique-champignon-spores\/seringues-spores-de-champignons-magiques\/seringue-a-spores-mckennaii\/#primaryimage\"},\"image\":{\"@id\":\"https:\/\/dutchmicrodosing.com\/fr\/magique-champignon-spores\/seringues-spores-de-champignons-magiques\/seringue-a-spores-mckennaii\/#primaryimage\"},\"thumbnailUrl\":\"https:\/\/dutchmicrodosing.com\/wp-content\/uploads\/2024\/05\/mondo-sporenspuit-psilocybe-cubensis-treasure-coast.jpg\",\"datePublished\":\"2024-05-12T09:24:16+00:00\",\"dateModified\":\"2025-08-25T23:10:15+00:00\",\"description\":\"D\u00e9couvrez le puissant Spore Spray McKennaii pour cultiver des champignons uniques et visuellement impressionnants. Cliquez ici pour plus d'informations...\",\"breadcrumb\":{\"@id\":\"https:\/\/dutchmicrodosing.com\/fr\/magique-champignon-spores\/seringues-spores-de-champignons-magiques\/seringue-a-spores-mckennaii\/#breadcrumb\"},\"inLanguage\":\"fr-FR\",\"potentialAction\":[{\"@type\":\"ReadAction\",\"target\":[\"https:\/\/dutchmicrodosing.com\/fr\/magique-champignon-spores\/seringues-spores-de-champignons-magiques\/seringue-a-spores-mckennaii\/\"]}]},{\"@type\":\"ImageObject\",\"inLanguage\":\"fr-FR\",\"@id\":\"https:\/\/dutchmicrodosing.com\/fr\/magique-champignon-spores\/seringues-spores-de-champignons-magiques\/seringue-a-spores-mckennaii\/#primaryimage\",\"url\":\"https:\/\/dutchmicrodosing.com\/wp-content\/uploads\/2024\/05\/mondo-sporenspuit-psilocybe-cubensis-treasure-coast.jpg\",\"contentUrl\":\"https:\/\/dutchmicrodosing.com\/wp-content\/uploads\/2024\/05\/mondo-sporenspuit-psilocybe-cubensis-treasure-coast.jpg\",\"width\":330,\"height\":330},{\"@type\":\"BreadcrumbList\",\"@id\":\"https:\/\/dutchmicrodosing.com\/fr\/magique-champignon-spores\/seringues-spores-de-champignons-magiques\/seringue-a-spores-mckennaii\/#breadcrumb\",\"itemListElement\":[{\"@type\":\"ListItem\",\"position\":1,\"name\":\"Home\",\"item\":\"https:\/\/dutchmicrodosing.com\/fr\/\"},{\"@type\":\"ListItem\",\"position\":2,\"name\":\"Boutique\",\"item\":\"https:\/\/dutchmicrodosing.com\/fr\/boutique\/\"},{\"@type\":\"ListItem\",\"position\":3,\"name\":\"Seringue \u00e0 spores McKennaii\"}]},{\"@type\":\"WebSite\",\"@id\":\"https:\/\/dutchmicrodosing.com\/fr\/#website\",\"url\":\"https:\/\/dutchmicrodosing.com\/fr\/\",\"name\":\"Dutchmicrodosing\",\"description\":\"\",\"publisher\":{\"@id\":\"https:\/\/dutchmicrodosing.com\/fr\/#organization\"},\"potentialAction\":[{\"@type\":\"SearchAction\",\"target\":{\"@type\":\"EntryPoint\",\"urlTemplate\":\"https:\/\/dutchmicrodosing.com\/fr\/?s={search_term_string}\"},\"query-input\":{\"@type\":\"PropertyValueSpecification\",\"valueRequired\":true,\"valueName\":\"search_term_string\"}}],\"inLanguage\":\"fr-FR\"},{\"@type\":\"Organization\",\"@id\":\"https:\/\/dutchmicrodosing.com\/fr\/#organization\",\"name\":\"Dutchmicrodosing\",\"url\":\"https:\/\/dutchmicrodosing.com\/fr\/\",\"logo\":{\"@type\":\"ImageObject\",\"inLanguage\":\"fr-FR\",\"@id\":\"https:\/\/dutchmicrodosing.com\/fr\/#\/schema\/logo\/image\/\",\"url\":\"https:\/\/dutchmicrodosing.com\/wp-content\/uploads\/2021\/01\/microdosing-categorie-pic-nieuw.jpg\",\"contentUrl\":\"https:\/\/dutchmicrodosing.com\/wp-content\/uploads\/2021\/01\/microdosing-categorie-pic-nieuw.jpg\",\"width\":500,\"height\":500,\"caption\":\"Dutchmicrodosing\"},\"image\":{\"@id\":\"https:\/\/dutchmicrodosing.com\/fr\/#\/schema\/logo\/image\/\"},\"sameAs\":[\"https:\/\/www.facebook.com\/Dutchmicrodosingxp\/\",\"https:\/\/www.instagram.com\/dutchmicrodosing\/\"]}]}<\/script>\n<meta property=\"product:price:amount\" content=\"17.95\" \/>\n<meta property=\"product:price:currency\" content=\"EUR\" \/>\n<meta property=\"og:availability\" content=\"instock\" \/>\n<meta property=\"product:availability\" content=\"instock\" \/>\n<meta property=\"product:retailer_item_id\" content=\"0212105\" \/>\n<meta property=\"product:condition\" content=\"new\" \/>\n<!-- \/ Yoast SEO Premium plugin. -->","yoast_head_json":{"title":"Seringue \u00e0 spores McKennaii - Dutchmicrodosing","description":"D\u00e9couvrez le puissant Spore Spray McKennaii pour cultiver des champignons uniques et visuellement impressionnants. Cliquez ici pour plus d'informations...","robots":{"index":"index","follow":"follow","max-snippet":"max-snippet:-1","max-image-preview":"max-image-preview:large","max-video-preview":"max-video-preview:-1"},"canonical":"https:\/\/dutchmicrodosing.com\/fr\/magique-champignon-spores\/seringues-spores-de-champignons-magiques\/seringue-a-spores-mckennaii\/","og_locale":"fr_FR","og_type":"article","og_title":"Seringue \u00e0 spores McKennaii","og_description":"La seringue \u00e0 spores McKennaii est une variante remarquable de l'esp\u00e8ce Psilocybe cubensis et est connue pour ses effets particuli\u00e8rement puissants. Ce","og_url":"https:\/\/dutchmicrodosing.com\/fr\/magique-champignon-spores\/seringues-spores-de-champignons-magiques\/seringue-a-spores-mckennaii\/","og_site_name":"Dutchmicrodosing","article_publisher":"https:\/\/www.facebook.com\/Dutchmicrodosingxp\/","article_modified_time":"2025-08-25T23:10:15+00:00","og_image":[{"width":330,"height":330,"url":"https:\/\/dutchmicrodosing.com\/wp-content\/uploads\/2024\/05\/mondo-sporenspuit-psilocybe-cubensis-treasure-coast.jpg","type":"image\/jpeg"}],"twitter_card":"summary_large_image","schema":{"@context":"https:\/\/schema.org","@graph":[{"@type":"WebPage","@id":"https:\/\/dutchmicrodosing.com\/fr\/magique-champignon-spores\/seringues-spores-de-champignons-magiques\/seringue-a-spores-mckennaii\/","url":"https:\/\/dutchmicrodosing.com\/fr\/magique-champignon-spores\/seringues-spores-de-champignons-magiques\/seringue-a-spores-mckennaii\/","name":"Seringue \u00e0 spores McKennaii - Dutchmicrodosing","isPartOf":{"@id":"https:\/\/dutchmicrodosing.com\/fr\/#website"},"primaryImageOfPage":{"@id":"https:\/\/dutchmicrodosing.com\/fr\/magique-champignon-spores\/seringues-spores-de-champignons-magiques\/seringue-a-spores-mckennaii\/#primaryimage"},"image":{"@id":"https:\/\/dutchmicrodosing.com\/fr\/magique-champignon-spores\/seringues-spores-de-champignons-magiques\/seringue-a-spores-mckennaii\/#primaryimage"},"thumbnailUrl":"https:\/\/dutchmicrodosing.com\/wp-content\/uploads\/2024\/05\/mondo-sporenspuit-psilocybe-cubensis-treasure-coast.jpg","datePublished":"2024-05-12T09:24:16+00:00","dateModified":"2025-08-25T23:10:15+00:00","description":"D\u00e9couvrez le puissant Spore Spray McKennaii pour cultiver des champignons uniques et visuellement impressionnants. Cliquez ici pour plus d'informations...","breadcrumb":{"@id":"https:\/\/dutchmicrodosing.com\/fr\/magique-champignon-spores\/seringues-spores-de-champignons-magiques\/seringue-a-spores-mckennaii\/#breadcrumb"},"inLanguage":"fr-FR","potentialAction":[{"@type":"ReadAction","target":["https:\/\/dutchmicrodosing.com\/fr\/magique-champignon-spores\/seringues-spores-de-champignons-magiques\/seringue-a-spores-mckennaii\/"]}]},{"@type":"ImageObject","inLanguage":"fr-FR","@id":"https:\/\/dutchmicrodosing.com\/fr\/magique-champignon-spores\/seringues-spores-de-champignons-magiques\/seringue-a-spores-mckennaii\/#primaryimage","url":"https:\/\/dutchmicrodosing.com\/wp-content\/uploads\/2024\/05\/mondo-sporenspuit-psilocybe-cubensis-treasure-coast.jpg","contentUrl":"https:\/\/dutchmicrodosing.com\/wp-content\/uploads\/2024\/05\/mondo-sporenspuit-psilocybe-cubensis-treasure-coast.jpg","width":330,"height":330},{"@type":"BreadcrumbList","@id":"https:\/\/dutchmicrodosing.com\/fr\/magique-champignon-spores\/seringues-spores-de-champignons-magiques\/seringue-a-spores-mckennaii\/#breadcrumb","itemListElement":[{"@type":"ListItem","position":1,"name":"Home","item":"https:\/\/dutchmicrodosing.com\/fr\/"},{"@type":"ListItem","position":2,"name":"Boutique","item":"https:\/\/dutchmicrodosing.com\/fr\/boutique\/"},{"@type":"ListItem","position":3,"name":"Seringue \u00e0 spores McKennaii"}]},{"@type":"WebSite","@id":"https:\/\/dutchmicrodosing.com\/fr\/#website","url":"https:\/\/dutchmicrodosing.com\/fr\/","name":"Dutchmicrodosing","description":"","publisher":{"@id":"https:\/\/dutchmicrodosing.com\/fr\/#organization"},"potentialAction":[{"@type":"SearchAction","target":{"@type":"EntryPoint","urlTemplate":"https:\/\/dutchmicrodosing.com\/fr\/?s={search_term_string}"},"query-input":{"@type":"PropertyValueSpecification","valueRequired":true,"valueName":"search_term_string"}}],"inLanguage":"fr-FR"},{"@type":"Organization","@id":"https:\/\/dutchmicrodosing.com\/fr\/#organization","name":"Dutchmicrodosing","url":"https:\/\/dutchmicrodosing.com\/fr\/","logo":{"@type":"ImageObject","inLanguage":"fr-FR","@id":"https:\/\/dutchmicrodosing.com\/fr\/#\/schema\/logo\/image\/","url":"https:\/\/dutchmicrodosing.com\/wp-content\/uploads\/2021\/01\/microdosing-categorie-pic-nieuw.jpg","contentUrl":"https:\/\/dutchmicrodosing.com\/wp-content\/uploads\/2021\/01\/microdosing-categorie-pic-nieuw.jpg","width":500,"height":500,"caption":"Dutchmicrodosing"},"image":{"@id":"https:\/\/dutchmicrodosing.com\/fr\/#\/schema\/logo\/image\/"},"sameAs":["https:\/\/www.facebook.com\/Dutchmicrodosingxp\/","https:\/\/www.instagram.com\/dutchmicrodosing\/"]}]},"product_price_amount":"17.95","product_price_currency":"EUR","og_availability":"instock","product_availability":"instock","product_retailer_item_id":"0212105","product_condition":"new"},"_links":{"self":[{"href":"https:\/\/dutchmicrodosing.com\/fr\/wp-json\/wp\/v2\/product\/39175","targetHints":{"allow":["GET"]}}],"collection":[{"href":"https:\/\/dutchmicrodosing.com\/fr\/wp-json\/wp\/v2\/product"}],"about":[{"href":"https:\/\/dutchmicrodosing.com\/fr\/wp-json\/wp\/v2\/types\/product"}],"replies":[{"embeddable":true,"href":"https:\/\/dutchmicrodosing.com\/fr\/wp-json\/wp\/v2\/comments?post=39175"}],"version-history":[{"count":0,"href":"https:\/\/dutchmicrodosing.com\/fr\/wp-json\/wp\/v2\/product\/39175\/revisions"}],"wp:featuredmedia":[{"embeddable":true,"href":"https:\/\/dutchmicrodosing.com\/fr\/wp-json\/wp\/v2\/media\/39148"}],"wp:attachment":[{"href":"https:\/\/dutchmicrodosing.com\/fr\/wp-json\/wp\/v2\/media?parent=39175"}],"wp:term":[{"taxonomy":"product_brand","embeddable":true,"href":"https:\/\/dutchmicrodosing.com\/fr\/wp-json\/wp\/v2\/product_brand?post=39175"},{"taxonomy":"product_cat","embeddable":true,"href":"https:\/\/dutchmicrodosing.com\/fr\/wp-json\/wp\/v2\/product_cat?post=39175"},{"taxonomy":"product_tag","embeddable":true,"href":"https:\/\/dutchmicrodosing.com\/fr\/wp-json\/wp\/v2\/product_tag?post=39175"}],"curies":[{"name":"wp","href":"https:\/\/api.w.org\/{rel}","templated":true}]}}