{"id":39237,"date":"2024-05-12T19:11:20","date_gmt":"2024-05-12T17:11:20","guid":{"rendered":"https:\/\/dutchmicrodosing.com\/shop\/non%20class\u00e9\/b-sporeprint\/"},"modified":"2025-09-15T11:26:23","modified_gmt":"2025-09-15T09:26:23","slug":"b-sporeprint","status":"publish","type":"product","link":"https:\/\/dutchmicrodosing.com\/fr\/magique-champignon-spores\/empreinte-de-spores\/b-sporeprint\/","title":{"rendered":"B+ Sporeprint"},"content":{"rendered":"<p>Achetez une <strong>empreinte de spore B+<\/strong> pour une culture de myc\u00e9lium et de paddock de haute qualit\u00e9. Parfait pour les mycologues et les amateurs. Une impression de spores de champignons est une impression des spores d&rsquo;un champignon, obtenue en faisant tomber les spores du chapeau du champignon sur une surface appropri\u00e9e. Les empreintes de spores sont souvent utilis\u00e9es par les mycologues et les amateurs pour identifier les champignons, collecter des spores en vue d&rsquo;un examen microscopique ou cultiver de nouveaux champignons. Voici une explication \u00e9tape par \u00e9tape de la cr\u00e9ation et de l&rsquo;utilisation d&rsquo;une empreinte de spore<\/p>\n<h2>Comment faire un spray de spores de champignons avec un Sporeprint<\/h2>\n<ul>\n<li>Nettoyez et st\u00e9rilisez tout ce que vous utilisez ! Ouvrez soigneusement l&#8217;empreinte de spores et utilisez un couteau st\u00e9rile pour racler quelques spores dans un verre \u00e0 liqueur st\u00e9rile. Une pointe de couteau suffit pour une seringue de 10 cc.<\/li>\n<li>N&rsquo;utilisez pas trop d&rsquo;eau st\u00e9rile, quelques gouttes suffisent.<\/li>\n<li>Utilisez l&rsquo;aiguille de la seringue pour m\u00e9langer les spores avec quelques gouttes d&rsquo;eau st\u00e9rile.<\/li>\n<li>Si vous regardez de pr\u00e8s, vous pouvez voir que les rails se d\u00e9sagr\u00e8gent. Continuez jusqu&rsquo;\u00e0 ce que les spores de champignons soient pratiquement dissoutes dans l&rsquo;eau.<\/li>\n<li>Aspirez l&rsquo;eau contenant les spores dans l&rsquo;aiguille et pressez-la \u00e0 nouveau.<\/li>\n<li>R\u00e9p\u00e9tez ce processus plusieurs fois. Cela permettra aux spores de bien se m\u00e9langer \u00e0 l&rsquo;eau.<\/li>\n<li>Aspirez une derni\u00e8re fois et la seringue \u00e0 spores est maintenant termin\u00e9e et pr\u00eate \u00e0 l&#8217;emploi.<\/li>\n<\/ul>\n<h2>Substrat pour les spores B<\/h2>\n<p>Il existe plusieurs fa\u00e7ons de composer un substrat. Ces spores se d\u00e9veloppent bien sur un substrat de farine de riz brun, de PF Tek, de seigle, ainsi que sur un sol enrichi et du fumier.<\/p>\n<h2>Sauvegarder votre Sporeprint<\/h2>\n<p>Les empreintes de spores de champignons sont r\u00e9alis\u00e9es sur un film st\u00e9rile. Vous pouvez tr\u00e8s bien les conserver dans un sac plastique st\u00e9rile avec fermeture, dans un endroit sec, propre, sombre et frais.<\/p>\n","protected":false},"excerpt":{"rendered":"<p>Achetez une empreinte de spore B+ pour une culture de myc\u00e9lium et de paddock de haute qualit\u00e9. Parfait pour les mycologues et les amateurs. Une impression de spores de champignons est une impression des spores d&rsquo;un champignon, obtenue en faisant tomber les spores du chapeau du champignon sur une surface appropri\u00e9e. Les empreintes de spores [&hellip;]<\/p>\n","protected":false},"featured_media":39216,"comment_status":"closed","ping_status":"closed","template":"","meta":[],"product_brand":[],"product_cat":[368],"product_tag":[],"class_list":{"0":"post-39237","1":"product","2":"type-product","3":"status-publish","4":"has-post-thumbnail","6":"product_cat-empreinte-de-spores","8":"first","9":"instock","10":"taxable","11":"shipping-taxable","12":"purchasable","13":"product-type-simple"},"yoast_head":"<!-- This site is optimized with the Yoast SEO Premium plugin v26.4 (Yoast SEO v27.2) - https:\/\/yoast.com\/product\/yoast-seo-premium-wordpress\/ -->\n<title>B+ Sporeprint - Dutchmicrodosing<\/title>\n<meta name=\"description\" content=\"&quot;Collectionnez et cultivez avec l&#039;empreinte de champignon hawa\u00efen, un choix id\u00e9al pour les mycologues et les amateurs. Commencez d\u00e8s maintenant \u00e0 cultiver des champignons avec des spores !\" \/>\n<meta name=\"robots\" content=\"index, follow, max-snippet:-1, max-image-preview:large, max-video-preview:-1\" \/>\n<link rel=\"canonical\" href=\"https:\/\/dutchmicrodosing.com\/fr\/magique-champignon-spores\/empreinte-de-spores\/b-sporeprint\/\" \/>\n<meta property=\"og:locale\" content=\"fr_FR\" \/>\n<meta property=\"og:type\" content=\"article\" \/>\n<meta property=\"og:title\" content=\"B+ Sporeprint\" \/>\n<meta property=\"og:description\" content=\"Achetez une empreinte de spore B+ pour une culture de myc\u00e9lium et de paddock de haute qualit\u00e9. Parfait pour les mycologues et les amateurs. Une impression\" \/>\n<meta property=\"og:url\" content=\"https:\/\/dutchmicrodosing.com\/fr\/magique-champignon-spores\/empreinte-de-spores\/b-sporeprint\/\" \/>\n<meta property=\"og:site_name\" content=\"Dutchmicrodosing\" \/>\n<meta property=\"article:publisher\" content=\"https:\/\/www.facebook.com\/Dutchmicrodosingxp\/\" \/>\n<meta property=\"article:modified_time\" content=\"2025-09-15T09:26:23+00:00\" \/>\n<meta property=\"og:image\" content=\"https:\/\/dutchmicrodosing.com\/wp-content\/uploads\/2024\/05\/2023_B_sporeprint_1-3-1.jpg\" \/>\n\t<meta property=\"og:image:width\" content=\"1000\" \/>\n\t<meta property=\"og:image:height\" content=\"1000\" \/>\n\t<meta property=\"og:image:type\" content=\"image\/jpeg\" \/>\n<meta name=\"twitter:card\" content=\"summary_large_image\" \/>\n<script type=\"application\/ld+json\" class=\"yoast-schema-graph\">{\"@context\":\"https:\/\/schema.org\",\"@graph\":[{\"@type\":\"WebPage\",\"@id\":\"https:\/\/dutchmicrodosing.com\/fr\/magique-champignon-spores\/empreinte-de-spores\/b-sporeprint\/\",\"url\":\"https:\/\/dutchmicrodosing.com\/fr\/magique-champignon-spores\/empreinte-de-spores\/b-sporeprint\/\",\"name\":\"B+ Sporeprint - Dutchmicrodosing\",\"isPartOf\":{\"@id\":\"https:\/\/dutchmicrodosing.com\/fr\/#website\"},\"primaryImageOfPage\":{\"@id\":\"https:\/\/dutchmicrodosing.com\/fr\/magique-champignon-spores\/empreinte-de-spores\/b-sporeprint\/#primaryimage\"},\"image\":{\"@id\":\"https:\/\/dutchmicrodosing.com\/fr\/magique-champignon-spores\/empreinte-de-spores\/b-sporeprint\/#primaryimage\"},\"thumbnailUrl\":\"https:\/\/dutchmicrodosing.com\/wp-content\/uploads\/2024\/05\/2023_B_sporeprint_1-3-1.jpg\",\"datePublished\":\"2024-05-12T17:11:20+00:00\",\"dateModified\":\"2025-09-15T09:26:23+00:00\",\"description\":\"\\\"Collectionnez et cultivez avec l'empreinte de champignon hawa\u00efen, un choix id\u00e9al pour les mycologues et les amateurs. Commencez d\u00e8s maintenant \u00e0 cultiver des champignons avec des spores !\",\"breadcrumb\":{\"@id\":\"https:\/\/dutchmicrodosing.com\/fr\/magique-champignon-spores\/empreinte-de-spores\/b-sporeprint\/#breadcrumb\"},\"inLanguage\":\"fr-FR\",\"potentialAction\":[{\"@type\":\"ReadAction\",\"target\":[\"https:\/\/dutchmicrodosing.com\/fr\/magique-champignon-spores\/empreinte-de-spores\/b-sporeprint\/\"]}]},{\"@type\":\"ImageObject\",\"inLanguage\":\"fr-FR\",\"@id\":\"https:\/\/dutchmicrodosing.com\/fr\/magique-champignon-spores\/empreinte-de-spores\/b-sporeprint\/#primaryimage\",\"url\":\"https:\/\/dutchmicrodosing.com\/wp-content\/uploads\/2024\/05\/2023_B_sporeprint_1-3-1.jpg\",\"contentUrl\":\"https:\/\/dutchmicrodosing.com\/wp-content\/uploads\/2024\/05\/2023_B_sporeprint_1-3-1.jpg\",\"width\":1000,\"height\":1000},{\"@type\":\"BreadcrumbList\",\"@id\":\"https:\/\/dutchmicrodosing.com\/fr\/magique-champignon-spores\/empreinte-de-spores\/b-sporeprint\/#breadcrumb\",\"itemListElement\":[{\"@type\":\"ListItem\",\"position\":1,\"name\":\"Home\",\"item\":\"https:\/\/dutchmicrodosing.com\/fr\/\"},{\"@type\":\"ListItem\",\"position\":2,\"name\":\"Boutique\",\"item\":\"https:\/\/dutchmicrodosing.com\/fr\/boutique\/\"},{\"@type\":\"ListItem\",\"position\":3,\"name\":\"B+ Sporeprint\"}]},{\"@type\":\"WebSite\",\"@id\":\"https:\/\/dutchmicrodosing.com\/fr\/#website\",\"url\":\"https:\/\/dutchmicrodosing.com\/fr\/\",\"name\":\"Dutchmicrodosing\",\"description\":\"\",\"publisher\":{\"@id\":\"https:\/\/dutchmicrodosing.com\/fr\/#organization\"},\"potentialAction\":[{\"@type\":\"SearchAction\",\"target\":{\"@type\":\"EntryPoint\",\"urlTemplate\":\"https:\/\/dutchmicrodosing.com\/fr\/?s={search_term_string}\"},\"query-input\":{\"@type\":\"PropertyValueSpecification\",\"valueRequired\":true,\"valueName\":\"search_term_string\"}}],\"inLanguage\":\"fr-FR\"},{\"@type\":\"Organization\",\"@id\":\"https:\/\/dutchmicrodosing.com\/fr\/#organization\",\"name\":\"Dutchmicrodosing\",\"url\":\"https:\/\/dutchmicrodosing.com\/fr\/\",\"logo\":{\"@type\":\"ImageObject\",\"inLanguage\":\"fr-FR\",\"@id\":\"https:\/\/dutchmicrodosing.com\/fr\/#\/schema\/logo\/image\/\",\"url\":\"https:\/\/dutchmicrodosing.com\/wp-content\/uploads\/2021\/01\/microdosing-categorie-pic-nieuw.jpg\",\"contentUrl\":\"https:\/\/dutchmicrodosing.com\/wp-content\/uploads\/2021\/01\/microdosing-categorie-pic-nieuw.jpg\",\"width\":500,\"height\":500,\"caption\":\"Dutchmicrodosing\"},\"image\":{\"@id\":\"https:\/\/dutchmicrodosing.com\/fr\/#\/schema\/logo\/image\/\"},\"sameAs\":[\"https:\/\/www.facebook.com\/Dutchmicrodosingxp\/\",\"https:\/\/www.instagram.com\/dutchmicrodosing\/\"]}]}<\/script>\n<meta property=\"product:price:amount\" content=\"17.95\" \/>\n<meta property=\"product:price:currency\" content=\"EUR\" \/>\n<meta property=\"og:availability\" content=\"instock\" \/>\n<meta property=\"product:availability\" content=\"instock\" \/>\n<meta property=\"product:retailer_item_id\" content=\"3209327\" \/>\n<meta property=\"product:condition\" content=\"new\" \/>\n<!-- \/ Yoast SEO Premium plugin. -->","yoast_head_json":{"title":"B+ Sporeprint - Dutchmicrodosing","description":"\"Collectionnez et cultivez avec l'empreinte de champignon hawa\u00efen, un choix id\u00e9al pour les mycologues et les amateurs. Commencez d\u00e8s maintenant \u00e0 cultiver des champignons avec des spores !","robots":{"index":"index","follow":"follow","max-snippet":"max-snippet:-1","max-image-preview":"max-image-preview:large","max-video-preview":"max-video-preview:-1"},"canonical":"https:\/\/dutchmicrodosing.com\/fr\/magique-champignon-spores\/empreinte-de-spores\/b-sporeprint\/","og_locale":"fr_FR","og_type":"article","og_title":"B+ Sporeprint","og_description":"Achetez une empreinte de spore B+ pour une culture de myc\u00e9lium et de paddock de haute qualit\u00e9. Parfait pour les mycologues et les amateurs. Une impression","og_url":"https:\/\/dutchmicrodosing.com\/fr\/magique-champignon-spores\/empreinte-de-spores\/b-sporeprint\/","og_site_name":"Dutchmicrodosing","article_publisher":"https:\/\/www.facebook.com\/Dutchmicrodosingxp\/","article_modified_time":"2025-09-15T09:26:23+00:00","og_image":[{"width":1000,"height":1000,"url":"https:\/\/dutchmicrodosing.com\/wp-content\/uploads\/2024\/05\/2023_B_sporeprint_1-3-1.jpg","type":"image\/jpeg"}],"twitter_card":"summary_large_image","schema":{"@context":"https:\/\/schema.org","@graph":[{"@type":"WebPage","@id":"https:\/\/dutchmicrodosing.com\/fr\/magique-champignon-spores\/empreinte-de-spores\/b-sporeprint\/","url":"https:\/\/dutchmicrodosing.com\/fr\/magique-champignon-spores\/empreinte-de-spores\/b-sporeprint\/","name":"B+ Sporeprint - Dutchmicrodosing","isPartOf":{"@id":"https:\/\/dutchmicrodosing.com\/fr\/#website"},"primaryImageOfPage":{"@id":"https:\/\/dutchmicrodosing.com\/fr\/magique-champignon-spores\/empreinte-de-spores\/b-sporeprint\/#primaryimage"},"image":{"@id":"https:\/\/dutchmicrodosing.com\/fr\/magique-champignon-spores\/empreinte-de-spores\/b-sporeprint\/#primaryimage"},"thumbnailUrl":"https:\/\/dutchmicrodosing.com\/wp-content\/uploads\/2024\/05\/2023_B_sporeprint_1-3-1.jpg","datePublished":"2024-05-12T17:11:20+00:00","dateModified":"2025-09-15T09:26:23+00:00","description":"\"Collectionnez et cultivez avec l'empreinte de champignon hawa\u00efen, un choix id\u00e9al pour les mycologues et les amateurs. Commencez d\u00e8s maintenant \u00e0 cultiver des champignons avec des spores !","breadcrumb":{"@id":"https:\/\/dutchmicrodosing.com\/fr\/magique-champignon-spores\/empreinte-de-spores\/b-sporeprint\/#breadcrumb"},"inLanguage":"fr-FR","potentialAction":[{"@type":"ReadAction","target":["https:\/\/dutchmicrodosing.com\/fr\/magique-champignon-spores\/empreinte-de-spores\/b-sporeprint\/"]}]},{"@type":"ImageObject","inLanguage":"fr-FR","@id":"https:\/\/dutchmicrodosing.com\/fr\/magique-champignon-spores\/empreinte-de-spores\/b-sporeprint\/#primaryimage","url":"https:\/\/dutchmicrodosing.com\/wp-content\/uploads\/2024\/05\/2023_B_sporeprint_1-3-1.jpg","contentUrl":"https:\/\/dutchmicrodosing.com\/wp-content\/uploads\/2024\/05\/2023_B_sporeprint_1-3-1.jpg","width":1000,"height":1000},{"@type":"BreadcrumbList","@id":"https:\/\/dutchmicrodosing.com\/fr\/magique-champignon-spores\/empreinte-de-spores\/b-sporeprint\/#breadcrumb","itemListElement":[{"@type":"ListItem","position":1,"name":"Home","item":"https:\/\/dutchmicrodosing.com\/fr\/"},{"@type":"ListItem","position":2,"name":"Boutique","item":"https:\/\/dutchmicrodosing.com\/fr\/boutique\/"},{"@type":"ListItem","position":3,"name":"B+ Sporeprint"}]},{"@type":"WebSite","@id":"https:\/\/dutchmicrodosing.com\/fr\/#website","url":"https:\/\/dutchmicrodosing.com\/fr\/","name":"Dutchmicrodosing","description":"","publisher":{"@id":"https:\/\/dutchmicrodosing.com\/fr\/#organization"},"potentialAction":[{"@type":"SearchAction","target":{"@type":"EntryPoint","urlTemplate":"https:\/\/dutchmicrodosing.com\/fr\/?s={search_term_string}"},"query-input":{"@type":"PropertyValueSpecification","valueRequired":true,"valueName":"search_term_string"}}],"inLanguage":"fr-FR"},{"@type":"Organization","@id":"https:\/\/dutchmicrodosing.com\/fr\/#organization","name":"Dutchmicrodosing","url":"https:\/\/dutchmicrodosing.com\/fr\/","logo":{"@type":"ImageObject","inLanguage":"fr-FR","@id":"https:\/\/dutchmicrodosing.com\/fr\/#\/schema\/logo\/image\/","url":"https:\/\/dutchmicrodosing.com\/wp-content\/uploads\/2021\/01\/microdosing-categorie-pic-nieuw.jpg","contentUrl":"https:\/\/dutchmicrodosing.com\/wp-content\/uploads\/2021\/01\/microdosing-categorie-pic-nieuw.jpg","width":500,"height":500,"caption":"Dutchmicrodosing"},"image":{"@id":"https:\/\/dutchmicrodosing.com\/fr\/#\/schema\/logo\/image\/"},"sameAs":["https:\/\/www.facebook.com\/Dutchmicrodosingxp\/","https:\/\/www.instagram.com\/dutchmicrodosing\/"]}]},"product_price_amount":"17.95","product_price_currency":"EUR","og_availability":"instock","product_availability":"instock","product_retailer_item_id":"3209327","product_condition":"new"},"_links":{"self":[{"href":"https:\/\/dutchmicrodosing.com\/fr\/wp-json\/wp\/v2\/product\/39237","targetHints":{"allow":["GET"]}}],"collection":[{"href":"https:\/\/dutchmicrodosing.com\/fr\/wp-json\/wp\/v2\/product"}],"about":[{"href":"https:\/\/dutchmicrodosing.com\/fr\/wp-json\/wp\/v2\/types\/product"}],"replies":[{"embeddable":true,"href":"https:\/\/dutchmicrodosing.com\/fr\/wp-json\/wp\/v2\/comments?post=39237"}],"version-history":[{"count":0,"href":"https:\/\/dutchmicrodosing.com\/fr\/wp-json\/wp\/v2\/product\/39237\/revisions"}],"wp:featuredmedia":[{"embeddable":true,"href":"https:\/\/dutchmicrodosing.com\/fr\/wp-json\/wp\/v2\/media\/39216"}],"wp:attachment":[{"href":"https:\/\/dutchmicrodosing.com\/fr\/wp-json\/wp\/v2\/media?parent=39237"}],"wp:term":[{"taxonomy":"product_brand","embeddable":true,"href":"https:\/\/dutchmicrodosing.com\/fr\/wp-json\/wp\/v2\/product_brand?post=39237"},{"taxonomy":"product_cat","embeddable":true,"href":"https:\/\/dutchmicrodosing.com\/fr\/wp-json\/wp\/v2\/product_cat?post=39237"},{"taxonomy":"product_tag","embeddable":true,"href":"https:\/\/dutchmicrodosing.com\/fr\/wp-json\/wp\/v2\/product_tag?post=39237"}],"curies":[{"name":"wp","href":"https:\/\/api.w.org\/{rel}","templated":true}]}}