{"id":39294,"date":"2024-05-12T19:44:12","date_gmt":"2024-05-12T17:44:35","guid":{"rendered":"https:\/\/dutchmicrodosing.com\/shop\/non%20class\u00e9\/mondo-liquide-culture-spray\/"},"modified":"2025-02-20T14:25:11","modified_gmt":"2025-02-20T13:25:11","slug":"mondo-liquide-culture-spray","status":"publish","type":"product","link":"https:\/\/dutchmicrodosing.com\/fr\/magique-champignon-spores\/seringues-de-culture-liquide\/mondo-liquide-culture-spray\/","title":{"rendered":"Seringue pour culture liquide Mondo &#8211; 25 ML"},"content":{"rendered":"<p>Le produit <strong>Mondo Liquid Culture<\/strong> semble doubler efficacement le taux de colonisation des spores. Il suffit d&rsquo;injecter 1 ml de spores dans le flacon et de l&rsquo;agiter quotidiennement. Dans les 2 \u00e0 14 jours, vous pouvez observer la croissance du myc\u00e9lium. L&rsquo;un des principaux avantages de ce proc\u00e9d\u00e9 est qu&rsquo;il ne n\u00e9cessite pas d&rsquo;environnement st\u00e9rile. En outre, le produit se conserve jusqu&rsquo;\u00e0 un an \u00e0 une temp\u00e9rature comprise entre 4 et 6\u00b0C. Il s&rsquo;agit donc d&rsquo;une solution id\u00e9ale pour la production de masse, la conservation et les cultures commerciales. En d&rsquo;autres termes, Mondo Liquid Culture offre une m\u00e9thode simple et efficace pour cultiver et maintenir des cultures fongiques.<\/p>\n<h2>Marche \u00e0 suivre pour l&rsquo;utilisation d&rsquo;un flacon de culture liquide de spores :<\/h2>\n<ol>\n<li><strong>Pr\u00e9paration :<\/strong>\n<ul>\n<li>Assurez-vous que tous les mat\u00e9riaux et toutes les surfaces sont propres et st\u00e9riles.<\/li>\n<li>Un chiffon \u00e0 pression ou de l&rsquo;alcool peuvent \u00eatre utilis\u00e9s pour d\u00e9sinfecter les surfaces et les mains.<\/li>\n<\/ul>\n<\/li>\n<li><strong>Inoculation :<\/strong>\n<ul>\n<li>Ajoutez les spores au liquide contenu dans le flacon. Vous pouvez le faire \u00e0 l&rsquo;aide d&rsquo;une seringue st\u00e9rile.<\/li>\n<li>Fermez herm\u00e9tiquement le flacon pour \u00e9viter toute contamination.<\/li>\n<\/ul>\n<\/li>\n<li><strong>Incubation :<\/strong>\n<ul>\n<li>Placez la bouteille dans un endroit chaud et sombre (id\u00e9alement entre 21 et 27\u00b0C) pour permettre au myc\u00e9lium de se d\u00e9velopper.<\/li>\n<li>Agitez le flacon tous les jours pour favoriser la croissance du myc\u00e9lium et \u00e9viter qu&rsquo;il ne s&rsquo;agglutine.<\/li>\n<\/ul>\n<\/li>\n<li><strong>Utilisation :<\/strong>\n<ul>\n<li>Une fois que le myc\u00e9lium s&rsquo;est bien d\u00e9velopp\u00e9 (cela peut prendre plusieurs jours ou semaines), le liquide peut \u00eatre utilis\u00e9 pour inoculer le substrat.<\/li>\n<li>Utilisez une seringue st\u00e9rile pour aspirer une quantit\u00e9 de la culture liquide et l&rsquo;injecter dans le substrat st\u00e9rile.<\/li>\n<\/ul>\n<\/li>\n<\/ol>\n<h2>Avantages de la culture en milieu liquide :<\/h2>\n<ul>\n<li><strong>Croissance plus rapide :<\/strong> le myc\u00e9lium dans un liquide a tendance \u00e0 se d\u00e9velopper plus rapidement que sur un substrat solide.<\/li>\n<li><strong>Facile \u00e0 multiplier :<\/strong> une petite quantit\u00e9 de culture liquide peut \u00eatre utilis\u00e9e pour inoculer plusieurs pots de substrat.<\/li>\n<li><strong>Moins de risques de contamination :<\/strong> Le liquide \u00e9tant st\u00e9rile, le risque de contamination par d&rsquo;autres micro-organismes est plus faible qu&rsquo;avec d&rsquo;autres m\u00e9thodes.<\/li>\n<\/ul>\n<h2>Contenu de votre flacon de culture liquide Mondo Spore Vial<\/h2>\n<ul>\n<li>Mondo Fiole de culture liquide 25ml<\/li>\n<li>Lingettes st\u00e9riles \u00e0 base d&rsquo;alcool<\/li>\n<li>Seringue st\u00e9rile avec aiguille de calibre 18<\/li>\n<\/ul>\n<h2>Stockage de votre flacon de culture liquide Mondo Spore bottle<\/h2>\n<p>Comme il s&rsquo;agit d&rsquo;un produit sensible, nous vous recommandons de placer le flacon de spores au r\u00e9frig\u00e9rateur imm\u00e9diatement apr\u00e8s r\u00e9ception pendant 24 heures \u00e0 une temp\u00e9rature comprise entre 2 et 8 degr\u00e9s avant de l&rsquo;utiliser.<\/p>\n","protected":false},"excerpt":{"rendered":"<p>Le produit Mondo Liquid Culture semble doubler efficacement le taux de colonisation des spores. Il suffit d&rsquo;injecter 1 ml de spores dans le flacon et de l&rsquo;agiter quotidiennement. Dans les 2 \u00e0 14 jours, vous pouvez observer la croissance du myc\u00e9lium. L&rsquo;un des principaux avantages de ce proc\u00e9d\u00e9 est qu&rsquo;il ne n\u00e9cessite pas d&rsquo;environnement st\u00e9rile. [&hellip;]<\/p>\n","protected":false},"featured_media":39299,"comment_status":"closed","ping_status":"closed","template":"","meta":[],"product_brand":[],"product_cat":[358],"product_tag":[],"class_list":{"0":"post-39294","1":"product","2":"type-product","3":"status-publish","4":"has-post-thumbnail","6":"product_cat-seringues-de-culture-liquide","8":"first","9":"outofstock","10":"taxable","11":"shipping-taxable","12":"purchasable","13":"product-type-simple"},"yoast_head":"<!-- This site is optimized with the Yoast SEO Premium plugin v26.4 (Yoast SEO v27.2) - https:\/\/yoast.com\/product\/yoast-seo-premium-wordpress\/ -->\n<title>Seringue pour culture liquide Mondo - 25 ML - Dutchmicrodosing<\/title>\n<meta name=\"description\" content=\"D\u00e9couvrez les avantages d&#039;un flacon de spores \u00e0 culture liquide pour une culture efficace du myc\u00e9lium dans la culture des champignons. Une germination plus rapide de vos spores de champignons !\" \/>\n<meta name=\"robots\" content=\"index, follow, max-snippet:-1, max-image-preview:large, max-video-preview:-1\" \/>\n<link rel=\"canonical\" href=\"https:\/\/dutchmicrodosing.com\/fr\/magique-champignon-spores\/seringues-de-culture-liquide\/mondo-liquide-culture-spray\/\" \/>\n<meta property=\"og:locale\" content=\"fr_FR\" \/>\n<meta property=\"og:type\" content=\"article\" \/>\n<meta property=\"og:title\" content=\"Seringue pour culture liquide Mondo - 25 ML\" \/>\n<meta property=\"og:description\" content=\"Le produit Mondo Liquid Culture semble doubler efficacement le taux de colonisation des spores. Il suffit d&#039;injecter 1 ml de spores dans le flacon et de\" \/>\n<meta property=\"og:url\" content=\"https:\/\/dutchmicrodosing.com\/fr\/magique-champignon-spores\/seringues-de-culture-liquide\/mondo-liquide-culture-spray\/\" \/>\n<meta property=\"og:site_name\" content=\"Dutchmicrodosing\" \/>\n<meta property=\"article:publisher\" content=\"https:\/\/www.facebook.com\/Dutchmicrodosingxp\/\" \/>\n<meta property=\"article:modified_time\" content=\"2025-02-20T13:25:11+00:00\" \/>\n<meta property=\"og:image\" content=\"https:\/\/dutchmicrodosing.com\/wp-content\/uploads\/2024\/05\/mushroom-grow-supplies-mondo-liquid-culture-vial-2.jpg\" \/>\n\t<meta property=\"og:image:width\" content=\"600\" \/>\n\t<meta property=\"og:image:height\" content=\"600\" \/>\n\t<meta property=\"og:image:type\" content=\"image\/jpeg\" \/>\n<meta name=\"twitter:card\" content=\"summary_large_image\" \/>\n<script type=\"application\/ld+json\" class=\"yoast-schema-graph\">{\"@context\":\"https:\/\/schema.org\",\"@graph\":[{\"@type\":\"WebPage\",\"@id\":\"https:\/\/dutchmicrodosing.com\/fr\/magique-champignon-spores\/seringues-de-culture-liquide\/mondo-liquide-culture-spray\/\",\"url\":\"https:\/\/dutchmicrodosing.com\/fr\/magique-champignon-spores\/seringues-de-culture-liquide\/mondo-liquide-culture-spray\/\",\"name\":\"Seringue pour culture liquide Mondo - 25 ML - Dutchmicrodosing\",\"isPartOf\":{\"@id\":\"https:\/\/dutchmicrodosing.com\/fr\/#website\"},\"primaryImageOfPage\":{\"@id\":\"https:\/\/dutchmicrodosing.com\/fr\/magique-champignon-spores\/seringues-de-culture-liquide\/mondo-liquide-culture-spray\/#primaryimage\"},\"image\":{\"@id\":\"https:\/\/dutchmicrodosing.com\/fr\/magique-champignon-spores\/seringues-de-culture-liquide\/mondo-liquide-culture-spray\/#primaryimage\"},\"thumbnailUrl\":\"https:\/\/dutchmicrodosing.com\/wp-content\/uploads\/2024\/05\/mushroom-grow-supplies-mondo-liquid-culture-vial-2.jpg\",\"datePublished\":\"2024-05-12T17:44:35+00:00\",\"dateModified\":\"2025-02-20T13:25:11+00:00\",\"description\":\"D\u00e9couvrez les avantages d'un flacon de spores \u00e0 culture liquide pour une culture efficace du myc\u00e9lium dans la culture des champignons. Une germination plus rapide de vos spores de champignons !\",\"breadcrumb\":{\"@id\":\"https:\/\/dutchmicrodosing.com\/fr\/magique-champignon-spores\/seringues-de-culture-liquide\/mondo-liquide-culture-spray\/#breadcrumb\"},\"inLanguage\":\"fr-FR\",\"potentialAction\":[{\"@type\":\"ReadAction\",\"target\":[\"https:\/\/dutchmicrodosing.com\/fr\/magique-champignon-spores\/seringues-de-culture-liquide\/mondo-liquide-culture-spray\/\"]}]},{\"@type\":\"ImageObject\",\"inLanguage\":\"fr-FR\",\"@id\":\"https:\/\/dutchmicrodosing.com\/fr\/magique-champignon-spores\/seringues-de-culture-liquide\/mondo-liquide-culture-spray\/#primaryimage\",\"url\":\"https:\/\/dutchmicrodosing.com\/wp-content\/uploads\/2024\/05\/mushroom-grow-supplies-mondo-liquid-culture-vial-2.jpg\",\"contentUrl\":\"https:\/\/dutchmicrodosing.com\/wp-content\/uploads\/2024\/05\/mushroom-grow-supplies-mondo-liquid-culture-vial-2.jpg\",\"width\":600,\"height\":600},{\"@type\":\"BreadcrumbList\",\"@id\":\"https:\/\/dutchmicrodosing.com\/fr\/magique-champignon-spores\/seringues-de-culture-liquide\/mondo-liquide-culture-spray\/#breadcrumb\",\"itemListElement\":[{\"@type\":\"ListItem\",\"position\":1,\"name\":\"Home\",\"item\":\"https:\/\/dutchmicrodosing.com\/fr\/\"},{\"@type\":\"ListItem\",\"position\":2,\"name\":\"Boutique\",\"item\":\"https:\/\/dutchmicrodosing.com\/fr\/boutique\/\"},{\"@type\":\"ListItem\",\"position\":3,\"name\":\"Seringue pour culture liquide Mondo &#8211; 25 ML\"}]},{\"@type\":\"WebSite\",\"@id\":\"https:\/\/dutchmicrodosing.com\/fr\/#website\",\"url\":\"https:\/\/dutchmicrodosing.com\/fr\/\",\"name\":\"Dutchmicrodosing\",\"description\":\"\",\"publisher\":{\"@id\":\"https:\/\/dutchmicrodosing.com\/fr\/#organization\"},\"potentialAction\":[{\"@type\":\"SearchAction\",\"target\":{\"@type\":\"EntryPoint\",\"urlTemplate\":\"https:\/\/dutchmicrodosing.com\/fr\/?s={search_term_string}\"},\"query-input\":{\"@type\":\"PropertyValueSpecification\",\"valueRequired\":true,\"valueName\":\"search_term_string\"}}],\"inLanguage\":\"fr-FR\"},{\"@type\":\"Organization\",\"@id\":\"https:\/\/dutchmicrodosing.com\/fr\/#organization\",\"name\":\"Dutchmicrodosing\",\"url\":\"https:\/\/dutchmicrodosing.com\/fr\/\",\"logo\":{\"@type\":\"ImageObject\",\"inLanguage\":\"fr-FR\",\"@id\":\"https:\/\/dutchmicrodosing.com\/fr\/#\/schema\/logo\/image\/\",\"url\":\"https:\/\/dutchmicrodosing.com\/wp-content\/uploads\/2021\/01\/microdosing-categorie-pic-nieuw.jpg\",\"contentUrl\":\"https:\/\/dutchmicrodosing.com\/wp-content\/uploads\/2021\/01\/microdosing-categorie-pic-nieuw.jpg\",\"width\":500,\"height\":500,\"caption\":\"Dutchmicrodosing\"},\"image\":{\"@id\":\"https:\/\/dutchmicrodosing.com\/fr\/#\/schema\/logo\/image\/\"},\"sameAs\":[\"https:\/\/www.facebook.com\/Dutchmicrodosingxp\/\",\"https:\/\/www.instagram.com\/dutchmicrodosing\/\"]}]}<\/script>\n<meta property=\"product:price:amount\" content=\"16.95\" \/>\n<meta property=\"product:price:currency\" content=\"EUR\" \/>\n<meta property=\"og:availability\" content=\"out of stock\" \/>\n<meta property=\"product:availability\" content=\"out of stock\" \/>\n<meta property=\"product:retailer_item_id\" content=\"0212192\" \/>\n<meta property=\"product:condition\" content=\"new\" \/>\n<!-- \/ Yoast SEO Premium plugin. -->","yoast_head_json":{"title":"Seringue pour culture liquide Mondo - 25 ML - Dutchmicrodosing","description":"D\u00e9couvrez les avantages d'un flacon de spores \u00e0 culture liquide pour une culture efficace du myc\u00e9lium dans la culture des champignons. Une germination plus rapide de vos spores de champignons !","robots":{"index":"index","follow":"follow","max-snippet":"max-snippet:-1","max-image-preview":"max-image-preview:large","max-video-preview":"max-video-preview:-1"},"canonical":"https:\/\/dutchmicrodosing.com\/fr\/magique-champignon-spores\/seringues-de-culture-liquide\/mondo-liquide-culture-spray\/","og_locale":"fr_FR","og_type":"article","og_title":"Seringue pour culture liquide Mondo - 25 ML","og_description":"Le produit Mondo Liquid Culture semble doubler efficacement le taux de colonisation des spores. Il suffit d'injecter 1 ml de spores dans le flacon et de","og_url":"https:\/\/dutchmicrodosing.com\/fr\/magique-champignon-spores\/seringues-de-culture-liquide\/mondo-liquide-culture-spray\/","og_site_name":"Dutchmicrodosing","article_publisher":"https:\/\/www.facebook.com\/Dutchmicrodosingxp\/","article_modified_time":"2025-02-20T13:25:11+00:00","og_image":[{"width":600,"height":600,"url":"https:\/\/dutchmicrodosing.com\/wp-content\/uploads\/2024\/05\/mushroom-grow-supplies-mondo-liquid-culture-vial-2.jpg","type":"image\/jpeg"}],"twitter_card":"summary_large_image","schema":{"@context":"https:\/\/schema.org","@graph":[{"@type":"WebPage","@id":"https:\/\/dutchmicrodosing.com\/fr\/magique-champignon-spores\/seringues-de-culture-liquide\/mondo-liquide-culture-spray\/","url":"https:\/\/dutchmicrodosing.com\/fr\/magique-champignon-spores\/seringues-de-culture-liquide\/mondo-liquide-culture-spray\/","name":"Seringue pour culture liquide Mondo - 25 ML - Dutchmicrodosing","isPartOf":{"@id":"https:\/\/dutchmicrodosing.com\/fr\/#website"},"primaryImageOfPage":{"@id":"https:\/\/dutchmicrodosing.com\/fr\/magique-champignon-spores\/seringues-de-culture-liquide\/mondo-liquide-culture-spray\/#primaryimage"},"image":{"@id":"https:\/\/dutchmicrodosing.com\/fr\/magique-champignon-spores\/seringues-de-culture-liquide\/mondo-liquide-culture-spray\/#primaryimage"},"thumbnailUrl":"https:\/\/dutchmicrodosing.com\/wp-content\/uploads\/2024\/05\/mushroom-grow-supplies-mondo-liquid-culture-vial-2.jpg","datePublished":"2024-05-12T17:44:35+00:00","dateModified":"2025-02-20T13:25:11+00:00","description":"D\u00e9couvrez les avantages d'un flacon de spores \u00e0 culture liquide pour une culture efficace du myc\u00e9lium dans la culture des champignons. Une germination plus rapide de vos spores de champignons !","breadcrumb":{"@id":"https:\/\/dutchmicrodosing.com\/fr\/magique-champignon-spores\/seringues-de-culture-liquide\/mondo-liquide-culture-spray\/#breadcrumb"},"inLanguage":"fr-FR","potentialAction":[{"@type":"ReadAction","target":["https:\/\/dutchmicrodosing.com\/fr\/magique-champignon-spores\/seringues-de-culture-liquide\/mondo-liquide-culture-spray\/"]}]},{"@type":"ImageObject","inLanguage":"fr-FR","@id":"https:\/\/dutchmicrodosing.com\/fr\/magique-champignon-spores\/seringues-de-culture-liquide\/mondo-liquide-culture-spray\/#primaryimage","url":"https:\/\/dutchmicrodosing.com\/wp-content\/uploads\/2024\/05\/mushroom-grow-supplies-mondo-liquid-culture-vial-2.jpg","contentUrl":"https:\/\/dutchmicrodosing.com\/wp-content\/uploads\/2024\/05\/mushroom-grow-supplies-mondo-liquid-culture-vial-2.jpg","width":600,"height":600},{"@type":"BreadcrumbList","@id":"https:\/\/dutchmicrodosing.com\/fr\/magique-champignon-spores\/seringues-de-culture-liquide\/mondo-liquide-culture-spray\/#breadcrumb","itemListElement":[{"@type":"ListItem","position":1,"name":"Home","item":"https:\/\/dutchmicrodosing.com\/fr\/"},{"@type":"ListItem","position":2,"name":"Boutique","item":"https:\/\/dutchmicrodosing.com\/fr\/boutique\/"},{"@type":"ListItem","position":3,"name":"Seringue pour culture liquide Mondo &#8211; 25 ML"}]},{"@type":"WebSite","@id":"https:\/\/dutchmicrodosing.com\/fr\/#website","url":"https:\/\/dutchmicrodosing.com\/fr\/","name":"Dutchmicrodosing","description":"","publisher":{"@id":"https:\/\/dutchmicrodosing.com\/fr\/#organization"},"potentialAction":[{"@type":"SearchAction","target":{"@type":"EntryPoint","urlTemplate":"https:\/\/dutchmicrodosing.com\/fr\/?s={search_term_string}"},"query-input":{"@type":"PropertyValueSpecification","valueRequired":true,"valueName":"search_term_string"}}],"inLanguage":"fr-FR"},{"@type":"Organization","@id":"https:\/\/dutchmicrodosing.com\/fr\/#organization","name":"Dutchmicrodosing","url":"https:\/\/dutchmicrodosing.com\/fr\/","logo":{"@type":"ImageObject","inLanguage":"fr-FR","@id":"https:\/\/dutchmicrodosing.com\/fr\/#\/schema\/logo\/image\/","url":"https:\/\/dutchmicrodosing.com\/wp-content\/uploads\/2021\/01\/microdosing-categorie-pic-nieuw.jpg","contentUrl":"https:\/\/dutchmicrodosing.com\/wp-content\/uploads\/2021\/01\/microdosing-categorie-pic-nieuw.jpg","width":500,"height":500,"caption":"Dutchmicrodosing"},"image":{"@id":"https:\/\/dutchmicrodosing.com\/fr\/#\/schema\/logo\/image\/"},"sameAs":["https:\/\/www.facebook.com\/Dutchmicrodosingxp\/","https:\/\/www.instagram.com\/dutchmicrodosing\/"]}]},"product_price_amount":"16.95","product_price_currency":"EUR","og_availability":"out of stock","product_availability":"out of stock","product_retailer_item_id":"0212192","product_condition":"new"},"_links":{"self":[{"href":"https:\/\/dutchmicrodosing.com\/fr\/wp-json\/wp\/v2\/product\/39294","targetHints":{"allow":["GET"]}}],"collection":[{"href":"https:\/\/dutchmicrodosing.com\/fr\/wp-json\/wp\/v2\/product"}],"about":[{"href":"https:\/\/dutchmicrodosing.com\/fr\/wp-json\/wp\/v2\/types\/product"}],"replies":[{"embeddable":true,"href":"https:\/\/dutchmicrodosing.com\/fr\/wp-json\/wp\/v2\/comments?post=39294"}],"version-history":[{"count":0,"href":"https:\/\/dutchmicrodosing.com\/fr\/wp-json\/wp\/v2\/product\/39294\/revisions"}],"wp:featuredmedia":[{"embeddable":true,"href":"https:\/\/dutchmicrodosing.com\/fr\/wp-json\/wp\/v2\/media\/39299"}],"wp:attachment":[{"href":"https:\/\/dutchmicrodosing.com\/fr\/wp-json\/wp\/v2\/media?parent=39294"}],"wp:term":[{"taxonomy":"product_brand","embeddable":true,"href":"https:\/\/dutchmicrodosing.com\/fr\/wp-json\/wp\/v2\/product_brand?post=39294"},{"taxonomy":"product_cat","embeddable":true,"href":"https:\/\/dutchmicrodosing.com\/fr\/wp-json\/wp\/v2\/product_cat?post=39294"},{"taxonomy":"product_tag","embeddable":true,"href":"https:\/\/dutchmicrodosing.com\/fr\/wp-json\/wp\/v2\/product_tag?post=39294"}],"curies":[{"name":"wp","href":"https:\/\/api.w.org\/{rel}","templated":true}]}}